{"id":30121,"date":"2023-06-20T16:20:23","date_gmt":"2023-06-20T16:20:23","guid":{"rendered":"https:\/\/gloopbaby.com\/produto\/almofada-de-amamentacao-organic-green\/"},"modified":"2026-04-14T15:22:28","modified_gmt":"2026-04-14T15:22:28","slug":"almofada-de-amamentacao-organic-green","status":"publish","type":"product","link":"https:\/\/gloopbaby.com\/fr\/produit\/collections-fr\/organic-green-fr\/almofada-de-amamentacao-organic-green\/","title":{"rendered":"Coussin d&rsquo;allaitement Organic Green"},"content":{"rendered":"<p><span class=\"Y2IQFc\" lang=\"fr\">Le coussin d&rsquo;allaitement gloop! offre un confort optimal pendant l&rsquo;allaitement. Il peut \u00e9galement \u00eatre utilis\u00e9 par la maman pendant la grossesse. Son ext\u00e9rieur est en coton 100% biologique certifi\u00e9 et son int\u00e9rieur en polyester, assurant un soutien confortable et s\u00e9curis\u00e9 pour la maman et le b\u00e9b\u00e9. Fabriqu\u00e9 au Portugal, ce coussin de 160x30cm est id\u00e9al pour les moments d&rsquo;allaitement et extr\u00eamement doux pour la peau sensible de b\u00e9b\u00e9. <\/span><\/p>\n<p><span class=\"Y2IQFc\" lang=\"fr\"><strong>Caract\u00e9ristiques principales:<\/strong> <\/span><\/p>\n<p><span class=\"Y2IQFc\" lang=\"fr\">Facile \u00e0 laver: housse amovible. <\/span><\/p>\n<p><span class=\"Y2IQFc\" lang=\"fr\">Dimensions: 160x30cm <\/span><\/p>\n<p><span class=\"Y2IQFc\" lang=\"fr\">Ext\u00e9rieur: 100% coton biologique certifi\u00e9 <\/span><\/p>\n<p><span class=\"Y2IQFc\" lang=\"fr\">Int\u00e9rieur: 100% polyester <\/span><\/p>\n<p><span class=\"Y2IQFc\" lang=\"fr\">Fabriqu\u00e9 au Portugal <\/span><\/p>\n<p><span class=\"Y2IQFc\" lang=\"fr\">Un accessoire indispensable et polyvalent pour la trousse de naissance, alliant design exclusif, qualit\u00e9 et durabilit\u00e9. <\/span><\/p>\n<p><span class=\"Y2IQFc\" lang=\"fr\">Produit \u00e9cologique, sans substances chimiques nocives. Id\u00e9al pour les parents soucieux du bien-\u00eatre de leur b\u00e9b\u00e9 et de la plan\u00e8te.<\/span><\/p>\n","protected":false},"excerpt":{"rendered":"<p>Le coussin d&rsquo;allaitement gloop! offre un confort optimal pendant l&rsquo;allaitement. Il peut \u00e9galement \u00eatre utilis\u00e9 par la maman pendant la grossesse. Son ext\u00e9rieur est en coton 100% biologique certifi\u00e9 et son int\u00e9rieur en polyester, assurant un soutien confortable et s\u00e9curis\u00e9 pour la maman et le b\u00e9b\u00e9. Fabriqu\u00e9 au Portugal, ce coussin de 160x30cm est id\u00e9al [&hellip;]<\/p>\n","protected":false},"featured_media":37428,"comment_status":"closed","ping_status":"closed","template":"","meta":{"_acf_changed":false},"product_brand":[],"product_cat":[1448,1404,1582,1449,1572],"product_tag":[],"class_list":{"0":"post-30121","1":"product","2":"type-product","3":"status-publish","4":"has-post-thumbnail","6":"product_cat-allaitement-fr","7":"product_cat-bain-et-nursery-fr","8":"product_cat-collections-fr","9":"product_cat-coussin-dallaitement-fr","10":"product_cat-organic-green-fr","12":"first","13":"instock","14":"taxable","15":"shipping-taxable","16":"purchasable","17":"product-type-simple"},"acf":[],"yoast_head":"<!-- This site is optimized with the Yoast SEO plugin v27.4 - https:\/\/yoast.com\/product\/yoast-seo-wordpress\/ -->\n<title>Coussin d&#039;allaitement Organic Green - Gloop Baby<\/title>\n<meta name=\"robots\" content=\"index, follow, max-snippet:-1, max-image-preview:large, max-video-preview:-1\" \/>\n<link rel=\"canonical\" href=\"https:\/\/gloopbaby.com\/fr\/produit\/collections-fr\/organic-green-fr\/almofada-de-amamentacao-organic-green\/\" \/>\n<meta property=\"og:locale\" content=\"fr_FR\" \/>\n<meta property=\"og:type\" content=\"article\" \/>\n<meta property=\"og:title\" content=\"Coussin d&#039;allaitement Organic Green - Gloop Baby\" \/>\n<meta property=\"og:description\" content=\"Le coussin d&rsquo;allaitement gloop! offre un confort optimal pendant l&rsquo;allaitement. Il peut \u00e9galement \u00eatre utilis\u00e9 par la maman pendant la grossesse. Son ext\u00e9rieur est en coton 100% biologique certifi\u00e9 et son int\u00e9rieur en polyester, assurant un soutien confortable et s\u00e9curis\u00e9 pour la maman et le b\u00e9b\u00e9. Fabriqu\u00e9 au Portugal, ce coussin de 160x30cm est id\u00e9al [&hellip;]\" \/>\n<meta property=\"og:url\" content=\"https:\/\/gloopbaby.com\/fr\/produit\/collections-fr\/organic-green-fr\/almofada-de-amamentacao-organic-green\/\" \/>\n<meta property=\"og:site_name\" content=\"Gloop Baby\" \/>\n<meta property=\"article:modified_time\" content=\"2026-04-14T15:22:28+00:00\" \/>\n<meta property=\"og:image\" content=\"https:\/\/gloopbaby.com\/wp-content\/uploads\/2023\/06\/almofada-amam-organic-green.jpg\" \/>\n\t<meta property=\"og:image:width\" content=\"1000\" \/>\n\t<meta property=\"og:image:height\" content=\"1500\" \/>\n\t<meta property=\"og:image:type\" content=\"image\/jpeg\" \/>\n<meta name=\"twitter:card\" content=\"summary_large_image\" \/>\n<meta name=\"twitter:label1\" content=\"Dur\u00e9e de lecture estim\u00e9e\" \/>\n\t<meta name=\"twitter:data1\" content=\"1 minute\" \/>\n<script type=\"application\/ld+json\" class=\"yoast-schema-graph\">{\"@context\":\"https:\\\/\\\/schema.org\",\"@graph\":[{\"@type\":\"WebPage\",\"@id\":\"https:\\\/\\\/gloopbaby.com\\\/fr\\\/produit\\\/collections-fr\\\/organic-green-fr\\\/almofada-de-amamentacao-organic-green\\\/\",\"url\":\"https:\\\/\\\/gloopbaby.com\\\/fr\\\/produit\\\/collections-fr\\\/organic-green-fr\\\/almofada-de-amamentacao-organic-green\\\/\",\"name\":\"Coussin d'allaitement Organic Green - Gloop Baby\",\"isPartOf\":{\"@id\":\"https:\\\/\\\/gloopbaby.com\\\/fr\\\/#website\"},\"primaryImageOfPage\":{\"@id\":\"https:\\\/\\\/gloopbaby.com\\\/fr\\\/produit\\\/collections-fr\\\/organic-green-fr\\\/almofada-de-amamentacao-organic-green\\\/#primaryimage\"},\"image\":{\"@id\":\"https:\\\/\\\/gloopbaby.com\\\/fr\\\/produit\\\/collections-fr\\\/organic-green-fr\\\/almofada-de-amamentacao-organic-green\\\/#primaryimage\"},\"thumbnailUrl\":\"https:\\\/\\\/gloopbaby.com\\\/wp-content\\\/uploads\\\/2023\\\/06\\\/almofada-amam-organic-green.jpg\",\"datePublished\":\"2023-06-20T16:20:23+00:00\",\"dateModified\":\"2026-04-14T15:22:28+00:00\",\"breadcrumb\":{\"@id\":\"https:\\\/\\\/gloopbaby.com\\\/fr\\\/produit\\\/collections-fr\\\/organic-green-fr\\\/almofada-de-amamentacao-organic-green\\\/#breadcrumb\"},\"inLanguage\":\"fr-FR\",\"potentialAction\":[{\"@type\":\"ReadAction\",\"target\":[\"https:\\\/\\\/gloopbaby.com\\\/fr\\\/produit\\\/collections-fr\\\/organic-green-fr\\\/almofada-de-amamentacao-organic-green\\\/\"]}]},{\"@type\":\"ImageObject\",\"inLanguage\":\"fr-FR\",\"@id\":\"https:\\\/\\\/gloopbaby.com\\\/fr\\\/produit\\\/collections-fr\\\/organic-green-fr\\\/almofada-de-amamentacao-organic-green\\\/#primaryimage\",\"url\":\"https:\\\/\\\/gloopbaby.com\\\/wp-content\\\/uploads\\\/2023\\\/06\\\/almofada-amam-organic-green.jpg\",\"contentUrl\":\"https:\\\/\\\/gloopbaby.com\\\/wp-content\\\/uploads\\\/2023\\\/06\\\/almofada-amam-organic-green.jpg\",\"width\":1000,\"height\":1500,\"caption\":\"Almofada amamenta\u00e7\u00e3o em algod\u00e3o org\u00e2nico Organic Green\"},{\"@type\":\"BreadcrumbList\",\"@id\":\"https:\\\/\\\/gloopbaby.com\\\/fr\\\/produit\\\/collections-fr\\\/organic-green-fr\\\/almofada-de-amamentacao-organic-green\\\/#breadcrumb\",\"itemListElement\":[{\"@type\":\"ListItem\",\"position\":1,\"name\":\"In\u00edcio\",\"item\":\"https:\\\/\\\/gloopbaby.com\\\/fr\\\/\"},{\"@type\":\"ListItem\",\"position\":2,\"name\":\"Shop\",\"item\":\"https:\\\/\\\/gloopbaby.com\\\/loja\\\/\"},{\"@type\":\"ListItem\",\"position\":3,\"name\":\"Coussin d&#8217;allaitement Organic Green\"}]},{\"@type\":\"WebSite\",\"@id\":\"https:\\\/\\\/gloopbaby.com\\\/fr\\\/#website\",\"url\":\"https:\\\/\\\/gloopbaby.com\\\/fr\\\/\",\"name\":\"Gloop Baby\",\"description\":\"\",\"publisher\":{\"@id\":\"https:\\\/\\\/gloopbaby.com\\\/fr\\\/#organization\"},\"potentialAction\":[{\"@type\":\"SearchAction\",\"target\":{\"@type\":\"EntryPoint\",\"urlTemplate\":\"https:\\\/\\\/gloopbaby.com\\\/fr\\\/?s={search_term_string}\"},\"query-input\":{\"@type\":\"PropertyValueSpecification\",\"valueRequired\":true,\"valueName\":\"search_term_string\"}}],\"inLanguage\":\"fr-FR\"},{\"@type\":\"Organization\",\"@id\":\"https:\\\/\\\/gloopbaby.com\\\/fr\\\/#organization\",\"name\":\"Gloop Baby\",\"url\":\"https:\\\/\\\/gloopbaby.com\\\/fr\\\/\",\"logo\":{\"@type\":\"ImageObject\",\"inLanguage\":\"fr-FR\",\"@id\":\"https:\\\/\\\/gloopbaby.com\\\/fr\\\/#\\\/schema\\\/logo\\\/image\\\/\",\"url\":\"https:\\\/\\\/gloopbaby.com\\\/wp-content\\\/uploads\\\/2023\\\/06\\\/gloop-logo.svg\",\"contentUrl\":\"https:\\\/\\\/gloopbaby.com\\\/wp-content\\\/uploads\\\/2023\\\/06\\\/gloop-logo.svg\",\"width\":100,\"height\":100,\"caption\":\"Gloop Baby\"},\"image\":{\"@id\":\"https:\\\/\\\/gloopbaby.com\\\/fr\\\/#\\\/schema\\\/logo\\\/image\\\/\"}}]}<\/script>\n<!-- \/ Yoast SEO plugin. -->","yoast_head_json":{"title":"Coussin d'allaitement Organic Green - Gloop Baby","robots":{"index":"index","follow":"follow","max-snippet":"max-snippet:-1","max-image-preview":"max-image-preview:large","max-video-preview":"max-video-preview:-1"},"canonical":"https:\/\/gloopbaby.com\/fr\/produit\/collections-fr\/organic-green-fr\/almofada-de-amamentacao-organic-green\/","og_locale":"fr_FR","og_type":"article","og_title":"Coussin d'allaitement Organic Green - Gloop Baby","og_description":"Le coussin d&rsquo;allaitement gloop! offre un confort optimal pendant l&rsquo;allaitement. Il peut \u00e9galement \u00eatre utilis\u00e9 par la maman pendant la grossesse. Son ext\u00e9rieur est en coton 100% biologique certifi\u00e9 et son int\u00e9rieur en polyester, assurant un soutien confortable et s\u00e9curis\u00e9 pour la maman et le b\u00e9b\u00e9. Fabriqu\u00e9 au Portugal, ce coussin de 160x30cm est id\u00e9al [&hellip;]","og_url":"https:\/\/gloopbaby.com\/fr\/produit\/collections-fr\/organic-green-fr\/almofada-de-amamentacao-organic-green\/","og_site_name":"Gloop Baby","article_modified_time":"2026-04-14T15:22:28+00:00","og_image":[{"width":1000,"height":1500,"url":"https:\/\/gloopbaby.com\/wp-content\/uploads\/2023\/06\/almofada-amam-organic-green.jpg","type":"image\/jpeg"}],"twitter_card":"summary_large_image","twitter_misc":{"Dur\u00e9e de lecture estim\u00e9e":"1 minute"},"schema":{"@context":"https:\/\/schema.org","@graph":[{"@type":"WebPage","@id":"https:\/\/gloopbaby.com\/fr\/produit\/collections-fr\/organic-green-fr\/almofada-de-amamentacao-organic-green\/","url":"https:\/\/gloopbaby.com\/fr\/produit\/collections-fr\/organic-green-fr\/almofada-de-amamentacao-organic-green\/","name":"Coussin d'allaitement Organic Green - Gloop Baby","isPartOf":{"@id":"https:\/\/gloopbaby.com\/fr\/#website"},"primaryImageOfPage":{"@id":"https:\/\/gloopbaby.com\/fr\/produit\/collections-fr\/organic-green-fr\/almofada-de-amamentacao-organic-green\/#primaryimage"},"image":{"@id":"https:\/\/gloopbaby.com\/fr\/produit\/collections-fr\/organic-green-fr\/almofada-de-amamentacao-organic-green\/#primaryimage"},"thumbnailUrl":"https:\/\/gloopbaby.com\/wp-content\/uploads\/2023\/06\/almofada-amam-organic-green.jpg","datePublished":"2023-06-20T16:20:23+00:00","dateModified":"2026-04-14T15:22:28+00:00","breadcrumb":{"@id":"https:\/\/gloopbaby.com\/fr\/produit\/collections-fr\/organic-green-fr\/almofada-de-amamentacao-organic-green\/#breadcrumb"},"inLanguage":"fr-FR","potentialAction":[{"@type":"ReadAction","target":["https:\/\/gloopbaby.com\/fr\/produit\/collections-fr\/organic-green-fr\/almofada-de-amamentacao-organic-green\/"]}]},{"@type":"ImageObject","inLanguage":"fr-FR","@id":"https:\/\/gloopbaby.com\/fr\/produit\/collections-fr\/organic-green-fr\/almofada-de-amamentacao-organic-green\/#primaryimage","url":"https:\/\/gloopbaby.com\/wp-content\/uploads\/2023\/06\/almofada-amam-organic-green.jpg","contentUrl":"https:\/\/gloopbaby.com\/wp-content\/uploads\/2023\/06\/almofada-amam-organic-green.jpg","width":1000,"height":1500,"caption":"Almofada amamenta\u00e7\u00e3o em algod\u00e3o org\u00e2nico Organic Green"},{"@type":"BreadcrumbList","@id":"https:\/\/gloopbaby.com\/fr\/produit\/collections-fr\/organic-green-fr\/almofada-de-amamentacao-organic-green\/#breadcrumb","itemListElement":[{"@type":"ListItem","position":1,"name":"In\u00edcio","item":"https:\/\/gloopbaby.com\/fr\/"},{"@type":"ListItem","position":2,"name":"Shop","item":"https:\/\/gloopbaby.com\/loja\/"},{"@type":"ListItem","position":3,"name":"Coussin d&#8217;allaitement Organic Green"}]},{"@type":"WebSite","@id":"https:\/\/gloopbaby.com\/fr\/#website","url":"https:\/\/gloopbaby.com\/fr\/","name":"Gloop Baby","description":"","publisher":{"@id":"https:\/\/gloopbaby.com\/fr\/#organization"},"potentialAction":[{"@type":"SearchAction","target":{"@type":"EntryPoint","urlTemplate":"https:\/\/gloopbaby.com\/fr\/?s={search_term_string}"},"query-input":{"@type":"PropertyValueSpecification","valueRequired":true,"valueName":"search_term_string"}}],"inLanguage":"fr-FR"},{"@type":"Organization","@id":"https:\/\/gloopbaby.com\/fr\/#organization","name":"Gloop Baby","url":"https:\/\/gloopbaby.com\/fr\/","logo":{"@type":"ImageObject","inLanguage":"fr-FR","@id":"https:\/\/gloopbaby.com\/fr\/#\/schema\/logo\/image\/","url":"https:\/\/gloopbaby.com\/wp-content\/uploads\/2023\/06\/gloop-logo.svg","contentUrl":"https:\/\/gloopbaby.com\/wp-content\/uploads\/2023\/06\/gloop-logo.svg","width":100,"height":100,"caption":"Gloop Baby"},"image":{"@id":"https:\/\/gloopbaby.com\/fr\/#\/schema\/logo\/image\/"}}]}},"_links":{"self":[{"href":"https:\/\/gloopbaby.com\/fr\/wp-json\/wp\/v2\/product\/30121","targetHints":{"allow":["GET"]}}],"collection":[{"href":"https:\/\/gloopbaby.com\/fr\/wp-json\/wp\/v2\/product"}],"about":[{"href":"https:\/\/gloopbaby.com\/fr\/wp-json\/wp\/v2\/types\/product"}],"replies":[{"embeddable":true,"href":"https:\/\/gloopbaby.com\/fr\/wp-json\/wp\/v2\/comments?post=30121"}],"wp:featuredmedia":[{"embeddable":true,"href":"https:\/\/gloopbaby.com\/fr\/wp-json\/wp\/v2\/media\/37428"}],"wp:attachment":[{"href":"https:\/\/gloopbaby.com\/fr\/wp-json\/wp\/v2\/media?parent=30121"}],"wp:term":[{"taxonomy":"product_brand","embeddable":true,"href":"https:\/\/gloopbaby.com\/fr\/wp-json\/wp\/v2\/product_brand?post=30121"},{"taxonomy":"product_cat","embeddable":true,"href":"https:\/\/gloopbaby.com\/fr\/wp-json\/wp\/v2\/product_cat?post=30121"},{"taxonomy":"product_tag","embeddable":true,"href":"https:\/\/gloopbaby.com\/fr\/wp-json\/wp\/v2\/product_tag?post=30121"}],"curies":[{"name":"wp","href":"https:\/\/api.w.org\/{rel}","templated":true}]}}