{"id":30085,"date":"2023-06-20T16:21:54","date_gmt":"2023-06-20T16:21:54","guid":{"rendered":"https:\/\/gloopbaby.com\/produto\/capa-de-edredon-fronha-de-almofada-enchimento-organic-green\/"},"modified":"2026-04-13T10:55:28","modified_gmt":"2026-04-13T10:55:28","slug":"capa-de-edredon-fronha-de-almofada-enchimento-organic-green","status":"publish","type":"product","link":"https:\/\/gloopbaby.com\/fr\/produit\/collections-fr\/organic-green-fr\/capa-de-edredon-fronha-de-almofada-enchimento-organic-green\/","title":{"rendered":"Pack Housse de Couette + Remplissage + Taie d&rsquo;oreiller Organic Green"},"content":{"rendered":"<p><span class=\"Y2IQFc\" lang=\"fr\">La Housse de Couette, Remplissage et Taie d&rsquo;oreiller gloop! est id\u00e9ale pour assurer confort et bien-\u00eatre \u00e0 votre b\u00e9b\u00e9 pendant son sommeil. Gr\u00e2ce \u00e0 ses dimensions adapt\u00e9es \u00e0 la plupart des couettes et oreillers pour enfants, c&rsquo;est un choix pratique et \u00e9l\u00e9gant pour la chambre de b\u00e9b\u00e9. <\/span><\/p>\n<p><span class=\"Y2IQFc\" lang=\"fr\">Les pi\u00e8ces sont faciles \u00e0 s\u00e9parer et \u00e0 laver, simplifiant ainsi le quotidien des parents. Confectionn\u00e9e en coton 100% biologique certifi\u00e9, cette parure est sp\u00e9cialement con\u00e7ue pour les peaux sensibles, offrant un toucher doux, respirant et s\u00fbr. Son design fonctionnel facilite son utilisation quotidienne, assurant confort et protection \u00e0 b\u00e9b\u00e9. <\/span><\/p>\n<p><span class=\"Y2IQFc\" lang=\"fr\">Fabriqu\u00e9e au Portugal, dans le respect des plus hauts standards de qualit\u00e9 et de responsabilit\u00e9 environnementale. <\/span><\/p>\n<p><span class=\"Y2IQFc\" lang=\"fr\"><strong>Inclus:<\/strong> <\/span><\/p>\n<p><span class=\"Y2IQFc\" lang=\"fr\">1 housse de couette: 100x14cm <\/span><\/p>\n<p><span class=\"Y2IQFc\" lang=\"fr\">1 couette blanche: 100x14cm <\/span><\/p>\n<p><span class=\"Y2IQFc\" lang=\"fr\">1 taie d&rsquo;oreiller: 40x60cm <\/span><\/p>\n<p><span class=\"Y2IQFc\" lang=\"fr\"><strong>Caract\u00e9ristiques principales:<\/strong> <\/span><\/p>\n<p><span class=\"Y2IQFc\" lang=\"fr\">100% coton biologique certifi\u00e9 <\/span><\/p>\n<p><span class=\"Y2IQFc\" lang=\"fr\">Garnissage l\u00e9ger et confortable (polyester) <\/span><\/p>\n<p><span class=\"Y2IQFc\" lang=\"fr\">Doux, respirant et sans danger pour les b\u00e9b\u00e9s <\/span><\/p>\n<p><span class=\"Y2IQFc\" lang=\"fr\">Compatible avec la plupart des couettes et oreillers <\/span><\/p>\n<p><span class=\"Y2IQFc\" lang=\"fr\">Facile d&rsquo;entretien <\/span><\/p>\n<p><span class=\"Y2IQFc\" lang=\"fr\">Fabriqu\u00e9 au Portugal <\/span><\/p>\n<p><span class=\"Y2IQFc\" lang=\"fr\">Offrez \u00e0 votre b\u00e9b\u00e9 des nuits paisibles et confortables avec cet ensemble naturel et durable!<\/span><\/p>\n","protected":false},"excerpt":{"rendered":"<p>La Housse de Couette, Remplissage et Taie d&rsquo;oreiller gloop! est id\u00e9ale pour assurer confort et bien-\u00eatre \u00e0 votre b\u00e9b\u00e9 pendant son sommeil. Gr\u00e2ce \u00e0 ses dimensions adapt\u00e9es \u00e0 la plupart des couettes et oreillers pour enfants, c&rsquo;est un choix pratique et \u00e9l\u00e9gant pour la chambre de b\u00e9b\u00e9. Les pi\u00e8ces sont faciles \u00e0 s\u00e9parer et \u00e0 [&hellip;]<\/p>\n","protected":false},"featured_media":37357,"comment_status":"closed","ping_status":"closed","template":"","meta":{"_acf_changed":false},"product_brand":[],"product_cat":[1582,1518,1512,1478,1572,1519],"product_tag":[],"class_list":{"0":"post-30085","1":"product","2":"type-product","3":"status-publish","4":"has-post-thumbnail","6":"product_cat-collections-fr","7":"product_cat-couette-fr","8":"product_cat-lit-fr","9":"product_cat-home-and-sleep-fr","10":"product_cat-organic-green-fr","11":"product_cat-pack-housse-de-couette-fr","13":"first","14":"instock","15":"taxable","16":"shipping-taxable","17":"purchasable","18":"product-type-simple"},"acf":[],"yoast_head":"<!-- This site is optimized with the Yoast SEO plugin v27.3 - https:\/\/yoast.com\/product\/yoast-seo-wordpress\/ -->\n<title>Pack Housse de Couette + Remplissage + Taie d&#039;oreiller Organic Green - Gloop Baby<\/title>\n<meta name=\"robots\" content=\"index, follow, max-snippet:-1, max-image-preview:large, max-video-preview:-1\" \/>\n<link rel=\"canonical\" href=\"https:\/\/gloopbaby.com\/fr\/produit\/collections-fr\/organic-green-fr\/capa-de-edredon-fronha-de-almofada-enchimento-organic-green\/\" \/>\n<meta property=\"og:locale\" content=\"fr_FR\" \/>\n<meta property=\"og:type\" content=\"article\" \/>\n<meta property=\"og:title\" content=\"Pack Housse de Couette + Remplissage + Taie d&#039;oreiller Organic Green - Gloop Baby\" \/>\n<meta property=\"og:description\" content=\"La Housse de Couette, Remplissage et Taie d&rsquo;oreiller gloop! est id\u00e9ale pour assurer confort et bien-\u00eatre \u00e0 votre b\u00e9b\u00e9 pendant son sommeil. Gr\u00e2ce \u00e0 ses dimensions adapt\u00e9es \u00e0 la plupart des couettes et oreillers pour enfants, c&rsquo;est un choix pratique et \u00e9l\u00e9gant pour la chambre de b\u00e9b\u00e9. Les pi\u00e8ces sont faciles \u00e0 s\u00e9parer et \u00e0 [&hellip;]\" \/>\n<meta property=\"og:url\" content=\"https:\/\/gloopbaby.com\/fr\/produit\/collections-fr\/organic-green-fr\/capa-de-edredon-fronha-de-almofada-enchimento-organic-green\/\" \/>\n<meta property=\"og:site_name\" content=\"Gloop Baby\" \/>\n<meta property=\"article:modified_time\" content=\"2026-04-13T10:55:28+00:00\" \/>\n<meta property=\"og:image\" content=\"https:\/\/gloopbaby.com\/wp-content\/uploads\/2023\/06\/edredon-organic-green.jpg\" \/>\n\t<meta property=\"og:image:width\" content=\"1000\" \/>\n\t<meta property=\"og:image:height\" content=\"1500\" \/>\n\t<meta property=\"og:image:type\" content=\"image\/jpeg\" \/>\n<meta name=\"twitter:card\" content=\"summary_large_image\" \/>\n<meta name=\"twitter:label1\" content=\"Dur\u00e9e de lecture estim\u00e9e\" \/>\n\t<meta name=\"twitter:data1\" content=\"2 minutes\" \/>\n<script type=\"application\/ld+json\" class=\"yoast-schema-graph\">{\"@context\":\"https:\\\/\\\/schema.org\",\"@graph\":[{\"@type\":\"WebPage\",\"@id\":\"https:\\\/\\\/gloopbaby.com\\\/fr\\\/produit\\\/collections-fr\\\/organic-green-fr\\\/capa-de-edredon-fronha-de-almofada-enchimento-organic-green\\\/\",\"url\":\"https:\\\/\\\/gloopbaby.com\\\/fr\\\/produit\\\/collections-fr\\\/organic-green-fr\\\/capa-de-edredon-fronha-de-almofada-enchimento-organic-green\\\/\",\"name\":\"Pack Housse de Couette + Remplissage + Taie d'oreiller Organic Green - Gloop Baby\",\"isPartOf\":{\"@id\":\"https:\\\/\\\/gloopbaby.com\\\/fr\\\/#website\"},\"primaryImageOfPage\":{\"@id\":\"https:\\\/\\\/gloopbaby.com\\\/fr\\\/produit\\\/collections-fr\\\/organic-green-fr\\\/capa-de-edredon-fronha-de-almofada-enchimento-organic-green\\\/#primaryimage\"},\"image\":{\"@id\":\"https:\\\/\\\/gloopbaby.com\\\/fr\\\/produit\\\/collections-fr\\\/organic-green-fr\\\/capa-de-edredon-fronha-de-almofada-enchimento-organic-green\\\/#primaryimage\"},\"thumbnailUrl\":\"https:\\\/\\\/gloopbaby.com\\\/wp-content\\\/uploads\\\/2023\\\/06\\\/edredon-organic-green.jpg\",\"datePublished\":\"2023-06-20T16:21:54+00:00\",\"dateModified\":\"2026-04-13T10:55:28+00:00\",\"breadcrumb\":{\"@id\":\"https:\\\/\\\/gloopbaby.com\\\/fr\\\/produit\\\/collections-fr\\\/organic-green-fr\\\/capa-de-edredon-fronha-de-almofada-enchimento-organic-green\\\/#breadcrumb\"},\"inLanguage\":\"fr-FR\",\"potentialAction\":[{\"@type\":\"ReadAction\",\"target\":[\"https:\\\/\\\/gloopbaby.com\\\/fr\\\/produit\\\/collections-fr\\\/organic-green-fr\\\/capa-de-edredon-fronha-de-almofada-enchimento-organic-green\\\/\"]}]},{\"@type\":\"ImageObject\",\"inLanguage\":\"fr-FR\",\"@id\":\"https:\\\/\\\/gloopbaby.com\\\/fr\\\/produit\\\/collections-fr\\\/organic-green-fr\\\/capa-de-edredon-fronha-de-almofada-enchimento-organic-green\\\/#primaryimage\",\"url\":\"https:\\\/\\\/gloopbaby.com\\\/wp-content\\\/uploads\\\/2023\\\/06\\\/edredon-organic-green.jpg\",\"contentUrl\":\"https:\\\/\\\/gloopbaby.com\\\/wp-content\\\/uploads\\\/2023\\\/06\\\/edredon-organic-green.jpg\",\"width\":1000,\"height\":1500,\"caption\":\"Capa de edredon para beb\u00e9 com fronha gloop baby em algod\u00e3o biol\u00f3gico\"},{\"@type\":\"BreadcrumbList\",\"@id\":\"https:\\\/\\\/gloopbaby.com\\\/fr\\\/produit\\\/collections-fr\\\/organic-green-fr\\\/capa-de-edredon-fronha-de-almofada-enchimento-organic-green\\\/#breadcrumb\",\"itemListElement\":[{\"@type\":\"ListItem\",\"position\":1,\"name\":\"In\u00edcio\",\"item\":\"https:\\\/\\\/gloopbaby.com\\\/fr\\\/\"},{\"@type\":\"ListItem\",\"position\":2,\"name\":\"Shop\",\"item\":\"https:\\\/\\\/gloopbaby.com\\\/loja\\\/\"},{\"@type\":\"ListItem\",\"position\":3,\"name\":\"Pack Housse de Couette + Remplissage + Taie d&#8217;oreiller Organic Green\"}]},{\"@type\":\"WebSite\",\"@id\":\"https:\\\/\\\/gloopbaby.com\\\/fr\\\/#website\",\"url\":\"https:\\\/\\\/gloopbaby.com\\\/fr\\\/\",\"name\":\"Gloop Baby\",\"description\":\"\",\"publisher\":{\"@id\":\"https:\\\/\\\/gloopbaby.com\\\/fr\\\/#organization\"},\"potentialAction\":[{\"@type\":\"SearchAction\",\"target\":{\"@type\":\"EntryPoint\",\"urlTemplate\":\"https:\\\/\\\/gloopbaby.com\\\/fr\\\/?s={search_term_string}\"},\"query-input\":{\"@type\":\"PropertyValueSpecification\",\"valueRequired\":true,\"valueName\":\"search_term_string\"}}],\"inLanguage\":\"fr-FR\"},{\"@type\":\"Organization\",\"@id\":\"https:\\\/\\\/gloopbaby.com\\\/fr\\\/#organization\",\"name\":\"Gloop Baby\",\"url\":\"https:\\\/\\\/gloopbaby.com\\\/fr\\\/\",\"logo\":{\"@type\":\"ImageObject\",\"inLanguage\":\"fr-FR\",\"@id\":\"https:\\\/\\\/gloopbaby.com\\\/fr\\\/#\\\/schema\\\/logo\\\/image\\\/\",\"url\":\"https:\\\/\\\/gloopbaby.com\\\/wp-content\\\/uploads\\\/2023\\\/06\\\/gloop-logo.svg\",\"contentUrl\":\"https:\\\/\\\/gloopbaby.com\\\/wp-content\\\/uploads\\\/2023\\\/06\\\/gloop-logo.svg\",\"width\":100,\"height\":100,\"caption\":\"Gloop Baby\"},\"image\":{\"@id\":\"https:\\\/\\\/gloopbaby.com\\\/fr\\\/#\\\/schema\\\/logo\\\/image\\\/\"}}]}<\/script>\n<!-- \/ Yoast SEO plugin. -->","yoast_head_json":{"title":"Pack Housse de Couette + Remplissage + Taie d'oreiller Organic Green - Gloop Baby","robots":{"index":"index","follow":"follow","max-snippet":"max-snippet:-1","max-image-preview":"max-image-preview:large","max-video-preview":"max-video-preview:-1"},"canonical":"https:\/\/gloopbaby.com\/fr\/produit\/collections-fr\/organic-green-fr\/capa-de-edredon-fronha-de-almofada-enchimento-organic-green\/","og_locale":"fr_FR","og_type":"article","og_title":"Pack Housse de Couette + Remplissage + Taie d'oreiller Organic Green - Gloop Baby","og_description":"La Housse de Couette, Remplissage et Taie d&rsquo;oreiller gloop! est id\u00e9ale pour assurer confort et bien-\u00eatre \u00e0 votre b\u00e9b\u00e9 pendant son sommeil. Gr\u00e2ce \u00e0 ses dimensions adapt\u00e9es \u00e0 la plupart des couettes et oreillers pour enfants, c&rsquo;est un choix pratique et \u00e9l\u00e9gant pour la chambre de b\u00e9b\u00e9. Les pi\u00e8ces sont faciles \u00e0 s\u00e9parer et \u00e0 [&hellip;]","og_url":"https:\/\/gloopbaby.com\/fr\/produit\/collections-fr\/organic-green-fr\/capa-de-edredon-fronha-de-almofada-enchimento-organic-green\/","og_site_name":"Gloop Baby","article_modified_time":"2026-04-13T10:55:28+00:00","og_image":[{"width":1000,"height":1500,"url":"https:\/\/gloopbaby.com\/wp-content\/uploads\/2023\/06\/edredon-organic-green.jpg","type":"image\/jpeg"}],"twitter_card":"summary_large_image","twitter_misc":{"Dur\u00e9e de lecture estim\u00e9e":"2 minutes"},"schema":{"@context":"https:\/\/schema.org","@graph":[{"@type":"WebPage","@id":"https:\/\/gloopbaby.com\/fr\/produit\/collections-fr\/organic-green-fr\/capa-de-edredon-fronha-de-almofada-enchimento-organic-green\/","url":"https:\/\/gloopbaby.com\/fr\/produit\/collections-fr\/organic-green-fr\/capa-de-edredon-fronha-de-almofada-enchimento-organic-green\/","name":"Pack Housse de Couette + Remplissage + Taie d'oreiller Organic Green - Gloop Baby","isPartOf":{"@id":"https:\/\/gloopbaby.com\/fr\/#website"},"primaryImageOfPage":{"@id":"https:\/\/gloopbaby.com\/fr\/produit\/collections-fr\/organic-green-fr\/capa-de-edredon-fronha-de-almofada-enchimento-organic-green\/#primaryimage"},"image":{"@id":"https:\/\/gloopbaby.com\/fr\/produit\/collections-fr\/organic-green-fr\/capa-de-edredon-fronha-de-almofada-enchimento-organic-green\/#primaryimage"},"thumbnailUrl":"https:\/\/gloopbaby.com\/wp-content\/uploads\/2023\/06\/edredon-organic-green.jpg","datePublished":"2023-06-20T16:21:54+00:00","dateModified":"2026-04-13T10:55:28+00:00","breadcrumb":{"@id":"https:\/\/gloopbaby.com\/fr\/produit\/collections-fr\/organic-green-fr\/capa-de-edredon-fronha-de-almofada-enchimento-organic-green\/#breadcrumb"},"inLanguage":"fr-FR","potentialAction":[{"@type":"ReadAction","target":["https:\/\/gloopbaby.com\/fr\/produit\/collections-fr\/organic-green-fr\/capa-de-edredon-fronha-de-almofada-enchimento-organic-green\/"]}]},{"@type":"ImageObject","inLanguage":"fr-FR","@id":"https:\/\/gloopbaby.com\/fr\/produit\/collections-fr\/organic-green-fr\/capa-de-edredon-fronha-de-almofada-enchimento-organic-green\/#primaryimage","url":"https:\/\/gloopbaby.com\/wp-content\/uploads\/2023\/06\/edredon-organic-green.jpg","contentUrl":"https:\/\/gloopbaby.com\/wp-content\/uploads\/2023\/06\/edredon-organic-green.jpg","width":1000,"height":1500,"caption":"Capa de edredon para beb\u00e9 com fronha gloop baby em algod\u00e3o biol\u00f3gico"},{"@type":"BreadcrumbList","@id":"https:\/\/gloopbaby.com\/fr\/produit\/collections-fr\/organic-green-fr\/capa-de-edredon-fronha-de-almofada-enchimento-organic-green\/#breadcrumb","itemListElement":[{"@type":"ListItem","position":1,"name":"In\u00edcio","item":"https:\/\/gloopbaby.com\/fr\/"},{"@type":"ListItem","position":2,"name":"Shop","item":"https:\/\/gloopbaby.com\/loja\/"},{"@type":"ListItem","position":3,"name":"Pack Housse de Couette + Remplissage + Taie d&#8217;oreiller Organic Green"}]},{"@type":"WebSite","@id":"https:\/\/gloopbaby.com\/fr\/#website","url":"https:\/\/gloopbaby.com\/fr\/","name":"Gloop Baby","description":"","publisher":{"@id":"https:\/\/gloopbaby.com\/fr\/#organization"},"potentialAction":[{"@type":"SearchAction","target":{"@type":"EntryPoint","urlTemplate":"https:\/\/gloopbaby.com\/fr\/?s={search_term_string}"},"query-input":{"@type":"PropertyValueSpecification","valueRequired":true,"valueName":"search_term_string"}}],"inLanguage":"fr-FR"},{"@type":"Organization","@id":"https:\/\/gloopbaby.com\/fr\/#organization","name":"Gloop Baby","url":"https:\/\/gloopbaby.com\/fr\/","logo":{"@type":"ImageObject","inLanguage":"fr-FR","@id":"https:\/\/gloopbaby.com\/fr\/#\/schema\/logo\/image\/","url":"https:\/\/gloopbaby.com\/wp-content\/uploads\/2023\/06\/gloop-logo.svg","contentUrl":"https:\/\/gloopbaby.com\/wp-content\/uploads\/2023\/06\/gloop-logo.svg","width":100,"height":100,"caption":"Gloop Baby"},"image":{"@id":"https:\/\/gloopbaby.com\/fr\/#\/schema\/logo\/image\/"}}]}},"_links":{"self":[{"href":"https:\/\/gloopbaby.com\/fr\/wp-json\/wp\/v2\/product\/30085","targetHints":{"allow":["GET"]}}],"collection":[{"href":"https:\/\/gloopbaby.com\/fr\/wp-json\/wp\/v2\/product"}],"about":[{"href":"https:\/\/gloopbaby.com\/fr\/wp-json\/wp\/v2\/types\/product"}],"replies":[{"embeddable":true,"href":"https:\/\/gloopbaby.com\/fr\/wp-json\/wp\/v2\/comments?post=30085"}],"wp:featuredmedia":[{"embeddable":true,"href":"https:\/\/gloopbaby.com\/fr\/wp-json\/wp\/v2\/media\/37357"}],"wp:attachment":[{"href":"https:\/\/gloopbaby.com\/fr\/wp-json\/wp\/v2\/media?parent=30085"}],"wp:term":[{"taxonomy":"product_brand","embeddable":true,"href":"https:\/\/gloopbaby.com\/fr\/wp-json\/wp\/v2\/product_brand?post=30085"},{"taxonomy":"product_cat","embeddable":true,"href":"https:\/\/gloopbaby.com\/fr\/wp-json\/wp\/v2\/product_cat?post=30085"},{"taxonomy":"product_tag","embeddable":true,"href":"https:\/\/gloopbaby.com\/fr\/wp-json\/wp\/v2\/product_tag?post=30085"}],"curies":[{"name":"wp","href":"https:\/\/api.w.org\/{rel}","templated":true}]}}