{"id":30053,"date":"2023-06-20T16:23:53","date_gmt":"2023-06-20T16:23:53","guid":{"rendered":"https:\/\/gloopbaby.com\/produto\/cama-ninho-organic-green\/"},"modified":"2025-10-09T10:55:19","modified_gmt":"2025-10-09T10:55:19","slug":"cama-ninho-organic-green","status":"publish","type":"product","link":"https:\/\/gloopbaby.com\/fr\/produit\/collections-fr\/organic-green-fr\/cama-ninho-organic-green\/","title":{"rendered":"Sweety bed Organic Green"},"content":{"rendered":"<ul>\n<li>\u00c2ge : 0-6M<\/li>\n<li>Taille : 450 mm de large, 770-870 mm (770 mm ferm\u00e9 et 870 ouvert)<\/li>\n<li>Housse : 100% coton biologique certifi\u00e9<\/li>\n<li>Rembourrage : 100 % polyester<\/li>\n<\/ul>\n<p>Le Sweety Bed est l&rsquo;accessoire dont tous les parents r\u00e9cents ont besoin pour \u00eatre \u00e0 l&rsquo;aise et en s\u00e9curit\u00e9 lors de nombreuses activit\u00e9s de leur b\u00e9b\u00e9. Le Sweety Bed offre au b\u00e9b\u00e9 un endroit s\u00fbr et confortable o\u00f9 il peut dormir, co-dormir, jouer et changer de couche.<\/p>\n<p>Le petit lit doux est facile \u00e0 transporter, la caract\u00e9ristique portable et sa l\u00e9g\u00e8ret\u00e9 permettent un transport facile, facile \u00e0 voyager, de pi\u00e8ce en pi\u00e8ce, chez grand-m\u00e8re ou en vacances.<\/p>\n<p>Pour acheter uniquement la housse, s\u00e9lectionnez simplement l&rsquo;option \u201cSans remplissage (housse seule)\u201d.<\/p>\n<p><strong>Consignes de s\u00e9curit\u00e9:<\/strong><\/p>\n<ul>\n<li>Doit toujours \u00eatre utilis\u00e9 dans un environnement s\u00e9curis\u00e9 et supervis\u00e9 pour les enfants<\/li>\n<li>La t\u00eate de l&rsquo;enfant doit \u00eatre plac\u00e9e \u00e0 la t\u00eate du Sweety bed<\/li>\n<li>Assurez-vous toujours que le lit Sweety Bed est plac\u00e9 enti\u00e8rement soutenu sur son dos sur une surface plane, ferme et stable<\/li>\n<li>Utilisez le Sweety bed sur une surface sur\u00e9lev\u00e9e.<\/li>\n<li>Placez toujours l&rsquo;enfant sur le dos pour dormir et se reposer.<\/li>\n<li>Le temps pass\u00e9 sur le ventre doit \u00eatre strictement supervis\u00e9<\/li>\n<li>Gardez les oreillers et autres objets mous, tels que les peluches, hors de l&rsquo;environnement de sommeil\/repos de l&rsquo;enfant.<\/li>\n<li>Sweety Bed n&rsquo;abrite pas de chaleur. Habillez l&rsquo;enfant en fonction de la temp\u00e9rature ambiante. Utilisez gloop! mousselines pour emmailloter.<\/li>\n<li>Les couvertures et couettes doivent toujours \u00eatre s\u00e9curis\u00e9es, par ex. ranger la nacelle en toute s\u00e9curit\u00e9.<\/li>\n<li>V\u00e9rifiez r\u00e9guli\u00e8rement le Sweety bed pour les coutures endommag\u00e9es et similaires. Les dommages doivent \u00eatre r\u00e9par\u00e9s imm\u00e9diatement.<\/li>\n<\/ul>\n<p><strong>Conseils d&rsquo;entretien :<\/strong><\/p>\n<ul>\n<li>Laver avec des couleurs similaires. Utilisez toujours un sac de lavage pour la housse et le tube.<\/li>\n<li>Le tube a rarement besoin d&rsquo;\u00eatre lav\u00e9, secou\u00e9 et ventil\u00e9, c&rsquo;est g\u00e9n\u00e9ralement suffisant.<\/li>\n<li>Si vous lavez le tube, utilisez un sac de lavage.<\/li>\n<li>Lorsqu&rsquo;il est mouill\u00e9, le tube doit \u00eatre s\u00e9ch\u00e9 au s\u00e8che-linge \u00e0 feu doux ou moyen.<\/li>\n<li>Puis peluchez\/secouez-le \u00e0 la main pour qu&rsquo;il reprenne sa forme. S&rsquo;il est encore un peu humide, s\u00e9chez-le \u00e0 plat.<\/li>\n<li>V\u00e9rifiez r\u00e9guli\u00e8rement les coutures endommag\u00e9es.<\/li>\n<\/ul>\n","protected":false},"excerpt":{"rendered":"<p>\u00c2ge : 0-6M Taille : 450 mm de large, 770-870 mm (770 mm ferm\u00e9 et 870 ouvert) Housse : 100% coton biologique certifi\u00e9 Rembourrage : 100 % polyester Le Sweety Bed est l&rsquo;accessoire dont tous les parents r\u00e9cents ont besoin pour \u00eatre \u00e0 l&rsquo;aise et en s\u00e9curit\u00e9 lors de nombreuses activit\u00e9s de leur b\u00e9b\u00e9. Le [&hellip;]<\/p>\n","protected":false},"featured_media":37228,"comment_status":"closed","ping_status":"closed","template":"","meta":{"_acf_changed":false},"product_brand":[],"product_cat":[1582,1478,1572,1510],"product_tag":[],"class_list":{"0":"post-30053","1":"product","2":"type-product","3":"status-publish","4":"has-post-thumbnail","6":"product_cat-collections-fr","7":"product_cat-home-and-sleep-fr","8":"product_cat-organic-green-fr","9":"product_cat-sweety-bed","11":"first","12":"instock","13":"taxable","14":"shipping-taxable","15":"purchasable","16":"product-type-variable"},"acf":[],"yoast_head":"<!-- This site is optimized with the Yoast SEO plugin v27.3 - https:\/\/yoast.com\/product\/yoast-seo-wordpress\/ -->\n<title>Sweety bed Organic Green - Gloop Baby<\/title>\n<meta name=\"robots\" content=\"index, follow, max-snippet:-1, max-image-preview:large, max-video-preview:-1\" \/>\n<link rel=\"canonical\" href=\"https:\/\/gloopbaby.com\/fr\/produit\/collections-fr\/organic-green-fr\/cama-ninho-organic-green\/\" \/>\n<meta property=\"og:locale\" content=\"fr_FR\" \/>\n<meta property=\"og:type\" content=\"article\" \/>\n<meta property=\"og:title\" content=\"Sweety bed Organic Green - Gloop Baby\" \/>\n<meta property=\"og:description\" content=\"\u00c2ge : 0-6M Taille : 450 mm de large, 770-870 mm (770 mm ferm\u00e9 et 870 ouvert) Housse : 100% coton biologique certifi\u00e9 Rembourrage : 100 % polyester Le Sweety Bed est l&rsquo;accessoire dont tous les parents r\u00e9cents ont besoin pour \u00eatre \u00e0 l&rsquo;aise et en s\u00e9curit\u00e9 lors de nombreuses activit\u00e9s de leur b\u00e9b\u00e9. Le [&hellip;]\" \/>\n<meta property=\"og:url\" content=\"https:\/\/gloopbaby.com\/fr\/produit\/collections-fr\/organic-green-fr\/cama-ninho-organic-green\/\" \/>\n<meta property=\"og:site_name\" content=\"Gloop Baby\" \/>\n<meta property=\"article:modified_time\" content=\"2025-10-09T10:55:19+00:00\" \/>\n<meta property=\"og:image\" content=\"https:\/\/gloopbaby.com\/wp-content\/uploads\/2023\/06\/cama-ninho-organic-green.jpg\" \/>\n\t<meta property=\"og:image:width\" content=\"1000\" \/>\n\t<meta property=\"og:image:height\" content=\"1500\" \/>\n\t<meta property=\"og:image:type\" content=\"image\/jpeg\" \/>\n<meta name=\"twitter:card\" content=\"summary_large_image\" \/>\n<meta name=\"twitter:label1\" content=\"Dur\u00e9e de lecture estim\u00e9e\" \/>\n\t<meta name=\"twitter:data1\" content=\"3 minutes\" \/>\n<script type=\"application\/ld+json\" class=\"yoast-schema-graph\">{\"@context\":\"https:\\\/\\\/schema.org\",\"@graph\":[{\"@type\":\"WebPage\",\"@id\":\"https:\\\/\\\/gloopbaby.com\\\/fr\\\/produit\\\/collections-fr\\\/organic-green-fr\\\/cama-ninho-organic-green\\\/\",\"url\":\"https:\\\/\\\/gloopbaby.com\\\/fr\\\/produit\\\/collections-fr\\\/organic-green-fr\\\/cama-ninho-organic-green\\\/\",\"name\":\"Sweety bed Organic Green - Gloop Baby\",\"isPartOf\":{\"@id\":\"https:\\\/\\\/gloopbaby.com\\\/fr\\\/#website\"},\"primaryImageOfPage\":{\"@id\":\"https:\\\/\\\/gloopbaby.com\\\/fr\\\/produit\\\/collections-fr\\\/organic-green-fr\\\/cama-ninho-organic-green\\\/#primaryimage\"},\"image\":{\"@id\":\"https:\\\/\\\/gloopbaby.com\\\/fr\\\/produit\\\/collections-fr\\\/organic-green-fr\\\/cama-ninho-organic-green\\\/#primaryimage\"},\"thumbnailUrl\":\"https:\\\/\\\/gloopbaby.com\\\/wp-content\\\/uploads\\\/2023\\\/06\\\/cama-ninho-organic-green.jpg\",\"datePublished\":\"2023-06-20T16:23:53+00:00\",\"dateModified\":\"2025-10-09T10:55:19+00:00\",\"breadcrumb\":{\"@id\":\"https:\\\/\\\/gloopbaby.com\\\/fr\\\/produit\\\/collections-fr\\\/organic-green-fr\\\/cama-ninho-organic-green\\\/#breadcrumb\"},\"inLanguage\":\"fr-FR\",\"potentialAction\":[{\"@type\":\"ReadAction\",\"target\":[\"https:\\\/\\\/gloopbaby.com\\\/fr\\\/produit\\\/collections-fr\\\/organic-green-fr\\\/cama-ninho-organic-green\\\/\"]}]},{\"@type\":\"ImageObject\",\"inLanguage\":\"fr-FR\",\"@id\":\"https:\\\/\\\/gloopbaby.com\\\/fr\\\/produit\\\/collections-fr\\\/organic-green-fr\\\/cama-ninho-organic-green\\\/#primaryimage\",\"url\":\"https:\\\/\\\/gloopbaby.com\\\/wp-content\\\/uploads\\\/2023\\\/06\\\/cama-ninho-organic-green.jpg\",\"contentUrl\":\"https:\\\/\\\/gloopbaby.com\\\/wp-content\\\/uploads\\\/2023\\\/06\\\/cama-ninho-organic-green.jpg\",\"width\":1000,\"height\":1500,\"caption\":\"cama ninho para beb\u00e9 em algod\u00e3o org\u00e2nico Organic Green\"},{\"@type\":\"BreadcrumbList\",\"@id\":\"https:\\\/\\\/gloopbaby.com\\\/fr\\\/produit\\\/collections-fr\\\/organic-green-fr\\\/cama-ninho-organic-green\\\/#breadcrumb\",\"itemListElement\":[{\"@type\":\"ListItem\",\"position\":1,\"name\":\"In\u00edcio\",\"item\":\"https:\\\/\\\/gloopbaby.com\\\/fr\\\/\"},{\"@type\":\"ListItem\",\"position\":2,\"name\":\"Shop\",\"item\":\"https:\\\/\\\/gloopbaby.com\\\/loja\\\/\"},{\"@type\":\"ListItem\",\"position\":3,\"name\":\"Sweety bed Organic Green\"}]},{\"@type\":\"WebSite\",\"@id\":\"https:\\\/\\\/gloopbaby.com\\\/fr\\\/#website\",\"url\":\"https:\\\/\\\/gloopbaby.com\\\/fr\\\/\",\"name\":\"Gloop Baby\",\"description\":\"\",\"publisher\":{\"@id\":\"https:\\\/\\\/gloopbaby.com\\\/fr\\\/#organization\"},\"potentialAction\":[{\"@type\":\"SearchAction\",\"target\":{\"@type\":\"EntryPoint\",\"urlTemplate\":\"https:\\\/\\\/gloopbaby.com\\\/fr\\\/?s={search_term_string}\"},\"query-input\":{\"@type\":\"PropertyValueSpecification\",\"valueRequired\":true,\"valueName\":\"search_term_string\"}}],\"inLanguage\":\"fr-FR\"},{\"@type\":\"Organization\",\"@id\":\"https:\\\/\\\/gloopbaby.com\\\/fr\\\/#organization\",\"name\":\"Gloop Baby\",\"url\":\"https:\\\/\\\/gloopbaby.com\\\/fr\\\/\",\"logo\":{\"@type\":\"ImageObject\",\"inLanguage\":\"fr-FR\",\"@id\":\"https:\\\/\\\/gloopbaby.com\\\/fr\\\/#\\\/schema\\\/logo\\\/image\\\/\",\"url\":\"https:\\\/\\\/gloopbaby.com\\\/wp-content\\\/uploads\\\/2023\\\/06\\\/gloop-logo.svg\",\"contentUrl\":\"https:\\\/\\\/gloopbaby.com\\\/wp-content\\\/uploads\\\/2023\\\/06\\\/gloop-logo.svg\",\"width\":100,\"height\":100,\"caption\":\"Gloop Baby\"},\"image\":{\"@id\":\"https:\\\/\\\/gloopbaby.com\\\/fr\\\/#\\\/schema\\\/logo\\\/image\\\/\"}}]}<\/script>\n<!-- \/ Yoast SEO plugin. -->","yoast_head_json":{"title":"Sweety bed Organic Green - Gloop Baby","robots":{"index":"index","follow":"follow","max-snippet":"max-snippet:-1","max-image-preview":"max-image-preview:large","max-video-preview":"max-video-preview:-1"},"canonical":"https:\/\/gloopbaby.com\/fr\/produit\/collections-fr\/organic-green-fr\/cama-ninho-organic-green\/","og_locale":"fr_FR","og_type":"article","og_title":"Sweety bed Organic Green - Gloop Baby","og_description":"\u00c2ge : 0-6M Taille : 450 mm de large, 770-870 mm (770 mm ferm\u00e9 et 870 ouvert) Housse : 100% coton biologique certifi\u00e9 Rembourrage : 100 % polyester Le Sweety Bed est l&rsquo;accessoire dont tous les parents r\u00e9cents ont besoin pour \u00eatre \u00e0 l&rsquo;aise et en s\u00e9curit\u00e9 lors de nombreuses activit\u00e9s de leur b\u00e9b\u00e9. Le [&hellip;]","og_url":"https:\/\/gloopbaby.com\/fr\/produit\/collections-fr\/organic-green-fr\/cama-ninho-organic-green\/","og_site_name":"Gloop Baby","article_modified_time":"2025-10-09T10:55:19+00:00","og_image":[{"width":1000,"height":1500,"url":"https:\/\/gloopbaby.com\/wp-content\/uploads\/2023\/06\/cama-ninho-organic-green.jpg","type":"image\/jpeg"}],"twitter_card":"summary_large_image","twitter_misc":{"Dur\u00e9e de lecture estim\u00e9e":"3 minutes"},"schema":{"@context":"https:\/\/schema.org","@graph":[{"@type":"WebPage","@id":"https:\/\/gloopbaby.com\/fr\/produit\/collections-fr\/organic-green-fr\/cama-ninho-organic-green\/","url":"https:\/\/gloopbaby.com\/fr\/produit\/collections-fr\/organic-green-fr\/cama-ninho-organic-green\/","name":"Sweety bed Organic Green - Gloop Baby","isPartOf":{"@id":"https:\/\/gloopbaby.com\/fr\/#website"},"primaryImageOfPage":{"@id":"https:\/\/gloopbaby.com\/fr\/produit\/collections-fr\/organic-green-fr\/cama-ninho-organic-green\/#primaryimage"},"image":{"@id":"https:\/\/gloopbaby.com\/fr\/produit\/collections-fr\/organic-green-fr\/cama-ninho-organic-green\/#primaryimage"},"thumbnailUrl":"https:\/\/gloopbaby.com\/wp-content\/uploads\/2023\/06\/cama-ninho-organic-green.jpg","datePublished":"2023-06-20T16:23:53+00:00","dateModified":"2025-10-09T10:55:19+00:00","breadcrumb":{"@id":"https:\/\/gloopbaby.com\/fr\/produit\/collections-fr\/organic-green-fr\/cama-ninho-organic-green\/#breadcrumb"},"inLanguage":"fr-FR","potentialAction":[{"@type":"ReadAction","target":["https:\/\/gloopbaby.com\/fr\/produit\/collections-fr\/organic-green-fr\/cama-ninho-organic-green\/"]}]},{"@type":"ImageObject","inLanguage":"fr-FR","@id":"https:\/\/gloopbaby.com\/fr\/produit\/collections-fr\/organic-green-fr\/cama-ninho-organic-green\/#primaryimage","url":"https:\/\/gloopbaby.com\/wp-content\/uploads\/2023\/06\/cama-ninho-organic-green.jpg","contentUrl":"https:\/\/gloopbaby.com\/wp-content\/uploads\/2023\/06\/cama-ninho-organic-green.jpg","width":1000,"height":1500,"caption":"cama ninho para beb\u00e9 em algod\u00e3o org\u00e2nico Organic Green"},{"@type":"BreadcrumbList","@id":"https:\/\/gloopbaby.com\/fr\/produit\/collections-fr\/organic-green-fr\/cama-ninho-organic-green\/#breadcrumb","itemListElement":[{"@type":"ListItem","position":1,"name":"In\u00edcio","item":"https:\/\/gloopbaby.com\/fr\/"},{"@type":"ListItem","position":2,"name":"Shop","item":"https:\/\/gloopbaby.com\/loja\/"},{"@type":"ListItem","position":3,"name":"Sweety bed Organic Green"}]},{"@type":"WebSite","@id":"https:\/\/gloopbaby.com\/fr\/#website","url":"https:\/\/gloopbaby.com\/fr\/","name":"Gloop Baby","description":"","publisher":{"@id":"https:\/\/gloopbaby.com\/fr\/#organization"},"potentialAction":[{"@type":"SearchAction","target":{"@type":"EntryPoint","urlTemplate":"https:\/\/gloopbaby.com\/fr\/?s={search_term_string}"},"query-input":{"@type":"PropertyValueSpecification","valueRequired":true,"valueName":"search_term_string"}}],"inLanguage":"fr-FR"},{"@type":"Organization","@id":"https:\/\/gloopbaby.com\/fr\/#organization","name":"Gloop Baby","url":"https:\/\/gloopbaby.com\/fr\/","logo":{"@type":"ImageObject","inLanguage":"fr-FR","@id":"https:\/\/gloopbaby.com\/fr\/#\/schema\/logo\/image\/","url":"https:\/\/gloopbaby.com\/wp-content\/uploads\/2023\/06\/gloop-logo.svg","contentUrl":"https:\/\/gloopbaby.com\/wp-content\/uploads\/2023\/06\/gloop-logo.svg","width":100,"height":100,"caption":"Gloop Baby"},"image":{"@id":"https:\/\/gloopbaby.com\/fr\/#\/schema\/logo\/image\/"}}]}},"_links":{"self":[{"href":"https:\/\/gloopbaby.com\/fr\/wp-json\/wp\/v2\/product\/30053","targetHints":{"allow":["GET"]}}],"collection":[{"href":"https:\/\/gloopbaby.com\/fr\/wp-json\/wp\/v2\/product"}],"about":[{"href":"https:\/\/gloopbaby.com\/fr\/wp-json\/wp\/v2\/types\/product"}],"replies":[{"embeddable":true,"href":"https:\/\/gloopbaby.com\/fr\/wp-json\/wp\/v2\/comments?post=30053"}],"wp:featuredmedia":[{"embeddable":true,"href":"https:\/\/gloopbaby.com\/fr\/wp-json\/wp\/v2\/media\/37228"}],"wp:attachment":[{"href":"https:\/\/gloopbaby.com\/fr\/wp-json\/wp\/v2\/media?parent=30053"}],"wp:term":[{"taxonomy":"product_brand","embeddable":true,"href":"https:\/\/gloopbaby.com\/fr\/wp-json\/wp\/v2\/product_brand?post=30053"},{"taxonomy":"product_cat","embeddable":true,"href":"https:\/\/gloopbaby.com\/fr\/wp-json\/wp\/v2\/product_cat?post=30053"},{"taxonomy":"product_tag","embeddable":true,"href":"https:\/\/gloopbaby.com\/fr\/wp-json\/wp\/v2\/product_tag?post=30053"}],"curies":[{"name":"wp","href":"https:\/\/api.w.org\/{rel}","templated":true}]}}