{"id":29749,"date":"2023-06-20T16:31:59","date_gmt":"2023-06-20T16:31:59","guid":{"rendered":"https:\/\/gloopbaby.com\/produto\/pack-de-2-fraldas-70x70cm-safari\/"},"modified":"2024-05-15T11:06:06","modified_gmt":"2024-05-15T11:06:06","slug":"pack-de-2-fraldas-70x70cm-safari","status":"publish","type":"product","link":"https:\/\/gloopbaby.com\/fr\/produit\/collections-fr\/safari-fr\/pack-de-2-fraldas-70x70cm-safari\/","title":{"rendered":"Set de 2 Lange Mousseline de Coton 70x70cm\u00a0Safari"},"content":{"rendered":"<p>Indispensable pour maman les langes gloop! vous accompagneront \u00e0 travers tous vos moments de vie avec b\u00e9b\u00e9. Nos langes sont certifi\u00e9s 100% bio et \u00e9cologique. Fabriqu\u00e9 au Portugal ils sont non allerg\u00e8nes et sans m\u00e9taux lourds. Conseil utilisation : A chaque lavage plus de douceur! Nous vous conseillons de les laver avant une premi\u00e8re utilisation.<\/p>\n","protected":false},"excerpt":{"rendered":"<p>Indispensable pour maman les langes gloop! vous accompagneront \u00e0 travers tous vos moments de vie avec b\u00e9b\u00e9. Nos langes sont certifi\u00e9s 100% bio et \u00e9cologique. Fabriqu\u00e9 au Portugal ils sont non allerg\u00e8nes et sans m\u00e9taux lourds. Conseil utilisation : A chaque lavage plus de douceur! Nous vous conseillons de les laver avant une premi\u00e8re utilisation.<\/p>\n","protected":false},"featured_media":34066,"comment_status":"closed","ping_status":"closed","template":"","meta":{"_acf_changed":false},"product_brand":[],"product_cat":[1404,1582,1405,1414,1560],"product_tag":[],"class_list":{"0":"post-29749","1":"product","2":"type-product","3":"status-publish","4":"has-post-thumbnail","6":"product_cat-bain-et-nursery-fr","7":"product_cat-collections-fr","8":"product_cat-lange-mousseline-de-cotton-fr","9":"product_cat-lange-mousseline-de-cotton-70x70cm-fr","10":"product_cat-safari-fr","12":"first","13":"instock","14":"taxable","15":"shipping-taxable","16":"purchasable","17":"product-type-simple"},"acf":[],"yoast_head":"<!-- This site is optimized with the Yoast SEO plugin v27.3 - https:\/\/yoast.com\/product\/yoast-seo-wordpress\/ -->\n<title>Set de 2 Lange Mousseline de Coton 70x70cm\u00a0Safari - Gloop Baby<\/title>\n<meta name=\"robots\" content=\"index, follow, max-snippet:-1, max-image-preview:large, max-video-preview:-1\" \/>\n<link rel=\"canonical\" href=\"https:\/\/gloopbaby.com\/fr\/produit\/collections-fr\/safari-fr\/pack-de-2-fraldas-70x70cm-safari\/\" \/>\n<meta property=\"og:locale\" content=\"fr_FR\" \/>\n<meta property=\"og:type\" content=\"article\" \/>\n<meta property=\"og:title\" content=\"Set de 2 Lange Mousseline de Coton 70x70cm\u00a0Safari - Gloop Baby\" \/>\n<meta property=\"og:description\" content=\"Indispensable pour maman les langes gloop! vous accompagneront \u00e0 travers tous vos moments de vie avec b\u00e9b\u00e9. Nos langes sont certifi\u00e9s 100% bio et \u00e9cologique. Fabriqu\u00e9 au Portugal ils sont non allerg\u00e8nes et sans m\u00e9taux lourds. Conseil utilisation : A chaque lavage plus de douceur! Nous vous conseillons de les laver avant une premi\u00e8re utilisation.\" \/>\n<meta property=\"og:url\" content=\"https:\/\/gloopbaby.com\/fr\/produit\/collections-fr\/safari-fr\/pack-de-2-fraldas-70x70cm-safari\/\" \/>\n<meta property=\"og:site_name\" content=\"Gloop Baby\" \/>\n<meta property=\"article:modified_time\" content=\"2024-05-15T11:06:06+00:00\" \/>\n<meta property=\"og:image\" content=\"https:\/\/gloopbaby.com\/wp-content\/uploads\/2023\/06\/310821Gloop-agostoHD0581.jpg\" \/>\n\t<meta property=\"og:image:width\" content=\"770\" \/>\n\t<meta property=\"og:image:height\" content=\"1156\" \/>\n\t<meta property=\"og:image:type\" content=\"image\/jpeg\" \/>\n<meta name=\"twitter:card\" content=\"summary_large_image\" \/>\n<script type=\"application\/ld+json\" class=\"yoast-schema-graph\">{\"@context\":\"https:\\\/\\\/schema.org\",\"@graph\":[{\"@type\":\"WebPage\",\"@id\":\"https:\\\/\\\/gloopbaby.com\\\/fr\\\/produit\\\/collections-fr\\\/safari-fr\\\/pack-de-2-fraldas-70x70cm-safari\\\/\",\"url\":\"https:\\\/\\\/gloopbaby.com\\\/fr\\\/produit\\\/collections-fr\\\/safari-fr\\\/pack-de-2-fraldas-70x70cm-safari\\\/\",\"name\":\"Set de 2 Lange Mousseline de Coton 70x70cm\u00a0Safari - Gloop Baby\",\"isPartOf\":{\"@id\":\"https:\\\/\\\/gloopbaby.com\\\/fr\\\/#website\"},\"primaryImageOfPage\":{\"@id\":\"https:\\\/\\\/gloopbaby.com\\\/fr\\\/produit\\\/collections-fr\\\/safari-fr\\\/pack-de-2-fraldas-70x70cm-safari\\\/#primaryimage\"},\"image\":{\"@id\":\"https:\\\/\\\/gloopbaby.com\\\/fr\\\/produit\\\/collections-fr\\\/safari-fr\\\/pack-de-2-fraldas-70x70cm-safari\\\/#primaryimage\"},\"thumbnailUrl\":\"https:\\\/\\\/gloopbaby.com\\\/wp-content\\\/uploads\\\/2023\\\/06\\\/310821Gloop-agostoHD0581.jpg\",\"datePublished\":\"2023-06-20T16:31:59+00:00\",\"dateModified\":\"2024-05-15T11:06:06+00:00\",\"breadcrumb\":{\"@id\":\"https:\\\/\\\/gloopbaby.com\\\/fr\\\/produit\\\/collections-fr\\\/safari-fr\\\/pack-de-2-fraldas-70x70cm-safari\\\/#breadcrumb\"},\"inLanguage\":\"fr-FR\",\"potentialAction\":[{\"@type\":\"ReadAction\",\"target\":[\"https:\\\/\\\/gloopbaby.com\\\/fr\\\/produit\\\/collections-fr\\\/safari-fr\\\/pack-de-2-fraldas-70x70cm-safari\\\/\"]}]},{\"@type\":\"ImageObject\",\"inLanguage\":\"fr-FR\",\"@id\":\"https:\\\/\\\/gloopbaby.com\\\/fr\\\/produit\\\/collections-fr\\\/safari-fr\\\/pack-de-2-fraldas-70x70cm-safari\\\/#primaryimage\",\"url\":\"https:\\\/\\\/gloopbaby.com\\\/wp-content\\\/uploads\\\/2023\\\/06\\\/310821Gloop-agostoHD0581.jpg\",\"contentUrl\":\"https:\\\/\\\/gloopbaby.com\\\/wp-content\\\/uploads\\\/2023\\\/06\\\/310821Gloop-agostoHD0581.jpg\",\"width\":770,\"height\":1156,\"caption\":\"fralda safari em algod\u00e3o org\u00e2nico\"},{\"@type\":\"BreadcrumbList\",\"@id\":\"https:\\\/\\\/gloopbaby.com\\\/fr\\\/produit\\\/collections-fr\\\/safari-fr\\\/pack-de-2-fraldas-70x70cm-safari\\\/#breadcrumb\",\"itemListElement\":[{\"@type\":\"ListItem\",\"position\":1,\"name\":\"In\u00edcio\",\"item\":\"https:\\\/\\\/gloopbaby.com\\\/fr\\\/\"},{\"@type\":\"ListItem\",\"position\":2,\"name\":\"Shop\",\"item\":\"https:\\\/\\\/gloopbaby.com\\\/loja\\\/\"},{\"@type\":\"ListItem\",\"position\":3,\"name\":\"Set de 2 Lange Mousseline de Coton 70x70cm\u00a0Safari\"}]},{\"@type\":\"WebSite\",\"@id\":\"https:\\\/\\\/gloopbaby.com\\\/fr\\\/#website\",\"url\":\"https:\\\/\\\/gloopbaby.com\\\/fr\\\/\",\"name\":\"Gloop Baby\",\"description\":\"\",\"publisher\":{\"@id\":\"https:\\\/\\\/gloopbaby.com\\\/fr\\\/#organization\"},\"potentialAction\":[{\"@type\":\"SearchAction\",\"target\":{\"@type\":\"EntryPoint\",\"urlTemplate\":\"https:\\\/\\\/gloopbaby.com\\\/fr\\\/?s={search_term_string}\"},\"query-input\":{\"@type\":\"PropertyValueSpecification\",\"valueRequired\":true,\"valueName\":\"search_term_string\"}}],\"inLanguage\":\"fr-FR\"},{\"@type\":\"Organization\",\"@id\":\"https:\\\/\\\/gloopbaby.com\\\/fr\\\/#organization\",\"name\":\"Gloop Baby\",\"url\":\"https:\\\/\\\/gloopbaby.com\\\/fr\\\/\",\"logo\":{\"@type\":\"ImageObject\",\"inLanguage\":\"fr-FR\",\"@id\":\"https:\\\/\\\/gloopbaby.com\\\/fr\\\/#\\\/schema\\\/logo\\\/image\\\/\",\"url\":\"https:\\\/\\\/gloopbaby.com\\\/wp-content\\\/uploads\\\/2023\\\/06\\\/gloop-logo.svg\",\"contentUrl\":\"https:\\\/\\\/gloopbaby.com\\\/wp-content\\\/uploads\\\/2023\\\/06\\\/gloop-logo.svg\",\"width\":100,\"height\":100,\"caption\":\"Gloop Baby\"},\"image\":{\"@id\":\"https:\\\/\\\/gloopbaby.com\\\/fr\\\/#\\\/schema\\\/logo\\\/image\\\/\"}}]}<\/script>\n<!-- \/ Yoast SEO plugin. -->","yoast_head_json":{"title":"Set de 2 Lange Mousseline de Coton 70x70cm\u00a0Safari - Gloop Baby","robots":{"index":"index","follow":"follow","max-snippet":"max-snippet:-1","max-image-preview":"max-image-preview:large","max-video-preview":"max-video-preview:-1"},"canonical":"https:\/\/gloopbaby.com\/fr\/produit\/collections-fr\/safari-fr\/pack-de-2-fraldas-70x70cm-safari\/","og_locale":"fr_FR","og_type":"article","og_title":"Set de 2 Lange Mousseline de Coton 70x70cm\u00a0Safari - Gloop Baby","og_description":"Indispensable pour maman les langes gloop! vous accompagneront \u00e0 travers tous vos moments de vie avec b\u00e9b\u00e9. Nos langes sont certifi\u00e9s 100% bio et \u00e9cologique. Fabriqu\u00e9 au Portugal ils sont non allerg\u00e8nes et sans m\u00e9taux lourds. Conseil utilisation : A chaque lavage plus de douceur! Nous vous conseillons de les laver avant une premi\u00e8re utilisation.","og_url":"https:\/\/gloopbaby.com\/fr\/produit\/collections-fr\/safari-fr\/pack-de-2-fraldas-70x70cm-safari\/","og_site_name":"Gloop Baby","article_modified_time":"2024-05-15T11:06:06+00:00","og_image":[{"width":770,"height":1156,"url":"https:\/\/gloopbaby.com\/wp-content\/uploads\/2023\/06\/310821Gloop-agostoHD0581.jpg","type":"image\/jpeg"}],"twitter_card":"summary_large_image","schema":{"@context":"https:\/\/schema.org","@graph":[{"@type":"WebPage","@id":"https:\/\/gloopbaby.com\/fr\/produit\/collections-fr\/safari-fr\/pack-de-2-fraldas-70x70cm-safari\/","url":"https:\/\/gloopbaby.com\/fr\/produit\/collections-fr\/safari-fr\/pack-de-2-fraldas-70x70cm-safari\/","name":"Set de 2 Lange Mousseline de Coton 70x70cm\u00a0Safari - Gloop Baby","isPartOf":{"@id":"https:\/\/gloopbaby.com\/fr\/#website"},"primaryImageOfPage":{"@id":"https:\/\/gloopbaby.com\/fr\/produit\/collections-fr\/safari-fr\/pack-de-2-fraldas-70x70cm-safari\/#primaryimage"},"image":{"@id":"https:\/\/gloopbaby.com\/fr\/produit\/collections-fr\/safari-fr\/pack-de-2-fraldas-70x70cm-safari\/#primaryimage"},"thumbnailUrl":"https:\/\/gloopbaby.com\/wp-content\/uploads\/2023\/06\/310821Gloop-agostoHD0581.jpg","datePublished":"2023-06-20T16:31:59+00:00","dateModified":"2024-05-15T11:06:06+00:00","breadcrumb":{"@id":"https:\/\/gloopbaby.com\/fr\/produit\/collections-fr\/safari-fr\/pack-de-2-fraldas-70x70cm-safari\/#breadcrumb"},"inLanguage":"fr-FR","potentialAction":[{"@type":"ReadAction","target":["https:\/\/gloopbaby.com\/fr\/produit\/collections-fr\/safari-fr\/pack-de-2-fraldas-70x70cm-safari\/"]}]},{"@type":"ImageObject","inLanguage":"fr-FR","@id":"https:\/\/gloopbaby.com\/fr\/produit\/collections-fr\/safari-fr\/pack-de-2-fraldas-70x70cm-safari\/#primaryimage","url":"https:\/\/gloopbaby.com\/wp-content\/uploads\/2023\/06\/310821Gloop-agostoHD0581.jpg","contentUrl":"https:\/\/gloopbaby.com\/wp-content\/uploads\/2023\/06\/310821Gloop-agostoHD0581.jpg","width":770,"height":1156,"caption":"fralda safari em algod\u00e3o org\u00e2nico"},{"@type":"BreadcrumbList","@id":"https:\/\/gloopbaby.com\/fr\/produit\/collections-fr\/safari-fr\/pack-de-2-fraldas-70x70cm-safari\/#breadcrumb","itemListElement":[{"@type":"ListItem","position":1,"name":"In\u00edcio","item":"https:\/\/gloopbaby.com\/fr\/"},{"@type":"ListItem","position":2,"name":"Shop","item":"https:\/\/gloopbaby.com\/loja\/"},{"@type":"ListItem","position":3,"name":"Set de 2 Lange Mousseline de Coton 70x70cm\u00a0Safari"}]},{"@type":"WebSite","@id":"https:\/\/gloopbaby.com\/fr\/#website","url":"https:\/\/gloopbaby.com\/fr\/","name":"Gloop Baby","description":"","publisher":{"@id":"https:\/\/gloopbaby.com\/fr\/#organization"},"potentialAction":[{"@type":"SearchAction","target":{"@type":"EntryPoint","urlTemplate":"https:\/\/gloopbaby.com\/fr\/?s={search_term_string}"},"query-input":{"@type":"PropertyValueSpecification","valueRequired":true,"valueName":"search_term_string"}}],"inLanguage":"fr-FR"},{"@type":"Organization","@id":"https:\/\/gloopbaby.com\/fr\/#organization","name":"Gloop Baby","url":"https:\/\/gloopbaby.com\/fr\/","logo":{"@type":"ImageObject","inLanguage":"fr-FR","@id":"https:\/\/gloopbaby.com\/fr\/#\/schema\/logo\/image\/","url":"https:\/\/gloopbaby.com\/wp-content\/uploads\/2023\/06\/gloop-logo.svg","contentUrl":"https:\/\/gloopbaby.com\/wp-content\/uploads\/2023\/06\/gloop-logo.svg","width":100,"height":100,"caption":"Gloop Baby"},"image":{"@id":"https:\/\/gloopbaby.com\/fr\/#\/schema\/logo\/image\/"}}]}},"_links":{"self":[{"href":"https:\/\/gloopbaby.com\/fr\/wp-json\/wp\/v2\/product\/29749","targetHints":{"allow":["GET"]}}],"collection":[{"href":"https:\/\/gloopbaby.com\/fr\/wp-json\/wp\/v2\/product"}],"about":[{"href":"https:\/\/gloopbaby.com\/fr\/wp-json\/wp\/v2\/types\/product"}],"replies":[{"embeddable":true,"href":"https:\/\/gloopbaby.com\/fr\/wp-json\/wp\/v2\/comments?post=29749"}],"wp:featuredmedia":[{"embeddable":true,"href":"https:\/\/gloopbaby.com\/fr\/wp-json\/wp\/v2\/media\/34066"}],"wp:attachment":[{"href":"https:\/\/gloopbaby.com\/fr\/wp-json\/wp\/v2\/media?parent=29749"}],"wp:term":[{"taxonomy":"product_brand","embeddable":true,"href":"https:\/\/gloopbaby.com\/fr\/wp-json\/wp\/v2\/product_brand?post=29749"},{"taxonomy":"product_cat","embeddable":true,"href":"https:\/\/gloopbaby.com\/fr\/wp-json\/wp\/v2\/product_cat?post=29749"},{"taxonomy":"product_tag","embeddable":true,"href":"https:\/\/gloopbaby.com\/fr\/wp-json\/wp\/v2\/product_tag?post=29749"}],"curies":[{"name":"wp","href":"https:\/\/api.w.org\/{rel}","templated":true}]}}