{"id":29474,"date":"2023-06-20T16:41:22","date_gmt":"2023-06-20T16:41:22","guid":{"rendered":"https:\/\/gloopbaby.com\/produto\/protetor-para-ovo-safari\/"},"modified":"2023-11-14T10:56:51","modified_gmt":"2023-11-14T10:56:51","slug":"protetor-para-ovo-safari","status":"publish","type":"product","link":"https:\/\/gloopbaby.com\/fr\/produit\/on-the-go-fr\/accessoires-pour-poussette\/voile-de-protection-siege-auto-fr\/protetor-para-ovo-safari\/","title":{"rendered":"Voile de protection siege auto Safari"},"content":{"rendered":"<p>Gr\u00e2ce \u00e0 notre voile de protection pour si\u00e8ges auto ou cosy ne vous embetez plus \u00e0 attacher votre lange. Gr\u00e2ce \u00e0 ses deux accroches et son d\u00e9coupage sp\u00e9cifiquement dessin\u00e9 pour les si\u00e8ges autos, b\u00e9b\u00e9 sera maintenant toujours prot\u00e9g\u00e9 du soleil, ou des intemp\u00e9ries. Taille: 100x100cm<\/p>\n","protected":false},"excerpt":{"rendered":"<p>Gr\u00e2ce \u00e0 notre voile de protection pour si\u00e8ges auto ou cosy ne vous embetez plus \u00e0 attacher votre lange. Gr\u00e2ce \u00e0 ses deux accroches et son d\u00e9coupage sp\u00e9cifiquement dessin\u00e9 pour les si\u00e8ges autos, b\u00e9b\u00e9 sera maintenant toujours prot\u00e9g\u00e9 du soleil, ou des intemp\u00e9ries. Taille: 100x100cm<\/p>\n","protected":false},"featured_media":33760,"comment_status":"closed","ping_status":"closed","template":"","meta":{"_acf_changed":false},"product_brand":[],"product_cat":[1909,1582,1424,1560,1430],"product_tag":[],"class_list":{"0":"post-29474","1":"product","2":"type-product","3":"status-publish","4":"has-post-thumbnail","6":"product_cat-accessoires-pour-poussette","7":"product_cat-collections-fr","8":"product_cat-on-the-go-fr","9":"product_cat-safari-fr","10":"product_cat-voile-de-protection-siege-auto-fr","12":"first","13":"instock","14":"sale","15":"taxable","16":"shipping-taxable","17":"purchasable","18":"product-type-simple"},"acf":[],"yoast_head":"<!-- This site is optimized with the Yoast SEO plugin v27.3 - https:\/\/yoast.com\/product\/yoast-seo-wordpress\/ -->\n<title>Voile de protection siege auto Safari - Gloop Baby<\/title>\n<meta name=\"robots\" content=\"index, follow, max-snippet:-1, max-image-preview:large, max-video-preview:-1\" \/>\n<link rel=\"canonical\" href=\"https:\/\/gloopbaby.com\/fr\/produit\/on-the-go-fr\/accessoires-pour-poussette\/voile-de-protection-siege-auto-fr\/protetor-para-ovo-safari\/\" \/>\n<meta property=\"og:locale\" content=\"fr_FR\" \/>\n<meta property=\"og:type\" content=\"article\" \/>\n<meta property=\"og:title\" content=\"Voile de protection siege auto Safari - Gloop Baby\" \/>\n<meta property=\"og:description\" content=\"Gr\u00e2ce \u00e0 notre voile de protection pour si\u00e8ges auto ou cosy ne vous embetez plus \u00e0 attacher votre lange. Gr\u00e2ce \u00e0 ses deux accroches et son d\u00e9coupage sp\u00e9cifiquement dessin\u00e9 pour les si\u00e8ges autos, b\u00e9b\u00e9 sera maintenant toujours prot\u00e9g\u00e9 du soleil, ou des intemp\u00e9ries. Taille: 100x100cm\" \/>\n<meta property=\"og:url\" content=\"https:\/\/gloopbaby.com\/fr\/produit\/on-the-go-fr\/accessoires-pour-poussette\/voile-de-protection-siege-auto-fr\/protetor-para-ovo-safari\/\" \/>\n<meta property=\"og:site_name\" content=\"Gloop Baby\" \/>\n<meta property=\"article:modified_time\" content=\"2023-11-14T10:56:51+00:00\" \/>\n<meta property=\"og:image\" content=\"https:\/\/gloopbaby.com\/wp-content\/uploads\/2023\/06\/protetor-ovo-safari.jpg\" \/>\n\t<meta property=\"og:image:width\" content=\"1444\" \/>\n\t<meta property=\"og:image:height\" content=\"2167\" \/>\n\t<meta property=\"og:image:type\" content=\"image\/jpeg\" \/>\n<meta name=\"twitter:card\" content=\"summary_large_image\" \/>\n<script type=\"application\/ld+json\" class=\"yoast-schema-graph\">{\"@context\":\"https:\\\/\\\/schema.org\",\"@graph\":[{\"@type\":\"WebPage\",\"@id\":\"https:\\\/\\\/gloopbaby.com\\\/fr\\\/produit\\\/on-the-go-fr\\\/accessoires-pour-poussette\\\/voile-de-protection-siege-auto-fr\\\/protetor-para-ovo-safari\\\/\",\"url\":\"https:\\\/\\\/gloopbaby.com\\\/fr\\\/produit\\\/on-the-go-fr\\\/accessoires-pour-poussette\\\/voile-de-protection-siege-auto-fr\\\/protetor-para-ovo-safari\\\/\",\"name\":\"Voile de protection siege auto Safari - Gloop Baby\",\"isPartOf\":{\"@id\":\"https:\\\/\\\/gloopbaby.com\\\/fr\\\/#website\"},\"primaryImageOfPage\":{\"@id\":\"https:\\\/\\\/gloopbaby.com\\\/fr\\\/produit\\\/on-the-go-fr\\\/accessoires-pour-poussette\\\/voile-de-protection-siege-auto-fr\\\/protetor-para-ovo-safari\\\/#primaryimage\"},\"image\":{\"@id\":\"https:\\\/\\\/gloopbaby.com\\\/fr\\\/produit\\\/on-the-go-fr\\\/accessoires-pour-poussette\\\/voile-de-protection-siege-auto-fr\\\/protetor-para-ovo-safari\\\/#primaryimage\"},\"thumbnailUrl\":\"https:\\\/\\\/gloopbaby.com\\\/wp-content\\\/uploads\\\/2023\\\/06\\\/protetor-ovo-safari.jpg\",\"datePublished\":\"2023-06-20T16:41:22+00:00\",\"dateModified\":\"2023-11-14T10:56:51+00:00\",\"breadcrumb\":{\"@id\":\"https:\\\/\\\/gloopbaby.com\\\/fr\\\/produit\\\/on-the-go-fr\\\/accessoires-pour-poussette\\\/voile-de-protection-siege-auto-fr\\\/protetor-para-ovo-safari\\\/#breadcrumb\"},\"inLanguage\":\"fr-FR\",\"potentialAction\":[{\"@type\":\"ReadAction\",\"target\":[\"https:\\\/\\\/gloopbaby.com\\\/fr\\\/produit\\\/on-the-go-fr\\\/accessoires-pour-poussette\\\/voile-de-protection-siege-auto-fr\\\/protetor-para-ovo-safari\\\/\"]}]},{\"@type\":\"ImageObject\",\"inLanguage\":\"fr-FR\",\"@id\":\"https:\\\/\\\/gloopbaby.com\\\/fr\\\/produit\\\/on-the-go-fr\\\/accessoires-pour-poussette\\\/voile-de-protection-siege-auto-fr\\\/protetor-para-ovo-safari\\\/#primaryimage\",\"url\":\"https:\\\/\\\/gloopbaby.com\\\/wp-content\\\/uploads\\\/2023\\\/06\\\/protetor-ovo-safari.jpg\",\"contentUrl\":\"https:\\\/\\\/gloopbaby.com\\\/wp-content\\\/uploads\\\/2023\\\/06\\\/protetor-ovo-safari.jpg\",\"width\":1444,\"height\":2167,\"caption\":\"Protetor de ovo em algod\u00e3o org\u00e2nico Safari\"},{\"@type\":\"BreadcrumbList\",\"@id\":\"https:\\\/\\\/gloopbaby.com\\\/fr\\\/produit\\\/on-the-go-fr\\\/accessoires-pour-poussette\\\/voile-de-protection-siege-auto-fr\\\/protetor-para-ovo-safari\\\/#breadcrumb\",\"itemListElement\":[{\"@type\":\"ListItem\",\"position\":1,\"name\":\"In\u00edcio\",\"item\":\"https:\\\/\\\/gloopbaby.com\\\/fr\\\/\"},{\"@type\":\"ListItem\",\"position\":2,\"name\":\"Shop\",\"item\":\"https:\\\/\\\/gloopbaby.com\\\/loja\\\/\"},{\"@type\":\"ListItem\",\"position\":3,\"name\":\"Voile de protection siege auto Safari\"}]},{\"@type\":\"WebSite\",\"@id\":\"https:\\\/\\\/gloopbaby.com\\\/fr\\\/#website\",\"url\":\"https:\\\/\\\/gloopbaby.com\\\/fr\\\/\",\"name\":\"Gloop Baby\",\"description\":\"\",\"publisher\":{\"@id\":\"https:\\\/\\\/gloopbaby.com\\\/fr\\\/#organization\"},\"potentialAction\":[{\"@type\":\"SearchAction\",\"target\":{\"@type\":\"EntryPoint\",\"urlTemplate\":\"https:\\\/\\\/gloopbaby.com\\\/fr\\\/?s={search_term_string}\"},\"query-input\":{\"@type\":\"PropertyValueSpecification\",\"valueRequired\":true,\"valueName\":\"search_term_string\"}}],\"inLanguage\":\"fr-FR\"},{\"@type\":\"Organization\",\"@id\":\"https:\\\/\\\/gloopbaby.com\\\/fr\\\/#organization\",\"name\":\"Gloop Baby\",\"url\":\"https:\\\/\\\/gloopbaby.com\\\/fr\\\/\",\"logo\":{\"@type\":\"ImageObject\",\"inLanguage\":\"fr-FR\",\"@id\":\"https:\\\/\\\/gloopbaby.com\\\/fr\\\/#\\\/schema\\\/logo\\\/image\\\/\",\"url\":\"https:\\\/\\\/gloopbaby.com\\\/wp-content\\\/uploads\\\/2023\\\/06\\\/gloop-logo.svg\",\"contentUrl\":\"https:\\\/\\\/gloopbaby.com\\\/wp-content\\\/uploads\\\/2023\\\/06\\\/gloop-logo.svg\",\"width\":100,\"height\":100,\"caption\":\"Gloop Baby\"},\"image\":{\"@id\":\"https:\\\/\\\/gloopbaby.com\\\/fr\\\/#\\\/schema\\\/logo\\\/image\\\/\"}}]}<\/script>\n<!-- \/ Yoast SEO plugin. -->","yoast_head_json":{"title":"Voile de protection siege auto Safari - Gloop Baby","robots":{"index":"index","follow":"follow","max-snippet":"max-snippet:-1","max-image-preview":"max-image-preview:large","max-video-preview":"max-video-preview:-1"},"canonical":"https:\/\/gloopbaby.com\/fr\/produit\/on-the-go-fr\/accessoires-pour-poussette\/voile-de-protection-siege-auto-fr\/protetor-para-ovo-safari\/","og_locale":"fr_FR","og_type":"article","og_title":"Voile de protection siege auto Safari - Gloop Baby","og_description":"Gr\u00e2ce \u00e0 notre voile de protection pour si\u00e8ges auto ou cosy ne vous embetez plus \u00e0 attacher votre lange. Gr\u00e2ce \u00e0 ses deux accroches et son d\u00e9coupage sp\u00e9cifiquement dessin\u00e9 pour les si\u00e8ges autos, b\u00e9b\u00e9 sera maintenant toujours prot\u00e9g\u00e9 du soleil, ou des intemp\u00e9ries. Taille: 100x100cm","og_url":"https:\/\/gloopbaby.com\/fr\/produit\/on-the-go-fr\/accessoires-pour-poussette\/voile-de-protection-siege-auto-fr\/protetor-para-ovo-safari\/","og_site_name":"Gloop Baby","article_modified_time":"2023-11-14T10:56:51+00:00","og_image":[{"width":1444,"height":2167,"url":"https:\/\/gloopbaby.com\/wp-content\/uploads\/2023\/06\/protetor-ovo-safari.jpg","type":"image\/jpeg"}],"twitter_card":"summary_large_image","schema":{"@context":"https:\/\/schema.org","@graph":[{"@type":"WebPage","@id":"https:\/\/gloopbaby.com\/fr\/produit\/on-the-go-fr\/accessoires-pour-poussette\/voile-de-protection-siege-auto-fr\/protetor-para-ovo-safari\/","url":"https:\/\/gloopbaby.com\/fr\/produit\/on-the-go-fr\/accessoires-pour-poussette\/voile-de-protection-siege-auto-fr\/protetor-para-ovo-safari\/","name":"Voile de protection siege auto Safari - Gloop Baby","isPartOf":{"@id":"https:\/\/gloopbaby.com\/fr\/#website"},"primaryImageOfPage":{"@id":"https:\/\/gloopbaby.com\/fr\/produit\/on-the-go-fr\/accessoires-pour-poussette\/voile-de-protection-siege-auto-fr\/protetor-para-ovo-safari\/#primaryimage"},"image":{"@id":"https:\/\/gloopbaby.com\/fr\/produit\/on-the-go-fr\/accessoires-pour-poussette\/voile-de-protection-siege-auto-fr\/protetor-para-ovo-safari\/#primaryimage"},"thumbnailUrl":"https:\/\/gloopbaby.com\/wp-content\/uploads\/2023\/06\/protetor-ovo-safari.jpg","datePublished":"2023-06-20T16:41:22+00:00","dateModified":"2023-11-14T10:56:51+00:00","breadcrumb":{"@id":"https:\/\/gloopbaby.com\/fr\/produit\/on-the-go-fr\/accessoires-pour-poussette\/voile-de-protection-siege-auto-fr\/protetor-para-ovo-safari\/#breadcrumb"},"inLanguage":"fr-FR","potentialAction":[{"@type":"ReadAction","target":["https:\/\/gloopbaby.com\/fr\/produit\/on-the-go-fr\/accessoires-pour-poussette\/voile-de-protection-siege-auto-fr\/protetor-para-ovo-safari\/"]}]},{"@type":"ImageObject","inLanguage":"fr-FR","@id":"https:\/\/gloopbaby.com\/fr\/produit\/on-the-go-fr\/accessoires-pour-poussette\/voile-de-protection-siege-auto-fr\/protetor-para-ovo-safari\/#primaryimage","url":"https:\/\/gloopbaby.com\/wp-content\/uploads\/2023\/06\/protetor-ovo-safari.jpg","contentUrl":"https:\/\/gloopbaby.com\/wp-content\/uploads\/2023\/06\/protetor-ovo-safari.jpg","width":1444,"height":2167,"caption":"Protetor de ovo em algod\u00e3o org\u00e2nico Safari"},{"@type":"BreadcrumbList","@id":"https:\/\/gloopbaby.com\/fr\/produit\/on-the-go-fr\/accessoires-pour-poussette\/voile-de-protection-siege-auto-fr\/protetor-para-ovo-safari\/#breadcrumb","itemListElement":[{"@type":"ListItem","position":1,"name":"In\u00edcio","item":"https:\/\/gloopbaby.com\/fr\/"},{"@type":"ListItem","position":2,"name":"Shop","item":"https:\/\/gloopbaby.com\/loja\/"},{"@type":"ListItem","position":3,"name":"Voile de protection siege auto Safari"}]},{"@type":"WebSite","@id":"https:\/\/gloopbaby.com\/fr\/#website","url":"https:\/\/gloopbaby.com\/fr\/","name":"Gloop Baby","description":"","publisher":{"@id":"https:\/\/gloopbaby.com\/fr\/#organization"},"potentialAction":[{"@type":"SearchAction","target":{"@type":"EntryPoint","urlTemplate":"https:\/\/gloopbaby.com\/fr\/?s={search_term_string}"},"query-input":{"@type":"PropertyValueSpecification","valueRequired":true,"valueName":"search_term_string"}}],"inLanguage":"fr-FR"},{"@type":"Organization","@id":"https:\/\/gloopbaby.com\/fr\/#organization","name":"Gloop Baby","url":"https:\/\/gloopbaby.com\/fr\/","logo":{"@type":"ImageObject","inLanguage":"fr-FR","@id":"https:\/\/gloopbaby.com\/fr\/#\/schema\/logo\/image\/","url":"https:\/\/gloopbaby.com\/wp-content\/uploads\/2023\/06\/gloop-logo.svg","contentUrl":"https:\/\/gloopbaby.com\/wp-content\/uploads\/2023\/06\/gloop-logo.svg","width":100,"height":100,"caption":"Gloop Baby"},"image":{"@id":"https:\/\/gloopbaby.com\/fr\/#\/schema\/logo\/image\/"}}]}},"_links":{"self":[{"href":"https:\/\/gloopbaby.com\/fr\/wp-json\/wp\/v2\/product\/29474","targetHints":{"allow":["GET"]}}],"collection":[{"href":"https:\/\/gloopbaby.com\/fr\/wp-json\/wp\/v2\/product"}],"about":[{"href":"https:\/\/gloopbaby.com\/fr\/wp-json\/wp\/v2\/types\/product"}],"replies":[{"embeddable":true,"href":"https:\/\/gloopbaby.com\/fr\/wp-json\/wp\/v2\/comments?post=29474"}],"wp:featuredmedia":[{"embeddable":true,"href":"https:\/\/gloopbaby.com\/fr\/wp-json\/wp\/v2\/media\/33760"}],"wp:attachment":[{"href":"https:\/\/gloopbaby.com\/fr\/wp-json\/wp\/v2\/media?parent=29474"}],"wp:term":[{"taxonomy":"product_brand","embeddable":true,"href":"https:\/\/gloopbaby.com\/fr\/wp-json\/wp\/v2\/product_brand?post=29474"},{"taxonomy":"product_cat","embeddable":true,"href":"https:\/\/gloopbaby.com\/fr\/wp-json\/wp\/v2\/product_cat?post=29474"},{"taxonomy":"product_tag","embeddable":true,"href":"https:\/\/gloopbaby.com\/fr\/wp-json\/wp\/v2\/product_tag?post=29474"}],"curies":[{"name":"wp","href":"https:\/\/api.w.org\/{rel}","templated":true}]}}