{"id":29332,"date":"2023-06-20T16:45:27","date_gmt":"2023-06-20T16:45:27","guid":{"rendered":"https:\/\/gloopbaby.com\/produto\/organizador-para-berco-safari\/"},"modified":"2026-04-13T13:06:25","modified_gmt":"2026-04-13T13:06:25","slug":"organizador-para-berco-safari","status":"publish","type":"product","link":"https:\/\/gloopbaby.com\/fr\/produit\/collections-fr\/safari-fr\/organizador-para-berco-safari\/","title":{"rendered":"Organisateur de berceau Safari"},"content":{"rendered":"<p><span class=\"Y2IQFc\" lang=\"fr\">L&rsquo;organisateur de lit b\u00e9b\u00e9 gloop! est un accessoire indispensable au quotidien. Il est dot\u00e9 de 3 poches pour garder les lingettes, les couches et les sucettes de b\u00e9b\u00e9 \u00e0 port\u00e9e de main. Ses sangles ajustables permettent de l&rsquo;accrocher \u00e0 tout type de lit b\u00e9b\u00e9 ou de mur. <\/span><span class=\"Y2IQFc\" lang=\"fr\">L&rsquo;organisateur de lit b\u00e9b\u00e9 gloop! est un accessoire indispensable pour rendre la chambre de b\u00e9b\u00e9 plus fonctionnelle, organis\u00e9e et \u00e9l\u00e9gante. Son design pratique et minimaliste s&rsquo;int\u00e8gre \u00e0 tous les styles de d\u00e9coration. Gr\u00e2ce \u00e0 ses 3 poches spacieuses, il est id\u00e9al pour ranger couches, lingettes, sucettes et autres accessoires essentiels et les avoir toujours \u00e0 port\u00e9e de main. <\/span><\/p>\n<p><span class=\"Y2IQFc\" lang=\"fr\">Fabriqu\u00e9 en coton 100% biologique certifi\u00e9, il est doux et sans danger pour l&rsquo;environnement de b\u00e9b\u00e9. Ses sangles ajustables permettent de l&rsquo;accrocher facilement \u00e0 tout type de lit b\u00e9b\u00e9 ou de mur. <\/span><\/p>\n<p><span class=\"Y2IQFc\" lang=\"fr\"><strong>Caract\u00e9ristiques:<\/strong> <\/span><\/p>\n<p><span class=\"Y2IQFc\" lang=\"fr\">Avec 3 poches de rangement <\/span><\/p>\n<p><span class=\"Y2IQFc\" lang=\"fr\">Dimensions: 60x30cm <\/span><\/p>\n<p><span class=\"Y2IQFc\" lang=\"fr\">100% coton biologique certifi\u00e9 <\/span><\/p>\n<p><span class=\"Y2IQFc\" lang=\"fr\">Sangles ajustables pour fixation au lit ou au mur <\/span><\/p>\n<p><span class=\"Y2IQFc\" lang=\"fr\">Fabriqu\u00e9 au Portugal <\/span><\/p>\n<p><span class=\"Y2IQFc\" lang=\"fr\">Produit durable, s\u00fbr et fonctionnel <\/span><\/p>\n<p><span class=\"Y2IQFc\" lang=\"fr\">Simplifiez-vous la vie au quotidien avec l&rsquo;organisateur de lit gloop!, con\u00e7u pour les parents soucieux de la qualit\u00e9 et de la praticit\u00e9.<\/span><\/p>\n","protected":false},"excerpt":{"rendered":"<p>L&rsquo;organisateur de lit b\u00e9b\u00e9 gloop! est un accessoire indispensable au quotidien. Il est dot\u00e9 de 3 poches pour garder les lingettes, les couches et les sucettes de b\u00e9b\u00e9 \u00e0 port\u00e9e de main. Ses sangles ajustables permettent de l&rsquo;accrocher \u00e0 tout type de lit b\u00e9b\u00e9 ou de mur. L&rsquo;organisateur de lit b\u00e9b\u00e9 gloop! est un accessoire [&hellip;]<\/p>\n","protected":false},"featured_media":33651,"comment_status":"closed","ping_status":"closed","template":"","meta":{"_acf_changed":false},"product_brand":[],"product_cat":[1582,1512,1478,1532,1560],"product_tag":[],"class_list":{"0":"post-29332","1":"product","2":"type-product","3":"status-publish","4":"has-post-thumbnail","6":"product_cat-collections-fr","7":"product_cat-lit-fr","8":"product_cat-home-and-sleep-fr","9":"product_cat-organisateur-de-berceau-fr","10":"product_cat-safari-fr","12":"first","13":"instock","14":"taxable","15":"shipping-taxable","16":"purchasable","17":"product-type-simple"},"acf":[],"yoast_head":"<!-- This site is optimized with the Yoast SEO plugin v27.4 - https:\/\/yoast.com\/product\/yoast-seo-wordpress\/ -->\n<title>Organisateur de berceau Safari - Gloop Baby<\/title>\n<meta name=\"robots\" content=\"index, follow, max-snippet:-1, max-image-preview:large, max-video-preview:-1\" \/>\n<link rel=\"canonical\" href=\"https:\/\/gloopbaby.com\/fr\/produit\/collections-fr\/safari-fr\/organizador-para-berco-safari\/\" \/>\n<meta property=\"og:locale\" content=\"fr_FR\" \/>\n<meta property=\"og:type\" content=\"article\" \/>\n<meta property=\"og:title\" content=\"Organisateur de berceau Safari - Gloop Baby\" \/>\n<meta property=\"og:description\" content=\"L&rsquo;organisateur de lit b\u00e9b\u00e9 gloop! est un accessoire indispensable au quotidien. Il est dot\u00e9 de 3 poches pour garder les lingettes, les couches et les sucettes de b\u00e9b\u00e9 \u00e0 port\u00e9e de main. Ses sangles ajustables permettent de l&rsquo;accrocher \u00e0 tout type de lit b\u00e9b\u00e9 ou de mur. L&rsquo;organisateur de lit b\u00e9b\u00e9 gloop! est un accessoire [&hellip;]\" \/>\n<meta property=\"og:url\" content=\"https:\/\/gloopbaby.com\/fr\/produit\/collections-fr\/safari-fr\/organizador-para-berco-safari\/\" \/>\n<meta property=\"og:site_name\" content=\"Gloop Baby\" \/>\n<meta property=\"article:modified_time\" content=\"2026-04-13T13:06:25+00:00\" \/>\n<meta property=\"og:image\" content=\"https:\/\/gloopbaby.com\/wp-content\/uploads\/2023\/06\/310821Gloop-agostoHD0179.jpg\" \/>\n\t<meta property=\"og:image:width\" content=\"967\" \/>\n\t<meta property=\"og:image:height\" content=\"1450\" \/>\n\t<meta property=\"og:image:type\" content=\"image\/jpeg\" \/>\n<meta name=\"twitter:card\" content=\"summary_large_image\" \/>\n<meta name=\"twitter:label1\" content=\"Dur\u00e9e de lecture estim\u00e9e\" \/>\n\t<meta name=\"twitter:data1\" content=\"1 minute\" \/>\n<script type=\"application\/ld+json\" class=\"yoast-schema-graph\">{\"@context\":\"https:\\\/\\\/schema.org\",\"@graph\":[{\"@type\":\"WebPage\",\"@id\":\"https:\\\/\\\/gloopbaby.com\\\/fr\\\/produit\\\/collections-fr\\\/safari-fr\\\/organizador-para-berco-safari\\\/\",\"url\":\"https:\\\/\\\/gloopbaby.com\\\/fr\\\/produit\\\/collections-fr\\\/safari-fr\\\/organizador-para-berco-safari\\\/\",\"name\":\"Organisateur de berceau Safari - Gloop Baby\",\"isPartOf\":{\"@id\":\"https:\\\/\\\/gloopbaby.com\\\/fr\\\/#website\"},\"primaryImageOfPage\":{\"@id\":\"https:\\\/\\\/gloopbaby.com\\\/fr\\\/produit\\\/collections-fr\\\/safari-fr\\\/organizador-para-berco-safari\\\/#primaryimage\"},\"image\":{\"@id\":\"https:\\\/\\\/gloopbaby.com\\\/fr\\\/produit\\\/collections-fr\\\/safari-fr\\\/organizador-para-berco-safari\\\/#primaryimage\"},\"thumbnailUrl\":\"https:\\\/\\\/gloopbaby.com\\\/wp-content\\\/uploads\\\/2023\\\/06\\\/310821Gloop-agostoHD0179.jpg\",\"datePublished\":\"2023-06-20T16:45:27+00:00\",\"dateModified\":\"2026-04-13T13:06:25+00:00\",\"breadcrumb\":{\"@id\":\"https:\\\/\\\/gloopbaby.com\\\/fr\\\/produit\\\/collections-fr\\\/safari-fr\\\/organizador-para-berco-safari\\\/#breadcrumb\"},\"inLanguage\":\"fr-FR\",\"potentialAction\":[{\"@type\":\"ReadAction\",\"target\":[\"https:\\\/\\\/gloopbaby.com\\\/fr\\\/produit\\\/collections-fr\\\/safari-fr\\\/organizador-para-berco-safari\\\/\"]}]},{\"@type\":\"ImageObject\",\"inLanguage\":\"fr-FR\",\"@id\":\"https:\\\/\\\/gloopbaby.com\\\/fr\\\/produit\\\/collections-fr\\\/safari-fr\\\/organizador-para-berco-safari\\\/#primaryimage\",\"url\":\"https:\\\/\\\/gloopbaby.com\\\/wp-content\\\/uploads\\\/2023\\\/06\\\/310821Gloop-agostoHD0179.jpg\",\"contentUrl\":\"https:\\\/\\\/gloopbaby.com\\\/wp-content\\\/uploads\\\/2023\\\/06\\\/310821Gloop-agostoHD0179.jpg\",\"width\":967,\"height\":1450,\"caption\":\"Organizador de ber\u00e7o Gloop em algod\u00e3o biol\u00f3gico com 3 bolsos\"},{\"@type\":\"BreadcrumbList\",\"@id\":\"https:\\\/\\\/gloopbaby.com\\\/fr\\\/produit\\\/collections-fr\\\/safari-fr\\\/organizador-para-berco-safari\\\/#breadcrumb\",\"itemListElement\":[{\"@type\":\"ListItem\",\"position\":1,\"name\":\"In\u00edcio\",\"item\":\"https:\\\/\\\/gloopbaby.com\\\/fr\\\/\"},{\"@type\":\"ListItem\",\"position\":2,\"name\":\"Shop\",\"item\":\"https:\\\/\\\/gloopbaby.com\\\/loja\\\/\"},{\"@type\":\"ListItem\",\"position\":3,\"name\":\"Organisateur de berceau Safari\"}]},{\"@type\":\"WebSite\",\"@id\":\"https:\\\/\\\/gloopbaby.com\\\/fr\\\/#website\",\"url\":\"https:\\\/\\\/gloopbaby.com\\\/fr\\\/\",\"name\":\"Gloop Baby\",\"description\":\"\",\"publisher\":{\"@id\":\"https:\\\/\\\/gloopbaby.com\\\/fr\\\/#organization\"},\"potentialAction\":[{\"@type\":\"SearchAction\",\"target\":{\"@type\":\"EntryPoint\",\"urlTemplate\":\"https:\\\/\\\/gloopbaby.com\\\/fr\\\/?s={search_term_string}\"},\"query-input\":{\"@type\":\"PropertyValueSpecification\",\"valueRequired\":true,\"valueName\":\"search_term_string\"}}],\"inLanguage\":\"fr-FR\"},{\"@type\":\"Organization\",\"@id\":\"https:\\\/\\\/gloopbaby.com\\\/fr\\\/#organization\",\"name\":\"Gloop Baby\",\"url\":\"https:\\\/\\\/gloopbaby.com\\\/fr\\\/\",\"logo\":{\"@type\":\"ImageObject\",\"inLanguage\":\"fr-FR\",\"@id\":\"https:\\\/\\\/gloopbaby.com\\\/fr\\\/#\\\/schema\\\/logo\\\/image\\\/\",\"url\":\"https:\\\/\\\/gloopbaby.com\\\/wp-content\\\/uploads\\\/2023\\\/06\\\/gloop-logo.svg\",\"contentUrl\":\"https:\\\/\\\/gloopbaby.com\\\/wp-content\\\/uploads\\\/2023\\\/06\\\/gloop-logo.svg\",\"width\":100,\"height\":100,\"caption\":\"Gloop Baby\"},\"image\":{\"@id\":\"https:\\\/\\\/gloopbaby.com\\\/fr\\\/#\\\/schema\\\/logo\\\/image\\\/\"}}]}<\/script>\n<!-- \/ Yoast SEO plugin. -->","yoast_head_json":{"title":"Organisateur de berceau Safari - Gloop Baby","robots":{"index":"index","follow":"follow","max-snippet":"max-snippet:-1","max-image-preview":"max-image-preview:large","max-video-preview":"max-video-preview:-1"},"canonical":"https:\/\/gloopbaby.com\/fr\/produit\/collections-fr\/safari-fr\/organizador-para-berco-safari\/","og_locale":"fr_FR","og_type":"article","og_title":"Organisateur de berceau Safari - Gloop Baby","og_description":"L&rsquo;organisateur de lit b\u00e9b\u00e9 gloop! est un accessoire indispensable au quotidien. Il est dot\u00e9 de 3 poches pour garder les lingettes, les couches et les sucettes de b\u00e9b\u00e9 \u00e0 port\u00e9e de main. Ses sangles ajustables permettent de l&rsquo;accrocher \u00e0 tout type de lit b\u00e9b\u00e9 ou de mur. L&rsquo;organisateur de lit b\u00e9b\u00e9 gloop! est un accessoire [&hellip;]","og_url":"https:\/\/gloopbaby.com\/fr\/produit\/collections-fr\/safari-fr\/organizador-para-berco-safari\/","og_site_name":"Gloop Baby","article_modified_time":"2026-04-13T13:06:25+00:00","og_image":[{"width":967,"height":1450,"url":"https:\/\/gloopbaby.com\/wp-content\/uploads\/2023\/06\/310821Gloop-agostoHD0179.jpg","type":"image\/jpeg"}],"twitter_card":"summary_large_image","twitter_misc":{"Dur\u00e9e de lecture estim\u00e9e":"1 minute"},"schema":{"@context":"https:\/\/schema.org","@graph":[{"@type":"WebPage","@id":"https:\/\/gloopbaby.com\/fr\/produit\/collections-fr\/safari-fr\/organizador-para-berco-safari\/","url":"https:\/\/gloopbaby.com\/fr\/produit\/collections-fr\/safari-fr\/organizador-para-berco-safari\/","name":"Organisateur de berceau Safari - Gloop Baby","isPartOf":{"@id":"https:\/\/gloopbaby.com\/fr\/#website"},"primaryImageOfPage":{"@id":"https:\/\/gloopbaby.com\/fr\/produit\/collections-fr\/safari-fr\/organizador-para-berco-safari\/#primaryimage"},"image":{"@id":"https:\/\/gloopbaby.com\/fr\/produit\/collections-fr\/safari-fr\/organizador-para-berco-safari\/#primaryimage"},"thumbnailUrl":"https:\/\/gloopbaby.com\/wp-content\/uploads\/2023\/06\/310821Gloop-agostoHD0179.jpg","datePublished":"2023-06-20T16:45:27+00:00","dateModified":"2026-04-13T13:06:25+00:00","breadcrumb":{"@id":"https:\/\/gloopbaby.com\/fr\/produit\/collections-fr\/safari-fr\/organizador-para-berco-safari\/#breadcrumb"},"inLanguage":"fr-FR","potentialAction":[{"@type":"ReadAction","target":["https:\/\/gloopbaby.com\/fr\/produit\/collections-fr\/safari-fr\/organizador-para-berco-safari\/"]}]},{"@type":"ImageObject","inLanguage":"fr-FR","@id":"https:\/\/gloopbaby.com\/fr\/produit\/collections-fr\/safari-fr\/organizador-para-berco-safari\/#primaryimage","url":"https:\/\/gloopbaby.com\/wp-content\/uploads\/2023\/06\/310821Gloop-agostoHD0179.jpg","contentUrl":"https:\/\/gloopbaby.com\/wp-content\/uploads\/2023\/06\/310821Gloop-agostoHD0179.jpg","width":967,"height":1450,"caption":"Organizador de ber\u00e7o Gloop em algod\u00e3o biol\u00f3gico com 3 bolsos"},{"@type":"BreadcrumbList","@id":"https:\/\/gloopbaby.com\/fr\/produit\/collections-fr\/safari-fr\/organizador-para-berco-safari\/#breadcrumb","itemListElement":[{"@type":"ListItem","position":1,"name":"In\u00edcio","item":"https:\/\/gloopbaby.com\/fr\/"},{"@type":"ListItem","position":2,"name":"Shop","item":"https:\/\/gloopbaby.com\/loja\/"},{"@type":"ListItem","position":3,"name":"Organisateur de berceau Safari"}]},{"@type":"WebSite","@id":"https:\/\/gloopbaby.com\/fr\/#website","url":"https:\/\/gloopbaby.com\/fr\/","name":"Gloop Baby","description":"","publisher":{"@id":"https:\/\/gloopbaby.com\/fr\/#organization"},"potentialAction":[{"@type":"SearchAction","target":{"@type":"EntryPoint","urlTemplate":"https:\/\/gloopbaby.com\/fr\/?s={search_term_string}"},"query-input":{"@type":"PropertyValueSpecification","valueRequired":true,"valueName":"search_term_string"}}],"inLanguage":"fr-FR"},{"@type":"Organization","@id":"https:\/\/gloopbaby.com\/fr\/#organization","name":"Gloop Baby","url":"https:\/\/gloopbaby.com\/fr\/","logo":{"@type":"ImageObject","inLanguage":"fr-FR","@id":"https:\/\/gloopbaby.com\/fr\/#\/schema\/logo\/image\/","url":"https:\/\/gloopbaby.com\/wp-content\/uploads\/2023\/06\/gloop-logo.svg","contentUrl":"https:\/\/gloopbaby.com\/wp-content\/uploads\/2023\/06\/gloop-logo.svg","width":100,"height":100,"caption":"Gloop Baby"},"image":{"@id":"https:\/\/gloopbaby.com\/fr\/#\/schema\/logo\/image\/"}}]}},"_links":{"self":[{"href":"https:\/\/gloopbaby.com\/fr\/wp-json\/wp\/v2\/product\/29332","targetHints":{"allow":["GET"]}}],"collection":[{"href":"https:\/\/gloopbaby.com\/fr\/wp-json\/wp\/v2\/product"}],"about":[{"href":"https:\/\/gloopbaby.com\/fr\/wp-json\/wp\/v2\/types\/product"}],"replies":[{"embeddable":true,"href":"https:\/\/gloopbaby.com\/fr\/wp-json\/wp\/v2\/comments?post=29332"}],"wp:featuredmedia":[{"embeddable":true,"href":"https:\/\/gloopbaby.com\/fr\/wp-json\/wp\/v2\/media\/33651"}],"wp:attachment":[{"href":"https:\/\/gloopbaby.com\/fr\/wp-json\/wp\/v2\/media?parent=29332"}],"wp:term":[{"taxonomy":"product_brand","embeddable":true,"href":"https:\/\/gloopbaby.com\/fr\/wp-json\/wp\/v2\/product_brand?post=29332"},{"taxonomy":"product_cat","embeddable":true,"href":"https:\/\/gloopbaby.com\/fr\/wp-json\/wp\/v2\/product_cat?post=29332"},{"taxonomy":"product_tag","embeddable":true,"href":"https:\/\/gloopbaby.com\/fr\/wp-json\/wp\/v2\/product_tag?post=29332"}],"curies":[{"name":"wp","href":"https:\/\/api.w.org\/{rel}","templated":true}]}}