{"id":29294,"date":"2023-06-20T16:46:01","date_gmt":"2023-06-20T16:46:01","guid":{"rendered":"https:\/\/gloopbaby.com\/produto\/alcofa-safari\/"},"modified":"2026-04-14T09:33:37","modified_gmt":"2026-04-14T09:33:37","slug":"alcofa-safari","status":"publish","type":"product","link":"https:\/\/gloopbaby.com\/fr\/produit\/collections-fr\/safari-fr\/alcofa-safari\/","title":{"rendered":"Couffin Safari"},"content":{"rendered":"<p><span class=\"Y2IQFc\" lang=\"fr\">Le couffin gloop! est le choix id\u00e9al pour les nouveau-n\u00e9s. L\u00e9ger, pratique et fabriqu\u00e9 \u00e0 la main au Portugal, il offre confort et s\u00e9curit\u00e9 d\u00e8s les premiers jours. Il comprend un matelas, une couette et un oreiller, garantissant un cocon douillet pour le sommeil de votre b\u00e9b\u00e9. <\/span><\/p>\n<p><span class=\"Y2IQFc\" lang=\"fr\">Confectionn\u00e9 en coton 100% biologique certifi\u00e9 \u00e0 l&rsquo;ext\u00e9rieur et dot\u00e9 d&rsquo;un int\u00e9rieur rembourr\u00e9 en polyester doux, ce couffin allie qualit\u00e9, durabilit\u00e9 et design raffin\u00e9. <\/span><\/p>\n<p><span class=\"Y2IQFc\" lang=\"fr\">Parfait pour les parents \u00e0 la recherche d&rsquo;un couffin \u00e9cologique, fonctionnel et esth\u00e9tique. <\/span><\/p>\n<p><span class=\"Y2IQFc\" lang=\"fr\">Pour acheter uniquement la housse du couffin, s\u00e9lectionnez simplement l&rsquo;option \u00abHousse\u00bb. <\/span><\/p>\n<p><span class=\"Y2IQFc\" lang=\"fr\"><strong>Caract\u00e9ristiques principales:<\/strong> <\/span><\/p>\n<p><span class=\"Y2IQFc\" lang=\"fr\">Dimensions: 85x45cm <\/span><\/p>\n<p><span class=\"Y2IQFc\" lang=\"fr\">Fabriqu\u00e9 au Portugal <\/span><\/p>\n<p><span class=\"Y2IQFc\" lang=\"fr\">Id\u00e9al pour la maison ou les courtes sorties. <\/span><\/p>\n<p><span class=\"Y2IQFc\" lang=\"fr\">Produit \u00e9cologique, sans produits chimiques nocifs, id\u00e9al pour les parents soucieux du bien-\u00eatre de leur b\u00e9b\u00e9 et de la plan\u00e8te.<\/span><\/p>\n","protected":false},"excerpt":{"rendered":"<p>Le couffin gloop! est le choix id\u00e9al pour les nouveau-n\u00e9s. L\u00e9ger, pratique et fabriqu\u00e9 \u00e0 la main au Portugal, il offre confort et s\u00e9curit\u00e9 d\u00e8s les premiers jours. Il comprend un matelas, une couette et un oreiller, garantissant un cocon douillet pour le sommeil de votre b\u00e9b\u00e9. Confectionn\u00e9 en coton 100% biologique certifi\u00e9 \u00e0 l&rsquo;ext\u00e9rieur [&hellip;]<\/p>\n","protected":false},"featured_media":33718,"comment_status":"closed","ping_status":"closed","template":"","meta":{"_acf_changed":false},"product_brand":[],"product_cat":[1582,1508,1478,1560],"product_tag":[],"class_list":{"0":"post-29294","1":"product","2":"type-product","3":"status-publish","4":"has-post-thumbnail","6":"product_cat-collections-fr","7":"product_cat-couffin-fr","8":"product_cat-home-and-sleep-fr","9":"product_cat-safari-fr","11":"first","12":"instock","13":"taxable","14":"shipping-taxable","15":"purchasable","16":"product-type-variable"},"acf":[],"yoast_head":"<!-- This site is optimized with the Yoast SEO plugin v27.4 - https:\/\/yoast.com\/product\/yoast-seo-wordpress\/ -->\n<title>Couffin Safari - Gloop Baby<\/title>\n<meta name=\"robots\" content=\"index, follow, max-snippet:-1, max-image-preview:large, max-video-preview:-1\" \/>\n<link rel=\"canonical\" href=\"https:\/\/gloopbaby.com\/fr\/produit\/collections-fr\/safari-fr\/alcofa-safari\/\" \/>\n<meta property=\"og:locale\" content=\"fr_FR\" \/>\n<meta property=\"og:type\" content=\"article\" \/>\n<meta property=\"og:title\" content=\"Couffin Safari - Gloop Baby\" \/>\n<meta property=\"og:description\" content=\"Le couffin gloop! est le choix id\u00e9al pour les nouveau-n\u00e9s. L\u00e9ger, pratique et fabriqu\u00e9 \u00e0 la main au Portugal, il offre confort et s\u00e9curit\u00e9 d\u00e8s les premiers jours. Il comprend un matelas, une couette et un oreiller, garantissant un cocon douillet pour le sommeil de votre b\u00e9b\u00e9. Confectionn\u00e9 en coton 100% biologique certifi\u00e9 \u00e0 l&rsquo;ext\u00e9rieur [&hellip;]\" \/>\n<meta property=\"og:url\" content=\"https:\/\/gloopbaby.com\/fr\/produit\/collections-fr\/safari-fr\/alcofa-safari\/\" \/>\n<meta property=\"og:site_name\" content=\"Gloop Baby\" \/>\n<meta property=\"article:modified_time\" content=\"2026-04-14T09:33:37+00:00\" \/>\n<meta property=\"og:image\" content=\"https:\/\/gloopbaby.com\/wp-content\/uploads\/2023\/06\/2-310821Gloop-agostoHD0209.jpg\" \/>\n\t<meta property=\"og:image:width\" content=\"1031\" \/>\n\t<meta property=\"og:image:height\" content=\"1546\" \/>\n\t<meta property=\"og:image:type\" content=\"image\/jpeg\" \/>\n<meta name=\"twitter:card\" content=\"summary_large_image\" \/>\n<meta name=\"twitter:label1\" content=\"Dur\u00e9e de lecture estim\u00e9e\" \/>\n\t<meta name=\"twitter:data1\" content=\"1 minute\" \/>\n<script type=\"application\/ld+json\" class=\"yoast-schema-graph\">{\"@context\":\"https:\\\/\\\/schema.org\",\"@graph\":[{\"@type\":\"WebPage\",\"@id\":\"https:\\\/\\\/gloopbaby.com\\\/fr\\\/produit\\\/collections-fr\\\/safari-fr\\\/alcofa-safari\\\/\",\"url\":\"https:\\\/\\\/gloopbaby.com\\\/fr\\\/produit\\\/collections-fr\\\/safari-fr\\\/alcofa-safari\\\/\",\"name\":\"Couffin Safari - Gloop Baby\",\"isPartOf\":{\"@id\":\"https:\\\/\\\/gloopbaby.com\\\/fr\\\/#website\"},\"primaryImageOfPage\":{\"@id\":\"https:\\\/\\\/gloopbaby.com\\\/fr\\\/produit\\\/collections-fr\\\/safari-fr\\\/alcofa-safari\\\/#primaryimage\"},\"image\":{\"@id\":\"https:\\\/\\\/gloopbaby.com\\\/fr\\\/produit\\\/collections-fr\\\/safari-fr\\\/alcofa-safari\\\/#primaryimage\"},\"thumbnailUrl\":\"https:\\\/\\\/gloopbaby.com\\\/wp-content\\\/uploads\\\/2023\\\/06\\\/2-310821Gloop-agostoHD0209.jpg\",\"datePublished\":\"2023-06-20T16:46:01+00:00\",\"dateModified\":\"2026-04-14T09:33:37+00:00\",\"breadcrumb\":{\"@id\":\"https:\\\/\\\/gloopbaby.com\\\/fr\\\/produit\\\/collections-fr\\\/safari-fr\\\/alcofa-safari\\\/#breadcrumb\"},\"inLanguage\":\"fr-FR\",\"potentialAction\":[{\"@type\":\"ReadAction\",\"target\":[\"https:\\\/\\\/gloopbaby.com\\\/fr\\\/produit\\\/collections-fr\\\/safari-fr\\\/alcofa-safari\\\/\"]}]},{\"@type\":\"ImageObject\",\"inLanguage\":\"fr-FR\",\"@id\":\"https:\\\/\\\/gloopbaby.com\\\/fr\\\/produit\\\/collections-fr\\\/safari-fr\\\/alcofa-safari\\\/#primaryimage\",\"url\":\"https:\\\/\\\/gloopbaby.com\\\/wp-content\\\/uploads\\\/2023\\\/06\\\/2-310821Gloop-agostoHD0209.jpg\",\"contentUrl\":\"https:\\\/\\\/gloopbaby.com\\\/wp-content\\\/uploads\\\/2023\\\/06\\\/2-310821Gloop-agostoHD0209.jpg\",\"width\":1031,\"height\":1546,\"caption\":\"Alcofa Soft Sky para beb\u00e9 Gloop em algod\u00e3o biol\u00f3gico\"},{\"@type\":\"BreadcrumbList\",\"@id\":\"https:\\\/\\\/gloopbaby.com\\\/fr\\\/produit\\\/collections-fr\\\/safari-fr\\\/alcofa-safari\\\/#breadcrumb\",\"itemListElement\":[{\"@type\":\"ListItem\",\"position\":1,\"name\":\"In\u00edcio\",\"item\":\"https:\\\/\\\/gloopbaby.com\\\/fr\\\/\"},{\"@type\":\"ListItem\",\"position\":2,\"name\":\"Shop\",\"item\":\"https:\\\/\\\/gloopbaby.com\\\/loja\\\/\"},{\"@type\":\"ListItem\",\"position\":3,\"name\":\"Couffin Safari\"}]},{\"@type\":\"WebSite\",\"@id\":\"https:\\\/\\\/gloopbaby.com\\\/fr\\\/#website\",\"url\":\"https:\\\/\\\/gloopbaby.com\\\/fr\\\/\",\"name\":\"Gloop Baby\",\"description\":\"\",\"publisher\":{\"@id\":\"https:\\\/\\\/gloopbaby.com\\\/fr\\\/#organization\"},\"potentialAction\":[{\"@type\":\"SearchAction\",\"target\":{\"@type\":\"EntryPoint\",\"urlTemplate\":\"https:\\\/\\\/gloopbaby.com\\\/fr\\\/?s={search_term_string}\"},\"query-input\":{\"@type\":\"PropertyValueSpecification\",\"valueRequired\":true,\"valueName\":\"search_term_string\"}}],\"inLanguage\":\"fr-FR\"},{\"@type\":\"Organization\",\"@id\":\"https:\\\/\\\/gloopbaby.com\\\/fr\\\/#organization\",\"name\":\"Gloop Baby\",\"url\":\"https:\\\/\\\/gloopbaby.com\\\/fr\\\/\",\"logo\":{\"@type\":\"ImageObject\",\"inLanguage\":\"fr-FR\",\"@id\":\"https:\\\/\\\/gloopbaby.com\\\/fr\\\/#\\\/schema\\\/logo\\\/image\\\/\",\"url\":\"https:\\\/\\\/gloopbaby.com\\\/wp-content\\\/uploads\\\/2023\\\/06\\\/gloop-logo.svg\",\"contentUrl\":\"https:\\\/\\\/gloopbaby.com\\\/wp-content\\\/uploads\\\/2023\\\/06\\\/gloop-logo.svg\",\"width\":100,\"height\":100,\"caption\":\"Gloop Baby\"},\"image\":{\"@id\":\"https:\\\/\\\/gloopbaby.com\\\/fr\\\/#\\\/schema\\\/logo\\\/image\\\/\"}}]}<\/script>\n<!-- \/ Yoast SEO plugin. -->","yoast_head_json":{"title":"Couffin Safari - Gloop Baby","robots":{"index":"index","follow":"follow","max-snippet":"max-snippet:-1","max-image-preview":"max-image-preview:large","max-video-preview":"max-video-preview:-1"},"canonical":"https:\/\/gloopbaby.com\/fr\/produit\/collections-fr\/safari-fr\/alcofa-safari\/","og_locale":"fr_FR","og_type":"article","og_title":"Couffin Safari - Gloop Baby","og_description":"Le couffin gloop! est le choix id\u00e9al pour les nouveau-n\u00e9s. L\u00e9ger, pratique et fabriqu\u00e9 \u00e0 la main au Portugal, il offre confort et s\u00e9curit\u00e9 d\u00e8s les premiers jours. Il comprend un matelas, une couette et un oreiller, garantissant un cocon douillet pour le sommeil de votre b\u00e9b\u00e9. Confectionn\u00e9 en coton 100% biologique certifi\u00e9 \u00e0 l&rsquo;ext\u00e9rieur [&hellip;]","og_url":"https:\/\/gloopbaby.com\/fr\/produit\/collections-fr\/safari-fr\/alcofa-safari\/","og_site_name":"Gloop Baby","article_modified_time":"2026-04-14T09:33:37+00:00","og_image":[{"width":1031,"height":1546,"url":"https:\/\/gloopbaby.com\/wp-content\/uploads\/2023\/06\/2-310821Gloop-agostoHD0209.jpg","type":"image\/jpeg"}],"twitter_card":"summary_large_image","twitter_misc":{"Dur\u00e9e de lecture estim\u00e9e":"1 minute"},"schema":{"@context":"https:\/\/schema.org","@graph":[{"@type":"WebPage","@id":"https:\/\/gloopbaby.com\/fr\/produit\/collections-fr\/safari-fr\/alcofa-safari\/","url":"https:\/\/gloopbaby.com\/fr\/produit\/collections-fr\/safari-fr\/alcofa-safari\/","name":"Couffin Safari - Gloop Baby","isPartOf":{"@id":"https:\/\/gloopbaby.com\/fr\/#website"},"primaryImageOfPage":{"@id":"https:\/\/gloopbaby.com\/fr\/produit\/collections-fr\/safari-fr\/alcofa-safari\/#primaryimage"},"image":{"@id":"https:\/\/gloopbaby.com\/fr\/produit\/collections-fr\/safari-fr\/alcofa-safari\/#primaryimage"},"thumbnailUrl":"https:\/\/gloopbaby.com\/wp-content\/uploads\/2023\/06\/2-310821Gloop-agostoHD0209.jpg","datePublished":"2023-06-20T16:46:01+00:00","dateModified":"2026-04-14T09:33:37+00:00","breadcrumb":{"@id":"https:\/\/gloopbaby.com\/fr\/produit\/collections-fr\/safari-fr\/alcofa-safari\/#breadcrumb"},"inLanguage":"fr-FR","potentialAction":[{"@type":"ReadAction","target":["https:\/\/gloopbaby.com\/fr\/produit\/collections-fr\/safari-fr\/alcofa-safari\/"]}]},{"@type":"ImageObject","inLanguage":"fr-FR","@id":"https:\/\/gloopbaby.com\/fr\/produit\/collections-fr\/safari-fr\/alcofa-safari\/#primaryimage","url":"https:\/\/gloopbaby.com\/wp-content\/uploads\/2023\/06\/2-310821Gloop-agostoHD0209.jpg","contentUrl":"https:\/\/gloopbaby.com\/wp-content\/uploads\/2023\/06\/2-310821Gloop-agostoHD0209.jpg","width":1031,"height":1546,"caption":"Alcofa Soft Sky para beb\u00e9 Gloop em algod\u00e3o biol\u00f3gico"},{"@type":"BreadcrumbList","@id":"https:\/\/gloopbaby.com\/fr\/produit\/collections-fr\/safari-fr\/alcofa-safari\/#breadcrumb","itemListElement":[{"@type":"ListItem","position":1,"name":"In\u00edcio","item":"https:\/\/gloopbaby.com\/fr\/"},{"@type":"ListItem","position":2,"name":"Shop","item":"https:\/\/gloopbaby.com\/loja\/"},{"@type":"ListItem","position":3,"name":"Couffin Safari"}]},{"@type":"WebSite","@id":"https:\/\/gloopbaby.com\/fr\/#website","url":"https:\/\/gloopbaby.com\/fr\/","name":"Gloop Baby","description":"","publisher":{"@id":"https:\/\/gloopbaby.com\/fr\/#organization"},"potentialAction":[{"@type":"SearchAction","target":{"@type":"EntryPoint","urlTemplate":"https:\/\/gloopbaby.com\/fr\/?s={search_term_string}"},"query-input":{"@type":"PropertyValueSpecification","valueRequired":true,"valueName":"search_term_string"}}],"inLanguage":"fr-FR"},{"@type":"Organization","@id":"https:\/\/gloopbaby.com\/fr\/#organization","name":"Gloop Baby","url":"https:\/\/gloopbaby.com\/fr\/","logo":{"@type":"ImageObject","inLanguage":"fr-FR","@id":"https:\/\/gloopbaby.com\/fr\/#\/schema\/logo\/image\/","url":"https:\/\/gloopbaby.com\/wp-content\/uploads\/2023\/06\/gloop-logo.svg","contentUrl":"https:\/\/gloopbaby.com\/wp-content\/uploads\/2023\/06\/gloop-logo.svg","width":100,"height":100,"caption":"Gloop Baby"},"image":{"@id":"https:\/\/gloopbaby.com\/fr\/#\/schema\/logo\/image\/"}}]}},"_links":{"self":[{"href":"https:\/\/gloopbaby.com\/fr\/wp-json\/wp\/v2\/product\/29294","targetHints":{"allow":["GET"]}}],"collection":[{"href":"https:\/\/gloopbaby.com\/fr\/wp-json\/wp\/v2\/product"}],"about":[{"href":"https:\/\/gloopbaby.com\/fr\/wp-json\/wp\/v2\/types\/product"}],"replies":[{"embeddable":true,"href":"https:\/\/gloopbaby.com\/fr\/wp-json\/wp\/v2\/comments?post=29294"}],"wp:featuredmedia":[{"embeddable":true,"href":"https:\/\/gloopbaby.com\/fr\/wp-json\/wp\/v2\/media\/33718"}],"wp:attachment":[{"href":"https:\/\/gloopbaby.com\/fr\/wp-json\/wp\/v2\/media?parent=29294"}],"wp:term":[{"taxonomy":"product_brand","embeddable":true,"href":"https:\/\/gloopbaby.com\/fr\/wp-json\/wp\/v2\/product_brand?post=29294"},{"taxonomy":"product_cat","embeddable":true,"href":"https:\/\/gloopbaby.com\/fr\/wp-json\/wp\/v2\/product_cat?post=29294"},{"taxonomy":"product_tag","embeddable":true,"href":"https:\/\/gloopbaby.com\/fr\/wp-json\/wp\/v2\/product_tag?post=29294"}],"curies":[{"name":"wp","href":"https:\/\/api.w.org\/{rel}","templated":true}]}}