{"id":29278,"date":"2023-06-20T16:46:05","date_gmt":"2023-06-20T16:46:05","guid":{"rendered":"https:\/\/gloopbaby.com\/produto\/pack-2-calcas-interiores-branco\/"},"modified":"2024-11-26T14:53:17","modified_gmt":"2024-11-26T14:53:17","slug":"pack-2-calcas-interiores-branco","status":"publish","type":"product","link":"https:\/\/gloopbaby.com\/fr\/produit\/clothing-fr\/bases\/set-2-pantalons-interieurs\/pack-2-calcas-interiores-branco\/","title":{"rendered":"Set 2 Pantalons Int\u00e9rieurs Blanc"},"content":{"rendered":"<p>Pantalon int\u00e9rieur souple de coton avec large bande rapport\u00e9e repliable \u00e0 la taille. Pieds ferm\u00e9s avec \u00e9lastique sur le talon. 100% coton biologique et \u00e9cologique et fabriqu\u00e9 au Portugal. Taille: 1-3 mois (55cm-62cm) | 3-6 mois (62cm-68cm) | 6-9 mois (68cm-74cm).<\/p>\n","protected":false},"excerpt":{"rendered":"<p>Pantalon int\u00e9rieur souple de coton avec large bande rapport\u00e9e repliable \u00e0 la taille. Pieds ferm\u00e9s avec \u00e9lastique sur le talon. 100% coton biologique et \u00e9cologique et fabriqu\u00e9 au Portugal. Taille: 1-3 mois (55cm-62cm) | 3-6 mois (62cm-68cm) | 6-9 mois (68cm-74cm).<\/p>\n","protected":false},"featured_media":38898,"comment_status":"closed","ping_status":"closed","template":"","meta":{"_acf_changed":false},"product_brand":[],"product_cat":[1438,1796,1370],"product_tag":[],"class_list":{"0":"post-29278","1":"product","2":"type-product","3":"status-publish","4":"has-post-thumbnail","6":"product_cat-bases","7":"product_cat-set-2-pantalons-interieurs","8":"product_cat-clothing-fr","10":"first","11":"instock","12":"taxable","13":"shipping-taxable","14":"purchasable","15":"product-type-variable"},"acf":[],"yoast_head":"<!-- This site is optimized with the Yoast SEO plugin v27.3 - https:\/\/yoast.com\/product\/yoast-seo-wordpress\/ -->\n<title>Set 2 Pantalons Int\u00e9rieurs Blanc - Gloop Baby<\/title>\n<meta name=\"robots\" content=\"index, follow, max-snippet:-1, max-image-preview:large, max-video-preview:-1\" \/>\n<link rel=\"canonical\" href=\"https:\/\/gloopbaby.com\/fr\/produit\/clothing-fr\/bases\/set-2-pantalons-interieurs\/pack-2-calcas-interiores-branco\/\" \/>\n<meta property=\"og:locale\" content=\"fr_FR\" \/>\n<meta property=\"og:type\" content=\"article\" \/>\n<meta property=\"og:title\" content=\"Set 2 Pantalons Int\u00e9rieurs Blanc - Gloop Baby\" \/>\n<meta property=\"og:description\" content=\"Pantalon int\u00e9rieur souple de coton avec large bande rapport\u00e9e repliable \u00e0 la taille. Pieds ferm\u00e9s avec \u00e9lastique sur le talon. 100% coton biologique et \u00e9cologique et fabriqu\u00e9 au Portugal. Taille: 1-3 mois (55cm-62cm) | 3-6 mois (62cm-68cm) | 6-9 mois (68cm-74cm).\" \/>\n<meta property=\"og:url\" content=\"https:\/\/gloopbaby.com\/fr\/produit\/clothing-fr\/bases\/set-2-pantalons-interieurs\/pack-2-calcas-interiores-branco\/\" \/>\n<meta property=\"og:site_name\" content=\"Gloop Baby\" \/>\n<meta property=\"article:modified_time\" content=\"2024-11-26T14:53:17+00:00\" \/>\n<meta property=\"og:image\" content=\"https:\/\/gloopbaby.com\/wp-content\/uploads\/2023\/06\/calca-interior-branco.jpg\" \/>\n\t<meta property=\"og:image:width\" content=\"1444\" \/>\n\t<meta property=\"og:image:height\" content=\"2166\" \/>\n\t<meta property=\"og:image:type\" content=\"image\/jpeg\" \/>\n<meta name=\"twitter:card\" content=\"summary_large_image\" \/>\n<script type=\"application\/ld+json\" class=\"yoast-schema-graph\">{\"@context\":\"https:\\\/\\\/schema.org\",\"@graph\":[{\"@type\":\"WebPage\",\"@id\":\"https:\\\/\\\/gloopbaby.com\\\/fr\\\/produit\\\/clothing-fr\\\/bases\\\/set-2-pantalons-interieurs\\\/pack-2-calcas-interiores-branco\\\/\",\"url\":\"https:\\\/\\\/gloopbaby.com\\\/fr\\\/produit\\\/clothing-fr\\\/bases\\\/set-2-pantalons-interieurs\\\/pack-2-calcas-interiores-branco\\\/\",\"name\":\"Set 2 Pantalons Int\u00e9rieurs Blanc - Gloop Baby\",\"isPartOf\":{\"@id\":\"https:\\\/\\\/gloopbaby.com\\\/fr\\\/#website\"},\"primaryImageOfPage\":{\"@id\":\"https:\\\/\\\/gloopbaby.com\\\/fr\\\/produit\\\/clothing-fr\\\/bases\\\/set-2-pantalons-interieurs\\\/pack-2-calcas-interiores-branco\\\/#primaryimage\"},\"image\":{\"@id\":\"https:\\\/\\\/gloopbaby.com\\\/fr\\\/produit\\\/clothing-fr\\\/bases\\\/set-2-pantalons-interieurs\\\/pack-2-calcas-interiores-branco\\\/#primaryimage\"},\"thumbnailUrl\":\"https:\\\/\\\/gloopbaby.com\\\/wp-content\\\/uploads\\\/2023\\\/06\\\/calca-interior-branco.jpg\",\"datePublished\":\"2023-06-20T16:46:05+00:00\",\"dateModified\":\"2024-11-26T14:53:17+00:00\",\"breadcrumb\":{\"@id\":\"https:\\\/\\\/gloopbaby.com\\\/fr\\\/produit\\\/clothing-fr\\\/bases\\\/set-2-pantalons-interieurs\\\/pack-2-calcas-interiores-branco\\\/#breadcrumb\"},\"inLanguage\":\"fr-FR\",\"potentialAction\":[{\"@type\":\"ReadAction\",\"target\":[\"https:\\\/\\\/gloopbaby.com\\\/fr\\\/produit\\\/clothing-fr\\\/bases\\\/set-2-pantalons-interieurs\\\/pack-2-calcas-interiores-branco\\\/\"]}]},{\"@type\":\"ImageObject\",\"inLanguage\":\"fr-FR\",\"@id\":\"https:\\\/\\\/gloopbaby.com\\\/fr\\\/produit\\\/clothing-fr\\\/bases\\\/set-2-pantalons-interieurs\\\/pack-2-calcas-interiores-branco\\\/#primaryimage\",\"url\":\"https:\\\/\\\/gloopbaby.com\\\/wp-content\\\/uploads\\\/2023\\\/06\\\/calca-interior-branco.jpg\",\"contentUrl\":\"https:\\\/\\\/gloopbaby.com\\\/wp-content\\\/uploads\\\/2023\\\/06\\\/calca-interior-branco.jpg\",\"width\":1444,\"height\":2166},{\"@type\":\"BreadcrumbList\",\"@id\":\"https:\\\/\\\/gloopbaby.com\\\/fr\\\/produit\\\/clothing-fr\\\/bases\\\/set-2-pantalons-interieurs\\\/pack-2-calcas-interiores-branco\\\/#breadcrumb\",\"itemListElement\":[{\"@type\":\"ListItem\",\"position\":1,\"name\":\"In\u00edcio\",\"item\":\"https:\\\/\\\/gloopbaby.com\\\/fr\\\/\"},{\"@type\":\"ListItem\",\"position\":2,\"name\":\"Shop\",\"item\":\"https:\\\/\\\/gloopbaby.com\\\/loja\\\/\"},{\"@type\":\"ListItem\",\"position\":3,\"name\":\"Set 2 Pantalons Int\u00e9rieurs Blanc\"}]},{\"@type\":\"WebSite\",\"@id\":\"https:\\\/\\\/gloopbaby.com\\\/fr\\\/#website\",\"url\":\"https:\\\/\\\/gloopbaby.com\\\/fr\\\/\",\"name\":\"Gloop Baby\",\"description\":\"\",\"publisher\":{\"@id\":\"https:\\\/\\\/gloopbaby.com\\\/fr\\\/#organization\"},\"potentialAction\":[{\"@type\":\"SearchAction\",\"target\":{\"@type\":\"EntryPoint\",\"urlTemplate\":\"https:\\\/\\\/gloopbaby.com\\\/fr\\\/?s={search_term_string}\"},\"query-input\":{\"@type\":\"PropertyValueSpecification\",\"valueRequired\":true,\"valueName\":\"search_term_string\"}}],\"inLanguage\":\"fr-FR\"},{\"@type\":\"Organization\",\"@id\":\"https:\\\/\\\/gloopbaby.com\\\/fr\\\/#organization\",\"name\":\"Gloop Baby\",\"url\":\"https:\\\/\\\/gloopbaby.com\\\/fr\\\/\",\"logo\":{\"@type\":\"ImageObject\",\"inLanguage\":\"fr-FR\",\"@id\":\"https:\\\/\\\/gloopbaby.com\\\/fr\\\/#\\\/schema\\\/logo\\\/image\\\/\",\"url\":\"https:\\\/\\\/gloopbaby.com\\\/wp-content\\\/uploads\\\/2023\\\/06\\\/gloop-logo.svg\",\"contentUrl\":\"https:\\\/\\\/gloopbaby.com\\\/wp-content\\\/uploads\\\/2023\\\/06\\\/gloop-logo.svg\",\"width\":100,\"height\":100,\"caption\":\"Gloop Baby\"},\"image\":{\"@id\":\"https:\\\/\\\/gloopbaby.com\\\/fr\\\/#\\\/schema\\\/logo\\\/image\\\/\"}}]}<\/script>\n<!-- \/ Yoast SEO plugin. -->","yoast_head_json":{"title":"Set 2 Pantalons Int\u00e9rieurs Blanc - Gloop Baby","robots":{"index":"index","follow":"follow","max-snippet":"max-snippet:-1","max-image-preview":"max-image-preview:large","max-video-preview":"max-video-preview:-1"},"canonical":"https:\/\/gloopbaby.com\/fr\/produit\/clothing-fr\/bases\/set-2-pantalons-interieurs\/pack-2-calcas-interiores-branco\/","og_locale":"fr_FR","og_type":"article","og_title":"Set 2 Pantalons Int\u00e9rieurs Blanc - Gloop Baby","og_description":"Pantalon int\u00e9rieur souple de coton avec large bande rapport\u00e9e repliable \u00e0 la taille. Pieds ferm\u00e9s avec \u00e9lastique sur le talon. 100% coton biologique et \u00e9cologique et fabriqu\u00e9 au Portugal. Taille: 1-3 mois (55cm-62cm) | 3-6 mois (62cm-68cm) | 6-9 mois (68cm-74cm).","og_url":"https:\/\/gloopbaby.com\/fr\/produit\/clothing-fr\/bases\/set-2-pantalons-interieurs\/pack-2-calcas-interiores-branco\/","og_site_name":"Gloop Baby","article_modified_time":"2024-11-26T14:53:17+00:00","og_image":[{"width":1444,"height":2166,"url":"https:\/\/gloopbaby.com\/wp-content\/uploads\/2023\/06\/calca-interior-branco.jpg","type":"image\/jpeg"}],"twitter_card":"summary_large_image","schema":{"@context":"https:\/\/schema.org","@graph":[{"@type":"WebPage","@id":"https:\/\/gloopbaby.com\/fr\/produit\/clothing-fr\/bases\/set-2-pantalons-interieurs\/pack-2-calcas-interiores-branco\/","url":"https:\/\/gloopbaby.com\/fr\/produit\/clothing-fr\/bases\/set-2-pantalons-interieurs\/pack-2-calcas-interiores-branco\/","name":"Set 2 Pantalons Int\u00e9rieurs Blanc - Gloop Baby","isPartOf":{"@id":"https:\/\/gloopbaby.com\/fr\/#website"},"primaryImageOfPage":{"@id":"https:\/\/gloopbaby.com\/fr\/produit\/clothing-fr\/bases\/set-2-pantalons-interieurs\/pack-2-calcas-interiores-branco\/#primaryimage"},"image":{"@id":"https:\/\/gloopbaby.com\/fr\/produit\/clothing-fr\/bases\/set-2-pantalons-interieurs\/pack-2-calcas-interiores-branco\/#primaryimage"},"thumbnailUrl":"https:\/\/gloopbaby.com\/wp-content\/uploads\/2023\/06\/calca-interior-branco.jpg","datePublished":"2023-06-20T16:46:05+00:00","dateModified":"2024-11-26T14:53:17+00:00","breadcrumb":{"@id":"https:\/\/gloopbaby.com\/fr\/produit\/clothing-fr\/bases\/set-2-pantalons-interieurs\/pack-2-calcas-interiores-branco\/#breadcrumb"},"inLanguage":"fr-FR","potentialAction":[{"@type":"ReadAction","target":["https:\/\/gloopbaby.com\/fr\/produit\/clothing-fr\/bases\/set-2-pantalons-interieurs\/pack-2-calcas-interiores-branco\/"]}]},{"@type":"ImageObject","inLanguage":"fr-FR","@id":"https:\/\/gloopbaby.com\/fr\/produit\/clothing-fr\/bases\/set-2-pantalons-interieurs\/pack-2-calcas-interiores-branco\/#primaryimage","url":"https:\/\/gloopbaby.com\/wp-content\/uploads\/2023\/06\/calca-interior-branco.jpg","contentUrl":"https:\/\/gloopbaby.com\/wp-content\/uploads\/2023\/06\/calca-interior-branco.jpg","width":1444,"height":2166},{"@type":"BreadcrumbList","@id":"https:\/\/gloopbaby.com\/fr\/produit\/clothing-fr\/bases\/set-2-pantalons-interieurs\/pack-2-calcas-interiores-branco\/#breadcrumb","itemListElement":[{"@type":"ListItem","position":1,"name":"In\u00edcio","item":"https:\/\/gloopbaby.com\/fr\/"},{"@type":"ListItem","position":2,"name":"Shop","item":"https:\/\/gloopbaby.com\/loja\/"},{"@type":"ListItem","position":3,"name":"Set 2 Pantalons Int\u00e9rieurs Blanc"}]},{"@type":"WebSite","@id":"https:\/\/gloopbaby.com\/fr\/#website","url":"https:\/\/gloopbaby.com\/fr\/","name":"Gloop Baby","description":"","publisher":{"@id":"https:\/\/gloopbaby.com\/fr\/#organization"},"potentialAction":[{"@type":"SearchAction","target":{"@type":"EntryPoint","urlTemplate":"https:\/\/gloopbaby.com\/fr\/?s={search_term_string}"},"query-input":{"@type":"PropertyValueSpecification","valueRequired":true,"valueName":"search_term_string"}}],"inLanguage":"fr-FR"},{"@type":"Organization","@id":"https:\/\/gloopbaby.com\/fr\/#organization","name":"Gloop Baby","url":"https:\/\/gloopbaby.com\/fr\/","logo":{"@type":"ImageObject","inLanguage":"fr-FR","@id":"https:\/\/gloopbaby.com\/fr\/#\/schema\/logo\/image\/","url":"https:\/\/gloopbaby.com\/wp-content\/uploads\/2023\/06\/gloop-logo.svg","contentUrl":"https:\/\/gloopbaby.com\/wp-content\/uploads\/2023\/06\/gloop-logo.svg","width":100,"height":100,"caption":"Gloop Baby"},"image":{"@id":"https:\/\/gloopbaby.com\/fr\/#\/schema\/logo\/image\/"}}]}},"_links":{"self":[{"href":"https:\/\/gloopbaby.com\/fr\/wp-json\/wp\/v2\/product\/29278","targetHints":{"allow":["GET"]}}],"collection":[{"href":"https:\/\/gloopbaby.com\/fr\/wp-json\/wp\/v2\/product"}],"about":[{"href":"https:\/\/gloopbaby.com\/fr\/wp-json\/wp\/v2\/types\/product"}],"replies":[{"embeddable":true,"href":"https:\/\/gloopbaby.com\/fr\/wp-json\/wp\/v2\/comments?post=29278"}],"wp:featuredmedia":[{"embeddable":true,"href":"https:\/\/gloopbaby.com\/fr\/wp-json\/wp\/v2\/media\/38898"}],"wp:attachment":[{"href":"https:\/\/gloopbaby.com\/fr\/wp-json\/wp\/v2\/media?parent=29278"}],"wp:term":[{"taxonomy":"product_brand","embeddable":true,"href":"https:\/\/gloopbaby.com\/fr\/wp-json\/wp\/v2\/product_brand?post=29278"},{"taxonomy":"product_cat","embeddable":true,"href":"https:\/\/gloopbaby.com\/fr\/wp-json\/wp\/v2\/product_cat?post=29278"},{"taxonomy":"product_tag","embeddable":true,"href":"https:\/\/gloopbaby.com\/fr\/wp-json\/wp\/v2\/product_tag?post=29278"}],"curies":[{"name":"wp","href":"https:\/\/api.w.org\/{rel}","templated":true}]}}