{"id":29118,"date":"2023-06-20T16:53:59","date_gmt":"2023-06-20T16:53:59","guid":{"rendered":"https:\/\/gloopbaby.com\/produto\/conjunto-de-talheres-dusty-blue\/"},"modified":"2024-05-15T08:30:14","modified_gmt":"2024-05-15T08:30:14","slug":"conjunto-de-talheres-dusty-blue","status":"publish","type":"product","link":"https:\/\/gloopbaby.com\/fr\/produit\/mealtime-fr\/set-de-couverts-fr\/conjunto-de-talheres-dusty-blue\/","title":{"rendered":"Set de Couverts Dusty Blue"},"content":{"rendered":"<p>L\u00e9ger et tr\u00e8s pratique, notre set de couverts fourchette et cuill\u00e8re est simple et \u00e9l\u00e9gant &#8211; et facile \u00e0 tenir pour votre b\u00e9b\u00e9 et votre tout-petit. Sans BPA, notre set de couverts allant au lave-vaisselle rend le repas plus simple et plus facile \u00e0 nettoyer. Chaque set de couverts est livr\u00e9 avec une fourchette et une cuill\u00e8re pour enfants.<\/p>\n","protected":false},"excerpt":{"rendered":"<p>L\u00e9ger et tr\u00e8s pratique, notre set de couverts fourchette et cuill\u00e8re est simple et \u00e9l\u00e9gant &#8211; et facile \u00e0 tenir pour votre b\u00e9b\u00e9 et votre tout-petit. Sans BPA, notre set de couverts allant au lave-vaisselle rend le repas plus simple et plus facile \u00e0 nettoyer. Chaque set de couverts est livr\u00e9 avec une fourchette et [&hellip;]<\/p>\n","protected":false},"featured_media":38427,"comment_status":"closed","ping_status":"closed","template":"","meta":{"_acf_changed":false},"product_brand":[],"product_cat":[1456,1598],"product_tag":[],"class_list":{"0":"post-29118","1":"product","2":"type-product","3":"status-publish","4":"has-post-thumbnail","6":"product_cat-mealtime-fr","7":"product_cat-set-de-couverts-fr","9":"first","10":"instock","11":"sale","12":"taxable","13":"shipping-taxable","14":"purchasable","15":"product-type-simple"},"acf":[],"yoast_head":"<!-- This site is optimized with the Yoast SEO plugin v27.4 - https:\/\/yoast.com\/product\/yoast-seo-wordpress\/ -->\n<title>Set de Couverts Dusty Blue - Gloop Baby<\/title>\n<meta name=\"robots\" content=\"index, follow, max-snippet:-1, max-image-preview:large, max-video-preview:-1\" \/>\n<link rel=\"canonical\" href=\"https:\/\/gloopbaby.com\/fr\/produit\/mealtime-fr\/set-de-couverts-fr\/conjunto-de-talheres-dusty-blue\/\" \/>\n<meta property=\"og:locale\" content=\"fr_FR\" \/>\n<meta property=\"og:type\" content=\"article\" \/>\n<meta property=\"og:title\" content=\"Set de Couverts Dusty Blue - Gloop Baby\" \/>\n<meta property=\"og:description\" content=\"L\u00e9ger et tr\u00e8s pratique, notre set de couverts fourchette et cuill\u00e8re est simple et \u00e9l\u00e9gant &#8211; et facile \u00e0 tenir pour votre b\u00e9b\u00e9 et votre tout-petit. Sans BPA, notre set de couverts allant au lave-vaisselle rend le repas plus simple et plus facile \u00e0 nettoyer. Chaque set de couverts est livr\u00e9 avec une fourchette et [&hellip;]\" \/>\n<meta property=\"og:url\" content=\"https:\/\/gloopbaby.com\/fr\/produit\/mealtime-fr\/set-de-couverts-fr\/conjunto-de-talheres-dusty-blue\/\" \/>\n<meta property=\"og:site_name\" content=\"Gloop Baby\" \/>\n<meta property=\"article:modified_time\" content=\"2024-05-15T08:30:14+00:00\" \/>\n<meta property=\"og:image\" content=\"https:\/\/gloopbaby.com\/wp-content\/uploads\/2023\/06\/talheres-azul.jpg\" \/>\n\t<meta property=\"og:image:width\" content=\"1000\" \/>\n\t<meta property=\"og:image:height\" content=\"1500\" \/>\n\t<meta property=\"og:image:type\" content=\"image\/jpeg\" \/>\n<meta name=\"twitter:card\" content=\"summary_large_image\" \/>\n<script type=\"application\/ld+json\" class=\"yoast-schema-graph\">{\"@context\":\"https:\\\/\\\/schema.org\",\"@graph\":[{\"@type\":\"WebPage\",\"@id\":\"https:\\\/\\\/gloopbaby.com\\\/fr\\\/produit\\\/mealtime-fr\\\/set-de-couverts-fr\\\/conjunto-de-talheres-dusty-blue\\\/\",\"url\":\"https:\\\/\\\/gloopbaby.com\\\/fr\\\/produit\\\/mealtime-fr\\\/set-de-couverts-fr\\\/conjunto-de-talheres-dusty-blue\\\/\",\"name\":\"Set de Couverts Dusty Blue - Gloop Baby\",\"isPartOf\":{\"@id\":\"https:\\\/\\\/gloopbaby.com\\\/fr\\\/#website\"},\"primaryImageOfPage\":{\"@id\":\"https:\\\/\\\/gloopbaby.com\\\/fr\\\/produit\\\/mealtime-fr\\\/set-de-couverts-fr\\\/conjunto-de-talheres-dusty-blue\\\/#primaryimage\"},\"image\":{\"@id\":\"https:\\\/\\\/gloopbaby.com\\\/fr\\\/produit\\\/mealtime-fr\\\/set-de-couverts-fr\\\/conjunto-de-talheres-dusty-blue\\\/#primaryimage\"},\"thumbnailUrl\":\"https:\\\/\\\/gloopbaby.com\\\/wp-content\\\/uploads\\\/2023\\\/06\\\/talheres-azul.jpg\",\"datePublished\":\"2023-06-20T16:53:59+00:00\",\"dateModified\":\"2024-05-15T08:30:14+00:00\",\"breadcrumb\":{\"@id\":\"https:\\\/\\\/gloopbaby.com\\\/fr\\\/produit\\\/mealtime-fr\\\/set-de-couverts-fr\\\/conjunto-de-talheres-dusty-blue\\\/#breadcrumb\"},\"inLanguage\":\"fr-FR\",\"potentialAction\":[{\"@type\":\"ReadAction\",\"target\":[\"https:\\\/\\\/gloopbaby.com\\\/fr\\\/produit\\\/mealtime-fr\\\/set-de-couverts-fr\\\/conjunto-de-talheres-dusty-blue\\\/\"]}]},{\"@type\":\"ImageObject\",\"inLanguage\":\"fr-FR\",\"@id\":\"https:\\\/\\\/gloopbaby.com\\\/fr\\\/produit\\\/mealtime-fr\\\/set-de-couverts-fr\\\/conjunto-de-talheres-dusty-blue\\\/#primaryimage\",\"url\":\"https:\\\/\\\/gloopbaby.com\\\/wp-content\\\/uploads\\\/2023\\\/06\\\/talheres-azul.jpg\",\"contentUrl\":\"https:\\\/\\\/gloopbaby.com\\\/wp-content\\\/uploads\\\/2023\\\/06\\\/talheres-azul.jpg\",\"width\":1000,\"height\":1500},{\"@type\":\"BreadcrumbList\",\"@id\":\"https:\\\/\\\/gloopbaby.com\\\/fr\\\/produit\\\/mealtime-fr\\\/set-de-couverts-fr\\\/conjunto-de-talheres-dusty-blue\\\/#breadcrumb\",\"itemListElement\":[{\"@type\":\"ListItem\",\"position\":1,\"name\":\"In\u00edcio\",\"item\":\"https:\\\/\\\/gloopbaby.com\\\/fr\\\/\"},{\"@type\":\"ListItem\",\"position\":2,\"name\":\"Shop\",\"item\":\"https:\\\/\\\/gloopbaby.com\\\/loja\\\/\"},{\"@type\":\"ListItem\",\"position\":3,\"name\":\"Set de Couverts Dusty Blue\"}]},{\"@type\":\"WebSite\",\"@id\":\"https:\\\/\\\/gloopbaby.com\\\/fr\\\/#website\",\"url\":\"https:\\\/\\\/gloopbaby.com\\\/fr\\\/\",\"name\":\"Gloop Baby\",\"description\":\"\",\"publisher\":{\"@id\":\"https:\\\/\\\/gloopbaby.com\\\/fr\\\/#organization\"},\"potentialAction\":[{\"@type\":\"SearchAction\",\"target\":{\"@type\":\"EntryPoint\",\"urlTemplate\":\"https:\\\/\\\/gloopbaby.com\\\/fr\\\/?s={search_term_string}\"},\"query-input\":{\"@type\":\"PropertyValueSpecification\",\"valueRequired\":true,\"valueName\":\"search_term_string\"}}],\"inLanguage\":\"fr-FR\"},{\"@type\":\"Organization\",\"@id\":\"https:\\\/\\\/gloopbaby.com\\\/fr\\\/#organization\",\"name\":\"Gloop Baby\",\"url\":\"https:\\\/\\\/gloopbaby.com\\\/fr\\\/\",\"logo\":{\"@type\":\"ImageObject\",\"inLanguage\":\"fr-FR\",\"@id\":\"https:\\\/\\\/gloopbaby.com\\\/fr\\\/#\\\/schema\\\/logo\\\/image\\\/\",\"url\":\"https:\\\/\\\/gloopbaby.com\\\/wp-content\\\/uploads\\\/2023\\\/06\\\/gloop-logo.svg\",\"contentUrl\":\"https:\\\/\\\/gloopbaby.com\\\/wp-content\\\/uploads\\\/2023\\\/06\\\/gloop-logo.svg\",\"width\":100,\"height\":100,\"caption\":\"Gloop Baby\"},\"image\":{\"@id\":\"https:\\\/\\\/gloopbaby.com\\\/fr\\\/#\\\/schema\\\/logo\\\/image\\\/\"}}]}<\/script>\n<!-- \/ Yoast SEO plugin. -->","yoast_head_json":{"title":"Set de Couverts Dusty Blue - Gloop Baby","robots":{"index":"index","follow":"follow","max-snippet":"max-snippet:-1","max-image-preview":"max-image-preview:large","max-video-preview":"max-video-preview:-1"},"canonical":"https:\/\/gloopbaby.com\/fr\/produit\/mealtime-fr\/set-de-couverts-fr\/conjunto-de-talheres-dusty-blue\/","og_locale":"fr_FR","og_type":"article","og_title":"Set de Couverts Dusty Blue - Gloop Baby","og_description":"L\u00e9ger et tr\u00e8s pratique, notre set de couverts fourchette et cuill\u00e8re est simple et \u00e9l\u00e9gant &#8211; et facile \u00e0 tenir pour votre b\u00e9b\u00e9 et votre tout-petit. Sans BPA, notre set de couverts allant au lave-vaisselle rend le repas plus simple et plus facile \u00e0 nettoyer. Chaque set de couverts est livr\u00e9 avec une fourchette et [&hellip;]","og_url":"https:\/\/gloopbaby.com\/fr\/produit\/mealtime-fr\/set-de-couverts-fr\/conjunto-de-talheres-dusty-blue\/","og_site_name":"Gloop Baby","article_modified_time":"2024-05-15T08:30:14+00:00","og_image":[{"width":1000,"height":1500,"url":"https:\/\/gloopbaby.com\/wp-content\/uploads\/2023\/06\/talheres-azul.jpg","type":"image\/jpeg"}],"twitter_card":"summary_large_image","schema":{"@context":"https:\/\/schema.org","@graph":[{"@type":"WebPage","@id":"https:\/\/gloopbaby.com\/fr\/produit\/mealtime-fr\/set-de-couverts-fr\/conjunto-de-talheres-dusty-blue\/","url":"https:\/\/gloopbaby.com\/fr\/produit\/mealtime-fr\/set-de-couverts-fr\/conjunto-de-talheres-dusty-blue\/","name":"Set de Couverts Dusty Blue - Gloop Baby","isPartOf":{"@id":"https:\/\/gloopbaby.com\/fr\/#website"},"primaryImageOfPage":{"@id":"https:\/\/gloopbaby.com\/fr\/produit\/mealtime-fr\/set-de-couverts-fr\/conjunto-de-talheres-dusty-blue\/#primaryimage"},"image":{"@id":"https:\/\/gloopbaby.com\/fr\/produit\/mealtime-fr\/set-de-couverts-fr\/conjunto-de-talheres-dusty-blue\/#primaryimage"},"thumbnailUrl":"https:\/\/gloopbaby.com\/wp-content\/uploads\/2023\/06\/talheres-azul.jpg","datePublished":"2023-06-20T16:53:59+00:00","dateModified":"2024-05-15T08:30:14+00:00","breadcrumb":{"@id":"https:\/\/gloopbaby.com\/fr\/produit\/mealtime-fr\/set-de-couverts-fr\/conjunto-de-talheres-dusty-blue\/#breadcrumb"},"inLanguage":"fr-FR","potentialAction":[{"@type":"ReadAction","target":["https:\/\/gloopbaby.com\/fr\/produit\/mealtime-fr\/set-de-couverts-fr\/conjunto-de-talheres-dusty-blue\/"]}]},{"@type":"ImageObject","inLanguage":"fr-FR","@id":"https:\/\/gloopbaby.com\/fr\/produit\/mealtime-fr\/set-de-couverts-fr\/conjunto-de-talheres-dusty-blue\/#primaryimage","url":"https:\/\/gloopbaby.com\/wp-content\/uploads\/2023\/06\/talheres-azul.jpg","contentUrl":"https:\/\/gloopbaby.com\/wp-content\/uploads\/2023\/06\/talheres-azul.jpg","width":1000,"height":1500},{"@type":"BreadcrumbList","@id":"https:\/\/gloopbaby.com\/fr\/produit\/mealtime-fr\/set-de-couverts-fr\/conjunto-de-talheres-dusty-blue\/#breadcrumb","itemListElement":[{"@type":"ListItem","position":1,"name":"In\u00edcio","item":"https:\/\/gloopbaby.com\/fr\/"},{"@type":"ListItem","position":2,"name":"Shop","item":"https:\/\/gloopbaby.com\/loja\/"},{"@type":"ListItem","position":3,"name":"Set de Couverts Dusty Blue"}]},{"@type":"WebSite","@id":"https:\/\/gloopbaby.com\/fr\/#website","url":"https:\/\/gloopbaby.com\/fr\/","name":"Gloop Baby","description":"","publisher":{"@id":"https:\/\/gloopbaby.com\/fr\/#organization"},"potentialAction":[{"@type":"SearchAction","target":{"@type":"EntryPoint","urlTemplate":"https:\/\/gloopbaby.com\/fr\/?s={search_term_string}"},"query-input":{"@type":"PropertyValueSpecification","valueRequired":true,"valueName":"search_term_string"}}],"inLanguage":"fr-FR"},{"@type":"Organization","@id":"https:\/\/gloopbaby.com\/fr\/#organization","name":"Gloop Baby","url":"https:\/\/gloopbaby.com\/fr\/","logo":{"@type":"ImageObject","inLanguage":"fr-FR","@id":"https:\/\/gloopbaby.com\/fr\/#\/schema\/logo\/image\/","url":"https:\/\/gloopbaby.com\/wp-content\/uploads\/2023\/06\/gloop-logo.svg","contentUrl":"https:\/\/gloopbaby.com\/wp-content\/uploads\/2023\/06\/gloop-logo.svg","width":100,"height":100,"caption":"Gloop Baby"},"image":{"@id":"https:\/\/gloopbaby.com\/fr\/#\/schema\/logo\/image\/"}}]}},"_links":{"self":[{"href":"https:\/\/gloopbaby.com\/fr\/wp-json\/wp\/v2\/product\/29118","targetHints":{"allow":["GET"]}}],"collection":[{"href":"https:\/\/gloopbaby.com\/fr\/wp-json\/wp\/v2\/product"}],"about":[{"href":"https:\/\/gloopbaby.com\/fr\/wp-json\/wp\/v2\/types\/product"}],"replies":[{"embeddable":true,"href":"https:\/\/gloopbaby.com\/fr\/wp-json\/wp\/v2\/comments?post=29118"}],"wp:featuredmedia":[{"embeddable":true,"href":"https:\/\/gloopbaby.com\/fr\/wp-json\/wp\/v2\/media\/38427"}],"wp:attachment":[{"href":"https:\/\/gloopbaby.com\/fr\/wp-json\/wp\/v2\/media?parent=29118"}],"wp:term":[{"taxonomy":"product_brand","embeddable":true,"href":"https:\/\/gloopbaby.com\/fr\/wp-json\/wp\/v2\/product_brand?post=29118"},{"taxonomy":"product_cat","embeddable":true,"href":"https:\/\/gloopbaby.com\/fr\/wp-json\/wp\/v2\/product_cat?post=29118"},{"taxonomy":"product_tag","embeddable":true,"href":"https:\/\/gloopbaby.com\/fr\/wp-json\/wp\/v2\/product_tag?post=29118"}],"curies":[{"name":"wp","href":"https:\/\/api.w.org\/{rel}","templated":true}]}}