{"id":29072,"date":"2023-06-20T16:54:33","date_gmt":"2023-06-20T16:54:33","guid":{"rendered":"https:\/\/gloopbaby.com\/produto\/pack-2-chupetas-porta-chupetas-dusty-blue\/"},"modified":"2024-05-15T08:16:45","modified_gmt":"2024-05-15T08:16:45","slug":"pack-2-chupetas-porta-chupetas-dusty-blue","status":"publish","type":"product","link":"https:\/\/gloopbaby.com\/fr\/produit\/bain-et-nursery-fr\/sucettes-fr\/set-2-sucettes-porte-sucette-fr\/pack-2-chupetas-porta-chupetas-dusty-blue\/","title":{"rendered":"Set 2 Sucettes + Porte-Sucette Dusty Blue"},"content":{"rendered":"<p>Nos sucettes en silicone s&rsquo;adaptent \u00e0 la bouche de b\u00e9b\u00e9 et suivent les mouvements naturels. Son design s&rsquo;adapte \u00e0 la forme du visage, ce qui augmente sa tol\u00e9rance et son confort. Notre porte-sucette a une poign\u00e9e robuste et un espace pour ranger jusqu&rsquo;\u00e0 trois sucettes, elle peut \u00eatre facilement rang\u00e9e dans une valise. Fabriqu\u00e9 \u00e0 partir de silicone de qualit\u00e9 alimentaire et passe au lave-vaisselle pour un nettoyage facile.<br \/>\nChaque set comprend deux sucettes en silicone et une porte-sucettes.Nettoyage : Avant chaque utilisation, la sucette en silicone doit \u00eatre rapidement st\u00e9rilis\u00e9e en versant de l&rsquo;eau bouillante dessus. Avant d&rsquo;utiliser la sucette pour la premi\u00e8re fois, placez-la dans de l&rsquo;eau bouillante pendant 5 minutes.<\/p>\n","protected":false},"excerpt":{"rendered":"<p>Nos sucettes en silicone s&rsquo;adaptent \u00e0 la bouche de b\u00e9b\u00e9 et suivent les mouvements naturels. Son design s&rsquo;adapte \u00e0 la forme du visage, ce qui augmente sa tol\u00e9rance et son confort. Notre porte-sucette a une poign\u00e9e robuste et un espace pour ranger jusqu&rsquo;\u00e0 trois sucettes, elle peut \u00eatre facilement rang\u00e9e dans une valise. Fabriqu\u00e9 \u00e0 [&hellip;]<\/p>\n","protected":false},"featured_media":38867,"comment_status":"closed","ping_status":"closed","template":"","meta":{"_acf_changed":false},"product_brand":[],"product_cat":[1404,1592,1542],"product_tag":[],"class_list":{"0":"post-29072","1":"product","2":"type-product","3":"status-publish","4":"has-post-thumbnail","6":"product_cat-bain-et-nursery-fr","7":"product_cat-set-2-sucettes-porte-sucette-fr","8":"product_cat-sucettes-fr","10":"first","11":"instock","12":"sale","13":"taxable","14":"shipping-taxable","15":"purchasable","16":"product-type-simple"},"acf":[],"yoast_head":"<!-- This site is optimized with the Yoast SEO plugin v27.3 - https:\/\/yoast.com\/product\/yoast-seo-wordpress\/ -->\n<title>Set 2 Sucettes + Porte-Sucette Dusty Blue - Gloop Baby<\/title>\n<meta name=\"robots\" content=\"index, follow, max-snippet:-1, max-image-preview:large, max-video-preview:-1\" \/>\n<link rel=\"canonical\" href=\"https:\/\/gloopbaby.com\/fr\/produit\/bain-et-nursery-fr\/sucettes-fr\/set-2-sucettes-porte-sucette-fr\/pack-2-chupetas-porta-chupetas-dusty-blue\/\" \/>\n<meta property=\"og:locale\" content=\"fr_FR\" \/>\n<meta property=\"og:type\" content=\"article\" \/>\n<meta property=\"og:title\" content=\"Set 2 Sucettes + Porte-Sucette Dusty Blue - Gloop Baby\" \/>\n<meta property=\"og:description\" content=\"Nos sucettes en silicone s&rsquo;adaptent \u00e0 la bouche de b\u00e9b\u00e9 et suivent les mouvements naturels. Son design s&rsquo;adapte \u00e0 la forme du visage, ce qui augmente sa tol\u00e9rance et son confort. Notre porte-sucette a une poign\u00e9e robuste et un espace pour ranger jusqu&rsquo;\u00e0 trois sucettes, elle peut \u00eatre facilement rang\u00e9e dans une valise. Fabriqu\u00e9 \u00e0 [&hellip;]\" \/>\n<meta property=\"og:url\" content=\"https:\/\/gloopbaby.com\/fr\/produit\/bain-et-nursery-fr\/sucettes-fr\/set-2-sucettes-porte-sucette-fr\/pack-2-chupetas-porta-chupetas-dusty-blue\/\" \/>\n<meta property=\"og:site_name\" content=\"Gloop Baby\" \/>\n<meta property=\"article:modified_time\" content=\"2024-05-15T08:16:45+00:00\" \/>\n<meta property=\"og:image\" content=\"https:\/\/gloopbaby.com\/wp-content\/uploads\/2023\/06\/porta-chupe-azul3.jpg\" \/>\n\t<meta property=\"og:image:width\" content=\"1000\" \/>\n\t<meta property=\"og:image:height\" content=\"1500\" \/>\n\t<meta property=\"og:image:type\" content=\"image\/jpeg\" \/>\n<meta name=\"twitter:card\" content=\"summary_large_image\" \/>\n<meta name=\"twitter:label1\" content=\"Dur\u00e9e de lecture estim\u00e9e\" \/>\n\t<meta name=\"twitter:data1\" content=\"1 minute\" \/>\n<script type=\"application\/ld+json\" class=\"yoast-schema-graph\">{\"@context\":\"https:\\\/\\\/schema.org\",\"@graph\":[{\"@type\":\"WebPage\",\"@id\":\"https:\\\/\\\/gloopbaby.com\\\/fr\\\/produit\\\/bain-et-nursery-fr\\\/sucettes-fr\\\/set-2-sucettes-porte-sucette-fr\\\/pack-2-chupetas-porta-chupetas-dusty-blue\\\/\",\"url\":\"https:\\\/\\\/gloopbaby.com\\\/fr\\\/produit\\\/bain-et-nursery-fr\\\/sucettes-fr\\\/set-2-sucettes-porte-sucette-fr\\\/pack-2-chupetas-porta-chupetas-dusty-blue\\\/\",\"name\":\"Set 2 Sucettes + Porte-Sucette Dusty Blue - Gloop Baby\",\"isPartOf\":{\"@id\":\"https:\\\/\\\/gloopbaby.com\\\/fr\\\/#website\"},\"primaryImageOfPage\":{\"@id\":\"https:\\\/\\\/gloopbaby.com\\\/fr\\\/produit\\\/bain-et-nursery-fr\\\/sucettes-fr\\\/set-2-sucettes-porte-sucette-fr\\\/pack-2-chupetas-porta-chupetas-dusty-blue\\\/#primaryimage\"},\"image\":{\"@id\":\"https:\\\/\\\/gloopbaby.com\\\/fr\\\/produit\\\/bain-et-nursery-fr\\\/sucettes-fr\\\/set-2-sucettes-porte-sucette-fr\\\/pack-2-chupetas-porta-chupetas-dusty-blue\\\/#primaryimage\"},\"thumbnailUrl\":\"https:\\\/\\\/gloopbaby.com\\\/wp-content\\\/uploads\\\/2023\\\/06\\\/porta-chupe-azul3.jpg\",\"datePublished\":\"2023-06-20T16:54:33+00:00\",\"dateModified\":\"2024-05-15T08:16:45+00:00\",\"breadcrumb\":{\"@id\":\"https:\\\/\\\/gloopbaby.com\\\/fr\\\/produit\\\/bain-et-nursery-fr\\\/sucettes-fr\\\/set-2-sucettes-porte-sucette-fr\\\/pack-2-chupetas-porta-chupetas-dusty-blue\\\/#breadcrumb\"},\"inLanguage\":\"fr-FR\",\"potentialAction\":[{\"@type\":\"ReadAction\",\"target\":[\"https:\\\/\\\/gloopbaby.com\\\/fr\\\/produit\\\/bain-et-nursery-fr\\\/sucettes-fr\\\/set-2-sucettes-porte-sucette-fr\\\/pack-2-chupetas-porta-chupetas-dusty-blue\\\/\"]}]},{\"@type\":\"ImageObject\",\"inLanguage\":\"fr-FR\",\"@id\":\"https:\\\/\\\/gloopbaby.com\\\/fr\\\/produit\\\/bain-et-nursery-fr\\\/sucettes-fr\\\/set-2-sucettes-porte-sucette-fr\\\/pack-2-chupetas-porta-chupetas-dusty-blue\\\/#primaryimage\",\"url\":\"https:\\\/\\\/gloopbaby.com\\\/wp-content\\\/uploads\\\/2023\\\/06\\\/porta-chupe-azul3.jpg\",\"contentUrl\":\"https:\\\/\\\/gloopbaby.com\\\/wp-content\\\/uploads\\\/2023\\\/06\\\/porta-chupe-azul3.jpg\",\"width\":1000,\"height\":1500},{\"@type\":\"BreadcrumbList\",\"@id\":\"https:\\\/\\\/gloopbaby.com\\\/fr\\\/produit\\\/bain-et-nursery-fr\\\/sucettes-fr\\\/set-2-sucettes-porte-sucette-fr\\\/pack-2-chupetas-porta-chupetas-dusty-blue\\\/#breadcrumb\",\"itemListElement\":[{\"@type\":\"ListItem\",\"position\":1,\"name\":\"In\u00edcio\",\"item\":\"https:\\\/\\\/gloopbaby.com\\\/fr\\\/\"},{\"@type\":\"ListItem\",\"position\":2,\"name\":\"Shop\",\"item\":\"https:\\\/\\\/gloopbaby.com\\\/loja\\\/\"},{\"@type\":\"ListItem\",\"position\":3,\"name\":\"Set 2 Sucettes + Porte-Sucette Dusty Blue\"}]},{\"@type\":\"WebSite\",\"@id\":\"https:\\\/\\\/gloopbaby.com\\\/fr\\\/#website\",\"url\":\"https:\\\/\\\/gloopbaby.com\\\/fr\\\/\",\"name\":\"Gloop Baby\",\"description\":\"\",\"publisher\":{\"@id\":\"https:\\\/\\\/gloopbaby.com\\\/fr\\\/#organization\"},\"potentialAction\":[{\"@type\":\"SearchAction\",\"target\":{\"@type\":\"EntryPoint\",\"urlTemplate\":\"https:\\\/\\\/gloopbaby.com\\\/fr\\\/?s={search_term_string}\"},\"query-input\":{\"@type\":\"PropertyValueSpecification\",\"valueRequired\":true,\"valueName\":\"search_term_string\"}}],\"inLanguage\":\"fr-FR\"},{\"@type\":\"Organization\",\"@id\":\"https:\\\/\\\/gloopbaby.com\\\/fr\\\/#organization\",\"name\":\"Gloop Baby\",\"url\":\"https:\\\/\\\/gloopbaby.com\\\/fr\\\/\",\"logo\":{\"@type\":\"ImageObject\",\"inLanguage\":\"fr-FR\",\"@id\":\"https:\\\/\\\/gloopbaby.com\\\/fr\\\/#\\\/schema\\\/logo\\\/image\\\/\",\"url\":\"https:\\\/\\\/gloopbaby.com\\\/wp-content\\\/uploads\\\/2023\\\/06\\\/gloop-logo.svg\",\"contentUrl\":\"https:\\\/\\\/gloopbaby.com\\\/wp-content\\\/uploads\\\/2023\\\/06\\\/gloop-logo.svg\",\"width\":100,\"height\":100,\"caption\":\"Gloop Baby\"},\"image\":{\"@id\":\"https:\\\/\\\/gloopbaby.com\\\/fr\\\/#\\\/schema\\\/logo\\\/image\\\/\"}}]}<\/script>\n<!-- \/ Yoast SEO plugin. -->","yoast_head_json":{"title":"Set 2 Sucettes + Porte-Sucette Dusty Blue - Gloop Baby","robots":{"index":"index","follow":"follow","max-snippet":"max-snippet:-1","max-image-preview":"max-image-preview:large","max-video-preview":"max-video-preview:-1"},"canonical":"https:\/\/gloopbaby.com\/fr\/produit\/bain-et-nursery-fr\/sucettes-fr\/set-2-sucettes-porte-sucette-fr\/pack-2-chupetas-porta-chupetas-dusty-blue\/","og_locale":"fr_FR","og_type":"article","og_title":"Set 2 Sucettes + Porte-Sucette Dusty Blue - Gloop Baby","og_description":"Nos sucettes en silicone s&rsquo;adaptent \u00e0 la bouche de b\u00e9b\u00e9 et suivent les mouvements naturels. Son design s&rsquo;adapte \u00e0 la forme du visage, ce qui augmente sa tol\u00e9rance et son confort. Notre porte-sucette a une poign\u00e9e robuste et un espace pour ranger jusqu&rsquo;\u00e0 trois sucettes, elle peut \u00eatre facilement rang\u00e9e dans une valise. Fabriqu\u00e9 \u00e0 [&hellip;]","og_url":"https:\/\/gloopbaby.com\/fr\/produit\/bain-et-nursery-fr\/sucettes-fr\/set-2-sucettes-porte-sucette-fr\/pack-2-chupetas-porta-chupetas-dusty-blue\/","og_site_name":"Gloop Baby","article_modified_time":"2024-05-15T08:16:45+00:00","og_image":[{"width":1000,"height":1500,"url":"https:\/\/gloopbaby.com\/wp-content\/uploads\/2023\/06\/porta-chupe-azul3.jpg","type":"image\/jpeg"}],"twitter_card":"summary_large_image","twitter_misc":{"Dur\u00e9e de lecture estim\u00e9e":"1 minute"},"schema":{"@context":"https:\/\/schema.org","@graph":[{"@type":"WebPage","@id":"https:\/\/gloopbaby.com\/fr\/produit\/bain-et-nursery-fr\/sucettes-fr\/set-2-sucettes-porte-sucette-fr\/pack-2-chupetas-porta-chupetas-dusty-blue\/","url":"https:\/\/gloopbaby.com\/fr\/produit\/bain-et-nursery-fr\/sucettes-fr\/set-2-sucettes-porte-sucette-fr\/pack-2-chupetas-porta-chupetas-dusty-blue\/","name":"Set 2 Sucettes + Porte-Sucette Dusty Blue - Gloop Baby","isPartOf":{"@id":"https:\/\/gloopbaby.com\/fr\/#website"},"primaryImageOfPage":{"@id":"https:\/\/gloopbaby.com\/fr\/produit\/bain-et-nursery-fr\/sucettes-fr\/set-2-sucettes-porte-sucette-fr\/pack-2-chupetas-porta-chupetas-dusty-blue\/#primaryimage"},"image":{"@id":"https:\/\/gloopbaby.com\/fr\/produit\/bain-et-nursery-fr\/sucettes-fr\/set-2-sucettes-porte-sucette-fr\/pack-2-chupetas-porta-chupetas-dusty-blue\/#primaryimage"},"thumbnailUrl":"https:\/\/gloopbaby.com\/wp-content\/uploads\/2023\/06\/porta-chupe-azul3.jpg","datePublished":"2023-06-20T16:54:33+00:00","dateModified":"2024-05-15T08:16:45+00:00","breadcrumb":{"@id":"https:\/\/gloopbaby.com\/fr\/produit\/bain-et-nursery-fr\/sucettes-fr\/set-2-sucettes-porte-sucette-fr\/pack-2-chupetas-porta-chupetas-dusty-blue\/#breadcrumb"},"inLanguage":"fr-FR","potentialAction":[{"@type":"ReadAction","target":["https:\/\/gloopbaby.com\/fr\/produit\/bain-et-nursery-fr\/sucettes-fr\/set-2-sucettes-porte-sucette-fr\/pack-2-chupetas-porta-chupetas-dusty-blue\/"]}]},{"@type":"ImageObject","inLanguage":"fr-FR","@id":"https:\/\/gloopbaby.com\/fr\/produit\/bain-et-nursery-fr\/sucettes-fr\/set-2-sucettes-porte-sucette-fr\/pack-2-chupetas-porta-chupetas-dusty-blue\/#primaryimage","url":"https:\/\/gloopbaby.com\/wp-content\/uploads\/2023\/06\/porta-chupe-azul3.jpg","contentUrl":"https:\/\/gloopbaby.com\/wp-content\/uploads\/2023\/06\/porta-chupe-azul3.jpg","width":1000,"height":1500},{"@type":"BreadcrumbList","@id":"https:\/\/gloopbaby.com\/fr\/produit\/bain-et-nursery-fr\/sucettes-fr\/set-2-sucettes-porte-sucette-fr\/pack-2-chupetas-porta-chupetas-dusty-blue\/#breadcrumb","itemListElement":[{"@type":"ListItem","position":1,"name":"In\u00edcio","item":"https:\/\/gloopbaby.com\/fr\/"},{"@type":"ListItem","position":2,"name":"Shop","item":"https:\/\/gloopbaby.com\/loja\/"},{"@type":"ListItem","position":3,"name":"Set 2 Sucettes + Porte-Sucette Dusty Blue"}]},{"@type":"WebSite","@id":"https:\/\/gloopbaby.com\/fr\/#website","url":"https:\/\/gloopbaby.com\/fr\/","name":"Gloop Baby","description":"","publisher":{"@id":"https:\/\/gloopbaby.com\/fr\/#organization"},"potentialAction":[{"@type":"SearchAction","target":{"@type":"EntryPoint","urlTemplate":"https:\/\/gloopbaby.com\/fr\/?s={search_term_string}"},"query-input":{"@type":"PropertyValueSpecification","valueRequired":true,"valueName":"search_term_string"}}],"inLanguage":"fr-FR"},{"@type":"Organization","@id":"https:\/\/gloopbaby.com\/fr\/#organization","name":"Gloop Baby","url":"https:\/\/gloopbaby.com\/fr\/","logo":{"@type":"ImageObject","inLanguage":"fr-FR","@id":"https:\/\/gloopbaby.com\/fr\/#\/schema\/logo\/image\/","url":"https:\/\/gloopbaby.com\/wp-content\/uploads\/2023\/06\/gloop-logo.svg","contentUrl":"https:\/\/gloopbaby.com\/wp-content\/uploads\/2023\/06\/gloop-logo.svg","width":100,"height":100,"caption":"Gloop Baby"},"image":{"@id":"https:\/\/gloopbaby.com\/fr\/#\/schema\/logo\/image\/"}}]}},"_links":{"self":[{"href":"https:\/\/gloopbaby.com\/fr\/wp-json\/wp\/v2\/product\/29072","targetHints":{"allow":["GET"]}}],"collection":[{"href":"https:\/\/gloopbaby.com\/fr\/wp-json\/wp\/v2\/product"}],"about":[{"href":"https:\/\/gloopbaby.com\/fr\/wp-json\/wp\/v2\/types\/product"}],"replies":[{"embeddable":true,"href":"https:\/\/gloopbaby.com\/fr\/wp-json\/wp\/v2\/comments?post=29072"}],"wp:featuredmedia":[{"embeddable":true,"href":"https:\/\/gloopbaby.com\/fr\/wp-json\/wp\/v2\/media\/38867"}],"wp:attachment":[{"href":"https:\/\/gloopbaby.com\/fr\/wp-json\/wp\/v2\/media?parent=29072"}],"wp:term":[{"taxonomy":"product_brand","embeddable":true,"href":"https:\/\/gloopbaby.com\/fr\/wp-json\/wp\/v2\/product_brand?post=29072"},{"taxonomy":"product_cat","embeddable":true,"href":"https:\/\/gloopbaby.com\/fr\/wp-json\/wp\/v2\/product_cat?post=29072"},{"taxonomy":"product_tag","embeddable":true,"href":"https:\/\/gloopbaby.com\/fr\/wp-json\/wp\/v2\/product_tag?post=29072"}],"curies":[{"name":"wp","href":"https:\/\/api.w.org\/{rel}","templated":true}]}}