{"id":22542,"date":"2023-06-21T09:18:07","date_gmt":"2023-06-21T09:18:07","guid":{"rendered":"https:\/\/gloopbaby.com\/produto\/manta-soft-sky-0-3-meses\/"},"modified":"2026-04-13T13:26:12","modified_gmt":"2026-04-13T13:26:12","slug":"manta-soft-sky-0-3-meses","status":"publish","type":"product","link":"https:\/\/gloopbaby.com\/fr\/produit\/collections-fr\/soft-sky-fr\/manta-soft-sky-0-3-meses\/","title":{"rendered":"Couverture-Plaid Soft Sky 0-3 mois"},"content":{"rendered":"<p><span class=\"Y2IQFc\" lang=\"fr\">La couverture b\u00e9b\u00e9 gloop! pour les 0-3 mois offre confort et s\u00e9curit\u00e9 \u00e0 votre nouveau-n\u00e9. Confectionn\u00e9e en coton 100% biologique certifi\u00e9, cette couverture est douce, respirante et id\u00e9ale pour la peau d\u00e9licate de votre b\u00e9b\u00e9. Parfaite pour la nuit comme pour la journ\u00e9e, elle assure \u00e0 votre b\u00e9b\u00e9 un sentiment de protection et de douceur \u00e0 tout moment. Mesurant 65x75cm, elle est facile \u00e0 transporter et \u00e0 utiliser dans le berceau, la poussette ou m\u00eame en voyage. <\/span><\/p>\n<p><span class=\"Y2IQFc\" lang=\"fr\">Fabriqu\u00e9e avec amour au Portugal, la couverture gloop! se distingue par sa qualit\u00e9, son engagement pour la durabilit\u00e9 et sa douceur. Un indispensable pour le trousseau de naissance! <\/span><\/p>\n<p><span class=\"Y2IQFc\" lang=\"fr\"><strong>Caract\u00e9ristiques:<\/strong> <\/span><\/p>\n<p><span class=\"Y2IQFc\" lang=\"fr\">Composition: 100% coton biologique certifi\u00e9 <\/span><\/p>\n<p><span class=\"Y2IQFc\" lang=\"fr\">Dimensions: 65x75cm <\/span><\/p>\n<p><span class=\"Y2IQFc\" lang=\"fr\">Fabriqu\u00e9e au Portugal <\/span><\/p>\n<p><span class=\"Y2IQFc\" lang=\"fr\">Id\u00e9ale pour les 0 \u00e0 3 mois <\/span><\/p>\n<p><span class=\"Y2IQFc\" lang=\"fr\">Confortable, l\u00e9g\u00e8re et respirante <\/span><\/p>\n<p><span class=\"Y2IQFc\" lang=\"fr\">D\u00e9couvrez l&rsquo;alliance parfaite de qualit\u00e9, de confort et de durabilit\u00e9 avec la couverture gloop!<\/span><\/p>\n","protected":false},"excerpt":{"rendered":"<p>La couverture b\u00e9b\u00e9 gloop! pour les 0-3 mois offre confort et s\u00e9curit\u00e9 \u00e0 votre nouveau-n\u00e9. Confectionn\u00e9e en coton 100% biologique certifi\u00e9, cette couverture est douce, respirante et id\u00e9ale pour la peau d\u00e9licate de votre b\u00e9b\u00e9. Parfaite pour la nuit comme pour la journ\u00e9e, elle assure \u00e0 votre b\u00e9b\u00e9 un sentiment de protection et de douceur [&hellip;]<\/p>\n","protected":false},"featured_media":35448,"comment_status":"closed","ping_status":"closed","template":"","meta":{"_acf_changed":false},"product_brand":[],"product_cat":[1582,1513,1534,1512,1478,1554],"product_tag":[],"class_list":{"0":"post-22542","1":"product","2":"type-product","3":"status-publish","4":"has-post-thumbnail","6":"product_cat-collections-fr","7":"product_cat-couverture-fr","8":"product_cat-couverture-plaid-0-3-mois","9":"product_cat-lit-fr","10":"product_cat-home-and-sleep-fr","11":"product_cat-soft-sky-fr","13":"first","14":"instock","15":"taxable","16":"shipping-taxable","17":"purchasable","18":"product-type-simple"},"acf":[],"yoast_head":"<!-- This site is optimized with the Yoast SEO plugin v27.4 - https:\/\/yoast.com\/product\/yoast-seo-wordpress\/ -->\n<title>Couverture-Plaid Soft Sky 0-3 mois - Gloop Baby<\/title>\n<meta name=\"robots\" content=\"index, follow, max-snippet:-1, max-image-preview:large, max-video-preview:-1\" \/>\n<link rel=\"canonical\" href=\"https:\/\/gloopbaby.com\/fr\/produit\/collections-fr\/soft-sky-fr\/manta-soft-sky-0-3-meses\/\" \/>\n<meta property=\"og:locale\" content=\"fr_FR\" \/>\n<meta property=\"og:type\" content=\"article\" \/>\n<meta property=\"og:title\" content=\"Couverture-Plaid Soft Sky 0-3 mois - Gloop Baby\" \/>\n<meta property=\"og:description\" content=\"La couverture b\u00e9b\u00e9 gloop! pour les 0-3 mois offre confort et s\u00e9curit\u00e9 \u00e0 votre nouveau-n\u00e9. Confectionn\u00e9e en coton 100% biologique certifi\u00e9, cette couverture est douce, respirante et id\u00e9ale pour la peau d\u00e9licate de votre b\u00e9b\u00e9. Parfaite pour la nuit comme pour la journ\u00e9e, elle assure \u00e0 votre b\u00e9b\u00e9 un sentiment de protection et de douceur [&hellip;]\" \/>\n<meta property=\"og:url\" content=\"https:\/\/gloopbaby.com\/fr\/produit\/collections-fr\/soft-sky-fr\/manta-soft-sky-0-3-meses\/\" \/>\n<meta property=\"og:site_name\" content=\"Gloop Baby\" \/>\n<meta property=\"article:modified_time\" content=\"2026-04-13T13:26:12+00:00\" \/>\n<meta property=\"og:image\" content=\"https:\/\/gloopbaby.com\/wp-content\/uploads\/2023\/06\/manta-0-3-soft-sky2.jpg\" \/>\n\t<meta property=\"og:image:width\" content=\"1000\" \/>\n\t<meta property=\"og:image:height\" content=\"1500\" \/>\n\t<meta property=\"og:image:type\" content=\"image\/jpeg\" \/>\n<meta name=\"twitter:card\" content=\"summary_large_image\" \/>\n<meta name=\"twitter:label1\" content=\"Dur\u00e9e de lecture estim\u00e9e\" \/>\n\t<meta name=\"twitter:data1\" content=\"1 minute\" \/>\n<script type=\"application\/ld+json\" class=\"yoast-schema-graph\">{\"@context\":\"https:\\\/\\\/schema.org\",\"@graph\":[{\"@type\":\"WebPage\",\"@id\":\"https:\\\/\\\/gloopbaby.com\\\/fr\\\/produit\\\/collections-fr\\\/soft-sky-fr\\\/manta-soft-sky-0-3-meses\\\/\",\"url\":\"https:\\\/\\\/gloopbaby.com\\\/fr\\\/produit\\\/collections-fr\\\/soft-sky-fr\\\/manta-soft-sky-0-3-meses\\\/\",\"name\":\"Couverture-Plaid Soft Sky 0-3 mois - Gloop Baby\",\"isPartOf\":{\"@id\":\"https:\\\/\\\/gloopbaby.com\\\/fr\\\/#website\"},\"primaryImageOfPage\":{\"@id\":\"https:\\\/\\\/gloopbaby.com\\\/fr\\\/produit\\\/collections-fr\\\/soft-sky-fr\\\/manta-soft-sky-0-3-meses\\\/#primaryimage\"},\"image\":{\"@id\":\"https:\\\/\\\/gloopbaby.com\\\/fr\\\/produit\\\/collections-fr\\\/soft-sky-fr\\\/manta-soft-sky-0-3-meses\\\/#primaryimage\"},\"thumbnailUrl\":\"https:\\\/\\\/gloopbaby.com\\\/wp-content\\\/uploads\\\/2023\\\/06\\\/manta-0-3-soft-sky2.jpg\",\"datePublished\":\"2023-06-21T09:18:07+00:00\",\"dateModified\":\"2026-04-13T13:26:12+00:00\",\"breadcrumb\":{\"@id\":\"https:\\\/\\\/gloopbaby.com\\\/fr\\\/produit\\\/collections-fr\\\/soft-sky-fr\\\/manta-soft-sky-0-3-meses\\\/#breadcrumb\"},\"inLanguage\":\"fr-FR\",\"potentialAction\":[{\"@type\":\"ReadAction\",\"target\":[\"https:\\\/\\\/gloopbaby.com\\\/fr\\\/produit\\\/collections-fr\\\/soft-sky-fr\\\/manta-soft-sky-0-3-meses\\\/\"]}]},{\"@type\":\"ImageObject\",\"inLanguage\":\"fr-FR\",\"@id\":\"https:\\\/\\\/gloopbaby.com\\\/fr\\\/produit\\\/collections-fr\\\/soft-sky-fr\\\/manta-soft-sky-0-3-meses\\\/#primaryimage\",\"url\":\"https:\\\/\\\/gloopbaby.com\\\/wp-content\\\/uploads\\\/2023\\\/06\\\/manta-0-3-soft-sky2.jpg\",\"contentUrl\":\"https:\\\/\\\/gloopbaby.com\\\/wp-content\\\/uploads\\\/2023\\\/06\\\/manta-0-3-soft-sky2.jpg\",\"width\":1000,\"height\":1500,\"caption\":\"Manta de algod\u00e3o biol\u00f3gico gloop para beb\u00e9 0-3 meses\"},{\"@type\":\"BreadcrumbList\",\"@id\":\"https:\\\/\\\/gloopbaby.com\\\/fr\\\/produit\\\/collections-fr\\\/soft-sky-fr\\\/manta-soft-sky-0-3-meses\\\/#breadcrumb\",\"itemListElement\":[{\"@type\":\"ListItem\",\"position\":1,\"name\":\"In\u00edcio\",\"item\":\"https:\\\/\\\/gloopbaby.com\\\/fr\\\/\"},{\"@type\":\"ListItem\",\"position\":2,\"name\":\"Shop\",\"item\":\"https:\\\/\\\/gloopbaby.com\\\/loja\\\/\"},{\"@type\":\"ListItem\",\"position\":3,\"name\":\"Couverture-Plaid Soft Sky 0-3 mois\"}]},{\"@type\":\"WebSite\",\"@id\":\"https:\\\/\\\/gloopbaby.com\\\/fr\\\/#website\",\"url\":\"https:\\\/\\\/gloopbaby.com\\\/fr\\\/\",\"name\":\"Gloop Baby\",\"description\":\"\",\"publisher\":{\"@id\":\"https:\\\/\\\/gloopbaby.com\\\/fr\\\/#organization\"},\"potentialAction\":[{\"@type\":\"SearchAction\",\"target\":{\"@type\":\"EntryPoint\",\"urlTemplate\":\"https:\\\/\\\/gloopbaby.com\\\/fr\\\/?s={search_term_string}\"},\"query-input\":{\"@type\":\"PropertyValueSpecification\",\"valueRequired\":true,\"valueName\":\"search_term_string\"}}],\"inLanguage\":\"fr-FR\"},{\"@type\":\"Organization\",\"@id\":\"https:\\\/\\\/gloopbaby.com\\\/fr\\\/#organization\",\"name\":\"Gloop Baby\",\"url\":\"https:\\\/\\\/gloopbaby.com\\\/fr\\\/\",\"logo\":{\"@type\":\"ImageObject\",\"inLanguage\":\"fr-FR\",\"@id\":\"https:\\\/\\\/gloopbaby.com\\\/fr\\\/#\\\/schema\\\/logo\\\/image\\\/\",\"url\":\"https:\\\/\\\/gloopbaby.com\\\/wp-content\\\/uploads\\\/2023\\\/06\\\/gloop-logo.svg\",\"contentUrl\":\"https:\\\/\\\/gloopbaby.com\\\/wp-content\\\/uploads\\\/2023\\\/06\\\/gloop-logo.svg\",\"width\":100,\"height\":100,\"caption\":\"Gloop Baby\"},\"image\":{\"@id\":\"https:\\\/\\\/gloopbaby.com\\\/fr\\\/#\\\/schema\\\/logo\\\/image\\\/\"}}]}<\/script>\n<!-- \/ Yoast SEO plugin. -->","yoast_head_json":{"title":"Couverture-Plaid Soft Sky 0-3 mois - Gloop Baby","robots":{"index":"index","follow":"follow","max-snippet":"max-snippet:-1","max-image-preview":"max-image-preview:large","max-video-preview":"max-video-preview:-1"},"canonical":"https:\/\/gloopbaby.com\/fr\/produit\/collections-fr\/soft-sky-fr\/manta-soft-sky-0-3-meses\/","og_locale":"fr_FR","og_type":"article","og_title":"Couverture-Plaid Soft Sky 0-3 mois - Gloop Baby","og_description":"La couverture b\u00e9b\u00e9 gloop! pour les 0-3 mois offre confort et s\u00e9curit\u00e9 \u00e0 votre nouveau-n\u00e9. Confectionn\u00e9e en coton 100% biologique certifi\u00e9, cette couverture est douce, respirante et id\u00e9ale pour la peau d\u00e9licate de votre b\u00e9b\u00e9. Parfaite pour la nuit comme pour la journ\u00e9e, elle assure \u00e0 votre b\u00e9b\u00e9 un sentiment de protection et de douceur [&hellip;]","og_url":"https:\/\/gloopbaby.com\/fr\/produit\/collections-fr\/soft-sky-fr\/manta-soft-sky-0-3-meses\/","og_site_name":"Gloop Baby","article_modified_time":"2026-04-13T13:26:12+00:00","og_image":[{"width":1000,"height":1500,"url":"https:\/\/gloopbaby.com\/wp-content\/uploads\/2023\/06\/manta-0-3-soft-sky2.jpg","type":"image\/jpeg"}],"twitter_card":"summary_large_image","twitter_misc":{"Dur\u00e9e de lecture estim\u00e9e":"1 minute"},"schema":{"@context":"https:\/\/schema.org","@graph":[{"@type":"WebPage","@id":"https:\/\/gloopbaby.com\/fr\/produit\/collections-fr\/soft-sky-fr\/manta-soft-sky-0-3-meses\/","url":"https:\/\/gloopbaby.com\/fr\/produit\/collections-fr\/soft-sky-fr\/manta-soft-sky-0-3-meses\/","name":"Couverture-Plaid Soft Sky 0-3 mois - Gloop Baby","isPartOf":{"@id":"https:\/\/gloopbaby.com\/fr\/#website"},"primaryImageOfPage":{"@id":"https:\/\/gloopbaby.com\/fr\/produit\/collections-fr\/soft-sky-fr\/manta-soft-sky-0-3-meses\/#primaryimage"},"image":{"@id":"https:\/\/gloopbaby.com\/fr\/produit\/collections-fr\/soft-sky-fr\/manta-soft-sky-0-3-meses\/#primaryimage"},"thumbnailUrl":"https:\/\/gloopbaby.com\/wp-content\/uploads\/2023\/06\/manta-0-3-soft-sky2.jpg","datePublished":"2023-06-21T09:18:07+00:00","dateModified":"2026-04-13T13:26:12+00:00","breadcrumb":{"@id":"https:\/\/gloopbaby.com\/fr\/produit\/collections-fr\/soft-sky-fr\/manta-soft-sky-0-3-meses\/#breadcrumb"},"inLanguage":"fr-FR","potentialAction":[{"@type":"ReadAction","target":["https:\/\/gloopbaby.com\/fr\/produit\/collections-fr\/soft-sky-fr\/manta-soft-sky-0-3-meses\/"]}]},{"@type":"ImageObject","inLanguage":"fr-FR","@id":"https:\/\/gloopbaby.com\/fr\/produit\/collections-fr\/soft-sky-fr\/manta-soft-sky-0-3-meses\/#primaryimage","url":"https:\/\/gloopbaby.com\/wp-content\/uploads\/2023\/06\/manta-0-3-soft-sky2.jpg","contentUrl":"https:\/\/gloopbaby.com\/wp-content\/uploads\/2023\/06\/manta-0-3-soft-sky2.jpg","width":1000,"height":1500,"caption":"Manta de algod\u00e3o biol\u00f3gico gloop para beb\u00e9 0-3 meses"},{"@type":"BreadcrumbList","@id":"https:\/\/gloopbaby.com\/fr\/produit\/collections-fr\/soft-sky-fr\/manta-soft-sky-0-3-meses\/#breadcrumb","itemListElement":[{"@type":"ListItem","position":1,"name":"In\u00edcio","item":"https:\/\/gloopbaby.com\/fr\/"},{"@type":"ListItem","position":2,"name":"Shop","item":"https:\/\/gloopbaby.com\/loja\/"},{"@type":"ListItem","position":3,"name":"Couverture-Plaid Soft Sky 0-3 mois"}]},{"@type":"WebSite","@id":"https:\/\/gloopbaby.com\/fr\/#website","url":"https:\/\/gloopbaby.com\/fr\/","name":"Gloop Baby","description":"","publisher":{"@id":"https:\/\/gloopbaby.com\/fr\/#organization"},"potentialAction":[{"@type":"SearchAction","target":{"@type":"EntryPoint","urlTemplate":"https:\/\/gloopbaby.com\/fr\/?s={search_term_string}"},"query-input":{"@type":"PropertyValueSpecification","valueRequired":true,"valueName":"search_term_string"}}],"inLanguage":"fr-FR"},{"@type":"Organization","@id":"https:\/\/gloopbaby.com\/fr\/#organization","name":"Gloop Baby","url":"https:\/\/gloopbaby.com\/fr\/","logo":{"@type":"ImageObject","inLanguage":"fr-FR","@id":"https:\/\/gloopbaby.com\/fr\/#\/schema\/logo\/image\/","url":"https:\/\/gloopbaby.com\/wp-content\/uploads\/2023\/06\/gloop-logo.svg","contentUrl":"https:\/\/gloopbaby.com\/wp-content\/uploads\/2023\/06\/gloop-logo.svg","width":100,"height":100,"caption":"Gloop Baby"},"image":{"@id":"https:\/\/gloopbaby.com\/fr\/#\/schema\/logo\/image\/"}}]}},"_links":{"self":[{"href":"https:\/\/gloopbaby.com\/fr\/wp-json\/wp\/v2\/product\/22542","targetHints":{"allow":["GET"]}}],"collection":[{"href":"https:\/\/gloopbaby.com\/fr\/wp-json\/wp\/v2\/product"}],"about":[{"href":"https:\/\/gloopbaby.com\/fr\/wp-json\/wp\/v2\/types\/product"}],"replies":[{"embeddable":true,"href":"https:\/\/gloopbaby.com\/fr\/wp-json\/wp\/v2\/comments?post=22542"}],"wp:featuredmedia":[{"embeddable":true,"href":"https:\/\/gloopbaby.com\/fr\/wp-json\/wp\/v2\/media\/35448"}],"wp:attachment":[{"href":"https:\/\/gloopbaby.com\/fr\/wp-json\/wp\/v2\/media?parent=22542"}],"wp:term":[{"taxonomy":"product_brand","embeddable":true,"href":"https:\/\/gloopbaby.com\/fr\/wp-json\/wp\/v2\/product_brand?post=22542"},{"taxonomy":"product_cat","embeddable":true,"href":"https:\/\/gloopbaby.com\/fr\/wp-json\/wp\/v2\/product_cat?post=22542"},{"taxonomy":"product_tag","embeddable":true,"href":"https:\/\/gloopbaby.com\/fr\/wp-json\/wp\/v2\/product_tag?post=22542"}],"curies":[{"name":"wp","href":"https:\/\/api.w.org\/{rel}","templated":true}]}}