{"id":21686,"date":"2023-06-21T09:22:26","date_gmt":"2023-06-21T09:22:26","guid":{"rendered":"https:\/\/gloopbaby.com\/produto\/capa-de-edredon-fronha-de-almofada-enchimento-soft-sky\/"},"modified":"2023-10-31T12:05:11","modified_gmt":"2023-10-31T12:05:11","slug":"capa-de-edredon-fronha-de-almofada-enchimento-soft-sky","status":"publish","type":"product","link":"https:\/\/gloopbaby.com\/fr\/produit\/collections-fr\/soft-sky-fr\/capa-de-edredon-fronha-de-almofada-enchimento-soft-sky\/","title":{"rendered":"Pack Housse de Couette + Remplissage + Taie d&rsquo;oreiller Soft Sky"},"content":{"rendered":"<p>Pour lui offrir des nuits calmes et reposantes optez pour notre couette compl\u00e8te 100% bio et \u00e9cologique. Fabriqu\u00e9 au Portugal. Non allerg\u00e8nes et sans m\u00e9taux lourds. Conseil utilisation: A chaque lavage plus de douceur! Nous vous conseillons de les laver avant une premi\u00e8re utilisation. Taille: Housse de couette-100x140cm | Taie d&rsquo;oreiller- 40x60cm<br \/>\nRemarque: rembourrage pour housse de couette.<\/p>\n","protected":false},"excerpt":{"rendered":"<p>Pour lui offrir des nuits calmes et reposantes optez pour notre couette compl\u00e8te 100% bio et \u00e9cologique. Fabriqu\u00e9 au Portugal. Non allerg\u00e8nes et sans m\u00e9taux lourds. Conseil utilisation: A chaque lavage plus de douceur! Nous vous conseillons de les laver avant une premi\u00e8re utilisation. Taille: Housse de couette-100x140cm | Taie d&rsquo;oreiller- 40x60cm Remarque: rembourrage pour [&hellip;]<\/p>\n","protected":false},"featured_media":35332,"comment_status":"closed","ping_status":"closed","template":"","meta":{"_acf_changed":false},"product_brand":[],"product_cat":[1582,1518,1512,1478,1519,1554],"product_tag":[],"class_list":{"0":"post-21686","1":"product","2":"type-product","3":"status-publish","4":"has-post-thumbnail","6":"product_cat-collections-fr","7":"product_cat-couette-fr","8":"product_cat-lit-fr","9":"product_cat-home-and-sleep-fr","10":"product_cat-pack-housse-de-couette-fr","11":"product_cat-soft-sky-fr","13":"first","14":"instock","15":"taxable","16":"shipping-taxable","17":"purchasable","18":"product-type-simple"},"acf":[],"yoast_head":"<!-- This site is optimized with the Yoast SEO plugin v27.3 - https:\/\/yoast.com\/product\/yoast-seo-wordpress\/ -->\n<title>Pack Housse de Couette + Remplissage + Taie d&#039;oreiller Soft Sky - Gloop Baby<\/title>\n<meta name=\"robots\" content=\"index, follow, max-snippet:-1, max-image-preview:large, max-video-preview:-1\" \/>\n<link rel=\"canonical\" href=\"https:\/\/gloopbaby.com\/fr\/produit\/collections-fr\/soft-sky-fr\/capa-de-edredon-fronha-de-almofada-enchimento-soft-sky\/\" \/>\n<meta property=\"og:locale\" content=\"fr_FR\" \/>\n<meta property=\"og:type\" content=\"article\" \/>\n<meta property=\"og:title\" content=\"Pack Housse de Couette + Remplissage + Taie d&#039;oreiller Soft Sky - Gloop Baby\" \/>\n<meta property=\"og:description\" content=\"Pour lui offrir des nuits calmes et reposantes optez pour notre couette compl\u00e8te 100% bio et \u00e9cologique. Fabriqu\u00e9 au Portugal. Non allerg\u00e8nes et sans m\u00e9taux lourds. Conseil utilisation: A chaque lavage plus de douceur! Nous vous conseillons de les laver avant une premi\u00e8re utilisation. Taille: Housse de couette-100x140cm | Taie d&rsquo;oreiller- 40x60cm Remarque: rembourrage pour [&hellip;]\" \/>\n<meta property=\"og:url\" content=\"https:\/\/gloopbaby.com\/fr\/produit\/collections-fr\/soft-sky-fr\/capa-de-edredon-fronha-de-almofada-enchimento-soft-sky\/\" \/>\n<meta property=\"og:site_name\" content=\"Gloop Baby\" \/>\n<meta property=\"article:modified_time\" content=\"2023-10-31T12:05:11+00:00\" \/>\n<meta property=\"og:image\" content=\"https:\/\/gloopbaby.com\/wp-content\/uploads\/2023\/06\/edredon-soft-skty4.jpg\" \/>\n\t<meta property=\"og:image:width\" content=\"1000\" \/>\n\t<meta property=\"og:image:height\" content=\"1500\" \/>\n\t<meta property=\"og:image:type\" content=\"image\/jpeg\" \/>\n<meta name=\"twitter:card\" content=\"summary_large_image\" \/>\n<script type=\"application\/ld+json\" class=\"yoast-schema-graph\">{\"@context\":\"https:\\\/\\\/schema.org\",\"@graph\":[{\"@type\":\"WebPage\",\"@id\":\"https:\\\/\\\/gloopbaby.com\\\/fr\\\/produit\\\/collections-fr\\\/soft-sky-fr\\\/capa-de-edredon-fronha-de-almofada-enchimento-soft-sky\\\/\",\"url\":\"https:\\\/\\\/gloopbaby.com\\\/fr\\\/produit\\\/collections-fr\\\/soft-sky-fr\\\/capa-de-edredon-fronha-de-almofada-enchimento-soft-sky\\\/\",\"name\":\"Pack Housse de Couette + Remplissage + Taie d'oreiller Soft Sky - Gloop Baby\",\"isPartOf\":{\"@id\":\"https:\\\/\\\/gloopbaby.com\\\/fr\\\/#website\"},\"primaryImageOfPage\":{\"@id\":\"https:\\\/\\\/gloopbaby.com\\\/fr\\\/produit\\\/collections-fr\\\/soft-sky-fr\\\/capa-de-edredon-fronha-de-almofada-enchimento-soft-sky\\\/#primaryimage\"},\"image\":{\"@id\":\"https:\\\/\\\/gloopbaby.com\\\/fr\\\/produit\\\/collections-fr\\\/soft-sky-fr\\\/capa-de-edredon-fronha-de-almofada-enchimento-soft-sky\\\/#primaryimage\"},\"thumbnailUrl\":\"https:\\\/\\\/gloopbaby.com\\\/wp-content\\\/uploads\\\/2023\\\/06\\\/edredon-soft-skty4.jpg\",\"datePublished\":\"2023-06-21T09:22:26+00:00\",\"dateModified\":\"2023-10-31T12:05:11+00:00\",\"breadcrumb\":{\"@id\":\"https:\\\/\\\/gloopbaby.com\\\/fr\\\/produit\\\/collections-fr\\\/soft-sky-fr\\\/capa-de-edredon-fronha-de-almofada-enchimento-soft-sky\\\/#breadcrumb\"},\"inLanguage\":\"fr-FR\",\"potentialAction\":[{\"@type\":\"ReadAction\",\"target\":[\"https:\\\/\\\/gloopbaby.com\\\/fr\\\/produit\\\/collections-fr\\\/soft-sky-fr\\\/capa-de-edredon-fronha-de-almofada-enchimento-soft-sky\\\/\"]}]},{\"@type\":\"ImageObject\",\"inLanguage\":\"fr-FR\",\"@id\":\"https:\\\/\\\/gloopbaby.com\\\/fr\\\/produit\\\/collections-fr\\\/soft-sky-fr\\\/capa-de-edredon-fronha-de-almofada-enchimento-soft-sky\\\/#primaryimage\",\"url\":\"https:\\\/\\\/gloopbaby.com\\\/wp-content\\\/uploads\\\/2023\\\/06\\\/edredon-soft-skty4.jpg\",\"contentUrl\":\"https:\\\/\\\/gloopbaby.com\\\/wp-content\\\/uploads\\\/2023\\\/06\\\/edredon-soft-skty4.jpg\",\"width\":1000,\"height\":1500,\"caption\":\"Conjunto de edredon para beb\u00e9 com enchimento e fronha gloop baby em algod\u00e3o biol\u00f3gico\"},{\"@type\":\"BreadcrumbList\",\"@id\":\"https:\\\/\\\/gloopbaby.com\\\/fr\\\/produit\\\/collections-fr\\\/soft-sky-fr\\\/capa-de-edredon-fronha-de-almofada-enchimento-soft-sky\\\/#breadcrumb\",\"itemListElement\":[{\"@type\":\"ListItem\",\"position\":1,\"name\":\"In\u00edcio\",\"item\":\"https:\\\/\\\/gloopbaby.com\\\/fr\\\/\"},{\"@type\":\"ListItem\",\"position\":2,\"name\":\"Shop\",\"item\":\"https:\\\/\\\/gloopbaby.com\\\/loja\\\/\"},{\"@type\":\"ListItem\",\"position\":3,\"name\":\"Pack Housse de Couette + Remplissage + Taie d&#8217;oreiller Soft Sky\"}]},{\"@type\":\"WebSite\",\"@id\":\"https:\\\/\\\/gloopbaby.com\\\/fr\\\/#website\",\"url\":\"https:\\\/\\\/gloopbaby.com\\\/fr\\\/\",\"name\":\"Gloop Baby\",\"description\":\"\",\"publisher\":{\"@id\":\"https:\\\/\\\/gloopbaby.com\\\/fr\\\/#organization\"},\"potentialAction\":[{\"@type\":\"SearchAction\",\"target\":{\"@type\":\"EntryPoint\",\"urlTemplate\":\"https:\\\/\\\/gloopbaby.com\\\/fr\\\/?s={search_term_string}\"},\"query-input\":{\"@type\":\"PropertyValueSpecification\",\"valueRequired\":true,\"valueName\":\"search_term_string\"}}],\"inLanguage\":\"fr-FR\"},{\"@type\":\"Organization\",\"@id\":\"https:\\\/\\\/gloopbaby.com\\\/fr\\\/#organization\",\"name\":\"Gloop Baby\",\"url\":\"https:\\\/\\\/gloopbaby.com\\\/fr\\\/\",\"logo\":{\"@type\":\"ImageObject\",\"inLanguage\":\"fr-FR\",\"@id\":\"https:\\\/\\\/gloopbaby.com\\\/fr\\\/#\\\/schema\\\/logo\\\/image\\\/\",\"url\":\"https:\\\/\\\/gloopbaby.com\\\/wp-content\\\/uploads\\\/2023\\\/06\\\/gloop-logo.svg\",\"contentUrl\":\"https:\\\/\\\/gloopbaby.com\\\/wp-content\\\/uploads\\\/2023\\\/06\\\/gloop-logo.svg\",\"width\":100,\"height\":100,\"caption\":\"Gloop Baby\"},\"image\":{\"@id\":\"https:\\\/\\\/gloopbaby.com\\\/fr\\\/#\\\/schema\\\/logo\\\/image\\\/\"}}]}<\/script>\n<!-- \/ Yoast SEO plugin. -->","yoast_head_json":{"title":"Pack Housse de Couette + Remplissage + Taie d'oreiller Soft Sky - Gloop Baby","robots":{"index":"index","follow":"follow","max-snippet":"max-snippet:-1","max-image-preview":"max-image-preview:large","max-video-preview":"max-video-preview:-1"},"canonical":"https:\/\/gloopbaby.com\/fr\/produit\/collections-fr\/soft-sky-fr\/capa-de-edredon-fronha-de-almofada-enchimento-soft-sky\/","og_locale":"fr_FR","og_type":"article","og_title":"Pack Housse de Couette + Remplissage + Taie d'oreiller Soft Sky - Gloop Baby","og_description":"Pour lui offrir des nuits calmes et reposantes optez pour notre couette compl\u00e8te 100% bio et \u00e9cologique. Fabriqu\u00e9 au Portugal. Non allerg\u00e8nes et sans m\u00e9taux lourds. Conseil utilisation: A chaque lavage plus de douceur! Nous vous conseillons de les laver avant une premi\u00e8re utilisation. Taille: Housse de couette-100x140cm | Taie d&rsquo;oreiller- 40x60cm Remarque: rembourrage pour [&hellip;]","og_url":"https:\/\/gloopbaby.com\/fr\/produit\/collections-fr\/soft-sky-fr\/capa-de-edredon-fronha-de-almofada-enchimento-soft-sky\/","og_site_name":"Gloop Baby","article_modified_time":"2023-10-31T12:05:11+00:00","og_image":[{"width":1000,"height":1500,"url":"https:\/\/gloopbaby.com\/wp-content\/uploads\/2023\/06\/edredon-soft-skty4.jpg","type":"image\/jpeg"}],"twitter_card":"summary_large_image","schema":{"@context":"https:\/\/schema.org","@graph":[{"@type":"WebPage","@id":"https:\/\/gloopbaby.com\/fr\/produit\/collections-fr\/soft-sky-fr\/capa-de-edredon-fronha-de-almofada-enchimento-soft-sky\/","url":"https:\/\/gloopbaby.com\/fr\/produit\/collections-fr\/soft-sky-fr\/capa-de-edredon-fronha-de-almofada-enchimento-soft-sky\/","name":"Pack Housse de Couette + Remplissage + Taie d'oreiller Soft Sky - Gloop Baby","isPartOf":{"@id":"https:\/\/gloopbaby.com\/fr\/#website"},"primaryImageOfPage":{"@id":"https:\/\/gloopbaby.com\/fr\/produit\/collections-fr\/soft-sky-fr\/capa-de-edredon-fronha-de-almofada-enchimento-soft-sky\/#primaryimage"},"image":{"@id":"https:\/\/gloopbaby.com\/fr\/produit\/collections-fr\/soft-sky-fr\/capa-de-edredon-fronha-de-almofada-enchimento-soft-sky\/#primaryimage"},"thumbnailUrl":"https:\/\/gloopbaby.com\/wp-content\/uploads\/2023\/06\/edredon-soft-skty4.jpg","datePublished":"2023-06-21T09:22:26+00:00","dateModified":"2023-10-31T12:05:11+00:00","breadcrumb":{"@id":"https:\/\/gloopbaby.com\/fr\/produit\/collections-fr\/soft-sky-fr\/capa-de-edredon-fronha-de-almofada-enchimento-soft-sky\/#breadcrumb"},"inLanguage":"fr-FR","potentialAction":[{"@type":"ReadAction","target":["https:\/\/gloopbaby.com\/fr\/produit\/collections-fr\/soft-sky-fr\/capa-de-edredon-fronha-de-almofada-enchimento-soft-sky\/"]}]},{"@type":"ImageObject","inLanguage":"fr-FR","@id":"https:\/\/gloopbaby.com\/fr\/produit\/collections-fr\/soft-sky-fr\/capa-de-edredon-fronha-de-almofada-enchimento-soft-sky\/#primaryimage","url":"https:\/\/gloopbaby.com\/wp-content\/uploads\/2023\/06\/edredon-soft-skty4.jpg","contentUrl":"https:\/\/gloopbaby.com\/wp-content\/uploads\/2023\/06\/edredon-soft-skty4.jpg","width":1000,"height":1500,"caption":"Conjunto de edredon para beb\u00e9 com enchimento e fronha gloop baby em algod\u00e3o biol\u00f3gico"},{"@type":"BreadcrumbList","@id":"https:\/\/gloopbaby.com\/fr\/produit\/collections-fr\/soft-sky-fr\/capa-de-edredon-fronha-de-almofada-enchimento-soft-sky\/#breadcrumb","itemListElement":[{"@type":"ListItem","position":1,"name":"In\u00edcio","item":"https:\/\/gloopbaby.com\/fr\/"},{"@type":"ListItem","position":2,"name":"Shop","item":"https:\/\/gloopbaby.com\/loja\/"},{"@type":"ListItem","position":3,"name":"Pack Housse de Couette + Remplissage + Taie d&#8217;oreiller Soft Sky"}]},{"@type":"WebSite","@id":"https:\/\/gloopbaby.com\/fr\/#website","url":"https:\/\/gloopbaby.com\/fr\/","name":"Gloop Baby","description":"","publisher":{"@id":"https:\/\/gloopbaby.com\/fr\/#organization"},"potentialAction":[{"@type":"SearchAction","target":{"@type":"EntryPoint","urlTemplate":"https:\/\/gloopbaby.com\/fr\/?s={search_term_string}"},"query-input":{"@type":"PropertyValueSpecification","valueRequired":true,"valueName":"search_term_string"}}],"inLanguage":"fr-FR"},{"@type":"Organization","@id":"https:\/\/gloopbaby.com\/fr\/#organization","name":"Gloop Baby","url":"https:\/\/gloopbaby.com\/fr\/","logo":{"@type":"ImageObject","inLanguage":"fr-FR","@id":"https:\/\/gloopbaby.com\/fr\/#\/schema\/logo\/image\/","url":"https:\/\/gloopbaby.com\/wp-content\/uploads\/2023\/06\/gloop-logo.svg","contentUrl":"https:\/\/gloopbaby.com\/wp-content\/uploads\/2023\/06\/gloop-logo.svg","width":100,"height":100,"caption":"Gloop Baby"},"image":{"@id":"https:\/\/gloopbaby.com\/fr\/#\/schema\/logo\/image\/"}}]}},"_links":{"self":[{"href":"https:\/\/gloopbaby.com\/fr\/wp-json\/wp\/v2\/product\/21686","targetHints":{"allow":["GET"]}}],"collection":[{"href":"https:\/\/gloopbaby.com\/fr\/wp-json\/wp\/v2\/product"}],"about":[{"href":"https:\/\/gloopbaby.com\/fr\/wp-json\/wp\/v2\/types\/product"}],"replies":[{"embeddable":true,"href":"https:\/\/gloopbaby.com\/fr\/wp-json\/wp\/v2\/comments?post=21686"}],"wp:featuredmedia":[{"embeddable":true,"href":"https:\/\/gloopbaby.com\/fr\/wp-json\/wp\/v2\/media\/35332"}],"wp:attachment":[{"href":"https:\/\/gloopbaby.com\/fr\/wp-json\/wp\/v2\/media?parent=21686"}],"wp:term":[{"taxonomy":"product_brand","embeddable":true,"href":"https:\/\/gloopbaby.com\/fr\/wp-json\/wp\/v2\/product_brand?post=21686"},{"taxonomy":"product_cat","embeddable":true,"href":"https:\/\/gloopbaby.com\/fr\/wp-json\/wp\/v2\/product_cat?post=21686"},{"taxonomy":"product_tag","embeddable":true,"href":"https:\/\/gloopbaby.com\/fr\/wp-json\/wp\/v2\/product_tag?post=21686"}],"curies":[{"name":"wp","href":"https:\/\/api.w.org\/{rel}","templated":true}]}}