{"id":21470,"date":"2023-06-21T09:25:01","date_gmt":"2023-06-21T09:25:01","guid":{"rendered":"https:\/\/gloopbaby.com\/produto\/alcofa-soft-sky\/"},"modified":"2024-05-13T11:46:13","modified_gmt":"2024-05-13T11:46:13","slug":"alcofa-soft-sky","status":"publish","type":"product","link":"https:\/\/gloopbaby.com\/fr\/produit\/collections-fr\/soft-sky-fr\/alcofa-soft-sky\/","title":{"rendered":"Couffin Soft Sky"},"content":{"rendered":"<p>Notre couffin gloop! \u00e9l\u00e9gant et raffin\u00e9 sera le premier lit id\u00e9al de b\u00e9b\u00e9 et ce des la sortie de la maternit\u00e9. Tous nos couffins sont fabriqu\u00e9s enti\u00e8rement \u00e0 la main et au Portugal, de la confection de la structure jusqu&rsquo;\u00e0 l&rsquo;ajustement du tissu. Le coton est certifi\u00e9s 100% coton biologique et fabriqu\u00e9 au Portugal<br \/>\n. Il est non allerg\u00e8nes et sans m\u00e9taux lourds. Tailles: 85x45cm<\/p>\n","protected":false},"excerpt":{"rendered":"<p>Notre couffin gloop! \u00e9l\u00e9gant et raffin\u00e9 sera le premier lit id\u00e9al de b\u00e9b\u00e9 et ce des la sortie de la maternit\u00e9. Tous nos couffins sont fabriqu\u00e9s enti\u00e8rement \u00e0 la main et au Portugal, de la confection de la structure jusqu&rsquo;\u00e0 l&rsquo;ajustement du tissu. Le coton est certifi\u00e9s 100% coton biologique et fabriqu\u00e9 au Portugal . [&hellip;]<\/p>\n","protected":false},"featured_media":35282,"comment_status":"closed","ping_status":"closed","template":"","meta":{"_acf_changed":false},"product_brand":[],"product_cat":[1582,1508,1478,1554],"product_tag":[],"class_list":{"0":"post-21470","1":"product","2":"type-product","3":"status-publish","4":"has-post-thumbnail","6":"product_cat-collections-fr","7":"product_cat-couffin-fr","8":"product_cat-home-and-sleep-fr","9":"product_cat-soft-sky-fr","11":"first","12":"instock","13":"taxable","14":"shipping-taxable","15":"purchasable","16":"product-type-variable"},"acf":[],"yoast_head":"<!-- This site is optimized with the Yoast SEO plugin v27.3 - https:\/\/yoast.com\/product\/yoast-seo-wordpress\/ -->\n<title>Couffin Soft Sky - Gloop Baby<\/title>\n<meta name=\"robots\" content=\"index, follow, max-snippet:-1, max-image-preview:large, max-video-preview:-1\" \/>\n<link rel=\"canonical\" href=\"https:\/\/gloopbaby.com\/fr\/produit\/collections-fr\/soft-sky-fr\/alcofa-soft-sky\/\" \/>\n<meta property=\"og:locale\" content=\"fr_FR\" \/>\n<meta property=\"og:type\" content=\"article\" \/>\n<meta property=\"og:title\" content=\"Couffin Soft Sky - Gloop Baby\" \/>\n<meta property=\"og:description\" content=\"Notre couffin gloop! \u00e9l\u00e9gant et raffin\u00e9 sera le premier lit id\u00e9al de b\u00e9b\u00e9 et ce des la sortie de la maternit\u00e9. Tous nos couffins sont fabriqu\u00e9s enti\u00e8rement \u00e0 la main et au Portugal, de la confection de la structure jusqu&rsquo;\u00e0 l&rsquo;ajustement du tissu. Le coton est certifi\u00e9s 100% coton biologique et fabriqu\u00e9 au Portugal . [&hellip;]\" \/>\n<meta property=\"og:url\" content=\"https:\/\/gloopbaby.com\/fr\/produit\/collections-fr\/soft-sky-fr\/alcofa-soft-sky\/\" \/>\n<meta property=\"og:site_name\" content=\"Gloop Baby\" \/>\n<meta property=\"article:modified_time\" content=\"2024-05-13T11:46:13+00:00\" \/>\n<meta property=\"og:image\" content=\"https:\/\/gloopbaby.com\/wp-content\/uploads\/2023\/06\/alcofa-soft-sky.jpg\" \/>\n\t<meta property=\"og:image:width\" content=\"1000\" \/>\n\t<meta property=\"og:image:height\" content=\"1500\" \/>\n\t<meta property=\"og:image:type\" content=\"image\/jpeg\" \/>\n<meta name=\"twitter:card\" content=\"summary_large_image\" \/>\n<script type=\"application\/ld+json\" class=\"yoast-schema-graph\">{\"@context\":\"https:\\\/\\\/schema.org\",\"@graph\":[{\"@type\":\"WebPage\",\"@id\":\"https:\\\/\\\/gloopbaby.com\\\/fr\\\/produit\\\/collections-fr\\\/soft-sky-fr\\\/alcofa-soft-sky\\\/\",\"url\":\"https:\\\/\\\/gloopbaby.com\\\/fr\\\/produit\\\/collections-fr\\\/soft-sky-fr\\\/alcofa-soft-sky\\\/\",\"name\":\"Couffin Soft Sky - Gloop Baby\",\"isPartOf\":{\"@id\":\"https:\\\/\\\/gloopbaby.com\\\/fr\\\/#website\"},\"primaryImageOfPage\":{\"@id\":\"https:\\\/\\\/gloopbaby.com\\\/fr\\\/produit\\\/collections-fr\\\/soft-sky-fr\\\/alcofa-soft-sky\\\/#primaryimage\"},\"image\":{\"@id\":\"https:\\\/\\\/gloopbaby.com\\\/fr\\\/produit\\\/collections-fr\\\/soft-sky-fr\\\/alcofa-soft-sky\\\/#primaryimage\"},\"thumbnailUrl\":\"https:\\\/\\\/gloopbaby.com\\\/wp-content\\\/uploads\\\/2023\\\/06\\\/alcofa-soft-sky.jpg\",\"datePublished\":\"2023-06-21T09:25:01+00:00\",\"dateModified\":\"2024-05-13T11:46:13+00:00\",\"breadcrumb\":{\"@id\":\"https:\\\/\\\/gloopbaby.com\\\/fr\\\/produit\\\/collections-fr\\\/soft-sky-fr\\\/alcofa-soft-sky\\\/#breadcrumb\"},\"inLanguage\":\"fr-FR\",\"potentialAction\":[{\"@type\":\"ReadAction\",\"target\":[\"https:\\\/\\\/gloopbaby.com\\\/fr\\\/produit\\\/collections-fr\\\/soft-sky-fr\\\/alcofa-soft-sky\\\/\"]}]},{\"@type\":\"ImageObject\",\"inLanguage\":\"fr-FR\",\"@id\":\"https:\\\/\\\/gloopbaby.com\\\/fr\\\/produit\\\/collections-fr\\\/soft-sky-fr\\\/alcofa-soft-sky\\\/#primaryimage\",\"url\":\"https:\\\/\\\/gloopbaby.com\\\/wp-content\\\/uploads\\\/2023\\\/06\\\/alcofa-soft-sky.jpg\",\"contentUrl\":\"https:\\\/\\\/gloopbaby.com\\\/wp-content\\\/uploads\\\/2023\\\/06\\\/alcofa-soft-sky.jpg\",\"width\":1000,\"height\":1500,\"caption\":\"Alcofa Soft Sky para beb\u00e9 Gloop em algod\u00e3o biol\u00f3gico\"},{\"@type\":\"BreadcrumbList\",\"@id\":\"https:\\\/\\\/gloopbaby.com\\\/fr\\\/produit\\\/collections-fr\\\/soft-sky-fr\\\/alcofa-soft-sky\\\/#breadcrumb\",\"itemListElement\":[{\"@type\":\"ListItem\",\"position\":1,\"name\":\"In\u00edcio\",\"item\":\"https:\\\/\\\/gloopbaby.com\\\/fr\\\/\"},{\"@type\":\"ListItem\",\"position\":2,\"name\":\"Shop\",\"item\":\"https:\\\/\\\/gloopbaby.com\\\/loja\\\/\"},{\"@type\":\"ListItem\",\"position\":3,\"name\":\"Couffin Soft Sky\"}]},{\"@type\":\"WebSite\",\"@id\":\"https:\\\/\\\/gloopbaby.com\\\/fr\\\/#website\",\"url\":\"https:\\\/\\\/gloopbaby.com\\\/fr\\\/\",\"name\":\"Gloop Baby\",\"description\":\"\",\"publisher\":{\"@id\":\"https:\\\/\\\/gloopbaby.com\\\/fr\\\/#organization\"},\"potentialAction\":[{\"@type\":\"SearchAction\",\"target\":{\"@type\":\"EntryPoint\",\"urlTemplate\":\"https:\\\/\\\/gloopbaby.com\\\/fr\\\/?s={search_term_string}\"},\"query-input\":{\"@type\":\"PropertyValueSpecification\",\"valueRequired\":true,\"valueName\":\"search_term_string\"}}],\"inLanguage\":\"fr-FR\"},{\"@type\":\"Organization\",\"@id\":\"https:\\\/\\\/gloopbaby.com\\\/fr\\\/#organization\",\"name\":\"Gloop Baby\",\"url\":\"https:\\\/\\\/gloopbaby.com\\\/fr\\\/\",\"logo\":{\"@type\":\"ImageObject\",\"inLanguage\":\"fr-FR\",\"@id\":\"https:\\\/\\\/gloopbaby.com\\\/fr\\\/#\\\/schema\\\/logo\\\/image\\\/\",\"url\":\"https:\\\/\\\/gloopbaby.com\\\/wp-content\\\/uploads\\\/2023\\\/06\\\/gloop-logo.svg\",\"contentUrl\":\"https:\\\/\\\/gloopbaby.com\\\/wp-content\\\/uploads\\\/2023\\\/06\\\/gloop-logo.svg\",\"width\":100,\"height\":100,\"caption\":\"Gloop Baby\"},\"image\":{\"@id\":\"https:\\\/\\\/gloopbaby.com\\\/fr\\\/#\\\/schema\\\/logo\\\/image\\\/\"}}]}<\/script>\n<!-- \/ Yoast SEO plugin. -->","yoast_head_json":{"title":"Couffin Soft Sky - Gloop Baby","robots":{"index":"index","follow":"follow","max-snippet":"max-snippet:-1","max-image-preview":"max-image-preview:large","max-video-preview":"max-video-preview:-1"},"canonical":"https:\/\/gloopbaby.com\/fr\/produit\/collections-fr\/soft-sky-fr\/alcofa-soft-sky\/","og_locale":"fr_FR","og_type":"article","og_title":"Couffin Soft Sky - Gloop Baby","og_description":"Notre couffin gloop! \u00e9l\u00e9gant et raffin\u00e9 sera le premier lit id\u00e9al de b\u00e9b\u00e9 et ce des la sortie de la maternit\u00e9. Tous nos couffins sont fabriqu\u00e9s enti\u00e8rement \u00e0 la main et au Portugal, de la confection de la structure jusqu&rsquo;\u00e0 l&rsquo;ajustement du tissu. Le coton est certifi\u00e9s 100% coton biologique et fabriqu\u00e9 au Portugal . [&hellip;]","og_url":"https:\/\/gloopbaby.com\/fr\/produit\/collections-fr\/soft-sky-fr\/alcofa-soft-sky\/","og_site_name":"Gloop Baby","article_modified_time":"2024-05-13T11:46:13+00:00","og_image":[{"width":1000,"height":1500,"url":"https:\/\/gloopbaby.com\/wp-content\/uploads\/2023\/06\/alcofa-soft-sky.jpg","type":"image\/jpeg"}],"twitter_card":"summary_large_image","schema":{"@context":"https:\/\/schema.org","@graph":[{"@type":"WebPage","@id":"https:\/\/gloopbaby.com\/fr\/produit\/collections-fr\/soft-sky-fr\/alcofa-soft-sky\/","url":"https:\/\/gloopbaby.com\/fr\/produit\/collections-fr\/soft-sky-fr\/alcofa-soft-sky\/","name":"Couffin Soft Sky - Gloop Baby","isPartOf":{"@id":"https:\/\/gloopbaby.com\/fr\/#website"},"primaryImageOfPage":{"@id":"https:\/\/gloopbaby.com\/fr\/produit\/collections-fr\/soft-sky-fr\/alcofa-soft-sky\/#primaryimage"},"image":{"@id":"https:\/\/gloopbaby.com\/fr\/produit\/collections-fr\/soft-sky-fr\/alcofa-soft-sky\/#primaryimage"},"thumbnailUrl":"https:\/\/gloopbaby.com\/wp-content\/uploads\/2023\/06\/alcofa-soft-sky.jpg","datePublished":"2023-06-21T09:25:01+00:00","dateModified":"2024-05-13T11:46:13+00:00","breadcrumb":{"@id":"https:\/\/gloopbaby.com\/fr\/produit\/collections-fr\/soft-sky-fr\/alcofa-soft-sky\/#breadcrumb"},"inLanguage":"fr-FR","potentialAction":[{"@type":"ReadAction","target":["https:\/\/gloopbaby.com\/fr\/produit\/collections-fr\/soft-sky-fr\/alcofa-soft-sky\/"]}]},{"@type":"ImageObject","inLanguage":"fr-FR","@id":"https:\/\/gloopbaby.com\/fr\/produit\/collections-fr\/soft-sky-fr\/alcofa-soft-sky\/#primaryimage","url":"https:\/\/gloopbaby.com\/wp-content\/uploads\/2023\/06\/alcofa-soft-sky.jpg","contentUrl":"https:\/\/gloopbaby.com\/wp-content\/uploads\/2023\/06\/alcofa-soft-sky.jpg","width":1000,"height":1500,"caption":"Alcofa Soft Sky para beb\u00e9 Gloop em algod\u00e3o biol\u00f3gico"},{"@type":"BreadcrumbList","@id":"https:\/\/gloopbaby.com\/fr\/produit\/collections-fr\/soft-sky-fr\/alcofa-soft-sky\/#breadcrumb","itemListElement":[{"@type":"ListItem","position":1,"name":"In\u00edcio","item":"https:\/\/gloopbaby.com\/fr\/"},{"@type":"ListItem","position":2,"name":"Shop","item":"https:\/\/gloopbaby.com\/loja\/"},{"@type":"ListItem","position":3,"name":"Couffin Soft Sky"}]},{"@type":"WebSite","@id":"https:\/\/gloopbaby.com\/fr\/#website","url":"https:\/\/gloopbaby.com\/fr\/","name":"Gloop Baby","description":"","publisher":{"@id":"https:\/\/gloopbaby.com\/fr\/#organization"},"potentialAction":[{"@type":"SearchAction","target":{"@type":"EntryPoint","urlTemplate":"https:\/\/gloopbaby.com\/fr\/?s={search_term_string}"},"query-input":{"@type":"PropertyValueSpecification","valueRequired":true,"valueName":"search_term_string"}}],"inLanguage":"fr-FR"},{"@type":"Organization","@id":"https:\/\/gloopbaby.com\/fr\/#organization","name":"Gloop Baby","url":"https:\/\/gloopbaby.com\/fr\/","logo":{"@type":"ImageObject","inLanguage":"fr-FR","@id":"https:\/\/gloopbaby.com\/fr\/#\/schema\/logo\/image\/","url":"https:\/\/gloopbaby.com\/wp-content\/uploads\/2023\/06\/gloop-logo.svg","contentUrl":"https:\/\/gloopbaby.com\/wp-content\/uploads\/2023\/06\/gloop-logo.svg","width":100,"height":100,"caption":"Gloop Baby"},"image":{"@id":"https:\/\/gloopbaby.com\/fr\/#\/schema\/logo\/image\/"}}]}},"_links":{"self":[{"href":"https:\/\/gloopbaby.com\/fr\/wp-json\/wp\/v2\/product\/21470","targetHints":{"allow":["GET"]}}],"collection":[{"href":"https:\/\/gloopbaby.com\/fr\/wp-json\/wp\/v2\/product"}],"about":[{"href":"https:\/\/gloopbaby.com\/fr\/wp-json\/wp\/v2\/types\/product"}],"replies":[{"embeddable":true,"href":"https:\/\/gloopbaby.com\/fr\/wp-json\/wp\/v2\/comments?post=21470"}],"wp:featuredmedia":[{"embeddable":true,"href":"https:\/\/gloopbaby.com\/fr\/wp-json\/wp\/v2\/media\/35282"}],"wp:attachment":[{"href":"https:\/\/gloopbaby.com\/fr\/wp-json\/wp\/v2\/media?parent=21470"}],"wp:term":[{"taxonomy":"product_brand","embeddable":true,"href":"https:\/\/gloopbaby.com\/fr\/wp-json\/wp\/v2\/product_brand?post=21470"},{"taxonomy":"product_cat","embeddable":true,"href":"https:\/\/gloopbaby.com\/fr\/wp-json\/wp\/v2\/product_cat?post=21470"},{"taxonomy":"product_tag","embeddable":true,"href":"https:\/\/gloopbaby.com\/fr\/wp-json\/wp\/v2\/product_tag?post=21470"}],"curies":[{"name":"wp","href":"https:\/\/api.w.org\/{rel}","templated":true}]}}