{"id":20452,"date":"2023-06-21T12:54:55","date_gmt":"2023-06-21T12:54:55","guid":{"rendered":"https:\/\/gloopbaby.com\/produto\/babygrow-farm\/"},"modified":"2025-10-02T15:52:32","modified_gmt":"2025-10-02T15:52:32","slug":"babygrow-farm","status":"publish","type":"product","link":"https:\/\/gloopbaby.com\/fr\/produit\/collections-fr\/farm-fr\/babygrow-farm\/","title":{"rendered":"Grenouill\u00e8re d&rsquo;hiver Farm"},"content":{"rendered":"<p>Cosy, chaleureux et pratique, le Grenouill\u00e8re d&rsquo;hiver gloop! est con\u00e7u pour un confort parfait pour votre b\u00e9b\u00e9. Grenouill\u00e8re \u00e0 manches longues avec col lamin\u00e9 en doux coton bio. Boutons de pression sur le devant et les jambes. 100% coton biologique et \u00e9cologique et fabriqu\u00e9 au Portugal. Taille: 0 mois (50cm-55m) | 1-3 mois (55cm-62cm) | 3-6 mois (62cm-68cm) | 6-9 mois (68cm-74cm).<\/p>\n","protected":false},"excerpt":{"rendered":"<p>Cosy, chaleureux et pratique, le Grenouill\u00e8re d&rsquo;hiver gloop! est con\u00e7u pour un confort parfait pour votre b\u00e9b\u00e9. Grenouill\u00e8re \u00e0 manches longues avec col lamin\u00e9 en doux coton bio. Boutons de pression sur le devant et les jambes. 100% coton biologique et \u00e9cologique et fabriqu\u00e9 au Portugal. Taille: 0 mois (50cm-55m) | 1-3 mois (55cm-62cm) | [&hellip;]<\/p>\n","protected":false},"featured_media":112801,"comment_status":"closed","ping_status":"closed","template":"","meta":{"_acf_changed":false},"product_brand":[],"product_cat":[1372,1388,1454,1370],"product_tag":[],"class_list":{"0":"post-20452","1":"product","2":"type-product","3":"status-publish","4":"has-post-thumbnail","6":"product_cat-farm-fr","7":"product_cat-grenouillere-fr","8":"product_cat-grenouillere-dhiver-fr","9":"product_cat-clothing-fr","11":"first","12":"instock","13":"taxable","14":"shipping-taxable","15":"purchasable","16":"product-type-variable"},"acf":[],"yoast_head":"<!-- This site is optimized with the Yoast SEO plugin v27.3 - https:\/\/yoast.com\/product\/yoast-seo-wordpress\/ -->\n<title>Grenouill\u00e8re d&#039;hiver Farm en Coton bio | Produits pour b\u00e9b\u00e9 - Gloop Baby<\/title>\n<meta name=\"description\" content=\"Cosy, chaleureux le Grenouill\u00e8re d&#039;hiver gloop! est con\u00e7u pour un confort parfait pour votre b\u00e9b\u00e9. Manches longues avec col lamin\u00e9 en doux. 100% coton bio\" \/>\n<meta name=\"robots\" content=\"index, follow, max-snippet:-1, max-image-preview:large, max-video-preview:-1\" \/>\n<link rel=\"canonical\" href=\"https:\/\/gloopbaby.com\/fr\/produit\/collections-fr\/farm-fr\/babygrow-farm\/\" \/>\n<meta property=\"og:locale\" content=\"fr_FR\" \/>\n<meta property=\"og:type\" content=\"article\" \/>\n<meta property=\"og:title\" content=\"Grenouill\u00e8re d&#039;hiver Farm en Coton bio | Produits pour b\u00e9b\u00e9 - Gloop Baby\" \/>\n<meta property=\"og:description\" content=\"Cosy, chaleureux le Grenouill\u00e8re d&#039;hiver gloop! est con\u00e7u pour un confort parfait pour votre b\u00e9b\u00e9. Manches longues avec col lamin\u00e9 en doux. 100% coton bio\" \/>\n<meta property=\"og:url\" content=\"https:\/\/gloopbaby.com\/fr\/produit\/collections-fr\/farm-fr\/babygrow-farm\/\" \/>\n<meta property=\"og:site_name\" content=\"Gloop Baby\" \/>\n<meta property=\"article:modified_time\" content=\"2025-10-02T15:52:32+00:00\" \/>\n<meta property=\"og:image\" content=\"https:\/\/gloopbaby.com\/wp-content\/uploads\/2023\/06\/babygr3.jpg\" \/>\n\t<meta property=\"og:image:width\" content=\"600\" \/>\n\t<meta property=\"og:image:height\" content=\"900\" \/>\n\t<meta property=\"og:image:type\" content=\"image\/jpeg\" \/>\n<meta name=\"twitter:card\" content=\"summary_large_image\" \/>\n<meta name=\"twitter:label1\" content=\"Dur\u00e9e de lecture estim\u00e9e\" \/>\n\t<meta name=\"twitter:data1\" content=\"1 minute\" \/>\n<script type=\"application\/ld+json\" class=\"yoast-schema-graph\">{\"@context\":\"https:\\\/\\\/schema.org\",\"@graph\":[{\"@type\":\"WebPage\",\"@id\":\"https:\\\/\\\/gloopbaby.com\\\/fr\\\/produit\\\/collections-fr\\\/farm-fr\\\/babygrow-farm\\\/\",\"url\":\"https:\\\/\\\/gloopbaby.com\\\/fr\\\/produit\\\/collections-fr\\\/farm-fr\\\/babygrow-farm\\\/\",\"name\":\"Grenouill\u00e8re d'hiver Farm en Coton bio | Produits pour b\u00e9b\u00e9 - Gloop Baby\",\"isPartOf\":{\"@id\":\"https:\\\/\\\/gloopbaby.com\\\/fr\\\/#website\"},\"primaryImageOfPage\":{\"@id\":\"https:\\\/\\\/gloopbaby.com\\\/fr\\\/produit\\\/collections-fr\\\/farm-fr\\\/babygrow-farm\\\/#primaryimage\"},\"image\":{\"@id\":\"https:\\\/\\\/gloopbaby.com\\\/fr\\\/produit\\\/collections-fr\\\/farm-fr\\\/babygrow-farm\\\/#primaryimage\"},\"thumbnailUrl\":\"https:\\\/\\\/gloopbaby.com\\\/wp-content\\\/uploads\\\/2023\\\/06\\\/babygr3.jpg\",\"datePublished\":\"2023-06-21T12:54:55+00:00\",\"dateModified\":\"2025-10-02T15:52:32+00:00\",\"description\":\"Cosy, chaleureux le Grenouill\u00e8re d'hiver gloop! est con\u00e7u pour un confort parfait pour votre b\u00e9b\u00e9. Manches longues avec col lamin\u00e9 en doux. 100% coton bio\",\"breadcrumb\":{\"@id\":\"https:\\\/\\\/gloopbaby.com\\\/fr\\\/produit\\\/collections-fr\\\/farm-fr\\\/babygrow-farm\\\/#breadcrumb\"},\"inLanguage\":\"fr-FR\",\"potentialAction\":[{\"@type\":\"ReadAction\",\"target\":[\"https:\\\/\\\/gloopbaby.com\\\/fr\\\/produit\\\/collections-fr\\\/farm-fr\\\/babygrow-farm\\\/\"]}]},{\"@type\":\"ImageObject\",\"inLanguage\":\"fr-FR\",\"@id\":\"https:\\\/\\\/gloopbaby.com\\\/fr\\\/produit\\\/collections-fr\\\/farm-fr\\\/babygrow-farm\\\/#primaryimage\",\"url\":\"https:\\\/\\\/gloopbaby.com\\\/wp-content\\\/uploads\\\/2023\\\/06\\\/babygr3.jpg\",\"contentUrl\":\"https:\\\/\\\/gloopbaby.com\\\/wp-content\\\/uploads\\\/2023\\\/06\\\/babygr3.jpg\",\"width\":600,\"height\":900,\"caption\":\"babygrow de inverno em algod\u00e3o org\u00e2nico farm\"},{\"@type\":\"BreadcrumbList\",\"@id\":\"https:\\\/\\\/gloopbaby.com\\\/fr\\\/produit\\\/collections-fr\\\/farm-fr\\\/babygrow-farm\\\/#breadcrumb\",\"itemListElement\":[{\"@type\":\"ListItem\",\"position\":1,\"name\":\"In\u00edcio\",\"item\":\"https:\\\/\\\/gloopbaby.com\\\/fr\\\/\"},{\"@type\":\"ListItem\",\"position\":2,\"name\":\"Shop\",\"item\":\"https:\\\/\\\/gloopbaby.com\\\/loja\\\/\"},{\"@type\":\"ListItem\",\"position\":3,\"name\":\"Grenouill\u00e8re d&#8217;hiver Farm\"}]},{\"@type\":\"WebSite\",\"@id\":\"https:\\\/\\\/gloopbaby.com\\\/fr\\\/#website\",\"url\":\"https:\\\/\\\/gloopbaby.com\\\/fr\\\/\",\"name\":\"Gloop Baby\",\"description\":\"\",\"publisher\":{\"@id\":\"https:\\\/\\\/gloopbaby.com\\\/fr\\\/#organization\"},\"potentialAction\":[{\"@type\":\"SearchAction\",\"target\":{\"@type\":\"EntryPoint\",\"urlTemplate\":\"https:\\\/\\\/gloopbaby.com\\\/fr\\\/?s={search_term_string}\"},\"query-input\":{\"@type\":\"PropertyValueSpecification\",\"valueRequired\":true,\"valueName\":\"search_term_string\"}}],\"inLanguage\":\"fr-FR\"},{\"@type\":\"Organization\",\"@id\":\"https:\\\/\\\/gloopbaby.com\\\/fr\\\/#organization\",\"name\":\"Gloop Baby\",\"url\":\"https:\\\/\\\/gloopbaby.com\\\/fr\\\/\",\"logo\":{\"@type\":\"ImageObject\",\"inLanguage\":\"fr-FR\",\"@id\":\"https:\\\/\\\/gloopbaby.com\\\/fr\\\/#\\\/schema\\\/logo\\\/image\\\/\",\"url\":\"https:\\\/\\\/gloopbaby.com\\\/wp-content\\\/uploads\\\/2023\\\/06\\\/gloop-logo.svg\",\"contentUrl\":\"https:\\\/\\\/gloopbaby.com\\\/wp-content\\\/uploads\\\/2023\\\/06\\\/gloop-logo.svg\",\"width\":100,\"height\":100,\"caption\":\"Gloop Baby\"},\"image\":{\"@id\":\"https:\\\/\\\/gloopbaby.com\\\/fr\\\/#\\\/schema\\\/logo\\\/image\\\/\"}}]}<\/script>\n<!-- \/ Yoast SEO plugin. -->","yoast_head_json":{"title":"Grenouill\u00e8re d'hiver Farm en Coton bio | Produits pour b\u00e9b\u00e9 - Gloop Baby","description":"Cosy, chaleureux le Grenouill\u00e8re d'hiver gloop! est con\u00e7u pour un confort parfait pour votre b\u00e9b\u00e9. Manches longues avec col lamin\u00e9 en doux. 100% coton bio","robots":{"index":"index","follow":"follow","max-snippet":"max-snippet:-1","max-image-preview":"max-image-preview:large","max-video-preview":"max-video-preview:-1"},"canonical":"https:\/\/gloopbaby.com\/fr\/produit\/collections-fr\/farm-fr\/babygrow-farm\/","og_locale":"fr_FR","og_type":"article","og_title":"Grenouill\u00e8re d'hiver Farm en Coton bio | Produits pour b\u00e9b\u00e9 - Gloop Baby","og_description":"Cosy, chaleureux le Grenouill\u00e8re d'hiver gloop! est con\u00e7u pour un confort parfait pour votre b\u00e9b\u00e9. Manches longues avec col lamin\u00e9 en doux. 100% coton bio","og_url":"https:\/\/gloopbaby.com\/fr\/produit\/collections-fr\/farm-fr\/babygrow-farm\/","og_site_name":"Gloop Baby","article_modified_time":"2025-10-02T15:52:32+00:00","og_image":[{"width":600,"height":900,"url":"https:\/\/gloopbaby.com\/wp-content\/uploads\/2023\/06\/babygr3.jpg","type":"image\/jpeg"}],"twitter_card":"summary_large_image","twitter_misc":{"Dur\u00e9e de lecture estim\u00e9e":"1 minute"},"schema":{"@context":"https:\/\/schema.org","@graph":[{"@type":"WebPage","@id":"https:\/\/gloopbaby.com\/fr\/produit\/collections-fr\/farm-fr\/babygrow-farm\/","url":"https:\/\/gloopbaby.com\/fr\/produit\/collections-fr\/farm-fr\/babygrow-farm\/","name":"Grenouill\u00e8re d'hiver Farm en Coton bio | Produits pour b\u00e9b\u00e9 - Gloop Baby","isPartOf":{"@id":"https:\/\/gloopbaby.com\/fr\/#website"},"primaryImageOfPage":{"@id":"https:\/\/gloopbaby.com\/fr\/produit\/collections-fr\/farm-fr\/babygrow-farm\/#primaryimage"},"image":{"@id":"https:\/\/gloopbaby.com\/fr\/produit\/collections-fr\/farm-fr\/babygrow-farm\/#primaryimage"},"thumbnailUrl":"https:\/\/gloopbaby.com\/wp-content\/uploads\/2023\/06\/babygr3.jpg","datePublished":"2023-06-21T12:54:55+00:00","dateModified":"2025-10-02T15:52:32+00:00","description":"Cosy, chaleureux le Grenouill\u00e8re d'hiver gloop! est con\u00e7u pour un confort parfait pour votre b\u00e9b\u00e9. Manches longues avec col lamin\u00e9 en doux. 100% coton bio","breadcrumb":{"@id":"https:\/\/gloopbaby.com\/fr\/produit\/collections-fr\/farm-fr\/babygrow-farm\/#breadcrumb"},"inLanguage":"fr-FR","potentialAction":[{"@type":"ReadAction","target":["https:\/\/gloopbaby.com\/fr\/produit\/collections-fr\/farm-fr\/babygrow-farm\/"]}]},{"@type":"ImageObject","inLanguage":"fr-FR","@id":"https:\/\/gloopbaby.com\/fr\/produit\/collections-fr\/farm-fr\/babygrow-farm\/#primaryimage","url":"https:\/\/gloopbaby.com\/wp-content\/uploads\/2023\/06\/babygr3.jpg","contentUrl":"https:\/\/gloopbaby.com\/wp-content\/uploads\/2023\/06\/babygr3.jpg","width":600,"height":900,"caption":"babygrow de inverno em algod\u00e3o org\u00e2nico farm"},{"@type":"BreadcrumbList","@id":"https:\/\/gloopbaby.com\/fr\/produit\/collections-fr\/farm-fr\/babygrow-farm\/#breadcrumb","itemListElement":[{"@type":"ListItem","position":1,"name":"In\u00edcio","item":"https:\/\/gloopbaby.com\/fr\/"},{"@type":"ListItem","position":2,"name":"Shop","item":"https:\/\/gloopbaby.com\/loja\/"},{"@type":"ListItem","position":3,"name":"Grenouill\u00e8re d&#8217;hiver Farm"}]},{"@type":"WebSite","@id":"https:\/\/gloopbaby.com\/fr\/#website","url":"https:\/\/gloopbaby.com\/fr\/","name":"Gloop Baby","description":"","publisher":{"@id":"https:\/\/gloopbaby.com\/fr\/#organization"},"potentialAction":[{"@type":"SearchAction","target":{"@type":"EntryPoint","urlTemplate":"https:\/\/gloopbaby.com\/fr\/?s={search_term_string}"},"query-input":{"@type":"PropertyValueSpecification","valueRequired":true,"valueName":"search_term_string"}}],"inLanguage":"fr-FR"},{"@type":"Organization","@id":"https:\/\/gloopbaby.com\/fr\/#organization","name":"Gloop Baby","url":"https:\/\/gloopbaby.com\/fr\/","logo":{"@type":"ImageObject","inLanguage":"fr-FR","@id":"https:\/\/gloopbaby.com\/fr\/#\/schema\/logo\/image\/","url":"https:\/\/gloopbaby.com\/wp-content\/uploads\/2023\/06\/gloop-logo.svg","contentUrl":"https:\/\/gloopbaby.com\/wp-content\/uploads\/2023\/06\/gloop-logo.svg","width":100,"height":100,"caption":"Gloop Baby"},"image":{"@id":"https:\/\/gloopbaby.com\/fr\/#\/schema\/logo\/image\/"}}]}},"_links":{"self":[{"href":"https:\/\/gloopbaby.com\/fr\/wp-json\/wp\/v2\/product\/20452","targetHints":{"allow":["GET"]}}],"collection":[{"href":"https:\/\/gloopbaby.com\/fr\/wp-json\/wp\/v2\/product"}],"about":[{"href":"https:\/\/gloopbaby.com\/fr\/wp-json\/wp\/v2\/types\/product"}],"replies":[{"embeddable":true,"href":"https:\/\/gloopbaby.com\/fr\/wp-json\/wp\/v2\/comments?post=20452"}],"wp:featuredmedia":[{"embeddable":true,"href":"https:\/\/gloopbaby.com\/fr\/wp-json\/wp\/v2\/media\/112801"}],"wp:attachment":[{"href":"https:\/\/gloopbaby.com\/fr\/wp-json\/wp\/v2\/media?parent=20452"}],"wp:term":[{"taxonomy":"product_brand","embeddable":true,"href":"https:\/\/gloopbaby.com\/fr\/wp-json\/wp\/v2\/product_brand?post=20452"},{"taxonomy":"product_cat","embeddable":true,"href":"https:\/\/gloopbaby.com\/fr\/wp-json\/wp\/v2\/product_cat?post=20452"},{"taxonomy":"product_tag","embeddable":true,"href":"https:\/\/gloopbaby.com\/fr\/wp-json\/wp\/v2\/product_tag?post=20452"}],"curies":[{"name":"wp","href":"https:\/\/api.w.org\/{rel}","templated":true}]}}