{"id":20382,"date":"2023-06-21T12:56:59","date_gmt":"2023-06-21T12:56:59","guid":{"rendered":"https:\/\/gloopbaby.com\/produto\/muda-fraldas-portatil-farm\/"},"modified":"2026-04-15T10:14:08","modified_gmt":"2026-04-15T10:14:08","slug":"muda-fraldas-portatil-farm","status":"publish","type":"product","link":"https:\/\/gloopbaby.com\/fr\/produit\/on-the-go-fr\/promenade\/matelas-a-langer-portable-fr\/muda-fraldas-portatil-farm\/","title":{"rendered":"Matelas \u00e0 langer portable Farm"},"content":{"rendered":"<p><span class=\"Y2IQFc\" lang=\"fr\">Le matelas \u00e0 langer portable gloop! est un accessoire indispensable au quotidien pour les parents. L\u00e9ger et compact, il permet de changer b\u00e9b\u00e9 partout, confortablement et en toute s\u00e9curit\u00e9. <\/span><\/p>\n<p><span class=\"Y2IQFc\" lang=\"fr\">Son ext\u00e9rieur est compos\u00e9 \u00e0 100% de coton biologique certifi\u00e9, doux et respectueux de la peau sensible de b\u00e9b\u00e9, tandis que son int\u00e9rieur en polyester imperm\u00e9able assure une protection optimale et un nettoyage facile. <\/span><\/p>\n<p><span class=\"Y2IQFc\" lang=\"fr\">Mesurant 75x50cm, il est pratique, l\u00e9ger et \u00e9cologique. Fabriqu\u00e9 au Portugal. <\/span><\/p>\n<p><span class=\"Y2IQFc\" lang=\"fr\"><strong>Caract\u00e9ristiques principales:<\/strong> <\/span><\/p>\n<p><span class=\"Y2IQFc\" lang=\"fr\">L\u00e9ger et compact <\/span><\/p>\n<p><span class=\"Y2IQFc\" lang=\"fr\">Int\u00e9rieur imperm\u00e9able &#8211; facile \u00e0 nettoyer <\/span><\/p>\n<p><span class=\"Y2IQFc\" lang=\"fr\">Dimensions : 75x50cm <\/span><\/p>\n<p><span class=\"Y2IQFc\" lang=\"fr\">Ext\u00e9rieur: 100% coton biologique certifi\u00e9 <\/span><\/p>\n<p><span class=\"Y2IQFc\" lang=\"fr\">Int\u00e9rieur: 100% polyester <\/span><\/p>\n<p><span class=\"Y2IQFc\" lang=\"fr\">Fabriqu\u00e9 au Portugal <\/span><\/p>\n<p><span class=\"Y2IQFc\" lang=\"fr\">D\u00e9couvrez l&rsquo;alliance parfaite de la qualit\u00e9, du confort et de la durabilit\u00e9. <\/span><\/p>\n<p><span class=\"Y2IQFc\" lang=\"fr\">Produit \u00e9cologique, sans substances chimiques nocives. Id\u00e9al pour les parents soucieux du bien-\u00eatre de leur b\u00e9b\u00e9 et de la plan\u00e8te.<\/span><\/p>\n","protected":false},"excerpt":{"rendered":"<p>Le matelas \u00e0 langer portable gloop! est un accessoire indispensable au quotidien pour les parents. L\u00e9ger et compact, il permet de changer b\u00e9b\u00e9 partout, confortablement et en toute s\u00e9curit\u00e9. Son ext\u00e9rieur est compos\u00e9 \u00e0 100% de coton biologique certifi\u00e9, doux et respectueux de la peau sensible de b\u00e9b\u00e9, tandis que son int\u00e9rieur en polyester imperm\u00e9able [&hellip;]<\/p>\n","protected":false},"featured_media":112967,"comment_status":"closed","ping_status":"closed","template":"","meta":{"_acf_changed":false},"product_brand":[],"product_cat":[1372,1434,1906,1424],"product_tag":[],"class_list":{"0":"post-20382","1":"product","2":"type-product","3":"status-publish","4":"has-post-thumbnail","6":"product_cat-farm-fr","7":"product_cat-matelas-a-langer-portable-fr","8":"product_cat-promenade","9":"product_cat-on-the-go-fr","11":"first","12":"instock","13":"taxable","14":"shipping-taxable","15":"purchasable","16":"product-type-simple"},"acf":[],"yoast_head":"<!-- This site is optimized with the Yoast SEO plugin v27.4 - https:\/\/yoast.com\/product\/yoast-seo-wordpress\/ -->\n<title>Matelas \u00e0 langer portable Farm - Gloop Baby<\/title>\n<meta name=\"robots\" content=\"index, follow, max-snippet:-1, max-image-preview:large, max-video-preview:-1\" \/>\n<link rel=\"canonical\" href=\"https:\/\/gloopbaby.com\/fr\/produit\/on-the-go-fr\/promenade\/matelas-a-langer-portable-fr\/muda-fraldas-portatil-farm\/\" \/>\n<meta property=\"og:locale\" content=\"fr_FR\" \/>\n<meta property=\"og:type\" content=\"article\" \/>\n<meta property=\"og:title\" content=\"Matelas \u00e0 langer portable Farm - Gloop Baby\" \/>\n<meta property=\"og:description\" content=\"Le matelas \u00e0 langer portable gloop! est un accessoire indispensable au quotidien pour les parents. L\u00e9ger et compact, il permet de changer b\u00e9b\u00e9 partout, confortablement et en toute s\u00e9curit\u00e9. Son ext\u00e9rieur est compos\u00e9 \u00e0 100% de coton biologique certifi\u00e9, doux et respectueux de la peau sensible de b\u00e9b\u00e9, tandis que son int\u00e9rieur en polyester imperm\u00e9able [&hellip;]\" \/>\n<meta property=\"og:url\" content=\"https:\/\/gloopbaby.com\/fr\/produit\/on-the-go-fr\/promenade\/matelas-a-langer-portable-fr\/muda-fraldas-portatil-farm\/\" \/>\n<meta property=\"og:site_name\" content=\"Gloop Baby\" \/>\n<meta property=\"article:modified_time\" content=\"2026-04-15T10:14:08+00:00\" \/>\n<meta property=\"og:image\" content=\"https:\/\/gloopbaby.com\/wp-content\/uploads\/2023\/06\/mud-frald-port3.jpg\" \/>\n\t<meta property=\"og:image:width\" content=\"600\" \/>\n\t<meta property=\"og:image:height\" content=\"900\" \/>\n\t<meta property=\"og:image:type\" content=\"image\/jpeg\" \/>\n<meta name=\"twitter:card\" content=\"summary_large_image\" \/>\n<meta name=\"twitter:label1\" content=\"Dur\u00e9e de lecture estim\u00e9e\" \/>\n\t<meta name=\"twitter:data1\" content=\"1 minute\" \/>\n<script type=\"application\/ld+json\" class=\"yoast-schema-graph\">{\"@context\":\"https:\\\/\\\/schema.org\",\"@graph\":[{\"@type\":\"WebPage\",\"@id\":\"https:\\\/\\\/gloopbaby.com\\\/fr\\\/produit\\\/on-the-go-fr\\\/promenade\\\/matelas-a-langer-portable-fr\\\/muda-fraldas-portatil-farm\\\/\",\"url\":\"https:\\\/\\\/gloopbaby.com\\\/fr\\\/produit\\\/on-the-go-fr\\\/promenade\\\/matelas-a-langer-portable-fr\\\/muda-fraldas-portatil-farm\\\/\",\"name\":\"Matelas \u00e0 langer portable Farm - Gloop Baby\",\"isPartOf\":{\"@id\":\"https:\\\/\\\/gloopbaby.com\\\/fr\\\/#website\"},\"primaryImageOfPage\":{\"@id\":\"https:\\\/\\\/gloopbaby.com\\\/fr\\\/produit\\\/on-the-go-fr\\\/promenade\\\/matelas-a-langer-portable-fr\\\/muda-fraldas-portatil-farm\\\/#primaryimage\"},\"image\":{\"@id\":\"https:\\\/\\\/gloopbaby.com\\\/fr\\\/produit\\\/on-the-go-fr\\\/promenade\\\/matelas-a-langer-portable-fr\\\/muda-fraldas-portatil-farm\\\/#primaryimage\"},\"thumbnailUrl\":\"https:\\\/\\\/gloopbaby.com\\\/wp-content\\\/uploads\\\/2023\\\/06\\\/mud-frald-port3.jpg\",\"datePublished\":\"2023-06-21T12:56:59+00:00\",\"dateModified\":\"2026-04-15T10:14:08+00:00\",\"breadcrumb\":{\"@id\":\"https:\\\/\\\/gloopbaby.com\\\/fr\\\/produit\\\/on-the-go-fr\\\/promenade\\\/matelas-a-langer-portable-fr\\\/muda-fraldas-portatil-farm\\\/#breadcrumb\"},\"inLanguage\":\"fr-FR\",\"potentialAction\":[{\"@type\":\"ReadAction\",\"target\":[\"https:\\\/\\\/gloopbaby.com\\\/fr\\\/produit\\\/on-the-go-fr\\\/promenade\\\/matelas-a-langer-portable-fr\\\/muda-fraldas-portatil-farm\\\/\"]}]},{\"@type\":\"ImageObject\",\"inLanguage\":\"fr-FR\",\"@id\":\"https:\\\/\\\/gloopbaby.com\\\/fr\\\/produit\\\/on-the-go-fr\\\/promenade\\\/matelas-a-langer-portable-fr\\\/muda-fraldas-portatil-farm\\\/#primaryimage\",\"url\":\"https:\\\/\\\/gloopbaby.com\\\/wp-content\\\/uploads\\\/2023\\\/06\\\/mud-frald-port3.jpg\",\"contentUrl\":\"https:\\\/\\\/gloopbaby.com\\\/wp-content\\\/uploads\\\/2023\\\/06\\\/mud-frald-port3.jpg\",\"width\":600,\"height\":900,\"caption\":\"muda fraldas port\u00e1til em algod\u00e3o org\u00e2nico farm\"},{\"@type\":\"BreadcrumbList\",\"@id\":\"https:\\\/\\\/gloopbaby.com\\\/fr\\\/produit\\\/on-the-go-fr\\\/promenade\\\/matelas-a-langer-portable-fr\\\/muda-fraldas-portatil-farm\\\/#breadcrumb\",\"itemListElement\":[{\"@type\":\"ListItem\",\"position\":1,\"name\":\"In\u00edcio\",\"item\":\"https:\\\/\\\/gloopbaby.com\\\/fr\\\/\"},{\"@type\":\"ListItem\",\"position\":2,\"name\":\"Shop\",\"item\":\"https:\\\/\\\/gloopbaby.com\\\/loja\\\/\"},{\"@type\":\"ListItem\",\"position\":3,\"name\":\"Matelas \u00e0 langer portable Farm\"}]},{\"@type\":\"WebSite\",\"@id\":\"https:\\\/\\\/gloopbaby.com\\\/fr\\\/#website\",\"url\":\"https:\\\/\\\/gloopbaby.com\\\/fr\\\/\",\"name\":\"Gloop Baby\",\"description\":\"\",\"publisher\":{\"@id\":\"https:\\\/\\\/gloopbaby.com\\\/fr\\\/#organization\"},\"potentialAction\":[{\"@type\":\"SearchAction\",\"target\":{\"@type\":\"EntryPoint\",\"urlTemplate\":\"https:\\\/\\\/gloopbaby.com\\\/fr\\\/?s={search_term_string}\"},\"query-input\":{\"@type\":\"PropertyValueSpecification\",\"valueRequired\":true,\"valueName\":\"search_term_string\"}}],\"inLanguage\":\"fr-FR\"},{\"@type\":\"Organization\",\"@id\":\"https:\\\/\\\/gloopbaby.com\\\/fr\\\/#organization\",\"name\":\"Gloop Baby\",\"url\":\"https:\\\/\\\/gloopbaby.com\\\/fr\\\/\",\"logo\":{\"@type\":\"ImageObject\",\"inLanguage\":\"fr-FR\",\"@id\":\"https:\\\/\\\/gloopbaby.com\\\/fr\\\/#\\\/schema\\\/logo\\\/image\\\/\",\"url\":\"https:\\\/\\\/gloopbaby.com\\\/wp-content\\\/uploads\\\/2023\\\/06\\\/gloop-logo.svg\",\"contentUrl\":\"https:\\\/\\\/gloopbaby.com\\\/wp-content\\\/uploads\\\/2023\\\/06\\\/gloop-logo.svg\",\"width\":100,\"height\":100,\"caption\":\"Gloop Baby\"},\"image\":{\"@id\":\"https:\\\/\\\/gloopbaby.com\\\/fr\\\/#\\\/schema\\\/logo\\\/image\\\/\"}}]}<\/script>\n<!-- \/ Yoast SEO plugin. -->","yoast_head_json":{"title":"Matelas \u00e0 langer portable Farm - Gloop Baby","robots":{"index":"index","follow":"follow","max-snippet":"max-snippet:-1","max-image-preview":"max-image-preview:large","max-video-preview":"max-video-preview:-1"},"canonical":"https:\/\/gloopbaby.com\/fr\/produit\/on-the-go-fr\/promenade\/matelas-a-langer-portable-fr\/muda-fraldas-portatil-farm\/","og_locale":"fr_FR","og_type":"article","og_title":"Matelas \u00e0 langer portable Farm - Gloop Baby","og_description":"Le matelas \u00e0 langer portable gloop! est un accessoire indispensable au quotidien pour les parents. L\u00e9ger et compact, il permet de changer b\u00e9b\u00e9 partout, confortablement et en toute s\u00e9curit\u00e9. Son ext\u00e9rieur est compos\u00e9 \u00e0 100% de coton biologique certifi\u00e9, doux et respectueux de la peau sensible de b\u00e9b\u00e9, tandis que son int\u00e9rieur en polyester imperm\u00e9able [&hellip;]","og_url":"https:\/\/gloopbaby.com\/fr\/produit\/on-the-go-fr\/promenade\/matelas-a-langer-portable-fr\/muda-fraldas-portatil-farm\/","og_site_name":"Gloop Baby","article_modified_time":"2026-04-15T10:14:08+00:00","og_image":[{"width":600,"height":900,"url":"https:\/\/gloopbaby.com\/wp-content\/uploads\/2023\/06\/mud-frald-port3.jpg","type":"image\/jpeg"}],"twitter_card":"summary_large_image","twitter_misc":{"Dur\u00e9e de lecture estim\u00e9e":"1 minute"},"schema":{"@context":"https:\/\/schema.org","@graph":[{"@type":"WebPage","@id":"https:\/\/gloopbaby.com\/fr\/produit\/on-the-go-fr\/promenade\/matelas-a-langer-portable-fr\/muda-fraldas-portatil-farm\/","url":"https:\/\/gloopbaby.com\/fr\/produit\/on-the-go-fr\/promenade\/matelas-a-langer-portable-fr\/muda-fraldas-portatil-farm\/","name":"Matelas \u00e0 langer portable Farm - Gloop Baby","isPartOf":{"@id":"https:\/\/gloopbaby.com\/fr\/#website"},"primaryImageOfPage":{"@id":"https:\/\/gloopbaby.com\/fr\/produit\/on-the-go-fr\/promenade\/matelas-a-langer-portable-fr\/muda-fraldas-portatil-farm\/#primaryimage"},"image":{"@id":"https:\/\/gloopbaby.com\/fr\/produit\/on-the-go-fr\/promenade\/matelas-a-langer-portable-fr\/muda-fraldas-portatil-farm\/#primaryimage"},"thumbnailUrl":"https:\/\/gloopbaby.com\/wp-content\/uploads\/2023\/06\/mud-frald-port3.jpg","datePublished":"2023-06-21T12:56:59+00:00","dateModified":"2026-04-15T10:14:08+00:00","breadcrumb":{"@id":"https:\/\/gloopbaby.com\/fr\/produit\/on-the-go-fr\/promenade\/matelas-a-langer-portable-fr\/muda-fraldas-portatil-farm\/#breadcrumb"},"inLanguage":"fr-FR","potentialAction":[{"@type":"ReadAction","target":["https:\/\/gloopbaby.com\/fr\/produit\/on-the-go-fr\/promenade\/matelas-a-langer-portable-fr\/muda-fraldas-portatil-farm\/"]}]},{"@type":"ImageObject","inLanguage":"fr-FR","@id":"https:\/\/gloopbaby.com\/fr\/produit\/on-the-go-fr\/promenade\/matelas-a-langer-portable-fr\/muda-fraldas-portatil-farm\/#primaryimage","url":"https:\/\/gloopbaby.com\/wp-content\/uploads\/2023\/06\/mud-frald-port3.jpg","contentUrl":"https:\/\/gloopbaby.com\/wp-content\/uploads\/2023\/06\/mud-frald-port3.jpg","width":600,"height":900,"caption":"muda fraldas port\u00e1til em algod\u00e3o org\u00e2nico farm"},{"@type":"BreadcrumbList","@id":"https:\/\/gloopbaby.com\/fr\/produit\/on-the-go-fr\/promenade\/matelas-a-langer-portable-fr\/muda-fraldas-portatil-farm\/#breadcrumb","itemListElement":[{"@type":"ListItem","position":1,"name":"In\u00edcio","item":"https:\/\/gloopbaby.com\/fr\/"},{"@type":"ListItem","position":2,"name":"Shop","item":"https:\/\/gloopbaby.com\/loja\/"},{"@type":"ListItem","position":3,"name":"Matelas \u00e0 langer portable Farm"}]},{"@type":"WebSite","@id":"https:\/\/gloopbaby.com\/fr\/#website","url":"https:\/\/gloopbaby.com\/fr\/","name":"Gloop Baby","description":"","publisher":{"@id":"https:\/\/gloopbaby.com\/fr\/#organization"},"potentialAction":[{"@type":"SearchAction","target":{"@type":"EntryPoint","urlTemplate":"https:\/\/gloopbaby.com\/fr\/?s={search_term_string}"},"query-input":{"@type":"PropertyValueSpecification","valueRequired":true,"valueName":"search_term_string"}}],"inLanguage":"fr-FR"},{"@type":"Organization","@id":"https:\/\/gloopbaby.com\/fr\/#organization","name":"Gloop Baby","url":"https:\/\/gloopbaby.com\/fr\/","logo":{"@type":"ImageObject","inLanguage":"fr-FR","@id":"https:\/\/gloopbaby.com\/fr\/#\/schema\/logo\/image\/","url":"https:\/\/gloopbaby.com\/wp-content\/uploads\/2023\/06\/gloop-logo.svg","contentUrl":"https:\/\/gloopbaby.com\/wp-content\/uploads\/2023\/06\/gloop-logo.svg","width":100,"height":100,"caption":"Gloop Baby"},"image":{"@id":"https:\/\/gloopbaby.com\/fr\/#\/schema\/logo\/image\/"}}]}},"_links":{"self":[{"href":"https:\/\/gloopbaby.com\/fr\/wp-json\/wp\/v2\/product\/20382","targetHints":{"allow":["GET"]}}],"collection":[{"href":"https:\/\/gloopbaby.com\/fr\/wp-json\/wp\/v2\/product"}],"about":[{"href":"https:\/\/gloopbaby.com\/fr\/wp-json\/wp\/v2\/types\/product"}],"replies":[{"embeddable":true,"href":"https:\/\/gloopbaby.com\/fr\/wp-json\/wp\/v2\/comments?post=20382"}],"wp:featuredmedia":[{"embeddable":true,"href":"https:\/\/gloopbaby.com\/fr\/wp-json\/wp\/v2\/media\/112967"}],"wp:attachment":[{"href":"https:\/\/gloopbaby.com\/fr\/wp-json\/wp\/v2\/media?parent=20382"}],"wp:term":[{"taxonomy":"product_brand","embeddable":true,"href":"https:\/\/gloopbaby.com\/fr\/wp-json\/wp\/v2\/product_brand?post=20382"},{"taxonomy":"product_cat","embeddable":true,"href":"https:\/\/gloopbaby.com\/fr\/wp-json\/wp\/v2\/product_cat?post=20382"},{"taxonomy":"product_tag","embeddable":true,"href":"https:\/\/gloopbaby.com\/fr\/wp-json\/wp\/v2\/product_tag?post=20382"}],"curies":[{"name":"wp","href":"https:\/\/api.w.org\/{rel}","templated":true}]}}