{"id":20070,"date":"2023-06-21T16:02:40","date_gmt":"2023-06-21T16:02:40","guid":{"rendered":"https:\/\/gloopbaby.com\/produto\/cesta-em-tecido-nordico-rosa\/"},"modified":"2024-05-09T08:14:40","modified_gmt":"2024-05-09T08:14:40","slug":"cesta-em-tecido-nordico-rosa","status":"publish","type":"product","link":"https:\/\/gloopbaby.com\/fr\/produit\/outlet-fr\/matelas-a-langer-fr\/cesta-em-tecido-nordico-rosa\/","title":{"rendered":"Panier B\u00e9b\u00e9 Nordique Rose"},"content":{"rendered":"<p>Ce panier en tissu sera id\u00e9al pour ranger les petits accessoires de b\u00e9b\u00e9. 20x25cm<\/p>\n","protected":false},"excerpt":{"rendered":"<p>Ce panier en tissu sera id\u00e9al pour ranger les petits accessoires de b\u00e9b\u00e9. 20x25cm<\/p>\n","protected":false},"featured_media":40263,"comment_status":"closed","ping_status":"closed","template":"","meta":{"_acf_changed":false},"product_brand":[],"product_cat":[1360,1350],"product_tag":[],"class_list":{"0":"post-20070","1":"product","2":"type-product","3":"status-publish","4":"has-post-thumbnail","6":"product_cat-matelas-a-langer-fr","7":"product_cat-outlet-fr","9":"first","10":"instock","11":"sale","12":"taxable","13":"shipping-taxable","14":"purchasable","15":"product-type-simple"},"acf":[],"yoast_head":"<!-- This site is optimized with the Yoast SEO plugin v27.3 - https:\/\/yoast.com\/product\/yoast-seo-wordpress\/ -->\n<title>Panier B\u00e9b\u00e9 Nordique Rose - Gloop Baby<\/title>\n<meta name=\"robots\" content=\"index, follow, max-snippet:-1, max-image-preview:large, max-video-preview:-1\" \/>\n<link rel=\"canonical\" href=\"https:\/\/gloopbaby.com\/fr\/produit\/outlet-fr\/matelas-a-langer-fr\/cesta-em-tecido-nordico-rosa\/\" \/>\n<meta property=\"og:locale\" content=\"fr_FR\" \/>\n<meta property=\"og:type\" content=\"article\" \/>\n<meta property=\"og:title\" content=\"Panier B\u00e9b\u00e9 Nordique Rose - Gloop Baby\" \/>\n<meta property=\"og:description\" content=\"Ce panier en tissu sera id\u00e9al pour ranger les petits accessoires de b\u00e9b\u00e9. 20x25cm\" \/>\n<meta property=\"og:url\" content=\"https:\/\/gloopbaby.com\/fr\/produit\/outlet-fr\/matelas-a-langer-fr\/cesta-em-tecido-nordico-rosa\/\" \/>\n<meta property=\"og:site_name\" content=\"Gloop Baby\" \/>\n<meta property=\"article:modified_time\" content=\"2024-05-09T08:14:40+00:00\" \/>\n<meta property=\"og:image\" content=\"https:\/\/gloopbaby.com\/wp-content\/uploads\/2023\/06\/cesta-nordico-rosa.jpg\" \/>\n\t<meta property=\"og:image:width\" content=\"557\" \/>\n\t<meta property=\"og:image:height\" content=\"835\" \/>\n\t<meta property=\"og:image:type\" content=\"image\/jpeg\" \/>\n<meta name=\"twitter:card\" content=\"summary_large_image\" \/>\n<script type=\"application\/ld+json\" class=\"yoast-schema-graph\">{\"@context\":\"https:\\\/\\\/schema.org\",\"@graph\":[{\"@type\":\"WebPage\",\"@id\":\"https:\\\/\\\/gloopbaby.com\\\/fr\\\/produit\\\/outlet-fr\\\/matelas-a-langer-fr\\\/cesta-em-tecido-nordico-rosa\\\/\",\"url\":\"https:\\\/\\\/gloopbaby.com\\\/fr\\\/produit\\\/outlet-fr\\\/matelas-a-langer-fr\\\/cesta-em-tecido-nordico-rosa\\\/\",\"name\":\"Panier B\u00e9b\u00e9 Nordique Rose - Gloop Baby\",\"isPartOf\":{\"@id\":\"https:\\\/\\\/gloopbaby.com\\\/fr\\\/#website\"},\"primaryImageOfPage\":{\"@id\":\"https:\\\/\\\/gloopbaby.com\\\/fr\\\/produit\\\/outlet-fr\\\/matelas-a-langer-fr\\\/cesta-em-tecido-nordico-rosa\\\/#primaryimage\"},\"image\":{\"@id\":\"https:\\\/\\\/gloopbaby.com\\\/fr\\\/produit\\\/outlet-fr\\\/matelas-a-langer-fr\\\/cesta-em-tecido-nordico-rosa\\\/#primaryimage\"},\"thumbnailUrl\":\"https:\\\/\\\/gloopbaby.com\\\/wp-content\\\/uploads\\\/2023\\\/06\\\/cesta-nordico-rosa.jpg\",\"datePublished\":\"2023-06-21T16:02:40+00:00\",\"dateModified\":\"2024-05-09T08:14:40+00:00\",\"breadcrumb\":{\"@id\":\"https:\\\/\\\/gloopbaby.com\\\/fr\\\/produit\\\/outlet-fr\\\/matelas-a-langer-fr\\\/cesta-em-tecido-nordico-rosa\\\/#breadcrumb\"},\"inLanguage\":\"fr-FR\",\"potentialAction\":[{\"@type\":\"ReadAction\",\"target\":[\"https:\\\/\\\/gloopbaby.com\\\/fr\\\/produit\\\/outlet-fr\\\/matelas-a-langer-fr\\\/cesta-em-tecido-nordico-rosa\\\/\"]}]},{\"@type\":\"ImageObject\",\"inLanguage\":\"fr-FR\",\"@id\":\"https:\\\/\\\/gloopbaby.com\\\/fr\\\/produit\\\/outlet-fr\\\/matelas-a-langer-fr\\\/cesta-em-tecido-nordico-rosa\\\/#primaryimage\",\"url\":\"https:\\\/\\\/gloopbaby.com\\\/wp-content\\\/uploads\\\/2023\\\/06\\\/cesta-nordico-rosa.jpg\",\"contentUrl\":\"https:\\\/\\\/gloopbaby.com\\\/wp-content\\\/uploads\\\/2023\\\/06\\\/cesta-nordico-rosa.jpg\",\"width\":557,\"height\":835},{\"@type\":\"BreadcrumbList\",\"@id\":\"https:\\\/\\\/gloopbaby.com\\\/fr\\\/produit\\\/outlet-fr\\\/matelas-a-langer-fr\\\/cesta-em-tecido-nordico-rosa\\\/#breadcrumb\",\"itemListElement\":[{\"@type\":\"ListItem\",\"position\":1,\"name\":\"In\u00edcio\",\"item\":\"https:\\\/\\\/gloopbaby.com\\\/fr\\\/\"},{\"@type\":\"ListItem\",\"position\":2,\"name\":\"Shop\",\"item\":\"https:\\\/\\\/gloopbaby.com\\\/loja\\\/\"},{\"@type\":\"ListItem\",\"position\":3,\"name\":\"Panier B\u00e9b\u00e9 Nordique Rose\"}]},{\"@type\":\"WebSite\",\"@id\":\"https:\\\/\\\/gloopbaby.com\\\/fr\\\/#website\",\"url\":\"https:\\\/\\\/gloopbaby.com\\\/fr\\\/\",\"name\":\"Gloop Baby\",\"description\":\"\",\"publisher\":{\"@id\":\"https:\\\/\\\/gloopbaby.com\\\/fr\\\/#organization\"},\"potentialAction\":[{\"@type\":\"SearchAction\",\"target\":{\"@type\":\"EntryPoint\",\"urlTemplate\":\"https:\\\/\\\/gloopbaby.com\\\/fr\\\/?s={search_term_string}\"},\"query-input\":{\"@type\":\"PropertyValueSpecification\",\"valueRequired\":true,\"valueName\":\"search_term_string\"}}],\"inLanguage\":\"fr-FR\"},{\"@type\":\"Organization\",\"@id\":\"https:\\\/\\\/gloopbaby.com\\\/fr\\\/#organization\",\"name\":\"Gloop Baby\",\"url\":\"https:\\\/\\\/gloopbaby.com\\\/fr\\\/\",\"logo\":{\"@type\":\"ImageObject\",\"inLanguage\":\"fr-FR\",\"@id\":\"https:\\\/\\\/gloopbaby.com\\\/fr\\\/#\\\/schema\\\/logo\\\/image\\\/\",\"url\":\"https:\\\/\\\/gloopbaby.com\\\/wp-content\\\/uploads\\\/2023\\\/06\\\/gloop-logo.svg\",\"contentUrl\":\"https:\\\/\\\/gloopbaby.com\\\/wp-content\\\/uploads\\\/2023\\\/06\\\/gloop-logo.svg\",\"width\":100,\"height\":100,\"caption\":\"Gloop Baby\"},\"image\":{\"@id\":\"https:\\\/\\\/gloopbaby.com\\\/fr\\\/#\\\/schema\\\/logo\\\/image\\\/\"}}]}<\/script>\n<!-- \/ Yoast SEO plugin. -->","yoast_head_json":{"title":"Panier B\u00e9b\u00e9 Nordique Rose - Gloop Baby","robots":{"index":"index","follow":"follow","max-snippet":"max-snippet:-1","max-image-preview":"max-image-preview:large","max-video-preview":"max-video-preview:-1"},"canonical":"https:\/\/gloopbaby.com\/fr\/produit\/outlet-fr\/matelas-a-langer-fr\/cesta-em-tecido-nordico-rosa\/","og_locale":"fr_FR","og_type":"article","og_title":"Panier B\u00e9b\u00e9 Nordique Rose - Gloop Baby","og_description":"Ce panier en tissu sera id\u00e9al pour ranger les petits accessoires de b\u00e9b\u00e9. 20x25cm","og_url":"https:\/\/gloopbaby.com\/fr\/produit\/outlet-fr\/matelas-a-langer-fr\/cesta-em-tecido-nordico-rosa\/","og_site_name":"Gloop Baby","article_modified_time":"2024-05-09T08:14:40+00:00","og_image":[{"width":557,"height":835,"url":"https:\/\/gloopbaby.com\/wp-content\/uploads\/2023\/06\/cesta-nordico-rosa.jpg","type":"image\/jpeg"}],"twitter_card":"summary_large_image","schema":{"@context":"https:\/\/schema.org","@graph":[{"@type":"WebPage","@id":"https:\/\/gloopbaby.com\/fr\/produit\/outlet-fr\/matelas-a-langer-fr\/cesta-em-tecido-nordico-rosa\/","url":"https:\/\/gloopbaby.com\/fr\/produit\/outlet-fr\/matelas-a-langer-fr\/cesta-em-tecido-nordico-rosa\/","name":"Panier B\u00e9b\u00e9 Nordique Rose - Gloop Baby","isPartOf":{"@id":"https:\/\/gloopbaby.com\/fr\/#website"},"primaryImageOfPage":{"@id":"https:\/\/gloopbaby.com\/fr\/produit\/outlet-fr\/matelas-a-langer-fr\/cesta-em-tecido-nordico-rosa\/#primaryimage"},"image":{"@id":"https:\/\/gloopbaby.com\/fr\/produit\/outlet-fr\/matelas-a-langer-fr\/cesta-em-tecido-nordico-rosa\/#primaryimage"},"thumbnailUrl":"https:\/\/gloopbaby.com\/wp-content\/uploads\/2023\/06\/cesta-nordico-rosa.jpg","datePublished":"2023-06-21T16:02:40+00:00","dateModified":"2024-05-09T08:14:40+00:00","breadcrumb":{"@id":"https:\/\/gloopbaby.com\/fr\/produit\/outlet-fr\/matelas-a-langer-fr\/cesta-em-tecido-nordico-rosa\/#breadcrumb"},"inLanguage":"fr-FR","potentialAction":[{"@type":"ReadAction","target":["https:\/\/gloopbaby.com\/fr\/produit\/outlet-fr\/matelas-a-langer-fr\/cesta-em-tecido-nordico-rosa\/"]}]},{"@type":"ImageObject","inLanguage":"fr-FR","@id":"https:\/\/gloopbaby.com\/fr\/produit\/outlet-fr\/matelas-a-langer-fr\/cesta-em-tecido-nordico-rosa\/#primaryimage","url":"https:\/\/gloopbaby.com\/wp-content\/uploads\/2023\/06\/cesta-nordico-rosa.jpg","contentUrl":"https:\/\/gloopbaby.com\/wp-content\/uploads\/2023\/06\/cesta-nordico-rosa.jpg","width":557,"height":835},{"@type":"BreadcrumbList","@id":"https:\/\/gloopbaby.com\/fr\/produit\/outlet-fr\/matelas-a-langer-fr\/cesta-em-tecido-nordico-rosa\/#breadcrumb","itemListElement":[{"@type":"ListItem","position":1,"name":"In\u00edcio","item":"https:\/\/gloopbaby.com\/fr\/"},{"@type":"ListItem","position":2,"name":"Shop","item":"https:\/\/gloopbaby.com\/loja\/"},{"@type":"ListItem","position":3,"name":"Panier B\u00e9b\u00e9 Nordique Rose"}]},{"@type":"WebSite","@id":"https:\/\/gloopbaby.com\/fr\/#website","url":"https:\/\/gloopbaby.com\/fr\/","name":"Gloop Baby","description":"","publisher":{"@id":"https:\/\/gloopbaby.com\/fr\/#organization"},"potentialAction":[{"@type":"SearchAction","target":{"@type":"EntryPoint","urlTemplate":"https:\/\/gloopbaby.com\/fr\/?s={search_term_string}"},"query-input":{"@type":"PropertyValueSpecification","valueRequired":true,"valueName":"search_term_string"}}],"inLanguage":"fr-FR"},{"@type":"Organization","@id":"https:\/\/gloopbaby.com\/fr\/#organization","name":"Gloop Baby","url":"https:\/\/gloopbaby.com\/fr\/","logo":{"@type":"ImageObject","inLanguage":"fr-FR","@id":"https:\/\/gloopbaby.com\/fr\/#\/schema\/logo\/image\/","url":"https:\/\/gloopbaby.com\/wp-content\/uploads\/2023\/06\/gloop-logo.svg","contentUrl":"https:\/\/gloopbaby.com\/wp-content\/uploads\/2023\/06\/gloop-logo.svg","width":100,"height":100,"caption":"Gloop Baby"},"image":{"@id":"https:\/\/gloopbaby.com\/fr\/#\/schema\/logo\/image\/"}}]}},"_links":{"self":[{"href":"https:\/\/gloopbaby.com\/fr\/wp-json\/wp\/v2\/product\/20070","targetHints":{"allow":["GET"]}}],"collection":[{"href":"https:\/\/gloopbaby.com\/fr\/wp-json\/wp\/v2\/product"}],"about":[{"href":"https:\/\/gloopbaby.com\/fr\/wp-json\/wp\/v2\/types\/product"}],"replies":[{"embeddable":true,"href":"https:\/\/gloopbaby.com\/fr\/wp-json\/wp\/v2\/comments?post=20070"}],"wp:featuredmedia":[{"embeddable":true,"href":"https:\/\/gloopbaby.com\/fr\/wp-json\/wp\/v2\/media\/40263"}],"wp:attachment":[{"href":"https:\/\/gloopbaby.com\/fr\/wp-json\/wp\/v2\/media?parent=20070"}],"wp:term":[{"taxonomy":"product_brand","embeddable":true,"href":"https:\/\/gloopbaby.com\/fr\/wp-json\/wp\/v2\/product_brand?post=20070"},{"taxonomy":"product_cat","embeddable":true,"href":"https:\/\/gloopbaby.com\/fr\/wp-json\/wp\/v2\/product_cat?post=20070"},{"taxonomy":"product_tag","embeddable":true,"href":"https:\/\/gloopbaby.com\/fr\/wp-json\/wp\/v2\/product_tag?post=20070"}],"curies":[{"name":"wp","href":"https:\/\/api.w.org\/{rel}","templated":true}]}}