{"id":145550,"date":"2026-04-23T14:36:56","date_gmt":"2026-04-23T14:36:56","guid":{"rendered":"https:\/\/gloopbaby.com\/?post_type=product&#038;p=145550"},"modified":"2026-04-24T08:21:32","modified_gmt":"2026-04-24T08:21:32","slug":"sac-a-dos-serviette-de-plage-safari","status":"publish","type":"product","link":"https:\/\/gloopbaby.com\/fr\/produit\/collections-fr\/safari-fr\/sac-a-dos-serviette-de-plage-safari\/","title":{"rendered":"Sac \u00e0 dos serviette de plage Safari"},"content":{"rendered":"<pre id=\"tw-target-text\" class=\"tw-data-text tw-text-large tw-ta\" dir=\"ltr\" tabindex=\"-1\" role=\"text\" data-placeholder=\"Tradu\u00e7\u00e3o\" data-ved=\"2ahUKEwjjyrff24OUAxUdUqQEHatbJDcQ3ewLegQIDRAV\" aria-label=\"Texto traduzido: Ce sac \u00e0 dos-serviette de plage 100 % coton biologique se transforme en sac \u00e0 dos, id\u00e9al pour emporter l'essentiel \u00e0 la plage. L'accessoire parfait pour les journ\u00e9es \u00e0 la plage, \u00e0 la piscine ou lors de vos escapades en plein air avec votre enfant. Confectionn\u00e9 en \u00e9ponge de coton 100 % biologique, douce, l\u00e9g\u00e8re et \u00e0 s\u00e9chage rapide, il est tr\u00e8s confortable au quotidien pour les b\u00e9b\u00e9s et les enfants. Le tissu est ultra-doux et respectueux de la peau sensible des tout-petits et des enfants. Caract\u00e9ristiques principales : \u00c9ponge et tissu 100 % coton biologique certifi\u00e9 2 tailles disponibles : - Sac \u00e0 dos-serviette b\u00e9b\u00e9 (125 x 60 cm) - Sac \u00e0 dos-serviette enfant (140 x 90 cm) Fabriqu\u00e9 au Portugal Produit \u00e9cologique, sans produits chimiques nocifs, id\u00e9al pour les parents soucieux du bien-\u00eatre de leur b\u00e9b\u00e9 et de la plan\u00e8te.\"><span class=\"Y2IQFc\" lang=\"fr\">Ce sac \u00e0 dos-serviette de plage 100% coton biologique se transforme en sac \u00e0 dos, id\u00e9al pour emporter l'essentiel \u00e0 la plage. L'accessoire parfait pour les journ\u00e9es \u00e0 la plage, \u00e0 la piscine ou lors de vos escapades en plein air avec votre enfant.\r\n\r\nConfectionn\u00e9 en \u00e9ponge de coton 100% biologique, douce, l\u00e9g\u00e8re et \u00e0 s\u00e9chage rapide, il est tr\u00e8s confortable au quotidien pour les b\u00e9b\u00e9s et les enfants. Le tissu est ultra-doux et respectueux de la peau sensible des tout-petits et des enfants.\r\n\r\n<strong>Caract\u00e9ristiques principales:<\/strong>\r\n\r\n- \u00c9ponge et tissu 100% coton biologique certifi\u00e9\r\n\r\n- 2 tailles disponibles: - Sac \u00e0 dos-serviette b\u00e9b\u00e9 (125 x 60 cm) - Sac \u00e0 dos-serviette enfant (140 x 90 cm)\r\n\r\n- Fabriqu\u00e9 au Portugal\r\n\r\nProduit \u00e9cologique, sans produits chimiques nocifs, id\u00e9al pour les parents soucieux du bien-\u00eatre de leur b\u00e9b\u00e9 et de la plan\u00e8te.<\/span><\/pre>\n","protected":false},"excerpt":{"rendered":"<p>Ce sac \u00e0 dos-serviette de plage 100% coton biologique se transforme en sac \u00e0 dos, id\u00e9al pour emporter l&rsquo;essentiel \u00e0 la plage. L&rsquo;accessoire parfait pour les journ\u00e9es \u00e0 la plage, \u00e0 la piscine ou lors de vos escapades en plein air avec votre enfant. Confectionn\u00e9 en \u00e9ponge de coton 100% biologique, douce, l\u00e9g\u00e8re et \u00e0 [&hellip;]<\/p>\n","protected":false},"featured_media":145631,"comment_status":"closed","ping_status":"closed","template":"","meta":{"_acf_changed":false},"product_brand":[],"product_cat":[1582,1998,1560],"product_tag":[],"class_list":{"0":"post-145550","1":"product","2":"type-product","3":"status-publish","4":"has-post-thumbnail","6":"product_cat-collections-fr","7":"product_cat-plage","8":"product_cat-safari-fr","10":"first","11":"instock","12":"taxable","13":"shipping-taxable","14":"purchasable","15":"product-type-variable"},"acf":[],"yoast_head":"<!-- This site is optimized with the Yoast SEO plugin v27.4 - https:\/\/yoast.com\/product\/yoast-seo-wordpress\/ -->\n<title>Sac \u00e0 dos serviette de plage Safari - Gloop Baby<\/title>\n<meta name=\"robots\" content=\"index, follow, max-snippet:-1, max-image-preview:large, max-video-preview:-1\" \/>\n<link rel=\"canonical\" href=\"https:\/\/gloopbaby.com\/fr\/produit\/collections-fr\/safari-fr\/sac-a-dos-serviette-de-plage-safari\/\" \/>\n<meta property=\"og:locale\" content=\"fr_FR\" \/>\n<meta property=\"og:type\" content=\"article\" \/>\n<meta property=\"og:title\" content=\"Sac \u00e0 dos serviette de plage Safari - Gloop Baby\" \/>\n<meta property=\"og:description\" content=\"Ce sac \u00e0 dos-serviette de plage 100% coton biologique se transforme en sac \u00e0 dos, id\u00e9al pour emporter l&#039;essentiel \u00e0 la plage. L&#039;accessoire parfait pour les journ\u00e9es \u00e0 la plage, \u00e0 la piscine ou lors de vos escapades en plein air avec votre enfant. Confectionn\u00e9 en \u00e9ponge de coton 100% biologique, douce, l\u00e9g\u00e8re et \u00e0 [&hellip;]\" \/>\n<meta property=\"og:url\" content=\"https:\/\/gloopbaby.com\/fr\/produit\/collections-fr\/safari-fr\/sac-a-dos-serviette-de-plage-safari\/\" \/>\n<meta property=\"og:site_name\" content=\"Gloop Baby\" \/>\n<meta property=\"article:modified_time\" content=\"2026-04-24T08:21:32+00:00\" \/>\n<meta property=\"og:image\" content=\"https:\/\/gloopbaby.com\/wp-content\/uploads\/2026\/04\/IMG_5644.jpg\" \/>\n\t<meta property=\"og:image:width\" content=\"512\" \/>\n\t<meta property=\"og:image:height\" content=\"768\" \/>\n\t<meta property=\"og:image:type\" content=\"image\/jpeg\" \/>\n<meta name=\"twitter:card\" content=\"summary_large_image\" \/>\n<script type=\"application\/ld+json\" class=\"yoast-schema-graph\">{\"@context\":\"https:\\\/\\\/schema.org\",\"@graph\":[{\"@type\":\"WebPage\",\"@id\":\"https:\\\/\\\/gloopbaby.com\\\/fr\\\/produit\\\/collections-fr\\\/safari-fr\\\/sac-a-dos-serviette-de-plage-safari\\\/\",\"url\":\"https:\\\/\\\/gloopbaby.com\\\/fr\\\/produit\\\/collections-fr\\\/safari-fr\\\/sac-a-dos-serviette-de-plage-safari\\\/\",\"name\":\"Sac \u00e0 dos serviette de plage Safari - Gloop Baby\",\"isPartOf\":{\"@id\":\"https:\\\/\\\/gloopbaby.com\\\/fr\\\/#website\"},\"primaryImageOfPage\":{\"@id\":\"https:\\\/\\\/gloopbaby.com\\\/fr\\\/produit\\\/collections-fr\\\/safari-fr\\\/sac-a-dos-serviette-de-plage-safari\\\/#primaryimage\"},\"image\":{\"@id\":\"https:\\\/\\\/gloopbaby.com\\\/fr\\\/produit\\\/collections-fr\\\/safari-fr\\\/sac-a-dos-serviette-de-plage-safari\\\/#primaryimage\"},\"thumbnailUrl\":\"https:\\\/\\\/gloopbaby.com\\\/wp-content\\\/uploads\\\/2026\\\/04\\\/IMG_5644.jpg\",\"datePublished\":\"2026-04-23T14:36:56+00:00\",\"dateModified\":\"2026-04-24T08:21:32+00:00\",\"breadcrumb\":{\"@id\":\"https:\\\/\\\/gloopbaby.com\\\/fr\\\/produit\\\/collections-fr\\\/safari-fr\\\/sac-a-dos-serviette-de-plage-safari\\\/#breadcrumb\"},\"inLanguage\":\"fr-FR\",\"potentialAction\":[{\"@type\":\"ReadAction\",\"target\":[\"https:\\\/\\\/gloopbaby.com\\\/fr\\\/produit\\\/collections-fr\\\/safari-fr\\\/sac-a-dos-serviette-de-plage-safari\\\/\"]}]},{\"@type\":\"ImageObject\",\"inLanguage\":\"fr-FR\",\"@id\":\"https:\\\/\\\/gloopbaby.com\\\/fr\\\/produit\\\/collections-fr\\\/safari-fr\\\/sac-a-dos-serviette-de-plage-safari\\\/#primaryimage\",\"url\":\"https:\\\/\\\/gloopbaby.com\\\/wp-content\\\/uploads\\\/2026\\\/04\\\/IMG_5644.jpg\",\"contentUrl\":\"https:\\\/\\\/gloopbaby.com\\\/wp-content\\\/uploads\\\/2026\\\/04\\\/IMG_5644.jpg\",\"width\":512,\"height\":768},{\"@type\":\"BreadcrumbList\",\"@id\":\"https:\\\/\\\/gloopbaby.com\\\/fr\\\/produit\\\/collections-fr\\\/safari-fr\\\/sac-a-dos-serviette-de-plage-safari\\\/#breadcrumb\",\"itemListElement\":[{\"@type\":\"ListItem\",\"position\":1,\"name\":\"In\u00edcio\",\"item\":\"https:\\\/\\\/gloopbaby.com\\\/fr\\\/\"},{\"@type\":\"ListItem\",\"position\":2,\"name\":\"Shop\",\"item\":\"https:\\\/\\\/gloopbaby.com\\\/loja\\\/\"},{\"@type\":\"ListItem\",\"position\":3,\"name\":\"Sac \u00e0 dos serviette de plage Safari\"}]},{\"@type\":\"WebSite\",\"@id\":\"https:\\\/\\\/gloopbaby.com\\\/fr\\\/#website\",\"url\":\"https:\\\/\\\/gloopbaby.com\\\/fr\\\/\",\"name\":\"Gloop Baby\",\"description\":\"\",\"publisher\":{\"@id\":\"https:\\\/\\\/gloopbaby.com\\\/fr\\\/#organization\"},\"potentialAction\":[{\"@type\":\"SearchAction\",\"target\":{\"@type\":\"EntryPoint\",\"urlTemplate\":\"https:\\\/\\\/gloopbaby.com\\\/fr\\\/?s={search_term_string}\"},\"query-input\":{\"@type\":\"PropertyValueSpecification\",\"valueRequired\":true,\"valueName\":\"search_term_string\"}}],\"inLanguage\":\"fr-FR\"},{\"@type\":\"Organization\",\"@id\":\"https:\\\/\\\/gloopbaby.com\\\/fr\\\/#organization\",\"name\":\"Gloop Baby\",\"url\":\"https:\\\/\\\/gloopbaby.com\\\/fr\\\/\",\"logo\":{\"@type\":\"ImageObject\",\"inLanguage\":\"fr-FR\",\"@id\":\"https:\\\/\\\/gloopbaby.com\\\/fr\\\/#\\\/schema\\\/logo\\\/image\\\/\",\"url\":\"https:\\\/\\\/gloopbaby.com\\\/wp-content\\\/uploads\\\/2023\\\/06\\\/gloop-logo.svg\",\"contentUrl\":\"https:\\\/\\\/gloopbaby.com\\\/wp-content\\\/uploads\\\/2023\\\/06\\\/gloop-logo.svg\",\"width\":100,\"height\":100,\"caption\":\"Gloop Baby\"},\"image\":{\"@id\":\"https:\\\/\\\/gloopbaby.com\\\/fr\\\/#\\\/schema\\\/logo\\\/image\\\/\"}}]}<\/script>\n<!-- \/ Yoast SEO plugin. -->","yoast_head_json":{"title":"Sac \u00e0 dos serviette de plage Safari - Gloop Baby","robots":{"index":"index","follow":"follow","max-snippet":"max-snippet:-1","max-image-preview":"max-image-preview:large","max-video-preview":"max-video-preview:-1"},"canonical":"https:\/\/gloopbaby.com\/fr\/produit\/collections-fr\/safari-fr\/sac-a-dos-serviette-de-plage-safari\/","og_locale":"fr_FR","og_type":"article","og_title":"Sac \u00e0 dos serviette de plage Safari - Gloop Baby","og_description":"Ce sac \u00e0 dos-serviette de plage 100% coton biologique se transforme en sac \u00e0 dos, id\u00e9al pour emporter l'essentiel \u00e0 la plage. L'accessoire parfait pour les journ\u00e9es \u00e0 la plage, \u00e0 la piscine ou lors de vos escapades en plein air avec votre enfant. Confectionn\u00e9 en \u00e9ponge de coton 100% biologique, douce, l\u00e9g\u00e8re et \u00e0 [&hellip;]","og_url":"https:\/\/gloopbaby.com\/fr\/produit\/collections-fr\/safari-fr\/sac-a-dos-serviette-de-plage-safari\/","og_site_name":"Gloop Baby","article_modified_time":"2026-04-24T08:21:32+00:00","og_image":[{"width":512,"height":768,"url":"https:\/\/gloopbaby.com\/wp-content\/uploads\/2026\/04\/IMG_5644.jpg","type":"image\/jpeg"}],"twitter_card":"summary_large_image","schema":{"@context":"https:\/\/schema.org","@graph":[{"@type":"WebPage","@id":"https:\/\/gloopbaby.com\/fr\/produit\/collections-fr\/safari-fr\/sac-a-dos-serviette-de-plage-safari\/","url":"https:\/\/gloopbaby.com\/fr\/produit\/collections-fr\/safari-fr\/sac-a-dos-serviette-de-plage-safari\/","name":"Sac \u00e0 dos serviette de plage Safari - Gloop Baby","isPartOf":{"@id":"https:\/\/gloopbaby.com\/fr\/#website"},"primaryImageOfPage":{"@id":"https:\/\/gloopbaby.com\/fr\/produit\/collections-fr\/safari-fr\/sac-a-dos-serviette-de-plage-safari\/#primaryimage"},"image":{"@id":"https:\/\/gloopbaby.com\/fr\/produit\/collections-fr\/safari-fr\/sac-a-dos-serviette-de-plage-safari\/#primaryimage"},"thumbnailUrl":"https:\/\/gloopbaby.com\/wp-content\/uploads\/2026\/04\/IMG_5644.jpg","datePublished":"2026-04-23T14:36:56+00:00","dateModified":"2026-04-24T08:21:32+00:00","breadcrumb":{"@id":"https:\/\/gloopbaby.com\/fr\/produit\/collections-fr\/safari-fr\/sac-a-dos-serviette-de-plage-safari\/#breadcrumb"},"inLanguage":"fr-FR","potentialAction":[{"@type":"ReadAction","target":["https:\/\/gloopbaby.com\/fr\/produit\/collections-fr\/safari-fr\/sac-a-dos-serviette-de-plage-safari\/"]}]},{"@type":"ImageObject","inLanguage":"fr-FR","@id":"https:\/\/gloopbaby.com\/fr\/produit\/collections-fr\/safari-fr\/sac-a-dos-serviette-de-plage-safari\/#primaryimage","url":"https:\/\/gloopbaby.com\/wp-content\/uploads\/2026\/04\/IMG_5644.jpg","contentUrl":"https:\/\/gloopbaby.com\/wp-content\/uploads\/2026\/04\/IMG_5644.jpg","width":512,"height":768},{"@type":"BreadcrumbList","@id":"https:\/\/gloopbaby.com\/fr\/produit\/collections-fr\/safari-fr\/sac-a-dos-serviette-de-plage-safari\/#breadcrumb","itemListElement":[{"@type":"ListItem","position":1,"name":"In\u00edcio","item":"https:\/\/gloopbaby.com\/fr\/"},{"@type":"ListItem","position":2,"name":"Shop","item":"https:\/\/gloopbaby.com\/loja\/"},{"@type":"ListItem","position":3,"name":"Sac \u00e0 dos serviette de plage Safari"}]},{"@type":"WebSite","@id":"https:\/\/gloopbaby.com\/fr\/#website","url":"https:\/\/gloopbaby.com\/fr\/","name":"Gloop Baby","description":"","publisher":{"@id":"https:\/\/gloopbaby.com\/fr\/#organization"},"potentialAction":[{"@type":"SearchAction","target":{"@type":"EntryPoint","urlTemplate":"https:\/\/gloopbaby.com\/fr\/?s={search_term_string}"},"query-input":{"@type":"PropertyValueSpecification","valueRequired":true,"valueName":"search_term_string"}}],"inLanguage":"fr-FR"},{"@type":"Organization","@id":"https:\/\/gloopbaby.com\/fr\/#organization","name":"Gloop Baby","url":"https:\/\/gloopbaby.com\/fr\/","logo":{"@type":"ImageObject","inLanguage":"fr-FR","@id":"https:\/\/gloopbaby.com\/fr\/#\/schema\/logo\/image\/","url":"https:\/\/gloopbaby.com\/wp-content\/uploads\/2023\/06\/gloop-logo.svg","contentUrl":"https:\/\/gloopbaby.com\/wp-content\/uploads\/2023\/06\/gloop-logo.svg","width":100,"height":100,"caption":"Gloop Baby"},"image":{"@id":"https:\/\/gloopbaby.com\/fr\/#\/schema\/logo\/image\/"}}]}},"_links":{"self":[{"href":"https:\/\/gloopbaby.com\/fr\/wp-json\/wp\/v2\/product\/145550","targetHints":{"allow":["GET"]}}],"collection":[{"href":"https:\/\/gloopbaby.com\/fr\/wp-json\/wp\/v2\/product"}],"about":[{"href":"https:\/\/gloopbaby.com\/fr\/wp-json\/wp\/v2\/types\/product"}],"replies":[{"embeddable":true,"href":"https:\/\/gloopbaby.com\/fr\/wp-json\/wp\/v2\/comments?post=145550"}],"wp:featuredmedia":[{"embeddable":true,"href":"https:\/\/gloopbaby.com\/fr\/wp-json\/wp\/v2\/media\/145631"}],"wp:attachment":[{"href":"https:\/\/gloopbaby.com\/fr\/wp-json\/wp\/v2\/media?parent=145550"}],"wp:term":[{"taxonomy":"product_brand","embeddable":true,"href":"https:\/\/gloopbaby.com\/fr\/wp-json\/wp\/v2\/product_brand?post=145550"},{"taxonomy":"product_cat","embeddable":true,"href":"https:\/\/gloopbaby.com\/fr\/wp-json\/wp\/v2\/product_cat?post=145550"},{"taxonomy":"product_tag","embeddable":true,"href":"https:\/\/gloopbaby.com\/fr\/wp-json\/wp\/v2\/product_tag?post=145550"}],"curies":[{"name":"wp","href":"https:\/\/api.w.org\/{rel}","templated":true}]}}