{"id":145430,"date":"2026-04-23T14:04:21","date_gmt":"2026-04-23T14:04:21","guid":{"rendered":"https:\/\/gloopbaby.com\/?post_type=product&#038;p=145430"},"modified":"2026-04-24T08:21:56","modified_gmt":"2026-04-24T08:21:56","slug":"combinaison-bebe-plage-little-garden","status":"publish","type":"product","link":"https:\/\/gloopbaby.com\/fr\/produit\/collections-fr\/little-garden-fr\/combinaison-bebe-plage-little-garden\/","title":{"rendered":"Combinaison b\u00e9b\u00e9 plage Little Garden"},"content":{"rendered":"<pre id=\"tw-target-text\" class=\"tw-data-text tw-text-large tw-ta\" dir=\"ltr\" tabindex=\"-1\" role=\"text\" data-placeholder=\"Tradu\u00e7\u00e3o\" data-ved=\"2ahUKEwjjyrff24OUAxUdUqQEHatbJDcQ3ewLegQIDRAV\" aria-label=\"Texto traduzido: Combinaison de plage courte en coton 100 % biologique avec capuche pour b\u00e9b\u00e9s et enfants jusqu'\u00e0 7 ans. Cette combinaison \u00e0 manches et jambes courtes est confectionn\u00e9e en tissu \u00e9ponge absorbant et s'enfile facilement gr\u00e2ce \u00e0 sa fermeture \u00e9clair sur le devant. Sa capuche permet de s\u00e9cher rapidement les cheveux et de garder b\u00e9b\u00e9\/enfant bien au chaud \u00e0 la plage. Fabriqu\u00e9e en coton 100 % biologique certifi\u00e9, la mati\u00e8re est ultra-douce et respectueuse de la peau sensible des b\u00e9b\u00e9s. Caract\u00e9ristiques principales : Tissu \u00e9ponge et coton 100 % biologique certifi\u00e9 Tailles : 1 an (48 x 32 cm), 2-3 ans (54 x 34 cm), 4-5 ans (60 x 36 cm), 6-7 ans (65 x 38 cm) Fabriqu\u00e9e au Portugal Produit \u00e9cologique, sans substances chimiques nocives, id\u00e9al pour les parents soucieux du bien-\u00eatre de leur b\u00e9b\u00e9 et de la plan\u00e8te.\"><span class=\"Y2IQFc\" lang=\"fr\">Combinaison de plage courte en coton 100% biologique avec capuche pour b\u00e9b\u00e9s et enfants jusqu'\u00e0 7 ans. Cette combinaison \u00e0 manches et jambes courtes est confectionn\u00e9e en tissu \u00e9ponge absorbant et s'enfile facilement gr\u00e2ce \u00e0 sa fermeture \u00e9clair sur le devant. Sa capuche permet de s\u00e9cher rapidement les cheveux et de garder b\u00e9b\u00e9\/enfant bien au chaud \u00e0 la plage.\r\n\r\nFabriqu\u00e9e en coton 100% biologique certifi\u00e9, la mati\u00e8re est ultra-douce et respectueuse de la peau sensible des b\u00e9b\u00e9s.\r\n\r\n<strong>Caract\u00e9ristiques principales:<\/strong>\r\n\r\n- Tissu \u00e9ponge et coton 100% biologique certifi\u00e9\r\n\r\n- Tailles: 1 an (48 x 32 cm), 2-3 ans (54 x 34 cm), 4-5 ans (60 x 36 cm), 6-7 ans (65 x 38 cm)\r\n\r\n- Fabriqu\u00e9e au Portugal\r\n\r\nProduit \u00e9cologique, sans substances chimiques nocives, id\u00e9al pour les parents soucieux du bien-\u00eatre de leur b\u00e9b\u00e9 et de la plan\u00e8te.<\/span><\/pre>\n","protected":false},"excerpt":{"rendered":"<p>Combinaison de plage courte en coton 100% biologique avec capuche pour b\u00e9b\u00e9s et enfants jusqu&rsquo;\u00e0 7 ans. Cette combinaison \u00e0 manches et jambes courtes est confectionn\u00e9e en tissu \u00e9ponge absorbant et s&rsquo;enfile facilement gr\u00e2ce \u00e0 sa fermeture \u00e9clair sur le devant. Sa capuche permet de s\u00e9cher rapidement les cheveux et de garder b\u00e9b\u00e9\/enfant bien au [&hellip;]<\/p>\n","protected":false},"featured_media":145062,"comment_status":"closed","ping_status":"closed","template":"","meta":{"_acf_changed":false},"product_brand":[],"product_cat":[1582,1942,1998],"product_tag":[],"class_list":{"0":"post-145430","1":"product","2":"type-product","3":"status-publish","4":"has-post-thumbnail","6":"product_cat-collections-fr","7":"product_cat-little-garden-fr","8":"product_cat-plage","10":"first","11":"instock","12":"taxable","13":"shipping-taxable","14":"purchasable","15":"product-type-variable"},"acf":[],"yoast_head":"<!-- This site is optimized with the Yoast SEO plugin v27.4 - https:\/\/yoast.com\/product\/yoast-seo-wordpress\/ -->\n<title>Combinaison b\u00e9b\u00e9 plage Little Garden - Gloop Baby<\/title>\n<meta name=\"robots\" content=\"index, follow, max-snippet:-1, max-image-preview:large, max-video-preview:-1\" \/>\n<link rel=\"canonical\" href=\"https:\/\/gloopbaby.com\/fr\/produit\/collections-fr\/little-garden-fr\/combinaison-bebe-plage-little-garden\/\" \/>\n<meta property=\"og:locale\" content=\"fr_FR\" \/>\n<meta property=\"og:type\" content=\"article\" \/>\n<meta property=\"og:title\" content=\"Combinaison b\u00e9b\u00e9 plage Little Garden - Gloop Baby\" \/>\n<meta property=\"og:description\" content=\"Combinaison de plage courte en coton 100% biologique avec capuche pour b\u00e9b\u00e9s et enfants jusqu&#039;\u00e0 7 ans. Cette combinaison \u00e0 manches et jambes courtes est confectionn\u00e9e en tissu \u00e9ponge absorbant et s&#039;enfile facilement gr\u00e2ce \u00e0 sa fermeture \u00e9clair sur le devant. Sa capuche permet de s\u00e9cher rapidement les cheveux et de garder b\u00e9b\u00e9\/enfant bien au [&hellip;]\" \/>\n<meta property=\"og:url\" content=\"https:\/\/gloopbaby.com\/fr\/produit\/collections-fr\/little-garden-fr\/combinaison-bebe-plage-little-garden\/\" \/>\n<meta property=\"og:site_name\" content=\"Gloop Baby\" \/>\n<meta property=\"article:modified_time\" content=\"2026-04-24T08:21:56+00:00\" \/>\n<meta property=\"og:image\" content=\"https:\/\/gloopbaby.com\/wp-content\/uploads\/2026\/04\/IMG_5376.jpg\" \/>\n\t<meta property=\"og:image:width\" content=\"512\" \/>\n\t<meta property=\"og:image:height\" content=\"768\" \/>\n\t<meta property=\"og:image:type\" content=\"image\/jpeg\" \/>\n<meta name=\"twitter:card\" content=\"summary_large_image\" \/>\n<meta name=\"twitter:label1\" content=\"Dur\u00e9e de lecture estim\u00e9e\" \/>\n\t<meta name=\"twitter:data1\" content=\"1 minute\" \/>\n<script type=\"application\/ld+json\" class=\"yoast-schema-graph\">{\"@context\":\"https:\\\/\\\/schema.org\",\"@graph\":[{\"@type\":\"WebPage\",\"@id\":\"https:\\\/\\\/gloopbaby.com\\\/fr\\\/produit\\\/collections-fr\\\/little-garden-fr\\\/combinaison-bebe-plage-little-garden\\\/\",\"url\":\"https:\\\/\\\/gloopbaby.com\\\/fr\\\/produit\\\/collections-fr\\\/little-garden-fr\\\/combinaison-bebe-plage-little-garden\\\/\",\"name\":\"Combinaison b\u00e9b\u00e9 plage Little Garden - Gloop Baby\",\"isPartOf\":{\"@id\":\"https:\\\/\\\/gloopbaby.com\\\/fr\\\/#website\"},\"primaryImageOfPage\":{\"@id\":\"https:\\\/\\\/gloopbaby.com\\\/fr\\\/produit\\\/collections-fr\\\/little-garden-fr\\\/combinaison-bebe-plage-little-garden\\\/#primaryimage\"},\"image\":{\"@id\":\"https:\\\/\\\/gloopbaby.com\\\/fr\\\/produit\\\/collections-fr\\\/little-garden-fr\\\/combinaison-bebe-plage-little-garden\\\/#primaryimage\"},\"thumbnailUrl\":\"https:\\\/\\\/gloopbaby.com\\\/wp-content\\\/uploads\\\/2026\\\/04\\\/IMG_5376.jpg\",\"datePublished\":\"2026-04-23T14:04:21+00:00\",\"dateModified\":\"2026-04-24T08:21:56+00:00\",\"breadcrumb\":{\"@id\":\"https:\\\/\\\/gloopbaby.com\\\/fr\\\/produit\\\/collections-fr\\\/little-garden-fr\\\/combinaison-bebe-plage-little-garden\\\/#breadcrumb\"},\"inLanguage\":\"fr-FR\",\"potentialAction\":[{\"@type\":\"ReadAction\",\"target\":[\"https:\\\/\\\/gloopbaby.com\\\/fr\\\/produit\\\/collections-fr\\\/little-garden-fr\\\/combinaison-bebe-plage-little-garden\\\/\"]}]},{\"@type\":\"ImageObject\",\"inLanguage\":\"fr-FR\",\"@id\":\"https:\\\/\\\/gloopbaby.com\\\/fr\\\/produit\\\/collections-fr\\\/little-garden-fr\\\/combinaison-bebe-plage-little-garden\\\/#primaryimage\",\"url\":\"https:\\\/\\\/gloopbaby.com\\\/wp-content\\\/uploads\\\/2026\\\/04\\\/IMG_5376.jpg\",\"contentUrl\":\"https:\\\/\\\/gloopbaby.com\\\/wp-content\\\/uploads\\\/2026\\\/04\\\/IMG_5376.jpg\",\"width\":512,\"height\":768},{\"@type\":\"BreadcrumbList\",\"@id\":\"https:\\\/\\\/gloopbaby.com\\\/fr\\\/produit\\\/collections-fr\\\/little-garden-fr\\\/combinaison-bebe-plage-little-garden\\\/#breadcrumb\",\"itemListElement\":[{\"@type\":\"ListItem\",\"position\":1,\"name\":\"In\u00edcio\",\"item\":\"https:\\\/\\\/gloopbaby.com\\\/fr\\\/\"},{\"@type\":\"ListItem\",\"position\":2,\"name\":\"Shop\",\"item\":\"https:\\\/\\\/gloopbaby.com\\\/loja\\\/\"},{\"@type\":\"ListItem\",\"position\":3,\"name\":\"Combinaison b\u00e9b\u00e9 plage Little Garden\"}]},{\"@type\":\"WebSite\",\"@id\":\"https:\\\/\\\/gloopbaby.com\\\/fr\\\/#website\",\"url\":\"https:\\\/\\\/gloopbaby.com\\\/fr\\\/\",\"name\":\"Gloop Baby\",\"description\":\"\",\"publisher\":{\"@id\":\"https:\\\/\\\/gloopbaby.com\\\/fr\\\/#organization\"},\"potentialAction\":[{\"@type\":\"SearchAction\",\"target\":{\"@type\":\"EntryPoint\",\"urlTemplate\":\"https:\\\/\\\/gloopbaby.com\\\/fr\\\/?s={search_term_string}\"},\"query-input\":{\"@type\":\"PropertyValueSpecification\",\"valueRequired\":true,\"valueName\":\"search_term_string\"}}],\"inLanguage\":\"fr-FR\"},{\"@type\":\"Organization\",\"@id\":\"https:\\\/\\\/gloopbaby.com\\\/fr\\\/#organization\",\"name\":\"Gloop Baby\",\"url\":\"https:\\\/\\\/gloopbaby.com\\\/fr\\\/\",\"logo\":{\"@type\":\"ImageObject\",\"inLanguage\":\"fr-FR\",\"@id\":\"https:\\\/\\\/gloopbaby.com\\\/fr\\\/#\\\/schema\\\/logo\\\/image\\\/\",\"url\":\"https:\\\/\\\/gloopbaby.com\\\/wp-content\\\/uploads\\\/2023\\\/06\\\/gloop-logo.svg\",\"contentUrl\":\"https:\\\/\\\/gloopbaby.com\\\/wp-content\\\/uploads\\\/2023\\\/06\\\/gloop-logo.svg\",\"width\":100,\"height\":100,\"caption\":\"Gloop Baby\"},\"image\":{\"@id\":\"https:\\\/\\\/gloopbaby.com\\\/fr\\\/#\\\/schema\\\/logo\\\/image\\\/\"}}]}<\/script>\n<!-- \/ Yoast SEO plugin. -->","yoast_head_json":{"title":"Combinaison b\u00e9b\u00e9 plage Little Garden - Gloop Baby","robots":{"index":"index","follow":"follow","max-snippet":"max-snippet:-1","max-image-preview":"max-image-preview:large","max-video-preview":"max-video-preview:-1"},"canonical":"https:\/\/gloopbaby.com\/fr\/produit\/collections-fr\/little-garden-fr\/combinaison-bebe-plage-little-garden\/","og_locale":"fr_FR","og_type":"article","og_title":"Combinaison b\u00e9b\u00e9 plage Little Garden - Gloop Baby","og_description":"Combinaison de plage courte en coton 100% biologique avec capuche pour b\u00e9b\u00e9s et enfants jusqu'\u00e0 7 ans. Cette combinaison \u00e0 manches et jambes courtes est confectionn\u00e9e en tissu \u00e9ponge absorbant et s'enfile facilement gr\u00e2ce \u00e0 sa fermeture \u00e9clair sur le devant. Sa capuche permet de s\u00e9cher rapidement les cheveux et de garder b\u00e9b\u00e9\/enfant bien au [&hellip;]","og_url":"https:\/\/gloopbaby.com\/fr\/produit\/collections-fr\/little-garden-fr\/combinaison-bebe-plage-little-garden\/","og_site_name":"Gloop Baby","article_modified_time":"2026-04-24T08:21:56+00:00","og_image":[{"width":512,"height":768,"url":"https:\/\/gloopbaby.com\/wp-content\/uploads\/2026\/04\/IMG_5376.jpg","type":"image\/jpeg"}],"twitter_card":"summary_large_image","twitter_misc":{"Dur\u00e9e de lecture estim\u00e9e":"1 minute"},"schema":{"@context":"https:\/\/schema.org","@graph":[{"@type":"WebPage","@id":"https:\/\/gloopbaby.com\/fr\/produit\/collections-fr\/little-garden-fr\/combinaison-bebe-plage-little-garden\/","url":"https:\/\/gloopbaby.com\/fr\/produit\/collections-fr\/little-garden-fr\/combinaison-bebe-plage-little-garden\/","name":"Combinaison b\u00e9b\u00e9 plage Little Garden - Gloop Baby","isPartOf":{"@id":"https:\/\/gloopbaby.com\/fr\/#website"},"primaryImageOfPage":{"@id":"https:\/\/gloopbaby.com\/fr\/produit\/collections-fr\/little-garden-fr\/combinaison-bebe-plage-little-garden\/#primaryimage"},"image":{"@id":"https:\/\/gloopbaby.com\/fr\/produit\/collections-fr\/little-garden-fr\/combinaison-bebe-plage-little-garden\/#primaryimage"},"thumbnailUrl":"https:\/\/gloopbaby.com\/wp-content\/uploads\/2026\/04\/IMG_5376.jpg","datePublished":"2026-04-23T14:04:21+00:00","dateModified":"2026-04-24T08:21:56+00:00","breadcrumb":{"@id":"https:\/\/gloopbaby.com\/fr\/produit\/collections-fr\/little-garden-fr\/combinaison-bebe-plage-little-garden\/#breadcrumb"},"inLanguage":"fr-FR","potentialAction":[{"@type":"ReadAction","target":["https:\/\/gloopbaby.com\/fr\/produit\/collections-fr\/little-garden-fr\/combinaison-bebe-plage-little-garden\/"]}]},{"@type":"ImageObject","inLanguage":"fr-FR","@id":"https:\/\/gloopbaby.com\/fr\/produit\/collections-fr\/little-garden-fr\/combinaison-bebe-plage-little-garden\/#primaryimage","url":"https:\/\/gloopbaby.com\/wp-content\/uploads\/2026\/04\/IMG_5376.jpg","contentUrl":"https:\/\/gloopbaby.com\/wp-content\/uploads\/2026\/04\/IMG_5376.jpg","width":512,"height":768},{"@type":"BreadcrumbList","@id":"https:\/\/gloopbaby.com\/fr\/produit\/collections-fr\/little-garden-fr\/combinaison-bebe-plage-little-garden\/#breadcrumb","itemListElement":[{"@type":"ListItem","position":1,"name":"In\u00edcio","item":"https:\/\/gloopbaby.com\/fr\/"},{"@type":"ListItem","position":2,"name":"Shop","item":"https:\/\/gloopbaby.com\/loja\/"},{"@type":"ListItem","position":3,"name":"Combinaison b\u00e9b\u00e9 plage Little Garden"}]},{"@type":"WebSite","@id":"https:\/\/gloopbaby.com\/fr\/#website","url":"https:\/\/gloopbaby.com\/fr\/","name":"Gloop Baby","description":"","publisher":{"@id":"https:\/\/gloopbaby.com\/fr\/#organization"},"potentialAction":[{"@type":"SearchAction","target":{"@type":"EntryPoint","urlTemplate":"https:\/\/gloopbaby.com\/fr\/?s={search_term_string}"},"query-input":{"@type":"PropertyValueSpecification","valueRequired":true,"valueName":"search_term_string"}}],"inLanguage":"fr-FR"},{"@type":"Organization","@id":"https:\/\/gloopbaby.com\/fr\/#organization","name":"Gloop Baby","url":"https:\/\/gloopbaby.com\/fr\/","logo":{"@type":"ImageObject","inLanguage":"fr-FR","@id":"https:\/\/gloopbaby.com\/fr\/#\/schema\/logo\/image\/","url":"https:\/\/gloopbaby.com\/wp-content\/uploads\/2023\/06\/gloop-logo.svg","contentUrl":"https:\/\/gloopbaby.com\/wp-content\/uploads\/2023\/06\/gloop-logo.svg","width":100,"height":100,"caption":"Gloop Baby"},"image":{"@id":"https:\/\/gloopbaby.com\/fr\/#\/schema\/logo\/image\/"}}]}},"_links":{"self":[{"href":"https:\/\/gloopbaby.com\/fr\/wp-json\/wp\/v2\/product\/145430","targetHints":{"allow":["GET"]}}],"collection":[{"href":"https:\/\/gloopbaby.com\/fr\/wp-json\/wp\/v2\/product"}],"about":[{"href":"https:\/\/gloopbaby.com\/fr\/wp-json\/wp\/v2\/types\/product"}],"replies":[{"embeddable":true,"href":"https:\/\/gloopbaby.com\/fr\/wp-json\/wp\/v2\/comments?post=145430"}],"wp:featuredmedia":[{"embeddable":true,"href":"https:\/\/gloopbaby.com\/fr\/wp-json\/wp\/v2\/media\/145062"}],"wp:attachment":[{"href":"https:\/\/gloopbaby.com\/fr\/wp-json\/wp\/v2\/media?parent=145430"}],"wp:term":[{"taxonomy":"product_brand","embeddable":true,"href":"https:\/\/gloopbaby.com\/fr\/wp-json\/wp\/v2\/product_brand?post=145430"},{"taxonomy":"product_cat","embeddable":true,"href":"https:\/\/gloopbaby.com\/fr\/wp-json\/wp\/v2\/product_cat?post=145430"},{"taxonomy":"product_tag","embeddable":true,"href":"https:\/\/gloopbaby.com\/fr\/wp-json\/wp\/v2\/product_tag?post=145430"}],"curies":[{"name":"wp","href":"https:\/\/api.w.org\/{rel}","templated":true}]}}