{"id":144995,"date":"2026-04-23T10:00:36","date_gmt":"2026-04-23T10:00:36","guid":{"rendered":"https:\/\/gloopbaby.com\/?post_type=product&#038;p=144995"},"modified":"2026-04-23T10:41:37","modified_gmt":"2026-04-23T10:41:37","slug":"chapeau-bebe-organic-green","status":"publish","type":"product","link":"https:\/\/gloopbaby.com\/fr\/produit\/collections-fr\/organic-green-fr\/chapeau-bebe-organic-green\/","title":{"rendered":"Chapeau b\u00e9b\u00e9 Coton bio Organic Green"},"content":{"rendered":"<pre id=\"tw-target-text\" class=\"tw-data-text tw-text-large tw-ta\" dir=\"ltr\" tabindex=\"-1\" role=\"text\" data-placeholder=\"Tradu\u00e7\u00e3o\" data-ved=\"2ahUKEwjjyrff24OUAxUdUqQEHatbJDcQ3ewLegQIDRAV\" aria-label=\"Texto traduzido: Alliez protection et confort avec ce chapeau de soleil 100 % coton biologique, un indispensable de l'\u00e9t\u00e9. Confectionn\u00e9 en coton biologique certifi\u00e9, son tissu est ultra-doux et respectueux de la peau sensible de b\u00e9b\u00e9. Caract\u00e9ristiques principales\u00a0: Id\u00e9al pour les b\u00e9b\u00e9s de 0 \u00e0 6 mois Taille unique Ext\u00e9rieur et doublure 100 % coton biologique certifi\u00e9 Fabriqu\u00e9 au Portugal Produit \u00e9cologique, sans substances chimiques nocives, id\u00e9al pour les parents soucieux du bien-\u00eatre de leur b\u00e9b\u00e9 et de la plan\u00e8te.\"><span class=\"Y2IQFc\" lang=\"fr\">Alliez protection et confort avec ce chapeau de soleil 100 % coton biologique, un indispensable de l'\u00e9t\u00e9.\r\n\r\nConfectionn\u00e9 en coton biologique certifi\u00e9, son tissu est ultra-doux et respectueux de la peau sensible de b\u00e9b\u00e9.\r\n\r\n<strong>Caract\u00e9ristiques principales:<\/strong>\r\n\r\n- Taille unique\r\n- Diam\u00e8tre: 25cm\r\n- Ext\u00e9rieur et doublure 100 % coton biologique certifi\u00e9\r\n- Fabriqu\u00e9 au Portugal\r\n\r\nProduit \u00e9cologique, sans substances chimiques nocives, id\u00e9al pour les parents soucieux du bien-\u00eatre de leur b\u00e9b\u00e9 et de la plan\u00e8te.<\/span><\/pre>\n","protected":false},"excerpt":{"rendered":"<p>Alliez protection et confort avec ce chapeau de soleil 100 % coton biologique, un indispensable de l&rsquo;\u00e9t\u00e9. Confectionn\u00e9 en coton biologique certifi\u00e9, son tissu est ultra-doux et respectueux de la peau sensible de b\u00e9b\u00e9. Caract\u00e9ristiques principales: &#8211; Taille unique &#8211; Diam\u00e8tre: 25cm &#8211; Ext\u00e9rieur et doublure 100 % coton biologique certifi\u00e9 &#8211; Fabriqu\u00e9 au Portugal [&hellip;]<\/p>\n","protected":false},"featured_media":145007,"comment_status":"closed","ping_status":"closed","template":"","meta":{"_acf_changed":false},"product_brand":[],"product_cat":[1582,1572,1998],"product_tag":[],"class_list":{"0":"post-144995","1":"product","2":"type-product","3":"status-publish","4":"has-post-thumbnail","6":"product_cat-collections-fr","7":"product_cat-organic-green-fr","8":"product_cat-plage","10":"first","11":"instock","12":"taxable","13":"shipping-taxable","14":"purchasable","15":"product-type-simple"},"acf":[],"yoast_head":"<!-- This site is optimized with the Yoast SEO plugin v27.4 - https:\/\/yoast.com\/product\/yoast-seo-wordpress\/ -->\n<title>Chapeau b\u00e9b\u00e9 Coton bio Organic Green - Gloop Baby<\/title>\n<meta name=\"robots\" content=\"index, follow, max-snippet:-1, max-image-preview:large, max-video-preview:-1\" \/>\n<link rel=\"canonical\" href=\"https:\/\/gloopbaby.com\/fr\/produit\/collections-fr\/organic-green-fr\/chapeau-bebe-organic-green\/\" \/>\n<meta property=\"og:locale\" content=\"fr_FR\" \/>\n<meta property=\"og:type\" content=\"article\" \/>\n<meta property=\"og:title\" content=\"Chapeau b\u00e9b\u00e9 Coton bio Organic Green - Gloop Baby\" \/>\n<meta property=\"og:description\" content=\"Alliez protection et confort avec ce chapeau de soleil 100 % coton biologique, un indispensable de l&#039;\u00e9t\u00e9. Confectionn\u00e9 en coton biologique certifi\u00e9, son tissu est ultra-doux et respectueux de la peau sensible de b\u00e9b\u00e9. Caract\u00e9ristiques principales: - Taille unique - Diam\u00e8tre: 25cm - Ext\u00e9rieur et doublure 100 % coton biologique certifi\u00e9 - Fabriqu\u00e9 au Portugal [&hellip;]\" \/>\n<meta property=\"og:url\" content=\"https:\/\/gloopbaby.com\/fr\/produit\/collections-fr\/organic-green-fr\/chapeau-bebe-organic-green\/\" \/>\n<meta property=\"og:site_name\" content=\"Gloop Baby\" \/>\n<meta property=\"article:modified_time\" content=\"2026-04-23T10:41:37+00:00\" \/>\n<meta property=\"og:image\" content=\"https:\/\/gloopbaby.com\/wp-content\/uploads\/2026\/04\/IMG_5601.jpg\" \/>\n\t<meta property=\"og:image:width\" content=\"512\" \/>\n\t<meta property=\"og:image:height\" content=\"768\" \/>\n\t<meta property=\"og:image:type\" content=\"image\/jpeg\" \/>\n<meta name=\"twitter:card\" content=\"summary_large_image\" \/>\n<meta name=\"twitter:label1\" content=\"Dur\u00e9e de lecture estim\u00e9e\" \/>\n\t<meta name=\"twitter:data1\" content=\"1 minute\" \/>\n<script type=\"application\/ld+json\" class=\"yoast-schema-graph\">{\"@context\":\"https:\\\/\\\/schema.org\",\"@graph\":[{\"@type\":\"WebPage\",\"@id\":\"https:\\\/\\\/gloopbaby.com\\\/fr\\\/produit\\\/collections-fr\\\/organic-green-fr\\\/chapeau-bebe-organic-green\\\/\",\"url\":\"https:\\\/\\\/gloopbaby.com\\\/fr\\\/produit\\\/collections-fr\\\/organic-green-fr\\\/chapeau-bebe-organic-green\\\/\",\"name\":\"Chapeau b\u00e9b\u00e9 Coton bio Organic Green - Gloop Baby\",\"isPartOf\":{\"@id\":\"https:\\\/\\\/gloopbaby.com\\\/fr\\\/#website\"},\"primaryImageOfPage\":{\"@id\":\"https:\\\/\\\/gloopbaby.com\\\/fr\\\/produit\\\/collections-fr\\\/organic-green-fr\\\/chapeau-bebe-organic-green\\\/#primaryimage\"},\"image\":{\"@id\":\"https:\\\/\\\/gloopbaby.com\\\/fr\\\/produit\\\/collections-fr\\\/organic-green-fr\\\/chapeau-bebe-organic-green\\\/#primaryimage\"},\"thumbnailUrl\":\"https:\\\/\\\/gloopbaby.com\\\/wp-content\\\/uploads\\\/2026\\\/04\\\/IMG_5601.jpg\",\"datePublished\":\"2026-04-23T10:00:36+00:00\",\"dateModified\":\"2026-04-23T10:41:37+00:00\",\"breadcrumb\":{\"@id\":\"https:\\\/\\\/gloopbaby.com\\\/fr\\\/produit\\\/collections-fr\\\/organic-green-fr\\\/chapeau-bebe-organic-green\\\/#breadcrumb\"},\"inLanguage\":\"fr-FR\",\"potentialAction\":[{\"@type\":\"ReadAction\",\"target\":[\"https:\\\/\\\/gloopbaby.com\\\/fr\\\/produit\\\/collections-fr\\\/organic-green-fr\\\/chapeau-bebe-organic-green\\\/\"]}]},{\"@type\":\"ImageObject\",\"inLanguage\":\"fr-FR\",\"@id\":\"https:\\\/\\\/gloopbaby.com\\\/fr\\\/produit\\\/collections-fr\\\/organic-green-fr\\\/chapeau-bebe-organic-green\\\/#primaryimage\",\"url\":\"https:\\\/\\\/gloopbaby.com\\\/wp-content\\\/uploads\\\/2026\\\/04\\\/IMG_5601.jpg\",\"contentUrl\":\"https:\\\/\\\/gloopbaby.com\\\/wp-content\\\/uploads\\\/2026\\\/04\\\/IMG_5601.jpg\",\"width\":512,\"height\":768},{\"@type\":\"BreadcrumbList\",\"@id\":\"https:\\\/\\\/gloopbaby.com\\\/fr\\\/produit\\\/collections-fr\\\/organic-green-fr\\\/chapeau-bebe-organic-green\\\/#breadcrumb\",\"itemListElement\":[{\"@type\":\"ListItem\",\"position\":1,\"name\":\"In\u00edcio\",\"item\":\"https:\\\/\\\/gloopbaby.com\\\/fr\\\/\"},{\"@type\":\"ListItem\",\"position\":2,\"name\":\"Shop\",\"item\":\"https:\\\/\\\/gloopbaby.com\\\/loja\\\/\"},{\"@type\":\"ListItem\",\"position\":3,\"name\":\"Chapeau b\u00e9b\u00e9 Coton bio Organic Green\"}]},{\"@type\":\"WebSite\",\"@id\":\"https:\\\/\\\/gloopbaby.com\\\/fr\\\/#website\",\"url\":\"https:\\\/\\\/gloopbaby.com\\\/fr\\\/\",\"name\":\"Gloop Baby\",\"description\":\"\",\"publisher\":{\"@id\":\"https:\\\/\\\/gloopbaby.com\\\/fr\\\/#organization\"},\"potentialAction\":[{\"@type\":\"SearchAction\",\"target\":{\"@type\":\"EntryPoint\",\"urlTemplate\":\"https:\\\/\\\/gloopbaby.com\\\/fr\\\/?s={search_term_string}\"},\"query-input\":{\"@type\":\"PropertyValueSpecification\",\"valueRequired\":true,\"valueName\":\"search_term_string\"}}],\"inLanguage\":\"fr-FR\"},{\"@type\":\"Organization\",\"@id\":\"https:\\\/\\\/gloopbaby.com\\\/fr\\\/#organization\",\"name\":\"Gloop Baby\",\"url\":\"https:\\\/\\\/gloopbaby.com\\\/fr\\\/\",\"logo\":{\"@type\":\"ImageObject\",\"inLanguage\":\"fr-FR\",\"@id\":\"https:\\\/\\\/gloopbaby.com\\\/fr\\\/#\\\/schema\\\/logo\\\/image\\\/\",\"url\":\"https:\\\/\\\/gloopbaby.com\\\/wp-content\\\/uploads\\\/2023\\\/06\\\/gloop-logo.svg\",\"contentUrl\":\"https:\\\/\\\/gloopbaby.com\\\/wp-content\\\/uploads\\\/2023\\\/06\\\/gloop-logo.svg\",\"width\":100,\"height\":100,\"caption\":\"Gloop Baby\"},\"image\":{\"@id\":\"https:\\\/\\\/gloopbaby.com\\\/fr\\\/#\\\/schema\\\/logo\\\/image\\\/\"}}]}<\/script>\n<!-- \/ Yoast SEO plugin. -->","yoast_head_json":{"title":"Chapeau b\u00e9b\u00e9 Coton bio Organic Green - Gloop Baby","robots":{"index":"index","follow":"follow","max-snippet":"max-snippet:-1","max-image-preview":"max-image-preview:large","max-video-preview":"max-video-preview:-1"},"canonical":"https:\/\/gloopbaby.com\/fr\/produit\/collections-fr\/organic-green-fr\/chapeau-bebe-organic-green\/","og_locale":"fr_FR","og_type":"article","og_title":"Chapeau b\u00e9b\u00e9 Coton bio Organic Green - Gloop Baby","og_description":"Alliez protection et confort avec ce chapeau de soleil 100 % coton biologique, un indispensable de l'\u00e9t\u00e9. Confectionn\u00e9 en coton biologique certifi\u00e9, son tissu est ultra-doux et respectueux de la peau sensible de b\u00e9b\u00e9. Caract\u00e9ristiques principales: - Taille unique - Diam\u00e8tre: 25cm - Ext\u00e9rieur et doublure 100 % coton biologique certifi\u00e9 - Fabriqu\u00e9 au Portugal [&hellip;]","og_url":"https:\/\/gloopbaby.com\/fr\/produit\/collections-fr\/organic-green-fr\/chapeau-bebe-organic-green\/","og_site_name":"Gloop Baby","article_modified_time":"2026-04-23T10:41:37+00:00","og_image":[{"width":512,"height":768,"url":"https:\/\/gloopbaby.com\/wp-content\/uploads\/2026\/04\/IMG_5601.jpg","type":"image\/jpeg"}],"twitter_card":"summary_large_image","twitter_misc":{"Dur\u00e9e de lecture estim\u00e9e":"1 minute"},"schema":{"@context":"https:\/\/schema.org","@graph":[{"@type":"WebPage","@id":"https:\/\/gloopbaby.com\/fr\/produit\/collections-fr\/organic-green-fr\/chapeau-bebe-organic-green\/","url":"https:\/\/gloopbaby.com\/fr\/produit\/collections-fr\/organic-green-fr\/chapeau-bebe-organic-green\/","name":"Chapeau b\u00e9b\u00e9 Coton bio Organic Green - Gloop Baby","isPartOf":{"@id":"https:\/\/gloopbaby.com\/fr\/#website"},"primaryImageOfPage":{"@id":"https:\/\/gloopbaby.com\/fr\/produit\/collections-fr\/organic-green-fr\/chapeau-bebe-organic-green\/#primaryimage"},"image":{"@id":"https:\/\/gloopbaby.com\/fr\/produit\/collections-fr\/organic-green-fr\/chapeau-bebe-organic-green\/#primaryimage"},"thumbnailUrl":"https:\/\/gloopbaby.com\/wp-content\/uploads\/2026\/04\/IMG_5601.jpg","datePublished":"2026-04-23T10:00:36+00:00","dateModified":"2026-04-23T10:41:37+00:00","breadcrumb":{"@id":"https:\/\/gloopbaby.com\/fr\/produit\/collections-fr\/organic-green-fr\/chapeau-bebe-organic-green\/#breadcrumb"},"inLanguage":"fr-FR","potentialAction":[{"@type":"ReadAction","target":["https:\/\/gloopbaby.com\/fr\/produit\/collections-fr\/organic-green-fr\/chapeau-bebe-organic-green\/"]}]},{"@type":"ImageObject","inLanguage":"fr-FR","@id":"https:\/\/gloopbaby.com\/fr\/produit\/collections-fr\/organic-green-fr\/chapeau-bebe-organic-green\/#primaryimage","url":"https:\/\/gloopbaby.com\/wp-content\/uploads\/2026\/04\/IMG_5601.jpg","contentUrl":"https:\/\/gloopbaby.com\/wp-content\/uploads\/2026\/04\/IMG_5601.jpg","width":512,"height":768},{"@type":"BreadcrumbList","@id":"https:\/\/gloopbaby.com\/fr\/produit\/collections-fr\/organic-green-fr\/chapeau-bebe-organic-green\/#breadcrumb","itemListElement":[{"@type":"ListItem","position":1,"name":"In\u00edcio","item":"https:\/\/gloopbaby.com\/fr\/"},{"@type":"ListItem","position":2,"name":"Shop","item":"https:\/\/gloopbaby.com\/loja\/"},{"@type":"ListItem","position":3,"name":"Chapeau b\u00e9b\u00e9 Coton bio Organic Green"}]},{"@type":"WebSite","@id":"https:\/\/gloopbaby.com\/fr\/#website","url":"https:\/\/gloopbaby.com\/fr\/","name":"Gloop Baby","description":"","publisher":{"@id":"https:\/\/gloopbaby.com\/fr\/#organization"},"potentialAction":[{"@type":"SearchAction","target":{"@type":"EntryPoint","urlTemplate":"https:\/\/gloopbaby.com\/fr\/?s={search_term_string}"},"query-input":{"@type":"PropertyValueSpecification","valueRequired":true,"valueName":"search_term_string"}}],"inLanguage":"fr-FR"},{"@type":"Organization","@id":"https:\/\/gloopbaby.com\/fr\/#organization","name":"Gloop Baby","url":"https:\/\/gloopbaby.com\/fr\/","logo":{"@type":"ImageObject","inLanguage":"fr-FR","@id":"https:\/\/gloopbaby.com\/fr\/#\/schema\/logo\/image\/","url":"https:\/\/gloopbaby.com\/wp-content\/uploads\/2023\/06\/gloop-logo.svg","contentUrl":"https:\/\/gloopbaby.com\/wp-content\/uploads\/2023\/06\/gloop-logo.svg","width":100,"height":100,"caption":"Gloop Baby"},"image":{"@id":"https:\/\/gloopbaby.com\/fr\/#\/schema\/logo\/image\/"}}]}},"_links":{"self":[{"href":"https:\/\/gloopbaby.com\/fr\/wp-json\/wp\/v2\/product\/144995","targetHints":{"allow":["GET"]}}],"collection":[{"href":"https:\/\/gloopbaby.com\/fr\/wp-json\/wp\/v2\/product"}],"about":[{"href":"https:\/\/gloopbaby.com\/fr\/wp-json\/wp\/v2\/types\/product"}],"replies":[{"embeddable":true,"href":"https:\/\/gloopbaby.com\/fr\/wp-json\/wp\/v2\/comments?post=144995"}],"wp:featuredmedia":[{"embeddable":true,"href":"https:\/\/gloopbaby.com\/fr\/wp-json\/wp\/v2\/media\/145007"}],"wp:attachment":[{"href":"https:\/\/gloopbaby.com\/fr\/wp-json\/wp\/v2\/media?parent=144995"}],"wp:term":[{"taxonomy":"product_brand","embeddable":true,"href":"https:\/\/gloopbaby.com\/fr\/wp-json\/wp\/v2\/product_brand?post=144995"},{"taxonomy":"product_cat","embeddable":true,"href":"https:\/\/gloopbaby.com\/fr\/wp-json\/wp\/v2\/product_cat?post=144995"},{"taxonomy":"product_tag","embeddable":true,"href":"https:\/\/gloopbaby.com\/fr\/wp-json\/wp\/v2\/product_tag?post=144995"}],"curies":[{"name":"wp","href":"https:\/\/api.w.org\/{rel}","templated":true}]}}