{"id":144809,"date":"2026-04-13T14:12:37","date_gmt":"2026-04-13T14:12:37","guid":{"rendered":"https:\/\/gloopbaby.com\/?post_type=product&#038;p=144809"},"modified":"2026-04-13T14:19:16","modified_gmt":"2026-04-13T14:19:16","slug":"gigoteuse-dete-colorful-stars-0-6-mois-copia","status":"publish","type":"product","link":"https:\/\/gloopbaby.com\/fr\/produit\/collections-fr\/sleepy-fr\/gigoteuse-dete-colorful-stars-0-6-mois-copia\/","title":{"rendered":"Gigoteuse d&rsquo;\u00e9t\u00e9 Sleepy 0-6 mois"},"content":{"rendered":"<p><span class=\"Y2IQFc\" lang=\"fr\">La gigoteuse d&rsquo;\u00e9t\u00e9 gloop! offre \u00e0 votre b\u00e9b\u00e9 un sommeil s\u00fbr et confortable d\u00e8s ses premiers jours. Id\u00e9ale pour les berceaux et les lits \u00e0 barreaux, elle convient aux b\u00e9b\u00e9s de 0 \u00e0 6 mois. L\u00e9g\u00e8re, respirante et avec un indice TOG de 0.5, elle est parfaite pour garder votre b\u00e9b\u00e9 bien au chaud sans qu&rsquo;il ait trop chaud. <\/span><\/p>\n<p><span class=\"Y2IQFc\" lang=\"fr\">Confectionn\u00e9e en coton 100% biologique certifi\u00e9, sa mati\u00e8re est ultra-douce et respectueuse de la peau sensible des nouveau-n\u00e9s. La fermeture \u00e9clair lat\u00e9rale facilite l&rsquo;enfilage et le retrait, ce qui la rend id\u00e9ale pour une utilisation dans un berceau, un lit \u00e0 barreaux ou un lit d&rsquo;enfant de 0 \u00e0 6 mois. <\/span><\/p>\n<p><span class=\"Y2IQFc\" lang=\"fr\">Fabriqu\u00e9e avec soin au Portugal, cette gigoteuse l\u00e9g\u00e8re est un indispensable de la trousse de naissance pour l&rsquo;\u00e9t\u00e9. <\/span><\/p>\n<p><span class=\"Y2IQFc\" lang=\"fr\">Dimensions: 70x40cm <\/span><\/p>\n<p><span class=\"Y2IQFc\" lang=\"fr\">Indice de chaleur (TOG): 0.5 &#8211; id\u00e9al pour les nuits chaudes <\/span><\/p>\n<p><span class=\"Y2IQFc\" lang=\"fr\"><strong>Caract\u00e9ristiques principales:<\/strong> <\/span><\/p>\n<p><span class=\"Y2IQFc\" lang=\"fr\">Id\u00e9al pour les b\u00e9b\u00e9s de 0 \u00e0 6 mois <\/span><\/p>\n<p><span class=\"Y2IQFc\" lang=\"fr\">Ext\u00e9rieur en coton biologique certifi\u00e9 <\/span><\/p>\n<p><span class=\"Y2IQFc\" lang=\"fr\">Fermeture \u00e9clair lat\u00e9rale pratique pour habiller et d\u00e9shabiller facilement <\/span><\/p>\n<p><span class=\"Y2IQFc\" lang=\"fr\">Fabriqu\u00e9 au Portugal <\/span><\/p>\n<p><span class=\"Y2IQFc\" lang=\"fr\">Offrez \u00e0 votre b\u00e9b\u00e9 des nuits paisibles et confortables cet \u00e9t\u00e9.<\/span><\/p>\n","protected":false},"excerpt":{"rendered":"<p>La gigoteuse d&rsquo;\u00e9t\u00e9 gloop! offre \u00e0 votre b\u00e9b\u00e9 un sommeil s\u00fbr et confortable d\u00e8s ses premiers jours. Id\u00e9ale pour les berceaux et les lits \u00e0 barreaux, elle convient aux b\u00e9b\u00e9s de 0 \u00e0 6 mois. L\u00e9g\u00e8re, respirante et avec un indice TOG de 0.5, elle est parfaite pour garder votre b\u00e9b\u00e9 bien au chaud sans [&hellip;]<\/p>\n","protected":false},"featured_media":134794,"comment_status":"closed","ping_status":"closed","template":"","meta":{"_acf_changed":false},"product_brand":[],"product_cat":[1582,1479,1486,1480,1478,1783],"product_tag":[],"class_list":{"0":"post-144809","1":"product","2":"type-product","3":"status-publish","4":"has-post-thumbnail","6":"product_cat-collections-fr","7":"product_cat-gigoteuse-fr","8":"product_cat-gigoteuse-0-6m","9":"product_cat-gigoteuse-dete-fr","10":"product_cat-home-and-sleep-fr","11":"product_cat-sleepy-fr","13":"first","14":"instock","15":"taxable","16":"shipping-taxable","17":"purchasable","18":"product-type-simple"},"acf":[],"yoast_head":"<!-- This site is optimized with the Yoast SEO plugin v27.3 - https:\/\/yoast.com\/product\/yoast-seo-wordpress\/ -->\n<title>Gigoteuse d&#039;\u00e9t\u00e9 Sleepy 0-6 mois - Gloop Baby<\/title>\n<meta name=\"robots\" content=\"index, follow, max-snippet:-1, max-image-preview:large, max-video-preview:-1\" \/>\n<link rel=\"canonical\" href=\"https:\/\/gloopbaby.com\/fr\/produit\/collections-fr\/sleepy-fr\/gigoteuse-dete-colorful-stars-0-6-mois-copia\/\" \/>\n<meta property=\"og:locale\" content=\"fr_FR\" \/>\n<meta property=\"og:type\" content=\"article\" \/>\n<meta property=\"og:title\" content=\"Gigoteuse d&#039;\u00e9t\u00e9 Sleepy 0-6 mois - Gloop Baby\" \/>\n<meta property=\"og:description\" content=\"La gigoteuse d&rsquo;\u00e9t\u00e9 gloop! offre \u00e0 votre b\u00e9b\u00e9 un sommeil s\u00fbr et confortable d\u00e8s ses premiers jours. Id\u00e9ale pour les berceaux et les lits \u00e0 barreaux, elle convient aux b\u00e9b\u00e9s de 0 \u00e0 6 mois. L\u00e9g\u00e8re, respirante et avec un indice TOG de 0.5, elle est parfaite pour garder votre b\u00e9b\u00e9 bien au chaud sans [&hellip;]\" \/>\n<meta property=\"og:url\" content=\"https:\/\/gloopbaby.com\/fr\/produit\/collections-fr\/sleepy-fr\/gigoteuse-dete-colorful-stars-0-6-mois-copia\/\" \/>\n<meta property=\"og:site_name\" content=\"Gloop Baby\" \/>\n<meta property=\"article:modified_time\" content=\"2026-04-13T14:19:16+00:00\" \/>\n<meta property=\"og:image\" content=\"https:\/\/gloopbaby.com\/wp-content\/uploads\/2025\/06\/saco-dormir-56-12.jpg\" \/>\n\t<meta property=\"og:image:width\" content=\"600\" \/>\n\t<meta property=\"og:image:height\" content=\"900\" \/>\n\t<meta property=\"og:image:type\" content=\"image\/jpeg\" \/>\n<meta name=\"twitter:card\" content=\"summary_large_image\" \/>\n<meta name=\"twitter:label1\" content=\"Dur\u00e9e de lecture estim\u00e9e\" \/>\n\t<meta name=\"twitter:data1\" content=\"2 minutes\" \/>\n<script type=\"application\/ld+json\" class=\"yoast-schema-graph\">{\"@context\":\"https:\\\/\\\/schema.org\",\"@graph\":[{\"@type\":\"WebPage\",\"@id\":\"https:\\\/\\\/gloopbaby.com\\\/fr\\\/produit\\\/collections-fr\\\/sleepy-fr\\\/gigoteuse-dete-colorful-stars-0-6-mois-copia\\\/\",\"url\":\"https:\\\/\\\/gloopbaby.com\\\/fr\\\/produit\\\/collections-fr\\\/sleepy-fr\\\/gigoteuse-dete-colorful-stars-0-6-mois-copia\\\/\",\"name\":\"Gigoteuse d'\u00e9t\u00e9 Sleepy 0-6 mois - Gloop Baby\",\"isPartOf\":{\"@id\":\"https:\\\/\\\/gloopbaby.com\\\/fr\\\/#website\"},\"primaryImageOfPage\":{\"@id\":\"https:\\\/\\\/gloopbaby.com\\\/fr\\\/produit\\\/collections-fr\\\/sleepy-fr\\\/gigoteuse-dete-colorful-stars-0-6-mois-copia\\\/#primaryimage\"},\"image\":{\"@id\":\"https:\\\/\\\/gloopbaby.com\\\/fr\\\/produit\\\/collections-fr\\\/sleepy-fr\\\/gigoteuse-dete-colorful-stars-0-6-mois-copia\\\/#primaryimage\"},\"thumbnailUrl\":\"https:\\\/\\\/gloopbaby.com\\\/wp-content\\\/uploads\\\/2025\\\/06\\\/saco-dormir-56-12.jpg\",\"datePublished\":\"2026-04-13T14:12:37+00:00\",\"dateModified\":\"2026-04-13T14:19:16+00:00\",\"breadcrumb\":{\"@id\":\"https:\\\/\\\/gloopbaby.com\\\/fr\\\/produit\\\/collections-fr\\\/sleepy-fr\\\/gigoteuse-dete-colorful-stars-0-6-mois-copia\\\/#breadcrumb\"},\"inLanguage\":\"fr-FR\",\"potentialAction\":[{\"@type\":\"ReadAction\",\"target\":[\"https:\\\/\\\/gloopbaby.com\\\/fr\\\/produit\\\/collections-fr\\\/sleepy-fr\\\/gigoteuse-dete-colorful-stars-0-6-mois-copia\\\/\"]}]},{\"@type\":\"ImageObject\",\"inLanguage\":\"fr-FR\",\"@id\":\"https:\\\/\\\/gloopbaby.com\\\/fr\\\/produit\\\/collections-fr\\\/sleepy-fr\\\/gigoteuse-dete-colorful-stars-0-6-mois-copia\\\/#primaryimage\",\"url\":\"https:\\\/\\\/gloopbaby.com\\\/wp-content\\\/uploads\\\/2025\\\/06\\\/saco-dormir-56-12.jpg\",\"contentUrl\":\"https:\\\/\\\/gloopbaby.com\\\/wp-content\\\/uploads\\\/2025\\\/06\\\/saco-dormir-56-12.jpg\",\"width\":600,\"height\":900,\"caption\":\"Saco de dormir ver\u00e3o para beb\u00e9 em algod\u00e3o biol\u00f3gico\"},{\"@type\":\"BreadcrumbList\",\"@id\":\"https:\\\/\\\/gloopbaby.com\\\/fr\\\/produit\\\/collections-fr\\\/sleepy-fr\\\/gigoteuse-dete-colorful-stars-0-6-mois-copia\\\/#breadcrumb\",\"itemListElement\":[{\"@type\":\"ListItem\",\"position\":1,\"name\":\"In\u00edcio\",\"item\":\"https:\\\/\\\/gloopbaby.com\\\/fr\\\/\"},{\"@type\":\"ListItem\",\"position\":2,\"name\":\"Shop\",\"item\":\"https:\\\/\\\/gloopbaby.com\\\/loja\\\/\"},{\"@type\":\"ListItem\",\"position\":3,\"name\":\"Gigoteuse d&#8217;\u00e9t\u00e9 Sleepy 0-6 mois\"}]},{\"@type\":\"WebSite\",\"@id\":\"https:\\\/\\\/gloopbaby.com\\\/fr\\\/#website\",\"url\":\"https:\\\/\\\/gloopbaby.com\\\/fr\\\/\",\"name\":\"Gloop Baby\",\"description\":\"\",\"publisher\":{\"@id\":\"https:\\\/\\\/gloopbaby.com\\\/fr\\\/#organization\"},\"potentialAction\":[{\"@type\":\"SearchAction\",\"target\":{\"@type\":\"EntryPoint\",\"urlTemplate\":\"https:\\\/\\\/gloopbaby.com\\\/fr\\\/?s={search_term_string}\"},\"query-input\":{\"@type\":\"PropertyValueSpecification\",\"valueRequired\":true,\"valueName\":\"search_term_string\"}}],\"inLanguage\":\"fr-FR\"},{\"@type\":\"Organization\",\"@id\":\"https:\\\/\\\/gloopbaby.com\\\/fr\\\/#organization\",\"name\":\"Gloop Baby\",\"url\":\"https:\\\/\\\/gloopbaby.com\\\/fr\\\/\",\"logo\":{\"@type\":\"ImageObject\",\"inLanguage\":\"fr-FR\",\"@id\":\"https:\\\/\\\/gloopbaby.com\\\/fr\\\/#\\\/schema\\\/logo\\\/image\\\/\",\"url\":\"https:\\\/\\\/gloopbaby.com\\\/wp-content\\\/uploads\\\/2023\\\/06\\\/gloop-logo.svg\",\"contentUrl\":\"https:\\\/\\\/gloopbaby.com\\\/wp-content\\\/uploads\\\/2023\\\/06\\\/gloop-logo.svg\",\"width\":100,\"height\":100,\"caption\":\"Gloop Baby\"},\"image\":{\"@id\":\"https:\\\/\\\/gloopbaby.com\\\/fr\\\/#\\\/schema\\\/logo\\\/image\\\/\"}}]}<\/script>\n<!-- \/ Yoast SEO plugin. -->","yoast_head_json":{"title":"Gigoteuse d'\u00e9t\u00e9 Sleepy 0-6 mois - Gloop Baby","robots":{"index":"index","follow":"follow","max-snippet":"max-snippet:-1","max-image-preview":"max-image-preview:large","max-video-preview":"max-video-preview:-1"},"canonical":"https:\/\/gloopbaby.com\/fr\/produit\/collections-fr\/sleepy-fr\/gigoteuse-dete-colorful-stars-0-6-mois-copia\/","og_locale":"fr_FR","og_type":"article","og_title":"Gigoteuse d'\u00e9t\u00e9 Sleepy 0-6 mois - Gloop Baby","og_description":"La gigoteuse d&rsquo;\u00e9t\u00e9 gloop! offre \u00e0 votre b\u00e9b\u00e9 un sommeil s\u00fbr et confortable d\u00e8s ses premiers jours. Id\u00e9ale pour les berceaux et les lits \u00e0 barreaux, elle convient aux b\u00e9b\u00e9s de 0 \u00e0 6 mois. L\u00e9g\u00e8re, respirante et avec un indice TOG de 0.5, elle est parfaite pour garder votre b\u00e9b\u00e9 bien au chaud sans [&hellip;]","og_url":"https:\/\/gloopbaby.com\/fr\/produit\/collections-fr\/sleepy-fr\/gigoteuse-dete-colorful-stars-0-6-mois-copia\/","og_site_name":"Gloop Baby","article_modified_time":"2026-04-13T14:19:16+00:00","og_image":[{"width":600,"height":900,"url":"https:\/\/gloopbaby.com\/wp-content\/uploads\/2025\/06\/saco-dormir-56-12.jpg","type":"image\/jpeg"}],"twitter_card":"summary_large_image","twitter_misc":{"Dur\u00e9e de lecture estim\u00e9e":"2 minutes"},"schema":{"@context":"https:\/\/schema.org","@graph":[{"@type":"WebPage","@id":"https:\/\/gloopbaby.com\/fr\/produit\/collections-fr\/sleepy-fr\/gigoteuse-dete-colorful-stars-0-6-mois-copia\/","url":"https:\/\/gloopbaby.com\/fr\/produit\/collections-fr\/sleepy-fr\/gigoteuse-dete-colorful-stars-0-6-mois-copia\/","name":"Gigoteuse d'\u00e9t\u00e9 Sleepy 0-6 mois - Gloop Baby","isPartOf":{"@id":"https:\/\/gloopbaby.com\/fr\/#website"},"primaryImageOfPage":{"@id":"https:\/\/gloopbaby.com\/fr\/produit\/collections-fr\/sleepy-fr\/gigoteuse-dete-colorful-stars-0-6-mois-copia\/#primaryimage"},"image":{"@id":"https:\/\/gloopbaby.com\/fr\/produit\/collections-fr\/sleepy-fr\/gigoteuse-dete-colorful-stars-0-6-mois-copia\/#primaryimage"},"thumbnailUrl":"https:\/\/gloopbaby.com\/wp-content\/uploads\/2025\/06\/saco-dormir-56-12.jpg","datePublished":"2026-04-13T14:12:37+00:00","dateModified":"2026-04-13T14:19:16+00:00","breadcrumb":{"@id":"https:\/\/gloopbaby.com\/fr\/produit\/collections-fr\/sleepy-fr\/gigoteuse-dete-colorful-stars-0-6-mois-copia\/#breadcrumb"},"inLanguage":"fr-FR","potentialAction":[{"@type":"ReadAction","target":["https:\/\/gloopbaby.com\/fr\/produit\/collections-fr\/sleepy-fr\/gigoteuse-dete-colorful-stars-0-6-mois-copia\/"]}]},{"@type":"ImageObject","inLanguage":"fr-FR","@id":"https:\/\/gloopbaby.com\/fr\/produit\/collections-fr\/sleepy-fr\/gigoteuse-dete-colorful-stars-0-6-mois-copia\/#primaryimage","url":"https:\/\/gloopbaby.com\/wp-content\/uploads\/2025\/06\/saco-dormir-56-12.jpg","contentUrl":"https:\/\/gloopbaby.com\/wp-content\/uploads\/2025\/06\/saco-dormir-56-12.jpg","width":600,"height":900,"caption":"Saco de dormir ver\u00e3o para beb\u00e9 em algod\u00e3o biol\u00f3gico"},{"@type":"BreadcrumbList","@id":"https:\/\/gloopbaby.com\/fr\/produit\/collections-fr\/sleepy-fr\/gigoteuse-dete-colorful-stars-0-6-mois-copia\/#breadcrumb","itemListElement":[{"@type":"ListItem","position":1,"name":"In\u00edcio","item":"https:\/\/gloopbaby.com\/fr\/"},{"@type":"ListItem","position":2,"name":"Shop","item":"https:\/\/gloopbaby.com\/loja\/"},{"@type":"ListItem","position":3,"name":"Gigoteuse d&#8217;\u00e9t\u00e9 Sleepy 0-6 mois"}]},{"@type":"WebSite","@id":"https:\/\/gloopbaby.com\/fr\/#website","url":"https:\/\/gloopbaby.com\/fr\/","name":"Gloop Baby","description":"","publisher":{"@id":"https:\/\/gloopbaby.com\/fr\/#organization"},"potentialAction":[{"@type":"SearchAction","target":{"@type":"EntryPoint","urlTemplate":"https:\/\/gloopbaby.com\/fr\/?s={search_term_string}"},"query-input":{"@type":"PropertyValueSpecification","valueRequired":true,"valueName":"search_term_string"}}],"inLanguage":"fr-FR"},{"@type":"Organization","@id":"https:\/\/gloopbaby.com\/fr\/#organization","name":"Gloop Baby","url":"https:\/\/gloopbaby.com\/fr\/","logo":{"@type":"ImageObject","inLanguage":"fr-FR","@id":"https:\/\/gloopbaby.com\/fr\/#\/schema\/logo\/image\/","url":"https:\/\/gloopbaby.com\/wp-content\/uploads\/2023\/06\/gloop-logo.svg","contentUrl":"https:\/\/gloopbaby.com\/wp-content\/uploads\/2023\/06\/gloop-logo.svg","width":100,"height":100,"caption":"Gloop Baby"},"image":{"@id":"https:\/\/gloopbaby.com\/fr\/#\/schema\/logo\/image\/"}}]}},"_links":{"self":[{"href":"https:\/\/gloopbaby.com\/fr\/wp-json\/wp\/v2\/product\/144809","targetHints":{"allow":["GET"]}}],"collection":[{"href":"https:\/\/gloopbaby.com\/fr\/wp-json\/wp\/v2\/product"}],"about":[{"href":"https:\/\/gloopbaby.com\/fr\/wp-json\/wp\/v2\/types\/product"}],"replies":[{"embeddable":true,"href":"https:\/\/gloopbaby.com\/fr\/wp-json\/wp\/v2\/comments?post=144809"}],"wp:featuredmedia":[{"embeddable":true,"href":"https:\/\/gloopbaby.com\/fr\/wp-json\/wp\/v2\/media\/134794"}],"wp:attachment":[{"href":"https:\/\/gloopbaby.com\/fr\/wp-json\/wp\/v2\/media?parent=144809"}],"wp:term":[{"taxonomy":"product_brand","embeddable":true,"href":"https:\/\/gloopbaby.com\/fr\/wp-json\/wp\/v2\/product_brand?post=144809"},{"taxonomy":"product_cat","embeddable":true,"href":"https:\/\/gloopbaby.com\/fr\/wp-json\/wp\/v2\/product_cat?post=144809"},{"taxonomy":"product_tag","embeddable":true,"href":"https:\/\/gloopbaby.com\/fr\/wp-json\/wp\/v2\/product_tag?post=144809"}],"curies":[{"name":"wp","href":"https:\/\/api.w.org\/{rel}","templated":true}]}}