{"id":144041,"date":"2026-03-09T12:04:14","date_gmt":"2026-03-09T12:04:14","guid":{"rendered":"https:\/\/gloopbaby.com\/?post_type=product&#038;p=144041"},"modified":"2026-04-20T10:16:11","modified_gmt":"2026-04-20T10:16:11","slug":"bolsa-organizadora-algodao-organico-organic-green","status":"publish","type":"product","link":"https:\/\/gloopbaby.com\/fr\/produit\/on-the-go-fr\/promenade\/sac-organisateur-de-poussette\/bolsa-organizadora-algodao-organico-organic-green\/","title":{"rendered":"Sac Organisateur de Poussette Organic Green"},"content":{"rendered":"<pre id=\"tw-target-text\" class=\"tw-data-text tw-text-large tw-ta\" dir=\"ltr\" tabindex=\"-1\" role=\"text\" data-placeholder=\"Tradu\u00e7\u00e3o\" data-ved=\"2ahUKEwjJ0v20iJWTAxWAgf0HHdwPICoQ3ewLegQIDBAW\" aria-label=\"Texto traduzido: Le sac organisateur pour poussette Gloop! est la solution id\u00e9ale pour ranger toutes les affaires de b\u00e9b\u00e9 lors de vos sorties. Gr\u00e2ce \u00e0 sa fermeture Velcro ajustable, il s'adapte facilement \u00e0 la poussette et offre suffisamment d'espace pour les couches, les lingettes et autres accessoires. Fabriqu\u00e9 en coton 100 % biologique certifi\u00e9, ce sac organisateur allie durabilit\u00e9, qualit\u00e9 et confort. Sa doublure imperm\u00e9able prot\u00e8ge l'int\u00e9rieur et facilite le nettoyage. Caract\u00e9ristiques principales : Doublure imperm\u00e9able pour une protection optimale. Deux fermetures Velcro ajustables pour fixer le sac \u00e0 la poussette. Dimensions : 45 x 25 cm. Coton biologique certifi\u00e9. Fabriqu\u00e9 au Portugal. Un accessoire indispensable et polyvalent pour la trousse de naissance de votre b\u00e9b\u00e9, alliant design exclusif, qualit\u00e9 et durabilit\u00e9. Produit \u00e9cologique, sans produits chimiques nocifs. Id\u00e9al pour les parents soucieux du bien-\u00eatre de leur b\u00e9b\u00e9 et de la plan\u00e8te. Sac organisateur pour poussette Gloop! en coton biologique avec doublure imperm\u00e9able. Pratique, spacieux et id\u00e9al pour transporter les affaires de b\u00e9b\u00e9 et les v\u00f4tres.\"><span class=\"Y2IQFc\" lang=\"fr\">Le <strong>sac organisateur pour poussette<\/strong> gloop! est la solution id\u00e9ale pour ranger toutes les affaires de b\u00e9b\u00e9 lors de vos sorties. Gr\u00e2ce \u00e0 sa fermeture Velcro ajustable, il s'adapte facilement \u00e0 la poussette et offre suffisamment d'espace pour les couches, les lingettes et autres accessoires.\r\n\r\nFabriqu\u00e9 en coton 100 % biologique certifi\u00e9, ce sac organisateur allie durabilit\u00e9, qualit\u00e9 et confort. Sa doublure imperm\u00e9able prot\u00e8ge l'int\u00e9rieur et facilite le nettoyage.\r\n\r\n<strong>Caract\u00e9ristiques principales:\r\n<\/strong><\/span><\/pre>\n<ul>\n<li>\n<pre id=\"tw-target-text\" class=\"tw-data-text tw-text-large tw-ta\" dir=\"ltr\" tabindex=\"-1\" role=\"text\" data-placeholder=\"Tradu\u00e7\u00e3o\" data-ved=\"2ahUKEwjJ0v20iJWTAxWAgf0HHdwPICoQ3ewLegQIDBAW\" aria-label=\"Texto traduzido: Le sac organisateur pour poussette Gloop! est la solution id\u00e9ale pour ranger toutes les affaires de b\u00e9b\u00e9 lors de vos sorties. Gr\u00e2ce \u00e0 sa fermeture Velcro ajustable, il s'adapte facilement \u00e0 la poussette et offre suffisamment d'espace pour les couches, les lingettes et autres accessoires. Fabriqu\u00e9 en coton 100 % biologique certifi\u00e9, ce sac organisateur allie durabilit\u00e9, qualit\u00e9 et confort. Sa doublure imperm\u00e9able prot\u00e8ge l'int\u00e9rieur et facilite le nettoyage. Caract\u00e9ristiques principales : Doublure imperm\u00e9able pour une protection optimale. Deux fermetures Velcro ajustables pour fixer le sac \u00e0 la poussette. Dimensions : 45 x 25 cm. Coton biologique certifi\u00e9. Fabriqu\u00e9 au Portugal. Un accessoire indispensable et polyvalent pour la trousse de naissance de votre b\u00e9b\u00e9, alliant design exclusif, qualit\u00e9 et durabilit\u00e9. Produit \u00e9cologique, sans produits chimiques nocifs. Id\u00e9al pour les parents soucieux du bien-\u00eatre de leur b\u00e9b\u00e9 et de la plan\u00e8te. Sac organisateur pour poussette Gloop! en coton biologique avec doublure imperm\u00e9able. Pratique, spacieux et id\u00e9al pour transporter les affaires de b\u00e9b\u00e9 et les v\u00f4tres.\"><span class=\"Y2IQFc\" lang=\"fr\">Doublure imperm\u00e9able pour une protection optimale<\/span><\/pre>\n<\/li>\n<li>\n<pre id=\"tw-target-text\" class=\"tw-data-text tw-text-large tw-ta\" dir=\"ltr\" tabindex=\"-1\" role=\"text\" data-placeholder=\"Tradu\u00e7\u00e3o\" data-ved=\"2ahUKEwjJ0v20iJWTAxWAgf0HHdwPICoQ3ewLegQIDBAW\" aria-label=\"Texto traduzido: Le sac organisateur pour poussette Gloop! est la solution id\u00e9ale pour ranger toutes les affaires de b\u00e9b\u00e9 lors de vos sorties. Gr\u00e2ce \u00e0 sa fermeture Velcro ajustable, il s'adapte facilement \u00e0 la poussette et offre suffisamment d'espace pour les couches, les lingettes et autres accessoires. Fabriqu\u00e9 en coton 100 % biologique certifi\u00e9, ce sac organisateur allie durabilit\u00e9, qualit\u00e9 et confort. Sa doublure imperm\u00e9able prot\u00e8ge l'int\u00e9rieur et facilite le nettoyage. Caract\u00e9ristiques principales : Doublure imperm\u00e9able pour une protection optimale. Deux fermetures Velcro ajustables pour fixer le sac \u00e0 la poussette. Dimensions : 45 x 25 cm. Coton biologique certifi\u00e9. Fabriqu\u00e9 au Portugal. Un accessoire indispensable et polyvalent pour la trousse de naissance de votre b\u00e9b\u00e9, alliant design exclusif, qualit\u00e9 et durabilit\u00e9. Produit \u00e9cologique, sans produits chimiques nocifs. Id\u00e9al pour les parents soucieux du bien-\u00eatre de leur b\u00e9b\u00e9 et de la plan\u00e8te. Sac organisateur pour poussette Gloop! en coton biologique avec doublure imperm\u00e9able. Pratique, spacieux et id\u00e9al pour transporter les affaires de b\u00e9b\u00e9 et les v\u00f4tres.\"><span class=\"Y2IQFc\" lang=\"fr\">Deux fermetures Velcro ajustables pour fixer le sac \u00e0 la poussette.<\/span><\/pre>\n<\/li>\n<li>\n<pre id=\"tw-target-text\" class=\"tw-data-text tw-text-large tw-ta\" dir=\"ltr\" tabindex=\"-1\" role=\"text\" data-placeholder=\"Tradu\u00e7\u00e3o\" data-ved=\"2ahUKEwjJ0v20iJWTAxWAgf0HHdwPICoQ3ewLegQIDBAW\" aria-label=\"Texto traduzido: Le sac organisateur pour poussette Gloop! est la solution id\u00e9ale pour ranger toutes les affaires de b\u00e9b\u00e9 lors de vos sorties. Gr\u00e2ce \u00e0 sa fermeture Velcro ajustable, il s'adapte facilement \u00e0 la poussette et offre suffisamment d'espace pour les couches, les lingettes et autres accessoires. Fabriqu\u00e9 en coton 100 % biologique certifi\u00e9, ce sac organisateur allie durabilit\u00e9, qualit\u00e9 et confort. Sa doublure imperm\u00e9able prot\u00e8ge l'int\u00e9rieur et facilite le nettoyage. Caract\u00e9ristiques principales : Doublure imperm\u00e9able pour une protection optimale. Deux fermetures Velcro ajustables pour fixer le sac \u00e0 la poussette. Dimensions : 45 x 25 cm. Coton biologique certifi\u00e9. Fabriqu\u00e9 au Portugal. Un accessoire indispensable et polyvalent pour la trousse de naissance de votre b\u00e9b\u00e9, alliant design exclusif, qualit\u00e9 et durabilit\u00e9. Produit \u00e9cologique, sans produits chimiques nocifs. Id\u00e9al pour les parents soucieux du bien-\u00eatre de leur b\u00e9b\u00e9 et de la plan\u00e8te. Sac organisateur pour poussette Gloop! en coton biologique avec doublure imperm\u00e9able. Pratique, spacieux et id\u00e9al pour transporter les affaires de b\u00e9b\u00e9 et les v\u00f4tres.\"><span class=\"Y2IQFc\" lang=\"fr\">Dimensions<\/span>: 45x25cm.<\/pre>\n<\/li>\n<li>\n<pre id=\"tw-target-text\" class=\"tw-data-text tw-text-large tw-ta\" dir=\"ltr\" tabindex=\"-1\" role=\"text\" data-placeholder=\"Tradu\u00e7\u00e3o\" data-ved=\"2ahUKEwjJ0v20iJWTAxWAgf0HHdwPICoQ3ewLegQIDBAW\" aria-label=\"Texto traduzido: Le sac organisateur pour poussette Gloop! est la solution id\u00e9ale pour ranger toutes les affaires de b\u00e9b\u00e9 lors de vos sorties. Gr\u00e2ce \u00e0 sa fermeture Velcro ajustable, il s'adapte facilement \u00e0 la poussette et offre suffisamment d'espace pour les couches, les lingettes et autres accessoires. Fabriqu\u00e9 en coton 100 % biologique certifi\u00e9, ce sac organisateur allie durabilit\u00e9, qualit\u00e9 et confort. Sa doublure imperm\u00e9able prot\u00e8ge l'int\u00e9rieur et facilite le nettoyage. Caract\u00e9ristiques principales : Doublure imperm\u00e9able pour une protection optimale. Deux fermetures Velcro ajustables pour fixer le sac \u00e0 la poussette. Dimensions : 45 x 25 cm. Coton biologique certifi\u00e9. Fabriqu\u00e9 au Portugal. Un accessoire indispensable et polyvalent pour la trousse de naissance de votre b\u00e9b\u00e9, alliant design exclusif, qualit\u00e9 et durabilit\u00e9. Produit \u00e9cologique, sans produits chimiques nocifs. Id\u00e9al pour les parents soucieux du bien-\u00eatre de leur b\u00e9b\u00e9 et de la plan\u00e8te. Sac organisateur pour poussette Gloop! en coton biologique avec doublure imperm\u00e9able. Pratique, spacieux et id\u00e9al pour transporter les affaires de b\u00e9b\u00e9 et les v\u00f4tres.\"><span class=\"Y2IQFc\" lang=\"fr\">Ext\u00e9rieur: 100% Coton biologique certifi\u00e9\r\n<\/span><\/pre>\n<\/li>\n<li><span class=\"Y2IQFc\" lang=\"fr\">Fabriqu\u00e9 au Portugal<\/span><\/li>\n<li><span class=\"Y2IQFc\" lang=\"fr\">Int\u00e9rieur: 100% polyester<\/span><\/li>\n<\/ul>\n<pre id=\"tw-target-text\" class=\"tw-data-text tw-text-large tw-ta\" dir=\"ltr\" tabindex=\"-1\" role=\"text\" data-placeholder=\"Tradu\u00e7\u00e3o\" data-ved=\"2ahUKEwjJ0v20iJWTAxWAgf0HHdwPICoQ3ewLegQIDBAW\" aria-label=\"Texto traduzido: Le sac organisateur pour poussette Gloop! est la solution id\u00e9ale pour ranger toutes les affaires de b\u00e9b\u00e9 lors de vos sorties. Gr\u00e2ce \u00e0 sa fermeture Velcro ajustable, il s'adapte facilement \u00e0 la poussette et offre suffisamment d'espace pour les couches, les lingettes et autres accessoires. Fabriqu\u00e9 en coton 100 % biologique certifi\u00e9, ce sac organisateur allie durabilit\u00e9, qualit\u00e9 et confort. Sa doublure imperm\u00e9able prot\u00e8ge l'int\u00e9rieur et facilite le nettoyage. Caract\u00e9ristiques principales : Doublure imperm\u00e9able pour une protection optimale. Deux fermetures Velcro ajustables pour fixer le sac \u00e0 la poussette. Dimensions : 45 x 25 cm. Coton biologique certifi\u00e9. Fabriqu\u00e9 au Portugal. Un accessoire indispensable et polyvalent pour la trousse de naissance de votre b\u00e9b\u00e9, alliant design exclusif, qualit\u00e9 et durabilit\u00e9. Produit \u00e9cologique, sans produits chimiques nocifs. Id\u00e9al pour les parents soucieux du bien-\u00eatre de leur b\u00e9b\u00e9 et de la plan\u00e8te. Sac organisateur pour poussette Gloop! en coton biologique avec doublure imperm\u00e9able. Pratique, spacieux et id\u00e9al pour transporter les affaires de b\u00e9b\u00e9 et les v\u00f4tres.\"><span class=\"Y2IQFc\" lang=\"fr\">Un accessoire indispensable et polyvalent pour la trousse de naissance de votre b\u00e9b\u00e9, alliant design exclusif, qualit\u00e9 et durabilit\u00e9.\r\n\r\nProduit \u00e9cologique, sans produits chimiques nocifs. Id\u00e9al pour les parents soucieux du bien-\u00eatre de leur b\u00e9b\u00e9 et de la plan\u00e8te.<\/span><\/pre>\n","protected":false},"excerpt":{"rendered":"<p>Le sac organisateur pour poussette gloop! est la solution id\u00e9ale pour ranger toutes les affaires de b\u00e9b\u00e9 lors de vos sorties. Gr\u00e2ce \u00e0 sa fermeture Velcro ajustable, il s&rsquo;adapte facilement \u00e0 la poussette et offre suffisamment d&rsquo;espace pour les couches, les lingettes et autres accessoires. Fabriqu\u00e9 en coton 100 % biologique certifi\u00e9, ce sac organisateur [&hellip;]<\/p>\n","protected":false},"featured_media":144282,"comment_status":"closed","ping_status":"closed","template":"","meta":{"_acf_changed":false},"product_brand":[],"product_cat":[1582,1572,1906,1424,1993],"product_tag":[],"class_list":{"0":"post-144041","1":"product","2":"type-product","3":"status-publish","4":"has-post-thumbnail","6":"product_cat-collections-fr","7":"product_cat-organic-green-fr","8":"product_cat-promenade","9":"product_cat-on-the-go-fr","10":"product_cat-sac-organisateur-de-poussette","12":"first","13":"instock","14":"taxable","15":"shipping-taxable","16":"purchasable","17":"product-type-simple"},"acf":[],"yoast_head":"<!-- This site is optimized with the Yoast SEO plugin v27.4 - https:\/\/yoast.com\/product\/yoast-seo-wordpress\/ -->\n<title>Sac Organisateur de Poussette Organic Green - Gloop Baby<\/title>\n<meta name=\"description\" content=\"Sac organisateur pour poussette Gloop! en coton bio avec doublure imperm\u00e9able. Pratique et id\u00e9al pour transporter les affaires de b\u00e9b\u00e9 et les v\u00f4tres.\" \/>\n<meta name=\"robots\" content=\"index, follow, max-snippet:-1, max-image-preview:large, max-video-preview:-1\" \/>\n<link rel=\"canonical\" href=\"https:\/\/gloopbaby.com\/fr\/produit\/on-the-go-fr\/promenade\/sac-organisateur-de-poussette\/bolsa-organizadora-algodao-organico-organic-green\/\" \/>\n<meta property=\"og:locale\" content=\"fr_FR\" \/>\n<meta property=\"og:type\" content=\"article\" \/>\n<meta property=\"og:title\" content=\"Sac Organisateur de Poussette Organic Green - Gloop Baby\" \/>\n<meta property=\"og:description\" content=\"Sac organisateur pour poussette Gloop! en coton bio avec doublure imperm\u00e9able. Pratique et id\u00e9al pour transporter les affaires de b\u00e9b\u00e9 et les v\u00f4tres.\" \/>\n<meta property=\"og:url\" content=\"https:\/\/gloopbaby.com\/fr\/produit\/on-the-go-fr\/promenade\/sac-organisateur-de-poussette\/bolsa-organizadora-algodao-organico-organic-green\/\" \/>\n<meta property=\"og:site_name\" content=\"Gloop Baby\" \/>\n<meta property=\"article:modified_time\" content=\"2026-04-20T10:16:11+00:00\" \/>\n<meta property=\"og:image\" content=\"https:\/\/gloopbaby.com\/wp-content\/uploads\/2026\/03\/organic-green-5.jpg\" \/>\n\t<meta property=\"og:image:width\" content=\"600\" \/>\n\t<meta property=\"og:image:height\" content=\"900\" \/>\n\t<meta property=\"og:image:type\" content=\"image\/jpeg\" \/>\n<meta name=\"twitter:card\" content=\"summary_large_image\" \/>\n<meta name=\"twitter:label1\" content=\"Dur\u00e9e de lecture estim\u00e9e\" \/>\n\t<meta name=\"twitter:data1\" content=\"1 minute\" \/>\n<script type=\"application\/ld+json\" class=\"yoast-schema-graph\">{\"@context\":\"https:\\\/\\\/schema.org\",\"@graph\":[{\"@type\":\"WebPage\",\"@id\":\"https:\\\/\\\/gloopbaby.com\\\/fr\\\/produit\\\/on-the-go-fr\\\/promenade\\\/sac-organisateur-de-poussette\\\/bolsa-organizadora-algodao-organico-organic-green\\\/\",\"url\":\"https:\\\/\\\/gloopbaby.com\\\/fr\\\/produit\\\/on-the-go-fr\\\/promenade\\\/sac-organisateur-de-poussette\\\/bolsa-organizadora-algodao-organico-organic-green\\\/\",\"name\":\"Sac Organisateur de Poussette Organic Green - Gloop Baby\",\"isPartOf\":{\"@id\":\"https:\\\/\\\/gloopbaby.com\\\/fr\\\/#website\"},\"primaryImageOfPage\":{\"@id\":\"https:\\\/\\\/gloopbaby.com\\\/fr\\\/produit\\\/on-the-go-fr\\\/promenade\\\/sac-organisateur-de-poussette\\\/bolsa-organizadora-algodao-organico-organic-green\\\/#primaryimage\"},\"image\":{\"@id\":\"https:\\\/\\\/gloopbaby.com\\\/fr\\\/produit\\\/on-the-go-fr\\\/promenade\\\/sac-organisateur-de-poussette\\\/bolsa-organizadora-algodao-organico-organic-green\\\/#primaryimage\"},\"thumbnailUrl\":\"https:\\\/\\\/gloopbaby.com\\\/wp-content\\\/uploads\\\/2026\\\/03\\\/organic-green-5.jpg\",\"datePublished\":\"2026-03-09T12:04:14+00:00\",\"dateModified\":\"2026-04-20T10:16:11+00:00\",\"description\":\"Sac organisateur pour poussette Gloop! en coton bio avec doublure imperm\u00e9able. Pratique et id\u00e9al pour transporter les affaires de b\u00e9b\u00e9 et les v\u00f4tres.\",\"breadcrumb\":{\"@id\":\"https:\\\/\\\/gloopbaby.com\\\/fr\\\/produit\\\/on-the-go-fr\\\/promenade\\\/sac-organisateur-de-poussette\\\/bolsa-organizadora-algodao-organico-organic-green\\\/#breadcrumb\"},\"inLanguage\":\"fr-FR\",\"potentialAction\":[{\"@type\":\"ReadAction\",\"target\":[\"https:\\\/\\\/gloopbaby.com\\\/fr\\\/produit\\\/on-the-go-fr\\\/promenade\\\/sac-organisateur-de-poussette\\\/bolsa-organizadora-algodao-organico-organic-green\\\/\"]}]},{\"@type\":\"ImageObject\",\"inLanguage\":\"fr-FR\",\"@id\":\"https:\\\/\\\/gloopbaby.com\\\/fr\\\/produit\\\/on-the-go-fr\\\/promenade\\\/sac-organisateur-de-poussette\\\/bolsa-organizadora-algodao-organico-organic-green\\\/#primaryimage\",\"url\":\"https:\\\/\\\/gloopbaby.com\\\/wp-content\\\/uploads\\\/2026\\\/03\\\/organic-green-5.jpg\",\"contentUrl\":\"https:\\\/\\\/gloopbaby.com\\\/wp-content\\\/uploads\\\/2026\\\/03\\\/organic-green-5.jpg\",\"width\":600,\"height\":900},{\"@type\":\"BreadcrumbList\",\"@id\":\"https:\\\/\\\/gloopbaby.com\\\/fr\\\/produit\\\/on-the-go-fr\\\/promenade\\\/sac-organisateur-de-poussette\\\/bolsa-organizadora-algodao-organico-organic-green\\\/#breadcrumb\",\"itemListElement\":[{\"@type\":\"ListItem\",\"position\":1,\"name\":\"In\u00edcio\",\"item\":\"https:\\\/\\\/gloopbaby.com\\\/fr\\\/\"},{\"@type\":\"ListItem\",\"position\":2,\"name\":\"Shop\",\"item\":\"https:\\\/\\\/gloopbaby.com\\\/loja\\\/\"},{\"@type\":\"ListItem\",\"position\":3,\"name\":\"Sac Organisateur de Poussette Organic Green\"}]},{\"@type\":\"WebSite\",\"@id\":\"https:\\\/\\\/gloopbaby.com\\\/fr\\\/#website\",\"url\":\"https:\\\/\\\/gloopbaby.com\\\/fr\\\/\",\"name\":\"Gloop Baby\",\"description\":\"\",\"publisher\":{\"@id\":\"https:\\\/\\\/gloopbaby.com\\\/fr\\\/#organization\"},\"potentialAction\":[{\"@type\":\"SearchAction\",\"target\":{\"@type\":\"EntryPoint\",\"urlTemplate\":\"https:\\\/\\\/gloopbaby.com\\\/fr\\\/?s={search_term_string}\"},\"query-input\":{\"@type\":\"PropertyValueSpecification\",\"valueRequired\":true,\"valueName\":\"search_term_string\"}}],\"inLanguage\":\"fr-FR\"},{\"@type\":\"Organization\",\"@id\":\"https:\\\/\\\/gloopbaby.com\\\/fr\\\/#organization\",\"name\":\"Gloop Baby\",\"url\":\"https:\\\/\\\/gloopbaby.com\\\/fr\\\/\",\"logo\":{\"@type\":\"ImageObject\",\"inLanguage\":\"fr-FR\",\"@id\":\"https:\\\/\\\/gloopbaby.com\\\/fr\\\/#\\\/schema\\\/logo\\\/image\\\/\",\"url\":\"https:\\\/\\\/gloopbaby.com\\\/wp-content\\\/uploads\\\/2023\\\/06\\\/gloop-logo.svg\",\"contentUrl\":\"https:\\\/\\\/gloopbaby.com\\\/wp-content\\\/uploads\\\/2023\\\/06\\\/gloop-logo.svg\",\"width\":100,\"height\":100,\"caption\":\"Gloop Baby\"},\"image\":{\"@id\":\"https:\\\/\\\/gloopbaby.com\\\/fr\\\/#\\\/schema\\\/logo\\\/image\\\/\"}}]}<\/script>\n<!-- \/ Yoast SEO plugin. -->","yoast_head_json":{"title":"Sac Organisateur de Poussette Organic Green - Gloop Baby","description":"Sac organisateur pour poussette Gloop! en coton bio avec doublure imperm\u00e9able. Pratique et id\u00e9al pour transporter les affaires de b\u00e9b\u00e9 et les v\u00f4tres.","robots":{"index":"index","follow":"follow","max-snippet":"max-snippet:-1","max-image-preview":"max-image-preview:large","max-video-preview":"max-video-preview:-1"},"canonical":"https:\/\/gloopbaby.com\/fr\/produit\/on-the-go-fr\/promenade\/sac-organisateur-de-poussette\/bolsa-organizadora-algodao-organico-organic-green\/","og_locale":"fr_FR","og_type":"article","og_title":"Sac Organisateur de Poussette Organic Green - Gloop Baby","og_description":"Sac organisateur pour poussette Gloop! en coton bio avec doublure imperm\u00e9able. Pratique et id\u00e9al pour transporter les affaires de b\u00e9b\u00e9 et les v\u00f4tres.","og_url":"https:\/\/gloopbaby.com\/fr\/produit\/on-the-go-fr\/promenade\/sac-organisateur-de-poussette\/bolsa-organizadora-algodao-organico-organic-green\/","og_site_name":"Gloop Baby","article_modified_time":"2026-04-20T10:16:11+00:00","og_image":[{"width":600,"height":900,"url":"https:\/\/gloopbaby.com\/wp-content\/uploads\/2026\/03\/organic-green-5.jpg","type":"image\/jpeg"}],"twitter_card":"summary_large_image","twitter_misc":{"Dur\u00e9e de lecture estim\u00e9e":"1 minute"},"schema":{"@context":"https:\/\/schema.org","@graph":[{"@type":"WebPage","@id":"https:\/\/gloopbaby.com\/fr\/produit\/on-the-go-fr\/promenade\/sac-organisateur-de-poussette\/bolsa-organizadora-algodao-organico-organic-green\/","url":"https:\/\/gloopbaby.com\/fr\/produit\/on-the-go-fr\/promenade\/sac-organisateur-de-poussette\/bolsa-organizadora-algodao-organico-organic-green\/","name":"Sac Organisateur de Poussette Organic Green - Gloop Baby","isPartOf":{"@id":"https:\/\/gloopbaby.com\/fr\/#website"},"primaryImageOfPage":{"@id":"https:\/\/gloopbaby.com\/fr\/produit\/on-the-go-fr\/promenade\/sac-organisateur-de-poussette\/bolsa-organizadora-algodao-organico-organic-green\/#primaryimage"},"image":{"@id":"https:\/\/gloopbaby.com\/fr\/produit\/on-the-go-fr\/promenade\/sac-organisateur-de-poussette\/bolsa-organizadora-algodao-organico-organic-green\/#primaryimage"},"thumbnailUrl":"https:\/\/gloopbaby.com\/wp-content\/uploads\/2026\/03\/organic-green-5.jpg","datePublished":"2026-03-09T12:04:14+00:00","dateModified":"2026-04-20T10:16:11+00:00","description":"Sac organisateur pour poussette Gloop! en coton bio avec doublure imperm\u00e9able. Pratique et id\u00e9al pour transporter les affaires de b\u00e9b\u00e9 et les v\u00f4tres.","breadcrumb":{"@id":"https:\/\/gloopbaby.com\/fr\/produit\/on-the-go-fr\/promenade\/sac-organisateur-de-poussette\/bolsa-organizadora-algodao-organico-organic-green\/#breadcrumb"},"inLanguage":"fr-FR","potentialAction":[{"@type":"ReadAction","target":["https:\/\/gloopbaby.com\/fr\/produit\/on-the-go-fr\/promenade\/sac-organisateur-de-poussette\/bolsa-organizadora-algodao-organico-organic-green\/"]}]},{"@type":"ImageObject","inLanguage":"fr-FR","@id":"https:\/\/gloopbaby.com\/fr\/produit\/on-the-go-fr\/promenade\/sac-organisateur-de-poussette\/bolsa-organizadora-algodao-organico-organic-green\/#primaryimage","url":"https:\/\/gloopbaby.com\/wp-content\/uploads\/2026\/03\/organic-green-5.jpg","contentUrl":"https:\/\/gloopbaby.com\/wp-content\/uploads\/2026\/03\/organic-green-5.jpg","width":600,"height":900},{"@type":"BreadcrumbList","@id":"https:\/\/gloopbaby.com\/fr\/produit\/on-the-go-fr\/promenade\/sac-organisateur-de-poussette\/bolsa-organizadora-algodao-organico-organic-green\/#breadcrumb","itemListElement":[{"@type":"ListItem","position":1,"name":"In\u00edcio","item":"https:\/\/gloopbaby.com\/fr\/"},{"@type":"ListItem","position":2,"name":"Shop","item":"https:\/\/gloopbaby.com\/loja\/"},{"@type":"ListItem","position":3,"name":"Sac Organisateur de Poussette Organic Green"}]},{"@type":"WebSite","@id":"https:\/\/gloopbaby.com\/fr\/#website","url":"https:\/\/gloopbaby.com\/fr\/","name":"Gloop Baby","description":"","publisher":{"@id":"https:\/\/gloopbaby.com\/fr\/#organization"},"potentialAction":[{"@type":"SearchAction","target":{"@type":"EntryPoint","urlTemplate":"https:\/\/gloopbaby.com\/fr\/?s={search_term_string}"},"query-input":{"@type":"PropertyValueSpecification","valueRequired":true,"valueName":"search_term_string"}}],"inLanguage":"fr-FR"},{"@type":"Organization","@id":"https:\/\/gloopbaby.com\/fr\/#organization","name":"Gloop Baby","url":"https:\/\/gloopbaby.com\/fr\/","logo":{"@type":"ImageObject","inLanguage":"fr-FR","@id":"https:\/\/gloopbaby.com\/fr\/#\/schema\/logo\/image\/","url":"https:\/\/gloopbaby.com\/wp-content\/uploads\/2023\/06\/gloop-logo.svg","contentUrl":"https:\/\/gloopbaby.com\/wp-content\/uploads\/2023\/06\/gloop-logo.svg","width":100,"height":100,"caption":"Gloop Baby"},"image":{"@id":"https:\/\/gloopbaby.com\/fr\/#\/schema\/logo\/image\/"}}]}},"_links":{"self":[{"href":"https:\/\/gloopbaby.com\/fr\/wp-json\/wp\/v2\/product\/144041","targetHints":{"allow":["GET"]}}],"collection":[{"href":"https:\/\/gloopbaby.com\/fr\/wp-json\/wp\/v2\/product"}],"about":[{"href":"https:\/\/gloopbaby.com\/fr\/wp-json\/wp\/v2\/types\/product"}],"replies":[{"embeddable":true,"href":"https:\/\/gloopbaby.com\/fr\/wp-json\/wp\/v2\/comments?post=144041"}],"wp:featuredmedia":[{"embeddable":true,"href":"https:\/\/gloopbaby.com\/fr\/wp-json\/wp\/v2\/media\/144282"}],"wp:attachment":[{"href":"https:\/\/gloopbaby.com\/fr\/wp-json\/wp\/v2\/media?parent=144041"}],"wp:term":[{"taxonomy":"product_brand","embeddable":true,"href":"https:\/\/gloopbaby.com\/fr\/wp-json\/wp\/v2\/product_brand?post=144041"},{"taxonomy":"product_cat","embeddable":true,"href":"https:\/\/gloopbaby.com\/fr\/wp-json\/wp\/v2\/product_cat?post=144041"},{"taxonomy":"product_tag","embeddable":true,"href":"https:\/\/gloopbaby.com\/fr\/wp-json\/wp\/v2\/product_tag?post=144041"}],"curies":[{"name":"wp","href":"https:\/\/api.w.org\/{rel}","templated":true}]}}