{"id":143658,"date":"2026-03-02T16:43:18","date_gmt":"2026-03-02T16:43:18","guid":{"rendered":"https:\/\/gloopbaby.com\/?post_type=product&#038;p=143658"},"modified":"2026-03-04T08:50:48","modified_gmt":"2026-03-04T08:50:48","slug":"coussin-de-grossesse-soft-sky-copia","status":"publish","type":"product","link":"https:\/\/gloopbaby.com\/fr\/produit\/collections-fr\/farm-fr\/coussin-de-grossesse-soft-sky-copia\/","title":{"rendered":"Coussin de Grossesse Farm"},"content":{"rendered":"<pre id=\"tw-target-text\" class=\"tw-data-text tw-text-large tw-ta\" dir=\"ltr\" tabindex=\"-1\" role=\"text\" data-placeholder=\"Tradu\u00e7\u00e3o\" data-ved=\"2ahUKEwj71Oua5YCTAxWMhv0HHT56MK0Q3ewLegQIDBAW\" aria-label=\"Texto traduzido: Coussin de grossesse Ce coussin de grossesse enveloppe le corps et offre stabilit\u00e9 et bien-\u00eatre : id\u00e9al pour dormir, se d\u00e9tendre sur le canap\u00e9 ou simplement profiter d'un moment de calme. Articles pour b\u00e9b\u00e9 en coton biologique Le coussin de grossesse gloop! offre un \u00e9quilibre parfait entre confort, soutien et fonctionnalit\u00e9. Con\u00e7u pour \u00e9pouser les courbes uniques de la femme enceinte, il s'adapte \u00e0 toutes les morphologies. Ajustable gr\u00e2ce \u00e0 sa fermeture Velcro, il assure un soutien ergonomique et enveloppant du d\u00e9but \u00e0 la fin de la grossesse. Ses dimensions g\u00e9n\u00e9reuses et son confort optimal garantissent stabilit\u00e9 et bien-\u00eatre \u00e0 chaque instant de repos, que ce soit pour dormir ou se d\u00e9tendre sur le canap\u00e9. Dimensions : 75 cm (longueur maximale) x 40 cm Gr\u00e2ce \u00e0 sa forme astucieuse en W, ce coussin soutient simultan\u00e9ment le ventre, le dos et les hanches, aidant ainsi \u00e0 maintenir la position lat\u00e9rale recommand\u00e9e par les professionnels de sant\u00e9. Id\u00e9al pour soulager les points de pression, r\u00e9duire les douleurs lombaires et pelviennes et favoriser un sommeil plus profond et r\u00e9parateur. Fabriqu\u00e9 en coton 100 % biologique, doux et respirant, ce coussin respecte la peau sensible de la future maman et assure une fra\u00eecheur optimale toute la nuit. Son int\u00e9rieur en fibres de polyester de haute qualit\u00e9 garantit un maintien et une durabilit\u00e9 \u00e9quilibr\u00e9s, s'adaptant d\u00e9licatement aux contours du corps. Avantages cl\u00e9s : Ajustable par Velcro Soutien ergonomique pour le ventre, le dos et les hanches Soulage les douleurs et les tensions musculaires Favorise la position lat\u00e9rale recommand\u00e9e Housse 100 % coton biologique, respirante et douce Int\u00e9rieur en polyester confortable et structur\u00e9 Id\u00e9al pour se reposer au quotidien pendant la grossesse Sentez-vous soutenue. Sentez-vous \u00e0 l'aise. Sentez-vous pr\u00eate. Avec gloop!, chaque d\u00e9tail est pens\u00e9 pour prendre soin de vous pendant votre attente de b\u00e9b\u00e9.\"><span class=\"Y2IQFc\" lang=\"fr\">Le coussin de grossesse gloop! offre un \u00e9quilibre parfait entre confort, soutien et fonctionnalit\u00e9. Con\u00e7u pour \u00e9pouser les courbes uniques de la femme enceinte, il s'adapte \u00e0 toutes les morphologies. Ajustable gr\u00e2ce \u00e0 sa fermeture Velcro, il assure un soutien ergonomique et enveloppant du d\u00e9but \u00e0 la fin de la grossesse. Ses dimensions g\u00e9n\u00e9reuses et son confort optimal garantissent stabilit\u00e9 et bien-\u00eatre \u00e0 chaque instant de repos, que ce soit pour dormir ou se d\u00e9tendre sur le canap\u00e9.\r\n\r\nDimensions : 75 cm (longueur maximale) x 40 cm\r\n\r\nGr\u00e2ce \u00e0 sa forme astucieuse en W, ce coussin soutient simultan\u00e9ment le ventre, le dos et les hanches, aidant ainsi \u00e0 maintenir la position lat\u00e9rale recommand\u00e9e par les professionnels de sant\u00e9. Id\u00e9al pour soulager les points de pression, r\u00e9duire les douleurs lombaires et pelviennes et favoriser un sommeil plus profond et r\u00e9parateur.\r\n\r\nFabriqu\u00e9 en coton 100% biologique, doux et respirant, ce coussin respecte la peau sensible de la future maman et assure une fra\u00eecheur optimale toute la nuit. Son int\u00e9rieur en fibres de polyester de haute qualit\u00e9 garantit un maintien et une durabilit\u00e9 \u00e9quilibr\u00e9s, s'adaptant d\u00e9licatement aux contours du corps.\r\n\r\n<strong>Avantages cl\u00e9s:<\/strong>\r\nAjustable par Velcro\r\nSoutien ergonomique pour le ventre, le dos et les hanches\r\nSoulage les douleurs et les tensions musculaires\r\nFavorise la position lat\u00e9rale recommand\u00e9e\r\nHousse 100 % coton biologique, respirante et douce\r\nInt\u00e9rieur en polyester confortable et structur\u00e9\r\nId\u00e9al pour se reposer au quotidien pendant la grossesse\r\n\r\nSentez-vous soutenue. Sentez-vous \u00e0 l'aise. Sentez-vous pr\u00eate.\r\n\r\nAvec gloop!, chaque d\u00e9tail est pens\u00e9 pour prendre soin de vous pendant votre attente de b\u00e9b\u00e9.<\/span><\/pre>\n","protected":false},"excerpt":{"rendered":"<p>Le coussin de grossesse gloop! offre un \u00e9quilibre parfait entre confort, soutien et fonctionnalit\u00e9. Con\u00e7u pour \u00e9pouser les courbes uniques de la femme enceinte, il s&rsquo;adapte \u00e0 toutes les morphologies. Ajustable gr\u00e2ce \u00e0 sa fermeture Velcro, il assure un soutien ergonomique et enveloppant du d\u00e9but \u00e0 la fin de la grossesse. Ses dimensions g\u00e9n\u00e9reuses et [&hellip;]<\/p>\n","protected":false},"featured_media":143804,"comment_status":"closed","ping_status":"closed","template":"","meta":{"_acf_changed":false},"product_brand":[],"product_cat":[1582,1989,1372,1478],"product_tag":[],"class_list":{"0":"post-143658","1":"product","2":"type-product","3":"status-publish","4":"has-post-thumbnail","6":"product_cat-collections-fr","7":"product_cat-coussin-de-grossesse","8":"product_cat-farm-fr","9":"product_cat-home-and-sleep-fr","11":"first","12":"instock","13":"taxable","14":"shipping-taxable","15":"purchasable","16":"product-type-simple"},"acf":[],"yoast_head":"<!-- This site is optimized with the Yoast SEO plugin v27.3 - https:\/\/yoast.com\/product\/yoast-seo-wordpress\/ -->\n<title>Coussin de Grossesse Farm | Articles pour b\u00e9b\u00e9 - Gloop Baby<\/title>\n<meta name=\"description\" content=\"Ce coussin de grossesse en coton bio enveloppe le corps et offre stabilit\u00e9 et bien-\u00eatre: id\u00e9al pour dormir, se d\u00e9tendre sur le canap\u00e9.\" \/>\n<meta name=\"robots\" content=\"index, follow, max-snippet:-1, max-image-preview:large, max-video-preview:-1\" \/>\n<link rel=\"canonical\" href=\"https:\/\/gloopbaby.com\/fr\/produit\/collections-fr\/farm-fr\/coussin-de-grossesse-soft-sky-copia\/\" \/>\n<meta property=\"og:locale\" content=\"fr_FR\" \/>\n<meta property=\"og:type\" content=\"article\" \/>\n<meta property=\"og:title\" content=\"Coussin de Grossesse Farm | Articles pour b\u00e9b\u00e9 - Gloop Baby\" \/>\n<meta property=\"og:description\" content=\"Ce coussin de grossesse en coton bio enveloppe le corps et offre stabilit\u00e9 et bien-\u00eatre: id\u00e9al pour dormir, se d\u00e9tendre sur le canap\u00e9.\" \/>\n<meta property=\"og:url\" content=\"https:\/\/gloopbaby.com\/fr\/produit\/collections-fr\/farm-fr\/coussin-de-grossesse-soft-sky-copia\/\" \/>\n<meta property=\"og:site_name\" content=\"Gloop Baby\" \/>\n<meta property=\"article:modified_time\" content=\"2026-03-04T08:50:48+00:00\" \/>\n<meta property=\"og:image\" content=\"https:\/\/gloopbaby.com\/wp-content\/uploads\/2026\/03\/IMG_5035-scaled.jpg\" \/>\n\t<meta property=\"og:image:width\" content=\"1707\" \/>\n\t<meta property=\"og:image:height\" content=\"2560\" \/>\n\t<meta property=\"og:image:type\" content=\"image\/jpeg\" \/>\n<meta name=\"twitter:card\" content=\"summary_large_image\" \/>\n<script type=\"application\/ld+json\" class=\"yoast-schema-graph\">{\"@context\":\"https:\\\/\\\/schema.org\",\"@graph\":[{\"@type\":\"WebPage\",\"@id\":\"https:\\\/\\\/gloopbaby.com\\\/fr\\\/produit\\\/collections-fr\\\/farm-fr\\\/coussin-de-grossesse-soft-sky-copia\\\/\",\"url\":\"https:\\\/\\\/gloopbaby.com\\\/fr\\\/produit\\\/collections-fr\\\/farm-fr\\\/coussin-de-grossesse-soft-sky-copia\\\/\",\"name\":\"Coussin de Grossesse Farm | Articles pour b\u00e9b\u00e9 - Gloop Baby\",\"isPartOf\":{\"@id\":\"https:\\\/\\\/gloopbaby.com\\\/fr\\\/#website\"},\"primaryImageOfPage\":{\"@id\":\"https:\\\/\\\/gloopbaby.com\\\/fr\\\/produit\\\/collections-fr\\\/farm-fr\\\/coussin-de-grossesse-soft-sky-copia\\\/#primaryimage\"},\"image\":{\"@id\":\"https:\\\/\\\/gloopbaby.com\\\/fr\\\/produit\\\/collections-fr\\\/farm-fr\\\/coussin-de-grossesse-soft-sky-copia\\\/#primaryimage\"},\"thumbnailUrl\":\"https:\\\/\\\/gloopbaby.com\\\/wp-content\\\/uploads\\\/2026\\\/03\\\/IMG_5035-scaled.jpg\",\"datePublished\":\"2026-03-02T16:43:18+00:00\",\"dateModified\":\"2026-03-04T08:50:48+00:00\",\"description\":\"Ce coussin de grossesse en coton bio enveloppe le corps et offre stabilit\u00e9 et bien-\u00eatre: id\u00e9al pour dormir, se d\u00e9tendre sur le canap\u00e9.\",\"breadcrumb\":{\"@id\":\"https:\\\/\\\/gloopbaby.com\\\/fr\\\/produit\\\/collections-fr\\\/farm-fr\\\/coussin-de-grossesse-soft-sky-copia\\\/#breadcrumb\"},\"inLanguage\":\"fr-FR\",\"potentialAction\":[{\"@type\":\"ReadAction\",\"target\":[\"https:\\\/\\\/gloopbaby.com\\\/fr\\\/produit\\\/collections-fr\\\/farm-fr\\\/coussin-de-grossesse-soft-sky-copia\\\/\"]}]},{\"@type\":\"ImageObject\",\"inLanguage\":\"fr-FR\",\"@id\":\"https:\\\/\\\/gloopbaby.com\\\/fr\\\/produit\\\/collections-fr\\\/farm-fr\\\/coussin-de-grossesse-soft-sky-copia\\\/#primaryimage\",\"url\":\"https:\\\/\\\/gloopbaby.com\\\/wp-content\\\/uploads\\\/2026\\\/03\\\/IMG_5035-scaled.jpg\",\"contentUrl\":\"https:\\\/\\\/gloopbaby.com\\\/wp-content\\\/uploads\\\/2026\\\/03\\\/IMG_5035-scaled.jpg\",\"width\":1707,\"height\":2560},{\"@type\":\"BreadcrumbList\",\"@id\":\"https:\\\/\\\/gloopbaby.com\\\/fr\\\/produit\\\/collections-fr\\\/farm-fr\\\/coussin-de-grossesse-soft-sky-copia\\\/#breadcrumb\",\"itemListElement\":[{\"@type\":\"ListItem\",\"position\":1,\"name\":\"In\u00edcio\",\"item\":\"https:\\\/\\\/gloopbaby.com\\\/fr\\\/\"},{\"@type\":\"ListItem\",\"position\":2,\"name\":\"Shop\",\"item\":\"https:\\\/\\\/gloopbaby.com\\\/loja\\\/\"},{\"@type\":\"ListItem\",\"position\":3,\"name\":\"Coussin de Grossesse Farm\"}]},{\"@type\":\"WebSite\",\"@id\":\"https:\\\/\\\/gloopbaby.com\\\/fr\\\/#website\",\"url\":\"https:\\\/\\\/gloopbaby.com\\\/fr\\\/\",\"name\":\"Gloop Baby\",\"description\":\"\",\"publisher\":{\"@id\":\"https:\\\/\\\/gloopbaby.com\\\/fr\\\/#organization\"},\"potentialAction\":[{\"@type\":\"SearchAction\",\"target\":{\"@type\":\"EntryPoint\",\"urlTemplate\":\"https:\\\/\\\/gloopbaby.com\\\/fr\\\/?s={search_term_string}\"},\"query-input\":{\"@type\":\"PropertyValueSpecification\",\"valueRequired\":true,\"valueName\":\"search_term_string\"}}],\"inLanguage\":\"fr-FR\"},{\"@type\":\"Organization\",\"@id\":\"https:\\\/\\\/gloopbaby.com\\\/fr\\\/#organization\",\"name\":\"Gloop Baby\",\"url\":\"https:\\\/\\\/gloopbaby.com\\\/fr\\\/\",\"logo\":{\"@type\":\"ImageObject\",\"inLanguage\":\"fr-FR\",\"@id\":\"https:\\\/\\\/gloopbaby.com\\\/fr\\\/#\\\/schema\\\/logo\\\/image\\\/\",\"url\":\"https:\\\/\\\/gloopbaby.com\\\/wp-content\\\/uploads\\\/2023\\\/06\\\/gloop-logo.svg\",\"contentUrl\":\"https:\\\/\\\/gloopbaby.com\\\/wp-content\\\/uploads\\\/2023\\\/06\\\/gloop-logo.svg\",\"width\":100,\"height\":100,\"caption\":\"Gloop Baby\"},\"image\":{\"@id\":\"https:\\\/\\\/gloopbaby.com\\\/fr\\\/#\\\/schema\\\/logo\\\/image\\\/\"}}]}<\/script>\n<!-- \/ Yoast SEO plugin. -->","yoast_head_json":{"title":"Coussin de Grossesse Farm | Articles pour b\u00e9b\u00e9 - Gloop Baby","description":"Ce coussin de grossesse en coton bio enveloppe le corps et offre stabilit\u00e9 et bien-\u00eatre: id\u00e9al pour dormir, se d\u00e9tendre sur le canap\u00e9.","robots":{"index":"index","follow":"follow","max-snippet":"max-snippet:-1","max-image-preview":"max-image-preview:large","max-video-preview":"max-video-preview:-1"},"canonical":"https:\/\/gloopbaby.com\/fr\/produit\/collections-fr\/farm-fr\/coussin-de-grossesse-soft-sky-copia\/","og_locale":"fr_FR","og_type":"article","og_title":"Coussin de Grossesse Farm | Articles pour b\u00e9b\u00e9 - Gloop Baby","og_description":"Ce coussin de grossesse en coton bio enveloppe le corps et offre stabilit\u00e9 et bien-\u00eatre: id\u00e9al pour dormir, se d\u00e9tendre sur le canap\u00e9.","og_url":"https:\/\/gloopbaby.com\/fr\/produit\/collections-fr\/farm-fr\/coussin-de-grossesse-soft-sky-copia\/","og_site_name":"Gloop Baby","article_modified_time":"2026-03-04T08:50:48+00:00","og_image":[{"width":1707,"height":2560,"url":"https:\/\/gloopbaby.com\/wp-content\/uploads\/2026\/03\/IMG_5035-scaled.jpg","type":"image\/jpeg"}],"twitter_card":"summary_large_image","schema":{"@context":"https:\/\/schema.org","@graph":[{"@type":"WebPage","@id":"https:\/\/gloopbaby.com\/fr\/produit\/collections-fr\/farm-fr\/coussin-de-grossesse-soft-sky-copia\/","url":"https:\/\/gloopbaby.com\/fr\/produit\/collections-fr\/farm-fr\/coussin-de-grossesse-soft-sky-copia\/","name":"Coussin de Grossesse Farm | Articles pour b\u00e9b\u00e9 - Gloop Baby","isPartOf":{"@id":"https:\/\/gloopbaby.com\/fr\/#website"},"primaryImageOfPage":{"@id":"https:\/\/gloopbaby.com\/fr\/produit\/collections-fr\/farm-fr\/coussin-de-grossesse-soft-sky-copia\/#primaryimage"},"image":{"@id":"https:\/\/gloopbaby.com\/fr\/produit\/collections-fr\/farm-fr\/coussin-de-grossesse-soft-sky-copia\/#primaryimage"},"thumbnailUrl":"https:\/\/gloopbaby.com\/wp-content\/uploads\/2026\/03\/IMG_5035-scaled.jpg","datePublished":"2026-03-02T16:43:18+00:00","dateModified":"2026-03-04T08:50:48+00:00","description":"Ce coussin de grossesse en coton bio enveloppe le corps et offre stabilit\u00e9 et bien-\u00eatre: id\u00e9al pour dormir, se d\u00e9tendre sur le canap\u00e9.","breadcrumb":{"@id":"https:\/\/gloopbaby.com\/fr\/produit\/collections-fr\/farm-fr\/coussin-de-grossesse-soft-sky-copia\/#breadcrumb"},"inLanguage":"fr-FR","potentialAction":[{"@type":"ReadAction","target":["https:\/\/gloopbaby.com\/fr\/produit\/collections-fr\/farm-fr\/coussin-de-grossesse-soft-sky-copia\/"]}]},{"@type":"ImageObject","inLanguage":"fr-FR","@id":"https:\/\/gloopbaby.com\/fr\/produit\/collections-fr\/farm-fr\/coussin-de-grossesse-soft-sky-copia\/#primaryimage","url":"https:\/\/gloopbaby.com\/wp-content\/uploads\/2026\/03\/IMG_5035-scaled.jpg","contentUrl":"https:\/\/gloopbaby.com\/wp-content\/uploads\/2026\/03\/IMG_5035-scaled.jpg","width":1707,"height":2560},{"@type":"BreadcrumbList","@id":"https:\/\/gloopbaby.com\/fr\/produit\/collections-fr\/farm-fr\/coussin-de-grossesse-soft-sky-copia\/#breadcrumb","itemListElement":[{"@type":"ListItem","position":1,"name":"In\u00edcio","item":"https:\/\/gloopbaby.com\/fr\/"},{"@type":"ListItem","position":2,"name":"Shop","item":"https:\/\/gloopbaby.com\/loja\/"},{"@type":"ListItem","position":3,"name":"Coussin de Grossesse Farm"}]},{"@type":"WebSite","@id":"https:\/\/gloopbaby.com\/fr\/#website","url":"https:\/\/gloopbaby.com\/fr\/","name":"Gloop Baby","description":"","publisher":{"@id":"https:\/\/gloopbaby.com\/fr\/#organization"},"potentialAction":[{"@type":"SearchAction","target":{"@type":"EntryPoint","urlTemplate":"https:\/\/gloopbaby.com\/fr\/?s={search_term_string}"},"query-input":{"@type":"PropertyValueSpecification","valueRequired":true,"valueName":"search_term_string"}}],"inLanguage":"fr-FR"},{"@type":"Organization","@id":"https:\/\/gloopbaby.com\/fr\/#organization","name":"Gloop Baby","url":"https:\/\/gloopbaby.com\/fr\/","logo":{"@type":"ImageObject","inLanguage":"fr-FR","@id":"https:\/\/gloopbaby.com\/fr\/#\/schema\/logo\/image\/","url":"https:\/\/gloopbaby.com\/wp-content\/uploads\/2023\/06\/gloop-logo.svg","contentUrl":"https:\/\/gloopbaby.com\/wp-content\/uploads\/2023\/06\/gloop-logo.svg","width":100,"height":100,"caption":"Gloop Baby"},"image":{"@id":"https:\/\/gloopbaby.com\/fr\/#\/schema\/logo\/image\/"}}]}},"_links":{"self":[{"href":"https:\/\/gloopbaby.com\/fr\/wp-json\/wp\/v2\/product\/143658","targetHints":{"allow":["GET"]}}],"collection":[{"href":"https:\/\/gloopbaby.com\/fr\/wp-json\/wp\/v2\/product"}],"about":[{"href":"https:\/\/gloopbaby.com\/fr\/wp-json\/wp\/v2\/types\/product"}],"replies":[{"embeddable":true,"href":"https:\/\/gloopbaby.com\/fr\/wp-json\/wp\/v2\/comments?post=143658"}],"wp:featuredmedia":[{"embeddable":true,"href":"https:\/\/gloopbaby.com\/fr\/wp-json\/wp\/v2\/media\/143804"}],"wp:attachment":[{"href":"https:\/\/gloopbaby.com\/fr\/wp-json\/wp\/v2\/media?parent=143658"}],"wp:term":[{"taxonomy":"product_brand","embeddable":true,"href":"https:\/\/gloopbaby.com\/fr\/wp-json\/wp\/v2\/product_brand?post=143658"},{"taxonomy":"product_cat","embeddable":true,"href":"https:\/\/gloopbaby.com\/fr\/wp-json\/wp\/v2\/product_cat?post=143658"},{"taxonomy":"product_tag","embeddable":true,"href":"https:\/\/gloopbaby.com\/fr\/wp-json\/wp\/v2\/product_tag?post=143658"}],"curies":[{"name":"wp","href":"https:\/\/api.w.org\/{rel}","templated":true}]}}