{"id":143278,"date":"2026-02-11T16:07:23","date_gmt":"2026-02-11T16:07:23","guid":{"rendered":"https:\/\/gloopbaby.com\/?post_type=product&#038;p=143278"},"modified":"2026-02-12T09:35:58","modified_gmt":"2026-02-12T09:35:58","slug":"couverture-2-en-1-gloop-coton-bio-soft-sky","status":"publish","type":"product","link":"https:\/\/gloopbaby.com\/fr\/produit\/collections-fr\/soft-sky-fr\/couverture-2-en-1-gloop-coton-bio-soft-sky\/","title":{"rendered":"Couverture 2-en-1 gloop! coton bio Soft Sky"},"content":{"rendered":"<pre id=\"tw-target-text\" class=\"tw-data-text tw-text-large tw-ta\" dir=\"ltr\" tabindex=\"-1\" role=\"text\" data-placeholder=\"Tradu\u00e7\u00e3o\" data-ved=\"2ahUKEwi6nJ3q29GSAxW5NfsDHc_pC74Q3ewLegQIDBAW\" aria-label=\"Texto traduzido: La couverture 2-en-1 gloop! est id\u00e9ale pour accompagner votre b\u00e9b\u00e9. Polyvalente et confortable, elle s'utilise aussi bien dans le berceau que comme coussin de soutien tout au long de la journ\u00e9e. Articles pour b\u00e9b\u00e9 en coton biologique La couverture b\u00e9b\u00e9 2-en-1 gloop! a \u00e9t\u00e9 con\u00e7ue pour offrir confort, praticit\u00e9 et polyvalence au quotidien des familles. Gr\u00e2ce \u00e0 sa conception fonctionnelle, elle peut servir de couverture traditionnelle ou de coussin de soutien, s'adaptant ainsi facilement aux diff\u00e9rents besoins de b\u00e9b\u00e9. Id\u00e9ale pour le berceau, la poussette ou le parc, la couverture gloop! offre une douceur et un confort incomparables, assurant le bien-\u00eatre de b\u00e9b\u00e9 en toutes circonstances. Fabriqu\u00e9e au Portugal en coton 100 % biologique certifi\u00e9, la couverture gloop! est douce, respirante et parfaitement adapt\u00e9e \u00e0 la peau d\u00e9licate de b\u00e9b\u00e9. Caract\u00e9ristiques : Composition : 100 % coton biologique certifi\u00e9 Dimensions : Couverture : 100 x 74 cm | Coussin : 37 x 25 cm Fabriqu\u00e9e au Portugal Confortable, l\u00e9g\u00e8re et respirante\"><span class=\"Y2IQFc\" lang=\"fr\">La <strong>couverture b\u00e9b\u00e9 2-en-1 gloop!<\/strong> a \u00e9t\u00e9 con\u00e7ue pour offrir confort, praticit\u00e9 et polyvalence au quotidien des familles. Gr\u00e2ce \u00e0 sa conception fonctionnelle, elle peut servir de couverture traditionnelle ou de coussin de soutien, s'adaptant ainsi facilement aux diff\u00e9rents besoins de b\u00e9b\u00e9.\r\n\r\nId\u00e9ale pour le <strong>berceau, la poussette ou le parc<\/strong>, la couverture gloop! offre une douceur et un confort incomparables, assurant le bien-\u00eatre de b\u00e9b\u00e9 en toutes circonstances. Fabriqu\u00e9e au Portugal en coton <strong>100% biologique certifi\u00e9<\/strong>, la couverture gloop! est douce, respirante et parfaitement adapt\u00e9e \u00e0 la peau d\u00e9licate de b\u00e9b\u00e9.<\/span><\/pre>\n<p data-start=\"922\" data-end=\"942\"><strong data-start=\"922\" data-end=\"942\">Caract\u00e9ristiques:<\/strong><\/p>\n<ul data-start=\"943\" data-end=\"1100\">\n<li data-start=\"943\" data-end=\"989\">\n<p data-start=\"945\" data-end=\"989\">Composition: 100% coton bio certifi\u00e9<\/p>\n<\/li>\n<li data-start=\"990\" data-end=\"1011\">\n<p data-start=\"992\" data-end=\"1011\">Dimensions: couverture: 100x74cm | Coussin: 37x25cm<\/p>\n<\/li>\n<li data-start=\"1012\" data-end=\"1037\">\n<p data-start=\"1014\" data-end=\"1037\"><span class=\"Y2IQFc\" lang=\"fr\">Fabriqu\u00e9e au Portugal<\/span><\/p>\n<\/li>\n<li data-start=\"1066\" data-end=\"1100\">\n<p data-start=\"1068\" data-end=\"1100\"><span class=\"Y2IQFc\" lang=\"fr\">Confortable, l\u00e9g\u00e8re et respirante<\/span><\/p>\n<\/li>\n<\/ul>\n","protected":false},"excerpt":{"rendered":"<p>La couverture b\u00e9b\u00e9 2-en-1 gloop! a \u00e9t\u00e9 con\u00e7ue pour offrir confort, praticit\u00e9 et polyvalence au quotidien des familles. Gr\u00e2ce \u00e0 sa conception fonctionnelle, elle peut servir de couverture traditionnelle ou de coussin de soutien, s&rsquo;adaptant ainsi facilement aux diff\u00e9rents besoins de b\u00e9b\u00e9. Id\u00e9ale pour le berceau, la poussette ou le parc, la couverture gloop! offre [&hellip;]<\/p>\n","protected":false},"featured_media":143299,"comment_status":"closed","ping_status":"closed","template":"","meta":{"_acf_changed":false},"product_brand":[],"product_cat":[1582,1513,1980,1512,1478,1554],"product_tag":[],"class_list":{"0":"post-143278","1":"product","2":"type-product","3":"status-publish","4":"has-post-thumbnail","6":"product_cat-collections-fr","7":"product_cat-couverture-fr","8":"product_cat-couverture-gloop-2-en-1","9":"product_cat-lit-fr","10":"product_cat-home-and-sleep-fr","11":"product_cat-soft-sky-fr","13":"first","14":"instock","15":"taxable","16":"shipping-taxable","17":"purchasable","18":"product-type-simple"},"acf":[],"yoast_head":"<!-- This site is optimized with the Yoast SEO plugin v27.4 - https:\/\/yoast.com\/product\/yoast-seo-wordpress\/ -->\n<title>Couverture 2-en-1 gloop! coton bio Soft Sky - Gloop Baby<\/title>\n<meta name=\"description\" content=\"La couverture 2-en-1 gloop! est id\u00e9ale pour votre b\u00e9b\u00e9. S&#039;utilise aussi bien dans le berceau que comme coussin de soutien tout au long de la journ\u00e9e.\" \/>\n<meta name=\"robots\" content=\"index, follow, max-snippet:-1, max-image-preview:large, max-video-preview:-1\" \/>\n<link rel=\"canonical\" href=\"https:\/\/gloopbaby.com\/fr\/produit\/collections-fr\/soft-sky-fr\/couverture-2-en-1-gloop-coton-bio-soft-sky\/\" \/>\n<meta property=\"og:locale\" content=\"fr_FR\" \/>\n<meta property=\"og:type\" content=\"article\" \/>\n<meta property=\"og:title\" content=\"Couverture 2-en-1 gloop! coton bio Soft Sky - Gloop Baby\" \/>\n<meta property=\"og:description\" content=\"La couverture 2-en-1 gloop! est id\u00e9ale pour votre b\u00e9b\u00e9. S&#039;utilise aussi bien dans le berceau que comme coussin de soutien tout au long de la journ\u00e9e.\" \/>\n<meta property=\"og:url\" content=\"https:\/\/gloopbaby.com\/fr\/produit\/collections-fr\/soft-sky-fr\/couverture-2-en-1-gloop-coton-bio-soft-sky\/\" \/>\n<meta property=\"og:site_name\" content=\"Gloop Baby\" \/>\n<meta property=\"article:modified_time\" content=\"2026-02-12T09:35:58+00:00\" \/>\n<meta property=\"og:image\" content=\"https:\/\/gloopbaby.com\/wp-content\/uploads\/2026\/02\/Gloop-2025-293.jpg\" \/>\n\t<meta property=\"og:image:width\" content=\"1075\" \/>\n\t<meta property=\"og:image:height\" content=\"1613\" \/>\n\t<meta property=\"og:image:type\" content=\"image\/jpeg\" \/>\n<meta name=\"twitter:card\" content=\"summary_large_image\" \/>\n<meta name=\"twitter:label1\" content=\"Dur\u00e9e de lecture estim\u00e9e\" \/>\n\t<meta name=\"twitter:data1\" content=\"1 minute\" \/>\n<script type=\"application\/ld+json\" class=\"yoast-schema-graph\">{\"@context\":\"https:\\\/\\\/schema.org\",\"@graph\":[{\"@type\":\"WebPage\",\"@id\":\"https:\\\/\\\/gloopbaby.com\\\/fr\\\/produit\\\/collections-fr\\\/soft-sky-fr\\\/couverture-2-en-1-gloop-coton-bio-soft-sky\\\/\",\"url\":\"https:\\\/\\\/gloopbaby.com\\\/fr\\\/produit\\\/collections-fr\\\/soft-sky-fr\\\/couverture-2-en-1-gloop-coton-bio-soft-sky\\\/\",\"name\":\"Couverture 2-en-1 gloop! coton bio Soft Sky - Gloop Baby\",\"isPartOf\":{\"@id\":\"https:\\\/\\\/gloopbaby.com\\\/fr\\\/#website\"},\"primaryImageOfPage\":{\"@id\":\"https:\\\/\\\/gloopbaby.com\\\/fr\\\/produit\\\/collections-fr\\\/soft-sky-fr\\\/couverture-2-en-1-gloop-coton-bio-soft-sky\\\/#primaryimage\"},\"image\":{\"@id\":\"https:\\\/\\\/gloopbaby.com\\\/fr\\\/produit\\\/collections-fr\\\/soft-sky-fr\\\/couverture-2-en-1-gloop-coton-bio-soft-sky\\\/#primaryimage\"},\"thumbnailUrl\":\"https:\\\/\\\/gloopbaby.com\\\/wp-content\\\/uploads\\\/2026\\\/02\\\/20251130_GLOOP_038.jpg\",\"datePublished\":\"2026-02-11T16:07:23+00:00\",\"dateModified\":\"2026-02-12T09:35:58+00:00\",\"description\":\"La couverture 2-en-1 gloop! est id\u00e9ale pour votre b\u00e9b\u00e9. S'utilise aussi bien dans le berceau que comme coussin de soutien tout au long de la journ\u00e9e.\",\"breadcrumb\":{\"@id\":\"https:\\\/\\\/gloopbaby.com\\\/fr\\\/produit\\\/collections-fr\\\/soft-sky-fr\\\/couverture-2-en-1-gloop-coton-bio-soft-sky\\\/#breadcrumb\"},\"inLanguage\":\"fr-FR\",\"potentialAction\":[{\"@type\":\"ReadAction\",\"target\":[\"https:\\\/\\\/gloopbaby.com\\\/fr\\\/produit\\\/collections-fr\\\/soft-sky-fr\\\/couverture-2-en-1-gloop-coton-bio-soft-sky\\\/\"]}]},{\"@type\":\"ImageObject\",\"inLanguage\":\"fr-FR\",\"@id\":\"https:\\\/\\\/gloopbaby.com\\\/fr\\\/produit\\\/collections-fr\\\/soft-sky-fr\\\/couverture-2-en-1-gloop-coton-bio-soft-sky\\\/#primaryimage\",\"url\":\"https:\\\/\\\/gloopbaby.com\\\/wp-content\\\/uploads\\\/2026\\\/02\\\/20251130_GLOOP_038.jpg\",\"contentUrl\":\"https:\\\/\\\/gloopbaby.com\\\/wp-content\\\/uploads\\\/2026\\\/02\\\/20251130_GLOOP_038.jpg\",\"width\":1000,\"height\":1500},{\"@type\":\"BreadcrumbList\",\"@id\":\"https:\\\/\\\/gloopbaby.com\\\/fr\\\/produit\\\/collections-fr\\\/soft-sky-fr\\\/couverture-2-en-1-gloop-coton-bio-soft-sky\\\/#breadcrumb\",\"itemListElement\":[{\"@type\":\"ListItem\",\"position\":1,\"name\":\"In\u00edcio\",\"item\":\"https:\\\/\\\/gloopbaby.com\\\/fr\\\/\"},{\"@type\":\"ListItem\",\"position\":2,\"name\":\"Shop\",\"item\":\"https:\\\/\\\/gloopbaby.com\\\/loja\\\/\"},{\"@type\":\"ListItem\",\"position\":3,\"name\":\"Couverture 2-en-1 gloop! coton bio Soft Sky\"}]},{\"@type\":\"WebSite\",\"@id\":\"https:\\\/\\\/gloopbaby.com\\\/fr\\\/#website\",\"url\":\"https:\\\/\\\/gloopbaby.com\\\/fr\\\/\",\"name\":\"Gloop Baby\",\"description\":\"\",\"publisher\":{\"@id\":\"https:\\\/\\\/gloopbaby.com\\\/fr\\\/#organization\"},\"potentialAction\":[{\"@type\":\"SearchAction\",\"target\":{\"@type\":\"EntryPoint\",\"urlTemplate\":\"https:\\\/\\\/gloopbaby.com\\\/fr\\\/?s={search_term_string}\"},\"query-input\":{\"@type\":\"PropertyValueSpecification\",\"valueRequired\":true,\"valueName\":\"search_term_string\"}}],\"inLanguage\":\"fr-FR\"},{\"@type\":\"Organization\",\"@id\":\"https:\\\/\\\/gloopbaby.com\\\/fr\\\/#organization\",\"name\":\"Gloop Baby\",\"url\":\"https:\\\/\\\/gloopbaby.com\\\/fr\\\/\",\"logo\":{\"@type\":\"ImageObject\",\"inLanguage\":\"fr-FR\",\"@id\":\"https:\\\/\\\/gloopbaby.com\\\/fr\\\/#\\\/schema\\\/logo\\\/image\\\/\",\"url\":\"https:\\\/\\\/gloopbaby.com\\\/wp-content\\\/uploads\\\/2023\\\/06\\\/gloop-logo.svg\",\"contentUrl\":\"https:\\\/\\\/gloopbaby.com\\\/wp-content\\\/uploads\\\/2023\\\/06\\\/gloop-logo.svg\",\"width\":100,\"height\":100,\"caption\":\"Gloop Baby\"},\"image\":{\"@id\":\"https:\\\/\\\/gloopbaby.com\\\/fr\\\/#\\\/schema\\\/logo\\\/image\\\/\"}}]}<\/script>\n<!-- \/ Yoast SEO plugin. -->","yoast_head_json":{"title":"Couverture 2-en-1 gloop! coton bio Soft Sky - Gloop Baby","description":"La couverture 2-en-1 gloop! est id\u00e9ale pour votre b\u00e9b\u00e9. S'utilise aussi bien dans le berceau que comme coussin de soutien tout au long de la journ\u00e9e.","robots":{"index":"index","follow":"follow","max-snippet":"max-snippet:-1","max-image-preview":"max-image-preview:large","max-video-preview":"max-video-preview:-1"},"canonical":"https:\/\/gloopbaby.com\/fr\/produit\/collections-fr\/soft-sky-fr\/couverture-2-en-1-gloop-coton-bio-soft-sky\/","og_locale":"fr_FR","og_type":"article","og_title":"Couverture 2-en-1 gloop! coton bio Soft Sky - Gloop Baby","og_description":"La couverture 2-en-1 gloop! est id\u00e9ale pour votre b\u00e9b\u00e9. S'utilise aussi bien dans le berceau que comme coussin de soutien tout au long de la journ\u00e9e.","og_url":"https:\/\/gloopbaby.com\/fr\/produit\/collections-fr\/soft-sky-fr\/couverture-2-en-1-gloop-coton-bio-soft-sky\/","og_site_name":"Gloop Baby","article_modified_time":"2026-02-12T09:35:58+00:00","og_image":[{"width":1075,"height":1613,"url":"https:\/\/gloopbaby.com\/wp-content\/uploads\/2026\/02\/Gloop-2025-293.jpg","type":"image\/jpeg"}],"twitter_card":"summary_large_image","twitter_misc":{"Dur\u00e9e de lecture estim\u00e9e":"1 minute"},"schema":{"@context":"https:\/\/schema.org","@graph":[{"@type":"WebPage","@id":"https:\/\/gloopbaby.com\/fr\/produit\/collections-fr\/soft-sky-fr\/couverture-2-en-1-gloop-coton-bio-soft-sky\/","url":"https:\/\/gloopbaby.com\/fr\/produit\/collections-fr\/soft-sky-fr\/couverture-2-en-1-gloop-coton-bio-soft-sky\/","name":"Couverture 2-en-1 gloop! coton bio Soft Sky - Gloop Baby","isPartOf":{"@id":"https:\/\/gloopbaby.com\/fr\/#website"},"primaryImageOfPage":{"@id":"https:\/\/gloopbaby.com\/fr\/produit\/collections-fr\/soft-sky-fr\/couverture-2-en-1-gloop-coton-bio-soft-sky\/#primaryimage"},"image":{"@id":"https:\/\/gloopbaby.com\/fr\/produit\/collections-fr\/soft-sky-fr\/couverture-2-en-1-gloop-coton-bio-soft-sky\/#primaryimage"},"thumbnailUrl":"https:\/\/gloopbaby.com\/wp-content\/uploads\/2026\/02\/20251130_GLOOP_038.jpg","datePublished":"2026-02-11T16:07:23+00:00","dateModified":"2026-02-12T09:35:58+00:00","description":"La couverture 2-en-1 gloop! est id\u00e9ale pour votre b\u00e9b\u00e9. S'utilise aussi bien dans le berceau que comme coussin de soutien tout au long de la journ\u00e9e.","breadcrumb":{"@id":"https:\/\/gloopbaby.com\/fr\/produit\/collections-fr\/soft-sky-fr\/couverture-2-en-1-gloop-coton-bio-soft-sky\/#breadcrumb"},"inLanguage":"fr-FR","potentialAction":[{"@type":"ReadAction","target":["https:\/\/gloopbaby.com\/fr\/produit\/collections-fr\/soft-sky-fr\/couverture-2-en-1-gloop-coton-bio-soft-sky\/"]}]},{"@type":"ImageObject","inLanguage":"fr-FR","@id":"https:\/\/gloopbaby.com\/fr\/produit\/collections-fr\/soft-sky-fr\/couverture-2-en-1-gloop-coton-bio-soft-sky\/#primaryimage","url":"https:\/\/gloopbaby.com\/wp-content\/uploads\/2026\/02\/20251130_GLOOP_038.jpg","contentUrl":"https:\/\/gloopbaby.com\/wp-content\/uploads\/2026\/02\/20251130_GLOOP_038.jpg","width":1000,"height":1500},{"@type":"BreadcrumbList","@id":"https:\/\/gloopbaby.com\/fr\/produit\/collections-fr\/soft-sky-fr\/couverture-2-en-1-gloop-coton-bio-soft-sky\/#breadcrumb","itemListElement":[{"@type":"ListItem","position":1,"name":"In\u00edcio","item":"https:\/\/gloopbaby.com\/fr\/"},{"@type":"ListItem","position":2,"name":"Shop","item":"https:\/\/gloopbaby.com\/loja\/"},{"@type":"ListItem","position":3,"name":"Couverture 2-en-1 gloop! coton bio Soft Sky"}]},{"@type":"WebSite","@id":"https:\/\/gloopbaby.com\/fr\/#website","url":"https:\/\/gloopbaby.com\/fr\/","name":"Gloop Baby","description":"","publisher":{"@id":"https:\/\/gloopbaby.com\/fr\/#organization"},"potentialAction":[{"@type":"SearchAction","target":{"@type":"EntryPoint","urlTemplate":"https:\/\/gloopbaby.com\/fr\/?s={search_term_string}"},"query-input":{"@type":"PropertyValueSpecification","valueRequired":true,"valueName":"search_term_string"}}],"inLanguage":"fr-FR"},{"@type":"Organization","@id":"https:\/\/gloopbaby.com\/fr\/#organization","name":"Gloop Baby","url":"https:\/\/gloopbaby.com\/fr\/","logo":{"@type":"ImageObject","inLanguage":"fr-FR","@id":"https:\/\/gloopbaby.com\/fr\/#\/schema\/logo\/image\/","url":"https:\/\/gloopbaby.com\/wp-content\/uploads\/2023\/06\/gloop-logo.svg","contentUrl":"https:\/\/gloopbaby.com\/wp-content\/uploads\/2023\/06\/gloop-logo.svg","width":100,"height":100,"caption":"Gloop Baby"},"image":{"@id":"https:\/\/gloopbaby.com\/fr\/#\/schema\/logo\/image\/"}}]}},"_links":{"self":[{"href":"https:\/\/gloopbaby.com\/fr\/wp-json\/wp\/v2\/product\/143278","targetHints":{"allow":["GET"]}}],"collection":[{"href":"https:\/\/gloopbaby.com\/fr\/wp-json\/wp\/v2\/product"}],"about":[{"href":"https:\/\/gloopbaby.com\/fr\/wp-json\/wp\/v2\/types\/product"}],"replies":[{"embeddable":true,"href":"https:\/\/gloopbaby.com\/fr\/wp-json\/wp\/v2\/comments?post=143278"}],"wp:featuredmedia":[{"embeddable":true,"href":"https:\/\/gloopbaby.com\/fr\/wp-json\/wp\/v2\/media\/143299"}],"wp:attachment":[{"href":"https:\/\/gloopbaby.com\/fr\/wp-json\/wp\/v2\/media?parent=143278"}],"wp:term":[{"taxonomy":"product_brand","embeddable":true,"href":"https:\/\/gloopbaby.com\/fr\/wp-json\/wp\/v2\/product_brand?post=143278"},{"taxonomy":"product_cat","embeddable":true,"href":"https:\/\/gloopbaby.com\/fr\/wp-json\/wp\/v2\/product_cat?post=143278"},{"taxonomy":"product_tag","embeddable":true,"href":"https:\/\/gloopbaby.com\/fr\/wp-json\/wp\/v2\/product_tag?post=143278"}],"curies":[{"name":"wp","href":"https:\/\/api.w.org\/{rel}","templated":true}]}}