{"id":142924,"date":"2026-01-26T10:14:16","date_gmt":"2026-01-26T10:14:16","guid":{"rendered":"https:\/\/gloopbaby.com\/?post_type=product&#038;p=142924"},"modified":"2026-02-06T08:14:27","modified_gmt":"2026-02-06T08:14:27","slug":"panier-a-langer-en-osier-zebra","status":"publish","type":"product","link":"https:\/\/gloopbaby.com\/fr\/produit\/collections-fr\/zebra-fr\/panier-a-langer-en-osier-zebra\/","title":{"rendered":"Panier \u00e0 langer en osier Zebra"},"content":{"rendered":"<p><span class=\"Y2IQFc\" lang=\"fr\">Le <strong>panier \u00e0 langer en osier<\/strong> gloop! avec matelas est la solution id\u00e9ale pour changer b\u00e9b\u00e9 de fa\u00e7on plus pratique, organis\u00e9e et agr\u00e9able. Fabriqu\u00e9 artisanalement en osier naturel, ce panier allie fonctionnalit\u00e9, esth\u00e9tique et durabilit\u00e9, et s&rsquo;int\u00e8gre facilement dans toutes les chambres de b\u00e9b\u00e9. Son design naturel et intemporel s&rsquo;harmonise parfaitement avec les int\u00e9rieurs modernes, boh\u00e8mes ou classiques. <\/span><\/p>\n<p><span class=\"Y2IQFc\" lang=\"fr\">Id\u00e9al \u00e0 la maison ou \u00e0 transporter d&rsquo;une pi\u00e8ce \u00e0 l&rsquo;autre, ce panier \u00e0 langer en osier est un accessoire indispensable pour les premiers mois de b\u00e9b\u00e9 et une excellente id\u00e9e cadeau.<\/span><\/p>\n<p><strong>Caract\u00e9ristiques principales:<\/strong><\/p>\n<ul>\n<li><span class=\"Y2IQFc\" lang=\"fr\">Panier en osier naturel + matelas et doublure 100 % coton biologique<\/span><\/li>\n<li><span class=\"Y2IQFc\" lang=\"fr\">Doux et respectueux de la peau de b\u00e9b\u00e9<\/span><\/li>\n<li>Dimensions : <span class=\"Y2IQFc\" lang=\"fr\">78x45cm<\/span><\/li>\n<li>Fabriqu\u00e9 au Portugal<\/li>\n<li>Produit \u00e9cologique, sans produits chimiques nocifs<\/li>\n<\/ul>\n<pre id=\"tw-target-text\" class=\"tw-data-text tw-text-large tw-ta\" dir=\"ltr\" tabindex=\"-1\" role=\"text\" data-placeholder=\"Tradu\u00e7\u00e3o\" data-ved=\"2ahUKEwigxIi26KiSAxUYRaQEHQceM-kQ3ewLegQIBBAW\" aria-label=\"Texto traduzido: Le panier \u00e0 langer en osier gloop! avec matelas est la solution id\u00e9ale pour changer b\u00e9b\u00e9 de fa\u00e7on plus pratique, organis\u00e9e et agr\u00e9able. Fabriqu\u00e9 artisanalement en osier naturel, ce panier allie fonctionnalit\u00e9, esth\u00e9tique et durabilit\u00e9, et s'int\u00e8gre facilement dans toutes les chambres de b\u00e9b\u00e9. Son design naturel et intemporel s'harmonise parfaitement avec les int\u00e9rieurs modernes, boh\u00e8mes ou classiques. Id\u00e9al \u00e0 la maison ou \u00e0 transporter d'une pi\u00e8ce \u00e0 l'autre, ce panier \u00e0 langer en osier est un accessoire indispensable pour les premiers mois de b\u00e9b\u00e9 et une excellente id\u00e9e cadeau. Caract\u00e9ristiques principales : Panier en osier naturel + matelas et doublure 100 % coton biologique Doux et respectueux de la peau de b\u00e9b\u00e9 Dimensions : 75 x 35 cm Fabriqu\u00e9 au Portugal\"><\/pre>\n","protected":false},"excerpt":{"rendered":"<p>Le panier \u00e0 langer en osier gloop! avec matelas est la solution id\u00e9ale pour changer b\u00e9b\u00e9 de fa\u00e7on plus pratique, organis\u00e9e et agr\u00e9able. Fabriqu\u00e9 artisanalement en osier naturel, ce panier allie fonctionnalit\u00e9, esth\u00e9tique et durabilit\u00e9, et s&rsquo;int\u00e8gre facilement dans toutes les chambres de b\u00e9b\u00e9. Son design naturel et intemporel s&rsquo;harmonise parfaitement avec les int\u00e9rieurs modernes, [&hellip;]<\/p>\n","protected":false},"featured_media":142929,"comment_status":"closed","ping_status":"closed","template":"","meta":{"_acf_changed":false},"product_brand":[],"product_cat":[1582,1500,1972,1693],"product_tag":[],"class_list":{"0":"post-142924","1":"product","2":"type-product","3":"status-publish","4":"has-post-thumbnail","6":"product_cat-collections-fr","7":"product_cat-matelas-a-langer","8":"product_cat-panier-a-langer-en-osier","9":"product_cat-zebra-fr","11":"first","12":"instock","13":"taxable","14":"shipping-taxable","15":"purchasable","16":"product-type-simple"},"acf":[],"yoast_head":"<!-- This site is optimized with the Yoast SEO plugin v27.3 - https:\/\/yoast.com\/product\/yoast-seo-wordpress\/ -->\n<title>Panier \u00e0 langer en osier Zebra - Gloop Baby<\/title>\n<meta name=\"description\" content=\"Panier \u00e0 langer en osier naturel 100 % coton biologique. Pratique, durable et confortable, id\u00e9al pour changer les couches de b\u00e9b\u00e9.\" \/>\n<meta name=\"robots\" content=\"index, follow, max-snippet:-1, max-image-preview:large, max-video-preview:-1\" \/>\n<link rel=\"canonical\" href=\"https:\/\/gloopbaby.com\/fr\/produit\/collections-fr\/zebra-fr\/panier-a-langer-en-osier-zebra\/\" \/>\n<meta property=\"og:locale\" content=\"fr_FR\" \/>\n<meta property=\"og:type\" content=\"article\" \/>\n<meta property=\"og:title\" content=\"Panier \u00e0 langer en osier Zebra - Gloop Baby\" \/>\n<meta property=\"og:description\" content=\"Panier \u00e0 langer en osier naturel 100 % coton biologique. Pratique, durable et confortable, id\u00e9al pour changer les couches de b\u00e9b\u00e9.\" \/>\n<meta property=\"og:url\" content=\"https:\/\/gloopbaby.com\/fr\/produit\/collections-fr\/zebra-fr\/panier-a-langer-en-osier-zebra\/\" \/>\n<meta property=\"og:site_name\" content=\"Gloop Baby\" \/>\n<meta property=\"article:modified_time\" content=\"2026-02-06T08:14:27+00:00\" \/>\n<meta property=\"og:image\" content=\"https:\/\/gloopbaby.com\/wp-content\/uploads\/2026\/01\/20251130_GLOOP_008.jpg\" \/>\n\t<meta property=\"og:image:width\" content=\"1000\" \/>\n\t<meta property=\"og:image:height\" content=\"1500\" \/>\n\t<meta property=\"og:image:type\" content=\"image\/jpeg\" \/>\n<meta name=\"twitter:card\" content=\"summary_large_image\" \/>\n<meta name=\"twitter:label1\" content=\"Dur\u00e9e de lecture estim\u00e9e\" \/>\n\t<meta name=\"twitter:data1\" content=\"1 minute\" \/>\n<script type=\"application\/ld+json\" class=\"yoast-schema-graph\">{\"@context\":\"https:\\\/\\\/schema.org\",\"@graph\":[{\"@type\":\"WebPage\",\"@id\":\"https:\\\/\\\/gloopbaby.com\\\/fr\\\/produit\\\/collections-fr\\\/zebra-fr\\\/panier-a-langer-en-osier-zebra\\\/\",\"url\":\"https:\\\/\\\/gloopbaby.com\\\/fr\\\/produit\\\/collections-fr\\\/zebra-fr\\\/panier-a-langer-en-osier-zebra\\\/\",\"name\":\"Panier \u00e0 langer en osier Zebra - Gloop Baby\",\"isPartOf\":{\"@id\":\"https:\\\/\\\/gloopbaby.com\\\/fr\\\/#website\"},\"primaryImageOfPage\":{\"@id\":\"https:\\\/\\\/gloopbaby.com\\\/fr\\\/produit\\\/collections-fr\\\/zebra-fr\\\/panier-a-langer-en-osier-zebra\\\/#primaryimage\"},\"image\":{\"@id\":\"https:\\\/\\\/gloopbaby.com\\\/fr\\\/produit\\\/collections-fr\\\/zebra-fr\\\/panier-a-langer-en-osier-zebra\\\/#primaryimage\"},\"thumbnailUrl\":\"https:\\\/\\\/gloopbaby.com\\\/wp-content\\\/uploads\\\/2026\\\/01\\\/20251130_GLOOP_008.jpg\",\"datePublished\":\"2026-01-26T10:14:16+00:00\",\"dateModified\":\"2026-02-06T08:14:27+00:00\",\"description\":\"Panier \u00e0 langer en osier naturel 100 % coton biologique. Pratique, durable et confortable, id\u00e9al pour changer les couches de b\u00e9b\u00e9.\",\"breadcrumb\":{\"@id\":\"https:\\\/\\\/gloopbaby.com\\\/fr\\\/produit\\\/collections-fr\\\/zebra-fr\\\/panier-a-langer-en-osier-zebra\\\/#breadcrumb\"},\"inLanguage\":\"fr-FR\",\"potentialAction\":[{\"@type\":\"ReadAction\",\"target\":[\"https:\\\/\\\/gloopbaby.com\\\/fr\\\/produit\\\/collections-fr\\\/zebra-fr\\\/panier-a-langer-en-osier-zebra\\\/\"]}]},{\"@type\":\"ImageObject\",\"inLanguage\":\"fr-FR\",\"@id\":\"https:\\\/\\\/gloopbaby.com\\\/fr\\\/produit\\\/collections-fr\\\/zebra-fr\\\/panier-a-langer-en-osier-zebra\\\/#primaryimage\",\"url\":\"https:\\\/\\\/gloopbaby.com\\\/wp-content\\\/uploads\\\/2026\\\/01\\\/20251130_GLOOP_008.jpg\",\"contentUrl\":\"https:\\\/\\\/gloopbaby.com\\\/wp-content\\\/uploads\\\/2026\\\/01\\\/20251130_GLOOP_008.jpg\",\"width\":1000,\"height\":1500},{\"@type\":\"BreadcrumbList\",\"@id\":\"https:\\\/\\\/gloopbaby.com\\\/fr\\\/produit\\\/collections-fr\\\/zebra-fr\\\/panier-a-langer-en-osier-zebra\\\/#breadcrumb\",\"itemListElement\":[{\"@type\":\"ListItem\",\"position\":1,\"name\":\"In\u00edcio\",\"item\":\"https:\\\/\\\/gloopbaby.com\\\/fr\\\/\"},{\"@type\":\"ListItem\",\"position\":2,\"name\":\"Shop\",\"item\":\"https:\\\/\\\/gloopbaby.com\\\/loja\\\/\"},{\"@type\":\"ListItem\",\"position\":3,\"name\":\"Panier \u00e0 langer en osier Zebra\"}]},{\"@type\":\"WebSite\",\"@id\":\"https:\\\/\\\/gloopbaby.com\\\/fr\\\/#website\",\"url\":\"https:\\\/\\\/gloopbaby.com\\\/fr\\\/\",\"name\":\"Gloop Baby\",\"description\":\"\",\"publisher\":{\"@id\":\"https:\\\/\\\/gloopbaby.com\\\/fr\\\/#organization\"},\"potentialAction\":[{\"@type\":\"SearchAction\",\"target\":{\"@type\":\"EntryPoint\",\"urlTemplate\":\"https:\\\/\\\/gloopbaby.com\\\/fr\\\/?s={search_term_string}\"},\"query-input\":{\"@type\":\"PropertyValueSpecification\",\"valueRequired\":true,\"valueName\":\"search_term_string\"}}],\"inLanguage\":\"fr-FR\"},{\"@type\":\"Organization\",\"@id\":\"https:\\\/\\\/gloopbaby.com\\\/fr\\\/#organization\",\"name\":\"Gloop Baby\",\"url\":\"https:\\\/\\\/gloopbaby.com\\\/fr\\\/\",\"logo\":{\"@type\":\"ImageObject\",\"inLanguage\":\"fr-FR\",\"@id\":\"https:\\\/\\\/gloopbaby.com\\\/fr\\\/#\\\/schema\\\/logo\\\/image\\\/\",\"url\":\"https:\\\/\\\/gloopbaby.com\\\/wp-content\\\/uploads\\\/2023\\\/06\\\/gloop-logo.svg\",\"contentUrl\":\"https:\\\/\\\/gloopbaby.com\\\/wp-content\\\/uploads\\\/2023\\\/06\\\/gloop-logo.svg\",\"width\":100,\"height\":100,\"caption\":\"Gloop Baby\"},\"image\":{\"@id\":\"https:\\\/\\\/gloopbaby.com\\\/fr\\\/#\\\/schema\\\/logo\\\/image\\\/\"}}]}<\/script>\n<!-- \/ Yoast SEO plugin. -->","yoast_head_json":{"title":"Panier \u00e0 langer en osier Zebra - Gloop Baby","description":"Panier \u00e0 langer en osier naturel 100 % coton biologique. Pratique, durable et confortable, id\u00e9al pour changer les couches de b\u00e9b\u00e9.","robots":{"index":"index","follow":"follow","max-snippet":"max-snippet:-1","max-image-preview":"max-image-preview:large","max-video-preview":"max-video-preview:-1"},"canonical":"https:\/\/gloopbaby.com\/fr\/produit\/collections-fr\/zebra-fr\/panier-a-langer-en-osier-zebra\/","og_locale":"fr_FR","og_type":"article","og_title":"Panier \u00e0 langer en osier Zebra - Gloop Baby","og_description":"Panier \u00e0 langer en osier naturel 100 % coton biologique. Pratique, durable et confortable, id\u00e9al pour changer les couches de b\u00e9b\u00e9.","og_url":"https:\/\/gloopbaby.com\/fr\/produit\/collections-fr\/zebra-fr\/panier-a-langer-en-osier-zebra\/","og_site_name":"Gloop Baby","article_modified_time":"2026-02-06T08:14:27+00:00","og_image":[{"width":1000,"height":1500,"url":"https:\/\/gloopbaby.com\/wp-content\/uploads\/2026\/01\/20251130_GLOOP_008.jpg","type":"image\/jpeg"}],"twitter_card":"summary_large_image","twitter_misc":{"Dur\u00e9e de lecture estim\u00e9e":"1 minute"},"schema":{"@context":"https:\/\/schema.org","@graph":[{"@type":"WebPage","@id":"https:\/\/gloopbaby.com\/fr\/produit\/collections-fr\/zebra-fr\/panier-a-langer-en-osier-zebra\/","url":"https:\/\/gloopbaby.com\/fr\/produit\/collections-fr\/zebra-fr\/panier-a-langer-en-osier-zebra\/","name":"Panier \u00e0 langer en osier Zebra - Gloop Baby","isPartOf":{"@id":"https:\/\/gloopbaby.com\/fr\/#website"},"primaryImageOfPage":{"@id":"https:\/\/gloopbaby.com\/fr\/produit\/collections-fr\/zebra-fr\/panier-a-langer-en-osier-zebra\/#primaryimage"},"image":{"@id":"https:\/\/gloopbaby.com\/fr\/produit\/collections-fr\/zebra-fr\/panier-a-langer-en-osier-zebra\/#primaryimage"},"thumbnailUrl":"https:\/\/gloopbaby.com\/wp-content\/uploads\/2026\/01\/20251130_GLOOP_008.jpg","datePublished":"2026-01-26T10:14:16+00:00","dateModified":"2026-02-06T08:14:27+00:00","description":"Panier \u00e0 langer en osier naturel 100 % coton biologique. Pratique, durable et confortable, id\u00e9al pour changer les couches de b\u00e9b\u00e9.","breadcrumb":{"@id":"https:\/\/gloopbaby.com\/fr\/produit\/collections-fr\/zebra-fr\/panier-a-langer-en-osier-zebra\/#breadcrumb"},"inLanguage":"fr-FR","potentialAction":[{"@type":"ReadAction","target":["https:\/\/gloopbaby.com\/fr\/produit\/collections-fr\/zebra-fr\/panier-a-langer-en-osier-zebra\/"]}]},{"@type":"ImageObject","inLanguage":"fr-FR","@id":"https:\/\/gloopbaby.com\/fr\/produit\/collections-fr\/zebra-fr\/panier-a-langer-en-osier-zebra\/#primaryimage","url":"https:\/\/gloopbaby.com\/wp-content\/uploads\/2026\/01\/20251130_GLOOP_008.jpg","contentUrl":"https:\/\/gloopbaby.com\/wp-content\/uploads\/2026\/01\/20251130_GLOOP_008.jpg","width":1000,"height":1500},{"@type":"BreadcrumbList","@id":"https:\/\/gloopbaby.com\/fr\/produit\/collections-fr\/zebra-fr\/panier-a-langer-en-osier-zebra\/#breadcrumb","itemListElement":[{"@type":"ListItem","position":1,"name":"In\u00edcio","item":"https:\/\/gloopbaby.com\/fr\/"},{"@type":"ListItem","position":2,"name":"Shop","item":"https:\/\/gloopbaby.com\/loja\/"},{"@type":"ListItem","position":3,"name":"Panier \u00e0 langer en osier Zebra"}]},{"@type":"WebSite","@id":"https:\/\/gloopbaby.com\/fr\/#website","url":"https:\/\/gloopbaby.com\/fr\/","name":"Gloop Baby","description":"","publisher":{"@id":"https:\/\/gloopbaby.com\/fr\/#organization"},"potentialAction":[{"@type":"SearchAction","target":{"@type":"EntryPoint","urlTemplate":"https:\/\/gloopbaby.com\/fr\/?s={search_term_string}"},"query-input":{"@type":"PropertyValueSpecification","valueRequired":true,"valueName":"search_term_string"}}],"inLanguage":"fr-FR"},{"@type":"Organization","@id":"https:\/\/gloopbaby.com\/fr\/#organization","name":"Gloop Baby","url":"https:\/\/gloopbaby.com\/fr\/","logo":{"@type":"ImageObject","inLanguage":"fr-FR","@id":"https:\/\/gloopbaby.com\/fr\/#\/schema\/logo\/image\/","url":"https:\/\/gloopbaby.com\/wp-content\/uploads\/2023\/06\/gloop-logo.svg","contentUrl":"https:\/\/gloopbaby.com\/wp-content\/uploads\/2023\/06\/gloop-logo.svg","width":100,"height":100,"caption":"Gloop Baby"},"image":{"@id":"https:\/\/gloopbaby.com\/fr\/#\/schema\/logo\/image\/"}}]}},"_links":{"self":[{"href":"https:\/\/gloopbaby.com\/fr\/wp-json\/wp\/v2\/product\/142924","targetHints":{"allow":["GET"]}}],"collection":[{"href":"https:\/\/gloopbaby.com\/fr\/wp-json\/wp\/v2\/product"}],"about":[{"href":"https:\/\/gloopbaby.com\/fr\/wp-json\/wp\/v2\/types\/product"}],"replies":[{"embeddable":true,"href":"https:\/\/gloopbaby.com\/fr\/wp-json\/wp\/v2\/comments?post=142924"}],"wp:featuredmedia":[{"embeddable":true,"href":"https:\/\/gloopbaby.com\/fr\/wp-json\/wp\/v2\/media\/142929"}],"wp:attachment":[{"href":"https:\/\/gloopbaby.com\/fr\/wp-json\/wp\/v2\/media?parent=142924"}],"wp:term":[{"taxonomy":"product_brand","embeddable":true,"href":"https:\/\/gloopbaby.com\/fr\/wp-json\/wp\/v2\/product_brand?post=142924"},{"taxonomy":"product_cat","embeddable":true,"href":"https:\/\/gloopbaby.com\/fr\/wp-json\/wp\/v2\/product_cat?post=142924"},{"taxonomy":"product_tag","embeddable":true,"href":"https:\/\/gloopbaby.com\/fr\/wp-json\/wp\/v2\/product_tag?post=142924"}],"curies":[{"name":"wp","href":"https:\/\/api.w.org\/{rel}","templated":true}]}}