{"id":142617,"date":"2026-01-21T16:23:24","date_gmt":"2026-01-21T16:23:24","guid":{"rendered":"https:\/\/gloopbaby.com\/?post_type=product&#038;p=142617"},"modified":"2026-02-03T08:49:57","modified_gmt":"2026-02-03T08:49:57","slug":"bavoir-depaule-safari","status":"publish","type":"product","link":"https:\/\/gloopbaby.com\/fr\/produit\/collections-fr\/safari-fr\/bavoir-depaule-safari\/","title":{"rendered":"Bavoir d&rsquo;\u00e9paule Safari"},"content":{"rendered":"<p><strong>Bavoir d&rsquo;\u00e9paule<\/strong> Gloop! en coton biologique, id\u00e9al pour prot\u00e9ger les v\u00eatements pendant l&rsquo;allaitement, le biberon ou en cas de r\u00e9gurgitations. Extr\u00eamement doux, pratique et ultra-absorbant, il prend soin de la peau sensible de b\u00e9b\u00e9 d\u00e8s ses premiers jours.<\/p>\n<p>Fabriqu\u00e9 en coton 100 % biologique certifi\u00e9, ce bavoir d&rsquo;\u00e9paule est un choix s\u00fbr et \u00e9cologique pour les parents soucieux de la qualit\u00e9, de la durabilit\u00e9 et du confort. Fabriqu\u00e9 au Portugal, il garantit des normes de production \u00e9lev\u00e9es et une grande r\u00e9sistance.<\/p>\n<p>Avec sa taille id\u00e9ale de 42 x 26 cm, il s&rsquo;adapte facilement \u00e0 l&rsquo;\u00e9paule de l&rsquo;adulte, offrant une protection et un confort efficaces au quotidien.<\/p>\n<p><strong>Caract\u00e9ristiques principales:<\/strong><\/p>\n<ul>\n<li>Bavoir d&rsquo;\u00e9paule ultra-absorbant<\/li>\n<li>100 % coton biologique certifi\u00e9<\/li>\n<li>Doux et respectueux de la peau de b\u00e9b\u00e9<\/li>\n<li>Dimensions : 42 x 26 cm<\/li>\n<li>Fabriqu\u00e9 au Portugal<\/li>\n<li>Produit \u00e9cologique, sans produits chimiques nocifs<\/li>\n<\/ul>\n<p>Un bavoir durable, pratique et indispensable pour le quotidien de b\u00e9b\u00e9.<\/p>\n","protected":false},"excerpt":{"rendered":"<p>Bavoir d&rsquo;\u00e9paule Gloop! en coton biologique, id\u00e9al pour prot\u00e9ger les v\u00eatements pendant l&rsquo;allaitement, le biberon ou en cas de r\u00e9gurgitations. Extr\u00eamement doux, pratique et ultra-absorbant, il prend soin de la peau sensible de b\u00e9b\u00e9 d\u00e8s ses premiers jours. Fabriqu\u00e9 en coton 100 % biologique certifi\u00e9, ce bavoir d&rsquo;\u00e9paule est un choix s\u00fbr et \u00e9cologique pour [&hellip;]<\/p>\n","protected":false},"featured_media":142632,"comment_status":"closed","ping_status":"closed","template":"","meta":{"_acf_changed":false},"product_brand":[],"product_cat":[1968,1457,1582,1456,1560],"product_tag":[],"class_list":{"0":"post-142617","1":"product","2":"type-product","3":"status-publish","4":"has-post-thumbnail","6":"product_cat-bavoir-depaule","7":"product_cat-bavoirs-fr","8":"product_cat-collections-fr","9":"product_cat-mealtime-fr","10":"product_cat-safari-fr","12":"first","13":"instock","14":"taxable","15":"shipping-taxable","16":"purchasable","17":"product-type-simple"},"acf":[],"yoast_head":"<!-- This site is optimized with the Yoast SEO plugin v27.3 - https:\/\/yoast.com\/product\/yoast-seo-wordpress\/ -->\n<title>Bavoir d&#039;\u00e9paule Safari - Gloop Baby<\/title>\n<meta name=\"description\" content=\"Bavoir d&#039;\u00e9paule en coton 100 % biologique. Doux, ultra-absorbant et \u00e9cologique. Fabriqu\u00e9 au Portugal, id\u00e9al d\u00e8s la naissance. Dimensions : 42 x 26 cm\" \/>\n<meta name=\"robots\" content=\"index, follow, max-snippet:-1, max-image-preview:large, max-video-preview:-1\" \/>\n<link rel=\"canonical\" href=\"https:\/\/gloopbaby.com\/fr\/produit\/collections-fr\/safari-fr\/bavoir-depaule-safari\/\" \/>\n<meta property=\"og:locale\" content=\"fr_FR\" \/>\n<meta property=\"og:type\" content=\"article\" \/>\n<meta property=\"og:title\" content=\"Bavoir d&#039;\u00e9paule Safari - Gloop Baby\" \/>\n<meta property=\"og:description\" content=\"Bavoir d&#039;\u00e9paule en coton 100 % biologique. Doux, ultra-absorbant et \u00e9cologique. Fabriqu\u00e9 au Portugal, id\u00e9al d\u00e8s la naissance. Dimensions : 42 x 26 cm\" \/>\n<meta property=\"og:url\" content=\"https:\/\/gloopbaby.com\/fr\/produit\/collections-fr\/safari-fr\/bavoir-depaule-safari\/\" \/>\n<meta property=\"og:site_name\" content=\"Gloop Baby\" \/>\n<meta property=\"article:modified_time\" content=\"2026-02-03T08:49:57+00:00\" \/>\n<meta property=\"og:image\" content=\"https:\/\/gloopbaby.com\/wp-content\/uploads\/2026\/01\/IMG_4870-scaled.jpg\" \/>\n\t<meta property=\"og:image:width\" content=\"1707\" \/>\n\t<meta property=\"og:image:height\" content=\"2560\" \/>\n\t<meta property=\"og:image:type\" content=\"image\/jpeg\" \/>\n<meta name=\"twitter:card\" content=\"summary_large_image\" \/>\n<meta name=\"twitter:label1\" content=\"Dur\u00e9e de lecture estim\u00e9e\" \/>\n\t<meta name=\"twitter:data1\" content=\"2 minutes\" \/>\n<script type=\"application\/ld+json\" class=\"yoast-schema-graph\">{\"@context\":\"https:\\\/\\\/schema.org\",\"@graph\":[{\"@type\":\"WebPage\",\"@id\":\"https:\\\/\\\/gloopbaby.com\\\/fr\\\/produit\\\/collections-fr\\\/safari-fr\\\/bavoir-depaule-safari\\\/\",\"url\":\"https:\\\/\\\/gloopbaby.com\\\/fr\\\/produit\\\/collections-fr\\\/safari-fr\\\/bavoir-depaule-safari\\\/\",\"name\":\"Bavoir d'\u00e9paule Safari - Gloop Baby\",\"isPartOf\":{\"@id\":\"https:\\\/\\\/gloopbaby.com\\\/fr\\\/#website\"},\"primaryImageOfPage\":{\"@id\":\"https:\\\/\\\/gloopbaby.com\\\/fr\\\/produit\\\/collections-fr\\\/safari-fr\\\/bavoir-depaule-safari\\\/#primaryimage\"},\"image\":{\"@id\":\"https:\\\/\\\/gloopbaby.com\\\/fr\\\/produit\\\/collections-fr\\\/safari-fr\\\/bavoir-depaule-safari\\\/#primaryimage\"},\"thumbnailUrl\":\"https:\\\/\\\/gloopbaby.com\\\/wp-content\\\/uploads\\\/2026\\\/01\\\/IMG_4870-scaled.jpg\",\"datePublished\":\"2026-01-21T16:23:24+00:00\",\"dateModified\":\"2026-02-03T08:49:57+00:00\",\"description\":\"Bavoir d'\u00e9paule en coton 100 % biologique. Doux, ultra-absorbant et \u00e9cologique. Fabriqu\u00e9 au Portugal, id\u00e9al d\u00e8s la naissance. Dimensions : 42 x 26 cm\",\"breadcrumb\":{\"@id\":\"https:\\\/\\\/gloopbaby.com\\\/fr\\\/produit\\\/collections-fr\\\/safari-fr\\\/bavoir-depaule-safari\\\/#breadcrumb\"},\"inLanguage\":\"fr-FR\",\"potentialAction\":[{\"@type\":\"ReadAction\",\"target\":[\"https:\\\/\\\/gloopbaby.com\\\/fr\\\/produit\\\/collections-fr\\\/safari-fr\\\/bavoir-depaule-safari\\\/\"]}]},{\"@type\":\"ImageObject\",\"inLanguage\":\"fr-FR\",\"@id\":\"https:\\\/\\\/gloopbaby.com\\\/fr\\\/produit\\\/collections-fr\\\/safari-fr\\\/bavoir-depaule-safari\\\/#primaryimage\",\"url\":\"https:\\\/\\\/gloopbaby.com\\\/wp-content\\\/uploads\\\/2026\\\/01\\\/IMG_4870-scaled.jpg\",\"contentUrl\":\"https:\\\/\\\/gloopbaby.com\\\/wp-content\\\/uploads\\\/2026\\\/01\\\/IMG_4870-scaled.jpg\",\"width\":1707,\"height\":2560},{\"@type\":\"BreadcrumbList\",\"@id\":\"https:\\\/\\\/gloopbaby.com\\\/fr\\\/produit\\\/collections-fr\\\/safari-fr\\\/bavoir-depaule-safari\\\/#breadcrumb\",\"itemListElement\":[{\"@type\":\"ListItem\",\"position\":1,\"name\":\"In\u00edcio\",\"item\":\"https:\\\/\\\/gloopbaby.com\\\/fr\\\/\"},{\"@type\":\"ListItem\",\"position\":2,\"name\":\"Shop\",\"item\":\"https:\\\/\\\/gloopbaby.com\\\/loja\\\/\"},{\"@type\":\"ListItem\",\"position\":3,\"name\":\"Bavoir d&#8217;\u00e9paule Safari\"}]},{\"@type\":\"WebSite\",\"@id\":\"https:\\\/\\\/gloopbaby.com\\\/fr\\\/#website\",\"url\":\"https:\\\/\\\/gloopbaby.com\\\/fr\\\/\",\"name\":\"Gloop Baby\",\"description\":\"\",\"publisher\":{\"@id\":\"https:\\\/\\\/gloopbaby.com\\\/fr\\\/#organization\"},\"potentialAction\":[{\"@type\":\"SearchAction\",\"target\":{\"@type\":\"EntryPoint\",\"urlTemplate\":\"https:\\\/\\\/gloopbaby.com\\\/fr\\\/?s={search_term_string}\"},\"query-input\":{\"@type\":\"PropertyValueSpecification\",\"valueRequired\":true,\"valueName\":\"search_term_string\"}}],\"inLanguage\":\"fr-FR\"},{\"@type\":\"Organization\",\"@id\":\"https:\\\/\\\/gloopbaby.com\\\/fr\\\/#organization\",\"name\":\"Gloop Baby\",\"url\":\"https:\\\/\\\/gloopbaby.com\\\/fr\\\/\",\"logo\":{\"@type\":\"ImageObject\",\"inLanguage\":\"fr-FR\",\"@id\":\"https:\\\/\\\/gloopbaby.com\\\/fr\\\/#\\\/schema\\\/logo\\\/image\\\/\",\"url\":\"https:\\\/\\\/gloopbaby.com\\\/wp-content\\\/uploads\\\/2023\\\/06\\\/gloop-logo.svg\",\"contentUrl\":\"https:\\\/\\\/gloopbaby.com\\\/wp-content\\\/uploads\\\/2023\\\/06\\\/gloop-logo.svg\",\"width\":100,\"height\":100,\"caption\":\"Gloop Baby\"},\"image\":{\"@id\":\"https:\\\/\\\/gloopbaby.com\\\/fr\\\/#\\\/schema\\\/logo\\\/image\\\/\"}}]}<\/script>\n<!-- \/ Yoast SEO plugin. -->","yoast_head_json":{"title":"Bavoir d'\u00e9paule Safari - Gloop Baby","description":"Bavoir d'\u00e9paule en coton 100 % biologique. Doux, ultra-absorbant et \u00e9cologique. Fabriqu\u00e9 au Portugal, id\u00e9al d\u00e8s la naissance. Dimensions : 42 x 26 cm","robots":{"index":"index","follow":"follow","max-snippet":"max-snippet:-1","max-image-preview":"max-image-preview:large","max-video-preview":"max-video-preview:-1"},"canonical":"https:\/\/gloopbaby.com\/fr\/produit\/collections-fr\/safari-fr\/bavoir-depaule-safari\/","og_locale":"fr_FR","og_type":"article","og_title":"Bavoir d'\u00e9paule Safari - Gloop Baby","og_description":"Bavoir d'\u00e9paule en coton 100 % biologique. Doux, ultra-absorbant et \u00e9cologique. Fabriqu\u00e9 au Portugal, id\u00e9al d\u00e8s la naissance. Dimensions : 42 x 26 cm","og_url":"https:\/\/gloopbaby.com\/fr\/produit\/collections-fr\/safari-fr\/bavoir-depaule-safari\/","og_site_name":"Gloop Baby","article_modified_time":"2026-02-03T08:49:57+00:00","og_image":[{"width":1707,"height":2560,"url":"https:\/\/gloopbaby.com\/wp-content\/uploads\/2026\/01\/IMG_4870-scaled.jpg","type":"image\/jpeg"}],"twitter_card":"summary_large_image","twitter_misc":{"Dur\u00e9e de lecture estim\u00e9e":"2 minutes"},"schema":{"@context":"https:\/\/schema.org","@graph":[{"@type":"WebPage","@id":"https:\/\/gloopbaby.com\/fr\/produit\/collections-fr\/safari-fr\/bavoir-depaule-safari\/","url":"https:\/\/gloopbaby.com\/fr\/produit\/collections-fr\/safari-fr\/bavoir-depaule-safari\/","name":"Bavoir d'\u00e9paule Safari - Gloop Baby","isPartOf":{"@id":"https:\/\/gloopbaby.com\/fr\/#website"},"primaryImageOfPage":{"@id":"https:\/\/gloopbaby.com\/fr\/produit\/collections-fr\/safari-fr\/bavoir-depaule-safari\/#primaryimage"},"image":{"@id":"https:\/\/gloopbaby.com\/fr\/produit\/collections-fr\/safari-fr\/bavoir-depaule-safari\/#primaryimage"},"thumbnailUrl":"https:\/\/gloopbaby.com\/wp-content\/uploads\/2026\/01\/IMG_4870-scaled.jpg","datePublished":"2026-01-21T16:23:24+00:00","dateModified":"2026-02-03T08:49:57+00:00","description":"Bavoir d'\u00e9paule en coton 100 % biologique. Doux, ultra-absorbant et \u00e9cologique. Fabriqu\u00e9 au Portugal, id\u00e9al d\u00e8s la naissance. Dimensions : 42 x 26 cm","breadcrumb":{"@id":"https:\/\/gloopbaby.com\/fr\/produit\/collections-fr\/safari-fr\/bavoir-depaule-safari\/#breadcrumb"},"inLanguage":"fr-FR","potentialAction":[{"@type":"ReadAction","target":["https:\/\/gloopbaby.com\/fr\/produit\/collections-fr\/safari-fr\/bavoir-depaule-safari\/"]}]},{"@type":"ImageObject","inLanguage":"fr-FR","@id":"https:\/\/gloopbaby.com\/fr\/produit\/collections-fr\/safari-fr\/bavoir-depaule-safari\/#primaryimage","url":"https:\/\/gloopbaby.com\/wp-content\/uploads\/2026\/01\/IMG_4870-scaled.jpg","contentUrl":"https:\/\/gloopbaby.com\/wp-content\/uploads\/2026\/01\/IMG_4870-scaled.jpg","width":1707,"height":2560},{"@type":"BreadcrumbList","@id":"https:\/\/gloopbaby.com\/fr\/produit\/collections-fr\/safari-fr\/bavoir-depaule-safari\/#breadcrumb","itemListElement":[{"@type":"ListItem","position":1,"name":"In\u00edcio","item":"https:\/\/gloopbaby.com\/fr\/"},{"@type":"ListItem","position":2,"name":"Shop","item":"https:\/\/gloopbaby.com\/loja\/"},{"@type":"ListItem","position":3,"name":"Bavoir d&#8217;\u00e9paule Safari"}]},{"@type":"WebSite","@id":"https:\/\/gloopbaby.com\/fr\/#website","url":"https:\/\/gloopbaby.com\/fr\/","name":"Gloop Baby","description":"","publisher":{"@id":"https:\/\/gloopbaby.com\/fr\/#organization"},"potentialAction":[{"@type":"SearchAction","target":{"@type":"EntryPoint","urlTemplate":"https:\/\/gloopbaby.com\/fr\/?s={search_term_string}"},"query-input":{"@type":"PropertyValueSpecification","valueRequired":true,"valueName":"search_term_string"}}],"inLanguage":"fr-FR"},{"@type":"Organization","@id":"https:\/\/gloopbaby.com\/fr\/#organization","name":"Gloop Baby","url":"https:\/\/gloopbaby.com\/fr\/","logo":{"@type":"ImageObject","inLanguage":"fr-FR","@id":"https:\/\/gloopbaby.com\/fr\/#\/schema\/logo\/image\/","url":"https:\/\/gloopbaby.com\/wp-content\/uploads\/2023\/06\/gloop-logo.svg","contentUrl":"https:\/\/gloopbaby.com\/wp-content\/uploads\/2023\/06\/gloop-logo.svg","width":100,"height":100,"caption":"Gloop Baby"},"image":{"@id":"https:\/\/gloopbaby.com\/fr\/#\/schema\/logo\/image\/"}}]}},"_links":{"self":[{"href":"https:\/\/gloopbaby.com\/fr\/wp-json\/wp\/v2\/product\/142617","targetHints":{"allow":["GET"]}}],"collection":[{"href":"https:\/\/gloopbaby.com\/fr\/wp-json\/wp\/v2\/product"}],"about":[{"href":"https:\/\/gloopbaby.com\/fr\/wp-json\/wp\/v2\/types\/product"}],"replies":[{"embeddable":true,"href":"https:\/\/gloopbaby.com\/fr\/wp-json\/wp\/v2\/comments?post=142617"}],"wp:featuredmedia":[{"embeddable":true,"href":"https:\/\/gloopbaby.com\/fr\/wp-json\/wp\/v2\/media\/142632"}],"wp:attachment":[{"href":"https:\/\/gloopbaby.com\/fr\/wp-json\/wp\/v2\/media?parent=142617"}],"wp:term":[{"taxonomy":"product_brand","embeddable":true,"href":"https:\/\/gloopbaby.com\/fr\/wp-json\/wp\/v2\/product_brand?post=142617"},{"taxonomy":"product_cat","embeddable":true,"href":"https:\/\/gloopbaby.com\/fr\/wp-json\/wp\/v2\/product_cat?post=142617"},{"taxonomy":"product_tag","embeddable":true,"href":"https:\/\/gloopbaby.com\/fr\/wp-json\/wp\/v2\/product_tag?post=142617"}],"curies":[{"name":"wp","href":"https:\/\/api.w.org\/{rel}","templated":true}]}}