{"id":141633,"date":"2025-11-28T09:51:45","date_gmt":"2025-11-28T09:51:45","guid":{"rendered":"https:\/\/gloopbaby.com\/?post_type=product&#038;p=141633"},"modified":"2025-12-03T08:03:31","modified_gmt":"2025-12-03T08:03:31","slug":"grenouillere-dete-little-garden","status":"publish","type":"product","link":"https:\/\/gloopbaby.com\/fr\/produit\/collections-fr\/little-garden-fr\/grenouillere-dete-little-garden\/","title":{"rendered":"Grenouill\u00e8re d&rsquo;\u00c9t\u00e9 Little Garden"},"content":{"rendered":"<p>Frais et pratique, le Grenouill\u00e8re d&rsquo;\u00e9t\u00e9 gloop! est con\u00e7u pour un confort parfait pour votre b\u00e9b\u00e9. Grenouill\u00e8re \u00e0 manches longues avec col lamin\u00e9 en doux coton bio. Boutons de pression sur le devant et les jambes. 100% coton biologique et \u00e9cologique et fabriqu\u00e9 au Portugal. Taille: 0 mois (50cm-55cm) | 1-3 mois (55cm-62cm) | 3-6 mois (62cm-68cm) | 6-9 mois (68cm-74cm)<\/p>\n","protected":false},"excerpt":{"rendered":"<p>Frais et pratique, le Grenouill\u00e8re d&rsquo;\u00e9t\u00e9 gloop! est con\u00e7u pour un confort parfait pour votre b\u00e9b\u00e9. Grenouill\u00e8re \u00e0 manches longues avec col lamin\u00e9 en doux coton bio. Boutons de pression sur le devant et les jambes. 100% coton biologique et \u00e9cologique et fabriqu\u00e9 au Portugal. Taille: 0 mois (50cm-55cm) | 1-3 mois (55cm-62cm) | 3-6 [&hellip;]<\/p>\n","protected":false},"featured_media":141290,"comment_status":"closed","ping_status":"closed","template":"","meta":{"_acf_changed":false},"product_brand":[],"product_cat":[1582,1388,1389,1942,1370],"product_tag":[],"class_list":{"0":"post-141633","1":"product","2":"type-product","3":"status-publish","4":"has-post-thumbnail","6":"product_cat-collections-fr","7":"product_cat-grenouillere-fr","8":"product_cat-grenouillere-dete-fr","9":"product_cat-little-garden-fr","10":"product_cat-clothing-fr","12":"first","13":"instock","14":"taxable","15":"shipping-taxable","16":"purchasable","17":"product-type-variable"},"acf":[],"yoast_head":"<!-- This site is optimized with the Yoast SEO plugin v27.3 - https:\/\/yoast.com\/product\/yoast-seo-wordpress\/ -->\n<title>Grenouill\u00e8re d&#039;\u00c9t\u00e9 Little Garden en Coton bio | Produits pour b\u00e9b\u00e9 - Gloop Baby<\/title>\n<meta name=\"description\" content=\"Frais et pratique, le Grenouill\u00e8re d&#039;\u00e9t\u00e9 gloop! est con\u00e7u pour un confort parfait pour votre b\u00e9b\u00e9. Manches longues avec col lamin\u00e9. 100% coton biologique\" \/>\n<meta name=\"robots\" content=\"index, follow, max-snippet:-1, max-image-preview:large, max-video-preview:-1\" \/>\n<link rel=\"canonical\" href=\"https:\/\/gloopbaby.com\/fr\/produit\/collections-fr\/little-garden-fr\/grenouillere-dete-little-garden\/\" \/>\n<meta property=\"og:locale\" content=\"fr_FR\" \/>\n<meta property=\"og:type\" content=\"article\" \/>\n<meta property=\"og:title\" content=\"Grenouill\u00e8re d&#039;\u00c9t\u00e9 Little Garden en Coton bio | Produits pour b\u00e9b\u00e9 - Gloop Baby\" \/>\n<meta property=\"og:description\" content=\"Frais et pratique, le Grenouill\u00e8re d&#039;\u00e9t\u00e9 gloop! est con\u00e7u pour un confort parfait pour votre b\u00e9b\u00e9. Manches longues avec col lamin\u00e9. 100% coton biologique\" \/>\n<meta property=\"og:url\" content=\"https:\/\/gloopbaby.com\/fr\/produit\/collections-fr\/little-garden-fr\/grenouillere-dete-little-garden\/\" \/>\n<meta property=\"og:site_name\" content=\"Gloop Baby\" \/>\n<meta property=\"article:modified_time\" content=\"2025-12-03T08:03:31+00:00\" \/>\n<meta property=\"og:image\" content=\"https:\/\/gloopbaby.com\/wp-content\/uploads\/2025\/10\/edredon-little-garden-3.jpg\" \/>\n\t<meta property=\"og:image:width\" content=\"600\" \/>\n\t<meta property=\"og:image:height\" content=\"900\" \/>\n\t<meta property=\"og:image:type\" content=\"image\/jpeg\" \/>\n<meta name=\"twitter:card\" content=\"summary_large_image\" \/>\n<meta name=\"twitter:label1\" content=\"Dur\u00e9e de lecture estim\u00e9e\" \/>\n\t<meta name=\"twitter:data1\" content=\"1 minute\" \/>\n<script type=\"application\/ld+json\" class=\"yoast-schema-graph\">{\"@context\":\"https:\\\/\\\/schema.org\",\"@graph\":[{\"@type\":\"WebPage\",\"@id\":\"https:\\\/\\\/gloopbaby.com\\\/fr\\\/produit\\\/collections-fr\\\/little-garden-fr\\\/grenouillere-dete-little-garden\\\/\",\"url\":\"https:\\\/\\\/gloopbaby.com\\\/fr\\\/produit\\\/collections-fr\\\/little-garden-fr\\\/grenouillere-dete-little-garden\\\/\",\"name\":\"Grenouill\u00e8re d'\u00c9t\u00e9 Little Garden en Coton bio | Produits pour b\u00e9b\u00e9 - Gloop Baby\",\"isPartOf\":{\"@id\":\"https:\\\/\\\/gloopbaby.com\\\/fr\\\/#website\"},\"primaryImageOfPage\":{\"@id\":\"https:\\\/\\\/gloopbaby.com\\\/fr\\\/produit\\\/collections-fr\\\/little-garden-fr\\\/grenouillere-dete-little-garden\\\/#primaryimage\"},\"image\":{\"@id\":\"https:\\\/\\\/gloopbaby.com\\\/fr\\\/produit\\\/collections-fr\\\/little-garden-fr\\\/grenouillere-dete-little-garden\\\/#primaryimage\"},\"thumbnailUrl\":\"https:\\\/\\\/gloopbaby.com\\\/wp-content\\\/uploads\\\/2025\\\/10\\\/edredon-little-garden-3.jpg\",\"datePublished\":\"2025-11-28T09:51:45+00:00\",\"dateModified\":\"2025-12-03T08:03:31+00:00\",\"description\":\"Frais et pratique, le Grenouill\u00e8re d'\u00e9t\u00e9 gloop! est con\u00e7u pour un confort parfait pour votre b\u00e9b\u00e9. Manches longues avec col lamin\u00e9. 100% coton biologique\",\"breadcrumb\":{\"@id\":\"https:\\\/\\\/gloopbaby.com\\\/fr\\\/produit\\\/collections-fr\\\/little-garden-fr\\\/grenouillere-dete-little-garden\\\/#breadcrumb\"},\"inLanguage\":\"fr-FR\",\"potentialAction\":[{\"@type\":\"ReadAction\",\"target\":[\"https:\\\/\\\/gloopbaby.com\\\/fr\\\/produit\\\/collections-fr\\\/little-garden-fr\\\/grenouillere-dete-little-garden\\\/\"]}]},{\"@type\":\"ImageObject\",\"inLanguage\":\"fr-FR\",\"@id\":\"https:\\\/\\\/gloopbaby.com\\\/fr\\\/produit\\\/collections-fr\\\/little-garden-fr\\\/grenouillere-dete-little-garden\\\/#primaryimage\",\"url\":\"https:\\\/\\\/gloopbaby.com\\\/wp-content\\\/uploads\\\/2025\\\/10\\\/edredon-little-garden-3.jpg\",\"contentUrl\":\"https:\\\/\\\/gloopbaby.com\\\/wp-content\\\/uploads\\\/2025\\\/10\\\/edredon-little-garden-3.jpg\",\"width\":600,\"height\":900},{\"@type\":\"BreadcrumbList\",\"@id\":\"https:\\\/\\\/gloopbaby.com\\\/fr\\\/produit\\\/collections-fr\\\/little-garden-fr\\\/grenouillere-dete-little-garden\\\/#breadcrumb\",\"itemListElement\":[{\"@type\":\"ListItem\",\"position\":1,\"name\":\"In\u00edcio\",\"item\":\"https:\\\/\\\/gloopbaby.com\\\/fr\\\/\"},{\"@type\":\"ListItem\",\"position\":2,\"name\":\"Shop\",\"item\":\"https:\\\/\\\/gloopbaby.com\\\/loja\\\/\"},{\"@type\":\"ListItem\",\"position\":3,\"name\":\"Grenouill\u00e8re d&#8217;\u00c9t\u00e9 Little Garden\"}]},{\"@type\":\"WebSite\",\"@id\":\"https:\\\/\\\/gloopbaby.com\\\/fr\\\/#website\",\"url\":\"https:\\\/\\\/gloopbaby.com\\\/fr\\\/\",\"name\":\"Gloop Baby\",\"description\":\"\",\"publisher\":{\"@id\":\"https:\\\/\\\/gloopbaby.com\\\/fr\\\/#organization\"},\"potentialAction\":[{\"@type\":\"SearchAction\",\"target\":{\"@type\":\"EntryPoint\",\"urlTemplate\":\"https:\\\/\\\/gloopbaby.com\\\/fr\\\/?s={search_term_string}\"},\"query-input\":{\"@type\":\"PropertyValueSpecification\",\"valueRequired\":true,\"valueName\":\"search_term_string\"}}],\"inLanguage\":\"fr-FR\"},{\"@type\":\"Organization\",\"@id\":\"https:\\\/\\\/gloopbaby.com\\\/fr\\\/#organization\",\"name\":\"Gloop Baby\",\"url\":\"https:\\\/\\\/gloopbaby.com\\\/fr\\\/\",\"logo\":{\"@type\":\"ImageObject\",\"inLanguage\":\"fr-FR\",\"@id\":\"https:\\\/\\\/gloopbaby.com\\\/fr\\\/#\\\/schema\\\/logo\\\/image\\\/\",\"url\":\"https:\\\/\\\/gloopbaby.com\\\/wp-content\\\/uploads\\\/2023\\\/06\\\/gloop-logo.svg\",\"contentUrl\":\"https:\\\/\\\/gloopbaby.com\\\/wp-content\\\/uploads\\\/2023\\\/06\\\/gloop-logo.svg\",\"width\":100,\"height\":100,\"caption\":\"Gloop Baby\"},\"image\":{\"@id\":\"https:\\\/\\\/gloopbaby.com\\\/fr\\\/#\\\/schema\\\/logo\\\/image\\\/\"}}]}<\/script>\n<!-- \/ Yoast SEO plugin. -->","yoast_head_json":{"title":"Grenouill\u00e8re d'\u00c9t\u00e9 Little Garden en Coton bio | Produits pour b\u00e9b\u00e9 - Gloop Baby","description":"Frais et pratique, le Grenouill\u00e8re d'\u00e9t\u00e9 gloop! est con\u00e7u pour un confort parfait pour votre b\u00e9b\u00e9. Manches longues avec col lamin\u00e9. 100% coton biologique","robots":{"index":"index","follow":"follow","max-snippet":"max-snippet:-1","max-image-preview":"max-image-preview:large","max-video-preview":"max-video-preview:-1"},"canonical":"https:\/\/gloopbaby.com\/fr\/produit\/collections-fr\/little-garden-fr\/grenouillere-dete-little-garden\/","og_locale":"fr_FR","og_type":"article","og_title":"Grenouill\u00e8re d'\u00c9t\u00e9 Little Garden en Coton bio | Produits pour b\u00e9b\u00e9 - Gloop Baby","og_description":"Frais et pratique, le Grenouill\u00e8re d'\u00e9t\u00e9 gloop! est con\u00e7u pour un confort parfait pour votre b\u00e9b\u00e9. Manches longues avec col lamin\u00e9. 100% coton biologique","og_url":"https:\/\/gloopbaby.com\/fr\/produit\/collections-fr\/little-garden-fr\/grenouillere-dete-little-garden\/","og_site_name":"Gloop Baby","article_modified_time":"2025-12-03T08:03:31+00:00","og_image":[{"width":600,"height":900,"url":"https:\/\/gloopbaby.com\/wp-content\/uploads\/2025\/10\/edredon-little-garden-3.jpg","type":"image\/jpeg"}],"twitter_card":"summary_large_image","twitter_misc":{"Dur\u00e9e de lecture estim\u00e9e":"1 minute"},"schema":{"@context":"https:\/\/schema.org","@graph":[{"@type":"WebPage","@id":"https:\/\/gloopbaby.com\/fr\/produit\/collections-fr\/little-garden-fr\/grenouillere-dete-little-garden\/","url":"https:\/\/gloopbaby.com\/fr\/produit\/collections-fr\/little-garden-fr\/grenouillere-dete-little-garden\/","name":"Grenouill\u00e8re d'\u00c9t\u00e9 Little Garden en Coton bio | Produits pour b\u00e9b\u00e9 - Gloop Baby","isPartOf":{"@id":"https:\/\/gloopbaby.com\/fr\/#website"},"primaryImageOfPage":{"@id":"https:\/\/gloopbaby.com\/fr\/produit\/collections-fr\/little-garden-fr\/grenouillere-dete-little-garden\/#primaryimage"},"image":{"@id":"https:\/\/gloopbaby.com\/fr\/produit\/collections-fr\/little-garden-fr\/grenouillere-dete-little-garden\/#primaryimage"},"thumbnailUrl":"https:\/\/gloopbaby.com\/wp-content\/uploads\/2025\/10\/edredon-little-garden-3.jpg","datePublished":"2025-11-28T09:51:45+00:00","dateModified":"2025-12-03T08:03:31+00:00","description":"Frais et pratique, le Grenouill\u00e8re d'\u00e9t\u00e9 gloop! est con\u00e7u pour un confort parfait pour votre b\u00e9b\u00e9. Manches longues avec col lamin\u00e9. 100% coton biologique","breadcrumb":{"@id":"https:\/\/gloopbaby.com\/fr\/produit\/collections-fr\/little-garden-fr\/grenouillere-dete-little-garden\/#breadcrumb"},"inLanguage":"fr-FR","potentialAction":[{"@type":"ReadAction","target":["https:\/\/gloopbaby.com\/fr\/produit\/collections-fr\/little-garden-fr\/grenouillere-dete-little-garden\/"]}]},{"@type":"ImageObject","inLanguage":"fr-FR","@id":"https:\/\/gloopbaby.com\/fr\/produit\/collections-fr\/little-garden-fr\/grenouillere-dete-little-garden\/#primaryimage","url":"https:\/\/gloopbaby.com\/wp-content\/uploads\/2025\/10\/edredon-little-garden-3.jpg","contentUrl":"https:\/\/gloopbaby.com\/wp-content\/uploads\/2025\/10\/edredon-little-garden-3.jpg","width":600,"height":900},{"@type":"BreadcrumbList","@id":"https:\/\/gloopbaby.com\/fr\/produit\/collections-fr\/little-garden-fr\/grenouillere-dete-little-garden\/#breadcrumb","itemListElement":[{"@type":"ListItem","position":1,"name":"In\u00edcio","item":"https:\/\/gloopbaby.com\/fr\/"},{"@type":"ListItem","position":2,"name":"Shop","item":"https:\/\/gloopbaby.com\/loja\/"},{"@type":"ListItem","position":3,"name":"Grenouill\u00e8re d&#8217;\u00c9t\u00e9 Little Garden"}]},{"@type":"WebSite","@id":"https:\/\/gloopbaby.com\/fr\/#website","url":"https:\/\/gloopbaby.com\/fr\/","name":"Gloop Baby","description":"","publisher":{"@id":"https:\/\/gloopbaby.com\/fr\/#organization"},"potentialAction":[{"@type":"SearchAction","target":{"@type":"EntryPoint","urlTemplate":"https:\/\/gloopbaby.com\/fr\/?s={search_term_string}"},"query-input":{"@type":"PropertyValueSpecification","valueRequired":true,"valueName":"search_term_string"}}],"inLanguage":"fr-FR"},{"@type":"Organization","@id":"https:\/\/gloopbaby.com\/fr\/#organization","name":"Gloop Baby","url":"https:\/\/gloopbaby.com\/fr\/","logo":{"@type":"ImageObject","inLanguage":"fr-FR","@id":"https:\/\/gloopbaby.com\/fr\/#\/schema\/logo\/image\/","url":"https:\/\/gloopbaby.com\/wp-content\/uploads\/2023\/06\/gloop-logo.svg","contentUrl":"https:\/\/gloopbaby.com\/wp-content\/uploads\/2023\/06\/gloop-logo.svg","width":100,"height":100,"caption":"Gloop Baby"},"image":{"@id":"https:\/\/gloopbaby.com\/fr\/#\/schema\/logo\/image\/"}}]}},"_links":{"self":[{"href":"https:\/\/gloopbaby.com\/fr\/wp-json\/wp\/v2\/product\/141633","targetHints":{"allow":["GET"]}}],"collection":[{"href":"https:\/\/gloopbaby.com\/fr\/wp-json\/wp\/v2\/product"}],"about":[{"href":"https:\/\/gloopbaby.com\/fr\/wp-json\/wp\/v2\/types\/product"}],"replies":[{"embeddable":true,"href":"https:\/\/gloopbaby.com\/fr\/wp-json\/wp\/v2\/comments?post=141633"}],"wp:featuredmedia":[{"embeddable":true,"href":"https:\/\/gloopbaby.com\/fr\/wp-json\/wp\/v2\/media\/141290"}],"wp:attachment":[{"href":"https:\/\/gloopbaby.com\/fr\/wp-json\/wp\/v2\/media?parent=141633"}],"wp:term":[{"taxonomy":"product_brand","embeddable":true,"href":"https:\/\/gloopbaby.com\/fr\/wp-json\/wp\/v2\/product_brand?post=141633"},{"taxonomy":"product_cat","embeddable":true,"href":"https:\/\/gloopbaby.com\/fr\/wp-json\/wp\/v2\/product_cat?post=141633"},{"taxonomy":"product_tag","embeddable":true,"href":"https:\/\/gloopbaby.com\/fr\/wp-json\/wp\/v2\/product_tag?post=141633"}],"curies":[{"name":"wp","href":"https:\/\/api.w.org\/{rel}","templated":true}]}}