{"id":141453,"date":"2025-11-27T15:20:18","date_gmt":"2025-11-27T15:20:18","guid":{"rendered":"https:\/\/gloopbaby.com\/?post_type=product&#038;p=141453"},"modified":"2025-12-03T08:10:05","modified_gmt":"2025-12-03T08:10:05","slug":"nid-dange-little-garden","status":"publish","type":"product","link":"https:\/\/gloopbaby.com\/fr\/produit\/collections-fr\/little-garden-fr\/nid-dange-little-garden\/","title":{"rendered":"Nid d\u2019ange Little Garden"},"content":{"rendered":"<p>Chaud et douillet, notre nid d&rsquo;ange permet un sommeil tranquille et douillet \u00e0 b\u00e9b\u00e9. Facile et pratique \u00e0 utiliser dans Mo\u00efse, lit ou si\u00e8ge auto avec 3 ouvertures pour ceintures de s\u00e9curit\u00e9. Certifi\u00e9s 100% Bio et \u00e9cologique et fabriqu\u00e9 au Portugal nos produits sont non allerg\u00e8nes et sans m\u00e9taux lourds. Taille: 80x40cm | TOG 2.0<\/p>\n","protected":false},"excerpt":{"rendered":"<p>Chaud et douillet, notre nid d&rsquo;ange permet un sommeil tranquille et douillet \u00e0 b\u00e9b\u00e9. Facile et pratique \u00e0 utiliser dans Mo\u00efse, lit ou si\u00e8ge auto avec 3 ouvertures pour ceintures de s\u00e9curit\u00e9. Certifi\u00e9s 100% Bio et \u00e9cologique et fabriqu\u00e9 au Portugal nos produits sont non allerg\u00e8nes et sans m\u00e9taux lourds. Taille: 80x40cm | TOG 2.0<\/p>\n","protected":false},"featured_media":141462,"comment_status":"closed","ping_status":"closed","template":"","meta":{"_acf_changed":false},"product_brand":[],"product_cat":[1582,1479,1490,1478,1942,1498],"product_tag":[],"class_list":{"0":"post-141453","1":"product","2":"type-product","3":"status-publish","4":"has-post-thumbnail","6":"product_cat-collections-fr","7":"product_cat-gigoteuse-fr","8":"product_cat-gigoteuse-dhiver","9":"product_cat-home-and-sleep-fr","10":"product_cat-little-garden-fr","11":"product_cat-nid-dange-fr","13":"first","14":"instock","15":"taxable","16":"shipping-taxable","17":"purchasable","18":"product-type-simple"},"acf":[],"yoast_head":"<!-- This site is optimized with the Yoast SEO plugin v27.3 - https:\/\/yoast.com\/product\/yoast-seo-wordpress\/ -->\n<title>Nid d\u2019ange Little Garden - Gloop Baby<\/title>\n<meta name=\"robots\" content=\"index, follow, max-snippet:-1, max-image-preview:large, max-video-preview:-1\" \/>\n<link rel=\"canonical\" href=\"https:\/\/gloopbaby.com\/fr\/produit\/collections-fr\/little-garden-fr\/nid-dange-little-garden\/\" \/>\n<meta property=\"og:locale\" content=\"fr_FR\" \/>\n<meta property=\"og:type\" content=\"article\" \/>\n<meta property=\"og:title\" content=\"Nid d\u2019ange Little Garden - Gloop Baby\" \/>\n<meta property=\"og:description\" content=\"Chaud et douillet, notre nid d&rsquo;ange permet un sommeil tranquille et douillet \u00e0 b\u00e9b\u00e9. Facile et pratique \u00e0 utiliser dans Mo\u00efse, lit ou si\u00e8ge auto avec 3 ouvertures pour ceintures de s\u00e9curit\u00e9. Certifi\u00e9s 100% Bio et \u00e9cologique et fabriqu\u00e9 au Portugal nos produits sont non allerg\u00e8nes et sans m\u00e9taux lourds. Taille: 80x40cm | TOG 2.0\" \/>\n<meta property=\"og:url\" content=\"https:\/\/gloopbaby.com\/fr\/produit\/collections-fr\/little-garden-fr\/nid-dange-little-garden\/\" \/>\n<meta property=\"og:site_name\" content=\"Gloop Baby\" \/>\n<meta property=\"article:modified_time\" content=\"2025-12-03T08:10:05+00:00\" \/>\n<meta property=\"og:image\" content=\"https:\/\/gloopbaby.com\/wp-content\/uploads\/2025\/11\/saco-ninho-little-garden-2.jpg\" \/>\n\t<meta property=\"og:image:width\" content=\"600\" \/>\n\t<meta property=\"og:image:height\" content=\"900\" \/>\n\t<meta property=\"og:image:type\" content=\"image\/jpeg\" \/>\n<meta name=\"twitter:card\" content=\"summary_large_image\" \/>\n<meta name=\"twitter:label1\" content=\"Dur\u00e9e de lecture estim\u00e9e\" \/>\n\t<meta name=\"twitter:data1\" content=\"1 minute\" \/>\n<script type=\"application\/ld+json\" class=\"yoast-schema-graph\">{\"@context\":\"https:\\\/\\\/schema.org\",\"@graph\":[{\"@type\":\"WebPage\",\"@id\":\"https:\\\/\\\/gloopbaby.com\\\/fr\\\/produit\\\/collections-fr\\\/little-garden-fr\\\/nid-dange-little-garden\\\/\",\"url\":\"https:\\\/\\\/gloopbaby.com\\\/fr\\\/produit\\\/collections-fr\\\/little-garden-fr\\\/nid-dange-little-garden\\\/\",\"name\":\"Nid d\u2019ange Little Garden - Gloop Baby\",\"isPartOf\":{\"@id\":\"https:\\\/\\\/gloopbaby.com\\\/fr\\\/#website\"},\"primaryImageOfPage\":{\"@id\":\"https:\\\/\\\/gloopbaby.com\\\/fr\\\/produit\\\/collections-fr\\\/little-garden-fr\\\/nid-dange-little-garden\\\/#primaryimage\"},\"image\":{\"@id\":\"https:\\\/\\\/gloopbaby.com\\\/fr\\\/produit\\\/collections-fr\\\/little-garden-fr\\\/nid-dange-little-garden\\\/#primaryimage\"},\"thumbnailUrl\":\"https:\\\/\\\/gloopbaby.com\\\/wp-content\\\/uploads\\\/2025\\\/11\\\/saco-ninho-little-garden-2.jpg\",\"datePublished\":\"2025-11-27T15:20:18+00:00\",\"dateModified\":\"2025-12-03T08:10:05+00:00\",\"breadcrumb\":{\"@id\":\"https:\\\/\\\/gloopbaby.com\\\/fr\\\/produit\\\/collections-fr\\\/little-garden-fr\\\/nid-dange-little-garden\\\/#breadcrumb\"},\"inLanguage\":\"fr-FR\",\"potentialAction\":[{\"@type\":\"ReadAction\",\"target\":[\"https:\\\/\\\/gloopbaby.com\\\/fr\\\/produit\\\/collections-fr\\\/little-garden-fr\\\/nid-dange-little-garden\\\/\"]}]},{\"@type\":\"ImageObject\",\"inLanguage\":\"fr-FR\",\"@id\":\"https:\\\/\\\/gloopbaby.com\\\/fr\\\/produit\\\/collections-fr\\\/little-garden-fr\\\/nid-dange-little-garden\\\/#primaryimage\",\"url\":\"https:\\\/\\\/gloopbaby.com\\\/wp-content\\\/uploads\\\/2025\\\/11\\\/saco-ninho-little-garden-2.jpg\",\"contentUrl\":\"https:\\\/\\\/gloopbaby.com\\\/wp-content\\\/uploads\\\/2025\\\/11\\\/saco-ninho-little-garden-2.jpg\",\"width\":600,\"height\":900},{\"@type\":\"BreadcrumbList\",\"@id\":\"https:\\\/\\\/gloopbaby.com\\\/fr\\\/produit\\\/collections-fr\\\/little-garden-fr\\\/nid-dange-little-garden\\\/#breadcrumb\",\"itemListElement\":[{\"@type\":\"ListItem\",\"position\":1,\"name\":\"In\u00edcio\",\"item\":\"https:\\\/\\\/gloopbaby.com\\\/fr\\\/\"},{\"@type\":\"ListItem\",\"position\":2,\"name\":\"Shop\",\"item\":\"https:\\\/\\\/gloopbaby.com\\\/loja\\\/\"},{\"@type\":\"ListItem\",\"position\":3,\"name\":\"Nid d\u2019ange Little Garden\"}]},{\"@type\":\"WebSite\",\"@id\":\"https:\\\/\\\/gloopbaby.com\\\/fr\\\/#website\",\"url\":\"https:\\\/\\\/gloopbaby.com\\\/fr\\\/\",\"name\":\"Gloop Baby\",\"description\":\"\",\"publisher\":{\"@id\":\"https:\\\/\\\/gloopbaby.com\\\/fr\\\/#organization\"},\"potentialAction\":[{\"@type\":\"SearchAction\",\"target\":{\"@type\":\"EntryPoint\",\"urlTemplate\":\"https:\\\/\\\/gloopbaby.com\\\/fr\\\/?s={search_term_string}\"},\"query-input\":{\"@type\":\"PropertyValueSpecification\",\"valueRequired\":true,\"valueName\":\"search_term_string\"}}],\"inLanguage\":\"fr-FR\"},{\"@type\":\"Organization\",\"@id\":\"https:\\\/\\\/gloopbaby.com\\\/fr\\\/#organization\",\"name\":\"Gloop Baby\",\"url\":\"https:\\\/\\\/gloopbaby.com\\\/fr\\\/\",\"logo\":{\"@type\":\"ImageObject\",\"inLanguage\":\"fr-FR\",\"@id\":\"https:\\\/\\\/gloopbaby.com\\\/fr\\\/#\\\/schema\\\/logo\\\/image\\\/\",\"url\":\"https:\\\/\\\/gloopbaby.com\\\/wp-content\\\/uploads\\\/2023\\\/06\\\/gloop-logo.svg\",\"contentUrl\":\"https:\\\/\\\/gloopbaby.com\\\/wp-content\\\/uploads\\\/2023\\\/06\\\/gloop-logo.svg\",\"width\":100,\"height\":100,\"caption\":\"Gloop Baby\"},\"image\":{\"@id\":\"https:\\\/\\\/gloopbaby.com\\\/fr\\\/#\\\/schema\\\/logo\\\/image\\\/\"}}]}<\/script>\n<!-- \/ Yoast SEO plugin. -->","yoast_head_json":{"title":"Nid d\u2019ange Little Garden - Gloop Baby","robots":{"index":"index","follow":"follow","max-snippet":"max-snippet:-1","max-image-preview":"max-image-preview:large","max-video-preview":"max-video-preview:-1"},"canonical":"https:\/\/gloopbaby.com\/fr\/produit\/collections-fr\/little-garden-fr\/nid-dange-little-garden\/","og_locale":"fr_FR","og_type":"article","og_title":"Nid d\u2019ange Little Garden - Gloop Baby","og_description":"Chaud et douillet, notre nid d&rsquo;ange permet un sommeil tranquille et douillet \u00e0 b\u00e9b\u00e9. Facile et pratique \u00e0 utiliser dans Mo\u00efse, lit ou si\u00e8ge auto avec 3 ouvertures pour ceintures de s\u00e9curit\u00e9. Certifi\u00e9s 100% Bio et \u00e9cologique et fabriqu\u00e9 au Portugal nos produits sont non allerg\u00e8nes et sans m\u00e9taux lourds. Taille: 80x40cm | TOG 2.0","og_url":"https:\/\/gloopbaby.com\/fr\/produit\/collections-fr\/little-garden-fr\/nid-dange-little-garden\/","og_site_name":"Gloop Baby","article_modified_time":"2025-12-03T08:10:05+00:00","og_image":[{"width":600,"height":900,"url":"https:\/\/gloopbaby.com\/wp-content\/uploads\/2025\/11\/saco-ninho-little-garden-2.jpg","type":"image\/jpeg"}],"twitter_card":"summary_large_image","twitter_misc":{"Dur\u00e9e de lecture estim\u00e9e":"1 minute"},"schema":{"@context":"https:\/\/schema.org","@graph":[{"@type":"WebPage","@id":"https:\/\/gloopbaby.com\/fr\/produit\/collections-fr\/little-garden-fr\/nid-dange-little-garden\/","url":"https:\/\/gloopbaby.com\/fr\/produit\/collections-fr\/little-garden-fr\/nid-dange-little-garden\/","name":"Nid d\u2019ange Little Garden - Gloop Baby","isPartOf":{"@id":"https:\/\/gloopbaby.com\/fr\/#website"},"primaryImageOfPage":{"@id":"https:\/\/gloopbaby.com\/fr\/produit\/collections-fr\/little-garden-fr\/nid-dange-little-garden\/#primaryimage"},"image":{"@id":"https:\/\/gloopbaby.com\/fr\/produit\/collections-fr\/little-garden-fr\/nid-dange-little-garden\/#primaryimage"},"thumbnailUrl":"https:\/\/gloopbaby.com\/wp-content\/uploads\/2025\/11\/saco-ninho-little-garden-2.jpg","datePublished":"2025-11-27T15:20:18+00:00","dateModified":"2025-12-03T08:10:05+00:00","breadcrumb":{"@id":"https:\/\/gloopbaby.com\/fr\/produit\/collections-fr\/little-garden-fr\/nid-dange-little-garden\/#breadcrumb"},"inLanguage":"fr-FR","potentialAction":[{"@type":"ReadAction","target":["https:\/\/gloopbaby.com\/fr\/produit\/collections-fr\/little-garden-fr\/nid-dange-little-garden\/"]}]},{"@type":"ImageObject","inLanguage":"fr-FR","@id":"https:\/\/gloopbaby.com\/fr\/produit\/collections-fr\/little-garden-fr\/nid-dange-little-garden\/#primaryimage","url":"https:\/\/gloopbaby.com\/wp-content\/uploads\/2025\/11\/saco-ninho-little-garden-2.jpg","contentUrl":"https:\/\/gloopbaby.com\/wp-content\/uploads\/2025\/11\/saco-ninho-little-garden-2.jpg","width":600,"height":900},{"@type":"BreadcrumbList","@id":"https:\/\/gloopbaby.com\/fr\/produit\/collections-fr\/little-garden-fr\/nid-dange-little-garden\/#breadcrumb","itemListElement":[{"@type":"ListItem","position":1,"name":"In\u00edcio","item":"https:\/\/gloopbaby.com\/fr\/"},{"@type":"ListItem","position":2,"name":"Shop","item":"https:\/\/gloopbaby.com\/loja\/"},{"@type":"ListItem","position":3,"name":"Nid d\u2019ange Little Garden"}]},{"@type":"WebSite","@id":"https:\/\/gloopbaby.com\/fr\/#website","url":"https:\/\/gloopbaby.com\/fr\/","name":"Gloop Baby","description":"","publisher":{"@id":"https:\/\/gloopbaby.com\/fr\/#organization"},"potentialAction":[{"@type":"SearchAction","target":{"@type":"EntryPoint","urlTemplate":"https:\/\/gloopbaby.com\/fr\/?s={search_term_string}"},"query-input":{"@type":"PropertyValueSpecification","valueRequired":true,"valueName":"search_term_string"}}],"inLanguage":"fr-FR"},{"@type":"Organization","@id":"https:\/\/gloopbaby.com\/fr\/#organization","name":"Gloop Baby","url":"https:\/\/gloopbaby.com\/fr\/","logo":{"@type":"ImageObject","inLanguage":"fr-FR","@id":"https:\/\/gloopbaby.com\/fr\/#\/schema\/logo\/image\/","url":"https:\/\/gloopbaby.com\/wp-content\/uploads\/2023\/06\/gloop-logo.svg","contentUrl":"https:\/\/gloopbaby.com\/wp-content\/uploads\/2023\/06\/gloop-logo.svg","width":100,"height":100,"caption":"Gloop Baby"},"image":{"@id":"https:\/\/gloopbaby.com\/fr\/#\/schema\/logo\/image\/"}}]}},"_links":{"self":[{"href":"https:\/\/gloopbaby.com\/fr\/wp-json\/wp\/v2\/product\/141453","targetHints":{"allow":["GET"]}}],"collection":[{"href":"https:\/\/gloopbaby.com\/fr\/wp-json\/wp\/v2\/product"}],"about":[{"href":"https:\/\/gloopbaby.com\/fr\/wp-json\/wp\/v2\/types\/product"}],"replies":[{"embeddable":true,"href":"https:\/\/gloopbaby.com\/fr\/wp-json\/wp\/v2\/comments?post=141453"}],"wp:featuredmedia":[{"embeddable":true,"href":"https:\/\/gloopbaby.com\/fr\/wp-json\/wp\/v2\/media\/141462"}],"wp:attachment":[{"href":"https:\/\/gloopbaby.com\/fr\/wp-json\/wp\/v2\/media?parent=141453"}],"wp:term":[{"taxonomy":"product_brand","embeddable":true,"href":"https:\/\/gloopbaby.com\/fr\/wp-json\/wp\/v2\/product_brand?post=141453"},{"taxonomy":"product_cat","embeddable":true,"href":"https:\/\/gloopbaby.com\/fr\/wp-json\/wp\/v2\/product_cat?post=141453"},{"taxonomy":"product_tag","embeddable":true,"href":"https:\/\/gloopbaby.com\/fr\/wp-json\/wp\/v2\/product_tag?post=141453"}],"curies":[{"name":"wp","href":"https:\/\/api.w.org\/{rel}","templated":true}]}}