{"id":140581,"date":"2025-11-13T12:41:24","date_gmt":"2025-11-13T12:41:24","guid":{"rendered":"https:\/\/gloopbaby.com\/?post_type=product&#038;p=140581"},"modified":"2025-11-14T09:05:15","modified_gmt":"2025-11-14T09:05:15","slug":"topponcino-farm","status":"publish","type":"product","link":"https:\/\/gloopbaby.com\/fr\/produit\/montessori\/topponcino\/topponcino-farm\/","title":{"rendered":"Topponcino Farm"},"content":{"rendered":"<pre id=\"tw-target-text\" class=\"tw-data-text tw-text-large tw-ta\" dir=\"ltr\" tabindex=\"-1\" role=\"text\" data-placeholder=\"Tradu\u00e7\u00e3o\" data-ved=\"2ahUKEwjj89qt7-6QAxWLVaQEHZPaCbkQ3ewLegQIDBAV\" aria-label=\"Texto traduzido: D\u00e9couvrez le Topponcino gloop!, un coussin de soutien pour b\u00e9b\u00e9 qui offre confort et maintien \u00e0 votre enfant. Fabriqu\u00e9 au Portugal en coton 100 % biologique. Produits pour b\u00e9b\u00e9 en coton biologique Le Topponcino gloop! est l'accessoire id\u00e9al pour cr\u00e9er un environnement accueillant et paisible pour votre b\u00e9b\u00e9 d\u00e8s la naissance. Inspir\u00e9 de la m\u00e9thode Montessori, ce coussin de soutien offre un maintien optimal, avec l'\u00e9paisseur et la s\u00e9curit\u00e9 id\u00e9ales pour assurer le confort de b\u00e9b\u00e9 durant ses premiers mois. Confectionn\u00e9 en tissu de couches 100 % coton biologique doux et respirant, le Topponcino est parfait pour \u00eatre utilis\u00e9 sur vos genoux, au lit, en poussette ou pendant l'allaitement. Avantages : Ext\u00e9rieur en coton 100 % biologique, doux pour la peau sensible de b\u00e9b\u00e9, int\u00e9rieur en polyester. Favorise un meilleur sommeil et un sentiment de s\u00e9curit\u00e9 chez b\u00e9b\u00e9. Facile \u00e0 laver et \u00e0 entretenir. Id\u00e9al pour allaiter, c\u00e2liner et porter b\u00e9b\u00e9 en toute s\u00e9curit\u00e9 et confort. Dimensions : 65 x 40 cm Le Topponcino est le cadeau id\u00e9al pour les nouveau-n\u00e9s et un indispensable pour les parents qui privil\u00e9gient le confort, l'esth\u00e9tique et le bien-\u00eatre.\"><span class=\"Y2IQFc\" lang=\"fr\">Le <strong>Topponcino<\/strong> gloop! est l'accessoire id\u00e9al pour cr\u00e9er un environnement accueillant et paisible pour votre b\u00e9b\u00e9 d\u00e8s la naissance. Inspir\u00e9 de la m\u00e9thode Montessori, ce coussin de soutien offre un maintien optimal, avec l'\u00e9paisseur et la s\u00e9curit\u00e9 id\u00e9ales pour assurer le confort de b\u00e9b\u00e9 durant ses premiers mois.\r\n\r\nConfectionn\u00e9 en tissu de couches<strong> 100% coton biologique<\/strong> doux et respirant, le Topponcino est parfait pour \u00eatre utilis\u00e9 sur vos genoux, au lit, en poussette ou pendant l'allaitement.\r\n\r\n<strong>Avantages:<\/strong>\r\n\r\n- Ext\u00e9rieur en coton 100% biologique, doux pour la peau sensible de b\u00e9b\u00e9, int\u00e9rieur en polyester.\r\n\r\n- Favorise un meilleur sommeil et un sentiment de s\u00e9curit\u00e9 chez b\u00e9b\u00e9.\r\n\r\n- Facile \u00e0 laver et \u00e0 entretenir.\r\n\r\n- Id\u00e9al pour allaiter, c\u00e2liner et porter b\u00e9b\u00e9 en toute s\u00e9curit\u00e9 et confort.\r\n\r\n- Dimensions : 65x40cm\r\n\r\nLe Topponcino est le cadeau id\u00e9al pour les nouveau-n\u00e9s et un indispensable pour les parents qui privil\u00e9gient le confort, l'esth\u00e9tique et le bien-\u00eatre.<\/span><\/pre>\n","protected":false},"excerpt":{"rendered":"<p>Le Topponcino gloop! est l&rsquo;accessoire id\u00e9al pour cr\u00e9er un environnement accueillant et paisible pour votre b\u00e9b\u00e9 d\u00e8s la naissance. Inspir\u00e9 de la m\u00e9thode Montessori, ce coussin de soutien offre un maintien optimal, avec l&rsquo;\u00e9paisseur et la s\u00e9curit\u00e9 id\u00e9ales pour assurer le confort de b\u00e9b\u00e9 durant ses premiers mois. Confectionn\u00e9 en tissu de couches 100% coton [&hellip;]<\/p>\n","protected":false},"featured_media":140592,"comment_status":"closed","ping_status":"closed","template":"","meta":{"_acf_changed":false},"product_brand":[],"product_cat":[1582,1372,1478,1960,1964],"product_tag":[],"class_list":{"0":"post-140581","1":"product","2":"type-product","3":"status-publish","4":"has-post-thumbnail","6":"product_cat-collections-fr","7":"product_cat-farm-fr","8":"product_cat-home-and-sleep-fr","9":"product_cat-montessori","10":"product_cat-topponcino","12":"first","13":"instock","14":"taxable","15":"shipping-taxable","16":"purchasable","17":"product-type-simple"},"acf":[],"yoast_head":"<!-- This site is optimized with the Yoast SEO plugin v27.3 - https:\/\/yoast.com\/product\/yoast-seo-wordpress\/ -->\n<title>Topponcino Farm | Produits b\u00e9b\u00e9 en coton biologique - Gloop Baby<\/title>\n<meta name=\"description\" content=\"D\u00e9couvrez le Topponcino gloop!, un coussin de soutien pour b\u00e9b\u00e9 qui offre confort et maintien \u00e0 votre enfant. Fabriqu\u00e9 au Portugal en coton 100% biologique.\" \/>\n<meta name=\"robots\" content=\"index, follow, max-snippet:-1, max-image-preview:large, max-video-preview:-1\" \/>\n<link rel=\"canonical\" href=\"https:\/\/gloopbaby.com\/fr\/produit\/montessori\/topponcino\/topponcino-farm\/\" \/>\n<meta property=\"og:locale\" content=\"fr_FR\" \/>\n<meta property=\"og:type\" content=\"article\" \/>\n<meta property=\"og:title\" content=\"Topponcino Farm | Produits b\u00e9b\u00e9 en coton biologique - Gloop Baby\" \/>\n<meta property=\"og:description\" content=\"D\u00e9couvrez le Topponcino gloop!, un coussin de soutien pour b\u00e9b\u00e9 qui offre confort et maintien \u00e0 votre enfant. Fabriqu\u00e9 au Portugal en coton 100% biologique.\" \/>\n<meta property=\"og:url\" content=\"https:\/\/gloopbaby.com\/fr\/produit\/montessori\/topponcino\/topponcino-farm\/\" \/>\n<meta property=\"og:site_name\" content=\"Gloop Baby\" \/>\n<meta property=\"article:modified_time\" content=\"2025-11-14T09:05:15+00:00\" \/>\n<meta property=\"og:image\" content=\"https:\/\/gloopbaby.com\/wp-content\/uploads\/2025\/11\/topponcino-farm-5.jpg\" \/>\n\t<meta property=\"og:image:width\" content=\"600\" \/>\n\t<meta property=\"og:image:height\" content=\"900\" \/>\n\t<meta property=\"og:image:type\" content=\"image\/jpeg\" \/>\n<meta name=\"twitter:card\" content=\"summary_large_image\" \/>\n<meta name=\"twitter:label1\" content=\"Dur\u00e9e de lecture estim\u00e9e\" \/>\n\t<meta name=\"twitter:data1\" content=\"1 minute\" \/>\n<script type=\"application\/ld+json\" class=\"yoast-schema-graph\">{\"@context\":\"https:\\\/\\\/schema.org\",\"@graph\":[{\"@type\":\"WebPage\",\"@id\":\"https:\\\/\\\/gloopbaby.com\\\/fr\\\/produit\\\/montessori\\\/topponcino\\\/topponcino-farm\\\/\",\"url\":\"https:\\\/\\\/gloopbaby.com\\\/fr\\\/produit\\\/montessori\\\/topponcino\\\/topponcino-farm\\\/\",\"name\":\"Topponcino Farm | Produits b\u00e9b\u00e9 en coton biologique - Gloop Baby\",\"isPartOf\":{\"@id\":\"https:\\\/\\\/gloopbaby.com\\\/fr\\\/#website\"},\"primaryImageOfPage\":{\"@id\":\"https:\\\/\\\/gloopbaby.com\\\/fr\\\/produit\\\/montessori\\\/topponcino\\\/topponcino-farm\\\/#primaryimage\"},\"image\":{\"@id\":\"https:\\\/\\\/gloopbaby.com\\\/fr\\\/produit\\\/montessori\\\/topponcino\\\/topponcino-farm\\\/#primaryimage\"},\"thumbnailUrl\":\"https:\\\/\\\/gloopbaby.com\\\/wp-content\\\/uploads\\\/2025\\\/11\\\/topponcino-farm-5.jpg\",\"datePublished\":\"2025-11-13T12:41:24+00:00\",\"dateModified\":\"2025-11-14T09:05:15+00:00\",\"description\":\"D\u00e9couvrez le Topponcino gloop!, un coussin de soutien pour b\u00e9b\u00e9 qui offre confort et maintien \u00e0 votre enfant. Fabriqu\u00e9 au Portugal en coton 100% biologique.\",\"breadcrumb\":{\"@id\":\"https:\\\/\\\/gloopbaby.com\\\/fr\\\/produit\\\/montessori\\\/topponcino\\\/topponcino-farm\\\/#breadcrumb\"},\"inLanguage\":\"fr-FR\",\"potentialAction\":[{\"@type\":\"ReadAction\",\"target\":[\"https:\\\/\\\/gloopbaby.com\\\/fr\\\/produit\\\/montessori\\\/topponcino\\\/topponcino-farm\\\/\"]}]},{\"@type\":\"ImageObject\",\"inLanguage\":\"fr-FR\",\"@id\":\"https:\\\/\\\/gloopbaby.com\\\/fr\\\/produit\\\/montessori\\\/topponcino\\\/topponcino-farm\\\/#primaryimage\",\"url\":\"https:\\\/\\\/gloopbaby.com\\\/wp-content\\\/uploads\\\/2025\\\/11\\\/topponcino-farm-5.jpg\",\"contentUrl\":\"https:\\\/\\\/gloopbaby.com\\\/wp-content\\\/uploads\\\/2025\\\/11\\\/topponcino-farm-5.jpg\",\"width\":600,\"height\":900},{\"@type\":\"BreadcrumbList\",\"@id\":\"https:\\\/\\\/gloopbaby.com\\\/fr\\\/produit\\\/montessori\\\/topponcino\\\/topponcino-farm\\\/#breadcrumb\",\"itemListElement\":[{\"@type\":\"ListItem\",\"position\":1,\"name\":\"In\u00edcio\",\"item\":\"https:\\\/\\\/gloopbaby.com\\\/fr\\\/\"},{\"@type\":\"ListItem\",\"position\":2,\"name\":\"Shop\",\"item\":\"https:\\\/\\\/gloopbaby.com\\\/loja\\\/\"},{\"@type\":\"ListItem\",\"position\":3,\"name\":\"Topponcino Farm\"}]},{\"@type\":\"WebSite\",\"@id\":\"https:\\\/\\\/gloopbaby.com\\\/fr\\\/#website\",\"url\":\"https:\\\/\\\/gloopbaby.com\\\/fr\\\/\",\"name\":\"Gloop Baby\",\"description\":\"\",\"publisher\":{\"@id\":\"https:\\\/\\\/gloopbaby.com\\\/fr\\\/#organization\"},\"potentialAction\":[{\"@type\":\"SearchAction\",\"target\":{\"@type\":\"EntryPoint\",\"urlTemplate\":\"https:\\\/\\\/gloopbaby.com\\\/fr\\\/?s={search_term_string}\"},\"query-input\":{\"@type\":\"PropertyValueSpecification\",\"valueRequired\":true,\"valueName\":\"search_term_string\"}}],\"inLanguage\":\"fr-FR\"},{\"@type\":\"Organization\",\"@id\":\"https:\\\/\\\/gloopbaby.com\\\/fr\\\/#organization\",\"name\":\"Gloop Baby\",\"url\":\"https:\\\/\\\/gloopbaby.com\\\/fr\\\/\",\"logo\":{\"@type\":\"ImageObject\",\"inLanguage\":\"fr-FR\",\"@id\":\"https:\\\/\\\/gloopbaby.com\\\/fr\\\/#\\\/schema\\\/logo\\\/image\\\/\",\"url\":\"https:\\\/\\\/gloopbaby.com\\\/wp-content\\\/uploads\\\/2023\\\/06\\\/gloop-logo.svg\",\"contentUrl\":\"https:\\\/\\\/gloopbaby.com\\\/wp-content\\\/uploads\\\/2023\\\/06\\\/gloop-logo.svg\",\"width\":100,\"height\":100,\"caption\":\"Gloop Baby\"},\"image\":{\"@id\":\"https:\\\/\\\/gloopbaby.com\\\/fr\\\/#\\\/schema\\\/logo\\\/image\\\/\"}}]}<\/script>\n<!-- \/ Yoast SEO plugin. -->","yoast_head_json":{"title":"Topponcino Farm | Produits b\u00e9b\u00e9 en coton biologique - Gloop Baby","description":"D\u00e9couvrez le Topponcino gloop!, un coussin de soutien pour b\u00e9b\u00e9 qui offre confort et maintien \u00e0 votre enfant. Fabriqu\u00e9 au Portugal en coton 100% biologique.","robots":{"index":"index","follow":"follow","max-snippet":"max-snippet:-1","max-image-preview":"max-image-preview:large","max-video-preview":"max-video-preview:-1"},"canonical":"https:\/\/gloopbaby.com\/fr\/produit\/montessori\/topponcino\/topponcino-farm\/","og_locale":"fr_FR","og_type":"article","og_title":"Topponcino Farm | Produits b\u00e9b\u00e9 en coton biologique - Gloop Baby","og_description":"D\u00e9couvrez le Topponcino gloop!, un coussin de soutien pour b\u00e9b\u00e9 qui offre confort et maintien \u00e0 votre enfant. Fabriqu\u00e9 au Portugal en coton 100% biologique.","og_url":"https:\/\/gloopbaby.com\/fr\/produit\/montessori\/topponcino\/topponcino-farm\/","og_site_name":"Gloop Baby","article_modified_time":"2025-11-14T09:05:15+00:00","og_image":[{"width":600,"height":900,"url":"https:\/\/gloopbaby.com\/wp-content\/uploads\/2025\/11\/topponcino-farm-5.jpg","type":"image\/jpeg"}],"twitter_card":"summary_large_image","twitter_misc":{"Dur\u00e9e de lecture estim\u00e9e":"1 minute"},"schema":{"@context":"https:\/\/schema.org","@graph":[{"@type":"WebPage","@id":"https:\/\/gloopbaby.com\/fr\/produit\/montessori\/topponcino\/topponcino-farm\/","url":"https:\/\/gloopbaby.com\/fr\/produit\/montessori\/topponcino\/topponcino-farm\/","name":"Topponcino Farm | Produits b\u00e9b\u00e9 en coton biologique - Gloop Baby","isPartOf":{"@id":"https:\/\/gloopbaby.com\/fr\/#website"},"primaryImageOfPage":{"@id":"https:\/\/gloopbaby.com\/fr\/produit\/montessori\/topponcino\/topponcino-farm\/#primaryimage"},"image":{"@id":"https:\/\/gloopbaby.com\/fr\/produit\/montessori\/topponcino\/topponcino-farm\/#primaryimage"},"thumbnailUrl":"https:\/\/gloopbaby.com\/wp-content\/uploads\/2025\/11\/topponcino-farm-5.jpg","datePublished":"2025-11-13T12:41:24+00:00","dateModified":"2025-11-14T09:05:15+00:00","description":"D\u00e9couvrez le Topponcino gloop!, un coussin de soutien pour b\u00e9b\u00e9 qui offre confort et maintien \u00e0 votre enfant. Fabriqu\u00e9 au Portugal en coton 100% biologique.","breadcrumb":{"@id":"https:\/\/gloopbaby.com\/fr\/produit\/montessori\/topponcino\/topponcino-farm\/#breadcrumb"},"inLanguage":"fr-FR","potentialAction":[{"@type":"ReadAction","target":["https:\/\/gloopbaby.com\/fr\/produit\/montessori\/topponcino\/topponcino-farm\/"]}]},{"@type":"ImageObject","inLanguage":"fr-FR","@id":"https:\/\/gloopbaby.com\/fr\/produit\/montessori\/topponcino\/topponcino-farm\/#primaryimage","url":"https:\/\/gloopbaby.com\/wp-content\/uploads\/2025\/11\/topponcino-farm-5.jpg","contentUrl":"https:\/\/gloopbaby.com\/wp-content\/uploads\/2025\/11\/topponcino-farm-5.jpg","width":600,"height":900},{"@type":"BreadcrumbList","@id":"https:\/\/gloopbaby.com\/fr\/produit\/montessori\/topponcino\/topponcino-farm\/#breadcrumb","itemListElement":[{"@type":"ListItem","position":1,"name":"In\u00edcio","item":"https:\/\/gloopbaby.com\/fr\/"},{"@type":"ListItem","position":2,"name":"Shop","item":"https:\/\/gloopbaby.com\/loja\/"},{"@type":"ListItem","position":3,"name":"Topponcino Farm"}]},{"@type":"WebSite","@id":"https:\/\/gloopbaby.com\/fr\/#website","url":"https:\/\/gloopbaby.com\/fr\/","name":"Gloop Baby","description":"","publisher":{"@id":"https:\/\/gloopbaby.com\/fr\/#organization"},"potentialAction":[{"@type":"SearchAction","target":{"@type":"EntryPoint","urlTemplate":"https:\/\/gloopbaby.com\/fr\/?s={search_term_string}"},"query-input":{"@type":"PropertyValueSpecification","valueRequired":true,"valueName":"search_term_string"}}],"inLanguage":"fr-FR"},{"@type":"Organization","@id":"https:\/\/gloopbaby.com\/fr\/#organization","name":"Gloop Baby","url":"https:\/\/gloopbaby.com\/fr\/","logo":{"@type":"ImageObject","inLanguage":"fr-FR","@id":"https:\/\/gloopbaby.com\/fr\/#\/schema\/logo\/image\/","url":"https:\/\/gloopbaby.com\/wp-content\/uploads\/2023\/06\/gloop-logo.svg","contentUrl":"https:\/\/gloopbaby.com\/wp-content\/uploads\/2023\/06\/gloop-logo.svg","width":100,"height":100,"caption":"Gloop Baby"},"image":{"@id":"https:\/\/gloopbaby.com\/fr\/#\/schema\/logo\/image\/"}}]}},"_links":{"self":[{"href":"https:\/\/gloopbaby.com\/fr\/wp-json\/wp\/v2\/product\/140581","targetHints":{"allow":["GET"]}}],"collection":[{"href":"https:\/\/gloopbaby.com\/fr\/wp-json\/wp\/v2\/product"}],"about":[{"href":"https:\/\/gloopbaby.com\/fr\/wp-json\/wp\/v2\/types\/product"}],"replies":[{"embeddable":true,"href":"https:\/\/gloopbaby.com\/fr\/wp-json\/wp\/v2\/comments?post=140581"}],"wp:featuredmedia":[{"embeddable":true,"href":"https:\/\/gloopbaby.com\/fr\/wp-json\/wp\/v2\/media\/140592"}],"wp:attachment":[{"href":"https:\/\/gloopbaby.com\/fr\/wp-json\/wp\/v2\/media?parent=140581"}],"wp:term":[{"taxonomy":"product_brand","embeddable":true,"href":"https:\/\/gloopbaby.com\/fr\/wp-json\/wp\/v2\/product_brand?post=140581"},{"taxonomy":"product_cat","embeddable":true,"href":"https:\/\/gloopbaby.com\/fr\/wp-json\/wp\/v2\/product_cat?post=140581"},{"taxonomy":"product_tag","embeddable":true,"href":"https:\/\/gloopbaby.com\/fr\/wp-json\/wp\/v2\/product_tag?post=140581"}],"curies":[{"name":"wp","href":"https:\/\/api.w.org\/{rel}","templated":true}]}}