{"id":140271,"date":"2025-11-12T11:49:00","date_gmt":"2025-11-12T11:49:00","guid":{"rendered":"https:\/\/gloopbaby.com\/?post_type=product&#038;p=140271"},"modified":"2025-11-12T14:01:20","modified_gmt":"2025-11-12T14:01:20","slug":"porte-lingettes-organic-green","status":"publish","type":"product","link":"https:\/\/gloopbaby.com\/fr\/produit\/on-the-go-fr\/promenade\/porte-lingettes\/porte-lingettes-organic-green\/","title":{"rendered":"Porte-lingettes Organic Green"},"content":{"rendered":"<pre id=\"tw-target-text\" class=\"tw-data-text tw-text-large tw-ta\" dir=\"ltr\" tabindex=\"-1\" role=\"text\" data-placeholder=\"Tradu\u00e7\u00e3o\" data-ved=\"2ahUKEwj6p8HDneyQAxXGTKQEHS-ENWsQ3ewLegQIDBAV\" aria-label=\"Texto traduzido: Le porte-lingettes gloop! est id\u00e9al pour une routine plus pratique et organis\u00e9e. Parfait pour ranger les lingettes humides, cet accessoire se glisse facilement dans un sac, une poussette ou lors de vos voyages. Son ouverture facile permet de sortir les lingettes en un clin d'\u0153il, et une poche suppl\u00e9mentaire permet de ranger couches, cr\u00e8mes ou autres produits essentiels. Fabriqu\u00e9 en coton 100 % biologique, ce porte-lingettes est doux, r\u00e9sistant et respectueux de la peau de b\u00e9b\u00e9. Avantages : 100 % coton biologique, fabriqu\u00e9 au Portugal Compact et facile \u00e0 transporter Id\u00e9al pour les promenades et les changes rapides Lavable et r\u00e9utilisable\"><span class=\"Y2IQFc\" lang=\"fr\">Le <strong>porte-lingettes<\/strong> gloop! est id\u00e9al pour une routine plus pratique et organis\u00e9e. Parfait pour ranger les lingettes humides, cet accessoire se glisse facilement dans un sac, une poussette ou lors de vos voyages. Son ouverture facile permet de sortir les lingettes en un clin d'\u0153il, et une poche suppl\u00e9mentaire permet de ranger couches, cr\u00e8mes ou autres produits essentiels.\r\n\r\nFabriqu\u00e9 en coton 100% biologique, ce porte-lingettes est doux, r\u00e9sistant et respectueux de la peau de b\u00e9b\u00e9.\r\n\r\n<strong>Avantages:<\/strong>\r\n\r\n- 100% coton biologique, fabriqu\u00e9 au Portugal\r\n\r\n- Compact et facile \u00e0 transporter\r\n\r\n- Id\u00e9al pour les promenades et les changes rapides\r\n\r\n- Lavable et r\u00e9utilisable<\/span><\/pre>\n","protected":false},"excerpt":{"rendered":"<p>Le porte-lingettes gloop! est id\u00e9al pour une routine plus pratique et organis\u00e9e. Parfait pour ranger les lingettes humides, cet accessoire se glisse facilement dans un sac, une poussette ou lors de vos voyages. Son ouverture facile permet de sortir les lingettes en un clin d&rsquo;\u0153il, et une poche suppl\u00e9mentaire permet de ranger couches, cr\u00e8mes ou [&hellip;]<\/p>\n","protected":false},"featured_media":140286,"comment_status":"closed","ping_status":"closed","template":"","meta":{"_acf_changed":false},"product_brand":[],"product_cat":[1582,1572,1954,1906,1424],"product_tag":[],"class_list":{"0":"post-140271","1":"product","2":"type-product","3":"status-publish","4":"has-post-thumbnail","6":"product_cat-collections-fr","7":"product_cat-organic-green-fr","8":"product_cat-porte-lingettes","9":"product_cat-promenade","10":"product_cat-on-the-go-fr","12":"first","13":"instock","14":"taxable","15":"shipping-taxable","16":"purchasable","17":"product-type-simple"},"acf":[],"yoast_head":"<!-- This site is optimized with the Yoast SEO plugin v27.3 - https:\/\/yoast.com\/product\/yoast-seo-wordpress\/ -->\n<title>Porte-lingettes Organic Green | Produits b\u00e9b\u00e9 en coton biologique - Gloop Baby<\/title>\n<meta name=\"description\" content=\"Le porte-lingettes gloop! est id\u00e9al pour ranger les lingettes humides, cet accessoire se glisse facilement dans un sac. Fabriqu\u00e9 en coton 100% biologique.\" \/>\n<meta name=\"robots\" content=\"index, follow, max-snippet:-1, max-image-preview:large, max-video-preview:-1\" \/>\n<link rel=\"canonical\" href=\"https:\/\/gloopbaby.com\/fr\/produit\/on-the-go-fr\/promenade\/porte-lingettes\/porte-lingettes-organic-green\/\" \/>\n<meta property=\"og:locale\" content=\"fr_FR\" \/>\n<meta property=\"og:type\" content=\"article\" \/>\n<meta property=\"og:title\" content=\"Porte-lingettes Organic Green | Produits b\u00e9b\u00e9 en coton biologique - Gloop Baby\" \/>\n<meta property=\"og:description\" content=\"Le porte-lingettes gloop! est id\u00e9al pour ranger les lingettes humides, cet accessoire se glisse facilement dans un sac. Fabriqu\u00e9 en coton 100% biologique.\" \/>\n<meta property=\"og:url\" content=\"https:\/\/gloopbaby.com\/fr\/produit\/on-the-go-fr\/promenade\/porte-lingettes\/porte-lingettes-organic-green\/\" \/>\n<meta property=\"og:site_name\" content=\"Gloop Baby\" \/>\n<meta property=\"article:modified_time\" content=\"2025-11-12T14:01:20+00:00\" \/>\n<meta property=\"og:image\" content=\"https:\/\/gloopbaby.com\/wp-content\/uploads\/2025\/11\/porta-toalhitas-organic-7.jpg\" \/>\n\t<meta property=\"og:image:width\" content=\"600\" \/>\n\t<meta property=\"og:image:height\" content=\"900\" \/>\n\t<meta property=\"og:image:type\" content=\"image\/jpeg\" \/>\n<meta name=\"twitter:card\" content=\"summary_large_image\" \/>\n<meta name=\"twitter:label1\" content=\"Dur\u00e9e de lecture estim\u00e9e\" \/>\n\t<meta name=\"twitter:data1\" content=\"1 minute\" \/>\n<script type=\"application\/ld+json\" class=\"yoast-schema-graph\">{\"@context\":\"https:\\\/\\\/schema.org\",\"@graph\":[{\"@type\":\"WebPage\",\"@id\":\"https:\\\/\\\/gloopbaby.com\\\/fr\\\/produit\\\/on-the-go-fr\\\/promenade\\\/porte-lingettes\\\/porte-lingettes-organic-green\\\/\",\"url\":\"https:\\\/\\\/gloopbaby.com\\\/fr\\\/produit\\\/on-the-go-fr\\\/promenade\\\/porte-lingettes\\\/porte-lingettes-organic-green\\\/\",\"name\":\"Porte-lingettes Organic Green | Produits b\u00e9b\u00e9 en coton biologique - Gloop Baby\",\"isPartOf\":{\"@id\":\"https:\\\/\\\/gloopbaby.com\\\/fr\\\/#website\"},\"primaryImageOfPage\":{\"@id\":\"https:\\\/\\\/gloopbaby.com\\\/fr\\\/produit\\\/on-the-go-fr\\\/promenade\\\/porte-lingettes\\\/porte-lingettes-organic-green\\\/#primaryimage\"},\"image\":{\"@id\":\"https:\\\/\\\/gloopbaby.com\\\/fr\\\/produit\\\/on-the-go-fr\\\/promenade\\\/porte-lingettes\\\/porte-lingettes-organic-green\\\/#primaryimage\"},\"thumbnailUrl\":\"https:\\\/\\\/gloopbaby.com\\\/wp-content\\\/uploads\\\/2025\\\/11\\\/porta-toalhitas-organic-7.jpg\",\"datePublished\":\"2025-11-12T11:49:00+00:00\",\"dateModified\":\"2025-11-12T14:01:20+00:00\",\"description\":\"Le porte-lingettes gloop! est id\u00e9al pour ranger les lingettes humides, cet accessoire se glisse facilement dans un sac. Fabriqu\u00e9 en coton 100% biologique.\",\"breadcrumb\":{\"@id\":\"https:\\\/\\\/gloopbaby.com\\\/fr\\\/produit\\\/on-the-go-fr\\\/promenade\\\/porte-lingettes\\\/porte-lingettes-organic-green\\\/#breadcrumb\"},\"inLanguage\":\"fr-FR\",\"potentialAction\":[{\"@type\":\"ReadAction\",\"target\":[\"https:\\\/\\\/gloopbaby.com\\\/fr\\\/produit\\\/on-the-go-fr\\\/promenade\\\/porte-lingettes\\\/porte-lingettes-organic-green\\\/\"]}]},{\"@type\":\"ImageObject\",\"inLanguage\":\"fr-FR\",\"@id\":\"https:\\\/\\\/gloopbaby.com\\\/fr\\\/produit\\\/on-the-go-fr\\\/promenade\\\/porte-lingettes\\\/porte-lingettes-organic-green\\\/#primaryimage\",\"url\":\"https:\\\/\\\/gloopbaby.com\\\/wp-content\\\/uploads\\\/2025\\\/11\\\/porta-toalhitas-organic-7.jpg\",\"contentUrl\":\"https:\\\/\\\/gloopbaby.com\\\/wp-content\\\/uploads\\\/2025\\\/11\\\/porta-toalhitas-organic-7.jpg\",\"width\":600,\"height\":900},{\"@type\":\"BreadcrumbList\",\"@id\":\"https:\\\/\\\/gloopbaby.com\\\/fr\\\/produit\\\/on-the-go-fr\\\/promenade\\\/porte-lingettes\\\/porte-lingettes-organic-green\\\/#breadcrumb\",\"itemListElement\":[{\"@type\":\"ListItem\",\"position\":1,\"name\":\"In\u00edcio\",\"item\":\"https:\\\/\\\/gloopbaby.com\\\/fr\\\/\"},{\"@type\":\"ListItem\",\"position\":2,\"name\":\"Shop\",\"item\":\"https:\\\/\\\/gloopbaby.com\\\/loja\\\/\"},{\"@type\":\"ListItem\",\"position\":3,\"name\":\"Porte-lingettes Organic Green\"}]},{\"@type\":\"WebSite\",\"@id\":\"https:\\\/\\\/gloopbaby.com\\\/fr\\\/#website\",\"url\":\"https:\\\/\\\/gloopbaby.com\\\/fr\\\/\",\"name\":\"Gloop Baby\",\"description\":\"\",\"publisher\":{\"@id\":\"https:\\\/\\\/gloopbaby.com\\\/fr\\\/#organization\"},\"potentialAction\":[{\"@type\":\"SearchAction\",\"target\":{\"@type\":\"EntryPoint\",\"urlTemplate\":\"https:\\\/\\\/gloopbaby.com\\\/fr\\\/?s={search_term_string}\"},\"query-input\":{\"@type\":\"PropertyValueSpecification\",\"valueRequired\":true,\"valueName\":\"search_term_string\"}}],\"inLanguage\":\"fr-FR\"},{\"@type\":\"Organization\",\"@id\":\"https:\\\/\\\/gloopbaby.com\\\/fr\\\/#organization\",\"name\":\"Gloop Baby\",\"url\":\"https:\\\/\\\/gloopbaby.com\\\/fr\\\/\",\"logo\":{\"@type\":\"ImageObject\",\"inLanguage\":\"fr-FR\",\"@id\":\"https:\\\/\\\/gloopbaby.com\\\/fr\\\/#\\\/schema\\\/logo\\\/image\\\/\",\"url\":\"https:\\\/\\\/gloopbaby.com\\\/wp-content\\\/uploads\\\/2023\\\/06\\\/gloop-logo.svg\",\"contentUrl\":\"https:\\\/\\\/gloopbaby.com\\\/wp-content\\\/uploads\\\/2023\\\/06\\\/gloop-logo.svg\",\"width\":100,\"height\":100,\"caption\":\"Gloop Baby\"},\"image\":{\"@id\":\"https:\\\/\\\/gloopbaby.com\\\/fr\\\/#\\\/schema\\\/logo\\\/image\\\/\"}}]}<\/script>\n<!-- \/ Yoast SEO plugin. -->","yoast_head_json":{"title":"Porte-lingettes Organic Green | Produits b\u00e9b\u00e9 en coton biologique - Gloop Baby","description":"Le porte-lingettes gloop! est id\u00e9al pour ranger les lingettes humides, cet accessoire se glisse facilement dans un sac. Fabriqu\u00e9 en coton 100% biologique.","robots":{"index":"index","follow":"follow","max-snippet":"max-snippet:-1","max-image-preview":"max-image-preview:large","max-video-preview":"max-video-preview:-1"},"canonical":"https:\/\/gloopbaby.com\/fr\/produit\/on-the-go-fr\/promenade\/porte-lingettes\/porte-lingettes-organic-green\/","og_locale":"fr_FR","og_type":"article","og_title":"Porte-lingettes Organic Green | Produits b\u00e9b\u00e9 en coton biologique - Gloop Baby","og_description":"Le porte-lingettes gloop! est id\u00e9al pour ranger les lingettes humides, cet accessoire se glisse facilement dans un sac. Fabriqu\u00e9 en coton 100% biologique.","og_url":"https:\/\/gloopbaby.com\/fr\/produit\/on-the-go-fr\/promenade\/porte-lingettes\/porte-lingettes-organic-green\/","og_site_name":"Gloop Baby","article_modified_time":"2025-11-12T14:01:20+00:00","og_image":[{"width":600,"height":900,"url":"https:\/\/gloopbaby.com\/wp-content\/uploads\/2025\/11\/porta-toalhitas-organic-7.jpg","type":"image\/jpeg"}],"twitter_card":"summary_large_image","twitter_misc":{"Dur\u00e9e de lecture estim\u00e9e":"1 minute"},"schema":{"@context":"https:\/\/schema.org","@graph":[{"@type":"WebPage","@id":"https:\/\/gloopbaby.com\/fr\/produit\/on-the-go-fr\/promenade\/porte-lingettes\/porte-lingettes-organic-green\/","url":"https:\/\/gloopbaby.com\/fr\/produit\/on-the-go-fr\/promenade\/porte-lingettes\/porte-lingettes-organic-green\/","name":"Porte-lingettes Organic Green | Produits b\u00e9b\u00e9 en coton biologique - Gloop Baby","isPartOf":{"@id":"https:\/\/gloopbaby.com\/fr\/#website"},"primaryImageOfPage":{"@id":"https:\/\/gloopbaby.com\/fr\/produit\/on-the-go-fr\/promenade\/porte-lingettes\/porte-lingettes-organic-green\/#primaryimage"},"image":{"@id":"https:\/\/gloopbaby.com\/fr\/produit\/on-the-go-fr\/promenade\/porte-lingettes\/porte-lingettes-organic-green\/#primaryimage"},"thumbnailUrl":"https:\/\/gloopbaby.com\/wp-content\/uploads\/2025\/11\/porta-toalhitas-organic-7.jpg","datePublished":"2025-11-12T11:49:00+00:00","dateModified":"2025-11-12T14:01:20+00:00","description":"Le porte-lingettes gloop! est id\u00e9al pour ranger les lingettes humides, cet accessoire se glisse facilement dans un sac. Fabriqu\u00e9 en coton 100% biologique.","breadcrumb":{"@id":"https:\/\/gloopbaby.com\/fr\/produit\/on-the-go-fr\/promenade\/porte-lingettes\/porte-lingettes-organic-green\/#breadcrumb"},"inLanguage":"fr-FR","potentialAction":[{"@type":"ReadAction","target":["https:\/\/gloopbaby.com\/fr\/produit\/on-the-go-fr\/promenade\/porte-lingettes\/porte-lingettes-organic-green\/"]}]},{"@type":"ImageObject","inLanguage":"fr-FR","@id":"https:\/\/gloopbaby.com\/fr\/produit\/on-the-go-fr\/promenade\/porte-lingettes\/porte-lingettes-organic-green\/#primaryimage","url":"https:\/\/gloopbaby.com\/wp-content\/uploads\/2025\/11\/porta-toalhitas-organic-7.jpg","contentUrl":"https:\/\/gloopbaby.com\/wp-content\/uploads\/2025\/11\/porta-toalhitas-organic-7.jpg","width":600,"height":900},{"@type":"BreadcrumbList","@id":"https:\/\/gloopbaby.com\/fr\/produit\/on-the-go-fr\/promenade\/porte-lingettes\/porte-lingettes-organic-green\/#breadcrumb","itemListElement":[{"@type":"ListItem","position":1,"name":"In\u00edcio","item":"https:\/\/gloopbaby.com\/fr\/"},{"@type":"ListItem","position":2,"name":"Shop","item":"https:\/\/gloopbaby.com\/loja\/"},{"@type":"ListItem","position":3,"name":"Porte-lingettes Organic Green"}]},{"@type":"WebSite","@id":"https:\/\/gloopbaby.com\/fr\/#website","url":"https:\/\/gloopbaby.com\/fr\/","name":"Gloop Baby","description":"","publisher":{"@id":"https:\/\/gloopbaby.com\/fr\/#organization"},"potentialAction":[{"@type":"SearchAction","target":{"@type":"EntryPoint","urlTemplate":"https:\/\/gloopbaby.com\/fr\/?s={search_term_string}"},"query-input":{"@type":"PropertyValueSpecification","valueRequired":true,"valueName":"search_term_string"}}],"inLanguage":"fr-FR"},{"@type":"Organization","@id":"https:\/\/gloopbaby.com\/fr\/#organization","name":"Gloop Baby","url":"https:\/\/gloopbaby.com\/fr\/","logo":{"@type":"ImageObject","inLanguage":"fr-FR","@id":"https:\/\/gloopbaby.com\/fr\/#\/schema\/logo\/image\/","url":"https:\/\/gloopbaby.com\/wp-content\/uploads\/2023\/06\/gloop-logo.svg","contentUrl":"https:\/\/gloopbaby.com\/wp-content\/uploads\/2023\/06\/gloop-logo.svg","width":100,"height":100,"caption":"Gloop Baby"},"image":{"@id":"https:\/\/gloopbaby.com\/fr\/#\/schema\/logo\/image\/"}}]}},"_links":{"self":[{"href":"https:\/\/gloopbaby.com\/fr\/wp-json\/wp\/v2\/product\/140271","targetHints":{"allow":["GET"]}}],"collection":[{"href":"https:\/\/gloopbaby.com\/fr\/wp-json\/wp\/v2\/product"}],"about":[{"href":"https:\/\/gloopbaby.com\/fr\/wp-json\/wp\/v2\/types\/product"}],"replies":[{"embeddable":true,"href":"https:\/\/gloopbaby.com\/fr\/wp-json\/wp\/v2\/comments?post=140271"}],"wp:featuredmedia":[{"embeddable":true,"href":"https:\/\/gloopbaby.com\/fr\/wp-json\/wp\/v2\/media\/140286"}],"wp:attachment":[{"href":"https:\/\/gloopbaby.com\/fr\/wp-json\/wp\/v2\/media?parent=140271"}],"wp:term":[{"taxonomy":"product_brand","embeddable":true,"href":"https:\/\/gloopbaby.com\/fr\/wp-json\/wp\/v2\/product_brand?post=140271"},{"taxonomy":"product_cat","embeddable":true,"href":"https:\/\/gloopbaby.com\/fr\/wp-json\/wp\/v2\/product_cat?post=140271"},{"taxonomy":"product_tag","embeddable":true,"href":"https:\/\/gloopbaby.com\/fr\/wp-json\/wp\/v2\/product_tag?post=140271"}],"curies":[{"name":"wp","href":"https:\/\/api.w.org\/{rel}","templated":true}]}}