{"id":140135,"date":"2025-11-11T09:42:42","date_gmt":"2025-11-11T09:42:42","guid":{"rendered":"https:\/\/gloopbaby.com\/?post_type=product&#038;p=140135"},"modified":"2025-11-14T15:29:06","modified_gmt":"2025-11-14T15:29:06","slug":"set-poussette-safari","status":"publish","type":"product","link":"https:\/\/gloopbaby.com\/fr\/produit\/sets-gloop\/set-poussette-safari\/","title":{"rendered":"Set Poussette Safari"},"content":{"rendered":"<pre id=\"tw-target-text\" class=\"tw-data-text tw-text-large tw-ta\" dir=\"ltr\" tabindex=\"-1\" role=\"text\" data-placeholder=\"Tradu\u00e7\u00e3o\" data-ved=\"2ahUKEwiOiMvfzeeQAxVfTaQEHfq9MpYQ3ewLegQIDBAV\" aria-label=\"Texto traduzido: Le kit pour poussette est id\u00e9al pour les parents qui recherchent qualit\u00e9 et confort lors de leurs promenades avec b\u00e9b\u00e9. Cet ensemble comprend un matelas \u00e0 langer portable, un distributeur de lingettes et un porte-t\u00e9tine en tissu, tous fabriqu\u00e9s en coton 100 % biologique, garantissant une douceur et un contact naturel avec la peau sensible de b\u00e9b\u00e9. Parfaits au quotidien ou \u00e0 offrir, ces produits essentiels, durables et \u00e9cologiques sont parfaits pour votre b\u00e9b\u00e9. Cultiv\u00e9 sans pesticides ni produits chimiques, le coton biologique rend ce kit non seulement plus s\u00fbr pour votre b\u00e9b\u00e9, mais aussi plus respectueux de l'environnement. poussette\"><span class=\"Y2IQFc\" lang=\"fr\">Le Set pour poussette est id\u00e9al pour les parents qui recherchent qualit\u00e9 et confort lors de leurs promenades avec b\u00e9b\u00e9. Cet ensemble comprend un matelas \u00e0 langer portable, un distributeur de lingettes et un porte-sucette en tissu, tous fabriqu\u00e9s en coton 100 % biologique, garantissant une douceur et un contact naturel avec la peau sensible de b\u00e9b\u00e9.\r\n\r\nParfaits au quotidien ou \u00e0 offrir, ces produits essentiels, durables et \u00e9cologiques sont parfaits pour votre b\u00e9b\u00e9. Cultiv\u00e9 sans pesticides ni produits chimiques, le coton biologique rend ce kit non seulement plus s\u00fbr pour votre b\u00e9b\u00e9, mais aussi plus respectueux de l'environnement.<\/span><\/pre>\n","protected":false},"excerpt":{"rendered":"<p>Le Set pour poussette est id\u00e9al pour les parents qui recherchent qualit\u00e9 et confort lors de leurs promenades avec b\u00e9b\u00e9. Cet ensemble comprend un matelas \u00e0 langer portable, un distributeur de lingettes et un porte-sucette en tissu, tous fabriqu\u00e9s en coton 100 % biologique, garantissant une douceur et un contact naturel avec la peau sensible [&hellip;]<\/p>\n","protected":false},"featured_media":140112,"comment_status":"closed","ping_status":"closed","template":"","meta":{"_acf_changed":false},"product_brand":[],"product_cat":[1950],"product_tag":[],"class_list":{"0":"post-140135","1":"product","2":"type-product","3":"status-publish","4":"has-post-thumbnail","6":"product_cat-sets-gloop","8":"first","9":"instock","10":"taxable","11":"shipping-taxable","12":"purchasable","13":"product-type-simple"},"acf":[],"yoast_head":"<!-- This site is optimized with the Yoast SEO plugin v27.3 - https:\/\/yoast.com\/product\/yoast-seo-wordpress\/ -->\n<title>Set Poussette Safari | Articles pour b\u00e9b\u00e9 en coton biologique - Gloop Baby<\/title>\n<meta name=\"description\" content=\"Ce Set pour poussette est id\u00e9al pour les parents recherchant qualit\u00e9 et confort lors de leurs promenades avec b\u00e9b\u00e9. Fabriqu\u00e9 au Portugal.\" \/>\n<meta name=\"robots\" content=\"index, follow, max-snippet:-1, max-image-preview:large, max-video-preview:-1\" \/>\n<link rel=\"canonical\" href=\"https:\/\/gloopbaby.com\/fr\/produit\/sets-gloop\/set-poussette-safari\/\" \/>\n<meta property=\"og:locale\" content=\"fr_FR\" \/>\n<meta property=\"og:type\" content=\"article\" \/>\n<meta property=\"og:title\" content=\"Set Poussette Safari | Articles pour b\u00e9b\u00e9 en coton biologique - Gloop Baby\" \/>\n<meta property=\"og:description\" content=\"Ce Set pour poussette est id\u00e9al pour les parents recherchant qualit\u00e9 et confort lors de leurs promenades avec b\u00e9b\u00e9. Fabriqu\u00e9 au Portugal.\" \/>\n<meta property=\"og:url\" content=\"https:\/\/gloopbaby.com\/fr\/produit\/sets-gloop\/set-poussette-safari\/\" \/>\n<meta property=\"og:site_name\" content=\"Gloop Baby\" \/>\n<meta property=\"article:modified_time\" content=\"2025-11-14T15:29:06+00:00\" \/>\n<meta property=\"og:image\" content=\"https:\/\/gloopbaby.com\/wp-content\/uploads\/2025\/11\/kit-passeio-safari-2.jpg\" \/>\n\t<meta property=\"og:image:width\" content=\"600\" \/>\n\t<meta property=\"og:image:height\" content=\"900\" \/>\n\t<meta property=\"og:image:type\" content=\"image\/jpeg\" \/>\n<meta name=\"twitter:card\" content=\"summary_large_image\" \/>\n<meta name=\"twitter:label1\" content=\"Dur\u00e9e de lecture estim\u00e9e\" \/>\n\t<meta name=\"twitter:data1\" content=\"1 minute\" \/>\n<script type=\"application\/ld+json\" class=\"yoast-schema-graph\">{\"@context\":\"https:\\\/\\\/schema.org\",\"@graph\":[{\"@type\":\"WebPage\",\"@id\":\"https:\\\/\\\/gloopbaby.com\\\/fr\\\/produit\\\/sets-gloop\\\/set-poussette-safari\\\/\",\"url\":\"https:\\\/\\\/gloopbaby.com\\\/fr\\\/produit\\\/sets-gloop\\\/set-poussette-safari\\\/\",\"name\":\"Set Poussette Safari | Articles pour b\u00e9b\u00e9 en coton biologique - Gloop Baby\",\"isPartOf\":{\"@id\":\"https:\\\/\\\/gloopbaby.com\\\/fr\\\/#website\"},\"primaryImageOfPage\":{\"@id\":\"https:\\\/\\\/gloopbaby.com\\\/fr\\\/produit\\\/sets-gloop\\\/set-poussette-safari\\\/#primaryimage\"},\"image\":{\"@id\":\"https:\\\/\\\/gloopbaby.com\\\/fr\\\/produit\\\/sets-gloop\\\/set-poussette-safari\\\/#primaryimage\"},\"thumbnailUrl\":\"https:\\\/\\\/gloopbaby.com\\\/wp-content\\\/uploads\\\/2025\\\/11\\\/kit-passeio-safari-2.jpg\",\"datePublished\":\"2025-11-11T09:42:42+00:00\",\"dateModified\":\"2025-11-14T15:29:06+00:00\",\"description\":\"Ce Set pour poussette est id\u00e9al pour les parents recherchant qualit\u00e9 et confort lors de leurs promenades avec b\u00e9b\u00e9. Fabriqu\u00e9 au Portugal.\",\"breadcrumb\":{\"@id\":\"https:\\\/\\\/gloopbaby.com\\\/fr\\\/produit\\\/sets-gloop\\\/set-poussette-safari\\\/#breadcrumb\"},\"inLanguage\":\"fr-FR\",\"potentialAction\":[{\"@type\":\"ReadAction\",\"target\":[\"https:\\\/\\\/gloopbaby.com\\\/fr\\\/produit\\\/sets-gloop\\\/set-poussette-safari\\\/\"]}]},{\"@type\":\"ImageObject\",\"inLanguage\":\"fr-FR\",\"@id\":\"https:\\\/\\\/gloopbaby.com\\\/fr\\\/produit\\\/sets-gloop\\\/set-poussette-safari\\\/#primaryimage\",\"url\":\"https:\\\/\\\/gloopbaby.com\\\/wp-content\\\/uploads\\\/2025\\\/11\\\/kit-passeio-safari-2.jpg\",\"contentUrl\":\"https:\\\/\\\/gloopbaby.com\\\/wp-content\\\/uploads\\\/2025\\\/11\\\/kit-passeio-safari-2.jpg\",\"width\":600,\"height\":900},{\"@type\":\"BreadcrumbList\",\"@id\":\"https:\\\/\\\/gloopbaby.com\\\/fr\\\/produit\\\/sets-gloop\\\/set-poussette-safari\\\/#breadcrumb\",\"itemListElement\":[{\"@type\":\"ListItem\",\"position\":1,\"name\":\"In\u00edcio\",\"item\":\"https:\\\/\\\/gloopbaby.com\\\/fr\\\/\"},{\"@type\":\"ListItem\",\"position\":2,\"name\":\"Shop\",\"item\":\"https:\\\/\\\/gloopbaby.com\\\/loja\\\/\"},{\"@type\":\"ListItem\",\"position\":3,\"name\":\"Set Poussette Safari\"}]},{\"@type\":\"WebSite\",\"@id\":\"https:\\\/\\\/gloopbaby.com\\\/fr\\\/#website\",\"url\":\"https:\\\/\\\/gloopbaby.com\\\/fr\\\/\",\"name\":\"Gloop Baby\",\"description\":\"\",\"publisher\":{\"@id\":\"https:\\\/\\\/gloopbaby.com\\\/fr\\\/#organization\"},\"potentialAction\":[{\"@type\":\"SearchAction\",\"target\":{\"@type\":\"EntryPoint\",\"urlTemplate\":\"https:\\\/\\\/gloopbaby.com\\\/fr\\\/?s={search_term_string}\"},\"query-input\":{\"@type\":\"PropertyValueSpecification\",\"valueRequired\":true,\"valueName\":\"search_term_string\"}}],\"inLanguage\":\"fr-FR\"},{\"@type\":\"Organization\",\"@id\":\"https:\\\/\\\/gloopbaby.com\\\/fr\\\/#organization\",\"name\":\"Gloop Baby\",\"url\":\"https:\\\/\\\/gloopbaby.com\\\/fr\\\/\",\"logo\":{\"@type\":\"ImageObject\",\"inLanguage\":\"fr-FR\",\"@id\":\"https:\\\/\\\/gloopbaby.com\\\/fr\\\/#\\\/schema\\\/logo\\\/image\\\/\",\"url\":\"https:\\\/\\\/gloopbaby.com\\\/wp-content\\\/uploads\\\/2023\\\/06\\\/gloop-logo.svg\",\"contentUrl\":\"https:\\\/\\\/gloopbaby.com\\\/wp-content\\\/uploads\\\/2023\\\/06\\\/gloop-logo.svg\",\"width\":100,\"height\":100,\"caption\":\"Gloop Baby\"},\"image\":{\"@id\":\"https:\\\/\\\/gloopbaby.com\\\/fr\\\/#\\\/schema\\\/logo\\\/image\\\/\"}}]}<\/script>\n<!-- \/ Yoast SEO plugin. -->","yoast_head_json":{"title":"Set Poussette Safari | Articles pour b\u00e9b\u00e9 en coton biologique - Gloop Baby","description":"Ce Set pour poussette est id\u00e9al pour les parents recherchant qualit\u00e9 et confort lors de leurs promenades avec b\u00e9b\u00e9. Fabriqu\u00e9 au Portugal.","robots":{"index":"index","follow":"follow","max-snippet":"max-snippet:-1","max-image-preview":"max-image-preview:large","max-video-preview":"max-video-preview:-1"},"canonical":"https:\/\/gloopbaby.com\/fr\/produit\/sets-gloop\/set-poussette-safari\/","og_locale":"fr_FR","og_type":"article","og_title":"Set Poussette Safari | Articles pour b\u00e9b\u00e9 en coton biologique - Gloop Baby","og_description":"Ce Set pour poussette est id\u00e9al pour les parents recherchant qualit\u00e9 et confort lors de leurs promenades avec b\u00e9b\u00e9. Fabriqu\u00e9 au Portugal.","og_url":"https:\/\/gloopbaby.com\/fr\/produit\/sets-gloop\/set-poussette-safari\/","og_site_name":"Gloop Baby","article_modified_time":"2025-11-14T15:29:06+00:00","og_image":[{"width":600,"height":900,"url":"https:\/\/gloopbaby.com\/wp-content\/uploads\/2025\/11\/kit-passeio-safari-2.jpg","type":"image\/jpeg"}],"twitter_card":"summary_large_image","twitter_misc":{"Dur\u00e9e de lecture estim\u00e9e":"1 minute"},"schema":{"@context":"https:\/\/schema.org","@graph":[{"@type":"WebPage","@id":"https:\/\/gloopbaby.com\/fr\/produit\/sets-gloop\/set-poussette-safari\/","url":"https:\/\/gloopbaby.com\/fr\/produit\/sets-gloop\/set-poussette-safari\/","name":"Set Poussette Safari | Articles pour b\u00e9b\u00e9 en coton biologique - Gloop Baby","isPartOf":{"@id":"https:\/\/gloopbaby.com\/fr\/#website"},"primaryImageOfPage":{"@id":"https:\/\/gloopbaby.com\/fr\/produit\/sets-gloop\/set-poussette-safari\/#primaryimage"},"image":{"@id":"https:\/\/gloopbaby.com\/fr\/produit\/sets-gloop\/set-poussette-safari\/#primaryimage"},"thumbnailUrl":"https:\/\/gloopbaby.com\/wp-content\/uploads\/2025\/11\/kit-passeio-safari-2.jpg","datePublished":"2025-11-11T09:42:42+00:00","dateModified":"2025-11-14T15:29:06+00:00","description":"Ce Set pour poussette est id\u00e9al pour les parents recherchant qualit\u00e9 et confort lors de leurs promenades avec b\u00e9b\u00e9. Fabriqu\u00e9 au Portugal.","breadcrumb":{"@id":"https:\/\/gloopbaby.com\/fr\/produit\/sets-gloop\/set-poussette-safari\/#breadcrumb"},"inLanguage":"fr-FR","potentialAction":[{"@type":"ReadAction","target":["https:\/\/gloopbaby.com\/fr\/produit\/sets-gloop\/set-poussette-safari\/"]}]},{"@type":"ImageObject","inLanguage":"fr-FR","@id":"https:\/\/gloopbaby.com\/fr\/produit\/sets-gloop\/set-poussette-safari\/#primaryimage","url":"https:\/\/gloopbaby.com\/wp-content\/uploads\/2025\/11\/kit-passeio-safari-2.jpg","contentUrl":"https:\/\/gloopbaby.com\/wp-content\/uploads\/2025\/11\/kit-passeio-safari-2.jpg","width":600,"height":900},{"@type":"BreadcrumbList","@id":"https:\/\/gloopbaby.com\/fr\/produit\/sets-gloop\/set-poussette-safari\/#breadcrumb","itemListElement":[{"@type":"ListItem","position":1,"name":"In\u00edcio","item":"https:\/\/gloopbaby.com\/fr\/"},{"@type":"ListItem","position":2,"name":"Shop","item":"https:\/\/gloopbaby.com\/loja\/"},{"@type":"ListItem","position":3,"name":"Set Poussette Safari"}]},{"@type":"WebSite","@id":"https:\/\/gloopbaby.com\/fr\/#website","url":"https:\/\/gloopbaby.com\/fr\/","name":"Gloop Baby","description":"","publisher":{"@id":"https:\/\/gloopbaby.com\/fr\/#organization"},"potentialAction":[{"@type":"SearchAction","target":{"@type":"EntryPoint","urlTemplate":"https:\/\/gloopbaby.com\/fr\/?s={search_term_string}"},"query-input":{"@type":"PropertyValueSpecification","valueRequired":true,"valueName":"search_term_string"}}],"inLanguage":"fr-FR"},{"@type":"Organization","@id":"https:\/\/gloopbaby.com\/fr\/#organization","name":"Gloop Baby","url":"https:\/\/gloopbaby.com\/fr\/","logo":{"@type":"ImageObject","inLanguage":"fr-FR","@id":"https:\/\/gloopbaby.com\/fr\/#\/schema\/logo\/image\/","url":"https:\/\/gloopbaby.com\/wp-content\/uploads\/2023\/06\/gloop-logo.svg","contentUrl":"https:\/\/gloopbaby.com\/wp-content\/uploads\/2023\/06\/gloop-logo.svg","width":100,"height":100,"caption":"Gloop Baby"},"image":{"@id":"https:\/\/gloopbaby.com\/fr\/#\/schema\/logo\/image\/"}}]}},"_links":{"self":[{"href":"https:\/\/gloopbaby.com\/fr\/wp-json\/wp\/v2\/product\/140135","targetHints":{"allow":["GET"]}}],"collection":[{"href":"https:\/\/gloopbaby.com\/fr\/wp-json\/wp\/v2\/product"}],"about":[{"href":"https:\/\/gloopbaby.com\/fr\/wp-json\/wp\/v2\/types\/product"}],"replies":[{"embeddable":true,"href":"https:\/\/gloopbaby.com\/fr\/wp-json\/wp\/v2\/comments?post=140135"}],"wp:featuredmedia":[{"embeddable":true,"href":"https:\/\/gloopbaby.com\/fr\/wp-json\/wp\/v2\/media\/140112"}],"wp:attachment":[{"href":"https:\/\/gloopbaby.com\/fr\/wp-json\/wp\/v2\/media?parent=140135"}],"wp:term":[{"taxonomy":"product_brand","embeddable":true,"href":"https:\/\/gloopbaby.com\/fr\/wp-json\/wp\/v2\/product_brand?post=140135"},{"taxonomy":"product_cat","embeddable":true,"href":"https:\/\/gloopbaby.com\/fr\/wp-json\/wp\/v2\/product_cat?post=140135"},{"taxonomy":"product_tag","embeddable":true,"href":"https:\/\/gloopbaby.com\/fr\/wp-json\/wp\/v2\/product_tag?post=140135"}],"curies":[{"name":"wp","href":"https:\/\/api.w.org\/{rel}","templated":true}]}}