{"id":139930,"date":"2025-11-10T16:49:56","date_gmt":"2025-11-10T16:49:56","guid":{"rendered":"https:\/\/gloopbaby.com\/?post_type=product&#038;p=139930"},"modified":"2025-11-14T16:49:54","modified_gmt":"2025-11-14T16:49:54","slug":"set-nursery-soft-sky","status":"publish","type":"product","link":"https:\/\/gloopbaby.com\/fr\/produit\/sets-gloop\/set-nursery-soft-sky\/","title":{"rendered":"Set Nursery Soft Sky"},"content":{"rendered":"<pre id=\"tw-target-text\" class=\"tw-data-text tw-text-large tw-ta\" dir=\"ltr\" tabindex=\"-1\" role=\"text\" data-placeholder=\"Tradu\u00e7\u00e3o\" data-ved=\"2ahUKEwiOiMvfzeeQAxVfTaQEHfq9MpYQ3ewLegQIDBAV\" aria-label=\"Texto traduzido: Le Kit de pu\u00e9riculture est id\u00e9al pour les parents en qu\u00eate de qualit\u00e9 et de confort lors du change de b\u00e9b\u00e9. Cet ensemble comprend un panier de rangement, un distributeur de lingettes, une couverture (0-3 mois), un pyjama (1-3 mois) et un body (1-3 mois), tous confectionn\u00e9s en coton 100 % biologique, pour une douceur et un contact naturel avec la peau sensible de b\u00e9b\u00e9. Parfaits au quotidien ou \u00e0 offrir, ces produits essentiels, r\u00e9sistants et durables sont parfaits pour votre b\u00e9b\u00e9. Cultiv\u00e9 sans pesticides ni produits chimiques, le coton biologique rend ce kit non seulement plus s\u00fbr pour votre b\u00e9b\u00e9, mais aussi plus respectueux de l'environnement.\"><span class=\"Y2IQFc\" lang=\"fr\">Le Set de nursery est id\u00e9al pour les parents en qu\u00eate de qualit\u00e9 et de confort lors du change de b\u00e9b\u00e9. Cet ensemble comprend un panier de rangement, un distributeur de lingettes, une couverture (0-3 mois), un grenouill\u00e8re (1-3 mois) et un body crois\u00e9 (1-3 mois), tous confectionn\u00e9s en coton 100% biologique, pour une douceur et un contact naturel avec la peau sensible de b\u00e9b\u00e9.\r\n\r\nParfaits au quotidien ou \u00e0 offrir, ces produits essentiels, r\u00e9sistants et durables sont parfaits pour votre b\u00e9b\u00e9. Cultiv\u00e9 sans pesticides ni produits chimiques, le coton biologique rend ce kit non seulement plus s\u00fbr pour votre b\u00e9b\u00e9, mais aussi plus respectueux de l'environnement.<\/span><\/pre>\n","protected":false},"excerpt":{"rendered":"<p>Le Set de nursery est id\u00e9al pour les parents en qu\u00eate de qualit\u00e9 et de confort lors du change de b\u00e9b\u00e9. Cet ensemble comprend un panier de rangement, un distributeur de lingettes, une couverture (0-3 mois), un grenouill\u00e8re (1-3 mois) et un body crois\u00e9 (1-3 mois), tous confectionn\u00e9s en coton 100% biologique, pour une douceur [&hellip;]<\/p>\n","protected":false},"featured_media":139933,"comment_status":"closed","ping_status":"closed","template":"","meta":{"_acf_changed":false},"product_brand":[],"product_cat":[1950],"product_tag":[],"class_list":{"0":"post-139930","1":"product","2":"type-product","3":"status-publish","4":"has-post-thumbnail","6":"product_cat-sets-gloop","8":"first","9":"instock","10":"taxable","11":"shipping-taxable","12":"purchasable","13":"product-type-simple"},"acf":[],"yoast_head":"<!-- This site is optimized with the Yoast SEO plugin v27.3 - https:\/\/yoast.com\/product\/yoast-seo-wordpress\/ -->\n<title>Set Nursery Soft Sky | Produits pour b\u00e9b\u00e9 en coton biologique - Gloop Baby<\/title>\n<meta name=\"description\" content=\"Ce set de nursery est id\u00e9al pour ceux qui recherchent qualit\u00e9 et confort lors du change de b\u00e9b\u00e9. 100% coton biologique, fabriqu\u00e9 au Portugal.\" \/>\n<meta name=\"robots\" content=\"index, follow, max-snippet:-1, max-image-preview:large, max-video-preview:-1\" \/>\n<link rel=\"canonical\" href=\"https:\/\/gloopbaby.com\/fr\/produit\/sets-gloop\/set-nursery-soft-sky\/\" \/>\n<meta property=\"og:locale\" content=\"fr_FR\" \/>\n<meta property=\"og:type\" content=\"article\" \/>\n<meta property=\"og:title\" content=\"Set Nursery Soft Sky | Produits pour b\u00e9b\u00e9 en coton biologique - Gloop Baby\" \/>\n<meta property=\"og:description\" content=\"Ce set de nursery est id\u00e9al pour ceux qui recherchent qualit\u00e9 et confort lors du change de b\u00e9b\u00e9. 100% coton biologique, fabriqu\u00e9 au Portugal.\" \/>\n<meta property=\"og:url\" content=\"https:\/\/gloopbaby.com\/fr\/produit\/sets-gloop\/set-nursery-soft-sky\/\" \/>\n<meta property=\"og:site_name\" content=\"Gloop Baby\" \/>\n<meta property=\"article:modified_time\" content=\"2025-11-14T16:49:54+00:00\" \/>\n<meta property=\"og:image\" content=\"https:\/\/gloopbaby.com\/wp-content\/uploads\/2025\/11\/kit-gloop-soft-sky-5.jpg\" \/>\n\t<meta property=\"og:image:width\" content=\"600\" \/>\n\t<meta property=\"og:image:height\" content=\"900\" \/>\n\t<meta property=\"og:image:type\" content=\"image\/jpeg\" \/>\n<meta name=\"twitter:card\" content=\"summary_large_image\" \/>\n<meta name=\"twitter:label1\" content=\"Dur\u00e9e de lecture estim\u00e9e\" \/>\n\t<meta name=\"twitter:data1\" content=\"1 minute\" \/>\n<script type=\"application\/ld+json\" class=\"yoast-schema-graph\">{\"@context\":\"https:\\\/\\\/schema.org\",\"@graph\":[{\"@type\":\"WebPage\",\"@id\":\"https:\\\/\\\/gloopbaby.com\\\/fr\\\/produit\\\/sets-gloop\\\/set-nursery-soft-sky\\\/\",\"url\":\"https:\\\/\\\/gloopbaby.com\\\/fr\\\/produit\\\/sets-gloop\\\/set-nursery-soft-sky\\\/\",\"name\":\"Set Nursery Soft Sky | Produits pour b\u00e9b\u00e9 en coton biologique - Gloop Baby\",\"isPartOf\":{\"@id\":\"https:\\\/\\\/gloopbaby.com\\\/fr\\\/#website\"},\"primaryImageOfPage\":{\"@id\":\"https:\\\/\\\/gloopbaby.com\\\/fr\\\/produit\\\/sets-gloop\\\/set-nursery-soft-sky\\\/#primaryimage\"},\"image\":{\"@id\":\"https:\\\/\\\/gloopbaby.com\\\/fr\\\/produit\\\/sets-gloop\\\/set-nursery-soft-sky\\\/#primaryimage\"},\"thumbnailUrl\":\"https:\\\/\\\/gloopbaby.com\\\/wp-content\\\/uploads\\\/2025\\\/11\\\/kit-gloop-soft-sky-5.jpg\",\"datePublished\":\"2025-11-10T16:49:56+00:00\",\"dateModified\":\"2025-11-14T16:49:54+00:00\",\"description\":\"Ce set de nursery est id\u00e9al pour ceux qui recherchent qualit\u00e9 et confort lors du change de b\u00e9b\u00e9. 100% coton biologique, fabriqu\u00e9 au Portugal.\",\"breadcrumb\":{\"@id\":\"https:\\\/\\\/gloopbaby.com\\\/fr\\\/produit\\\/sets-gloop\\\/set-nursery-soft-sky\\\/#breadcrumb\"},\"inLanguage\":\"fr-FR\",\"potentialAction\":[{\"@type\":\"ReadAction\",\"target\":[\"https:\\\/\\\/gloopbaby.com\\\/fr\\\/produit\\\/sets-gloop\\\/set-nursery-soft-sky\\\/\"]}]},{\"@type\":\"ImageObject\",\"inLanguage\":\"fr-FR\",\"@id\":\"https:\\\/\\\/gloopbaby.com\\\/fr\\\/produit\\\/sets-gloop\\\/set-nursery-soft-sky\\\/#primaryimage\",\"url\":\"https:\\\/\\\/gloopbaby.com\\\/wp-content\\\/uploads\\\/2025\\\/11\\\/kit-gloop-soft-sky-5.jpg\",\"contentUrl\":\"https:\\\/\\\/gloopbaby.com\\\/wp-content\\\/uploads\\\/2025\\\/11\\\/kit-gloop-soft-sky-5.jpg\",\"width\":600,\"height\":900},{\"@type\":\"BreadcrumbList\",\"@id\":\"https:\\\/\\\/gloopbaby.com\\\/fr\\\/produit\\\/sets-gloop\\\/set-nursery-soft-sky\\\/#breadcrumb\",\"itemListElement\":[{\"@type\":\"ListItem\",\"position\":1,\"name\":\"In\u00edcio\",\"item\":\"https:\\\/\\\/gloopbaby.com\\\/fr\\\/\"},{\"@type\":\"ListItem\",\"position\":2,\"name\":\"Shop\",\"item\":\"https:\\\/\\\/gloopbaby.com\\\/loja\\\/\"},{\"@type\":\"ListItem\",\"position\":3,\"name\":\"Set Nursery Soft Sky\"}]},{\"@type\":\"WebSite\",\"@id\":\"https:\\\/\\\/gloopbaby.com\\\/fr\\\/#website\",\"url\":\"https:\\\/\\\/gloopbaby.com\\\/fr\\\/\",\"name\":\"Gloop Baby\",\"description\":\"\",\"publisher\":{\"@id\":\"https:\\\/\\\/gloopbaby.com\\\/fr\\\/#organization\"},\"potentialAction\":[{\"@type\":\"SearchAction\",\"target\":{\"@type\":\"EntryPoint\",\"urlTemplate\":\"https:\\\/\\\/gloopbaby.com\\\/fr\\\/?s={search_term_string}\"},\"query-input\":{\"@type\":\"PropertyValueSpecification\",\"valueRequired\":true,\"valueName\":\"search_term_string\"}}],\"inLanguage\":\"fr-FR\"},{\"@type\":\"Organization\",\"@id\":\"https:\\\/\\\/gloopbaby.com\\\/fr\\\/#organization\",\"name\":\"Gloop Baby\",\"url\":\"https:\\\/\\\/gloopbaby.com\\\/fr\\\/\",\"logo\":{\"@type\":\"ImageObject\",\"inLanguage\":\"fr-FR\",\"@id\":\"https:\\\/\\\/gloopbaby.com\\\/fr\\\/#\\\/schema\\\/logo\\\/image\\\/\",\"url\":\"https:\\\/\\\/gloopbaby.com\\\/wp-content\\\/uploads\\\/2023\\\/06\\\/gloop-logo.svg\",\"contentUrl\":\"https:\\\/\\\/gloopbaby.com\\\/wp-content\\\/uploads\\\/2023\\\/06\\\/gloop-logo.svg\",\"width\":100,\"height\":100,\"caption\":\"Gloop Baby\"},\"image\":{\"@id\":\"https:\\\/\\\/gloopbaby.com\\\/fr\\\/#\\\/schema\\\/logo\\\/image\\\/\"}}]}<\/script>\n<!-- \/ Yoast SEO plugin. -->","yoast_head_json":{"title":"Set Nursery Soft Sky | Produits pour b\u00e9b\u00e9 en coton biologique - Gloop Baby","description":"Ce set de nursery est id\u00e9al pour ceux qui recherchent qualit\u00e9 et confort lors du change de b\u00e9b\u00e9. 100% coton biologique, fabriqu\u00e9 au Portugal.","robots":{"index":"index","follow":"follow","max-snippet":"max-snippet:-1","max-image-preview":"max-image-preview:large","max-video-preview":"max-video-preview:-1"},"canonical":"https:\/\/gloopbaby.com\/fr\/produit\/sets-gloop\/set-nursery-soft-sky\/","og_locale":"fr_FR","og_type":"article","og_title":"Set Nursery Soft Sky | Produits pour b\u00e9b\u00e9 en coton biologique - Gloop Baby","og_description":"Ce set de nursery est id\u00e9al pour ceux qui recherchent qualit\u00e9 et confort lors du change de b\u00e9b\u00e9. 100% coton biologique, fabriqu\u00e9 au Portugal.","og_url":"https:\/\/gloopbaby.com\/fr\/produit\/sets-gloop\/set-nursery-soft-sky\/","og_site_name":"Gloop Baby","article_modified_time":"2025-11-14T16:49:54+00:00","og_image":[{"width":600,"height":900,"url":"https:\/\/gloopbaby.com\/wp-content\/uploads\/2025\/11\/kit-gloop-soft-sky-5.jpg","type":"image\/jpeg"}],"twitter_card":"summary_large_image","twitter_misc":{"Dur\u00e9e de lecture estim\u00e9e":"1 minute"},"schema":{"@context":"https:\/\/schema.org","@graph":[{"@type":"WebPage","@id":"https:\/\/gloopbaby.com\/fr\/produit\/sets-gloop\/set-nursery-soft-sky\/","url":"https:\/\/gloopbaby.com\/fr\/produit\/sets-gloop\/set-nursery-soft-sky\/","name":"Set Nursery Soft Sky | Produits pour b\u00e9b\u00e9 en coton biologique - Gloop Baby","isPartOf":{"@id":"https:\/\/gloopbaby.com\/fr\/#website"},"primaryImageOfPage":{"@id":"https:\/\/gloopbaby.com\/fr\/produit\/sets-gloop\/set-nursery-soft-sky\/#primaryimage"},"image":{"@id":"https:\/\/gloopbaby.com\/fr\/produit\/sets-gloop\/set-nursery-soft-sky\/#primaryimage"},"thumbnailUrl":"https:\/\/gloopbaby.com\/wp-content\/uploads\/2025\/11\/kit-gloop-soft-sky-5.jpg","datePublished":"2025-11-10T16:49:56+00:00","dateModified":"2025-11-14T16:49:54+00:00","description":"Ce set de nursery est id\u00e9al pour ceux qui recherchent qualit\u00e9 et confort lors du change de b\u00e9b\u00e9. 100% coton biologique, fabriqu\u00e9 au Portugal.","breadcrumb":{"@id":"https:\/\/gloopbaby.com\/fr\/produit\/sets-gloop\/set-nursery-soft-sky\/#breadcrumb"},"inLanguage":"fr-FR","potentialAction":[{"@type":"ReadAction","target":["https:\/\/gloopbaby.com\/fr\/produit\/sets-gloop\/set-nursery-soft-sky\/"]}]},{"@type":"ImageObject","inLanguage":"fr-FR","@id":"https:\/\/gloopbaby.com\/fr\/produit\/sets-gloop\/set-nursery-soft-sky\/#primaryimage","url":"https:\/\/gloopbaby.com\/wp-content\/uploads\/2025\/11\/kit-gloop-soft-sky-5.jpg","contentUrl":"https:\/\/gloopbaby.com\/wp-content\/uploads\/2025\/11\/kit-gloop-soft-sky-5.jpg","width":600,"height":900},{"@type":"BreadcrumbList","@id":"https:\/\/gloopbaby.com\/fr\/produit\/sets-gloop\/set-nursery-soft-sky\/#breadcrumb","itemListElement":[{"@type":"ListItem","position":1,"name":"In\u00edcio","item":"https:\/\/gloopbaby.com\/fr\/"},{"@type":"ListItem","position":2,"name":"Shop","item":"https:\/\/gloopbaby.com\/loja\/"},{"@type":"ListItem","position":3,"name":"Set Nursery Soft Sky"}]},{"@type":"WebSite","@id":"https:\/\/gloopbaby.com\/fr\/#website","url":"https:\/\/gloopbaby.com\/fr\/","name":"Gloop Baby","description":"","publisher":{"@id":"https:\/\/gloopbaby.com\/fr\/#organization"},"potentialAction":[{"@type":"SearchAction","target":{"@type":"EntryPoint","urlTemplate":"https:\/\/gloopbaby.com\/fr\/?s={search_term_string}"},"query-input":{"@type":"PropertyValueSpecification","valueRequired":true,"valueName":"search_term_string"}}],"inLanguage":"fr-FR"},{"@type":"Organization","@id":"https:\/\/gloopbaby.com\/fr\/#organization","name":"Gloop Baby","url":"https:\/\/gloopbaby.com\/fr\/","logo":{"@type":"ImageObject","inLanguage":"fr-FR","@id":"https:\/\/gloopbaby.com\/fr\/#\/schema\/logo\/image\/","url":"https:\/\/gloopbaby.com\/wp-content\/uploads\/2023\/06\/gloop-logo.svg","contentUrl":"https:\/\/gloopbaby.com\/wp-content\/uploads\/2023\/06\/gloop-logo.svg","width":100,"height":100,"caption":"Gloop Baby"},"image":{"@id":"https:\/\/gloopbaby.com\/fr\/#\/schema\/logo\/image\/"}}]}},"_links":{"self":[{"href":"https:\/\/gloopbaby.com\/fr\/wp-json\/wp\/v2\/product\/139930","targetHints":{"allow":["GET"]}}],"collection":[{"href":"https:\/\/gloopbaby.com\/fr\/wp-json\/wp\/v2\/product"}],"about":[{"href":"https:\/\/gloopbaby.com\/fr\/wp-json\/wp\/v2\/types\/product"}],"replies":[{"embeddable":true,"href":"https:\/\/gloopbaby.com\/fr\/wp-json\/wp\/v2\/comments?post=139930"}],"wp:featuredmedia":[{"embeddable":true,"href":"https:\/\/gloopbaby.com\/fr\/wp-json\/wp\/v2\/media\/139933"}],"wp:attachment":[{"href":"https:\/\/gloopbaby.com\/fr\/wp-json\/wp\/v2\/media?parent=139930"}],"wp:term":[{"taxonomy":"product_brand","embeddable":true,"href":"https:\/\/gloopbaby.com\/fr\/wp-json\/wp\/v2\/product_brand?post=139930"},{"taxonomy":"product_cat","embeddable":true,"href":"https:\/\/gloopbaby.com\/fr\/wp-json\/wp\/v2\/product_cat?post=139930"},{"taxonomy":"product_tag","embeddable":true,"href":"https:\/\/gloopbaby.com\/fr\/wp-json\/wp\/v2\/product_tag?post=139930"}],"curies":[{"name":"wp","href":"https:\/\/api.w.org\/{rel}","templated":true}]}}