{"id":139612,"date":"2025-11-10T13:59:48","date_gmt":"2025-11-10T13:59:48","guid":{"rendered":"https:\/\/gloopbaby.com\/?post_type=product&#038;p=139612"},"modified":"2025-11-10T14:03:08","modified_gmt":"2025-11-10T14:03:08","slug":"set-gloop-safari-copia","status":"publish","type":"product","link":"https:\/\/gloopbaby.com\/fr\/produit\/sets-gloop\/set-gloop-safari-copia\/","title":{"rendered":"Set gloop! Soft Sky"},"content":{"rendered":"<pre id=\"tw-target-text\" class=\"tw-data-text tw-text-large tw-ta\" dir=\"ltr\" tabindex=\"-1\" role=\"text\" data-placeholder=\"Tradu\u00e7\u00e3o\" data-ved=\"2ahUKEwi47_zC9d2QAxX7cKQEHUJLKfMQ3ewLegQIBBAV\" aria-label=\"Texto traduzido: Le kit Outlet est id\u00e9al pour ceux qui recherchent qualit\u00e9, confort et prix abordable pour les premiers soins de leur b\u00e9b\u00e9. Ce kit comprend une couche traditionnelle, une couverture, deux bavoirs et deux paires de chaussettes, tous confectionn\u00e9s en coton 100 % biologique, pour une douceur et un contact naturel avec la peau sensible de b\u00e9b\u00e9. Parfait pour un usage quotidien, ce kit b\u00e9b\u00e9 offre des produits essentiels, r\u00e9sistants et durables, id\u00e9aux pour les nouveau-n\u00e9s. Le coton biologique est cultiv\u00e9 sans pesticides ni produits chimiques, ce qui rend le kit non seulement plus s\u00fbr pour votre b\u00e9b\u00e9, mais aussi plus respectueux de l'environnement.\"><span class=\"Y2IQFc\" lang=\"fr\">Le Set gloop! est id\u00e9al pour ceux qui recherchent qualit\u00e9 et confort pour les premiers soins de leur b\u00e9b\u00e9. Ce kit comprend 1 Mousseline 110x110cm, 1 bavoir bandana, 1 porte-sucette tissu et une paire de chaussettes, tous confectionn\u00e9s en coton 100 % biologique, pour une douceur et un contact naturel avec la peau sensible de b\u00e9b\u00e9.\r\n\r\nParfait pour un usage quotidien, ce kit b\u00e9b\u00e9 offre des produits essentiels, r\u00e9sistants et durables, id\u00e9aux pour les nouveau-n\u00e9s. Le coton biologique est cultiv\u00e9 sans pesticides ni produits chimiques, ce qui rend le kit non seulement plus s\u00fbr pour votre b\u00e9b\u00e9, mais aussi plus respectueux de l'environnement.<\/span><\/pre>\n","protected":false},"excerpt":{"rendered":"<p>Le Set gloop! est id\u00e9al pour ceux qui recherchent qualit\u00e9 et confort pour les premiers soins de leur b\u00e9b\u00e9. Ce kit comprend 1 Mousseline 110x110cm, 1 bavoir bandana, 1 porte-sucette tissu et une paire de chaussettes, tous confectionn\u00e9s en coton 100 % biologique, pour une douceur et un contact naturel avec la peau sensible de [&hellip;]<\/p>\n","protected":false},"featured_media":139623,"comment_status":"closed","ping_status":"closed","template":"","meta":{"_acf_changed":false},"product_brand":[],"product_cat":[1950],"product_tag":[],"class_list":{"0":"post-139612","1":"product","2":"type-product","3":"status-publish","4":"has-post-thumbnail","6":"product_cat-sets-gloop","8":"first","9":"instock","10":"taxable","11":"shipping-taxable","12":"purchasable","13":"product-type-simple"},"acf":[],"yoast_head":"<!-- This site is optimized with the Yoast SEO plugin v27.3 - https:\/\/yoast.com\/product\/yoast-seo-wordpress\/ -->\n<title>Set gloop! Soft Sky - Gloop Baby<\/title>\n<meta name=\"robots\" content=\"index, follow, max-snippet:-1, max-image-preview:large, max-video-preview:-1\" \/>\n<link rel=\"canonical\" href=\"https:\/\/gloopbaby.com\/fr\/produit\/sets-gloop\/set-gloop-safari-copia\/\" \/>\n<meta property=\"og:locale\" content=\"fr_FR\" \/>\n<meta property=\"og:type\" content=\"article\" \/>\n<meta property=\"og:title\" content=\"Set gloop! Soft Sky - Gloop Baby\" \/>\n<meta property=\"og:description\" content=\"Le Set gloop! est id\u00e9al pour ceux qui recherchent qualit\u00e9 et confort pour les premiers soins de leur b\u00e9b\u00e9. Ce kit comprend 1 Mousseline 110x110cm, 1 bavoir bandana, 1 porte-sucette tissu et une paire de chaussettes, tous confectionn\u00e9s en coton 100 % biologique, pour une douceur et un contact naturel avec la peau sensible de [&hellip;]\" \/>\n<meta property=\"og:url\" content=\"https:\/\/gloopbaby.com\/fr\/produit\/sets-gloop\/set-gloop-safari-copia\/\" \/>\n<meta property=\"og:site_name\" content=\"Gloop Baby\" \/>\n<meta property=\"article:modified_time\" content=\"2025-11-10T14:03:08+00:00\" \/>\n<meta property=\"og:image\" content=\"https:\/\/gloopbaby.com\/wp-content\/uploads\/2025\/11\/kit-gloop-soft-sky-4.jpg\" \/>\n\t<meta property=\"og:image:width\" content=\"600\" \/>\n\t<meta property=\"og:image:height\" content=\"900\" \/>\n\t<meta property=\"og:image:type\" content=\"image\/jpeg\" \/>\n<meta name=\"twitter:card\" content=\"summary_large_image\" \/>\n<meta name=\"twitter:label1\" content=\"Dur\u00e9e de lecture estim\u00e9e\" \/>\n\t<meta name=\"twitter:data1\" content=\"1 minute\" \/>\n<script type=\"application\/ld+json\" class=\"yoast-schema-graph\">{\"@context\":\"https:\\\/\\\/schema.org\",\"@graph\":[{\"@type\":\"WebPage\",\"@id\":\"https:\\\/\\\/gloopbaby.com\\\/fr\\\/produit\\\/sets-gloop\\\/set-gloop-safari-copia\\\/\",\"url\":\"https:\\\/\\\/gloopbaby.com\\\/fr\\\/produit\\\/sets-gloop\\\/set-gloop-safari-copia\\\/\",\"name\":\"Set gloop! Soft Sky - Gloop Baby\",\"isPartOf\":{\"@id\":\"https:\\\/\\\/gloopbaby.com\\\/fr\\\/#website\"},\"primaryImageOfPage\":{\"@id\":\"https:\\\/\\\/gloopbaby.com\\\/fr\\\/produit\\\/sets-gloop\\\/set-gloop-safari-copia\\\/#primaryimage\"},\"image\":{\"@id\":\"https:\\\/\\\/gloopbaby.com\\\/fr\\\/produit\\\/sets-gloop\\\/set-gloop-safari-copia\\\/#primaryimage\"},\"thumbnailUrl\":\"https:\\\/\\\/gloopbaby.com\\\/wp-content\\\/uploads\\\/2025\\\/11\\\/kit-gloop-soft-sky-4.jpg\",\"datePublished\":\"2025-11-10T13:59:48+00:00\",\"dateModified\":\"2025-11-10T14:03:08+00:00\",\"breadcrumb\":{\"@id\":\"https:\\\/\\\/gloopbaby.com\\\/fr\\\/produit\\\/sets-gloop\\\/set-gloop-safari-copia\\\/#breadcrumb\"},\"inLanguage\":\"fr-FR\",\"potentialAction\":[{\"@type\":\"ReadAction\",\"target\":[\"https:\\\/\\\/gloopbaby.com\\\/fr\\\/produit\\\/sets-gloop\\\/set-gloop-safari-copia\\\/\"]}]},{\"@type\":\"ImageObject\",\"inLanguage\":\"fr-FR\",\"@id\":\"https:\\\/\\\/gloopbaby.com\\\/fr\\\/produit\\\/sets-gloop\\\/set-gloop-safari-copia\\\/#primaryimage\",\"url\":\"https:\\\/\\\/gloopbaby.com\\\/wp-content\\\/uploads\\\/2025\\\/11\\\/kit-gloop-soft-sky-4.jpg\",\"contentUrl\":\"https:\\\/\\\/gloopbaby.com\\\/wp-content\\\/uploads\\\/2025\\\/11\\\/kit-gloop-soft-sky-4.jpg\",\"width\":600,\"height\":900},{\"@type\":\"BreadcrumbList\",\"@id\":\"https:\\\/\\\/gloopbaby.com\\\/fr\\\/produit\\\/sets-gloop\\\/set-gloop-safari-copia\\\/#breadcrumb\",\"itemListElement\":[{\"@type\":\"ListItem\",\"position\":1,\"name\":\"In\u00edcio\",\"item\":\"https:\\\/\\\/gloopbaby.com\\\/fr\\\/\"},{\"@type\":\"ListItem\",\"position\":2,\"name\":\"Shop\",\"item\":\"https:\\\/\\\/gloopbaby.com\\\/loja\\\/\"},{\"@type\":\"ListItem\",\"position\":3,\"name\":\"Set gloop! Soft Sky\"}]},{\"@type\":\"WebSite\",\"@id\":\"https:\\\/\\\/gloopbaby.com\\\/fr\\\/#website\",\"url\":\"https:\\\/\\\/gloopbaby.com\\\/fr\\\/\",\"name\":\"Gloop Baby\",\"description\":\"\",\"publisher\":{\"@id\":\"https:\\\/\\\/gloopbaby.com\\\/fr\\\/#organization\"},\"potentialAction\":[{\"@type\":\"SearchAction\",\"target\":{\"@type\":\"EntryPoint\",\"urlTemplate\":\"https:\\\/\\\/gloopbaby.com\\\/fr\\\/?s={search_term_string}\"},\"query-input\":{\"@type\":\"PropertyValueSpecification\",\"valueRequired\":true,\"valueName\":\"search_term_string\"}}],\"inLanguage\":\"fr-FR\"},{\"@type\":\"Organization\",\"@id\":\"https:\\\/\\\/gloopbaby.com\\\/fr\\\/#organization\",\"name\":\"Gloop Baby\",\"url\":\"https:\\\/\\\/gloopbaby.com\\\/fr\\\/\",\"logo\":{\"@type\":\"ImageObject\",\"inLanguage\":\"fr-FR\",\"@id\":\"https:\\\/\\\/gloopbaby.com\\\/fr\\\/#\\\/schema\\\/logo\\\/image\\\/\",\"url\":\"https:\\\/\\\/gloopbaby.com\\\/wp-content\\\/uploads\\\/2023\\\/06\\\/gloop-logo.svg\",\"contentUrl\":\"https:\\\/\\\/gloopbaby.com\\\/wp-content\\\/uploads\\\/2023\\\/06\\\/gloop-logo.svg\",\"width\":100,\"height\":100,\"caption\":\"Gloop Baby\"},\"image\":{\"@id\":\"https:\\\/\\\/gloopbaby.com\\\/fr\\\/#\\\/schema\\\/logo\\\/image\\\/\"}}]}<\/script>\n<!-- \/ Yoast SEO plugin. -->","yoast_head_json":{"title":"Set gloop! Soft Sky - Gloop Baby","robots":{"index":"index","follow":"follow","max-snippet":"max-snippet:-1","max-image-preview":"max-image-preview:large","max-video-preview":"max-video-preview:-1"},"canonical":"https:\/\/gloopbaby.com\/fr\/produit\/sets-gloop\/set-gloop-safari-copia\/","og_locale":"fr_FR","og_type":"article","og_title":"Set gloop! Soft Sky - Gloop Baby","og_description":"Le Set gloop! est id\u00e9al pour ceux qui recherchent qualit\u00e9 et confort pour les premiers soins de leur b\u00e9b\u00e9. Ce kit comprend 1 Mousseline 110x110cm, 1 bavoir bandana, 1 porte-sucette tissu et une paire de chaussettes, tous confectionn\u00e9s en coton 100 % biologique, pour une douceur et un contact naturel avec la peau sensible de [&hellip;]","og_url":"https:\/\/gloopbaby.com\/fr\/produit\/sets-gloop\/set-gloop-safari-copia\/","og_site_name":"Gloop Baby","article_modified_time":"2025-11-10T14:03:08+00:00","og_image":[{"width":600,"height":900,"url":"https:\/\/gloopbaby.com\/wp-content\/uploads\/2025\/11\/kit-gloop-soft-sky-4.jpg","type":"image\/jpeg"}],"twitter_card":"summary_large_image","twitter_misc":{"Dur\u00e9e de lecture estim\u00e9e":"1 minute"},"schema":{"@context":"https:\/\/schema.org","@graph":[{"@type":"WebPage","@id":"https:\/\/gloopbaby.com\/fr\/produit\/sets-gloop\/set-gloop-safari-copia\/","url":"https:\/\/gloopbaby.com\/fr\/produit\/sets-gloop\/set-gloop-safari-copia\/","name":"Set gloop! Soft Sky - Gloop Baby","isPartOf":{"@id":"https:\/\/gloopbaby.com\/fr\/#website"},"primaryImageOfPage":{"@id":"https:\/\/gloopbaby.com\/fr\/produit\/sets-gloop\/set-gloop-safari-copia\/#primaryimage"},"image":{"@id":"https:\/\/gloopbaby.com\/fr\/produit\/sets-gloop\/set-gloop-safari-copia\/#primaryimage"},"thumbnailUrl":"https:\/\/gloopbaby.com\/wp-content\/uploads\/2025\/11\/kit-gloop-soft-sky-4.jpg","datePublished":"2025-11-10T13:59:48+00:00","dateModified":"2025-11-10T14:03:08+00:00","breadcrumb":{"@id":"https:\/\/gloopbaby.com\/fr\/produit\/sets-gloop\/set-gloop-safari-copia\/#breadcrumb"},"inLanguage":"fr-FR","potentialAction":[{"@type":"ReadAction","target":["https:\/\/gloopbaby.com\/fr\/produit\/sets-gloop\/set-gloop-safari-copia\/"]}]},{"@type":"ImageObject","inLanguage":"fr-FR","@id":"https:\/\/gloopbaby.com\/fr\/produit\/sets-gloop\/set-gloop-safari-copia\/#primaryimage","url":"https:\/\/gloopbaby.com\/wp-content\/uploads\/2025\/11\/kit-gloop-soft-sky-4.jpg","contentUrl":"https:\/\/gloopbaby.com\/wp-content\/uploads\/2025\/11\/kit-gloop-soft-sky-4.jpg","width":600,"height":900},{"@type":"BreadcrumbList","@id":"https:\/\/gloopbaby.com\/fr\/produit\/sets-gloop\/set-gloop-safari-copia\/#breadcrumb","itemListElement":[{"@type":"ListItem","position":1,"name":"In\u00edcio","item":"https:\/\/gloopbaby.com\/fr\/"},{"@type":"ListItem","position":2,"name":"Shop","item":"https:\/\/gloopbaby.com\/loja\/"},{"@type":"ListItem","position":3,"name":"Set gloop! Soft Sky"}]},{"@type":"WebSite","@id":"https:\/\/gloopbaby.com\/fr\/#website","url":"https:\/\/gloopbaby.com\/fr\/","name":"Gloop Baby","description":"","publisher":{"@id":"https:\/\/gloopbaby.com\/fr\/#organization"},"potentialAction":[{"@type":"SearchAction","target":{"@type":"EntryPoint","urlTemplate":"https:\/\/gloopbaby.com\/fr\/?s={search_term_string}"},"query-input":{"@type":"PropertyValueSpecification","valueRequired":true,"valueName":"search_term_string"}}],"inLanguage":"fr-FR"},{"@type":"Organization","@id":"https:\/\/gloopbaby.com\/fr\/#organization","name":"Gloop Baby","url":"https:\/\/gloopbaby.com\/fr\/","logo":{"@type":"ImageObject","inLanguage":"fr-FR","@id":"https:\/\/gloopbaby.com\/fr\/#\/schema\/logo\/image\/","url":"https:\/\/gloopbaby.com\/wp-content\/uploads\/2023\/06\/gloop-logo.svg","contentUrl":"https:\/\/gloopbaby.com\/wp-content\/uploads\/2023\/06\/gloop-logo.svg","width":100,"height":100,"caption":"Gloop Baby"},"image":{"@id":"https:\/\/gloopbaby.com\/fr\/#\/schema\/logo\/image\/"}}]}},"_links":{"self":[{"href":"https:\/\/gloopbaby.com\/fr\/wp-json\/wp\/v2\/product\/139612","targetHints":{"allow":["GET"]}}],"collection":[{"href":"https:\/\/gloopbaby.com\/fr\/wp-json\/wp\/v2\/product"}],"about":[{"href":"https:\/\/gloopbaby.com\/fr\/wp-json\/wp\/v2\/types\/product"}],"replies":[{"embeddable":true,"href":"https:\/\/gloopbaby.com\/fr\/wp-json\/wp\/v2\/comments?post=139612"}],"wp:featuredmedia":[{"embeddable":true,"href":"https:\/\/gloopbaby.com\/fr\/wp-json\/wp\/v2\/media\/139623"}],"wp:attachment":[{"href":"https:\/\/gloopbaby.com\/fr\/wp-json\/wp\/v2\/media?parent=139612"}],"wp:term":[{"taxonomy":"product_brand","embeddable":true,"href":"https:\/\/gloopbaby.com\/fr\/wp-json\/wp\/v2\/product_brand?post=139612"},{"taxonomy":"product_cat","embeddable":true,"href":"https:\/\/gloopbaby.com\/fr\/wp-json\/wp\/v2\/product_cat?post=139612"},{"taxonomy":"product_tag","embeddable":true,"href":"https:\/\/gloopbaby.com\/fr\/wp-json\/wp\/v2\/product_tag?post=139612"}],"curies":[{"name":"wp","href":"https:\/\/api.w.org\/{rel}","templated":true}]}}