{"id":139295,"date":"2025-10-24T14:21:07","date_gmt":"2025-10-24T14:21:07","guid":{"rendered":"https:\/\/gloopbaby.com\/?post_type=product&#038;p=139295"},"modified":"2025-12-03T08:14:14","modified_gmt":"2025-12-03T08:14:14","slug":"couverture-siege-auto-sleepy-copia","status":"publish","type":"product","link":"https:\/\/gloopbaby.com\/fr\/produit\/on-the-go-fr\/accessoires-pour-poussette\/couverture-siege-auto\/couverture-siege-auto-sleepy-copia\/","title":{"rendered":"Couverture si\u00e8ge auto Little Garden"},"content":{"rendered":"<p>Chaud et confortable, notre couverture de si\u00e8ge auto permet de d\u00e9placer votre b\u00e9b\u00e9 de \/ vers le si\u00e8ge auto toujours au chaud. Les couvertures pratiques vous permettent de placer et de sortir le b\u00e9b\u00e9 de l\u2019\u0153uf tr\u00e8s facilement, m\u00eame lorsque vous dormez. L&rsquo;ext\u00e9rieur est compos\u00e9 de notre tissu 100% coton biologique et de l&rsquo;int\u00e9rieur en polyester. Fabriqu\u00e9 au Portugal. Taille: 100x100cm<\/p>\n","protected":false},"excerpt":{"rendered":"<p>Chaud et confortable, notre couverture de si\u00e8ge auto permet de d\u00e9placer votre b\u00e9b\u00e9 de \/ vers le si\u00e8ge auto toujours au chaud. Les couvertures pratiques vous permettent de placer et de sortir le b\u00e9b\u00e9 de l\u2019\u0153uf tr\u00e8s facilement, m\u00eame lorsque vous dormez. L&rsquo;ext\u00e9rieur est compos\u00e9 de notre tissu 100% coton biologique et de l&rsquo;int\u00e9rieur en [&hellip;]<\/p>\n","protected":false},"featured_media":140915,"comment_status":"closed","ping_status":"closed","template":"","meta":{"_acf_changed":false},"product_brand":[],"product_cat":[1909,1582,1425,1942,1424],"product_tag":[],"class_list":{"0":"post-139295","1":"product","2":"type-product","3":"status-publish","4":"has-post-thumbnail","6":"product_cat-accessoires-pour-poussette","7":"product_cat-collections-fr","8":"product_cat-couverture-siege-auto","9":"product_cat-little-garden-fr","10":"product_cat-on-the-go-fr","12":"first","13":"instock","14":"taxable","15":"shipping-taxable","16":"purchasable","17":"product-type-simple"},"acf":[],"yoast_head":"<!-- This site is optimized with the Yoast SEO plugin v27.3 - https:\/\/yoast.com\/product\/yoast-seo-wordpress\/ -->\n<title>Couverture si\u00e8ge auto Little Garden - Gloop Baby<\/title>\n<meta name=\"robots\" content=\"index, follow, max-snippet:-1, max-image-preview:large, max-video-preview:-1\" \/>\n<link rel=\"canonical\" href=\"https:\/\/gloopbaby.com\/fr\/produit\/on-the-go-fr\/accessoires-pour-poussette\/couverture-siege-auto\/couverture-siege-auto-sleepy-copia\/\" \/>\n<meta property=\"og:locale\" content=\"fr_FR\" \/>\n<meta property=\"og:type\" content=\"article\" \/>\n<meta property=\"og:title\" content=\"Couverture si\u00e8ge auto Little Garden - Gloop Baby\" \/>\n<meta property=\"og:description\" content=\"Chaud et confortable, notre couverture de si\u00e8ge auto permet de d\u00e9placer votre b\u00e9b\u00e9 de \/ vers le si\u00e8ge auto toujours au chaud. Les couvertures pratiques vous permettent de placer et de sortir le b\u00e9b\u00e9 de l\u2019\u0153uf tr\u00e8s facilement, m\u00eame lorsque vous dormez. L&rsquo;ext\u00e9rieur est compos\u00e9 de notre tissu 100% coton biologique et de l&rsquo;int\u00e9rieur en [&hellip;]\" \/>\n<meta property=\"og:url\" content=\"https:\/\/gloopbaby.com\/fr\/produit\/on-the-go-fr\/accessoires-pour-poussette\/couverture-siege-auto\/couverture-siege-auto-sleepy-copia\/\" \/>\n<meta property=\"og:site_name\" content=\"Gloop Baby\" \/>\n<meta property=\"article:modified_time\" content=\"2025-12-03T08:14:14+00:00\" \/>\n<meta property=\"og:image\" content=\"https:\/\/gloopbaby.com\/wp-content\/uploads\/2025\/10\/manta-ovo-little-garden.jpg\" \/>\n\t<meta property=\"og:image:width\" content=\"600\" \/>\n\t<meta property=\"og:image:height\" content=\"900\" \/>\n\t<meta property=\"og:image:type\" content=\"image\/jpeg\" \/>\n<meta name=\"twitter:card\" content=\"summary_large_image\" \/>\n<meta name=\"twitter:label1\" content=\"Dur\u00e9e de lecture estim\u00e9e\" \/>\n\t<meta name=\"twitter:data1\" content=\"1 minute\" \/>\n<script type=\"application\/ld+json\" class=\"yoast-schema-graph\">{\"@context\":\"https:\\\/\\\/schema.org\",\"@graph\":[{\"@type\":\"WebPage\",\"@id\":\"https:\\\/\\\/gloopbaby.com\\\/fr\\\/produit\\\/on-the-go-fr\\\/accessoires-pour-poussette\\\/couverture-siege-auto\\\/couverture-siege-auto-sleepy-copia\\\/\",\"url\":\"https:\\\/\\\/gloopbaby.com\\\/fr\\\/produit\\\/on-the-go-fr\\\/accessoires-pour-poussette\\\/couverture-siege-auto\\\/couverture-siege-auto-sleepy-copia\\\/\",\"name\":\"Couverture si\u00e8ge auto Little Garden - Gloop Baby\",\"isPartOf\":{\"@id\":\"https:\\\/\\\/gloopbaby.com\\\/fr\\\/#website\"},\"primaryImageOfPage\":{\"@id\":\"https:\\\/\\\/gloopbaby.com\\\/fr\\\/produit\\\/on-the-go-fr\\\/accessoires-pour-poussette\\\/couverture-siege-auto\\\/couverture-siege-auto-sleepy-copia\\\/#primaryimage\"},\"image\":{\"@id\":\"https:\\\/\\\/gloopbaby.com\\\/fr\\\/produit\\\/on-the-go-fr\\\/accessoires-pour-poussette\\\/couverture-siege-auto\\\/couverture-siege-auto-sleepy-copia\\\/#primaryimage\"},\"thumbnailUrl\":\"https:\\\/\\\/gloopbaby.com\\\/wp-content\\\/uploads\\\/2025\\\/10\\\/manta-ovo-little-garden.jpg\",\"datePublished\":\"2025-10-24T14:21:07+00:00\",\"dateModified\":\"2025-12-03T08:14:14+00:00\",\"breadcrumb\":{\"@id\":\"https:\\\/\\\/gloopbaby.com\\\/fr\\\/produit\\\/on-the-go-fr\\\/accessoires-pour-poussette\\\/couverture-siege-auto\\\/couverture-siege-auto-sleepy-copia\\\/#breadcrumb\"},\"inLanguage\":\"fr-FR\",\"potentialAction\":[{\"@type\":\"ReadAction\",\"target\":[\"https:\\\/\\\/gloopbaby.com\\\/fr\\\/produit\\\/on-the-go-fr\\\/accessoires-pour-poussette\\\/couverture-siege-auto\\\/couverture-siege-auto-sleepy-copia\\\/\"]}]},{\"@type\":\"ImageObject\",\"inLanguage\":\"fr-FR\",\"@id\":\"https:\\\/\\\/gloopbaby.com\\\/fr\\\/produit\\\/on-the-go-fr\\\/accessoires-pour-poussette\\\/couverture-siege-auto\\\/couverture-siege-auto-sleepy-copia\\\/#primaryimage\",\"url\":\"https:\\\/\\\/gloopbaby.com\\\/wp-content\\\/uploads\\\/2025\\\/10\\\/manta-ovo-little-garden.jpg\",\"contentUrl\":\"https:\\\/\\\/gloopbaby.com\\\/wp-content\\\/uploads\\\/2025\\\/10\\\/manta-ovo-little-garden.jpg\",\"width\":600,\"height\":900},{\"@type\":\"BreadcrumbList\",\"@id\":\"https:\\\/\\\/gloopbaby.com\\\/fr\\\/produit\\\/on-the-go-fr\\\/accessoires-pour-poussette\\\/couverture-siege-auto\\\/couverture-siege-auto-sleepy-copia\\\/#breadcrumb\",\"itemListElement\":[{\"@type\":\"ListItem\",\"position\":1,\"name\":\"In\u00edcio\",\"item\":\"https:\\\/\\\/gloopbaby.com\\\/fr\\\/\"},{\"@type\":\"ListItem\",\"position\":2,\"name\":\"Shop\",\"item\":\"https:\\\/\\\/gloopbaby.com\\\/loja\\\/\"},{\"@type\":\"ListItem\",\"position\":3,\"name\":\"Couverture si\u00e8ge auto Little Garden\"}]},{\"@type\":\"WebSite\",\"@id\":\"https:\\\/\\\/gloopbaby.com\\\/fr\\\/#website\",\"url\":\"https:\\\/\\\/gloopbaby.com\\\/fr\\\/\",\"name\":\"Gloop Baby\",\"description\":\"\",\"publisher\":{\"@id\":\"https:\\\/\\\/gloopbaby.com\\\/fr\\\/#organization\"},\"potentialAction\":[{\"@type\":\"SearchAction\",\"target\":{\"@type\":\"EntryPoint\",\"urlTemplate\":\"https:\\\/\\\/gloopbaby.com\\\/fr\\\/?s={search_term_string}\"},\"query-input\":{\"@type\":\"PropertyValueSpecification\",\"valueRequired\":true,\"valueName\":\"search_term_string\"}}],\"inLanguage\":\"fr-FR\"},{\"@type\":\"Organization\",\"@id\":\"https:\\\/\\\/gloopbaby.com\\\/fr\\\/#organization\",\"name\":\"Gloop Baby\",\"url\":\"https:\\\/\\\/gloopbaby.com\\\/fr\\\/\",\"logo\":{\"@type\":\"ImageObject\",\"inLanguage\":\"fr-FR\",\"@id\":\"https:\\\/\\\/gloopbaby.com\\\/fr\\\/#\\\/schema\\\/logo\\\/image\\\/\",\"url\":\"https:\\\/\\\/gloopbaby.com\\\/wp-content\\\/uploads\\\/2023\\\/06\\\/gloop-logo.svg\",\"contentUrl\":\"https:\\\/\\\/gloopbaby.com\\\/wp-content\\\/uploads\\\/2023\\\/06\\\/gloop-logo.svg\",\"width\":100,\"height\":100,\"caption\":\"Gloop Baby\"},\"image\":{\"@id\":\"https:\\\/\\\/gloopbaby.com\\\/fr\\\/#\\\/schema\\\/logo\\\/image\\\/\"}}]}<\/script>\n<!-- \/ Yoast SEO plugin. -->","yoast_head_json":{"title":"Couverture si\u00e8ge auto Little Garden - Gloop Baby","robots":{"index":"index","follow":"follow","max-snippet":"max-snippet:-1","max-image-preview":"max-image-preview:large","max-video-preview":"max-video-preview:-1"},"canonical":"https:\/\/gloopbaby.com\/fr\/produit\/on-the-go-fr\/accessoires-pour-poussette\/couverture-siege-auto\/couverture-siege-auto-sleepy-copia\/","og_locale":"fr_FR","og_type":"article","og_title":"Couverture si\u00e8ge auto Little Garden - Gloop Baby","og_description":"Chaud et confortable, notre couverture de si\u00e8ge auto permet de d\u00e9placer votre b\u00e9b\u00e9 de \/ vers le si\u00e8ge auto toujours au chaud. Les couvertures pratiques vous permettent de placer et de sortir le b\u00e9b\u00e9 de l\u2019\u0153uf tr\u00e8s facilement, m\u00eame lorsque vous dormez. L&rsquo;ext\u00e9rieur est compos\u00e9 de notre tissu 100% coton biologique et de l&rsquo;int\u00e9rieur en [&hellip;]","og_url":"https:\/\/gloopbaby.com\/fr\/produit\/on-the-go-fr\/accessoires-pour-poussette\/couverture-siege-auto\/couverture-siege-auto-sleepy-copia\/","og_site_name":"Gloop Baby","article_modified_time":"2025-12-03T08:14:14+00:00","og_image":[{"width":600,"height":900,"url":"https:\/\/gloopbaby.com\/wp-content\/uploads\/2025\/10\/manta-ovo-little-garden.jpg","type":"image\/jpeg"}],"twitter_card":"summary_large_image","twitter_misc":{"Dur\u00e9e de lecture estim\u00e9e":"1 minute"},"schema":{"@context":"https:\/\/schema.org","@graph":[{"@type":"WebPage","@id":"https:\/\/gloopbaby.com\/fr\/produit\/on-the-go-fr\/accessoires-pour-poussette\/couverture-siege-auto\/couverture-siege-auto-sleepy-copia\/","url":"https:\/\/gloopbaby.com\/fr\/produit\/on-the-go-fr\/accessoires-pour-poussette\/couverture-siege-auto\/couverture-siege-auto-sleepy-copia\/","name":"Couverture si\u00e8ge auto Little Garden - Gloop Baby","isPartOf":{"@id":"https:\/\/gloopbaby.com\/fr\/#website"},"primaryImageOfPage":{"@id":"https:\/\/gloopbaby.com\/fr\/produit\/on-the-go-fr\/accessoires-pour-poussette\/couverture-siege-auto\/couverture-siege-auto-sleepy-copia\/#primaryimage"},"image":{"@id":"https:\/\/gloopbaby.com\/fr\/produit\/on-the-go-fr\/accessoires-pour-poussette\/couverture-siege-auto\/couverture-siege-auto-sleepy-copia\/#primaryimage"},"thumbnailUrl":"https:\/\/gloopbaby.com\/wp-content\/uploads\/2025\/10\/manta-ovo-little-garden.jpg","datePublished":"2025-10-24T14:21:07+00:00","dateModified":"2025-12-03T08:14:14+00:00","breadcrumb":{"@id":"https:\/\/gloopbaby.com\/fr\/produit\/on-the-go-fr\/accessoires-pour-poussette\/couverture-siege-auto\/couverture-siege-auto-sleepy-copia\/#breadcrumb"},"inLanguage":"fr-FR","potentialAction":[{"@type":"ReadAction","target":["https:\/\/gloopbaby.com\/fr\/produit\/on-the-go-fr\/accessoires-pour-poussette\/couverture-siege-auto\/couverture-siege-auto-sleepy-copia\/"]}]},{"@type":"ImageObject","inLanguage":"fr-FR","@id":"https:\/\/gloopbaby.com\/fr\/produit\/on-the-go-fr\/accessoires-pour-poussette\/couverture-siege-auto\/couverture-siege-auto-sleepy-copia\/#primaryimage","url":"https:\/\/gloopbaby.com\/wp-content\/uploads\/2025\/10\/manta-ovo-little-garden.jpg","contentUrl":"https:\/\/gloopbaby.com\/wp-content\/uploads\/2025\/10\/manta-ovo-little-garden.jpg","width":600,"height":900},{"@type":"BreadcrumbList","@id":"https:\/\/gloopbaby.com\/fr\/produit\/on-the-go-fr\/accessoires-pour-poussette\/couverture-siege-auto\/couverture-siege-auto-sleepy-copia\/#breadcrumb","itemListElement":[{"@type":"ListItem","position":1,"name":"In\u00edcio","item":"https:\/\/gloopbaby.com\/fr\/"},{"@type":"ListItem","position":2,"name":"Shop","item":"https:\/\/gloopbaby.com\/loja\/"},{"@type":"ListItem","position":3,"name":"Couverture si\u00e8ge auto Little Garden"}]},{"@type":"WebSite","@id":"https:\/\/gloopbaby.com\/fr\/#website","url":"https:\/\/gloopbaby.com\/fr\/","name":"Gloop Baby","description":"","publisher":{"@id":"https:\/\/gloopbaby.com\/fr\/#organization"},"potentialAction":[{"@type":"SearchAction","target":{"@type":"EntryPoint","urlTemplate":"https:\/\/gloopbaby.com\/fr\/?s={search_term_string}"},"query-input":{"@type":"PropertyValueSpecification","valueRequired":true,"valueName":"search_term_string"}}],"inLanguage":"fr-FR"},{"@type":"Organization","@id":"https:\/\/gloopbaby.com\/fr\/#organization","name":"Gloop Baby","url":"https:\/\/gloopbaby.com\/fr\/","logo":{"@type":"ImageObject","inLanguage":"fr-FR","@id":"https:\/\/gloopbaby.com\/fr\/#\/schema\/logo\/image\/","url":"https:\/\/gloopbaby.com\/wp-content\/uploads\/2023\/06\/gloop-logo.svg","contentUrl":"https:\/\/gloopbaby.com\/wp-content\/uploads\/2023\/06\/gloop-logo.svg","width":100,"height":100,"caption":"Gloop Baby"},"image":{"@id":"https:\/\/gloopbaby.com\/fr\/#\/schema\/logo\/image\/"}}]}},"_links":{"self":[{"href":"https:\/\/gloopbaby.com\/fr\/wp-json\/wp\/v2\/product\/139295","targetHints":{"allow":["GET"]}}],"collection":[{"href":"https:\/\/gloopbaby.com\/fr\/wp-json\/wp\/v2\/product"}],"about":[{"href":"https:\/\/gloopbaby.com\/fr\/wp-json\/wp\/v2\/types\/product"}],"replies":[{"embeddable":true,"href":"https:\/\/gloopbaby.com\/fr\/wp-json\/wp\/v2\/comments?post=139295"}],"wp:featuredmedia":[{"embeddable":true,"href":"https:\/\/gloopbaby.com\/fr\/wp-json\/wp\/v2\/media\/140915"}],"wp:attachment":[{"href":"https:\/\/gloopbaby.com\/fr\/wp-json\/wp\/v2\/media?parent=139295"}],"wp:term":[{"taxonomy":"product_brand","embeddable":true,"href":"https:\/\/gloopbaby.com\/fr\/wp-json\/wp\/v2\/product_brand?post=139295"},{"taxonomy":"product_cat","embeddable":true,"href":"https:\/\/gloopbaby.com\/fr\/wp-json\/wp\/v2\/product_cat?post=139295"},{"taxonomy":"product_tag","embeddable":true,"href":"https:\/\/gloopbaby.com\/fr\/wp-json\/wp\/v2\/product_tag?post=139295"}],"curies":[{"name":"wp","href":"https:\/\/api.w.org\/{rel}","templated":true}]}}