{"id":139270,"date":"2025-10-23T15:13:52","date_gmt":"2025-10-23T15:13:52","guid":{"rendered":"https:\/\/gloopbaby.com\/?post_type=product&#038;p=139270"},"modified":"2026-04-15T11:35:09","modified_gmt":"2026-04-15T11:35:09","slug":"protege-carnet-de-naissance-sleepy-copia","status":"publish","type":"product","link":"https:\/\/gloopbaby.com\/fr\/produit\/on-the-go-fr\/promenade\/porte-document-fr\/protege-carnet-de-naissance-sleepy-copia\/","title":{"rendered":"Porte-documents Little Garden"},"content":{"rendered":"<pre id=\"tw-target-text\" class=\"tw-data-text tw-text-large tw-ta\" dir=\"ltr\" tabindex=\"-1\" role=\"text\" data-placeholder=\"Tradu\u00e7\u00e3o\" data-ved=\"2ahUKEwjZp9m0ru-TAxVpRv4FHWPRC-cQ3ewLegQIDBAV\" aria-label=\"Texto traduzido: Le porte-documents gloop! est un accessoire indispensable au quotidien pour les parents. L\u00e9ger, compact et tr\u00e8s \u00e9l\u00e9gant, il permet de ranger et d'organiser tous les documents importants de b\u00e9b\u00e9, tels que son carnet de vaccination, son carnet de sant\u00e9 et autres papiers essentiels.\r\n\r\nFabriqu\u00e9 au Portugal avec un ext\u00e9rieur en coton 100 % biologique certifi\u00e9 et un int\u00e9rieur en polyester 100 % r\u00e9sistant, ce porte-documents allie durabilit\u00e9, praticit\u00e9 et design moderne.\r\n\r\nMesurant 22 x 16 cm, il est id\u00e9al \u00e0 emporter partout avec soi, pour ne rien oublier.\"><span class=\"Y2IQFc\" lang=\"fr\">Le porte-documents gloop! est un accessoire indispensable au quotidien pour les parents. L\u00e9ger, compact et tr\u00e8s \u00e9l\u00e9gant, il permet de ranger et d'organiser tous les documents importants de b\u00e9b\u00e9, tels que son carnet de vaccination, son carnet de sant\u00e9 et autres papiers essentiels.\r\n\r\nFabriqu\u00e9 au Portugal avec un ext\u00e9rieur en coton 100% biologique certifi\u00e9 et un int\u00e9rieur en polyester 100% r\u00e9sistant, ce porte-documents allie durabilit\u00e9, praticit\u00e9 et design moderne.\r\n\r\nMesurant 22x16cm, il est id\u00e9al \u00e0 emporter partout avec soi, pour ne rien oublier.<\/span><\/pre>\n","protected":false},"excerpt":{"rendered":"<p>Le porte-documents gloop! est un accessoire indispensable au quotidien pour les parents. L\u00e9ger, compact et tr\u00e8s \u00e9l\u00e9gant, il permet de ranger et d&rsquo;organiser tous les documents importants de b\u00e9b\u00e9, tels que son carnet de vaccination, son carnet de sant\u00e9 et autres papiers essentiels. Fabriqu\u00e9 au Portugal avec un ext\u00e9rieur en coton 100% biologique certifi\u00e9 et [&hellip;]<\/p>\n","protected":false},"featured_media":140941,"comment_status":"closed","ping_status":"closed","template":"","meta":{"_acf_changed":false},"product_brand":[],"product_cat":[1582,1942,1432,1906,1424],"product_tag":[],"class_list":{"0":"post-139270","1":"product","2":"type-product","3":"status-publish","4":"has-post-thumbnail","6":"product_cat-collections-fr","7":"product_cat-little-garden-fr","8":"product_cat-porte-document-fr","9":"product_cat-promenade","10":"product_cat-on-the-go-fr","12":"first","13":"instock","14":"taxable","15":"shipping-taxable","16":"purchasable","17":"product-type-simple"},"acf":[],"yoast_head":"<!-- This site is optimized with the Yoast SEO plugin v27.6 - https:\/\/yoast.com\/product\/yoast-seo-wordpress\/ -->\n<title>Porte-documents Little Garden - Gloop Baby<\/title>\n<meta name=\"robots\" content=\"index, follow, max-snippet:-1, max-image-preview:large, max-video-preview:-1\" \/>\n<link rel=\"canonical\" href=\"https:\/\/gloopbaby.com\/fr\/produit\/on-the-go-fr\/promenade\/porte-document-fr\/protege-carnet-de-naissance-sleepy-copia\/\" \/>\n<meta property=\"og:locale\" content=\"fr_FR\" \/>\n<meta property=\"og:type\" content=\"article\" \/>\n<meta property=\"og:title\" content=\"Porte-documents Little Garden - Gloop Baby\" \/>\n<meta property=\"og:description\" content=\"Le porte-documents gloop! est un accessoire indispensable au quotidien pour les parents. L\u00e9ger, compact et tr\u00e8s \u00e9l\u00e9gant, il permet de ranger et d&#039;organiser tous les documents importants de b\u00e9b\u00e9, tels que son carnet de vaccination, son carnet de sant\u00e9 et autres papiers essentiels. Fabriqu\u00e9 au Portugal avec un ext\u00e9rieur en coton 100% biologique certifi\u00e9 et [&hellip;]\" \/>\n<meta property=\"og:url\" content=\"https:\/\/gloopbaby.com\/fr\/produit\/on-the-go-fr\/promenade\/porte-document-fr\/protege-carnet-de-naissance-sleepy-copia\/\" \/>\n<meta property=\"og:site_name\" content=\"Gloop Baby\" \/>\n<meta property=\"article:modified_time\" content=\"2026-04-15T11:35:09+00:00\" \/>\n<meta property=\"og:image\" content=\"https:\/\/gloopbaby.com\/wp-content\/uploads\/2025\/10\/porta-documentos-little-garden-2.jpg\" \/>\n\t<meta property=\"og:image:width\" content=\"600\" \/>\n\t<meta property=\"og:image:height\" content=\"900\" \/>\n\t<meta property=\"og:image:type\" content=\"image\/jpeg\" \/>\n<meta name=\"twitter:card\" content=\"summary_large_image\" \/>\n<meta name=\"twitter:label1\" content=\"Dur\u00e9e de lecture estim\u00e9e\" \/>\n\t<meta name=\"twitter:data1\" content=\"1 minute\" \/>\n<script type=\"application\/ld+json\" class=\"yoast-schema-graph\">{\"@context\":\"https:\\\/\\\/schema.org\",\"@graph\":[{\"@type\":\"WebPage\",\"@id\":\"https:\\\/\\\/gloopbaby.com\\\/fr\\\/produit\\\/on-the-go-fr\\\/promenade\\\/porte-document-fr\\\/protege-carnet-de-naissance-sleepy-copia\\\/\",\"url\":\"https:\\\/\\\/gloopbaby.com\\\/fr\\\/produit\\\/on-the-go-fr\\\/promenade\\\/porte-document-fr\\\/protege-carnet-de-naissance-sleepy-copia\\\/\",\"name\":\"Porte-documents Little Garden - Gloop Baby\",\"isPartOf\":{\"@id\":\"https:\\\/\\\/gloopbaby.com\\\/fr\\\/#website\"},\"primaryImageOfPage\":{\"@id\":\"https:\\\/\\\/gloopbaby.com\\\/fr\\\/produit\\\/on-the-go-fr\\\/promenade\\\/porte-document-fr\\\/protege-carnet-de-naissance-sleepy-copia\\\/#primaryimage\"},\"image\":{\"@id\":\"https:\\\/\\\/gloopbaby.com\\\/fr\\\/produit\\\/on-the-go-fr\\\/promenade\\\/porte-document-fr\\\/protege-carnet-de-naissance-sleepy-copia\\\/#primaryimage\"},\"thumbnailUrl\":\"https:\\\/\\\/gloopbaby.com\\\/wp-content\\\/uploads\\\/2025\\\/10\\\/porta-documentos-little-garden-2.jpg\",\"datePublished\":\"2025-10-23T15:13:52+00:00\",\"dateModified\":\"2026-04-15T11:35:09+00:00\",\"breadcrumb\":{\"@id\":\"https:\\\/\\\/gloopbaby.com\\\/fr\\\/produit\\\/on-the-go-fr\\\/promenade\\\/porte-document-fr\\\/protege-carnet-de-naissance-sleepy-copia\\\/#breadcrumb\"},\"inLanguage\":\"fr-FR\",\"potentialAction\":[{\"@type\":\"ReadAction\",\"target\":[\"https:\\\/\\\/gloopbaby.com\\\/fr\\\/produit\\\/on-the-go-fr\\\/promenade\\\/porte-document-fr\\\/protege-carnet-de-naissance-sleepy-copia\\\/\"]}]},{\"@type\":\"ImageObject\",\"inLanguage\":\"fr-FR\",\"@id\":\"https:\\\/\\\/gloopbaby.com\\\/fr\\\/produit\\\/on-the-go-fr\\\/promenade\\\/porte-document-fr\\\/protege-carnet-de-naissance-sleepy-copia\\\/#primaryimage\",\"url\":\"https:\\\/\\\/gloopbaby.com\\\/wp-content\\\/uploads\\\/2025\\\/10\\\/porta-documentos-little-garden-2.jpg\",\"contentUrl\":\"https:\\\/\\\/gloopbaby.com\\\/wp-content\\\/uploads\\\/2025\\\/10\\\/porta-documentos-little-garden-2.jpg\",\"width\":600,\"height\":900},{\"@type\":\"BreadcrumbList\",\"@id\":\"https:\\\/\\\/gloopbaby.com\\\/fr\\\/produit\\\/on-the-go-fr\\\/promenade\\\/porte-document-fr\\\/protege-carnet-de-naissance-sleepy-copia\\\/#breadcrumb\",\"itemListElement\":[{\"@type\":\"ListItem\",\"position\":1,\"name\":\"In\u00edcio\",\"item\":\"https:\\\/\\\/gloopbaby.com\\\/fr\\\/\"},{\"@type\":\"ListItem\",\"position\":2,\"name\":\"Shop\",\"item\":\"https:\\\/\\\/gloopbaby.com\\\/loja\\\/\"},{\"@type\":\"ListItem\",\"position\":3,\"name\":\"Porte-documents Little Garden\"}]},{\"@type\":\"WebSite\",\"@id\":\"https:\\\/\\\/gloopbaby.com\\\/fr\\\/#website\",\"url\":\"https:\\\/\\\/gloopbaby.com\\\/fr\\\/\",\"name\":\"Gloop Baby\",\"description\":\"\",\"publisher\":{\"@id\":\"https:\\\/\\\/gloopbaby.com\\\/fr\\\/#organization\"},\"potentialAction\":[{\"@type\":\"SearchAction\",\"target\":{\"@type\":\"EntryPoint\",\"urlTemplate\":\"https:\\\/\\\/gloopbaby.com\\\/fr\\\/?s={search_term_string}\"},\"query-input\":{\"@type\":\"PropertyValueSpecification\",\"valueRequired\":true,\"valueName\":\"search_term_string\"}}],\"inLanguage\":\"fr-FR\"},{\"@type\":\"Organization\",\"@id\":\"https:\\\/\\\/gloopbaby.com\\\/fr\\\/#organization\",\"name\":\"Gloop Baby\",\"url\":\"https:\\\/\\\/gloopbaby.com\\\/fr\\\/\",\"logo\":{\"@type\":\"ImageObject\",\"inLanguage\":\"fr-FR\",\"@id\":\"https:\\\/\\\/gloopbaby.com\\\/fr\\\/#\\\/schema\\\/logo\\\/image\\\/\",\"url\":\"https:\\\/\\\/gloopbaby.com\\\/wp-content\\\/uploads\\\/2023\\\/06\\\/gloop-logo.svg\",\"contentUrl\":\"https:\\\/\\\/gloopbaby.com\\\/wp-content\\\/uploads\\\/2023\\\/06\\\/gloop-logo.svg\",\"width\":100,\"height\":100,\"caption\":\"Gloop Baby\"},\"image\":{\"@id\":\"https:\\\/\\\/gloopbaby.com\\\/fr\\\/#\\\/schema\\\/logo\\\/image\\\/\"}}]}<\/script>\n<!-- \/ Yoast SEO plugin. -->","yoast_head_json":{"title":"Porte-documents Little Garden - Gloop Baby","robots":{"index":"index","follow":"follow","max-snippet":"max-snippet:-1","max-image-preview":"max-image-preview:large","max-video-preview":"max-video-preview:-1"},"canonical":"https:\/\/gloopbaby.com\/fr\/produit\/on-the-go-fr\/promenade\/porte-document-fr\/protege-carnet-de-naissance-sleepy-copia\/","og_locale":"fr_FR","og_type":"article","og_title":"Porte-documents Little Garden - Gloop Baby","og_description":"Le porte-documents gloop! est un accessoire indispensable au quotidien pour les parents. L\u00e9ger, compact et tr\u00e8s \u00e9l\u00e9gant, il permet de ranger et d'organiser tous les documents importants de b\u00e9b\u00e9, tels que son carnet de vaccination, son carnet de sant\u00e9 et autres papiers essentiels. Fabriqu\u00e9 au Portugal avec un ext\u00e9rieur en coton 100% biologique certifi\u00e9 et [&hellip;]","og_url":"https:\/\/gloopbaby.com\/fr\/produit\/on-the-go-fr\/promenade\/porte-document-fr\/protege-carnet-de-naissance-sleepy-copia\/","og_site_name":"Gloop Baby","article_modified_time":"2026-04-15T11:35:09+00:00","og_image":[{"width":600,"height":900,"url":"https:\/\/gloopbaby.com\/wp-content\/uploads\/2025\/10\/porta-documentos-little-garden-2.jpg","type":"image\/jpeg"}],"twitter_card":"summary_large_image","twitter_misc":{"Dur\u00e9e de lecture estim\u00e9e":"1 minute"},"schema":{"@context":"https:\/\/schema.org","@graph":[{"@type":"WebPage","@id":"https:\/\/gloopbaby.com\/fr\/produit\/on-the-go-fr\/promenade\/porte-document-fr\/protege-carnet-de-naissance-sleepy-copia\/","url":"https:\/\/gloopbaby.com\/fr\/produit\/on-the-go-fr\/promenade\/porte-document-fr\/protege-carnet-de-naissance-sleepy-copia\/","name":"Porte-documents Little Garden - Gloop Baby","isPartOf":{"@id":"https:\/\/gloopbaby.com\/fr\/#website"},"primaryImageOfPage":{"@id":"https:\/\/gloopbaby.com\/fr\/produit\/on-the-go-fr\/promenade\/porte-document-fr\/protege-carnet-de-naissance-sleepy-copia\/#primaryimage"},"image":{"@id":"https:\/\/gloopbaby.com\/fr\/produit\/on-the-go-fr\/promenade\/porte-document-fr\/protege-carnet-de-naissance-sleepy-copia\/#primaryimage"},"thumbnailUrl":"https:\/\/gloopbaby.com\/wp-content\/uploads\/2025\/10\/porta-documentos-little-garden-2.jpg","datePublished":"2025-10-23T15:13:52+00:00","dateModified":"2026-04-15T11:35:09+00:00","breadcrumb":{"@id":"https:\/\/gloopbaby.com\/fr\/produit\/on-the-go-fr\/promenade\/porte-document-fr\/protege-carnet-de-naissance-sleepy-copia\/#breadcrumb"},"inLanguage":"fr-FR","potentialAction":[{"@type":"ReadAction","target":["https:\/\/gloopbaby.com\/fr\/produit\/on-the-go-fr\/promenade\/porte-document-fr\/protege-carnet-de-naissance-sleepy-copia\/"]}]},{"@type":"ImageObject","inLanguage":"fr-FR","@id":"https:\/\/gloopbaby.com\/fr\/produit\/on-the-go-fr\/promenade\/porte-document-fr\/protege-carnet-de-naissance-sleepy-copia\/#primaryimage","url":"https:\/\/gloopbaby.com\/wp-content\/uploads\/2025\/10\/porta-documentos-little-garden-2.jpg","contentUrl":"https:\/\/gloopbaby.com\/wp-content\/uploads\/2025\/10\/porta-documentos-little-garden-2.jpg","width":600,"height":900},{"@type":"BreadcrumbList","@id":"https:\/\/gloopbaby.com\/fr\/produit\/on-the-go-fr\/promenade\/porte-document-fr\/protege-carnet-de-naissance-sleepy-copia\/#breadcrumb","itemListElement":[{"@type":"ListItem","position":1,"name":"In\u00edcio","item":"https:\/\/gloopbaby.com\/fr\/"},{"@type":"ListItem","position":2,"name":"Shop","item":"https:\/\/gloopbaby.com\/loja\/"},{"@type":"ListItem","position":3,"name":"Porte-documents Little Garden"}]},{"@type":"WebSite","@id":"https:\/\/gloopbaby.com\/fr\/#website","url":"https:\/\/gloopbaby.com\/fr\/","name":"Gloop Baby","description":"","publisher":{"@id":"https:\/\/gloopbaby.com\/fr\/#organization"},"potentialAction":[{"@type":"SearchAction","target":{"@type":"EntryPoint","urlTemplate":"https:\/\/gloopbaby.com\/fr\/?s={search_term_string}"},"query-input":{"@type":"PropertyValueSpecification","valueRequired":true,"valueName":"search_term_string"}}],"inLanguage":"fr-FR"},{"@type":"Organization","@id":"https:\/\/gloopbaby.com\/fr\/#organization","name":"Gloop Baby","url":"https:\/\/gloopbaby.com\/fr\/","logo":{"@type":"ImageObject","inLanguage":"fr-FR","@id":"https:\/\/gloopbaby.com\/fr\/#\/schema\/logo\/image\/","url":"https:\/\/gloopbaby.com\/wp-content\/uploads\/2023\/06\/gloop-logo.svg","contentUrl":"https:\/\/gloopbaby.com\/wp-content\/uploads\/2023\/06\/gloop-logo.svg","width":100,"height":100,"caption":"Gloop Baby"},"image":{"@id":"https:\/\/gloopbaby.com\/fr\/#\/schema\/logo\/image\/"}}]}},"_links":{"self":[{"href":"https:\/\/gloopbaby.com\/fr\/wp-json\/wp\/v2\/product\/139270","targetHints":{"allow":["GET"]}}],"collection":[{"href":"https:\/\/gloopbaby.com\/fr\/wp-json\/wp\/v2\/product"}],"about":[{"href":"https:\/\/gloopbaby.com\/fr\/wp-json\/wp\/v2\/types\/product"}],"replies":[{"embeddable":true,"href":"https:\/\/gloopbaby.com\/fr\/wp-json\/wp\/v2\/comments?post=139270"}],"wp:featuredmedia":[{"embeddable":true,"href":"https:\/\/gloopbaby.com\/fr\/wp-json\/wp\/v2\/media\/140941"}],"wp:attachment":[{"href":"https:\/\/gloopbaby.com\/fr\/wp-json\/wp\/v2\/media?parent=139270"}],"wp:term":[{"taxonomy":"product_brand","embeddable":true,"href":"https:\/\/gloopbaby.com\/fr\/wp-json\/wp\/v2\/product_brand?post=139270"},{"taxonomy":"product_cat","embeddable":true,"href":"https:\/\/gloopbaby.com\/fr\/wp-json\/wp\/v2\/product_cat?post=139270"},{"taxonomy":"product_tag","embeddable":true,"href":"https:\/\/gloopbaby.com\/fr\/wp-json\/wp\/v2\/product_tag?post=139270"}],"curies":[{"name":"wp","href":"https:\/\/api.w.org\/{rel}","templated":true}]}}