{"id":139260,"date":"2025-10-23T14:53:39","date_gmt":"2025-10-23T14:53:39","guid":{"rendered":"https:\/\/gloopbaby.com\/?post_type=product&#038;p=139260"},"modified":"2026-04-20T08:38:08","modified_gmt":"2026-04-20T08:38:08","slug":"sac-de-maternite-sleepy-copia","status":"publish","type":"product","link":"https:\/\/gloopbaby.com\/fr\/produit\/on-the-go-fr\/promenade\/sac-de-maternite-fr\/sac-de-maternite-sleepy-copia\/","title":{"rendered":"Sac de Maternit\u00e9 Little Garden"},"content":{"rendered":"<pre class=\"tw-data-text tw-text-large tw-ta\" dir=\"ltr\" tabindex=\"-1\" role=\"text\" data-placeholder=\"Tradu\u00e7\u00e3o\" data-ved=\"2ahUKEwjZp9m0ru-TAxVpRv4FHWPRC-cQ3ewLegQIDBAV\" aria-label=\"Texto traduzido: Le sac de maternit\u00e9 gloop! est id\u00e9al pour les mamans en qu\u00eate de praticit\u00e9 et de confort. Sa structure rigide et sa grande capacit\u00e9 lui permettent de conserver sa forme m\u00eame apr\u00e8s lavage. Fabriqu\u00e9 en coton 100 % biologique certifi\u00e9, avec une doublure imperm\u00e9able, il offre la r\u00e9sistance n\u00e9cessaire pour transporter tout le n\u00e9cessaire pour b\u00e9b\u00e9. Fabriqu\u00e9 au Portugal. Dimensions : 29 x 46 x 20 cm. Caract\u00e9ristiques principales : Doublure imperm\u00e9able. Grand format et poches int\u00e9rieures. Dimensions : 29 x 46 x 20 cm. Ext\u00e9rieur : 100 % coton biologique certifi\u00e9. Fabriqu\u00e9 au Portugal. Un accessoire indispensable et polyvalent pour la trousse de naissance, alliant design exclusif, qualit\u00e9 et durabilit\u00e9. Produit \u00e9cologique, sans produits chimiques nocifs. Id\u00e9al pour les parents soucieux du bien-\u00eatre de leur b\u00e9b\u00e9 et de la plan\u00e8te.\"><span class=\"Y2IQFc\" lang=\"fr\">Le sac de maternit\u00e9 gloop! est id\u00e9al pour les mamans en qu\u00eate de praticit\u00e9 et de confort. Sa structure rigide et sa grande capacit\u00e9 lui permettent de conserver sa forme m\u00eame apr\u00e8s lavage.<\/span><\/pre>\n<p>Fabriqu\u00e9 en coton 100% biologique certifi\u00e9, avec une doublure imperm\u00e9able et un int\u00e9rieur 100% polyester<span class=\"Y2IQFc\" lang=\"fr\">, il offre la r\u00e9sistance n\u00e9cessaire pour transporter tout le n\u00e9cessaire pour b\u00e9b\u00e9.\u00a0<\/span><\/p>\n<p><span class=\"Y2IQFc\" lang=\"fr\"><strong>Caract\u00e9ristiques principales:<\/strong> <\/span><\/p>\n<p><span class=\"Y2IQFc\" lang=\"fr\">Int\u00e9rieur: Doublure imperm\u00e9able <\/span><\/p>\n<p><span class=\"Y2IQFc\" lang=\"fr\">Grand format et poches int\u00e9rieures <\/span><\/p>\n<p><span class=\"Y2IQFc\" lang=\"fr\">Dimensions: 29x46x20cm<\/span><\/p>\n<p><span class=\"Y2IQFc\" lang=\"fr\"> Ext\u00e9rieur: 100% coton biologique certifi\u00e9<\/span><\/p>\n<p><span class=\"Y2IQFc\" lang=\"fr\">Int\u00e9rieur: 100% polyester<\/span><\/p>\n<p><span class=\"Y2IQFc\" lang=\"fr\"> Fabriqu\u00e9 au Portugal. <\/span><\/p>\n<p><span class=\"Y2IQFc\" lang=\"fr\">Un accessoire indispensable et polyvalent pour la trousse de naissance, alliant design exclusif, qualit\u00e9 et durabilit\u00e9. <\/span><\/p>\n<p><span class=\"Y2IQFc\" lang=\"fr\">Produit \u00e9cologique, sans produits chimiques nocifs. Id\u00e9al pour les parents soucieux du bien-\u00eatre de leur b\u00e9b\u00e9 et de la plan\u00e8te.<\/span><\/p>\n","protected":false},"excerpt":{"rendered":"<p>Le sac de maternit\u00e9 gloop! est id\u00e9al pour les mamans en qu\u00eate de praticit\u00e9 et de confort. Sa structure rigide et sa grande capacit\u00e9 lui permettent de conserver sa forme m\u00eame apr\u00e8s lavage. Fabriqu\u00e9 en coton 100% biologique certifi\u00e9, avec une doublure imperm\u00e9able et un int\u00e9rieur 100% polyester, il offre la r\u00e9sistance n\u00e9cessaire pour transporter [&hellip;]<\/p>\n","protected":false},"featured_media":140981,"comment_status":"closed","ping_status":"closed","template":"","meta":{"_acf_changed":false},"product_brand":[],"product_cat":[1582,1942,1906,1424,1444],"product_tag":[],"class_list":{"0":"post-139260","1":"product","2":"type-product","3":"status-publish","4":"has-post-thumbnail","6":"product_cat-collections-fr","7":"product_cat-little-garden-fr","8":"product_cat-promenade","9":"product_cat-on-the-go-fr","10":"product_cat-sac-de-maternite-fr","12":"first","13":"instock","14":"taxable","15":"shipping-taxable","16":"purchasable","17":"product-type-simple"},"acf":[],"yoast_head":"<!-- This site is optimized with the Yoast SEO plugin v27.4 - https:\/\/yoast.com\/product\/yoast-seo-wordpress\/ -->\n<title>Sac de Maternit\u00e9 Little Garden - Gloop Baby<\/title>\n<meta name=\"robots\" content=\"index, follow, max-snippet:-1, max-image-preview:large, max-video-preview:-1\" \/>\n<link rel=\"canonical\" href=\"https:\/\/gloopbaby.com\/fr\/produit\/on-the-go-fr\/promenade\/sac-de-maternite-fr\/sac-de-maternite-sleepy-copia\/\" \/>\n<meta property=\"og:locale\" content=\"fr_FR\" \/>\n<meta property=\"og:type\" content=\"article\" \/>\n<meta property=\"og:title\" content=\"Sac de Maternit\u00e9 Little Garden - Gloop Baby\" \/>\n<meta property=\"og:description\" content=\"Le sac de maternit\u00e9 gloop! est id\u00e9al pour les mamans en qu\u00eate de praticit\u00e9 et de confort. Sa structure rigide et sa grande capacit\u00e9 lui permettent de conserver sa forme m\u00eame apr\u00e8s lavage. Fabriqu\u00e9 en coton 100% biologique certifi\u00e9, avec une doublure imperm\u00e9able et un int\u00e9rieur 100% polyester, il offre la r\u00e9sistance n\u00e9cessaire pour transporter [&hellip;]\" \/>\n<meta property=\"og:url\" content=\"https:\/\/gloopbaby.com\/fr\/produit\/on-the-go-fr\/promenade\/sac-de-maternite-fr\/sac-de-maternite-sleepy-copia\/\" \/>\n<meta property=\"og:site_name\" content=\"Gloop Baby\" \/>\n<meta property=\"article:modified_time\" content=\"2026-04-20T08:38:08+00:00\" \/>\n<meta property=\"og:image\" content=\"https:\/\/gloopbaby.com\/wp-content\/uploads\/2025\/10\/mala-maternidade-little-garden-4.jpg\" \/>\n\t<meta property=\"og:image:width\" content=\"600\" \/>\n\t<meta property=\"og:image:height\" content=\"900\" \/>\n\t<meta property=\"og:image:type\" content=\"image\/jpeg\" \/>\n<meta name=\"twitter:card\" content=\"summary_large_image\" \/>\n<meta name=\"twitter:label1\" content=\"Dur\u00e9e de lecture estim\u00e9e\" \/>\n\t<meta name=\"twitter:data1\" content=\"1 minute\" \/>\n<script type=\"application\/ld+json\" class=\"yoast-schema-graph\">{\"@context\":\"https:\\\/\\\/schema.org\",\"@graph\":[{\"@type\":\"WebPage\",\"@id\":\"https:\\\/\\\/gloopbaby.com\\\/fr\\\/produit\\\/on-the-go-fr\\\/promenade\\\/sac-de-maternite-fr\\\/sac-de-maternite-sleepy-copia\\\/\",\"url\":\"https:\\\/\\\/gloopbaby.com\\\/fr\\\/produit\\\/on-the-go-fr\\\/promenade\\\/sac-de-maternite-fr\\\/sac-de-maternite-sleepy-copia\\\/\",\"name\":\"Sac de Maternit\u00e9 Little Garden - Gloop Baby\",\"isPartOf\":{\"@id\":\"https:\\\/\\\/gloopbaby.com\\\/fr\\\/#website\"},\"primaryImageOfPage\":{\"@id\":\"https:\\\/\\\/gloopbaby.com\\\/fr\\\/produit\\\/on-the-go-fr\\\/promenade\\\/sac-de-maternite-fr\\\/sac-de-maternite-sleepy-copia\\\/#primaryimage\"},\"image\":{\"@id\":\"https:\\\/\\\/gloopbaby.com\\\/fr\\\/produit\\\/on-the-go-fr\\\/promenade\\\/sac-de-maternite-fr\\\/sac-de-maternite-sleepy-copia\\\/#primaryimage\"},\"thumbnailUrl\":\"https:\\\/\\\/gloopbaby.com\\\/wp-content\\\/uploads\\\/2025\\\/10\\\/mala-maternidade-little-garden-4.jpg\",\"datePublished\":\"2025-10-23T14:53:39+00:00\",\"dateModified\":\"2026-04-20T08:38:08+00:00\",\"breadcrumb\":{\"@id\":\"https:\\\/\\\/gloopbaby.com\\\/fr\\\/produit\\\/on-the-go-fr\\\/promenade\\\/sac-de-maternite-fr\\\/sac-de-maternite-sleepy-copia\\\/#breadcrumb\"},\"inLanguage\":\"fr-FR\",\"potentialAction\":[{\"@type\":\"ReadAction\",\"target\":[\"https:\\\/\\\/gloopbaby.com\\\/fr\\\/produit\\\/on-the-go-fr\\\/promenade\\\/sac-de-maternite-fr\\\/sac-de-maternite-sleepy-copia\\\/\"]}]},{\"@type\":\"ImageObject\",\"inLanguage\":\"fr-FR\",\"@id\":\"https:\\\/\\\/gloopbaby.com\\\/fr\\\/produit\\\/on-the-go-fr\\\/promenade\\\/sac-de-maternite-fr\\\/sac-de-maternite-sleepy-copia\\\/#primaryimage\",\"url\":\"https:\\\/\\\/gloopbaby.com\\\/wp-content\\\/uploads\\\/2025\\\/10\\\/mala-maternidade-little-garden-4.jpg\",\"contentUrl\":\"https:\\\/\\\/gloopbaby.com\\\/wp-content\\\/uploads\\\/2025\\\/10\\\/mala-maternidade-little-garden-4.jpg\",\"width\":600,\"height\":900},{\"@type\":\"BreadcrumbList\",\"@id\":\"https:\\\/\\\/gloopbaby.com\\\/fr\\\/produit\\\/on-the-go-fr\\\/promenade\\\/sac-de-maternite-fr\\\/sac-de-maternite-sleepy-copia\\\/#breadcrumb\",\"itemListElement\":[{\"@type\":\"ListItem\",\"position\":1,\"name\":\"In\u00edcio\",\"item\":\"https:\\\/\\\/gloopbaby.com\\\/fr\\\/\"},{\"@type\":\"ListItem\",\"position\":2,\"name\":\"Shop\",\"item\":\"https:\\\/\\\/gloopbaby.com\\\/loja\\\/\"},{\"@type\":\"ListItem\",\"position\":3,\"name\":\"Sac de Maternit\u00e9 Little Garden\"}]},{\"@type\":\"WebSite\",\"@id\":\"https:\\\/\\\/gloopbaby.com\\\/fr\\\/#website\",\"url\":\"https:\\\/\\\/gloopbaby.com\\\/fr\\\/\",\"name\":\"Gloop Baby\",\"description\":\"\",\"publisher\":{\"@id\":\"https:\\\/\\\/gloopbaby.com\\\/fr\\\/#organization\"},\"potentialAction\":[{\"@type\":\"SearchAction\",\"target\":{\"@type\":\"EntryPoint\",\"urlTemplate\":\"https:\\\/\\\/gloopbaby.com\\\/fr\\\/?s={search_term_string}\"},\"query-input\":{\"@type\":\"PropertyValueSpecification\",\"valueRequired\":true,\"valueName\":\"search_term_string\"}}],\"inLanguage\":\"fr-FR\"},{\"@type\":\"Organization\",\"@id\":\"https:\\\/\\\/gloopbaby.com\\\/fr\\\/#organization\",\"name\":\"Gloop Baby\",\"url\":\"https:\\\/\\\/gloopbaby.com\\\/fr\\\/\",\"logo\":{\"@type\":\"ImageObject\",\"inLanguage\":\"fr-FR\",\"@id\":\"https:\\\/\\\/gloopbaby.com\\\/fr\\\/#\\\/schema\\\/logo\\\/image\\\/\",\"url\":\"https:\\\/\\\/gloopbaby.com\\\/wp-content\\\/uploads\\\/2023\\\/06\\\/gloop-logo.svg\",\"contentUrl\":\"https:\\\/\\\/gloopbaby.com\\\/wp-content\\\/uploads\\\/2023\\\/06\\\/gloop-logo.svg\",\"width\":100,\"height\":100,\"caption\":\"Gloop Baby\"},\"image\":{\"@id\":\"https:\\\/\\\/gloopbaby.com\\\/fr\\\/#\\\/schema\\\/logo\\\/image\\\/\"}}]}<\/script>\n<!-- \/ Yoast SEO plugin. -->","yoast_head_json":{"title":"Sac de Maternit\u00e9 Little Garden - Gloop Baby","robots":{"index":"index","follow":"follow","max-snippet":"max-snippet:-1","max-image-preview":"max-image-preview:large","max-video-preview":"max-video-preview:-1"},"canonical":"https:\/\/gloopbaby.com\/fr\/produit\/on-the-go-fr\/promenade\/sac-de-maternite-fr\/sac-de-maternite-sleepy-copia\/","og_locale":"fr_FR","og_type":"article","og_title":"Sac de Maternit\u00e9 Little Garden - Gloop Baby","og_description":"Le sac de maternit\u00e9 gloop! est id\u00e9al pour les mamans en qu\u00eate de praticit\u00e9 et de confort. Sa structure rigide et sa grande capacit\u00e9 lui permettent de conserver sa forme m\u00eame apr\u00e8s lavage. Fabriqu\u00e9 en coton 100% biologique certifi\u00e9, avec une doublure imperm\u00e9able et un int\u00e9rieur 100% polyester, il offre la r\u00e9sistance n\u00e9cessaire pour transporter [&hellip;]","og_url":"https:\/\/gloopbaby.com\/fr\/produit\/on-the-go-fr\/promenade\/sac-de-maternite-fr\/sac-de-maternite-sleepy-copia\/","og_site_name":"Gloop Baby","article_modified_time":"2026-04-20T08:38:08+00:00","og_image":[{"width":600,"height":900,"url":"https:\/\/gloopbaby.com\/wp-content\/uploads\/2025\/10\/mala-maternidade-little-garden-4.jpg","type":"image\/jpeg"}],"twitter_card":"summary_large_image","twitter_misc":{"Dur\u00e9e de lecture estim\u00e9e":"1 minute"},"schema":{"@context":"https:\/\/schema.org","@graph":[{"@type":"WebPage","@id":"https:\/\/gloopbaby.com\/fr\/produit\/on-the-go-fr\/promenade\/sac-de-maternite-fr\/sac-de-maternite-sleepy-copia\/","url":"https:\/\/gloopbaby.com\/fr\/produit\/on-the-go-fr\/promenade\/sac-de-maternite-fr\/sac-de-maternite-sleepy-copia\/","name":"Sac de Maternit\u00e9 Little Garden - Gloop Baby","isPartOf":{"@id":"https:\/\/gloopbaby.com\/fr\/#website"},"primaryImageOfPage":{"@id":"https:\/\/gloopbaby.com\/fr\/produit\/on-the-go-fr\/promenade\/sac-de-maternite-fr\/sac-de-maternite-sleepy-copia\/#primaryimage"},"image":{"@id":"https:\/\/gloopbaby.com\/fr\/produit\/on-the-go-fr\/promenade\/sac-de-maternite-fr\/sac-de-maternite-sleepy-copia\/#primaryimage"},"thumbnailUrl":"https:\/\/gloopbaby.com\/wp-content\/uploads\/2025\/10\/mala-maternidade-little-garden-4.jpg","datePublished":"2025-10-23T14:53:39+00:00","dateModified":"2026-04-20T08:38:08+00:00","breadcrumb":{"@id":"https:\/\/gloopbaby.com\/fr\/produit\/on-the-go-fr\/promenade\/sac-de-maternite-fr\/sac-de-maternite-sleepy-copia\/#breadcrumb"},"inLanguage":"fr-FR","potentialAction":[{"@type":"ReadAction","target":["https:\/\/gloopbaby.com\/fr\/produit\/on-the-go-fr\/promenade\/sac-de-maternite-fr\/sac-de-maternite-sleepy-copia\/"]}]},{"@type":"ImageObject","inLanguage":"fr-FR","@id":"https:\/\/gloopbaby.com\/fr\/produit\/on-the-go-fr\/promenade\/sac-de-maternite-fr\/sac-de-maternite-sleepy-copia\/#primaryimage","url":"https:\/\/gloopbaby.com\/wp-content\/uploads\/2025\/10\/mala-maternidade-little-garden-4.jpg","contentUrl":"https:\/\/gloopbaby.com\/wp-content\/uploads\/2025\/10\/mala-maternidade-little-garden-4.jpg","width":600,"height":900},{"@type":"BreadcrumbList","@id":"https:\/\/gloopbaby.com\/fr\/produit\/on-the-go-fr\/promenade\/sac-de-maternite-fr\/sac-de-maternite-sleepy-copia\/#breadcrumb","itemListElement":[{"@type":"ListItem","position":1,"name":"In\u00edcio","item":"https:\/\/gloopbaby.com\/fr\/"},{"@type":"ListItem","position":2,"name":"Shop","item":"https:\/\/gloopbaby.com\/loja\/"},{"@type":"ListItem","position":3,"name":"Sac de Maternit\u00e9 Little Garden"}]},{"@type":"WebSite","@id":"https:\/\/gloopbaby.com\/fr\/#website","url":"https:\/\/gloopbaby.com\/fr\/","name":"Gloop Baby","description":"","publisher":{"@id":"https:\/\/gloopbaby.com\/fr\/#organization"},"potentialAction":[{"@type":"SearchAction","target":{"@type":"EntryPoint","urlTemplate":"https:\/\/gloopbaby.com\/fr\/?s={search_term_string}"},"query-input":{"@type":"PropertyValueSpecification","valueRequired":true,"valueName":"search_term_string"}}],"inLanguage":"fr-FR"},{"@type":"Organization","@id":"https:\/\/gloopbaby.com\/fr\/#organization","name":"Gloop Baby","url":"https:\/\/gloopbaby.com\/fr\/","logo":{"@type":"ImageObject","inLanguage":"fr-FR","@id":"https:\/\/gloopbaby.com\/fr\/#\/schema\/logo\/image\/","url":"https:\/\/gloopbaby.com\/wp-content\/uploads\/2023\/06\/gloop-logo.svg","contentUrl":"https:\/\/gloopbaby.com\/wp-content\/uploads\/2023\/06\/gloop-logo.svg","width":100,"height":100,"caption":"Gloop Baby"},"image":{"@id":"https:\/\/gloopbaby.com\/fr\/#\/schema\/logo\/image\/"}}]}},"_links":{"self":[{"href":"https:\/\/gloopbaby.com\/fr\/wp-json\/wp\/v2\/product\/139260","targetHints":{"allow":["GET"]}}],"collection":[{"href":"https:\/\/gloopbaby.com\/fr\/wp-json\/wp\/v2\/product"}],"about":[{"href":"https:\/\/gloopbaby.com\/fr\/wp-json\/wp\/v2\/types\/product"}],"replies":[{"embeddable":true,"href":"https:\/\/gloopbaby.com\/fr\/wp-json\/wp\/v2\/comments?post=139260"}],"wp:featuredmedia":[{"embeddable":true,"href":"https:\/\/gloopbaby.com\/fr\/wp-json\/wp\/v2\/media\/140981"}],"wp:attachment":[{"href":"https:\/\/gloopbaby.com\/fr\/wp-json\/wp\/v2\/media?parent=139260"}],"wp:term":[{"taxonomy":"product_brand","embeddable":true,"href":"https:\/\/gloopbaby.com\/fr\/wp-json\/wp\/v2\/product_brand?post=139260"},{"taxonomy":"product_cat","embeddable":true,"href":"https:\/\/gloopbaby.com\/fr\/wp-json\/wp\/v2\/product_cat?post=139260"},{"taxonomy":"product_tag","embeddable":true,"href":"https:\/\/gloopbaby.com\/fr\/wp-json\/wp\/v2\/product_tag?post=139260"}],"curies":[{"name":"wp","href":"https:\/\/api.w.org\/{rel}","templated":true}]}}