{"id":139250,"date":"2025-10-23T14:43:33","date_gmt":"2025-10-23T14:43:33","guid":{"rendered":"https:\/\/gloopbaby.com\/?post_type=product&#038;p=139250"},"modified":"2026-04-14T15:02:32","modified_gmt":"2026-04-14T15:02:32","slug":"coussin-dallaitement-sleepy-copia","status":"publish","type":"product","link":"https:\/\/gloopbaby.com\/fr\/produit\/collections-fr\/little-garden-fr\/coussin-dallaitement-sleepy-copia\/","title":{"rendered":"Coussin d&rsquo;allaitement Little Garden"},"content":{"rendered":"<pre id=\"tw-target-text\" class=\"tw-data-text tw-text-large tw-ta\" dir=\"ltr\" tabindex=\"-1\" role=\"text\" data-placeholder=\"Tradu\u00e7\u00e3o\" data-ved=\"2ahUKEwjMpOH17uyTAxW_9wIHHYLCBfcQ3ewLegQIDBAV\" aria-label=\"Texto traduzido: Le coussin d'allaitement gloop! offre un confort optimal pendant l'allaitement. Il peut \u00e9galement \u00eatre utilis\u00e9 par la maman pendant la grossesse. Son ext\u00e9rieur est en coton 100 % biologique certifi\u00e9 et son int\u00e9rieur en polyester, assurant un soutien confortable et s\u00e9curis\u00e9 pour la maman et le b\u00e9b\u00e9. Fabriqu\u00e9 au Portugal, ce coussin de 160 x 30 cm est id\u00e9al pour les moments d'allaitement et extr\u00eamement doux pour la peau sensible de b\u00e9b\u00e9.\r\n\r\nCaract\u00e9ristiques principales :\r\n\r\nFacile \u00e0 laver : housse amovible.\r\n\r\nDimensions : 160 x 30 cm\r\nExt\u00e9rieur : 100 % coton biologique certifi\u00e9\r\nInt\u00e9rieur : 100 % polyester\r\nFabriqu\u00e9 au Portugal\r\n\r\nUn accessoire indispensable et polyvalent pour la trousse de naissance, alliant design exclusif, qualit\u00e9 et durabilit\u00e9.\r\n\r\nProduit \u00e9cologique, sans substances chimiques nocives. Id\u00e9al pour les parents soucieux du bien-\u00eatre de leur b\u00e9b\u00e9 et de la plan\u00e8te.\"><span class=\"Y2IQFc\" lang=\"fr\">Le coussin d'allaitement gloop! offre un confort optimal pendant l'allaitement. Il peut \u00e9galement \u00eatre utilis\u00e9 par la maman pendant la grossesse. Son ext\u00e9rieur est en coton 100% biologique certifi\u00e9 et son int\u00e9rieur en polyester, assurant un soutien confortable et s\u00e9curis\u00e9 pour la maman et le b\u00e9b\u00e9. Fabriqu\u00e9 au Portugal, ce coussin de 160x30cm est id\u00e9al pour les moments d'allaitement et extr\u00eamement doux pour la peau sensible de b\u00e9b\u00e9.\r\n\r\n<strong>Caract\u00e9ristiques principales:<\/strong>\r\n\r\nFacile \u00e0 laver: housse amovible.\r\n\r\nDimensions : 160x30cm\r\nExt\u00e9rieur: 100% coton biologique certifi\u00e9\r\nInt\u00e9rieur: 100% polyester\r\nFabriqu\u00e9 au Portugal\r\n\r\nUn accessoire indispensable et polyvalent pour la trousse de naissance, alliant design exclusif, qualit\u00e9 et durabilit\u00e9.\r\n\r\nProduit \u00e9cologique, sans substances chimiques nocives. Id\u00e9al pour les parents soucieux du bien-\u00eatre de leur b\u00e9b\u00e9 et de la plan\u00e8te.<\/span><\/pre>\n","protected":false},"excerpt":{"rendered":"<p>Le coussin d&rsquo;allaitement gloop! offre un confort optimal pendant l&rsquo;allaitement. Il peut \u00e9galement \u00eatre utilis\u00e9 par la maman pendant la grossesse. Son ext\u00e9rieur est en coton 100% biologique certifi\u00e9 et son int\u00e9rieur en polyester, assurant un soutien confortable et s\u00e9curis\u00e9 pour la maman et le b\u00e9b\u00e9. Fabriqu\u00e9 au Portugal, ce coussin de 160x30cm est id\u00e9al [&hellip;]<\/p>\n","protected":false},"featured_media":141006,"comment_status":"closed","ping_status":"closed","template":"","meta":{"_acf_changed":false},"product_brand":[],"product_cat":[1448,1404,1582,1449,1942],"product_tag":[],"class_list":{"0":"post-139250","1":"product","2":"type-product","3":"status-publish","4":"has-post-thumbnail","6":"product_cat-allaitement-fr","7":"product_cat-bain-et-nursery-fr","8":"product_cat-collections-fr","9":"product_cat-coussin-dallaitement-fr","10":"product_cat-little-garden-fr","12":"first","13":"instock","14":"taxable","15":"shipping-taxable","16":"purchasable","17":"product-type-simple"},"acf":[],"yoast_head":"<!-- This site is optimized with the Yoast SEO plugin v27.4 - https:\/\/yoast.com\/product\/yoast-seo-wordpress\/ -->\n<title>Coussin d&#039;allaitement Little Garden - Gloop Baby<\/title>\n<meta name=\"robots\" content=\"index, follow, max-snippet:-1, max-image-preview:large, max-video-preview:-1\" \/>\n<link rel=\"canonical\" href=\"https:\/\/gloopbaby.com\/fr\/produit\/collections-fr\/little-garden-fr\/coussin-dallaitement-sleepy-copia\/\" \/>\n<meta property=\"og:locale\" content=\"fr_FR\" \/>\n<meta property=\"og:type\" content=\"article\" \/>\n<meta property=\"og:title\" content=\"Coussin d&#039;allaitement Little Garden - Gloop Baby\" \/>\n<meta property=\"og:description\" content=\"Le coussin d&#039;allaitement gloop! offre un confort optimal pendant l&#039;allaitement. Il peut \u00e9galement \u00eatre utilis\u00e9 par la maman pendant la grossesse. Son ext\u00e9rieur est en coton 100% biologique certifi\u00e9 et son int\u00e9rieur en polyester, assurant un soutien confortable et s\u00e9curis\u00e9 pour la maman et le b\u00e9b\u00e9. Fabriqu\u00e9 au Portugal, ce coussin de 160x30cm est id\u00e9al [&hellip;]\" \/>\n<meta property=\"og:url\" content=\"https:\/\/gloopbaby.com\/fr\/produit\/collections-fr\/little-garden-fr\/coussin-dallaitement-sleepy-copia\/\" \/>\n<meta property=\"og:site_name\" content=\"Gloop Baby\" \/>\n<meta property=\"article:modified_time\" content=\"2026-04-14T15:02:32+00:00\" \/>\n<meta property=\"og:image\" content=\"https:\/\/gloopbaby.com\/wp-content\/uploads\/2025\/10\/almofada-amamentacao-little-garden-3.jpg\" \/>\n\t<meta property=\"og:image:width\" content=\"600\" \/>\n\t<meta property=\"og:image:height\" content=\"900\" \/>\n\t<meta property=\"og:image:type\" content=\"image\/jpeg\" \/>\n<meta name=\"twitter:card\" content=\"summary_large_image\" \/>\n<meta name=\"twitter:label1\" content=\"Dur\u00e9e de lecture estim\u00e9e\" \/>\n\t<meta name=\"twitter:data1\" content=\"1 minute\" \/>\n<script type=\"application\/ld+json\" class=\"yoast-schema-graph\">{\"@context\":\"https:\\\/\\\/schema.org\",\"@graph\":[{\"@type\":\"WebPage\",\"@id\":\"https:\\\/\\\/gloopbaby.com\\\/fr\\\/produit\\\/collections-fr\\\/little-garden-fr\\\/coussin-dallaitement-sleepy-copia\\\/\",\"url\":\"https:\\\/\\\/gloopbaby.com\\\/fr\\\/produit\\\/collections-fr\\\/little-garden-fr\\\/coussin-dallaitement-sleepy-copia\\\/\",\"name\":\"Coussin d'allaitement Little Garden - Gloop Baby\",\"isPartOf\":{\"@id\":\"https:\\\/\\\/gloopbaby.com\\\/fr\\\/#website\"},\"primaryImageOfPage\":{\"@id\":\"https:\\\/\\\/gloopbaby.com\\\/fr\\\/produit\\\/collections-fr\\\/little-garden-fr\\\/coussin-dallaitement-sleepy-copia\\\/#primaryimage\"},\"image\":{\"@id\":\"https:\\\/\\\/gloopbaby.com\\\/fr\\\/produit\\\/collections-fr\\\/little-garden-fr\\\/coussin-dallaitement-sleepy-copia\\\/#primaryimage\"},\"thumbnailUrl\":\"https:\\\/\\\/gloopbaby.com\\\/wp-content\\\/uploads\\\/2025\\\/10\\\/almofada-amamentacao-little-garden-3.jpg\",\"datePublished\":\"2025-10-23T14:43:33+00:00\",\"dateModified\":\"2026-04-14T15:02:32+00:00\",\"breadcrumb\":{\"@id\":\"https:\\\/\\\/gloopbaby.com\\\/fr\\\/produit\\\/collections-fr\\\/little-garden-fr\\\/coussin-dallaitement-sleepy-copia\\\/#breadcrumb\"},\"inLanguage\":\"fr-FR\",\"potentialAction\":[{\"@type\":\"ReadAction\",\"target\":[\"https:\\\/\\\/gloopbaby.com\\\/fr\\\/produit\\\/collections-fr\\\/little-garden-fr\\\/coussin-dallaitement-sleepy-copia\\\/\"]}]},{\"@type\":\"ImageObject\",\"inLanguage\":\"fr-FR\",\"@id\":\"https:\\\/\\\/gloopbaby.com\\\/fr\\\/produit\\\/collections-fr\\\/little-garden-fr\\\/coussin-dallaitement-sleepy-copia\\\/#primaryimage\",\"url\":\"https:\\\/\\\/gloopbaby.com\\\/wp-content\\\/uploads\\\/2025\\\/10\\\/almofada-amamentacao-little-garden-3.jpg\",\"contentUrl\":\"https:\\\/\\\/gloopbaby.com\\\/wp-content\\\/uploads\\\/2025\\\/10\\\/almofada-amamentacao-little-garden-3.jpg\",\"width\":600,\"height\":900},{\"@type\":\"BreadcrumbList\",\"@id\":\"https:\\\/\\\/gloopbaby.com\\\/fr\\\/produit\\\/collections-fr\\\/little-garden-fr\\\/coussin-dallaitement-sleepy-copia\\\/#breadcrumb\",\"itemListElement\":[{\"@type\":\"ListItem\",\"position\":1,\"name\":\"In\u00edcio\",\"item\":\"https:\\\/\\\/gloopbaby.com\\\/fr\\\/\"},{\"@type\":\"ListItem\",\"position\":2,\"name\":\"Shop\",\"item\":\"https:\\\/\\\/gloopbaby.com\\\/loja\\\/\"},{\"@type\":\"ListItem\",\"position\":3,\"name\":\"Coussin d&#8217;allaitement Little Garden\"}]},{\"@type\":\"WebSite\",\"@id\":\"https:\\\/\\\/gloopbaby.com\\\/fr\\\/#website\",\"url\":\"https:\\\/\\\/gloopbaby.com\\\/fr\\\/\",\"name\":\"Gloop Baby\",\"description\":\"\",\"publisher\":{\"@id\":\"https:\\\/\\\/gloopbaby.com\\\/fr\\\/#organization\"},\"potentialAction\":[{\"@type\":\"SearchAction\",\"target\":{\"@type\":\"EntryPoint\",\"urlTemplate\":\"https:\\\/\\\/gloopbaby.com\\\/fr\\\/?s={search_term_string}\"},\"query-input\":{\"@type\":\"PropertyValueSpecification\",\"valueRequired\":true,\"valueName\":\"search_term_string\"}}],\"inLanguage\":\"fr-FR\"},{\"@type\":\"Organization\",\"@id\":\"https:\\\/\\\/gloopbaby.com\\\/fr\\\/#organization\",\"name\":\"Gloop Baby\",\"url\":\"https:\\\/\\\/gloopbaby.com\\\/fr\\\/\",\"logo\":{\"@type\":\"ImageObject\",\"inLanguage\":\"fr-FR\",\"@id\":\"https:\\\/\\\/gloopbaby.com\\\/fr\\\/#\\\/schema\\\/logo\\\/image\\\/\",\"url\":\"https:\\\/\\\/gloopbaby.com\\\/wp-content\\\/uploads\\\/2023\\\/06\\\/gloop-logo.svg\",\"contentUrl\":\"https:\\\/\\\/gloopbaby.com\\\/wp-content\\\/uploads\\\/2023\\\/06\\\/gloop-logo.svg\",\"width\":100,\"height\":100,\"caption\":\"Gloop Baby\"},\"image\":{\"@id\":\"https:\\\/\\\/gloopbaby.com\\\/fr\\\/#\\\/schema\\\/logo\\\/image\\\/\"}}]}<\/script>\n<!-- \/ Yoast SEO plugin. -->","yoast_head_json":{"title":"Coussin d'allaitement Little Garden - Gloop Baby","robots":{"index":"index","follow":"follow","max-snippet":"max-snippet:-1","max-image-preview":"max-image-preview:large","max-video-preview":"max-video-preview:-1"},"canonical":"https:\/\/gloopbaby.com\/fr\/produit\/collections-fr\/little-garden-fr\/coussin-dallaitement-sleepy-copia\/","og_locale":"fr_FR","og_type":"article","og_title":"Coussin d'allaitement Little Garden - Gloop Baby","og_description":"Le coussin d'allaitement gloop! offre un confort optimal pendant l'allaitement. Il peut \u00e9galement \u00eatre utilis\u00e9 par la maman pendant la grossesse. Son ext\u00e9rieur est en coton 100% biologique certifi\u00e9 et son int\u00e9rieur en polyester, assurant un soutien confortable et s\u00e9curis\u00e9 pour la maman et le b\u00e9b\u00e9. Fabriqu\u00e9 au Portugal, ce coussin de 160x30cm est id\u00e9al [&hellip;]","og_url":"https:\/\/gloopbaby.com\/fr\/produit\/collections-fr\/little-garden-fr\/coussin-dallaitement-sleepy-copia\/","og_site_name":"Gloop Baby","article_modified_time":"2026-04-14T15:02:32+00:00","og_image":[{"width":600,"height":900,"url":"https:\/\/gloopbaby.com\/wp-content\/uploads\/2025\/10\/almofada-amamentacao-little-garden-3.jpg","type":"image\/jpeg"}],"twitter_card":"summary_large_image","twitter_misc":{"Dur\u00e9e de lecture estim\u00e9e":"1 minute"},"schema":{"@context":"https:\/\/schema.org","@graph":[{"@type":"WebPage","@id":"https:\/\/gloopbaby.com\/fr\/produit\/collections-fr\/little-garden-fr\/coussin-dallaitement-sleepy-copia\/","url":"https:\/\/gloopbaby.com\/fr\/produit\/collections-fr\/little-garden-fr\/coussin-dallaitement-sleepy-copia\/","name":"Coussin d'allaitement Little Garden - Gloop Baby","isPartOf":{"@id":"https:\/\/gloopbaby.com\/fr\/#website"},"primaryImageOfPage":{"@id":"https:\/\/gloopbaby.com\/fr\/produit\/collections-fr\/little-garden-fr\/coussin-dallaitement-sleepy-copia\/#primaryimage"},"image":{"@id":"https:\/\/gloopbaby.com\/fr\/produit\/collections-fr\/little-garden-fr\/coussin-dallaitement-sleepy-copia\/#primaryimage"},"thumbnailUrl":"https:\/\/gloopbaby.com\/wp-content\/uploads\/2025\/10\/almofada-amamentacao-little-garden-3.jpg","datePublished":"2025-10-23T14:43:33+00:00","dateModified":"2026-04-14T15:02:32+00:00","breadcrumb":{"@id":"https:\/\/gloopbaby.com\/fr\/produit\/collections-fr\/little-garden-fr\/coussin-dallaitement-sleepy-copia\/#breadcrumb"},"inLanguage":"fr-FR","potentialAction":[{"@type":"ReadAction","target":["https:\/\/gloopbaby.com\/fr\/produit\/collections-fr\/little-garden-fr\/coussin-dallaitement-sleepy-copia\/"]}]},{"@type":"ImageObject","inLanguage":"fr-FR","@id":"https:\/\/gloopbaby.com\/fr\/produit\/collections-fr\/little-garden-fr\/coussin-dallaitement-sleepy-copia\/#primaryimage","url":"https:\/\/gloopbaby.com\/wp-content\/uploads\/2025\/10\/almofada-amamentacao-little-garden-3.jpg","contentUrl":"https:\/\/gloopbaby.com\/wp-content\/uploads\/2025\/10\/almofada-amamentacao-little-garden-3.jpg","width":600,"height":900},{"@type":"BreadcrumbList","@id":"https:\/\/gloopbaby.com\/fr\/produit\/collections-fr\/little-garden-fr\/coussin-dallaitement-sleepy-copia\/#breadcrumb","itemListElement":[{"@type":"ListItem","position":1,"name":"In\u00edcio","item":"https:\/\/gloopbaby.com\/fr\/"},{"@type":"ListItem","position":2,"name":"Shop","item":"https:\/\/gloopbaby.com\/loja\/"},{"@type":"ListItem","position":3,"name":"Coussin d&#8217;allaitement Little Garden"}]},{"@type":"WebSite","@id":"https:\/\/gloopbaby.com\/fr\/#website","url":"https:\/\/gloopbaby.com\/fr\/","name":"Gloop Baby","description":"","publisher":{"@id":"https:\/\/gloopbaby.com\/fr\/#organization"},"potentialAction":[{"@type":"SearchAction","target":{"@type":"EntryPoint","urlTemplate":"https:\/\/gloopbaby.com\/fr\/?s={search_term_string}"},"query-input":{"@type":"PropertyValueSpecification","valueRequired":true,"valueName":"search_term_string"}}],"inLanguage":"fr-FR"},{"@type":"Organization","@id":"https:\/\/gloopbaby.com\/fr\/#organization","name":"Gloop Baby","url":"https:\/\/gloopbaby.com\/fr\/","logo":{"@type":"ImageObject","inLanguage":"fr-FR","@id":"https:\/\/gloopbaby.com\/fr\/#\/schema\/logo\/image\/","url":"https:\/\/gloopbaby.com\/wp-content\/uploads\/2023\/06\/gloop-logo.svg","contentUrl":"https:\/\/gloopbaby.com\/wp-content\/uploads\/2023\/06\/gloop-logo.svg","width":100,"height":100,"caption":"Gloop Baby"},"image":{"@id":"https:\/\/gloopbaby.com\/fr\/#\/schema\/logo\/image\/"}}]}},"_links":{"self":[{"href":"https:\/\/gloopbaby.com\/fr\/wp-json\/wp\/v2\/product\/139250","targetHints":{"allow":["GET"]}}],"collection":[{"href":"https:\/\/gloopbaby.com\/fr\/wp-json\/wp\/v2\/product"}],"about":[{"href":"https:\/\/gloopbaby.com\/fr\/wp-json\/wp\/v2\/types\/product"}],"replies":[{"embeddable":true,"href":"https:\/\/gloopbaby.com\/fr\/wp-json\/wp\/v2\/comments?post=139250"}],"wp:featuredmedia":[{"embeddable":true,"href":"https:\/\/gloopbaby.com\/fr\/wp-json\/wp\/v2\/media\/141006"}],"wp:attachment":[{"href":"https:\/\/gloopbaby.com\/fr\/wp-json\/wp\/v2\/media?parent=139250"}],"wp:term":[{"taxonomy":"product_brand","embeddable":true,"href":"https:\/\/gloopbaby.com\/fr\/wp-json\/wp\/v2\/product_brand?post=139250"},{"taxonomy":"product_cat","embeddable":true,"href":"https:\/\/gloopbaby.com\/fr\/wp-json\/wp\/v2\/product_cat?post=139250"},{"taxonomy":"product_tag","embeddable":true,"href":"https:\/\/gloopbaby.com\/fr\/wp-json\/wp\/v2\/product_tag?post=139250"}],"curies":[{"name":"wp","href":"https:\/\/api.w.org\/{rel}","templated":true}]}}