{"id":139214,"date":"2025-10-23T13:56:21","date_gmt":"2025-10-23T13:56:21","guid":{"rendered":"https:\/\/gloopbaby.com\/?post_type=product&#038;p=139214"},"modified":"2026-04-20T14:31:42","modified_gmt":"2026-04-20T14:31:42","slug":"set-de-2-gloop-lange-mousseline-de-coton-110x110cm-zebra-copia","status":"publish","type":"product","link":"https:\/\/gloopbaby.com\/fr\/produit\/collections-fr\/little-garden-fr\/set-de-2-gloop-lange-mousseline-de-coton-110x110cm-zebra-copia\/","title":{"rendered":"Set de 2 gloop! Lange Mousseline de coton 100x100cm Little Garden"},"content":{"rendered":"<pre id=\"tw-target-text\" class=\"tw-data-text tw-text-large tw-ta\" dir=\"ltr\" tabindex=\"-1\" role=\"text\" data-placeholder=\"Tradu\u00e7\u00e3o\" data-ved=\"2ahUKEwiPuqDOgvyTAxWxU6QEHf9VKDYQ3ewLegQIDRAV\" aria-label=\"Texto traduzido: La grande couche gloop! est r\u00e9sistante et id\u00e9ale pour de multiples usages\u00a0: emmaillotage, couverture d\u2019allaitement, matelas \u00e0 langer ou drap-housse l\u00e9ger. Fabriqu\u00e9e en coton 100\u00a0% biologique certifi\u00e9, elle est extr\u00eamement douce pour la peau sensible de b\u00e9b\u00e9.\r\n\r\nCaract\u00e9ristiques principales\u00a0:\r\n\r\nContient 2\u00a0couches gloop!\r\n\r\nFacile d\u2019entretien\u00a0: conserve sa douceur m\u00eame apr\u00e8s plusieurs lavages.\r\n\r\nDimensions\u00a0: 100\u00a0x\u00a0100\u00a0cm, id\u00e9ales pour envelopper confortablement votre b\u00e9b\u00e9.\r\n\r\n100\u00a0% coton biologique certifi\u00e9\r\n\r\nFabriqu\u00e9e au Portugal\r\n\r\nUn indispensable pour la trousse de naissance de votre b\u00e9b\u00e9, alliant design exclusif, qualit\u00e9 et durabilit\u00e9.\r\n\r\nProduit \u00e9cologique, sans produits chimiques nocifs. Id\u00e9al pour les parents soucieux du bien-\u00eatre de leur b\u00e9b\u00e9 et de la plan\u00e8te.\"><span class=\"Y2IQFc\" lang=\"fr\">La Lange Mousseline gloop! est r\u00e9sistante et id\u00e9ale pour de multiples usages: emmaillotage, couverture d\u2019allaitement, matelas \u00e0 langer ou drap-housse l\u00e9ger. Fabriqu\u00e9e en coton 100% biologique certifi\u00e9, elle est extr\u00eamement douce pour la peau sensible de b\u00e9b\u00e9.\r\n\r\n<strong>Caract\u00e9ristiques principales:<\/strong>\r\n\r\n- Contient 2 Lange Mousseline gloop!\r\n\r\n- Facile d\u2019entretien: conserve sa douceur m\u00eame apr\u00e8s plusieurs lavages.\r\n\r\n- Dimensions: 100x100 cm, id\u00e9ales pour envelopper confortablement votre b\u00e9b\u00e9.\r\n\r\n- 100% coton biologique certifi\u00e9\r\n\r\n- Fabriqu\u00e9e au Portugal\r\n\r\nUn indispensable pour la trousse de naissance de votre b\u00e9b\u00e9, alliant design exclusif, qualit\u00e9 et durabilit\u00e9.\r\n\r\nProduit \u00e9cologique, sans produits chimiques nocifs. Id\u00e9al pour les parents soucieux du bien-\u00eatre de leur b\u00e9b\u00e9 et de la plan\u00e8te.<\/span><\/pre>\n","protected":false},"excerpt":{"rendered":"<p>La Lange Mousseline gloop! est r\u00e9sistante et id\u00e9ale pour de multiples usages: emmaillotage, couverture d\u2019allaitement, matelas \u00e0 langer ou drap-housse l\u00e9ger. Fabriqu\u00e9e en coton 100% biologique certifi\u00e9, elle est extr\u00eamement douce pour la peau sensible de b\u00e9b\u00e9. Caract\u00e9ristiques principales: &#8211; Contient 2 Lange Mousseline gloop! &#8211; Facile d\u2019entretien: conserve sa douceur m\u00eame apr\u00e8s plusieurs lavages. [&hellip;]<\/p>\n","protected":false},"featured_media":141032,"comment_status":"closed","ping_status":"closed","template":"","meta":{"_acf_changed":false},"product_brand":[],"product_cat":[1404,1582,1406,1405,1942],"product_tag":[],"class_list":{"0":"post-139214","1":"product","2":"type-product","3":"status-publish","4":"has-post-thumbnail","6":"product_cat-bain-et-nursery-fr","7":"product_cat-collections-fr","8":"product_cat-lange-mousseline-de-cotton-110x110cm-fr","9":"product_cat-lange-mousseline-de-cotton-fr","10":"product_cat-little-garden-fr","12":"first","13":"instock","14":"sale","15":"taxable","16":"shipping-taxable","17":"purchasable","18":"product-type-simple"},"acf":[],"yoast_head":"<!-- This site is optimized with the Yoast SEO plugin v27.5 - https:\/\/yoast.com\/product\/yoast-seo-wordpress\/ -->\n<title>Set de 2 gloop! Lange Mousseline de coton 100x100cm Little Garden - Gloop Baby<\/title>\n<meta name=\"robots\" content=\"index, follow, max-snippet:-1, max-image-preview:large, max-video-preview:-1\" \/>\n<link rel=\"canonical\" href=\"https:\/\/gloopbaby.com\/fr\/produit\/collections-fr\/little-garden-fr\/set-de-2-gloop-lange-mousseline-de-coton-110x110cm-zebra-copia\/\" \/>\n<meta property=\"og:locale\" content=\"fr_FR\" \/>\n<meta property=\"og:type\" content=\"article\" \/>\n<meta property=\"og:title\" content=\"Set de 2 gloop! Lange Mousseline de coton 100x100cm Little Garden - Gloop Baby\" \/>\n<meta property=\"og:description\" content=\"La Lange Mousseline gloop! est r\u00e9sistante et id\u00e9ale pour de multiples usages: emmaillotage, couverture d\u2019allaitement, matelas \u00e0 langer ou drap-housse l\u00e9ger. Fabriqu\u00e9e en coton 100% biologique certifi\u00e9, elle est extr\u00eamement douce pour la peau sensible de b\u00e9b\u00e9. Caract\u00e9ristiques principales: - Contient 2 Lange Mousseline gloop! - Facile d\u2019entretien: conserve sa douceur m\u00eame apr\u00e8s plusieurs lavages. [&hellip;]\" \/>\n<meta property=\"og:url\" content=\"https:\/\/gloopbaby.com\/fr\/produit\/collections-fr\/little-garden-fr\/set-de-2-gloop-lange-mousseline-de-coton-110x110cm-zebra-copia\/\" \/>\n<meta property=\"og:site_name\" content=\"Gloop Baby\" \/>\n<meta property=\"article:modified_time\" content=\"2026-04-20T14:31:42+00:00\" \/>\n<meta property=\"og:image\" content=\"https:\/\/gloopbaby.com\/wp-content\/uploads\/2025\/10\/fralda-little-garden-2.jpg\" \/>\n\t<meta property=\"og:image:width\" content=\"600\" \/>\n\t<meta property=\"og:image:height\" content=\"900\" \/>\n\t<meta property=\"og:image:type\" content=\"image\/jpeg\" \/>\n<meta name=\"twitter:card\" content=\"summary_large_image\" \/>\n<meta name=\"twitter:label1\" content=\"Dur\u00e9e de lecture estim\u00e9e\" \/>\n\t<meta name=\"twitter:data1\" content=\"1 minute\" \/>\n<script type=\"application\/ld+json\" class=\"yoast-schema-graph\">{\"@context\":\"https:\\\/\\\/schema.org\",\"@graph\":[{\"@type\":\"WebPage\",\"@id\":\"https:\\\/\\\/gloopbaby.com\\\/fr\\\/produit\\\/collections-fr\\\/little-garden-fr\\\/set-de-2-gloop-lange-mousseline-de-coton-110x110cm-zebra-copia\\\/\",\"url\":\"https:\\\/\\\/gloopbaby.com\\\/fr\\\/produit\\\/collections-fr\\\/little-garden-fr\\\/set-de-2-gloop-lange-mousseline-de-coton-110x110cm-zebra-copia\\\/\",\"name\":\"Set de 2 gloop! Lange Mousseline de coton 100x100cm Little Garden - Gloop Baby\",\"isPartOf\":{\"@id\":\"https:\\\/\\\/gloopbaby.com\\\/fr\\\/#website\"},\"primaryImageOfPage\":{\"@id\":\"https:\\\/\\\/gloopbaby.com\\\/fr\\\/produit\\\/collections-fr\\\/little-garden-fr\\\/set-de-2-gloop-lange-mousseline-de-coton-110x110cm-zebra-copia\\\/#primaryimage\"},\"image\":{\"@id\":\"https:\\\/\\\/gloopbaby.com\\\/fr\\\/produit\\\/collections-fr\\\/little-garden-fr\\\/set-de-2-gloop-lange-mousseline-de-coton-110x110cm-zebra-copia\\\/#primaryimage\"},\"thumbnailUrl\":\"https:\\\/\\\/gloopbaby.com\\\/wp-content\\\/uploads\\\/2025\\\/10\\\/fralda-little-garden-2.jpg\",\"datePublished\":\"2025-10-23T13:56:21+00:00\",\"dateModified\":\"2026-04-20T14:31:42+00:00\",\"breadcrumb\":{\"@id\":\"https:\\\/\\\/gloopbaby.com\\\/fr\\\/produit\\\/collections-fr\\\/little-garden-fr\\\/set-de-2-gloop-lange-mousseline-de-coton-110x110cm-zebra-copia\\\/#breadcrumb\"},\"inLanguage\":\"fr-FR\",\"potentialAction\":[{\"@type\":\"ReadAction\",\"target\":[\"https:\\\/\\\/gloopbaby.com\\\/fr\\\/produit\\\/collections-fr\\\/little-garden-fr\\\/set-de-2-gloop-lange-mousseline-de-coton-110x110cm-zebra-copia\\\/\"]}]},{\"@type\":\"ImageObject\",\"inLanguage\":\"fr-FR\",\"@id\":\"https:\\\/\\\/gloopbaby.com\\\/fr\\\/produit\\\/collections-fr\\\/little-garden-fr\\\/set-de-2-gloop-lange-mousseline-de-coton-110x110cm-zebra-copia\\\/#primaryimage\",\"url\":\"https:\\\/\\\/gloopbaby.com\\\/wp-content\\\/uploads\\\/2025\\\/10\\\/fralda-little-garden-2.jpg\",\"contentUrl\":\"https:\\\/\\\/gloopbaby.com\\\/wp-content\\\/uploads\\\/2025\\\/10\\\/fralda-little-garden-2.jpg\",\"width\":600,\"height\":900},{\"@type\":\"BreadcrumbList\",\"@id\":\"https:\\\/\\\/gloopbaby.com\\\/fr\\\/produit\\\/collections-fr\\\/little-garden-fr\\\/set-de-2-gloop-lange-mousseline-de-coton-110x110cm-zebra-copia\\\/#breadcrumb\",\"itemListElement\":[{\"@type\":\"ListItem\",\"position\":1,\"name\":\"In\u00edcio\",\"item\":\"https:\\\/\\\/gloopbaby.com\\\/fr\\\/\"},{\"@type\":\"ListItem\",\"position\":2,\"name\":\"Shop\",\"item\":\"https:\\\/\\\/gloopbaby.com\\\/loja\\\/\"},{\"@type\":\"ListItem\",\"position\":3,\"name\":\"Set de 2 gloop! Lange Mousseline de coton 100x100cm Little Garden\"}]},{\"@type\":\"WebSite\",\"@id\":\"https:\\\/\\\/gloopbaby.com\\\/fr\\\/#website\",\"url\":\"https:\\\/\\\/gloopbaby.com\\\/fr\\\/\",\"name\":\"Gloop Baby\",\"description\":\"\",\"publisher\":{\"@id\":\"https:\\\/\\\/gloopbaby.com\\\/fr\\\/#organization\"},\"potentialAction\":[{\"@type\":\"SearchAction\",\"target\":{\"@type\":\"EntryPoint\",\"urlTemplate\":\"https:\\\/\\\/gloopbaby.com\\\/fr\\\/?s={search_term_string}\"},\"query-input\":{\"@type\":\"PropertyValueSpecification\",\"valueRequired\":true,\"valueName\":\"search_term_string\"}}],\"inLanguage\":\"fr-FR\"},{\"@type\":\"Organization\",\"@id\":\"https:\\\/\\\/gloopbaby.com\\\/fr\\\/#organization\",\"name\":\"Gloop Baby\",\"url\":\"https:\\\/\\\/gloopbaby.com\\\/fr\\\/\",\"logo\":{\"@type\":\"ImageObject\",\"inLanguage\":\"fr-FR\",\"@id\":\"https:\\\/\\\/gloopbaby.com\\\/fr\\\/#\\\/schema\\\/logo\\\/image\\\/\",\"url\":\"https:\\\/\\\/gloopbaby.com\\\/wp-content\\\/uploads\\\/2023\\\/06\\\/gloop-logo.svg\",\"contentUrl\":\"https:\\\/\\\/gloopbaby.com\\\/wp-content\\\/uploads\\\/2023\\\/06\\\/gloop-logo.svg\",\"width\":100,\"height\":100,\"caption\":\"Gloop Baby\"},\"image\":{\"@id\":\"https:\\\/\\\/gloopbaby.com\\\/fr\\\/#\\\/schema\\\/logo\\\/image\\\/\"}}]}<\/script>\n<!-- \/ Yoast SEO plugin. -->","yoast_head_json":{"title":"Set de 2 gloop! Lange Mousseline de coton 100x100cm Little Garden - Gloop Baby","robots":{"index":"index","follow":"follow","max-snippet":"max-snippet:-1","max-image-preview":"max-image-preview:large","max-video-preview":"max-video-preview:-1"},"canonical":"https:\/\/gloopbaby.com\/fr\/produit\/collections-fr\/little-garden-fr\/set-de-2-gloop-lange-mousseline-de-coton-110x110cm-zebra-copia\/","og_locale":"fr_FR","og_type":"article","og_title":"Set de 2 gloop! Lange Mousseline de coton 100x100cm Little Garden - Gloop Baby","og_description":"La Lange Mousseline gloop! est r\u00e9sistante et id\u00e9ale pour de multiples usages: emmaillotage, couverture d\u2019allaitement, matelas \u00e0 langer ou drap-housse l\u00e9ger. Fabriqu\u00e9e en coton 100% biologique certifi\u00e9, elle est extr\u00eamement douce pour la peau sensible de b\u00e9b\u00e9. Caract\u00e9ristiques principales: - Contient 2 Lange Mousseline gloop! - Facile d\u2019entretien: conserve sa douceur m\u00eame apr\u00e8s plusieurs lavages. [&hellip;]","og_url":"https:\/\/gloopbaby.com\/fr\/produit\/collections-fr\/little-garden-fr\/set-de-2-gloop-lange-mousseline-de-coton-110x110cm-zebra-copia\/","og_site_name":"Gloop Baby","article_modified_time":"2026-04-20T14:31:42+00:00","og_image":[{"width":600,"height":900,"url":"https:\/\/gloopbaby.com\/wp-content\/uploads\/2025\/10\/fralda-little-garden-2.jpg","type":"image\/jpeg"}],"twitter_card":"summary_large_image","twitter_misc":{"Dur\u00e9e de lecture estim\u00e9e":"1 minute"},"schema":{"@context":"https:\/\/schema.org","@graph":[{"@type":"WebPage","@id":"https:\/\/gloopbaby.com\/fr\/produit\/collections-fr\/little-garden-fr\/set-de-2-gloop-lange-mousseline-de-coton-110x110cm-zebra-copia\/","url":"https:\/\/gloopbaby.com\/fr\/produit\/collections-fr\/little-garden-fr\/set-de-2-gloop-lange-mousseline-de-coton-110x110cm-zebra-copia\/","name":"Set de 2 gloop! Lange Mousseline de coton 100x100cm Little Garden - Gloop Baby","isPartOf":{"@id":"https:\/\/gloopbaby.com\/fr\/#website"},"primaryImageOfPage":{"@id":"https:\/\/gloopbaby.com\/fr\/produit\/collections-fr\/little-garden-fr\/set-de-2-gloop-lange-mousseline-de-coton-110x110cm-zebra-copia\/#primaryimage"},"image":{"@id":"https:\/\/gloopbaby.com\/fr\/produit\/collections-fr\/little-garden-fr\/set-de-2-gloop-lange-mousseline-de-coton-110x110cm-zebra-copia\/#primaryimage"},"thumbnailUrl":"https:\/\/gloopbaby.com\/wp-content\/uploads\/2025\/10\/fralda-little-garden-2.jpg","datePublished":"2025-10-23T13:56:21+00:00","dateModified":"2026-04-20T14:31:42+00:00","breadcrumb":{"@id":"https:\/\/gloopbaby.com\/fr\/produit\/collections-fr\/little-garden-fr\/set-de-2-gloop-lange-mousseline-de-coton-110x110cm-zebra-copia\/#breadcrumb"},"inLanguage":"fr-FR","potentialAction":[{"@type":"ReadAction","target":["https:\/\/gloopbaby.com\/fr\/produit\/collections-fr\/little-garden-fr\/set-de-2-gloop-lange-mousseline-de-coton-110x110cm-zebra-copia\/"]}]},{"@type":"ImageObject","inLanguage":"fr-FR","@id":"https:\/\/gloopbaby.com\/fr\/produit\/collections-fr\/little-garden-fr\/set-de-2-gloop-lange-mousseline-de-coton-110x110cm-zebra-copia\/#primaryimage","url":"https:\/\/gloopbaby.com\/wp-content\/uploads\/2025\/10\/fralda-little-garden-2.jpg","contentUrl":"https:\/\/gloopbaby.com\/wp-content\/uploads\/2025\/10\/fralda-little-garden-2.jpg","width":600,"height":900},{"@type":"BreadcrumbList","@id":"https:\/\/gloopbaby.com\/fr\/produit\/collections-fr\/little-garden-fr\/set-de-2-gloop-lange-mousseline-de-coton-110x110cm-zebra-copia\/#breadcrumb","itemListElement":[{"@type":"ListItem","position":1,"name":"In\u00edcio","item":"https:\/\/gloopbaby.com\/fr\/"},{"@type":"ListItem","position":2,"name":"Shop","item":"https:\/\/gloopbaby.com\/loja\/"},{"@type":"ListItem","position":3,"name":"Set de 2 gloop! Lange Mousseline de coton 100x100cm Little Garden"}]},{"@type":"WebSite","@id":"https:\/\/gloopbaby.com\/fr\/#website","url":"https:\/\/gloopbaby.com\/fr\/","name":"Gloop Baby","description":"","publisher":{"@id":"https:\/\/gloopbaby.com\/fr\/#organization"},"potentialAction":[{"@type":"SearchAction","target":{"@type":"EntryPoint","urlTemplate":"https:\/\/gloopbaby.com\/fr\/?s={search_term_string}"},"query-input":{"@type":"PropertyValueSpecification","valueRequired":true,"valueName":"search_term_string"}}],"inLanguage":"fr-FR"},{"@type":"Organization","@id":"https:\/\/gloopbaby.com\/fr\/#organization","name":"Gloop Baby","url":"https:\/\/gloopbaby.com\/fr\/","logo":{"@type":"ImageObject","inLanguage":"fr-FR","@id":"https:\/\/gloopbaby.com\/fr\/#\/schema\/logo\/image\/","url":"https:\/\/gloopbaby.com\/wp-content\/uploads\/2023\/06\/gloop-logo.svg","contentUrl":"https:\/\/gloopbaby.com\/wp-content\/uploads\/2023\/06\/gloop-logo.svg","width":100,"height":100,"caption":"Gloop Baby"},"image":{"@id":"https:\/\/gloopbaby.com\/fr\/#\/schema\/logo\/image\/"}}]}},"_links":{"self":[{"href":"https:\/\/gloopbaby.com\/fr\/wp-json\/wp\/v2\/product\/139214","targetHints":{"allow":["GET"]}}],"collection":[{"href":"https:\/\/gloopbaby.com\/fr\/wp-json\/wp\/v2\/product"}],"about":[{"href":"https:\/\/gloopbaby.com\/fr\/wp-json\/wp\/v2\/types\/product"}],"replies":[{"embeddable":true,"href":"https:\/\/gloopbaby.com\/fr\/wp-json\/wp\/v2\/comments?post=139214"}],"wp:featuredmedia":[{"embeddable":true,"href":"https:\/\/gloopbaby.com\/fr\/wp-json\/wp\/v2\/media\/141032"}],"wp:attachment":[{"href":"https:\/\/gloopbaby.com\/fr\/wp-json\/wp\/v2\/media?parent=139214"}],"wp:term":[{"taxonomy":"product_brand","embeddable":true,"href":"https:\/\/gloopbaby.com\/fr\/wp-json\/wp\/v2\/product_brand?post=139214"},{"taxonomy":"product_cat","embeddable":true,"href":"https:\/\/gloopbaby.com\/fr\/wp-json\/wp\/v2\/product_cat?post=139214"},{"taxonomy":"product_tag","embeddable":true,"href":"https:\/\/gloopbaby.com\/fr\/wp-json\/wp\/v2\/product_tag?post=139214"}],"curies":[{"name":"wp","href":"https:\/\/api.w.org\/{rel}","templated":true}]}}