{"id":139209,"date":"2025-10-23T13:49:20","date_gmt":"2025-10-23T13:49:20","guid":{"rendered":"https:\/\/gloopbaby.com\/?post_type=product&#038;p=139209"},"modified":"2026-04-20T15:06:16","modified_gmt":"2026-04-20T15:06:16","slug":"gloop-lange-mousseline-de-coton-110x110cm-zebra-copia","status":"publish","type":"product","link":"https:\/\/gloopbaby.com\/fr\/produit\/collections-fr\/little-garden-fr\/gloop-lange-mousseline-de-coton-110x110cm-zebra-copia\/","title":{"rendered":"gloop! Lange Mousseline de coton 100x100cm Little Garden"},"content":{"rendered":"<pre id=\"tw-target-text\" class=\"tw-data-text tw-text-large tw-ta\" dir=\"ltr\" tabindex=\"-1\" role=\"text\" data-placeholder=\"Tradu\u00e7\u00e3o\" data-ved=\"2ahUKEwiPuqDOgvyTAxWxU6QEHf9VKDYQ3ewLegQIDRAV\" aria-label=\"Texto traduzido: La couche gloop! est r\u00e9sistante et polyvalente : emmaillotage, couverture d'allaitement, matelas \u00e0 langer ou drap-housse l\u00e9ger. Confectionn\u00e9e en coton 100 % biologique certifi\u00e9, elle est extr\u00eamement douce pour la peau sensible de b\u00e9b\u00e9.\r\n\r\nCaract\u00e9ristiques principales :\r\n\r\nFacile d'entretien : conserve sa douceur m\u00eame apr\u00e8s de nombreux lavages.\r\n\r\nDimensions : 100 x 100 cm, id\u00e9ales pour envelopper b\u00e9b\u00e9 confortablement.\r\n\r\n100 % coton biologique certifi\u00e9.\r\n\r\nFabriqu\u00e9e au Portugal.\r\n\r\nUn indispensable pour la trousse de naissance de votre b\u00e9b\u00e9, alliant design exclusif, qualit\u00e9 et durabilit\u00e9.\r\n\r\nProduit \u00e9cologique, sans substances chimiques nocives. Id\u00e9al pour les parents soucieux du bien-\u00eatre de leur b\u00e9b\u00e9 et de la plan\u00e8te.\"><span class=\"Y2IQFc\" lang=\"fr\">La Lange Mousseline gloop! est r\u00e9sistante et polyvalente: emmaillotage, couverture d'allaitement, matelas \u00e0 langer ou drap-housse l\u00e9ger. Confectionn\u00e9e en coton 100% biologique certifi\u00e9, elle est extr\u00eamement douce pour la peau sensible de b\u00e9b\u00e9.\r\n\r\n<strong>Caract\u00e9ristiques principales:<\/strong>\r\n\r\n- Facile d'entretien: conserve sa douceur m\u00eame apr\u00e8s de nombreux lavages.\r\n\r\n- Dimensions: 100x100cm, id\u00e9ales pour envelopper b\u00e9b\u00e9 confortablement.\r\n\r\n- 100% coton biologique certifi\u00e9.\r\n\r\n- Fabriqu\u00e9e au Portugal.\r\n\r\nUn indispensable pour la trousse de naissance de votre b\u00e9b\u00e9, alliant design exclusif, qualit\u00e9 et durabilit\u00e9.\r\n\r\nProduit \u00e9cologique, sans substances chimiques nocives. Id\u00e9al pour les parents soucieux du bien-\u00eatre de leur b\u00e9b\u00e9 et de la plan\u00e8te.<\/span><\/pre>\n","protected":false},"excerpt":{"rendered":"<p>La Lange Mousseline gloop! est r\u00e9sistante et polyvalente: emmaillotage, couverture d&rsquo;allaitement, matelas \u00e0 langer ou drap-housse l\u00e9ger. Confectionn\u00e9e en coton 100% biologique certifi\u00e9, elle est extr\u00eamement douce pour la peau sensible de b\u00e9b\u00e9. Caract\u00e9ristiques principales: &#8211; Facile d&rsquo;entretien: conserve sa douceur m\u00eame apr\u00e8s de nombreux lavages. &#8211; Dimensions: 100x100cm, id\u00e9ales pour envelopper b\u00e9b\u00e9 confortablement. &#8211; [&hellip;]<\/p>\n","protected":false},"featured_media":141036,"comment_status":"closed","ping_status":"closed","template":"","meta":{"_acf_changed":false},"product_brand":[],"product_cat":[1404,1582,1406,1405,1942],"product_tag":[],"class_list":{"0":"post-139209","1":"product","2":"type-product","3":"status-publish","4":"has-post-thumbnail","6":"product_cat-bain-et-nursery-fr","7":"product_cat-collections-fr","8":"product_cat-lange-mousseline-de-cotton-110x110cm-fr","9":"product_cat-lange-mousseline-de-cotton-fr","10":"product_cat-little-garden-fr","12":"first","13":"instock","14":"taxable","15":"shipping-taxable","16":"purchasable","17":"product-type-simple"},"acf":[],"yoast_head":"<!-- This site is optimized with the Yoast SEO plugin v27.6 - https:\/\/yoast.com\/product\/yoast-seo-wordpress\/ -->\n<title>gloop! Lange Mousseline de coton 100x100cm Little Garden - Gloop Baby<\/title>\n<meta name=\"robots\" content=\"index, follow, max-snippet:-1, max-image-preview:large, max-video-preview:-1\" \/>\n<link rel=\"canonical\" href=\"https:\/\/gloopbaby.com\/fr\/produit\/collections-fr\/little-garden-fr\/gloop-lange-mousseline-de-coton-110x110cm-zebra-copia\/\" \/>\n<meta property=\"og:locale\" content=\"fr_FR\" \/>\n<meta property=\"og:type\" content=\"article\" \/>\n<meta property=\"og:title\" content=\"gloop! Lange Mousseline de coton 100x100cm Little Garden - Gloop Baby\" \/>\n<meta property=\"og:description\" content=\"La Lange Mousseline gloop! est r\u00e9sistante et polyvalente: emmaillotage, couverture d&#039;allaitement, matelas \u00e0 langer ou drap-housse l\u00e9ger. Confectionn\u00e9e en coton 100% biologique certifi\u00e9, elle est extr\u00eamement douce pour la peau sensible de b\u00e9b\u00e9. Caract\u00e9ristiques principales: - Facile d&#039;entretien: conserve sa douceur m\u00eame apr\u00e8s de nombreux lavages. - Dimensions: 100x100cm, id\u00e9ales pour envelopper b\u00e9b\u00e9 confortablement. - [&hellip;]\" \/>\n<meta property=\"og:url\" content=\"https:\/\/gloopbaby.com\/fr\/produit\/collections-fr\/little-garden-fr\/gloop-lange-mousseline-de-coton-110x110cm-zebra-copia\/\" \/>\n<meta property=\"og:site_name\" content=\"Gloop Baby\" \/>\n<meta property=\"article:modified_time\" content=\"2026-04-20T15:06:16+00:00\" \/>\n<meta property=\"og:image\" content=\"https:\/\/gloopbaby.com\/wp-content\/uploads\/2025\/10\/fralda-little-garden-3.jpg\" \/>\n\t<meta property=\"og:image:width\" content=\"600\" \/>\n\t<meta property=\"og:image:height\" content=\"900\" \/>\n\t<meta property=\"og:image:type\" content=\"image\/jpeg\" \/>\n<meta name=\"twitter:card\" content=\"summary_large_image\" \/>\n<meta name=\"twitter:label1\" content=\"Dur\u00e9e de lecture estim\u00e9e\" \/>\n\t<meta name=\"twitter:data1\" content=\"1 minute\" \/>\n<script type=\"application\/ld+json\" class=\"yoast-schema-graph\">{\"@context\":\"https:\\\/\\\/schema.org\",\"@graph\":[{\"@type\":\"WebPage\",\"@id\":\"https:\\\/\\\/gloopbaby.com\\\/fr\\\/produit\\\/collections-fr\\\/little-garden-fr\\\/gloop-lange-mousseline-de-coton-110x110cm-zebra-copia\\\/\",\"url\":\"https:\\\/\\\/gloopbaby.com\\\/fr\\\/produit\\\/collections-fr\\\/little-garden-fr\\\/gloop-lange-mousseline-de-coton-110x110cm-zebra-copia\\\/\",\"name\":\"gloop! Lange Mousseline de coton 100x100cm Little Garden - Gloop Baby\",\"isPartOf\":{\"@id\":\"https:\\\/\\\/gloopbaby.com\\\/fr\\\/#website\"},\"primaryImageOfPage\":{\"@id\":\"https:\\\/\\\/gloopbaby.com\\\/fr\\\/produit\\\/collections-fr\\\/little-garden-fr\\\/gloop-lange-mousseline-de-coton-110x110cm-zebra-copia\\\/#primaryimage\"},\"image\":{\"@id\":\"https:\\\/\\\/gloopbaby.com\\\/fr\\\/produit\\\/collections-fr\\\/little-garden-fr\\\/gloop-lange-mousseline-de-coton-110x110cm-zebra-copia\\\/#primaryimage\"},\"thumbnailUrl\":\"https:\\\/\\\/gloopbaby.com\\\/wp-content\\\/uploads\\\/2025\\\/10\\\/fralda-little-garden-3.jpg\",\"datePublished\":\"2025-10-23T13:49:20+00:00\",\"dateModified\":\"2026-04-20T15:06:16+00:00\",\"breadcrumb\":{\"@id\":\"https:\\\/\\\/gloopbaby.com\\\/fr\\\/produit\\\/collections-fr\\\/little-garden-fr\\\/gloop-lange-mousseline-de-coton-110x110cm-zebra-copia\\\/#breadcrumb\"},\"inLanguage\":\"fr-FR\",\"potentialAction\":[{\"@type\":\"ReadAction\",\"target\":[\"https:\\\/\\\/gloopbaby.com\\\/fr\\\/produit\\\/collections-fr\\\/little-garden-fr\\\/gloop-lange-mousseline-de-coton-110x110cm-zebra-copia\\\/\"]}]},{\"@type\":\"ImageObject\",\"inLanguage\":\"fr-FR\",\"@id\":\"https:\\\/\\\/gloopbaby.com\\\/fr\\\/produit\\\/collections-fr\\\/little-garden-fr\\\/gloop-lange-mousseline-de-coton-110x110cm-zebra-copia\\\/#primaryimage\",\"url\":\"https:\\\/\\\/gloopbaby.com\\\/wp-content\\\/uploads\\\/2025\\\/10\\\/fralda-little-garden-3.jpg\",\"contentUrl\":\"https:\\\/\\\/gloopbaby.com\\\/wp-content\\\/uploads\\\/2025\\\/10\\\/fralda-little-garden-3.jpg\",\"width\":600,\"height\":900},{\"@type\":\"BreadcrumbList\",\"@id\":\"https:\\\/\\\/gloopbaby.com\\\/fr\\\/produit\\\/collections-fr\\\/little-garden-fr\\\/gloop-lange-mousseline-de-coton-110x110cm-zebra-copia\\\/#breadcrumb\",\"itemListElement\":[{\"@type\":\"ListItem\",\"position\":1,\"name\":\"In\u00edcio\",\"item\":\"https:\\\/\\\/gloopbaby.com\\\/fr\\\/\"},{\"@type\":\"ListItem\",\"position\":2,\"name\":\"Shop\",\"item\":\"https:\\\/\\\/gloopbaby.com\\\/loja\\\/\"},{\"@type\":\"ListItem\",\"position\":3,\"name\":\"gloop! Lange Mousseline de coton 100x100cm Little Garden\"}]},{\"@type\":\"WebSite\",\"@id\":\"https:\\\/\\\/gloopbaby.com\\\/fr\\\/#website\",\"url\":\"https:\\\/\\\/gloopbaby.com\\\/fr\\\/\",\"name\":\"Gloop Baby\",\"description\":\"\",\"publisher\":{\"@id\":\"https:\\\/\\\/gloopbaby.com\\\/fr\\\/#organization\"},\"potentialAction\":[{\"@type\":\"SearchAction\",\"target\":{\"@type\":\"EntryPoint\",\"urlTemplate\":\"https:\\\/\\\/gloopbaby.com\\\/fr\\\/?s={search_term_string}\"},\"query-input\":{\"@type\":\"PropertyValueSpecification\",\"valueRequired\":true,\"valueName\":\"search_term_string\"}}],\"inLanguage\":\"fr-FR\"},{\"@type\":\"Organization\",\"@id\":\"https:\\\/\\\/gloopbaby.com\\\/fr\\\/#organization\",\"name\":\"Gloop Baby\",\"url\":\"https:\\\/\\\/gloopbaby.com\\\/fr\\\/\",\"logo\":{\"@type\":\"ImageObject\",\"inLanguage\":\"fr-FR\",\"@id\":\"https:\\\/\\\/gloopbaby.com\\\/fr\\\/#\\\/schema\\\/logo\\\/image\\\/\",\"url\":\"https:\\\/\\\/gloopbaby.com\\\/wp-content\\\/uploads\\\/2023\\\/06\\\/gloop-logo.svg\",\"contentUrl\":\"https:\\\/\\\/gloopbaby.com\\\/wp-content\\\/uploads\\\/2023\\\/06\\\/gloop-logo.svg\",\"width\":100,\"height\":100,\"caption\":\"Gloop Baby\"},\"image\":{\"@id\":\"https:\\\/\\\/gloopbaby.com\\\/fr\\\/#\\\/schema\\\/logo\\\/image\\\/\"}}]}<\/script>\n<!-- \/ Yoast SEO plugin. -->","yoast_head_json":{"title":"gloop! Lange Mousseline de coton 100x100cm Little Garden - Gloop Baby","robots":{"index":"index","follow":"follow","max-snippet":"max-snippet:-1","max-image-preview":"max-image-preview:large","max-video-preview":"max-video-preview:-1"},"canonical":"https:\/\/gloopbaby.com\/fr\/produit\/collections-fr\/little-garden-fr\/gloop-lange-mousseline-de-coton-110x110cm-zebra-copia\/","og_locale":"fr_FR","og_type":"article","og_title":"gloop! Lange Mousseline de coton 100x100cm Little Garden - Gloop Baby","og_description":"La Lange Mousseline gloop! est r\u00e9sistante et polyvalente: emmaillotage, couverture d'allaitement, matelas \u00e0 langer ou drap-housse l\u00e9ger. Confectionn\u00e9e en coton 100% biologique certifi\u00e9, elle est extr\u00eamement douce pour la peau sensible de b\u00e9b\u00e9. Caract\u00e9ristiques principales: - Facile d'entretien: conserve sa douceur m\u00eame apr\u00e8s de nombreux lavages. - Dimensions: 100x100cm, id\u00e9ales pour envelopper b\u00e9b\u00e9 confortablement. - [&hellip;]","og_url":"https:\/\/gloopbaby.com\/fr\/produit\/collections-fr\/little-garden-fr\/gloop-lange-mousseline-de-coton-110x110cm-zebra-copia\/","og_site_name":"Gloop Baby","article_modified_time":"2026-04-20T15:06:16+00:00","og_image":[{"width":600,"height":900,"url":"https:\/\/gloopbaby.com\/wp-content\/uploads\/2025\/10\/fralda-little-garden-3.jpg","type":"image\/jpeg"}],"twitter_card":"summary_large_image","twitter_misc":{"Dur\u00e9e de lecture estim\u00e9e":"1 minute"},"schema":{"@context":"https:\/\/schema.org","@graph":[{"@type":"WebPage","@id":"https:\/\/gloopbaby.com\/fr\/produit\/collections-fr\/little-garden-fr\/gloop-lange-mousseline-de-coton-110x110cm-zebra-copia\/","url":"https:\/\/gloopbaby.com\/fr\/produit\/collections-fr\/little-garden-fr\/gloop-lange-mousseline-de-coton-110x110cm-zebra-copia\/","name":"gloop! Lange Mousseline de coton 100x100cm Little Garden - Gloop Baby","isPartOf":{"@id":"https:\/\/gloopbaby.com\/fr\/#website"},"primaryImageOfPage":{"@id":"https:\/\/gloopbaby.com\/fr\/produit\/collections-fr\/little-garden-fr\/gloop-lange-mousseline-de-coton-110x110cm-zebra-copia\/#primaryimage"},"image":{"@id":"https:\/\/gloopbaby.com\/fr\/produit\/collections-fr\/little-garden-fr\/gloop-lange-mousseline-de-coton-110x110cm-zebra-copia\/#primaryimage"},"thumbnailUrl":"https:\/\/gloopbaby.com\/wp-content\/uploads\/2025\/10\/fralda-little-garden-3.jpg","datePublished":"2025-10-23T13:49:20+00:00","dateModified":"2026-04-20T15:06:16+00:00","breadcrumb":{"@id":"https:\/\/gloopbaby.com\/fr\/produit\/collections-fr\/little-garden-fr\/gloop-lange-mousseline-de-coton-110x110cm-zebra-copia\/#breadcrumb"},"inLanguage":"fr-FR","potentialAction":[{"@type":"ReadAction","target":["https:\/\/gloopbaby.com\/fr\/produit\/collections-fr\/little-garden-fr\/gloop-lange-mousseline-de-coton-110x110cm-zebra-copia\/"]}]},{"@type":"ImageObject","inLanguage":"fr-FR","@id":"https:\/\/gloopbaby.com\/fr\/produit\/collections-fr\/little-garden-fr\/gloop-lange-mousseline-de-coton-110x110cm-zebra-copia\/#primaryimage","url":"https:\/\/gloopbaby.com\/wp-content\/uploads\/2025\/10\/fralda-little-garden-3.jpg","contentUrl":"https:\/\/gloopbaby.com\/wp-content\/uploads\/2025\/10\/fralda-little-garden-3.jpg","width":600,"height":900},{"@type":"BreadcrumbList","@id":"https:\/\/gloopbaby.com\/fr\/produit\/collections-fr\/little-garden-fr\/gloop-lange-mousseline-de-coton-110x110cm-zebra-copia\/#breadcrumb","itemListElement":[{"@type":"ListItem","position":1,"name":"In\u00edcio","item":"https:\/\/gloopbaby.com\/fr\/"},{"@type":"ListItem","position":2,"name":"Shop","item":"https:\/\/gloopbaby.com\/loja\/"},{"@type":"ListItem","position":3,"name":"gloop! Lange Mousseline de coton 100x100cm Little Garden"}]},{"@type":"WebSite","@id":"https:\/\/gloopbaby.com\/fr\/#website","url":"https:\/\/gloopbaby.com\/fr\/","name":"Gloop Baby","description":"","publisher":{"@id":"https:\/\/gloopbaby.com\/fr\/#organization"},"potentialAction":[{"@type":"SearchAction","target":{"@type":"EntryPoint","urlTemplate":"https:\/\/gloopbaby.com\/fr\/?s={search_term_string}"},"query-input":{"@type":"PropertyValueSpecification","valueRequired":true,"valueName":"search_term_string"}}],"inLanguage":"fr-FR"},{"@type":"Organization","@id":"https:\/\/gloopbaby.com\/fr\/#organization","name":"Gloop Baby","url":"https:\/\/gloopbaby.com\/fr\/","logo":{"@type":"ImageObject","inLanguage":"fr-FR","@id":"https:\/\/gloopbaby.com\/fr\/#\/schema\/logo\/image\/","url":"https:\/\/gloopbaby.com\/wp-content\/uploads\/2023\/06\/gloop-logo.svg","contentUrl":"https:\/\/gloopbaby.com\/wp-content\/uploads\/2023\/06\/gloop-logo.svg","width":100,"height":100,"caption":"Gloop Baby"},"image":{"@id":"https:\/\/gloopbaby.com\/fr\/#\/schema\/logo\/image\/"}}]}},"_links":{"self":[{"href":"https:\/\/gloopbaby.com\/fr\/wp-json\/wp\/v2\/product\/139209","targetHints":{"allow":["GET"]}}],"collection":[{"href":"https:\/\/gloopbaby.com\/fr\/wp-json\/wp\/v2\/product"}],"about":[{"href":"https:\/\/gloopbaby.com\/fr\/wp-json\/wp\/v2\/types\/product"}],"replies":[{"embeddable":true,"href":"https:\/\/gloopbaby.com\/fr\/wp-json\/wp\/v2\/comments?post=139209"}],"wp:featuredmedia":[{"embeddable":true,"href":"https:\/\/gloopbaby.com\/fr\/wp-json\/wp\/v2\/media\/141036"}],"wp:attachment":[{"href":"https:\/\/gloopbaby.com\/fr\/wp-json\/wp\/v2\/media?parent=139209"}],"wp:term":[{"taxonomy":"product_brand","embeddable":true,"href":"https:\/\/gloopbaby.com\/fr\/wp-json\/wp\/v2\/product_brand?post=139209"},{"taxonomy":"product_cat","embeddable":true,"href":"https:\/\/gloopbaby.com\/fr\/wp-json\/wp\/v2\/product_cat?post=139209"},{"taxonomy":"product_tag","embeddable":true,"href":"https:\/\/gloopbaby.com\/fr\/wp-json\/wp\/v2\/product_tag?post=139209"}],"curies":[{"name":"wp","href":"https:\/\/api.w.org\/{rel}","templated":true}]}}