{"id":139194,"date":"2025-10-23T13:37:44","date_gmt":"2025-10-23T13:37:44","guid":{"rendered":"https:\/\/gloopbaby.com\/?post_type=product&#038;p=139194"},"modified":"2026-04-14T11:12:10","modified_gmt":"2026-04-14T11:12:10","slug":"housse-de-matelas-a-langer-sleepy-80x50cm-copia","status":"publish","type":"product","link":"https:\/\/gloopbaby.com\/fr\/produit\/collections-fr\/little-garden-fr\/housse-de-matelas-a-langer-sleepy-80x50cm-copia\/","title":{"rendered":"Housse de Matelas \u00e0 Langer Little Garden 80X50cm"},"content":{"rendered":"<pre id=\"tw-target-text\" class=\"tw-data-text tw-text-large tw-ta\" dir=\"ltr\" tabindex=\"-1\" role=\"text\" data-placeholder=\"Tradu\u00e7\u00e3o\" data-ved=\"2ahUKEwjMpOH17uyTAxW_9wIHHYLCBfcQ3ewLegQIDBAV\" aria-label=\"Texto traduzido: La housse de matelas \u00e0 langer en coton bio Gloop! (80 x 50 cm) est pratique, confortable et \u00e9cologique. Gr\u00e2ce \u00e0 ses \u00e9lastiques aux quatre coins, elle s'adapte facilement \u00e0 la plupart des matelas \u00e0 langer du march\u00e9, assurant un maintien parfait.\r\n\r\nCompos\u00e9e de 3 couches de tissu et d'un rembourrage, elle offre un toucher doux et moelleux \u00e0 b\u00e9b\u00e9, pour des changes plus confortables. Fabriqu\u00e9e au Portugal en coton 100 % bio certifi\u00e9, elle respecte la peau sensible de b\u00e9b\u00e9 et l'environnement.\r\n\r\nCaract\u00e9ristiques principales :\r\n\r\nAjustable et pratique\r\n\r\nDimensions : 80 x 50 cm (compatible avec les matelas \u00e0 langer Ikea)\r\n\r\nConfortable et douce, avec 3 couches de tissu\r\n\r\nExt\u00e9rieur : 100 % coton bio certifi\u00e9\r\n\r\nInt\u00e9rieur : 100 % polyester\r\n\r\nFabriqu\u00e9e au Portugal\r\n\r\nLe choix id\u00e9al pour les parents \u00e0 la recherche d'une housse de matelas \u00e0 langer durable, s\u00fbre et \u00e9cologique.\"><span class=\"Y2IQFc\" lang=\"fr\">La housse de matelas \u00e0 langer en coton bio gloop! 80x50cm est pratique, confortable et \u00e9cologique. Gr\u00e2ce \u00e0 ses \u00e9lastiques aux quatre coins, elle s'adapte facilement \u00e0 la plupart des matelas \u00e0 langer du march\u00e9, assurant un maintien parfait.\r\n\r\nCompos\u00e9e de 3 couches de tissu et d'un rembourrage, elle offre un toucher doux et moelleux \u00e0 b\u00e9b\u00e9, pour des changes plus confortables. Fabriqu\u00e9e au Portugal en coton 100% bio certifi\u00e9, elle respecte la peau sensible de b\u00e9b\u00e9 et l'environnement.\r\n\r\n<strong>Caract\u00e9ristiques principales:<\/strong>\r\n\r\nAjustable et pratique\r\n\r\nDimensions: 80x50cm (compatible avec les matelas \u00e0 langer Ikea)\r\n\r\nConfortable et douce, avec 3 couches de tissu\r\n\r\nExt\u00e9rieur: 100% coton bio certifi\u00e9\r\n\r\nInt\u00e9rieur: 100% polyester\r\n\r\nFabriqu\u00e9e au Portugal\r\n\r\nLe choix id\u00e9al pour les parents \u00e0 la recherche d'une housse de matelas \u00e0 langer durable, s\u00fbre et \u00e9cologique.<\/span><\/pre>\n","protected":false},"excerpt":{"rendered":"<p>La housse de matelas \u00e0 langer en coton bio gloop! 80x50cm est pratique, confortable et \u00e9cologique. Gr\u00e2ce \u00e0 ses \u00e9lastiques aux quatre coins, elle s&rsquo;adapte facilement \u00e0 la plupart des matelas \u00e0 langer du march\u00e9, assurant un maintien parfait. Compos\u00e9e de 3 couches de tissu et d&rsquo;un rembourrage, elle offre un toucher doux et moelleux [&hellip;]<\/p>\n","protected":false},"featured_media":141067,"comment_status":"closed","ping_status":"closed","template":"","meta":{"_acf_changed":false},"product_brand":[],"product_cat":[1404,1582,1504,1942,1500],"product_tag":[],"class_list":{"0":"post-139194","1":"product","2":"type-product","3":"status-publish","4":"has-post-thumbnail","6":"product_cat-bain-et-nursery-fr","7":"product_cat-collections-fr","8":"product_cat-housse-de-matela-a-langer-fr","9":"product_cat-little-garden-fr","10":"product_cat-matelas-a-langer","12":"first","13":"instock","14":"taxable","15":"shipping-taxable","16":"purchasable","17":"product-type-simple"},"acf":[],"yoast_head":"<!-- This site is optimized with the Yoast SEO plugin v27.6 - https:\/\/yoast.com\/product\/yoast-seo-wordpress\/ -->\n<title>Housse de Matelas \u00e0 Langer Little Garden 80X50cm - Gloop Baby<\/title>\n<meta name=\"robots\" content=\"index, follow, max-snippet:-1, max-image-preview:large, max-video-preview:-1\" \/>\n<link rel=\"canonical\" href=\"https:\/\/gloopbaby.com\/fr\/produit\/collections-fr\/little-garden-fr\/housse-de-matelas-a-langer-sleepy-80x50cm-copia\/\" \/>\n<meta property=\"og:locale\" content=\"fr_FR\" \/>\n<meta property=\"og:type\" content=\"article\" \/>\n<meta property=\"og:title\" content=\"Housse de Matelas \u00e0 Langer Little Garden 80X50cm - Gloop Baby\" \/>\n<meta property=\"og:description\" content=\"La housse de matelas \u00e0 langer en coton bio gloop! 80x50cm est pratique, confortable et \u00e9cologique. Gr\u00e2ce \u00e0 ses \u00e9lastiques aux quatre coins, elle s&#039;adapte facilement \u00e0 la plupart des matelas \u00e0 langer du march\u00e9, assurant un maintien parfait. Compos\u00e9e de 3 couches de tissu et d&#039;un rembourrage, elle offre un toucher doux et moelleux [&hellip;]\" \/>\n<meta property=\"og:url\" content=\"https:\/\/gloopbaby.com\/fr\/produit\/collections-fr\/little-garden-fr\/housse-de-matelas-a-langer-sleepy-80x50cm-copia\/\" \/>\n<meta property=\"og:site_name\" content=\"Gloop Baby\" \/>\n<meta property=\"article:modified_time\" content=\"2026-04-14T11:12:10+00:00\" \/>\n<meta property=\"og:image\" content=\"https:\/\/gloopbaby.com\/wp-content\/uploads\/2025\/10\/capa-muda-fraldas-little-garden-3.jpg\" \/>\n\t<meta property=\"og:image:width\" content=\"600\" \/>\n\t<meta property=\"og:image:height\" content=\"900\" \/>\n\t<meta property=\"og:image:type\" content=\"image\/jpeg\" \/>\n<meta name=\"twitter:card\" content=\"summary_large_image\" \/>\n<meta name=\"twitter:label1\" content=\"Dur\u00e9e de lecture estim\u00e9e\" \/>\n\t<meta name=\"twitter:data1\" content=\"1 minute\" \/>\n<script type=\"application\/ld+json\" class=\"yoast-schema-graph\">{\"@context\":\"https:\\\/\\\/schema.org\",\"@graph\":[{\"@type\":\"WebPage\",\"@id\":\"https:\\\/\\\/gloopbaby.com\\\/fr\\\/produit\\\/collections-fr\\\/little-garden-fr\\\/housse-de-matelas-a-langer-sleepy-80x50cm-copia\\\/\",\"url\":\"https:\\\/\\\/gloopbaby.com\\\/fr\\\/produit\\\/collections-fr\\\/little-garden-fr\\\/housse-de-matelas-a-langer-sleepy-80x50cm-copia\\\/\",\"name\":\"Housse de Matelas \u00e0 Langer Little Garden 80X50cm - Gloop Baby\",\"isPartOf\":{\"@id\":\"https:\\\/\\\/gloopbaby.com\\\/fr\\\/#website\"},\"primaryImageOfPage\":{\"@id\":\"https:\\\/\\\/gloopbaby.com\\\/fr\\\/produit\\\/collections-fr\\\/little-garden-fr\\\/housse-de-matelas-a-langer-sleepy-80x50cm-copia\\\/#primaryimage\"},\"image\":{\"@id\":\"https:\\\/\\\/gloopbaby.com\\\/fr\\\/produit\\\/collections-fr\\\/little-garden-fr\\\/housse-de-matelas-a-langer-sleepy-80x50cm-copia\\\/#primaryimage\"},\"thumbnailUrl\":\"https:\\\/\\\/gloopbaby.com\\\/wp-content\\\/uploads\\\/2025\\\/10\\\/capa-muda-fraldas-little-garden-3.jpg\",\"datePublished\":\"2025-10-23T13:37:44+00:00\",\"dateModified\":\"2026-04-14T11:12:10+00:00\",\"breadcrumb\":{\"@id\":\"https:\\\/\\\/gloopbaby.com\\\/fr\\\/produit\\\/collections-fr\\\/little-garden-fr\\\/housse-de-matelas-a-langer-sleepy-80x50cm-copia\\\/#breadcrumb\"},\"inLanguage\":\"fr-FR\",\"potentialAction\":[{\"@type\":\"ReadAction\",\"target\":[\"https:\\\/\\\/gloopbaby.com\\\/fr\\\/produit\\\/collections-fr\\\/little-garden-fr\\\/housse-de-matelas-a-langer-sleepy-80x50cm-copia\\\/\"]}]},{\"@type\":\"ImageObject\",\"inLanguage\":\"fr-FR\",\"@id\":\"https:\\\/\\\/gloopbaby.com\\\/fr\\\/produit\\\/collections-fr\\\/little-garden-fr\\\/housse-de-matelas-a-langer-sleepy-80x50cm-copia\\\/#primaryimage\",\"url\":\"https:\\\/\\\/gloopbaby.com\\\/wp-content\\\/uploads\\\/2025\\\/10\\\/capa-muda-fraldas-little-garden-3.jpg\",\"contentUrl\":\"https:\\\/\\\/gloopbaby.com\\\/wp-content\\\/uploads\\\/2025\\\/10\\\/capa-muda-fraldas-little-garden-3.jpg\",\"width\":600,\"height\":900},{\"@type\":\"BreadcrumbList\",\"@id\":\"https:\\\/\\\/gloopbaby.com\\\/fr\\\/produit\\\/collections-fr\\\/little-garden-fr\\\/housse-de-matelas-a-langer-sleepy-80x50cm-copia\\\/#breadcrumb\",\"itemListElement\":[{\"@type\":\"ListItem\",\"position\":1,\"name\":\"In\u00edcio\",\"item\":\"https:\\\/\\\/gloopbaby.com\\\/fr\\\/\"},{\"@type\":\"ListItem\",\"position\":2,\"name\":\"Shop\",\"item\":\"https:\\\/\\\/gloopbaby.com\\\/loja\\\/\"},{\"@type\":\"ListItem\",\"position\":3,\"name\":\"Housse de Matelas \u00e0 Langer Little Garden 80X50cm\"}]},{\"@type\":\"WebSite\",\"@id\":\"https:\\\/\\\/gloopbaby.com\\\/fr\\\/#website\",\"url\":\"https:\\\/\\\/gloopbaby.com\\\/fr\\\/\",\"name\":\"Gloop Baby\",\"description\":\"\",\"publisher\":{\"@id\":\"https:\\\/\\\/gloopbaby.com\\\/fr\\\/#organization\"},\"potentialAction\":[{\"@type\":\"SearchAction\",\"target\":{\"@type\":\"EntryPoint\",\"urlTemplate\":\"https:\\\/\\\/gloopbaby.com\\\/fr\\\/?s={search_term_string}\"},\"query-input\":{\"@type\":\"PropertyValueSpecification\",\"valueRequired\":true,\"valueName\":\"search_term_string\"}}],\"inLanguage\":\"fr-FR\"},{\"@type\":\"Organization\",\"@id\":\"https:\\\/\\\/gloopbaby.com\\\/fr\\\/#organization\",\"name\":\"Gloop Baby\",\"url\":\"https:\\\/\\\/gloopbaby.com\\\/fr\\\/\",\"logo\":{\"@type\":\"ImageObject\",\"inLanguage\":\"fr-FR\",\"@id\":\"https:\\\/\\\/gloopbaby.com\\\/fr\\\/#\\\/schema\\\/logo\\\/image\\\/\",\"url\":\"https:\\\/\\\/gloopbaby.com\\\/wp-content\\\/uploads\\\/2023\\\/06\\\/gloop-logo.svg\",\"contentUrl\":\"https:\\\/\\\/gloopbaby.com\\\/wp-content\\\/uploads\\\/2023\\\/06\\\/gloop-logo.svg\",\"width\":100,\"height\":100,\"caption\":\"Gloop Baby\"},\"image\":{\"@id\":\"https:\\\/\\\/gloopbaby.com\\\/fr\\\/#\\\/schema\\\/logo\\\/image\\\/\"}}]}<\/script>\n<!-- \/ Yoast SEO plugin. -->","yoast_head_json":{"title":"Housse de Matelas \u00e0 Langer Little Garden 80X50cm - Gloop Baby","robots":{"index":"index","follow":"follow","max-snippet":"max-snippet:-1","max-image-preview":"max-image-preview:large","max-video-preview":"max-video-preview:-1"},"canonical":"https:\/\/gloopbaby.com\/fr\/produit\/collections-fr\/little-garden-fr\/housse-de-matelas-a-langer-sleepy-80x50cm-copia\/","og_locale":"fr_FR","og_type":"article","og_title":"Housse de Matelas \u00e0 Langer Little Garden 80X50cm - Gloop Baby","og_description":"La housse de matelas \u00e0 langer en coton bio gloop! 80x50cm est pratique, confortable et \u00e9cologique. Gr\u00e2ce \u00e0 ses \u00e9lastiques aux quatre coins, elle s'adapte facilement \u00e0 la plupart des matelas \u00e0 langer du march\u00e9, assurant un maintien parfait. Compos\u00e9e de 3 couches de tissu et d'un rembourrage, elle offre un toucher doux et moelleux [&hellip;]","og_url":"https:\/\/gloopbaby.com\/fr\/produit\/collections-fr\/little-garden-fr\/housse-de-matelas-a-langer-sleepy-80x50cm-copia\/","og_site_name":"Gloop Baby","article_modified_time":"2026-04-14T11:12:10+00:00","og_image":[{"width":600,"height":900,"url":"https:\/\/gloopbaby.com\/wp-content\/uploads\/2025\/10\/capa-muda-fraldas-little-garden-3.jpg","type":"image\/jpeg"}],"twitter_card":"summary_large_image","twitter_misc":{"Dur\u00e9e de lecture estim\u00e9e":"1 minute"},"schema":{"@context":"https:\/\/schema.org","@graph":[{"@type":"WebPage","@id":"https:\/\/gloopbaby.com\/fr\/produit\/collections-fr\/little-garden-fr\/housse-de-matelas-a-langer-sleepy-80x50cm-copia\/","url":"https:\/\/gloopbaby.com\/fr\/produit\/collections-fr\/little-garden-fr\/housse-de-matelas-a-langer-sleepy-80x50cm-copia\/","name":"Housse de Matelas \u00e0 Langer Little Garden 80X50cm - Gloop Baby","isPartOf":{"@id":"https:\/\/gloopbaby.com\/fr\/#website"},"primaryImageOfPage":{"@id":"https:\/\/gloopbaby.com\/fr\/produit\/collections-fr\/little-garden-fr\/housse-de-matelas-a-langer-sleepy-80x50cm-copia\/#primaryimage"},"image":{"@id":"https:\/\/gloopbaby.com\/fr\/produit\/collections-fr\/little-garden-fr\/housse-de-matelas-a-langer-sleepy-80x50cm-copia\/#primaryimage"},"thumbnailUrl":"https:\/\/gloopbaby.com\/wp-content\/uploads\/2025\/10\/capa-muda-fraldas-little-garden-3.jpg","datePublished":"2025-10-23T13:37:44+00:00","dateModified":"2026-04-14T11:12:10+00:00","breadcrumb":{"@id":"https:\/\/gloopbaby.com\/fr\/produit\/collections-fr\/little-garden-fr\/housse-de-matelas-a-langer-sleepy-80x50cm-copia\/#breadcrumb"},"inLanguage":"fr-FR","potentialAction":[{"@type":"ReadAction","target":["https:\/\/gloopbaby.com\/fr\/produit\/collections-fr\/little-garden-fr\/housse-de-matelas-a-langer-sleepy-80x50cm-copia\/"]}]},{"@type":"ImageObject","inLanguage":"fr-FR","@id":"https:\/\/gloopbaby.com\/fr\/produit\/collections-fr\/little-garden-fr\/housse-de-matelas-a-langer-sleepy-80x50cm-copia\/#primaryimage","url":"https:\/\/gloopbaby.com\/wp-content\/uploads\/2025\/10\/capa-muda-fraldas-little-garden-3.jpg","contentUrl":"https:\/\/gloopbaby.com\/wp-content\/uploads\/2025\/10\/capa-muda-fraldas-little-garden-3.jpg","width":600,"height":900},{"@type":"BreadcrumbList","@id":"https:\/\/gloopbaby.com\/fr\/produit\/collections-fr\/little-garden-fr\/housse-de-matelas-a-langer-sleepy-80x50cm-copia\/#breadcrumb","itemListElement":[{"@type":"ListItem","position":1,"name":"In\u00edcio","item":"https:\/\/gloopbaby.com\/fr\/"},{"@type":"ListItem","position":2,"name":"Shop","item":"https:\/\/gloopbaby.com\/loja\/"},{"@type":"ListItem","position":3,"name":"Housse de Matelas \u00e0 Langer Little Garden 80X50cm"}]},{"@type":"WebSite","@id":"https:\/\/gloopbaby.com\/fr\/#website","url":"https:\/\/gloopbaby.com\/fr\/","name":"Gloop Baby","description":"","publisher":{"@id":"https:\/\/gloopbaby.com\/fr\/#organization"},"potentialAction":[{"@type":"SearchAction","target":{"@type":"EntryPoint","urlTemplate":"https:\/\/gloopbaby.com\/fr\/?s={search_term_string}"},"query-input":{"@type":"PropertyValueSpecification","valueRequired":true,"valueName":"search_term_string"}}],"inLanguage":"fr-FR"},{"@type":"Organization","@id":"https:\/\/gloopbaby.com\/fr\/#organization","name":"Gloop Baby","url":"https:\/\/gloopbaby.com\/fr\/","logo":{"@type":"ImageObject","inLanguage":"fr-FR","@id":"https:\/\/gloopbaby.com\/fr\/#\/schema\/logo\/image\/","url":"https:\/\/gloopbaby.com\/wp-content\/uploads\/2023\/06\/gloop-logo.svg","contentUrl":"https:\/\/gloopbaby.com\/wp-content\/uploads\/2023\/06\/gloop-logo.svg","width":100,"height":100,"caption":"Gloop Baby"},"image":{"@id":"https:\/\/gloopbaby.com\/fr\/#\/schema\/logo\/image\/"}}]}},"_links":{"self":[{"href":"https:\/\/gloopbaby.com\/fr\/wp-json\/wp\/v2\/product\/139194","targetHints":{"allow":["GET"]}}],"collection":[{"href":"https:\/\/gloopbaby.com\/fr\/wp-json\/wp\/v2\/product"}],"about":[{"href":"https:\/\/gloopbaby.com\/fr\/wp-json\/wp\/v2\/types\/product"}],"replies":[{"embeddable":true,"href":"https:\/\/gloopbaby.com\/fr\/wp-json\/wp\/v2\/comments?post=139194"}],"wp:featuredmedia":[{"embeddable":true,"href":"https:\/\/gloopbaby.com\/fr\/wp-json\/wp\/v2\/media\/141067"}],"wp:attachment":[{"href":"https:\/\/gloopbaby.com\/fr\/wp-json\/wp\/v2\/media?parent=139194"}],"wp:term":[{"taxonomy":"product_brand","embeddable":true,"href":"https:\/\/gloopbaby.com\/fr\/wp-json\/wp\/v2\/product_brand?post=139194"},{"taxonomy":"product_cat","embeddable":true,"href":"https:\/\/gloopbaby.com\/fr\/wp-json\/wp\/v2\/product_cat?post=139194"},{"taxonomy":"product_tag","embeddable":true,"href":"https:\/\/gloopbaby.com\/fr\/wp-json\/wp\/v2\/product_tag?post=139194"}],"curies":[{"name":"wp","href":"https:\/\/api.w.org\/{rel}","templated":true}]}}