{"id":139132,"date":"2025-10-23T08:55:56","date_gmt":"2025-10-23T08:55:56","guid":{"rendered":"https:\/\/gloopbaby.com\/?post_type=product&#038;p=139132"},"modified":"2026-04-14T09:47:44","modified_gmt":"2026-04-14T09:47:44","slug":"tapis-de-jeu-sleepy-copia-2","status":"publish","type":"product","link":"https:\/\/gloopbaby.com\/fr\/produit\/collections-fr\/little-garden-fr\/tapis-de-jeu-sleepy-copia-2\/","title":{"rendered":"Tapis de Jeu Little Garden"},"content":{"rendered":"<pre id=\"tw-target-text\" class=\"tw-data-text tw-text-large tw-ta\" dir=\"ltr\" tabindex=\"-1\" role=\"text\" data-placeholder=\"Tradu\u00e7\u00e3o\" data-ved=\"2ahUKEwjMpOH17uyTAxW_9wIHHYLCBfcQ3ewLegQIDBAV\" aria-label=\"Texto traduzido: Le tapis d'\u00e9veil Gloop! est id\u00e9al pour stimuler le d\u00e9veloppement de votre b\u00e9b\u00e9 en toute s\u00e9curit\u00e9 et confort. Parfait pour jouer, explorer ou faire la sieste, il s'adapte \u00e0 toutes les pi\u00e8ces de la maison.\r\n\r\nFabriqu\u00e9 au Portugal en coton 100 % biologique certifi\u00e9, ce tapis de 100 x 100 cm offre une douceur et une qualit\u00e9 exceptionnelles.\r\n\r\nCaract\u00e9ristiques principales :\r\n\r\nDimensions : 100 x 100 cm\r\nExt\u00e9rieur en coton biologique certifi\u00e9\r\n\r\nInt\u00e9rieur doux et confortable en polyester\r\n\r\nFabriqu\u00e9 au Portugal\r\n\r\nAvec son design moderne et neutre, il s'int\u00e8gre \u00e0 tous les int\u00e9rieurs. Un choix s\u00fbr, \u00e9cologique et \u00e9l\u00e9gant pour votre b\u00e9b\u00e9.\"><span class=\"Y2IQFc\" lang=\"fr\">Le Tapis de Jeu gloop! est id\u00e9al pour stimuler le d\u00e9veloppement de votre b\u00e9b\u00e9 en toute s\u00e9curit\u00e9 et confort. Parfait pour jouer, explorer ou faire la sieste, il s'adapte \u00e0 toutes les pi\u00e8ces de la maison.\r\n\r\nFabriqu\u00e9 au Portugal en coton 100% biologique certifi\u00e9, ce tapis de 100x100cm offre une douceur et une qualit\u00e9 exceptionnelles.\r\n\r\n<strong>Caract\u00e9ristiques principales:<\/strong>\r\n\r\nDimensions: 100x100cm\r\nExt\u00e9rieur en coton biologique certifi\u00e9\r\n\r\nInt\u00e9rieur doux et confortable en 100% polyester\r\n\r\nFabriqu\u00e9 au Portugal\r\n\r\nAvec son design moderne et neutre, il s'int\u00e8gre \u00e0 tous les int\u00e9rieurs. Un choix s\u00fbr, \u00e9cologique et \u00e9l\u00e9gant pour votre b\u00e9b\u00e9.<\/span><\/pre>\n","protected":false},"excerpt":{"rendered":"<p>Le Tapis de Jeu gloop! est id\u00e9al pour stimuler le d\u00e9veloppement de votre b\u00e9b\u00e9 en toute s\u00e9curit\u00e9 et confort. Parfait pour jouer, explorer ou faire la sieste, il s&rsquo;adapte \u00e0 toutes les pi\u00e8ces de la maison. Fabriqu\u00e9 au Portugal en coton 100% biologique certifi\u00e9, ce tapis de 100x100cm offre une douceur et une qualit\u00e9 exceptionnelles. [&hellip;]<\/p>\n","protected":false},"featured_media":141192,"comment_status":"closed","ping_status":"closed","template":"","meta":{"_acf_changed":false},"product_brand":[],"product_cat":[1582,1478,1942,1540],"product_tag":[],"class_list":{"0":"post-139132","1":"product","2":"type-product","3":"status-publish","4":"has-post-thumbnail","6":"product_cat-collections-fr","7":"product_cat-home-and-sleep-fr","8":"product_cat-little-garden-fr","9":"product_cat-tapis-de-jeu-fr","11":"first","12":"instock","13":"taxable","14":"shipping-taxable","15":"purchasable","16":"product-type-simple"},"acf":[],"yoast_head":"<!-- This site is optimized with the Yoast SEO plugin v27.6 - https:\/\/yoast.com\/product\/yoast-seo-wordpress\/ -->\n<title>Tapis de Jeu Little Garden - Gloop Baby<\/title>\n<meta name=\"robots\" content=\"index, follow, max-snippet:-1, max-image-preview:large, max-video-preview:-1\" \/>\n<link rel=\"canonical\" href=\"https:\/\/gloopbaby.com\/fr\/produit\/collections-fr\/little-garden-fr\/tapis-de-jeu-sleepy-copia-2\/\" \/>\n<meta property=\"og:locale\" content=\"fr_FR\" \/>\n<meta property=\"og:type\" content=\"article\" \/>\n<meta property=\"og:title\" content=\"Tapis de Jeu Little Garden - Gloop Baby\" \/>\n<meta property=\"og:description\" content=\"Le Tapis de Jeu gloop! est id\u00e9al pour stimuler le d\u00e9veloppement de votre b\u00e9b\u00e9 en toute s\u00e9curit\u00e9 et confort. Parfait pour jouer, explorer ou faire la sieste, il s&#039;adapte \u00e0 toutes les pi\u00e8ces de la maison. Fabriqu\u00e9 au Portugal en coton 100% biologique certifi\u00e9, ce tapis de 100x100cm offre une douceur et une qualit\u00e9 exceptionnelles. [&hellip;]\" \/>\n<meta property=\"og:url\" content=\"https:\/\/gloopbaby.com\/fr\/produit\/collections-fr\/little-garden-fr\/tapis-de-jeu-sleepy-copia-2\/\" \/>\n<meta property=\"og:site_name\" content=\"Gloop Baby\" \/>\n<meta property=\"article:modified_time\" content=\"2026-04-14T09:47:44+00:00\" \/>\n<meta property=\"og:image\" content=\"https:\/\/gloopbaby.com\/wp-content\/uploads\/2025\/10\/tapete-little-garden-2.jpg\" \/>\n\t<meta property=\"og:image:width\" content=\"600\" \/>\n\t<meta property=\"og:image:height\" content=\"900\" \/>\n\t<meta property=\"og:image:type\" content=\"image\/jpeg\" \/>\n<meta name=\"twitter:card\" content=\"summary_large_image\" \/>\n<meta name=\"twitter:label1\" content=\"Dur\u00e9e de lecture estim\u00e9e\" \/>\n\t<meta name=\"twitter:data1\" content=\"1 minute\" \/>\n<script type=\"application\/ld+json\" class=\"yoast-schema-graph\">{\"@context\":\"https:\\\/\\\/schema.org\",\"@graph\":[{\"@type\":\"WebPage\",\"@id\":\"https:\\\/\\\/gloopbaby.com\\\/fr\\\/produit\\\/collections-fr\\\/little-garden-fr\\\/tapis-de-jeu-sleepy-copia-2\\\/\",\"url\":\"https:\\\/\\\/gloopbaby.com\\\/fr\\\/produit\\\/collections-fr\\\/little-garden-fr\\\/tapis-de-jeu-sleepy-copia-2\\\/\",\"name\":\"Tapis de Jeu Little Garden - Gloop Baby\",\"isPartOf\":{\"@id\":\"https:\\\/\\\/gloopbaby.com\\\/fr\\\/#website\"},\"primaryImageOfPage\":{\"@id\":\"https:\\\/\\\/gloopbaby.com\\\/fr\\\/produit\\\/collections-fr\\\/little-garden-fr\\\/tapis-de-jeu-sleepy-copia-2\\\/#primaryimage\"},\"image\":{\"@id\":\"https:\\\/\\\/gloopbaby.com\\\/fr\\\/produit\\\/collections-fr\\\/little-garden-fr\\\/tapis-de-jeu-sleepy-copia-2\\\/#primaryimage\"},\"thumbnailUrl\":\"https:\\\/\\\/gloopbaby.com\\\/wp-content\\\/uploads\\\/2025\\\/10\\\/tapete-little-garden-2.jpg\",\"datePublished\":\"2025-10-23T08:55:56+00:00\",\"dateModified\":\"2026-04-14T09:47:44+00:00\",\"breadcrumb\":{\"@id\":\"https:\\\/\\\/gloopbaby.com\\\/fr\\\/produit\\\/collections-fr\\\/little-garden-fr\\\/tapis-de-jeu-sleepy-copia-2\\\/#breadcrumb\"},\"inLanguage\":\"fr-FR\",\"potentialAction\":[{\"@type\":\"ReadAction\",\"target\":[\"https:\\\/\\\/gloopbaby.com\\\/fr\\\/produit\\\/collections-fr\\\/little-garden-fr\\\/tapis-de-jeu-sleepy-copia-2\\\/\"]}]},{\"@type\":\"ImageObject\",\"inLanguage\":\"fr-FR\",\"@id\":\"https:\\\/\\\/gloopbaby.com\\\/fr\\\/produit\\\/collections-fr\\\/little-garden-fr\\\/tapis-de-jeu-sleepy-copia-2\\\/#primaryimage\",\"url\":\"https:\\\/\\\/gloopbaby.com\\\/wp-content\\\/uploads\\\/2025\\\/10\\\/tapete-little-garden-2.jpg\",\"contentUrl\":\"https:\\\/\\\/gloopbaby.com\\\/wp-content\\\/uploads\\\/2025\\\/10\\\/tapete-little-garden-2.jpg\",\"width\":600,\"height\":900},{\"@type\":\"BreadcrumbList\",\"@id\":\"https:\\\/\\\/gloopbaby.com\\\/fr\\\/produit\\\/collections-fr\\\/little-garden-fr\\\/tapis-de-jeu-sleepy-copia-2\\\/#breadcrumb\",\"itemListElement\":[{\"@type\":\"ListItem\",\"position\":1,\"name\":\"In\u00edcio\",\"item\":\"https:\\\/\\\/gloopbaby.com\\\/fr\\\/\"},{\"@type\":\"ListItem\",\"position\":2,\"name\":\"Shop\",\"item\":\"https:\\\/\\\/gloopbaby.com\\\/loja\\\/\"},{\"@type\":\"ListItem\",\"position\":3,\"name\":\"Tapis de Jeu Little Garden\"}]},{\"@type\":\"WebSite\",\"@id\":\"https:\\\/\\\/gloopbaby.com\\\/fr\\\/#website\",\"url\":\"https:\\\/\\\/gloopbaby.com\\\/fr\\\/\",\"name\":\"Gloop Baby\",\"description\":\"\",\"publisher\":{\"@id\":\"https:\\\/\\\/gloopbaby.com\\\/fr\\\/#organization\"},\"potentialAction\":[{\"@type\":\"SearchAction\",\"target\":{\"@type\":\"EntryPoint\",\"urlTemplate\":\"https:\\\/\\\/gloopbaby.com\\\/fr\\\/?s={search_term_string}\"},\"query-input\":{\"@type\":\"PropertyValueSpecification\",\"valueRequired\":true,\"valueName\":\"search_term_string\"}}],\"inLanguage\":\"fr-FR\"},{\"@type\":\"Organization\",\"@id\":\"https:\\\/\\\/gloopbaby.com\\\/fr\\\/#organization\",\"name\":\"Gloop Baby\",\"url\":\"https:\\\/\\\/gloopbaby.com\\\/fr\\\/\",\"logo\":{\"@type\":\"ImageObject\",\"inLanguage\":\"fr-FR\",\"@id\":\"https:\\\/\\\/gloopbaby.com\\\/fr\\\/#\\\/schema\\\/logo\\\/image\\\/\",\"url\":\"https:\\\/\\\/gloopbaby.com\\\/wp-content\\\/uploads\\\/2023\\\/06\\\/gloop-logo.svg\",\"contentUrl\":\"https:\\\/\\\/gloopbaby.com\\\/wp-content\\\/uploads\\\/2023\\\/06\\\/gloop-logo.svg\",\"width\":100,\"height\":100,\"caption\":\"Gloop Baby\"},\"image\":{\"@id\":\"https:\\\/\\\/gloopbaby.com\\\/fr\\\/#\\\/schema\\\/logo\\\/image\\\/\"}}]}<\/script>\n<!-- \/ Yoast SEO plugin. -->","yoast_head_json":{"title":"Tapis de Jeu Little Garden - Gloop Baby","robots":{"index":"index","follow":"follow","max-snippet":"max-snippet:-1","max-image-preview":"max-image-preview:large","max-video-preview":"max-video-preview:-1"},"canonical":"https:\/\/gloopbaby.com\/fr\/produit\/collections-fr\/little-garden-fr\/tapis-de-jeu-sleepy-copia-2\/","og_locale":"fr_FR","og_type":"article","og_title":"Tapis de Jeu Little Garden - Gloop Baby","og_description":"Le Tapis de Jeu gloop! est id\u00e9al pour stimuler le d\u00e9veloppement de votre b\u00e9b\u00e9 en toute s\u00e9curit\u00e9 et confort. Parfait pour jouer, explorer ou faire la sieste, il s'adapte \u00e0 toutes les pi\u00e8ces de la maison. Fabriqu\u00e9 au Portugal en coton 100% biologique certifi\u00e9, ce tapis de 100x100cm offre une douceur et une qualit\u00e9 exceptionnelles. [&hellip;]","og_url":"https:\/\/gloopbaby.com\/fr\/produit\/collections-fr\/little-garden-fr\/tapis-de-jeu-sleepy-copia-2\/","og_site_name":"Gloop Baby","article_modified_time":"2026-04-14T09:47:44+00:00","og_image":[{"width":600,"height":900,"url":"https:\/\/gloopbaby.com\/wp-content\/uploads\/2025\/10\/tapete-little-garden-2.jpg","type":"image\/jpeg"}],"twitter_card":"summary_large_image","twitter_misc":{"Dur\u00e9e de lecture estim\u00e9e":"1 minute"},"schema":{"@context":"https:\/\/schema.org","@graph":[{"@type":"WebPage","@id":"https:\/\/gloopbaby.com\/fr\/produit\/collections-fr\/little-garden-fr\/tapis-de-jeu-sleepy-copia-2\/","url":"https:\/\/gloopbaby.com\/fr\/produit\/collections-fr\/little-garden-fr\/tapis-de-jeu-sleepy-copia-2\/","name":"Tapis de Jeu Little Garden - Gloop Baby","isPartOf":{"@id":"https:\/\/gloopbaby.com\/fr\/#website"},"primaryImageOfPage":{"@id":"https:\/\/gloopbaby.com\/fr\/produit\/collections-fr\/little-garden-fr\/tapis-de-jeu-sleepy-copia-2\/#primaryimage"},"image":{"@id":"https:\/\/gloopbaby.com\/fr\/produit\/collections-fr\/little-garden-fr\/tapis-de-jeu-sleepy-copia-2\/#primaryimage"},"thumbnailUrl":"https:\/\/gloopbaby.com\/wp-content\/uploads\/2025\/10\/tapete-little-garden-2.jpg","datePublished":"2025-10-23T08:55:56+00:00","dateModified":"2026-04-14T09:47:44+00:00","breadcrumb":{"@id":"https:\/\/gloopbaby.com\/fr\/produit\/collections-fr\/little-garden-fr\/tapis-de-jeu-sleepy-copia-2\/#breadcrumb"},"inLanguage":"fr-FR","potentialAction":[{"@type":"ReadAction","target":["https:\/\/gloopbaby.com\/fr\/produit\/collections-fr\/little-garden-fr\/tapis-de-jeu-sleepy-copia-2\/"]}]},{"@type":"ImageObject","inLanguage":"fr-FR","@id":"https:\/\/gloopbaby.com\/fr\/produit\/collections-fr\/little-garden-fr\/tapis-de-jeu-sleepy-copia-2\/#primaryimage","url":"https:\/\/gloopbaby.com\/wp-content\/uploads\/2025\/10\/tapete-little-garden-2.jpg","contentUrl":"https:\/\/gloopbaby.com\/wp-content\/uploads\/2025\/10\/tapete-little-garden-2.jpg","width":600,"height":900},{"@type":"BreadcrumbList","@id":"https:\/\/gloopbaby.com\/fr\/produit\/collections-fr\/little-garden-fr\/tapis-de-jeu-sleepy-copia-2\/#breadcrumb","itemListElement":[{"@type":"ListItem","position":1,"name":"In\u00edcio","item":"https:\/\/gloopbaby.com\/fr\/"},{"@type":"ListItem","position":2,"name":"Shop","item":"https:\/\/gloopbaby.com\/loja\/"},{"@type":"ListItem","position":3,"name":"Tapis de Jeu Little Garden"}]},{"@type":"WebSite","@id":"https:\/\/gloopbaby.com\/fr\/#website","url":"https:\/\/gloopbaby.com\/fr\/","name":"Gloop Baby","description":"","publisher":{"@id":"https:\/\/gloopbaby.com\/fr\/#organization"},"potentialAction":[{"@type":"SearchAction","target":{"@type":"EntryPoint","urlTemplate":"https:\/\/gloopbaby.com\/fr\/?s={search_term_string}"},"query-input":{"@type":"PropertyValueSpecification","valueRequired":true,"valueName":"search_term_string"}}],"inLanguage":"fr-FR"},{"@type":"Organization","@id":"https:\/\/gloopbaby.com\/fr\/#organization","name":"Gloop Baby","url":"https:\/\/gloopbaby.com\/fr\/","logo":{"@type":"ImageObject","inLanguage":"fr-FR","@id":"https:\/\/gloopbaby.com\/fr\/#\/schema\/logo\/image\/","url":"https:\/\/gloopbaby.com\/wp-content\/uploads\/2023\/06\/gloop-logo.svg","contentUrl":"https:\/\/gloopbaby.com\/wp-content\/uploads\/2023\/06\/gloop-logo.svg","width":100,"height":100,"caption":"Gloop Baby"},"image":{"@id":"https:\/\/gloopbaby.com\/fr\/#\/schema\/logo\/image\/"}}]}},"_links":{"self":[{"href":"https:\/\/gloopbaby.com\/fr\/wp-json\/wp\/v2\/product\/139132","targetHints":{"allow":["GET"]}}],"collection":[{"href":"https:\/\/gloopbaby.com\/fr\/wp-json\/wp\/v2\/product"}],"about":[{"href":"https:\/\/gloopbaby.com\/fr\/wp-json\/wp\/v2\/types\/product"}],"replies":[{"embeddable":true,"href":"https:\/\/gloopbaby.com\/fr\/wp-json\/wp\/v2\/comments?post=139132"}],"wp:featuredmedia":[{"embeddable":true,"href":"https:\/\/gloopbaby.com\/fr\/wp-json\/wp\/v2\/media\/141192"}],"wp:attachment":[{"href":"https:\/\/gloopbaby.com\/fr\/wp-json\/wp\/v2\/media?parent=139132"}],"wp:term":[{"taxonomy":"product_brand","embeddable":true,"href":"https:\/\/gloopbaby.com\/fr\/wp-json\/wp\/v2\/product_brand?post=139132"},{"taxonomy":"product_cat","embeddable":true,"href":"https:\/\/gloopbaby.com\/fr\/wp-json\/wp\/v2\/product_cat?post=139132"},{"taxonomy":"product_tag","embeddable":true,"href":"https:\/\/gloopbaby.com\/fr\/wp-json\/wp\/v2\/product_tag?post=139132"}],"curies":[{"name":"wp","href":"https:\/\/api.w.org\/{rel}","templated":true}]}}