{"id":139076,"date":"2025-10-22T15:32:31","date_gmt":"2025-10-22T15:32:31","guid":{"rendered":"https:\/\/gloopbaby.com\/?post_type=product&#038;p=139076"},"modified":"2025-12-03T08:31:55","modified_gmt":"2025-12-03T08:31:55","slug":"gigoteuse-dete-sleepy-6-24-mois-copia","status":"publish","type":"product","link":"https:\/\/gloopbaby.com\/fr\/produit\/collections-fr\/little-garden-fr\/gigoteuse-dete-sleepy-6-24-mois-copia\/","title":{"rendered":"Gigoteuse d&rsquo;\u00e9t\u00e9 Little Garden 6-24 mois"},"content":{"rendered":"<p>Fra\u00eeche et douillette, notre gigoteuse d&rsquo;\u00e9t\u00e9 permet un sommeil calme et douillet \u00e0 b\u00e9b\u00e9. Enti\u00e8rement en coton bio, douce et rembour\u00e9e, elle dispose de deux boutons pressions et d\u2019une large fermeture \u00e9claire qui vous aideront \u00e0 y glisser votre nouveau n\u00e9. Certifi\u00e9s 100% Bio et \u00e9cologique et fabriqu\u00e9s au Portugal nos produits sont non allerg\u00e8nes et sans m\u00e9taux lourds. Taille: 100x45cm | TOG 0.5<\/p>\n","protected":false},"excerpt":{"rendered":"<p>Fra\u00eeche et douillette, notre gigoteuse d&rsquo;\u00e9t\u00e9 permet un sommeil calme et douillet \u00e0 b\u00e9b\u00e9. Enti\u00e8rement en coton bio, douce et rembour\u00e9e, elle dispose de deux boutons pressions et d\u2019une large fermeture \u00e9claire qui vous aideront \u00e0 y glisser votre nouveau n\u00e9. Certifi\u00e9s 100% Bio et \u00e9cologique et fabriqu\u00e9s au Portugal nos produits sont non allerg\u00e8nes [&hellip;]<\/p>\n","protected":false},"featured_media":141232,"comment_status":"closed","ping_status":"closed","template":"","meta":{"_acf_changed":false},"product_brand":[],"product_cat":[1582,1479,1481,1480,1478,1942],"product_tag":[],"class_list":{"0":"post-139076","1":"product","2":"type-product","3":"status-publish","4":"has-post-thumbnail","6":"product_cat-collections-fr","7":"product_cat-gigoteuse-fr","8":"product_cat-gigoteuse-6-24m","9":"product_cat-gigoteuse-dete-fr","10":"product_cat-home-and-sleep-fr","11":"product_cat-little-garden-fr","13":"first","14":"instock","15":"taxable","16":"shipping-taxable","17":"purchasable","18":"product-type-simple"},"acf":[],"yoast_head":"<!-- This site is optimized with the Yoast SEO plugin v27.3 - https:\/\/yoast.com\/product\/yoast-seo-wordpress\/ -->\n<title>Gigoteuse d&#039;\u00e9t\u00e9 Little Garden 6-24 mois - Gloop Baby<\/title>\n<meta name=\"robots\" content=\"index, follow, max-snippet:-1, max-image-preview:large, max-video-preview:-1\" \/>\n<link rel=\"canonical\" href=\"https:\/\/gloopbaby.com\/fr\/produit\/collections-fr\/little-garden-fr\/gigoteuse-dete-sleepy-6-24-mois-copia\/\" \/>\n<meta property=\"og:locale\" content=\"fr_FR\" \/>\n<meta property=\"og:type\" content=\"article\" \/>\n<meta property=\"og:title\" content=\"Gigoteuse d&#039;\u00e9t\u00e9 Little Garden 6-24 mois - Gloop Baby\" \/>\n<meta property=\"og:description\" content=\"Fra\u00eeche et douillette, notre gigoteuse d&rsquo;\u00e9t\u00e9 permet un sommeil calme et douillet \u00e0 b\u00e9b\u00e9. Enti\u00e8rement en coton bio, douce et rembour\u00e9e, elle dispose de deux boutons pressions et d\u2019une large fermeture \u00e9claire qui vous aideront \u00e0 y glisser votre nouveau n\u00e9. Certifi\u00e9s 100% Bio et \u00e9cologique et fabriqu\u00e9s au Portugal nos produits sont non allerg\u00e8nes [&hellip;]\" \/>\n<meta property=\"og:url\" content=\"https:\/\/gloopbaby.com\/fr\/produit\/collections-fr\/little-garden-fr\/gigoteuse-dete-sleepy-6-24-mois-copia\/\" \/>\n<meta property=\"og:site_name\" content=\"Gloop Baby\" \/>\n<meta property=\"article:modified_time\" content=\"2025-12-03T08:31:55+00:00\" \/>\n<meta property=\"og:image\" content=\"https:\/\/gloopbaby.com\/wp-content\/uploads\/2025\/10\/saco-dormir-verao-little-garden.jpg\" \/>\n\t<meta property=\"og:image:width\" content=\"600\" \/>\n\t<meta property=\"og:image:height\" content=\"900\" \/>\n\t<meta property=\"og:image:type\" content=\"image\/jpeg\" \/>\n<meta name=\"twitter:card\" content=\"summary_large_image\" \/>\n<meta name=\"twitter:label1\" content=\"Dur\u00e9e de lecture estim\u00e9e\" \/>\n\t<meta name=\"twitter:data1\" content=\"1 minute\" \/>\n<script type=\"application\/ld+json\" class=\"yoast-schema-graph\">{\"@context\":\"https:\\\/\\\/schema.org\",\"@graph\":[{\"@type\":\"WebPage\",\"@id\":\"https:\\\/\\\/gloopbaby.com\\\/fr\\\/produit\\\/collections-fr\\\/little-garden-fr\\\/gigoteuse-dete-sleepy-6-24-mois-copia\\\/\",\"url\":\"https:\\\/\\\/gloopbaby.com\\\/fr\\\/produit\\\/collections-fr\\\/little-garden-fr\\\/gigoteuse-dete-sleepy-6-24-mois-copia\\\/\",\"name\":\"Gigoteuse d'\u00e9t\u00e9 Little Garden 6-24 mois - Gloop Baby\",\"isPartOf\":{\"@id\":\"https:\\\/\\\/gloopbaby.com\\\/fr\\\/#website\"},\"primaryImageOfPage\":{\"@id\":\"https:\\\/\\\/gloopbaby.com\\\/fr\\\/produit\\\/collections-fr\\\/little-garden-fr\\\/gigoteuse-dete-sleepy-6-24-mois-copia\\\/#primaryimage\"},\"image\":{\"@id\":\"https:\\\/\\\/gloopbaby.com\\\/fr\\\/produit\\\/collections-fr\\\/little-garden-fr\\\/gigoteuse-dete-sleepy-6-24-mois-copia\\\/#primaryimage\"},\"thumbnailUrl\":\"https:\\\/\\\/gloopbaby.com\\\/wp-content\\\/uploads\\\/2025\\\/10\\\/saco-dormir-verao-little-garden.jpg\",\"datePublished\":\"2025-10-22T15:32:31+00:00\",\"dateModified\":\"2025-12-03T08:31:55+00:00\",\"breadcrumb\":{\"@id\":\"https:\\\/\\\/gloopbaby.com\\\/fr\\\/produit\\\/collections-fr\\\/little-garden-fr\\\/gigoteuse-dete-sleepy-6-24-mois-copia\\\/#breadcrumb\"},\"inLanguage\":\"fr-FR\",\"potentialAction\":[{\"@type\":\"ReadAction\",\"target\":[\"https:\\\/\\\/gloopbaby.com\\\/fr\\\/produit\\\/collections-fr\\\/little-garden-fr\\\/gigoteuse-dete-sleepy-6-24-mois-copia\\\/\"]}]},{\"@type\":\"ImageObject\",\"inLanguage\":\"fr-FR\",\"@id\":\"https:\\\/\\\/gloopbaby.com\\\/fr\\\/produit\\\/collections-fr\\\/little-garden-fr\\\/gigoteuse-dete-sleepy-6-24-mois-copia\\\/#primaryimage\",\"url\":\"https:\\\/\\\/gloopbaby.com\\\/wp-content\\\/uploads\\\/2025\\\/10\\\/saco-dormir-verao-little-garden.jpg\",\"contentUrl\":\"https:\\\/\\\/gloopbaby.com\\\/wp-content\\\/uploads\\\/2025\\\/10\\\/saco-dormir-verao-little-garden.jpg\",\"width\":600,\"height\":900},{\"@type\":\"BreadcrumbList\",\"@id\":\"https:\\\/\\\/gloopbaby.com\\\/fr\\\/produit\\\/collections-fr\\\/little-garden-fr\\\/gigoteuse-dete-sleepy-6-24-mois-copia\\\/#breadcrumb\",\"itemListElement\":[{\"@type\":\"ListItem\",\"position\":1,\"name\":\"In\u00edcio\",\"item\":\"https:\\\/\\\/gloopbaby.com\\\/fr\\\/\"},{\"@type\":\"ListItem\",\"position\":2,\"name\":\"Shop\",\"item\":\"https:\\\/\\\/gloopbaby.com\\\/loja\\\/\"},{\"@type\":\"ListItem\",\"position\":3,\"name\":\"Gigoteuse d&#8217;\u00e9t\u00e9 Little Garden 6-24 mois\"}]},{\"@type\":\"WebSite\",\"@id\":\"https:\\\/\\\/gloopbaby.com\\\/fr\\\/#website\",\"url\":\"https:\\\/\\\/gloopbaby.com\\\/fr\\\/\",\"name\":\"Gloop Baby\",\"description\":\"\",\"publisher\":{\"@id\":\"https:\\\/\\\/gloopbaby.com\\\/fr\\\/#organization\"},\"potentialAction\":[{\"@type\":\"SearchAction\",\"target\":{\"@type\":\"EntryPoint\",\"urlTemplate\":\"https:\\\/\\\/gloopbaby.com\\\/fr\\\/?s={search_term_string}\"},\"query-input\":{\"@type\":\"PropertyValueSpecification\",\"valueRequired\":true,\"valueName\":\"search_term_string\"}}],\"inLanguage\":\"fr-FR\"},{\"@type\":\"Organization\",\"@id\":\"https:\\\/\\\/gloopbaby.com\\\/fr\\\/#organization\",\"name\":\"Gloop Baby\",\"url\":\"https:\\\/\\\/gloopbaby.com\\\/fr\\\/\",\"logo\":{\"@type\":\"ImageObject\",\"inLanguage\":\"fr-FR\",\"@id\":\"https:\\\/\\\/gloopbaby.com\\\/fr\\\/#\\\/schema\\\/logo\\\/image\\\/\",\"url\":\"https:\\\/\\\/gloopbaby.com\\\/wp-content\\\/uploads\\\/2023\\\/06\\\/gloop-logo.svg\",\"contentUrl\":\"https:\\\/\\\/gloopbaby.com\\\/wp-content\\\/uploads\\\/2023\\\/06\\\/gloop-logo.svg\",\"width\":100,\"height\":100,\"caption\":\"Gloop Baby\"},\"image\":{\"@id\":\"https:\\\/\\\/gloopbaby.com\\\/fr\\\/#\\\/schema\\\/logo\\\/image\\\/\"}}]}<\/script>\n<!-- \/ Yoast SEO plugin. -->","yoast_head_json":{"title":"Gigoteuse d'\u00e9t\u00e9 Little Garden 6-24 mois - Gloop Baby","robots":{"index":"index","follow":"follow","max-snippet":"max-snippet:-1","max-image-preview":"max-image-preview:large","max-video-preview":"max-video-preview:-1"},"canonical":"https:\/\/gloopbaby.com\/fr\/produit\/collections-fr\/little-garden-fr\/gigoteuse-dete-sleepy-6-24-mois-copia\/","og_locale":"fr_FR","og_type":"article","og_title":"Gigoteuse d'\u00e9t\u00e9 Little Garden 6-24 mois - Gloop Baby","og_description":"Fra\u00eeche et douillette, notre gigoteuse d&rsquo;\u00e9t\u00e9 permet un sommeil calme et douillet \u00e0 b\u00e9b\u00e9. Enti\u00e8rement en coton bio, douce et rembour\u00e9e, elle dispose de deux boutons pressions et d\u2019une large fermeture \u00e9claire qui vous aideront \u00e0 y glisser votre nouveau n\u00e9. Certifi\u00e9s 100% Bio et \u00e9cologique et fabriqu\u00e9s au Portugal nos produits sont non allerg\u00e8nes [&hellip;]","og_url":"https:\/\/gloopbaby.com\/fr\/produit\/collections-fr\/little-garden-fr\/gigoteuse-dete-sleepy-6-24-mois-copia\/","og_site_name":"Gloop Baby","article_modified_time":"2025-12-03T08:31:55+00:00","og_image":[{"width":600,"height":900,"url":"https:\/\/gloopbaby.com\/wp-content\/uploads\/2025\/10\/saco-dormir-verao-little-garden.jpg","type":"image\/jpeg"}],"twitter_card":"summary_large_image","twitter_misc":{"Dur\u00e9e de lecture estim\u00e9e":"1 minute"},"schema":{"@context":"https:\/\/schema.org","@graph":[{"@type":"WebPage","@id":"https:\/\/gloopbaby.com\/fr\/produit\/collections-fr\/little-garden-fr\/gigoteuse-dete-sleepy-6-24-mois-copia\/","url":"https:\/\/gloopbaby.com\/fr\/produit\/collections-fr\/little-garden-fr\/gigoteuse-dete-sleepy-6-24-mois-copia\/","name":"Gigoteuse d'\u00e9t\u00e9 Little Garden 6-24 mois - Gloop Baby","isPartOf":{"@id":"https:\/\/gloopbaby.com\/fr\/#website"},"primaryImageOfPage":{"@id":"https:\/\/gloopbaby.com\/fr\/produit\/collections-fr\/little-garden-fr\/gigoteuse-dete-sleepy-6-24-mois-copia\/#primaryimage"},"image":{"@id":"https:\/\/gloopbaby.com\/fr\/produit\/collections-fr\/little-garden-fr\/gigoteuse-dete-sleepy-6-24-mois-copia\/#primaryimage"},"thumbnailUrl":"https:\/\/gloopbaby.com\/wp-content\/uploads\/2025\/10\/saco-dormir-verao-little-garden.jpg","datePublished":"2025-10-22T15:32:31+00:00","dateModified":"2025-12-03T08:31:55+00:00","breadcrumb":{"@id":"https:\/\/gloopbaby.com\/fr\/produit\/collections-fr\/little-garden-fr\/gigoteuse-dete-sleepy-6-24-mois-copia\/#breadcrumb"},"inLanguage":"fr-FR","potentialAction":[{"@type":"ReadAction","target":["https:\/\/gloopbaby.com\/fr\/produit\/collections-fr\/little-garden-fr\/gigoteuse-dete-sleepy-6-24-mois-copia\/"]}]},{"@type":"ImageObject","inLanguage":"fr-FR","@id":"https:\/\/gloopbaby.com\/fr\/produit\/collections-fr\/little-garden-fr\/gigoteuse-dete-sleepy-6-24-mois-copia\/#primaryimage","url":"https:\/\/gloopbaby.com\/wp-content\/uploads\/2025\/10\/saco-dormir-verao-little-garden.jpg","contentUrl":"https:\/\/gloopbaby.com\/wp-content\/uploads\/2025\/10\/saco-dormir-verao-little-garden.jpg","width":600,"height":900},{"@type":"BreadcrumbList","@id":"https:\/\/gloopbaby.com\/fr\/produit\/collections-fr\/little-garden-fr\/gigoteuse-dete-sleepy-6-24-mois-copia\/#breadcrumb","itemListElement":[{"@type":"ListItem","position":1,"name":"In\u00edcio","item":"https:\/\/gloopbaby.com\/fr\/"},{"@type":"ListItem","position":2,"name":"Shop","item":"https:\/\/gloopbaby.com\/loja\/"},{"@type":"ListItem","position":3,"name":"Gigoteuse d&#8217;\u00e9t\u00e9 Little Garden 6-24 mois"}]},{"@type":"WebSite","@id":"https:\/\/gloopbaby.com\/fr\/#website","url":"https:\/\/gloopbaby.com\/fr\/","name":"Gloop Baby","description":"","publisher":{"@id":"https:\/\/gloopbaby.com\/fr\/#organization"},"potentialAction":[{"@type":"SearchAction","target":{"@type":"EntryPoint","urlTemplate":"https:\/\/gloopbaby.com\/fr\/?s={search_term_string}"},"query-input":{"@type":"PropertyValueSpecification","valueRequired":true,"valueName":"search_term_string"}}],"inLanguage":"fr-FR"},{"@type":"Organization","@id":"https:\/\/gloopbaby.com\/fr\/#organization","name":"Gloop Baby","url":"https:\/\/gloopbaby.com\/fr\/","logo":{"@type":"ImageObject","inLanguage":"fr-FR","@id":"https:\/\/gloopbaby.com\/fr\/#\/schema\/logo\/image\/","url":"https:\/\/gloopbaby.com\/wp-content\/uploads\/2023\/06\/gloop-logo.svg","contentUrl":"https:\/\/gloopbaby.com\/wp-content\/uploads\/2023\/06\/gloop-logo.svg","width":100,"height":100,"caption":"Gloop Baby"},"image":{"@id":"https:\/\/gloopbaby.com\/fr\/#\/schema\/logo\/image\/"}}]}},"_links":{"self":[{"href":"https:\/\/gloopbaby.com\/fr\/wp-json\/wp\/v2\/product\/139076","targetHints":{"allow":["GET"]}}],"collection":[{"href":"https:\/\/gloopbaby.com\/fr\/wp-json\/wp\/v2\/product"}],"about":[{"href":"https:\/\/gloopbaby.com\/fr\/wp-json\/wp\/v2\/types\/product"}],"replies":[{"embeddable":true,"href":"https:\/\/gloopbaby.com\/fr\/wp-json\/wp\/v2\/comments?post=139076"}],"wp:featuredmedia":[{"embeddable":true,"href":"https:\/\/gloopbaby.com\/fr\/wp-json\/wp\/v2\/media\/141232"}],"wp:attachment":[{"href":"https:\/\/gloopbaby.com\/fr\/wp-json\/wp\/v2\/media?parent=139076"}],"wp:term":[{"taxonomy":"product_brand","embeddable":true,"href":"https:\/\/gloopbaby.com\/fr\/wp-json\/wp\/v2\/product_brand?post=139076"},{"taxonomy":"product_cat","embeddable":true,"href":"https:\/\/gloopbaby.com\/fr\/wp-json\/wp\/v2\/product_cat?post=139076"},{"taxonomy":"product_tag","embeddable":true,"href":"https:\/\/gloopbaby.com\/fr\/wp-json\/wp\/v2\/product_tag?post=139076"}],"curies":[{"name":"wp","href":"https:\/\/api.w.org\/{rel}","templated":true}]}}