{"id":139054,"date":"2025-10-22T14:50:44","date_gmt":"2025-10-22T14:50:44","guid":{"rendered":"https:\/\/gloopbaby.com\/?post_type=product&#038;p=139054"},"modified":"2026-04-13T11:01:57","modified_gmt":"2026-04-13T11:01:57","slug":"gigoteuse-dhiver-sleepy-0-3-mois-copia","status":"publish","type":"product","link":"https:\/\/gloopbaby.com\/fr\/produit\/collections-fr\/little-garden-fr\/gigoteuse-dhiver-sleepy-0-3-mois-copia\/","title":{"rendered":"Gigoteuse d&rsquo;hiver Little Garden 0-3 mois"},"content":{"rendered":"<pre id=\"tw-target-text\" class=\"tw-data-text tw-text-large tw-ta\" dir=\"ltr\" tabindex=\"-1\" role=\"text\" data-placeholder=\"Tradu\u00e7\u00e3o\" data-ved=\"2ahUKEwjxoaixvOqTAxWbP_sDHfEhA10Q3ewLegQIDBAV\" aria-label=\"Texto traduzido: La gigoteuse d'hiver gloop! offre \u00e0 votre b\u00e9b\u00e9 un sommeil chaud, s\u00fbr et douillet d\u00e8s ses premiers jours. Id\u00e9ale pour les berceaux et les lits, elle convient aux b\u00e9b\u00e9s de 0 \u00e0 3 mois.\r\n\r\nAvec un indice TOG de 2,0, elle assure une isolation thermique optimale pour les nuits froides, garantissant le confort de votre b\u00e9b\u00e9 sans avoir besoin de couvertures suppl\u00e9mentaires. Fabriqu\u00e9e en coton 100 % biologique certifi\u00e9 \u00e0 l'ext\u00e9rieur et en polyester doux \u00e0 l'int\u00e9rieur, elle assure douceur et respirabilit\u00e9.\r\n\r\nDimensions : 60 x 40 cm\r\nIndice TOG : 2,0\r\n\r\nCaract\u00e9ristiques principales :\r\n\r\nId\u00e9ale pour les b\u00e9b\u00e9s de 0 \u00e0 3 mois\r\n\r\nExt\u00e9rieur en coton biologique certifi\u00e9\r\n\r\nInt\u00e9rieur en polyester doux et confortable\r\n\r\nFermeture \u00e9clair pratique pour habiller et d\u00e9shabiller facilement\r\n\r\nFabriqu\u00e9e au Portugal\r\n\r\nOffrez \u00e0 votre b\u00e9b\u00e9 des nuits paisibles et confortables cet hiver.\"><span class=\"Y2IQFc\" lang=\"fr\">La gigoteuse d'hiver gloop! offre \u00e0 votre b\u00e9b\u00e9 un sommeil chaud, s\u00fbr et douillet d\u00e8s ses premiers jours. Id\u00e9ale pour les berceaux et les lits, elle convient aux b\u00e9b\u00e9s de 0 \u00e0 3 mois.\r\n\r\nAvec un indice TOG de 2.0, elle assure une isolation thermique optimale pour les nuits froides, garantissant le confort de votre b\u00e9b\u00e9 sans avoir besoin de couvertures suppl\u00e9mentaires. Fabriqu\u00e9e en coton 100% biologique certifi\u00e9 \u00e0 l'ext\u00e9rieur et en polyester doux \u00e0 l'int\u00e9rieur, elle assure douceur et respirabilit\u00e9.\r\n\r\nDimensions: 60x40cm\r\nTOG: 2.0\r\n\r\n<strong>Caract\u00e9ristiques principales:<\/strong>\r\n\r\nId\u00e9ale pour les b\u00e9b\u00e9s de 0 \u00e0 3 mois\r\n\r\nExt\u00e9rieur en coton biologique certifi\u00e9\r\n\r\nInt\u00e9rieur en polyester doux et confortable\r\n\r\nFermeture \u00e9clair pratique pour habiller et d\u00e9shabiller facilement\r\n\r\nFabriqu\u00e9e au Portugal\r\n\r\nOffrez \u00e0 votre b\u00e9b\u00e9 des nuits paisibles et confortables cet hiver.<\/span><\/pre>\n","protected":false},"excerpt":{"rendered":"<p>La gigoteuse d&rsquo;hiver gloop! offre \u00e0 votre b\u00e9b\u00e9 un sommeil chaud, s\u00fbr et douillet d\u00e8s ses premiers jours. Id\u00e9ale pour les berceaux et les lits, elle convient aux b\u00e9b\u00e9s de 0 \u00e0 3 mois. Avec un indice TOG de 2.0, elle assure une isolation thermique optimale pour les nuits froides, garantissant le confort de votre [&hellip;]<\/p>\n","protected":false},"featured_media":141277,"comment_status":"closed","ping_status":"closed","template":"","meta":{"_acf_changed":false},"product_brand":[],"product_cat":[1582,1479,1496,1490,1478,1942],"product_tag":[],"class_list":{"0":"post-139054","1":"product","2":"type-product","3":"status-publish","4":"has-post-thumbnail","6":"product_cat-collections-fr","7":"product_cat-gigoteuse-fr","8":"product_cat-gigoteuse-0-3m-fr","9":"product_cat-gigoteuse-dhiver","10":"product_cat-home-and-sleep-fr","11":"product_cat-little-garden-fr","13":"first","14":"instock","15":"sale","16":"taxable","17":"shipping-taxable","18":"purchasable","19":"product-type-simple"},"acf":[],"yoast_head":"<!-- This site is optimized with the Yoast SEO plugin v27.5 - https:\/\/yoast.com\/product\/yoast-seo-wordpress\/ -->\n<title>Gigoteuse d&#039;hiver Little Garden 0-3 mois - Gloop Baby<\/title>\n<meta name=\"robots\" content=\"index, follow, max-snippet:-1, max-image-preview:large, max-video-preview:-1\" \/>\n<link rel=\"canonical\" href=\"https:\/\/gloopbaby.com\/fr\/produit\/collections-fr\/little-garden-fr\/gigoteuse-dhiver-sleepy-0-3-mois-copia\/\" \/>\n<meta property=\"og:locale\" content=\"fr_FR\" \/>\n<meta property=\"og:type\" content=\"article\" \/>\n<meta property=\"og:title\" content=\"Gigoteuse d&#039;hiver Little Garden 0-3 mois - Gloop Baby\" \/>\n<meta property=\"og:description\" content=\"La gigoteuse d&#039;hiver gloop! offre \u00e0 votre b\u00e9b\u00e9 un sommeil chaud, s\u00fbr et douillet d\u00e8s ses premiers jours. Id\u00e9ale pour les berceaux et les lits, elle convient aux b\u00e9b\u00e9s de 0 \u00e0 3 mois. Avec un indice TOG de 2.0, elle assure une isolation thermique optimale pour les nuits froides, garantissant le confort de votre [&hellip;]\" \/>\n<meta property=\"og:url\" content=\"https:\/\/gloopbaby.com\/fr\/produit\/collections-fr\/little-garden-fr\/gigoteuse-dhiver-sleepy-0-3-mois-copia\/\" \/>\n<meta property=\"og:site_name\" content=\"Gloop Baby\" \/>\n<meta property=\"article:modified_time\" content=\"2026-04-13T11:01:57+00:00\" \/>\n<meta property=\"og:image\" content=\"https:\/\/gloopbaby.com\/wp-content\/uploads\/2025\/10\/saco-dormir-inverno-8.jpg\" \/>\n\t<meta property=\"og:image:width\" content=\"600\" \/>\n\t<meta property=\"og:image:height\" content=\"900\" \/>\n\t<meta property=\"og:image:type\" content=\"image\/jpeg\" \/>\n<meta name=\"twitter:card\" content=\"summary_large_image\" \/>\n<meta name=\"twitter:label1\" content=\"Dur\u00e9e de lecture estim\u00e9e\" \/>\n\t<meta name=\"twitter:data1\" content=\"1 minute\" \/>\n<script type=\"application\/ld+json\" class=\"yoast-schema-graph\">{\"@context\":\"https:\\\/\\\/schema.org\",\"@graph\":[{\"@type\":\"WebPage\",\"@id\":\"https:\\\/\\\/gloopbaby.com\\\/fr\\\/produit\\\/collections-fr\\\/little-garden-fr\\\/gigoteuse-dhiver-sleepy-0-3-mois-copia\\\/\",\"url\":\"https:\\\/\\\/gloopbaby.com\\\/fr\\\/produit\\\/collections-fr\\\/little-garden-fr\\\/gigoteuse-dhiver-sleepy-0-3-mois-copia\\\/\",\"name\":\"Gigoteuse d'hiver Little Garden 0-3 mois - Gloop Baby\",\"isPartOf\":{\"@id\":\"https:\\\/\\\/gloopbaby.com\\\/fr\\\/#website\"},\"primaryImageOfPage\":{\"@id\":\"https:\\\/\\\/gloopbaby.com\\\/fr\\\/produit\\\/collections-fr\\\/little-garden-fr\\\/gigoteuse-dhiver-sleepy-0-3-mois-copia\\\/#primaryimage\"},\"image\":{\"@id\":\"https:\\\/\\\/gloopbaby.com\\\/fr\\\/produit\\\/collections-fr\\\/little-garden-fr\\\/gigoteuse-dhiver-sleepy-0-3-mois-copia\\\/#primaryimage\"},\"thumbnailUrl\":\"https:\\\/\\\/gloopbaby.com\\\/wp-content\\\/uploads\\\/2025\\\/10\\\/saco-dormir-inverno-8.jpg\",\"datePublished\":\"2025-10-22T14:50:44+00:00\",\"dateModified\":\"2026-04-13T11:01:57+00:00\",\"breadcrumb\":{\"@id\":\"https:\\\/\\\/gloopbaby.com\\\/fr\\\/produit\\\/collections-fr\\\/little-garden-fr\\\/gigoteuse-dhiver-sleepy-0-3-mois-copia\\\/#breadcrumb\"},\"inLanguage\":\"fr-FR\",\"potentialAction\":[{\"@type\":\"ReadAction\",\"target\":[\"https:\\\/\\\/gloopbaby.com\\\/fr\\\/produit\\\/collections-fr\\\/little-garden-fr\\\/gigoteuse-dhiver-sleepy-0-3-mois-copia\\\/\"]}]},{\"@type\":\"ImageObject\",\"inLanguage\":\"fr-FR\",\"@id\":\"https:\\\/\\\/gloopbaby.com\\\/fr\\\/produit\\\/collections-fr\\\/little-garden-fr\\\/gigoteuse-dhiver-sleepy-0-3-mois-copia\\\/#primaryimage\",\"url\":\"https:\\\/\\\/gloopbaby.com\\\/wp-content\\\/uploads\\\/2025\\\/10\\\/saco-dormir-inverno-8.jpg\",\"contentUrl\":\"https:\\\/\\\/gloopbaby.com\\\/wp-content\\\/uploads\\\/2025\\\/10\\\/saco-dormir-inverno-8.jpg\",\"width\":600,\"height\":900},{\"@type\":\"BreadcrumbList\",\"@id\":\"https:\\\/\\\/gloopbaby.com\\\/fr\\\/produit\\\/collections-fr\\\/little-garden-fr\\\/gigoteuse-dhiver-sleepy-0-3-mois-copia\\\/#breadcrumb\",\"itemListElement\":[{\"@type\":\"ListItem\",\"position\":1,\"name\":\"In\u00edcio\",\"item\":\"https:\\\/\\\/gloopbaby.com\\\/fr\\\/\"},{\"@type\":\"ListItem\",\"position\":2,\"name\":\"Shop\",\"item\":\"https:\\\/\\\/gloopbaby.com\\\/loja\\\/\"},{\"@type\":\"ListItem\",\"position\":3,\"name\":\"Gigoteuse d&#8217;hiver Little Garden 0-3 mois\"}]},{\"@type\":\"WebSite\",\"@id\":\"https:\\\/\\\/gloopbaby.com\\\/fr\\\/#website\",\"url\":\"https:\\\/\\\/gloopbaby.com\\\/fr\\\/\",\"name\":\"Gloop Baby\",\"description\":\"\",\"publisher\":{\"@id\":\"https:\\\/\\\/gloopbaby.com\\\/fr\\\/#organization\"},\"potentialAction\":[{\"@type\":\"SearchAction\",\"target\":{\"@type\":\"EntryPoint\",\"urlTemplate\":\"https:\\\/\\\/gloopbaby.com\\\/fr\\\/?s={search_term_string}\"},\"query-input\":{\"@type\":\"PropertyValueSpecification\",\"valueRequired\":true,\"valueName\":\"search_term_string\"}}],\"inLanguage\":\"fr-FR\"},{\"@type\":\"Organization\",\"@id\":\"https:\\\/\\\/gloopbaby.com\\\/fr\\\/#organization\",\"name\":\"Gloop Baby\",\"url\":\"https:\\\/\\\/gloopbaby.com\\\/fr\\\/\",\"logo\":{\"@type\":\"ImageObject\",\"inLanguage\":\"fr-FR\",\"@id\":\"https:\\\/\\\/gloopbaby.com\\\/fr\\\/#\\\/schema\\\/logo\\\/image\\\/\",\"url\":\"https:\\\/\\\/gloopbaby.com\\\/wp-content\\\/uploads\\\/2023\\\/06\\\/gloop-logo.svg\",\"contentUrl\":\"https:\\\/\\\/gloopbaby.com\\\/wp-content\\\/uploads\\\/2023\\\/06\\\/gloop-logo.svg\",\"width\":100,\"height\":100,\"caption\":\"Gloop Baby\"},\"image\":{\"@id\":\"https:\\\/\\\/gloopbaby.com\\\/fr\\\/#\\\/schema\\\/logo\\\/image\\\/\"}}]}<\/script>\n<!-- \/ Yoast SEO plugin. -->","yoast_head_json":{"title":"Gigoteuse d'hiver Little Garden 0-3 mois - Gloop Baby","robots":{"index":"index","follow":"follow","max-snippet":"max-snippet:-1","max-image-preview":"max-image-preview:large","max-video-preview":"max-video-preview:-1"},"canonical":"https:\/\/gloopbaby.com\/fr\/produit\/collections-fr\/little-garden-fr\/gigoteuse-dhiver-sleepy-0-3-mois-copia\/","og_locale":"fr_FR","og_type":"article","og_title":"Gigoteuse d'hiver Little Garden 0-3 mois - Gloop Baby","og_description":"La gigoteuse d'hiver gloop! offre \u00e0 votre b\u00e9b\u00e9 un sommeil chaud, s\u00fbr et douillet d\u00e8s ses premiers jours. Id\u00e9ale pour les berceaux et les lits, elle convient aux b\u00e9b\u00e9s de 0 \u00e0 3 mois. Avec un indice TOG de 2.0, elle assure une isolation thermique optimale pour les nuits froides, garantissant le confort de votre [&hellip;]","og_url":"https:\/\/gloopbaby.com\/fr\/produit\/collections-fr\/little-garden-fr\/gigoteuse-dhiver-sleepy-0-3-mois-copia\/","og_site_name":"Gloop Baby","article_modified_time":"2026-04-13T11:01:57+00:00","og_image":[{"width":600,"height":900,"url":"https:\/\/gloopbaby.com\/wp-content\/uploads\/2025\/10\/saco-dormir-inverno-8.jpg","type":"image\/jpeg"}],"twitter_card":"summary_large_image","twitter_misc":{"Dur\u00e9e de lecture estim\u00e9e":"1 minute"},"schema":{"@context":"https:\/\/schema.org","@graph":[{"@type":"WebPage","@id":"https:\/\/gloopbaby.com\/fr\/produit\/collections-fr\/little-garden-fr\/gigoteuse-dhiver-sleepy-0-3-mois-copia\/","url":"https:\/\/gloopbaby.com\/fr\/produit\/collections-fr\/little-garden-fr\/gigoteuse-dhiver-sleepy-0-3-mois-copia\/","name":"Gigoteuse d'hiver Little Garden 0-3 mois - Gloop Baby","isPartOf":{"@id":"https:\/\/gloopbaby.com\/fr\/#website"},"primaryImageOfPage":{"@id":"https:\/\/gloopbaby.com\/fr\/produit\/collections-fr\/little-garden-fr\/gigoteuse-dhiver-sleepy-0-3-mois-copia\/#primaryimage"},"image":{"@id":"https:\/\/gloopbaby.com\/fr\/produit\/collections-fr\/little-garden-fr\/gigoteuse-dhiver-sleepy-0-3-mois-copia\/#primaryimage"},"thumbnailUrl":"https:\/\/gloopbaby.com\/wp-content\/uploads\/2025\/10\/saco-dormir-inverno-8.jpg","datePublished":"2025-10-22T14:50:44+00:00","dateModified":"2026-04-13T11:01:57+00:00","breadcrumb":{"@id":"https:\/\/gloopbaby.com\/fr\/produit\/collections-fr\/little-garden-fr\/gigoteuse-dhiver-sleepy-0-3-mois-copia\/#breadcrumb"},"inLanguage":"fr-FR","potentialAction":[{"@type":"ReadAction","target":["https:\/\/gloopbaby.com\/fr\/produit\/collections-fr\/little-garden-fr\/gigoteuse-dhiver-sleepy-0-3-mois-copia\/"]}]},{"@type":"ImageObject","inLanguage":"fr-FR","@id":"https:\/\/gloopbaby.com\/fr\/produit\/collections-fr\/little-garden-fr\/gigoteuse-dhiver-sleepy-0-3-mois-copia\/#primaryimage","url":"https:\/\/gloopbaby.com\/wp-content\/uploads\/2025\/10\/saco-dormir-inverno-8.jpg","contentUrl":"https:\/\/gloopbaby.com\/wp-content\/uploads\/2025\/10\/saco-dormir-inverno-8.jpg","width":600,"height":900},{"@type":"BreadcrumbList","@id":"https:\/\/gloopbaby.com\/fr\/produit\/collections-fr\/little-garden-fr\/gigoteuse-dhiver-sleepy-0-3-mois-copia\/#breadcrumb","itemListElement":[{"@type":"ListItem","position":1,"name":"In\u00edcio","item":"https:\/\/gloopbaby.com\/fr\/"},{"@type":"ListItem","position":2,"name":"Shop","item":"https:\/\/gloopbaby.com\/loja\/"},{"@type":"ListItem","position":3,"name":"Gigoteuse d&#8217;hiver Little Garden 0-3 mois"}]},{"@type":"WebSite","@id":"https:\/\/gloopbaby.com\/fr\/#website","url":"https:\/\/gloopbaby.com\/fr\/","name":"Gloop Baby","description":"","publisher":{"@id":"https:\/\/gloopbaby.com\/fr\/#organization"},"potentialAction":[{"@type":"SearchAction","target":{"@type":"EntryPoint","urlTemplate":"https:\/\/gloopbaby.com\/fr\/?s={search_term_string}"},"query-input":{"@type":"PropertyValueSpecification","valueRequired":true,"valueName":"search_term_string"}}],"inLanguage":"fr-FR"},{"@type":"Organization","@id":"https:\/\/gloopbaby.com\/fr\/#organization","name":"Gloop Baby","url":"https:\/\/gloopbaby.com\/fr\/","logo":{"@type":"ImageObject","inLanguage":"fr-FR","@id":"https:\/\/gloopbaby.com\/fr\/#\/schema\/logo\/image\/","url":"https:\/\/gloopbaby.com\/wp-content\/uploads\/2023\/06\/gloop-logo.svg","contentUrl":"https:\/\/gloopbaby.com\/wp-content\/uploads\/2023\/06\/gloop-logo.svg","width":100,"height":100,"caption":"Gloop Baby"},"image":{"@id":"https:\/\/gloopbaby.com\/fr\/#\/schema\/logo\/image\/"}}]}},"_links":{"self":[{"href":"https:\/\/gloopbaby.com\/fr\/wp-json\/wp\/v2\/product\/139054","targetHints":{"allow":["GET"]}}],"collection":[{"href":"https:\/\/gloopbaby.com\/fr\/wp-json\/wp\/v2\/product"}],"about":[{"href":"https:\/\/gloopbaby.com\/fr\/wp-json\/wp\/v2\/types\/product"}],"replies":[{"embeddable":true,"href":"https:\/\/gloopbaby.com\/fr\/wp-json\/wp\/v2\/comments?post=139054"}],"wp:featuredmedia":[{"embeddable":true,"href":"https:\/\/gloopbaby.com\/fr\/wp-json\/wp\/v2\/media\/141277"}],"wp:attachment":[{"href":"https:\/\/gloopbaby.com\/fr\/wp-json\/wp\/v2\/media?parent=139054"}],"wp:term":[{"taxonomy":"product_brand","embeddable":true,"href":"https:\/\/gloopbaby.com\/fr\/wp-json\/wp\/v2\/product_brand?post=139054"},{"taxonomy":"product_cat","embeddable":true,"href":"https:\/\/gloopbaby.com\/fr\/wp-json\/wp\/v2\/product_cat?post=139054"},{"taxonomy":"product_tag","embeddable":true,"href":"https:\/\/gloopbaby.com\/fr\/wp-json\/wp\/v2\/product_tag?post=139054"}],"curies":[{"name":"wp","href":"https:\/\/api.w.org\/{rel}","templated":true}]}}