{"id":139049,"date":"2025-10-22T14:43:10","date_gmt":"2025-10-22T14:43:10","guid":{"rendered":"https:\/\/gloopbaby.com\/?post_type=product&#038;p=139049"},"modified":"2026-04-13T10:46:20","modified_gmt":"2026-04-13T10:46:20","slug":"pack-housse-de-couette-remplissage-taie-doreiller-sleepy-copia","status":"publish","type":"product","link":"https:\/\/gloopbaby.com\/fr\/produit\/collections-fr\/little-garden-fr\/pack-housse-de-couette-remplissage-taie-doreiller-sleepy-copia\/","title":{"rendered":"Pack Housse de Couette + Remplissage + Taie d\u2019oreiller Little Garden"},"content":{"rendered":"<pre id=\"tw-target-text\" class=\"tw-data-text tw-text-large tw-ta\" dir=\"ltr\" tabindex=\"-1\" role=\"text\" data-placeholder=\"Tradu\u00e7\u00e3o\" data-ved=\"2ahUKEwjxoaixvOqTAxWbP_sDHfEhA10Q3ewLegQIDBAV\" aria-label=\"Texto traduzido: La parure de lit b\u00e9b\u00e9 gloop! (housse de couette, oreiller et taie d'oreiller) est id\u00e9ale pour assurer confort et bien-\u00eatre \u00e0 votre b\u00e9b\u00e9 pendant son sommeil. Gr\u00e2ce \u00e0 ses dimensions adapt\u00e9es \u00e0 la plupart des couettes et oreillers pour enfants, c'est un choix pratique et \u00e9l\u00e9gant pour la chambre de b\u00e9b\u00e9. Les pi\u00e8ces sont faciles \u00e0 s\u00e9parer et \u00e0 laver, simplifiant ainsi le quotidien des parents. Confectionn\u00e9e en coton 100 % biologique certifi\u00e9, cette parure est sp\u00e9cialement con\u00e7ue pour les peaux sensibles, offrant un toucher doux, respirant et s\u00fbr. Son design fonctionnel facilite son utilisation quotidienne, assurant confort et protection \u00e0 b\u00e9b\u00e9. Fabriqu\u00e9e au Portugal, dans le respect des plus hauts standards de qualit\u00e9 et de responsabilit\u00e9 environnementale. Contenu : 1 housse de couette : 100 x 140 cm 1 couette blanche 1 taie d'oreiller : 40 x 60 cm Caract\u00e9ristiques principales : 100 % coton biologique certifi\u00e9 Garnissage l\u00e9ger et confortable (polyester) Doux, respirant et sans danger pour les b\u00e9b\u00e9s Compatible avec la plupart des couettes et oreillers Facile d'entretien Fabriqu\u00e9 au Portugal Offrez \u00e0 votre b\u00e9b\u00e9 des nuits paisibles et confortables avec cet ensemble naturel et durable !\"><span class=\"Y2IQFc\" lang=\"fr\">La Housse de Couette, Remplissage et Taie d'oreiller gloop! est id\u00e9ale pour assurer confort et bien-\u00eatre \u00e0 votre b\u00e9b\u00e9 pendant son sommeil. Gr\u00e2ce \u00e0 ses dimensions adapt\u00e9es \u00e0 la plupart des couettes et oreillers pour enfants, c'est un choix pratique et \u00e9l\u00e9gant pour la chambre de b\u00e9b\u00e9. Les pi\u00e8ces sont faciles \u00e0 s\u00e9parer et \u00e0 laver, simplifiant ainsi le quotidien des parents.\r\n\r\nConfectionn\u00e9e en coton 100% biologique certifi\u00e9, cette parure est sp\u00e9cialement con\u00e7ue pour les peaux sensibles, offrant un toucher doux, respirant et s\u00fbr. Son design fonctionnel facilite son utilisation quotidienne, assurant confort et protection \u00e0 b\u00e9b\u00e9.\r\n\r\nFabriqu\u00e9e au Portugal, dans le respect des plus hauts standards de qualit\u00e9 et de responsabilit\u00e9 environnementale.\r\n\r\n<strong>Inclus:<\/strong>\r\n\r\n1 housse de couette: 100x140 cm\r\n\r\n1 couette blanche: 100x140cm\r\n\r\n1 taie d'oreiller: 40x60cm\r\n\r\n<strong>Caract\u00e9ristiques principales:<\/strong>\r\n\r\n100% coton biologique certifi\u00e9\r\n\r\nGarnissage l\u00e9ger et confortable (polyester)\r\n\r\nDoux, respirant et sans danger pour les b\u00e9b\u00e9s\r\n\r\nCompatible avec la plupart des couettes et oreillers\r\n\r\nFacile d'entretien\r\n\r\nFabriqu\u00e9 au Portugal\r\n\r\nOffrez \u00e0 votre b\u00e9b\u00e9 des nuits paisibles et confortables avec cet ensemble naturel et durable!<\/span><\/pre>\n","protected":false},"excerpt":{"rendered":"<p>La Housse de Couette, Remplissage et Taie d&rsquo;oreiller gloop! est id\u00e9ale pour assurer confort et bien-\u00eatre \u00e0 votre b\u00e9b\u00e9 pendant son sommeil. Gr\u00e2ce \u00e0 ses dimensions adapt\u00e9es \u00e0 la plupart des couettes et oreillers pour enfants, c&rsquo;est un choix pratique et \u00e9l\u00e9gant pour la chambre de b\u00e9b\u00e9. Les pi\u00e8ces sont faciles \u00e0 s\u00e9parer et \u00e0 [&hellip;]<\/p>\n","protected":false},"featured_media":141293,"comment_status":"closed","ping_status":"closed","template":"","meta":{"_acf_changed":false},"product_brand":[],"product_cat":[1582,1518,1512,1478,1942,1519],"product_tag":[],"class_list":{"0":"post-139049","1":"product","2":"type-product","3":"status-publish","4":"has-post-thumbnail","6":"product_cat-collections-fr","7":"product_cat-couette-fr","8":"product_cat-lit-fr","9":"product_cat-home-and-sleep-fr","10":"product_cat-little-garden-fr","11":"product_cat-pack-housse-de-couette-fr","13":"first","14":"instock","15":"sale","16":"taxable","17":"shipping-taxable","18":"purchasable","19":"product-type-simple"},"acf":[],"yoast_head":"<!-- This site is optimized with the Yoast SEO plugin v27.5 - https:\/\/yoast.com\/product\/yoast-seo-wordpress\/ -->\n<title>Pack Housse de Couette + Remplissage + Taie d\u2019oreiller Little Garden - Gloop Baby<\/title>\n<meta name=\"robots\" content=\"index, follow, max-snippet:-1, max-image-preview:large, max-video-preview:-1\" \/>\n<link rel=\"canonical\" href=\"https:\/\/gloopbaby.com\/fr\/produit\/collections-fr\/little-garden-fr\/pack-housse-de-couette-remplissage-taie-doreiller-sleepy-copia\/\" \/>\n<meta property=\"og:locale\" content=\"fr_FR\" \/>\n<meta property=\"og:type\" content=\"article\" \/>\n<meta property=\"og:title\" content=\"Pack Housse de Couette + Remplissage + Taie d\u2019oreiller Little Garden - Gloop Baby\" \/>\n<meta property=\"og:description\" content=\"La Housse de Couette, Remplissage et Taie d&#039;oreiller gloop! est id\u00e9ale pour assurer confort et bien-\u00eatre \u00e0 votre b\u00e9b\u00e9 pendant son sommeil. Gr\u00e2ce \u00e0 ses dimensions adapt\u00e9es \u00e0 la plupart des couettes et oreillers pour enfants, c&#039;est un choix pratique et \u00e9l\u00e9gant pour la chambre de b\u00e9b\u00e9. Les pi\u00e8ces sont faciles \u00e0 s\u00e9parer et \u00e0 [&hellip;]\" \/>\n<meta property=\"og:url\" content=\"https:\/\/gloopbaby.com\/fr\/produit\/collections-fr\/little-garden-fr\/pack-housse-de-couette-remplissage-taie-doreiller-sleepy-copia\/\" \/>\n<meta property=\"og:site_name\" content=\"Gloop Baby\" \/>\n<meta property=\"article:modified_time\" content=\"2026-04-13T10:46:20+00:00\" \/>\n<meta property=\"og:image\" content=\"https:\/\/gloopbaby.com\/wp-content\/uploads\/2025\/10\/edredon-little-garden-2.jpg\" \/>\n\t<meta property=\"og:image:width\" content=\"600\" \/>\n\t<meta property=\"og:image:height\" content=\"900\" \/>\n\t<meta property=\"og:image:type\" content=\"image\/jpeg\" \/>\n<meta name=\"twitter:card\" content=\"summary_large_image\" \/>\n<meta name=\"twitter:label1\" content=\"Dur\u00e9e de lecture estim\u00e9e\" \/>\n\t<meta name=\"twitter:data1\" content=\"1 minute\" \/>\n<script type=\"application\/ld+json\" class=\"yoast-schema-graph\">{\"@context\":\"https:\\\/\\\/schema.org\",\"@graph\":[{\"@type\":\"WebPage\",\"@id\":\"https:\\\/\\\/gloopbaby.com\\\/fr\\\/produit\\\/collections-fr\\\/little-garden-fr\\\/pack-housse-de-couette-remplissage-taie-doreiller-sleepy-copia\\\/\",\"url\":\"https:\\\/\\\/gloopbaby.com\\\/fr\\\/produit\\\/collections-fr\\\/little-garden-fr\\\/pack-housse-de-couette-remplissage-taie-doreiller-sleepy-copia\\\/\",\"name\":\"Pack Housse de Couette + Remplissage + Taie d\u2019oreiller Little Garden - Gloop Baby\",\"isPartOf\":{\"@id\":\"https:\\\/\\\/gloopbaby.com\\\/fr\\\/#website\"},\"primaryImageOfPage\":{\"@id\":\"https:\\\/\\\/gloopbaby.com\\\/fr\\\/produit\\\/collections-fr\\\/little-garden-fr\\\/pack-housse-de-couette-remplissage-taie-doreiller-sleepy-copia\\\/#primaryimage\"},\"image\":{\"@id\":\"https:\\\/\\\/gloopbaby.com\\\/fr\\\/produit\\\/collections-fr\\\/little-garden-fr\\\/pack-housse-de-couette-remplissage-taie-doreiller-sleepy-copia\\\/#primaryimage\"},\"thumbnailUrl\":\"https:\\\/\\\/gloopbaby.com\\\/wp-content\\\/uploads\\\/2025\\\/10\\\/edredon-little-garden-2.jpg\",\"datePublished\":\"2025-10-22T14:43:10+00:00\",\"dateModified\":\"2026-04-13T10:46:20+00:00\",\"breadcrumb\":{\"@id\":\"https:\\\/\\\/gloopbaby.com\\\/fr\\\/produit\\\/collections-fr\\\/little-garden-fr\\\/pack-housse-de-couette-remplissage-taie-doreiller-sleepy-copia\\\/#breadcrumb\"},\"inLanguage\":\"fr-FR\",\"potentialAction\":[{\"@type\":\"ReadAction\",\"target\":[\"https:\\\/\\\/gloopbaby.com\\\/fr\\\/produit\\\/collections-fr\\\/little-garden-fr\\\/pack-housse-de-couette-remplissage-taie-doreiller-sleepy-copia\\\/\"]}]},{\"@type\":\"ImageObject\",\"inLanguage\":\"fr-FR\",\"@id\":\"https:\\\/\\\/gloopbaby.com\\\/fr\\\/produit\\\/collections-fr\\\/little-garden-fr\\\/pack-housse-de-couette-remplissage-taie-doreiller-sleepy-copia\\\/#primaryimage\",\"url\":\"https:\\\/\\\/gloopbaby.com\\\/wp-content\\\/uploads\\\/2025\\\/10\\\/edredon-little-garden-2.jpg\",\"contentUrl\":\"https:\\\/\\\/gloopbaby.com\\\/wp-content\\\/uploads\\\/2025\\\/10\\\/edredon-little-garden-2.jpg\",\"width\":600,\"height\":900},{\"@type\":\"BreadcrumbList\",\"@id\":\"https:\\\/\\\/gloopbaby.com\\\/fr\\\/produit\\\/collections-fr\\\/little-garden-fr\\\/pack-housse-de-couette-remplissage-taie-doreiller-sleepy-copia\\\/#breadcrumb\",\"itemListElement\":[{\"@type\":\"ListItem\",\"position\":1,\"name\":\"In\u00edcio\",\"item\":\"https:\\\/\\\/gloopbaby.com\\\/fr\\\/\"},{\"@type\":\"ListItem\",\"position\":2,\"name\":\"Shop\",\"item\":\"https:\\\/\\\/gloopbaby.com\\\/loja\\\/\"},{\"@type\":\"ListItem\",\"position\":3,\"name\":\"Pack Housse de Couette + Remplissage + Taie d\u2019oreiller Little Garden\"}]},{\"@type\":\"WebSite\",\"@id\":\"https:\\\/\\\/gloopbaby.com\\\/fr\\\/#website\",\"url\":\"https:\\\/\\\/gloopbaby.com\\\/fr\\\/\",\"name\":\"Gloop Baby\",\"description\":\"\",\"publisher\":{\"@id\":\"https:\\\/\\\/gloopbaby.com\\\/fr\\\/#organization\"},\"potentialAction\":[{\"@type\":\"SearchAction\",\"target\":{\"@type\":\"EntryPoint\",\"urlTemplate\":\"https:\\\/\\\/gloopbaby.com\\\/fr\\\/?s={search_term_string}\"},\"query-input\":{\"@type\":\"PropertyValueSpecification\",\"valueRequired\":true,\"valueName\":\"search_term_string\"}}],\"inLanguage\":\"fr-FR\"},{\"@type\":\"Organization\",\"@id\":\"https:\\\/\\\/gloopbaby.com\\\/fr\\\/#organization\",\"name\":\"Gloop Baby\",\"url\":\"https:\\\/\\\/gloopbaby.com\\\/fr\\\/\",\"logo\":{\"@type\":\"ImageObject\",\"inLanguage\":\"fr-FR\",\"@id\":\"https:\\\/\\\/gloopbaby.com\\\/fr\\\/#\\\/schema\\\/logo\\\/image\\\/\",\"url\":\"https:\\\/\\\/gloopbaby.com\\\/wp-content\\\/uploads\\\/2023\\\/06\\\/gloop-logo.svg\",\"contentUrl\":\"https:\\\/\\\/gloopbaby.com\\\/wp-content\\\/uploads\\\/2023\\\/06\\\/gloop-logo.svg\",\"width\":100,\"height\":100,\"caption\":\"Gloop Baby\"},\"image\":{\"@id\":\"https:\\\/\\\/gloopbaby.com\\\/fr\\\/#\\\/schema\\\/logo\\\/image\\\/\"}}]}<\/script>\n<!-- \/ Yoast SEO plugin. -->","yoast_head_json":{"title":"Pack Housse de Couette + Remplissage + Taie d\u2019oreiller Little Garden - Gloop Baby","robots":{"index":"index","follow":"follow","max-snippet":"max-snippet:-1","max-image-preview":"max-image-preview:large","max-video-preview":"max-video-preview:-1"},"canonical":"https:\/\/gloopbaby.com\/fr\/produit\/collections-fr\/little-garden-fr\/pack-housse-de-couette-remplissage-taie-doreiller-sleepy-copia\/","og_locale":"fr_FR","og_type":"article","og_title":"Pack Housse de Couette + Remplissage + Taie d\u2019oreiller Little Garden - Gloop Baby","og_description":"La Housse de Couette, Remplissage et Taie d'oreiller gloop! est id\u00e9ale pour assurer confort et bien-\u00eatre \u00e0 votre b\u00e9b\u00e9 pendant son sommeil. Gr\u00e2ce \u00e0 ses dimensions adapt\u00e9es \u00e0 la plupart des couettes et oreillers pour enfants, c'est un choix pratique et \u00e9l\u00e9gant pour la chambre de b\u00e9b\u00e9. Les pi\u00e8ces sont faciles \u00e0 s\u00e9parer et \u00e0 [&hellip;]","og_url":"https:\/\/gloopbaby.com\/fr\/produit\/collections-fr\/little-garden-fr\/pack-housse-de-couette-remplissage-taie-doreiller-sleepy-copia\/","og_site_name":"Gloop Baby","article_modified_time":"2026-04-13T10:46:20+00:00","og_image":[{"width":600,"height":900,"url":"https:\/\/gloopbaby.com\/wp-content\/uploads\/2025\/10\/edredon-little-garden-2.jpg","type":"image\/jpeg"}],"twitter_card":"summary_large_image","twitter_misc":{"Dur\u00e9e de lecture estim\u00e9e":"1 minute"},"schema":{"@context":"https:\/\/schema.org","@graph":[{"@type":"WebPage","@id":"https:\/\/gloopbaby.com\/fr\/produit\/collections-fr\/little-garden-fr\/pack-housse-de-couette-remplissage-taie-doreiller-sleepy-copia\/","url":"https:\/\/gloopbaby.com\/fr\/produit\/collections-fr\/little-garden-fr\/pack-housse-de-couette-remplissage-taie-doreiller-sleepy-copia\/","name":"Pack Housse de Couette + Remplissage + Taie d\u2019oreiller Little Garden - Gloop Baby","isPartOf":{"@id":"https:\/\/gloopbaby.com\/fr\/#website"},"primaryImageOfPage":{"@id":"https:\/\/gloopbaby.com\/fr\/produit\/collections-fr\/little-garden-fr\/pack-housse-de-couette-remplissage-taie-doreiller-sleepy-copia\/#primaryimage"},"image":{"@id":"https:\/\/gloopbaby.com\/fr\/produit\/collections-fr\/little-garden-fr\/pack-housse-de-couette-remplissage-taie-doreiller-sleepy-copia\/#primaryimage"},"thumbnailUrl":"https:\/\/gloopbaby.com\/wp-content\/uploads\/2025\/10\/edredon-little-garden-2.jpg","datePublished":"2025-10-22T14:43:10+00:00","dateModified":"2026-04-13T10:46:20+00:00","breadcrumb":{"@id":"https:\/\/gloopbaby.com\/fr\/produit\/collections-fr\/little-garden-fr\/pack-housse-de-couette-remplissage-taie-doreiller-sleepy-copia\/#breadcrumb"},"inLanguage":"fr-FR","potentialAction":[{"@type":"ReadAction","target":["https:\/\/gloopbaby.com\/fr\/produit\/collections-fr\/little-garden-fr\/pack-housse-de-couette-remplissage-taie-doreiller-sleepy-copia\/"]}]},{"@type":"ImageObject","inLanguage":"fr-FR","@id":"https:\/\/gloopbaby.com\/fr\/produit\/collections-fr\/little-garden-fr\/pack-housse-de-couette-remplissage-taie-doreiller-sleepy-copia\/#primaryimage","url":"https:\/\/gloopbaby.com\/wp-content\/uploads\/2025\/10\/edredon-little-garden-2.jpg","contentUrl":"https:\/\/gloopbaby.com\/wp-content\/uploads\/2025\/10\/edredon-little-garden-2.jpg","width":600,"height":900},{"@type":"BreadcrumbList","@id":"https:\/\/gloopbaby.com\/fr\/produit\/collections-fr\/little-garden-fr\/pack-housse-de-couette-remplissage-taie-doreiller-sleepy-copia\/#breadcrumb","itemListElement":[{"@type":"ListItem","position":1,"name":"In\u00edcio","item":"https:\/\/gloopbaby.com\/fr\/"},{"@type":"ListItem","position":2,"name":"Shop","item":"https:\/\/gloopbaby.com\/loja\/"},{"@type":"ListItem","position":3,"name":"Pack Housse de Couette + Remplissage + Taie d\u2019oreiller Little Garden"}]},{"@type":"WebSite","@id":"https:\/\/gloopbaby.com\/fr\/#website","url":"https:\/\/gloopbaby.com\/fr\/","name":"Gloop Baby","description":"","publisher":{"@id":"https:\/\/gloopbaby.com\/fr\/#organization"},"potentialAction":[{"@type":"SearchAction","target":{"@type":"EntryPoint","urlTemplate":"https:\/\/gloopbaby.com\/fr\/?s={search_term_string}"},"query-input":{"@type":"PropertyValueSpecification","valueRequired":true,"valueName":"search_term_string"}}],"inLanguage":"fr-FR"},{"@type":"Organization","@id":"https:\/\/gloopbaby.com\/fr\/#organization","name":"Gloop Baby","url":"https:\/\/gloopbaby.com\/fr\/","logo":{"@type":"ImageObject","inLanguage":"fr-FR","@id":"https:\/\/gloopbaby.com\/fr\/#\/schema\/logo\/image\/","url":"https:\/\/gloopbaby.com\/wp-content\/uploads\/2023\/06\/gloop-logo.svg","contentUrl":"https:\/\/gloopbaby.com\/wp-content\/uploads\/2023\/06\/gloop-logo.svg","width":100,"height":100,"caption":"Gloop Baby"},"image":{"@id":"https:\/\/gloopbaby.com\/fr\/#\/schema\/logo\/image\/"}}]}},"_links":{"self":[{"href":"https:\/\/gloopbaby.com\/fr\/wp-json\/wp\/v2\/product\/139049","targetHints":{"allow":["GET"]}}],"collection":[{"href":"https:\/\/gloopbaby.com\/fr\/wp-json\/wp\/v2\/product"}],"about":[{"href":"https:\/\/gloopbaby.com\/fr\/wp-json\/wp\/v2\/types\/product"}],"replies":[{"embeddable":true,"href":"https:\/\/gloopbaby.com\/fr\/wp-json\/wp\/v2\/comments?post=139049"}],"wp:featuredmedia":[{"embeddable":true,"href":"https:\/\/gloopbaby.com\/fr\/wp-json\/wp\/v2\/media\/141293"}],"wp:attachment":[{"href":"https:\/\/gloopbaby.com\/fr\/wp-json\/wp\/v2\/media?parent=139049"}],"wp:term":[{"taxonomy":"product_brand","embeddable":true,"href":"https:\/\/gloopbaby.com\/fr\/wp-json\/wp\/v2\/product_brand?post=139049"},{"taxonomy":"product_cat","embeddable":true,"href":"https:\/\/gloopbaby.com\/fr\/wp-json\/wp\/v2\/product_cat?post=139049"},{"taxonomy":"product_tag","embeddable":true,"href":"https:\/\/gloopbaby.com\/fr\/wp-json\/wp\/v2\/product_tag?post=139049"}],"curies":[{"name":"wp","href":"https:\/\/api.w.org\/{rel}","templated":true}]}}