{"id":139038,"date":"2025-10-22T14:22:30","date_gmt":"2025-10-22T14:22:30","guid":{"rendered":"https:\/\/gloopbaby.com\/?post_type=product&#038;p=139038"},"modified":"2026-04-13T10:05:13","modified_gmt":"2026-04-13T10:05:13","slug":"tour-de-lit-sleepy-360x30-copia","status":"publish","type":"product","link":"https:\/\/gloopbaby.com\/fr\/produit\/collections-fr\/little-garden-fr\/tour-de-lit-sleepy-360x30-copia\/","title":{"rendered":"Tour de lit Little Garden (360&#215;30)"},"content":{"rendered":"<pre id=\"tw-target-text\" class=\"tw-data-text tw-text-large tw-ta\" dir=\"ltr\" tabindex=\"-1\" role=\"text\" data-placeholder=\"Tradu\u00e7\u00e3o\" data-ved=\"2ahUKEwjxoaixvOqTAxWbP_sDHfEhA10Q3ewLegQIDBAV\" aria-label=\"Texto traduzido: Le tour de lit complet gloop! assure confort et protection \u00e0 votre b\u00e9b\u00e9 pendant son sommeil. Mesurant 360 x 30 cm, il recouvre l'int\u00e9gralit\u00e9 du lit, cr\u00e9ant une barri\u00e8re douce entre b\u00e9b\u00e9 et les barreaux.\r\n\r\nL'ext\u00e9rieur est en coton 100 % biologique certifi\u00e9, id\u00e9al pour les peaux sensibles, tandis que l'int\u00e9rieur est en polyester, offrant un rembourrage l\u00e9ger et s\u00fbr.\r\n\r\nFacile \u00e0 installer, ce tour de lit est une solution pratique pour plus de s\u00e9curit\u00e9 et de tranquillit\u00e9 d'esprit pendant les nuits et les siestes.\r\n\r\nCaract\u00e9ristiques principales :\r\n\r\nDimensions : 360 x 30 cm\r\n\r\nExt\u00e9rieur : 100 % coton biologique certifi\u00e9\r\n\r\nInt\u00e9rieur : rembourrage en polyester\r\n\r\nProt\u00e8ge l'int\u00e9gralit\u00e9 du lit\r\n\r\nToucher doux et respirant\r\n\r\nFabriqu\u00e9 au Portugal\r\n\r\nCompatible avec les lits de 120 x 60 cm\r\nOffrez \u00e0 votre b\u00e9b\u00e9 un environnement plus s\u00fbr et plus accueillant avec le tour de lit complet gloop!\"><span class=\"Y2IQFc\" lang=\"fr\">Le Tour de Lit Complet gloop! assure confort et protection \u00e0 votre b\u00e9b\u00e9 pendant son sommeil. Mesurant 360x30cm, il recouvre l'int\u00e9gralit\u00e9 du lit, cr\u00e9ant une barri\u00e8re douce entre b\u00e9b\u00e9 et les barreaux.\r\n\r\nL'ext\u00e9rieur est en coton 100% biologique certifi\u00e9, id\u00e9al pour les peaux sensibles, tandis que l'int\u00e9rieur est en polyester, offrant un rembourrage l\u00e9ger et s\u00fbr.\r\n\r\nFacile \u00e0 installer, ce tour de lit est une solution pratique pour plus de s\u00e9curit\u00e9 et de tranquillit\u00e9 d'esprit pendant les nuits et les siestes.\r\n\r\n<strong>Caract\u00e9ristiques principales:<\/strong>\r\n\r\nDimensions: 360x30cm\r\n\r\nExt\u00e9rieur: 100% coton biologique certifi\u00e9\r\n\r\nInt\u00e9rieur: rembourrage en polyester\r\n\r\nProt\u00e8ge l'int\u00e9gralit\u00e9 du lit\r\n\r\nToucher doux et respirant\r\n\r\nFabriqu\u00e9 au Portugal\r\n\r\nCompatible avec les lits de 120x60cm\r\nOffrez \u00e0 votre b\u00e9b\u00e9 un environnement plus s\u00fbr et plus accueillant avec le tour de lit complet gloop!<\/span><\/pre>\n","protected":false},"excerpt":{"rendered":"<p>Le Tour de Lit Complet gloop! assure confort et protection \u00e0 votre b\u00e9b\u00e9 pendant son sommeil. Mesurant 360x30cm, il recouvre l&rsquo;int\u00e9gralit\u00e9 du lit, cr\u00e9ant une barri\u00e8re douce entre b\u00e9b\u00e9 et les barreaux. L&rsquo;ext\u00e9rieur est en coton 100% biologique certifi\u00e9, id\u00e9al pour les peaux sensibles, tandis que l&rsquo;int\u00e9rieur est en polyester, offrant un rembourrage l\u00e9ger et [&hellip;]<\/p>\n","protected":false},"featured_media":141317,"comment_status":"closed","ping_status":"closed","template":"","meta":{"_acf_changed":false},"product_brand":[],"product_cat":[1582,1512,1478,1942,1524,1525],"product_tag":[],"class_list":{"0":"post-139038","1":"product","2":"type-product","3":"status-publish","4":"has-post-thumbnail","6":"product_cat-collections-fr","7":"product_cat-lit-fr","8":"product_cat-home-and-sleep-fr","9":"product_cat-little-garden-fr","10":"product_cat-tour-de-lit-fr","11":"product_cat-tour-de-lit-complet","13":"first","14":"instock","15":"sale","16":"taxable","17":"shipping-taxable","18":"purchasable","19":"product-type-simple"},"acf":[],"yoast_head":"<!-- This site is optimized with the Yoast SEO plugin v27.5 - https:\/\/yoast.com\/product\/yoast-seo-wordpress\/ -->\n<title>Tour de lit Little Garden (360x30) - Gloop Baby<\/title>\n<meta name=\"robots\" content=\"index, follow, max-snippet:-1, max-image-preview:large, max-video-preview:-1\" \/>\n<link rel=\"canonical\" href=\"https:\/\/gloopbaby.com\/fr\/produit\/collections-fr\/little-garden-fr\/tour-de-lit-sleepy-360x30-copia\/\" \/>\n<meta property=\"og:locale\" content=\"fr_FR\" \/>\n<meta property=\"og:type\" content=\"article\" \/>\n<meta property=\"og:title\" content=\"Tour de lit Little Garden (360x30) - Gloop Baby\" \/>\n<meta property=\"og:description\" content=\"Le Tour de Lit Complet gloop! assure confort et protection \u00e0 votre b\u00e9b\u00e9 pendant son sommeil. Mesurant 360x30cm, il recouvre l&#039;int\u00e9gralit\u00e9 du lit, cr\u00e9ant une barri\u00e8re douce entre b\u00e9b\u00e9 et les barreaux. L&#039;ext\u00e9rieur est en coton 100% biologique certifi\u00e9, id\u00e9al pour les peaux sensibles, tandis que l&#039;int\u00e9rieur est en polyester, offrant un rembourrage l\u00e9ger et [&hellip;]\" \/>\n<meta property=\"og:url\" content=\"https:\/\/gloopbaby.com\/fr\/produit\/collections-fr\/little-garden-fr\/tour-de-lit-sleepy-360x30-copia\/\" \/>\n<meta property=\"og:site_name\" content=\"Gloop Baby\" \/>\n<meta property=\"article:modified_time\" content=\"2026-04-13T10:05:13+00:00\" \/>\n<meta property=\"og:image\" content=\"https:\/\/gloopbaby.com\/wp-content\/uploads\/2025\/10\/resguardo-completo-little-garden-2.jpg\" \/>\n\t<meta property=\"og:image:width\" content=\"600\" \/>\n\t<meta property=\"og:image:height\" content=\"900\" \/>\n\t<meta property=\"og:image:type\" content=\"image\/jpeg\" \/>\n<meta name=\"twitter:card\" content=\"summary_large_image\" \/>\n<meta name=\"twitter:label1\" content=\"Dur\u00e9e de lecture estim\u00e9e\" \/>\n\t<meta name=\"twitter:data1\" content=\"1 minute\" \/>\n<script type=\"application\/ld+json\" class=\"yoast-schema-graph\">{\"@context\":\"https:\\\/\\\/schema.org\",\"@graph\":[{\"@type\":\"WebPage\",\"@id\":\"https:\\\/\\\/gloopbaby.com\\\/fr\\\/produit\\\/collections-fr\\\/little-garden-fr\\\/tour-de-lit-sleepy-360x30-copia\\\/\",\"url\":\"https:\\\/\\\/gloopbaby.com\\\/fr\\\/produit\\\/collections-fr\\\/little-garden-fr\\\/tour-de-lit-sleepy-360x30-copia\\\/\",\"name\":\"Tour de lit Little Garden (360x30) - Gloop Baby\",\"isPartOf\":{\"@id\":\"https:\\\/\\\/gloopbaby.com\\\/fr\\\/#website\"},\"primaryImageOfPage\":{\"@id\":\"https:\\\/\\\/gloopbaby.com\\\/fr\\\/produit\\\/collections-fr\\\/little-garden-fr\\\/tour-de-lit-sleepy-360x30-copia\\\/#primaryimage\"},\"image\":{\"@id\":\"https:\\\/\\\/gloopbaby.com\\\/fr\\\/produit\\\/collections-fr\\\/little-garden-fr\\\/tour-de-lit-sleepy-360x30-copia\\\/#primaryimage\"},\"thumbnailUrl\":\"https:\\\/\\\/gloopbaby.com\\\/wp-content\\\/uploads\\\/2025\\\/10\\\/resguardo-completo-little-garden-2.jpg\",\"datePublished\":\"2025-10-22T14:22:30+00:00\",\"dateModified\":\"2026-04-13T10:05:13+00:00\",\"breadcrumb\":{\"@id\":\"https:\\\/\\\/gloopbaby.com\\\/fr\\\/produit\\\/collections-fr\\\/little-garden-fr\\\/tour-de-lit-sleepy-360x30-copia\\\/#breadcrumb\"},\"inLanguage\":\"fr-FR\",\"potentialAction\":[{\"@type\":\"ReadAction\",\"target\":[\"https:\\\/\\\/gloopbaby.com\\\/fr\\\/produit\\\/collections-fr\\\/little-garden-fr\\\/tour-de-lit-sleepy-360x30-copia\\\/\"]}]},{\"@type\":\"ImageObject\",\"inLanguage\":\"fr-FR\",\"@id\":\"https:\\\/\\\/gloopbaby.com\\\/fr\\\/produit\\\/collections-fr\\\/little-garden-fr\\\/tour-de-lit-sleepy-360x30-copia\\\/#primaryimage\",\"url\":\"https:\\\/\\\/gloopbaby.com\\\/wp-content\\\/uploads\\\/2025\\\/10\\\/resguardo-completo-little-garden-2.jpg\",\"contentUrl\":\"https:\\\/\\\/gloopbaby.com\\\/wp-content\\\/uploads\\\/2025\\\/10\\\/resguardo-completo-little-garden-2.jpg\",\"width\":600,\"height\":900},{\"@type\":\"BreadcrumbList\",\"@id\":\"https:\\\/\\\/gloopbaby.com\\\/fr\\\/produit\\\/collections-fr\\\/little-garden-fr\\\/tour-de-lit-sleepy-360x30-copia\\\/#breadcrumb\",\"itemListElement\":[{\"@type\":\"ListItem\",\"position\":1,\"name\":\"In\u00edcio\",\"item\":\"https:\\\/\\\/gloopbaby.com\\\/fr\\\/\"},{\"@type\":\"ListItem\",\"position\":2,\"name\":\"Shop\",\"item\":\"https:\\\/\\\/gloopbaby.com\\\/loja\\\/\"},{\"@type\":\"ListItem\",\"position\":3,\"name\":\"Tour de lit Little Garden (360&#215;30)\"}]},{\"@type\":\"WebSite\",\"@id\":\"https:\\\/\\\/gloopbaby.com\\\/fr\\\/#website\",\"url\":\"https:\\\/\\\/gloopbaby.com\\\/fr\\\/\",\"name\":\"Gloop Baby\",\"description\":\"\",\"publisher\":{\"@id\":\"https:\\\/\\\/gloopbaby.com\\\/fr\\\/#organization\"},\"potentialAction\":[{\"@type\":\"SearchAction\",\"target\":{\"@type\":\"EntryPoint\",\"urlTemplate\":\"https:\\\/\\\/gloopbaby.com\\\/fr\\\/?s={search_term_string}\"},\"query-input\":{\"@type\":\"PropertyValueSpecification\",\"valueRequired\":true,\"valueName\":\"search_term_string\"}}],\"inLanguage\":\"fr-FR\"},{\"@type\":\"Organization\",\"@id\":\"https:\\\/\\\/gloopbaby.com\\\/fr\\\/#organization\",\"name\":\"Gloop Baby\",\"url\":\"https:\\\/\\\/gloopbaby.com\\\/fr\\\/\",\"logo\":{\"@type\":\"ImageObject\",\"inLanguage\":\"fr-FR\",\"@id\":\"https:\\\/\\\/gloopbaby.com\\\/fr\\\/#\\\/schema\\\/logo\\\/image\\\/\",\"url\":\"https:\\\/\\\/gloopbaby.com\\\/wp-content\\\/uploads\\\/2023\\\/06\\\/gloop-logo.svg\",\"contentUrl\":\"https:\\\/\\\/gloopbaby.com\\\/wp-content\\\/uploads\\\/2023\\\/06\\\/gloop-logo.svg\",\"width\":100,\"height\":100,\"caption\":\"Gloop Baby\"},\"image\":{\"@id\":\"https:\\\/\\\/gloopbaby.com\\\/fr\\\/#\\\/schema\\\/logo\\\/image\\\/\"}}]}<\/script>\n<!-- \/ Yoast SEO plugin. -->","yoast_head_json":{"title":"Tour de lit Little Garden (360x30) - Gloop Baby","robots":{"index":"index","follow":"follow","max-snippet":"max-snippet:-1","max-image-preview":"max-image-preview:large","max-video-preview":"max-video-preview:-1"},"canonical":"https:\/\/gloopbaby.com\/fr\/produit\/collections-fr\/little-garden-fr\/tour-de-lit-sleepy-360x30-copia\/","og_locale":"fr_FR","og_type":"article","og_title":"Tour de lit Little Garden (360x30) - Gloop Baby","og_description":"Le Tour de Lit Complet gloop! assure confort et protection \u00e0 votre b\u00e9b\u00e9 pendant son sommeil. Mesurant 360x30cm, il recouvre l'int\u00e9gralit\u00e9 du lit, cr\u00e9ant une barri\u00e8re douce entre b\u00e9b\u00e9 et les barreaux. L'ext\u00e9rieur est en coton 100% biologique certifi\u00e9, id\u00e9al pour les peaux sensibles, tandis que l'int\u00e9rieur est en polyester, offrant un rembourrage l\u00e9ger et [&hellip;]","og_url":"https:\/\/gloopbaby.com\/fr\/produit\/collections-fr\/little-garden-fr\/tour-de-lit-sleepy-360x30-copia\/","og_site_name":"Gloop Baby","article_modified_time":"2026-04-13T10:05:13+00:00","og_image":[{"width":600,"height":900,"url":"https:\/\/gloopbaby.com\/wp-content\/uploads\/2025\/10\/resguardo-completo-little-garden-2.jpg","type":"image\/jpeg"}],"twitter_card":"summary_large_image","twitter_misc":{"Dur\u00e9e de lecture estim\u00e9e":"1 minute"},"schema":{"@context":"https:\/\/schema.org","@graph":[{"@type":"WebPage","@id":"https:\/\/gloopbaby.com\/fr\/produit\/collections-fr\/little-garden-fr\/tour-de-lit-sleepy-360x30-copia\/","url":"https:\/\/gloopbaby.com\/fr\/produit\/collections-fr\/little-garden-fr\/tour-de-lit-sleepy-360x30-copia\/","name":"Tour de lit Little Garden (360x30) - Gloop Baby","isPartOf":{"@id":"https:\/\/gloopbaby.com\/fr\/#website"},"primaryImageOfPage":{"@id":"https:\/\/gloopbaby.com\/fr\/produit\/collections-fr\/little-garden-fr\/tour-de-lit-sleepy-360x30-copia\/#primaryimage"},"image":{"@id":"https:\/\/gloopbaby.com\/fr\/produit\/collections-fr\/little-garden-fr\/tour-de-lit-sleepy-360x30-copia\/#primaryimage"},"thumbnailUrl":"https:\/\/gloopbaby.com\/wp-content\/uploads\/2025\/10\/resguardo-completo-little-garden-2.jpg","datePublished":"2025-10-22T14:22:30+00:00","dateModified":"2026-04-13T10:05:13+00:00","breadcrumb":{"@id":"https:\/\/gloopbaby.com\/fr\/produit\/collections-fr\/little-garden-fr\/tour-de-lit-sleepy-360x30-copia\/#breadcrumb"},"inLanguage":"fr-FR","potentialAction":[{"@type":"ReadAction","target":["https:\/\/gloopbaby.com\/fr\/produit\/collections-fr\/little-garden-fr\/tour-de-lit-sleepy-360x30-copia\/"]}]},{"@type":"ImageObject","inLanguage":"fr-FR","@id":"https:\/\/gloopbaby.com\/fr\/produit\/collections-fr\/little-garden-fr\/tour-de-lit-sleepy-360x30-copia\/#primaryimage","url":"https:\/\/gloopbaby.com\/wp-content\/uploads\/2025\/10\/resguardo-completo-little-garden-2.jpg","contentUrl":"https:\/\/gloopbaby.com\/wp-content\/uploads\/2025\/10\/resguardo-completo-little-garden-2.jpg","width":600,"height":900},{"@type":"BreadcrumbList","@id":"https:\/\/gloopbaby.com\/fr\/produit\/collections-fr\/little-garden-fr\/tour-de-lit-sleepy-360x30-copia\/#breadcrumb","itemListElement":[{"@type":"ListItem","position":1,"name":"In\u00edcio","item":"https:\/\/gloopbaby.com\/fr\/"},{"@type":"ListItem","position":2,"name":"Shop","item":"https:\/\/gloopbaby.com\/loja\/"},{"@type":"ListItem","position":3,"name":"Tour de lit Little Garden (360&#215;30)"}]},{"@type":"WebSite","@id":"https:\/\/gloopbaby.com\/fr\/#website","url":"https:\/\/gloopbaby.com\/fr\/","name":"Gloop Baby","description":"","publisher":{"@id":"https:\/\/gloopbaby.com\/fr\/#organization"},"potentialAction":[{"@type":"SearchAction","target":{"@type":"EntryPoint","urlTemplate":"https:\/\/gloopbaby.com\/fr\/?s={search_term_string}"},"query-input":{"@type":"PropertyValueSpecification","valueRequired":true,"valueName":"search_term_string"}}],"inLanguage":"fr-FR"},{"@type":"Organization","@id":"https:\/\/gloopbaby.com\/fr\/#organization","name":"Gloop Baby","url":"https:\/\/gloopbaby.com\/fr\/","logo":{"@type":"ImageObject","inLanguage":"fr-FR","@id":"https:\/\/gloopbaby.com\/fr\/#\/schema\/logo\/image\/","url":"https:\/\/gloopbaby.com\/wp-content\/uploads\/2023\/06\/gloop-logo.svg","contentUrl":"https:\/\/gloopbaby.com\/wp-content\/uploads\/2023\/06\/gloop-logo.svg","width":100,"height":100,"caption":"Gloop Baby"},"image":{"@id":"https:\/\/gloopbaby.com\/fr\/#\/schema\/logo\/image\/"}}]}},"_links":{"self":[{"href":"https:\/\/gloopbaby.com\/fr\/wp-json\/wp\/v2\/product\/139038","targetHints":{"allow":["GET"]}}],"collection":[{"href":"https:\/\/gloopbaby.com\/fr\/wp-json\/wp\/v2\/product"}],"about":[{"href":"https:\/\/gloopbaby.com\/fr\/wp-json\/wp\/v2\/types\/product"}],"replies":[{"embeddable":true,"href":"https:\/\/gloopbaby.com\/fr\/wp-json\/wp\/v2\/comments?post=139038"}],"wp:featuredmedia":[{"embeddable":true,"href":"https:\/\/gloopbaby.com\/fr\/wp-json\/wp\/v2\/media\/141317"}],"wp:attachment":[{"href":"https:\/\/gloopbaby.com\/fr\/wp-json\/wp\/v2\/media?parent=139038"}],"wp:term":[{"taxonomy":"product_brand","embeddable":true,"href":"https:\/\/gloopbaby.com\/fr\/wp-json\/wp\/v2\/product_brand?post=139038"},{"taxonomy":"product_cat","embeddable":true,"href":"https:\/\/gloopbaby.com\/fr\/wp-json\/wp\/v2\/product_cat?post=139038"},{"taxonomy":"product_tag","embeddable":true,"href":"https:\/\/gloopbaby.com\/fr\/wp-json\/wp\/v2\/product_tag?post=139038"}],"curies":[{"name":"wp","href":"https:\/\/api.w.org\/{rel}","templated":true}]}}