{"id":139022,"date":"2025-10-22T13:16:20","date_gmt":"2025-10-22T13:16:20","guid":{"rendered":"https:\/\/gloopbaby.com\/?post_type=product&#038;p=139022"},"modified":"2026-04-13T13:00:53","modified_gmt":"2026-04-13T13:00:53","slug":"organisateur-de-berceau-little-garden","status":"publish","type":"product","link":"https:\/\/gloopbaby.com\/fr\/produit\/collections-fr\/little-garden-fr\/organisateur-de-berceau-little-garden\/","title":{"rendered":"Organisateur de berceau Little Garden"},"content":{"rendered":"<pre id=\"tw-target-text\" class=\"tw-data-text tw-text-large tw-ta\" dir=\"ltr\" tabindex=\"-1\" role=\"text\" data-placeholder=\"Tradu\u00e7\u00e3o\" data-ved=\"2ahUKEwjxoaixvOqTAxWbP_sDHfEhA10Q3ewLegQIDBAV\" aria-label=\"Texto traduzido: L'organisateur de lit b\u00e9b\u00e9 gloop! est un accessoire indispensable au quotidien. Il est dot\u00e9 de 3 poches pour garder les lingettes, les couches et les sucettes de b\u00e9b\u00e9 \u00e0 port\u00e9e de main. Ses sangles ajustables permettent de l'accrocher \u00e0 tout type de lit b\u00e9b\u00e9 ou de mur. Fabriqu\u00e9 au Portugal avec notre tissu 100 % coton biologique certifi\u00e9. Dimensions : 60 x 30 cm\r\n\r\nL'organisateur de lit b\u00e9b\u00e9 gloop! est un accessoire indispensable pour rendre la chambre de b\u00e9b\u00e9 plus fonctionnelle, organis\u00e9e et \u00e9l\u00e9gante. Son design pratique et minimaliste s'int\u00e8gre \u00e0 tous les styles de d\u00e9coration. Gr\u00e2ce \u00e0 ses 3 poches spacieuses, il est id\u00e9al pour ranger couches, lingettes, sucettes et autres accessoires essentiels et les avoir toujours \u00e0 port\u00e9e de main.\r\n\r\nFabriqu\u00e9 en coton 100 % biologique certifi\u00e9, il est doux et sans danger pour l'environnement de b\u00e9b\u00e9. Ses sangles ajustables permettent de l'accrocher facilement \u00e0 tout type de lit b\u00e9b\u00e9 ou de mur.\r\n\r\nCaract\u00e9ristiques :\r\n\r\nAvec 3 poches de rangement\r\n\r\nDimensions : 60 x 30 cm\r\n\r\n100 % coton biologique certifi\u00e9\r\n\r\nSangles ajustables pour fixation au lit ou au mur\r\n\r\nFabriqu\u00e9 au Portugal\r\n\r\nProduit durable, s\u00fbr et fonctionnel\r\n\r\nSimplifiez-vous la vie au quotidien avec l'organisateur de lit gloop!, con\u00e7u pour les parents soucieux de la qualit\u00e9 et de la praticit\u00e9.\"><span class=\"Y2IQFc\" lang=\"fr\">L'organisateur de lit b\u00e9b\u00e9 gloop! est un accessoire indispensable au quotidien. Il est dot\u00e9 de 3 poches pour garder les lingettes, les couches et les sucettes de b\u00e9b\u00e9 \u00e0 port\u00e9e de main. Ses sangles ajustables permettent de l'accrocher \u00e0 tout type de lit b\u00e9b\u00e9 ou de mur. Fabriqu\u00e9 au Portugal avec notre tissu 100% coton biologique certifi\u00e9. \r\n\r\nL'organisateur de lit b\u00e9b\u00e9 gloop! est un accessoire indispensable pour rendre la chambre de b\u00e9b\u00e9 plus fonctionnelle, organis\u00e9e et \u00e9l\u00e9gante. Son design pratique et minimaliste s'int\u00e8gre \u00e0 tous les styles de d\u00e9coration. Gr\u00e2ce \u00e0 ses 3 poches spacieuses, il est id\u00e9al pour ranger couches, lingettes, sucettes et autres accessoires essentiels et les avoir toujours \u00e0 port\u00e9e de main.\r\n\r\nFabriqu\u00e9 en coton 100% biologique certifi\u00e9, il est doux et sans danger pour l'environnement de b\u00e9b\u00e9. Ses sangles ajustables permettent de l'accrocher facilement \u00e0 tout type de lit b\u00e9b\u00e9 ou de mur.\r\n\r\n<strong>Caract\u00e9ristiques:<\/strong>\r\n\r\nAvec 3 poches de rangement\r\n\r\nDimensions: 60x30cm\r\n\r\n100% coton biologique certifi\u00e9\r\n\r\nSangles ajustables pour fixation au lit ou au mur\r\n\r\nFabriqu\u00e9 au Portugal\r\n\r\nProduit durable, s\u00fbr et fonctionnel\r\n\r\nSimplifiez-vous la vie au quotidien avec l'organisateur de lit gloop!, con\u00e7u pour les parents soucieux de la qualit\u00e9 et de la praticit\u00e9.<\/span><\/pre>\n","protected":false},"excerpt":{"rendered":"<p>L&rsquo;organisateur de lit b\u00e9b\u00e9 gloop! est un accessoire indispensable au quotidien. Il est dot\u00e9 de 3 poches pour garder les lingettes, les couches et les sucettes de b\u00e9b\u00e9 \u00e0 port\u00e9e de main. Ses sangles ajustables permettent de l&rsquo;accrocher \u00e0 tout type de lit b\u00e9b\u00e9 ou de mur. Fabriqu\u00e9 au Portugal avec notre tissu 100% coton [&hellip;]<\/p>\n","protected":false},"featured_media":141372,"comment_status":"closed","ping_status":"closed","template":"","meta":{"_acf_changed":false},"product_brand":[],"product_cat":[1582,1512,1478,1942,1532],"product_tag":[],"class_list":{"0":"post-139022","1":"product","2":"type-product","3":"status-publish","4":"has-post-thumbnail","6":"product_cat-collections-fr","7":"product_cat-lit-fr","8":"product_cat-home-and-sleep-fr","9":"product_cat-little-garden-fr","10":"product_cat-organisateur-de-berceau-fr","12":"first","13":"instock","14":"sale","15":"taxable","16":"shipping-taxable","17":"purchasable","18":"product-type-simple"},"acf":[],"yoast_head":"<!-- This site is optimized with the Yoast SEO plugin v27.5 - https:\/\/yoast.com\/product\/yoast-seo-wordpress\/ -->\n<title>Organisateur de berceau Little Garden - Gloop Baby<\/title>\n<meta name=\"robots\" content=\"index, follow, max-snippet:-1, max-image-preview:large, max-video-preview:-1\" \/>\n<link rel=\"canonical\" href=\"https:\/\/gloopbaby.com\/fr\/produit\/collections-fr\/little-garden-fr\/organisateur-de-berceau-little-garden\/\" \/>\n<meta property=\"og:locale\" content=\"fr_FR\" \/>\n<meta property=\"og:type\" content=\"article\" \/>\n<meta property=\"og:title\" content=\"Organisateur de berceau Little Garden - Gloop Baby\" \/>\n<meta property=\"og:description\" content=\"L&#039;organisateur de lit b\u00e9b\u00e9 gloop! est un accessoire indispensable au quotidien. Il est dot\u00e9 de 3 poches pour garder les lingettes, les couches et les sucettes de b\u00e9b\u00e9 \u00e0 port\u00e9e de main. Ses sangles ajustables permettent de l&#039;accrocher \u00e0 tout type de lit b\u00e9b\u00e9 ou de mur. Fabriqu\u00e9 au Portugal avec notre tissu 100% coton [&hellip;]\" \/>\n<meta property=\"og:url\" content=\"https:\/\/gloopbaby.com\/fr\/produit\/collections-fr\/little-garden-fr\/organisateur-de-berceau-little-garden\/\" \/>\n<meta property=\"og:site_name\" content=\"Gloop Baby\" \/>\n<meta property=\"article:modified_time\" content=\"2026-04-13T13:00:53+00:00\" \/>\n<meta property=\"og:image\" content=\"https:\/\/gloopbaby.com\/wp-content\/uploads\/2025\/10\/organizador-berco-little-garden.jpg\" \/>\n\t<meta property=\"og:image:width\" content=\"600\" \/>\n\t<meta property=\"og:image:height\" content=\"900\" \/>\n\t<meta property=\"og:image:type\" content=\"image\/jpeg\" \/>\n<meta name=\"twitter:card\" content=\"summary_large_image\" \/>\n<meta name=\"twitter:label1\" content=\"Dur\u00e9e de lecture estim\u00e9e\" \/>\n\t<meta name=\"twitter:data1\" content=\"1 minute\" \/>\n<script type=\"application\/ld+json\" class=\"yoast-schema-graph\">{\"@context\":\"https:\\\/\\\/schema.org\",\"@graph\":[{\"@type\":\"WebPage\",\"@id\":\"https:\\\/\\\/gloopbaby.com\\\/fr\\\/produit\\\/collections-fr\\\/little-garden-fr\\\/organisateur-de-berceau-little-garden\\\/\",\"url\":\"https:\\\/\\\/gloopbaby.com\\\/fr\\\/produit\\\/collections-fr\\\/little-garden-fr\\\/organisateur-de-berceau-little-garden\\\/\",\"name\":\"Organisateur de berceau Little Garden - Gloop Baby\",\"isPartOf\":{\"@id\":\"https:\\\/\\\/gloopbaby.com\\\/fr\\\/#website\"},\"primaryImageOfPage\":{\"@id\":\"https:\\\/\\\/gloopbaby.com\\\/fr\\\/produit\\\/collections-fr\\\/little-garden-fr\\\/organisateur-de-berceau-little-garden\\\/#primaryimage\"},\"image\":{\"@id\":\"https:\\\/\\\/gloopbaby.com\\\/fr\\\/produit\\\/collections-fr\\\/little-garden-fr\\\/organisateur-de-berceau-little-garden\\\/#primaryimage\"},\"thumbnailUrl\":\"https:\\\/\\\/gloopbaby.com\\\/wp-content\\\/uploads\\\/2025\\\/10\\\/organizador-berco-little-garden.jpg\",\"datePublished\":\"2025-10-22T13:16:20+00:00\",\"dateModified\":\"2026-04-13T13:00:53+00:00\",\"breadcrumb\":{\"@id\":\"https:\\\/\\\/gloopbaby.com\\\/fr\\\/produit\\\/collections-fr\\\/little-garden-fr\\\/organisateur-de-berceau-little-garden\\\/#breadcrumb\"},\"inLanguage\":\"fr-FR\",\"potentialAction\":[{\"@type\":\"ReadAction\",\"target\":[\"https:\\\/\\\/gloopbaby.com\\\/fr\\\/produit\\\/collections-fr\\\/little-garden-fr\\\/organisateur-de-berceau-little-garden\\\/\"]}]},{\"@type\":\"ImageObject\",\"inLanguage\":\"fr-FR\",\"@id\":\"https:\\\/\\\/gloopbaby.com\\\/fr\\\/produit\\\/collections-fr\\\/little-garden-fr\\\/organisateur-de-berceau-little-garden\\\/#primaryimage\",\"url\":\"https:\\\/\\\/gloopbaby.com\\\/wp-content\\\/uploads\\\/2025\\\/10\\\/organizador-berco-little-garden.jpg\",\"contentUrl\":\"https:\\\/\\\/gloopbaby.com\\\/wp-content\\\/uploads\\\/2025\\\/10\\\/organizador-berco-little-garden.jpg\",\"width\":600,\"height\":900},{\"@type\":\"BreadcrumbList\",\"@id\":\"https:\\\/\\\/gloopbaby.com\\\/fr\\\/produit\\\/collections-fr\\\/little-garden-fr\\\/organisateur-de-berceau-little-garden\\\/#breadcrumb\",\"itemListElement\":[{\"@type\":\"ListItem\",\"position\":1,\"name\":\"In\u00edcio\",\"item\":\"https:\\\/\\\/gloopbaby.com\\\/fr\\\/\"},{\"@type\":\"ListItem\",\"position\":2,\"name\":\"Shop\",\"item\":\"https:\\\/\\\/gloopbaby.com\\\/loja\\\/\"},{\"@type\":\"ListItem\",\"position\":3,\"name\":\"Organisateur de berceau Little Garden\"}]},{\"@type\":\"WebSite\",\"@id\":\"https:\\\/\\\/gloopbaby.com\\\/fr\\\/#website\",\"url\":\"https:\\\/\\\/gloopbaby.com\\\/fr\\\/\",\"name\":\"Gloop Baby\",\"description\":\"\",\"publisher\":{\"@id\":\"https:\\\/\\\/gloopbaby.com\\\/fr\\\/#organization\"},\"potentialAction\":[{\"@type\":\"SearchAction\",\"target\":{\"@type\":\"EntryPoint\",\"urlTemplate\":\"https:\\\/\\\/gloopbaby.com\\\/fr\\\/?s={search_term_string}\"},\"query-input\":{\"@type\":\"PropertyValueSpecification\",\"valueRequired\":true,\"valueName\":\"search_term_string\"}}],\"inLanguage\":\"fr-FR\"},{\"@type\":\"Organization\",\"@id\":\"https:\\\/\\\/gloopbaby.com\\\/fr\\\/#organization\",\"name\":\"Gloop Baby\",\"url\":\"https:\\\/\\\/gloopbaby.com\\\/fr\\\/\",\"logo\":{\"@type\":\"ImageObject\",\"inLanguage\":\"fr-FR\",\"@id\":\"https:\\\/\\\/gloopbaby.com\\\/fr\\\/#\\\/schema\\\/logo\\\/image\\\/\",\"url\":\"https:\\\/\\\/gloopbaby.com\\\/wp-content\\\/uploads\\\/2023\\\/06\\\/gloop-logo.svg\",\"contentUrl\":\"https:\\\/\\\/gloopbaby.com\\\/wp-content\\\/uploads\\\/2023\\\/06\\\/gloop-logo.svg\",\"width\":100,\"height\":100,\"caption\":\"Gloop Baby\"},\"image\":{\"@id\":\"https:\\\/\\\/gloopbaby.com\\\/fr\\\/#\\\/schema\\\/logo\\\/image\\\/\"}}]}<\/script>\n<!-- \/ Yoast SEO plugin. -->","yoast_head_json":{"title":"Organisateur de berceau Little Garden - Gloop Baby","robots":{"index":"index","follow":"follow","max-snippet":"max-snippet:-1","max-image-preview":"max-image-preview:large","max-video-preview":"max-video-preview:-1"},"canonical":"https:\/\/gloopbaby.com\/fr\/produit\/collections-fr\/little-garden-fr\/organisateur-de-berceau-little-garden\/","og_locale":"fr_FR","og_type":"article","og_title":"Organisateur de berceau Little Garden - Gloop Baby","og_description":"L'organisateur de lit b\u00e9b\u00e9 gloop! est un accessoire indispensable au quotidien. Il est dot\u00e9 de 3 poches pour garder les lingettes, les couches et les sucettes de b\u00e9b\u00e9 \u00e0 port\u00e9e de main. Ses sangles ajustables permettent de l'accrocher \u00e0 tout type de lit b\u00e9b\u00e9 ou de mur. Fabriqu\u00e9 au Portugal avec notre tissu 100% coton [&hellip;]","og_url":"https:\/\/gloopbaby.com\/fr\/produit\/collections-fr\/little-garden-fr\/organisateur-de-berceau-little-garden\/","og_site_name":"Gloop Baby","article_modified_time":"2026-04-13T13:00:53+00:00","og_image":[{"width":600,"height":900,"url":"https:\/\/gloopbaby.com\/wp-content\/uploads\/2025\/10\/organizador-berco-little-garden.jpg","type":"image\/jpeg"}],"twitter_card":"summary_large_image","twitter_misc":{"Dur\u00e9e de lecture estim\u00e9e":"1 minute"},"schema":{"@context":"https:\/\/schema.org","@graph":[{"@type":"WebPage","@id":"https:\/\/gloopbaby.com\/fr\/produit\/collections-fr\/little-garden-fr\/organisateur-de-berceau-little-garden\/","url":"https:\/\/gloopbaby.com\/fr\/produit\/collections-fr\/little-garden-fr\/organisateur-de-berceau-little-garden\/","name":"Organisateur de berceau Little Garden - Gloop Baby","isPartOf":{"@id":"https:\/\/gloopbaby.com\/fr\/#website"},"primaryImageOfPage":{"@id":"https:\/\/gloopbaby.com\/fr\/produit\/collections-fr\/little-garden-fr\/organisateur-de-berceau-little-garden\/#primaryimage"},"image":{"@id":"https:\/\/gloopbaby.com\/fr\/produit\/collections-fr\/little-garden-fr\/organisateur-de-berceau-little-garden\/#primaryimage"},"thumbnailUrl":"https:\/\/gloopbaby.com\/wp-content\/uploads\/2025\/10\/organizador-berco-little-garden.jpg","datePublished":"2025-10-22T13:16:20+00:00","dateModified":"2026-04-13T13:00:53+00:00","breadcrumb":{"@id":"https:\/\/gloopbaby.com\/fr\/produit\/collections-fr\/little-garden-fr\/organisateur-de-berceau-little-garden\/#breadcrumb"},"inLanguage":"fr-FR","potentialAction":[{"@type":"ReadAction","target":["https:\/\/gloopbaby.com\/fr\/produit\/collections-fr\/little-garden-fr\/organisateur-de-berceau-little-garden\/"]}]},{"@type":"ImageObject","inLanguage":"fr-FR","@id":"https:\/\/gloopbaby.com\/fr\/produit\/collections-fr\/little-garden-fr\/organisateur-de-berceau-little-garden\/#primaryimage","url":"https:\/\/gloopbaby.com\/wp-content\/uploads\/2025\/10\/organizador-berco-little-garden.jpg","contentUrl":"https:\/\/gloopbaby.com\/wp-content\/uploads\/2025\/10\/organizador-berco-little-garden.jpg","width":600,"height":900},{"@type":"BreadcrumbList","@id":"https:\/\/gloopbaby.com\/fr\/produit\/collections-fr\/little-garden-fr\/organisateur-de-berceau-little-garden\/#breadcrumb","itemListElement":[{"@type":"ListItem","position":1,"name":"In\u00edcio","item":"https:\/\/gloopbaby.com\/fr\/"},{"@type":"ListItem","position":2,"name":"Shop","item":"https:\/\/gloopbaby.com\/loja\/"},{"@type":"ListItem","position":3,"name":"Organisateur de berceau Little Garden"}]},{"@type":"WebSite","@id":"https:\/\/gloopbaby.com\/fr\/#website","url":"https:\/\/gloopbaby.com\/fr\/","name":"Gloop Baby","description":"","publisher":{"@id":"https:\/\/gloopbaby.com\/fr\/#organization"},"potentialAction":[{"@type":"SearchAction","target":{"@type":"EntryPoint","urlTemplate":"https:\/\/gloopbaby.com\/fr\/?s={search_term_string}"},"query-input":{"@type":"PropertyValueSpecification","valueRequired":true,"valueName":"search_term_string"}}],"inLanguage":"fr-FR"},{"@type":"Organization","@id":"https:\/\/gloopbaby.com\/fr\/#organization","name":"Gloop Baby","url":"https:\/\/gloopbaby.com\/fr\/","logo":{"@type":"ImageObject","inLanguage":"fr-FR","@id":"https:\/\/gloopbaby.com\/fr\/#\/schema\/logo\/image\/","url":"https:\/\/gloopbaby.com\/wp-content\/uploads\/2023\/06\/gloop-logo.svg","contentUrl":"https:\/\/gloopbaby.com\/wp-content\/uploads\/2023\/06\/gloop-logo.svg","width":100,"height":100,"caption":"Gloop Baby"},"image":{"@id":"https:\/\/gloopbaby.com\/fr\/#\/schema\/logo\/image\/"}}]}},"_links":{"self":[{"href":"https:\/\/gloopbaby.com\/fr\/wp-json\/wp\/v2\/product\/139022","targetHints":{"allow":["GET"]}}],"collection":[{"href":"https:\/\/gloopbaby.com\/fr\/wp-json\/wp\/v2\/product"}],"about":[{"href":"https:\/\/gloopbaby.com\/fr\/wp-json\/wp\/v2\/types\/product"}],"replies":[{"embeddable":true,"href":"https:\/\/gloopbaby.com\/fr\/wp-json\/wp\/v2\/comments?post=139022"}],"wp:featuredmedia":[{"embeddable":true,"href":"https:\/\/gloopbaby.com\/fr\/wp-json\/wp\/v2\/media\/141372"}],"wp:attachment":[{"href":"https:\/\/gloopbaby.com\/fr\/wp-json\/wp\/v2\/media?parent=139022"}],"wp:term":[{"taxonomy":"product_brand","embeddable":true,"href":"https:\/\/gloopbaby.com\/fr\/wp-json\/wp\/v2\/product_brand?post=139022"},{"taxonomy":"product_cat","embeddable":true,"href":"https:\/\/gloopbaby.com\/fr\/wp-json\/wp\/v2\/product_cat?post=139022"},{"taxonomy":"product_tag","embeddable":true,"href":"https:\/\/gloopbaby.com\/fr\/wp-json\/wp\/v2\/product_tag?post=139022"}],"curies":[{"name":"wp","href":"https:\/\/api.w.org\/{rel}","templated":true}]}}