{"id":138974,"date":"2025-10-21T13:18:55","date_gmt":"2025-10-21T13:18:55","guid":{"rendered":"https:\/\/gloopbaby.com\/?post_type=product&#038;p=138974"},"modified":"2026-04-13T13:13:08","modified_gmt":"2026-04-13T13:13:08","slug":"couverture-plaid-little-garden-0-3-mois","status":"publish","type":"product","link":"https:\/\/gloopbaby.com\/fr\/produit\/collections-fr\/little-garden-fr\/couverture-plaid-little-garden-0-3-mois\/","title":{"rendered":"Couverture-Plaid Little Garden 0-3 mois"},"content":{"rendered":"<pre id=\"tw-target-text\" class=\"tw-data-text tw-text-large tw-ta\" dir=\"ltr\" tabindex=\"-1\" role=\"text\" data-placeholder=\"Tradu\u00e7\u00e3o\" data-ved=\"2ahUKEwjxoaixvOqTAxWbP_sDHfEhA10Q3ewLegQIDBAV\" aria-label=\"Texto traduzido: La couverture b\u00e9b\u00e9 gloop! pour les 0-3 mois offre confort et s\u00e9curit\u00e9 \u00e0 votre nouveau-n\u00e9. Confectionn\u00e9e en coton 100 % biologique certifi\u00e9, cette couverture est douce, respirante et id\u00e9ale pour la peau d\u00e9licate de votre b\u00e9b\u00e9.\r\n\r\nParfaite pour la nuit comme pour la journ\u00e9e, elle assure \u00e0 votre b\u00e9b\u00e9 un sentiment de protection et de douceur \u00e0 tout moment. Mesurant 65 x 75 cm, elle est facile \u00e0 transporter et \u00e0 utiliser dans le berceau, la poussette ou m\u00eame en voyage.\r\n\r\nFabriqu\u00e9e avec amour au Portugal, la couverture gloop! se distingue par sa qualit\u00e9, son engagement pour la durabilit\u00e9 et sa douceur. Un indispensable pour le trousseau de naissance !\r\n\r\nCaract\u00e9ristiques :\r\n\r\nComposition : 100 % coton biologique certifi\u00e9\r\n\r\nDimensions : 65 x 75 cm\r\n\r\nFabriqu\u00e9e au Portugal\r\n\r\nId\u00e9ale pour les 0 \u00e0 3 mois\r\n\r\nConfortable, l\u00e9g\u00e8re et respirante\r\n\r\nD\u00e9couvrez l'alliance parfaite de qualit\u00e9, de confort et de durabilit\u00e9 avec la couverture gloop!\"><span class=\"Y2IQFc\" lang=\"fr\">La couverture b\u00e9b\u00e9 gloop! pour les 0-3 mois offre confort et s\u00e9curit\u00e9 \u00e0 votre nouveau-n\u00e9. Confectionn\u00e9e en coton 100% biologique certifi\u00e9, cette couverture est douce, respirante et id\u00e9ale pour la peau d\u00e9licate de votre b\u00e9b\u00e9.\r\n\r\nParfaite pour la nuit comme pour la journ\u00e9e, elle assure \u00e0 votre b\u00e9b\u00e9 un sentiment de protection et de douceur \u00e0 tout moment. Mesurant 65x75cm, elle est facile \u00e0 transporter et \u00e0 utiliser dans le berceau, la poussette ou m\u00eame en voyage.\r\n\r\nFabriqu\u00e9e avec amour au Portugal, la couverture gloop! se distingue par sa qualit\u00e9, son engagement pour la durabilit\u00e9 et sa douceur. Un indispensable pour le trousseau de naissance!\r\n\r\n<strong>Caract\u00e9ristiques:<\/strong>\r\n\r\nComposition: 100% coton biologique certifi\u00e9\r\n\r\nDimensions: 65x75cm\r\n\r\nFabriqu\u00e9e au Portugal\r\n\r\nId\u00e9ale pour les 0 \u00e0 3 mois\r\n\r\nConfortable, l\u00e9g\u00e8re et respirante\r\n\r\nD\u00e9couvrez l'alliance parfaite de qualit\u00e9, de confort et de durabilit\u00e9 avec la couverture gloop!<\/span><\/pre>\n","protected":false},"excerpt":{"rendered":"<p>La couverture b\u00e9b\u00e9 gloop! pour les 0-3 mois offre confort et s\u00e9curit\u00e9 \u00e0 votre nouveau-n\u00e9. Confectionn\u00e9e en coton 100% biologique certifi\u00e9, cette couverture est douce, respirante et id\u00e9ale pour la peau d\u00e9licate de votre b\u00e9b\u00e9. Parfaite pour la nuit comme pour la journ\u00e9e, elle assure \u00e0 votre b\u00e9b\u00e9 un sentiment de protection et de douceur [&hellip;]<\/p>\n","protected":false},"featured_media":141397,"comment_status":"closed","ping_status":"closed","template":"","meta":{"_acf_changed":false},"product_brand":[],"product_cat":[1582,1513,1534,1512,1478,1942],"product_tag":[],"class_list":{"0":"post-138974","1":"product","2":"type-product","3":"status-publish","4":"has-post-thumbnail","6":"product_cat-collections-fr","7":"product_cat-couverture-fr","8":"product_cat-couverture-plaid-0-3-mois","9":"product_cat-lit-fr","10":"product_cat-home-and-sleep-fr","11":"product_cat-little-garden-fr","13":"first","14":"instock","15":"taxable","16":"shipping-taxable","17":"purchasable","18":"product-type-simple"},"acf":[],"yoast_head":"<!-- This site is optimized with the Yoast SEO plugin v27.6 - https:\/\/yoast.com\/product\/yoast-seo-wordpress\/ -->\n<title>Couverture-Plaid Little Garden 0-3 mois - Gloop Baby<\/title>\n<meta name=\"robots\" content=\"index, follow, max-snippet:-1, max-image-preview:large, max-video-preview:-1\" \/>\n<link rel=\"canonical\" href=\"https:\/\/gloopbaby.com\/fr\/produit\/collections-fr\/little-garden-fr\/couverture-plaid-little-garden-0-3-mois\/\" \/>\n<meta property=\"og:locale\" content=\"fr_FR\" \/>\n<meta property=\"og:type\" content=\"article\" \/>\n<meta property=\"og:title\" content=\"Couverture-Plaid Little Garden 0-3 mois - Gloop Baby\" \/>\n<meta property=\"og:description\" content=\"La couverture b\u00e9b\u00e9 gloop! pour les 0-3 mois offre confort et s\u00e9curit\u00e9 \u00e0 votre nouveau-n\u00e9. Confectionn\u00e9e en coton 100% biologique certifi\u00e9, cette couverture est douce, respirante et id\u00e9ale pour la peau d\u00e9licate de votre b\u00e9b\u00e9. Parfaite pour la nuit comme pour la journ\u00e9e, elle assure \u00e0 votre b\u00e9b\u00e9 un sentiment de protection et de douceur [&hellip;]\" \/>\n<meta property=\"og:url\" content=\"https:\/\/gloopbaby.com\/fr\/produit\/collections-fr\/little-garden-fr\/couverture-plaid-little-garden-0-3-mois\/\" \/>\n<meta property=\"og:site_name\" content=\"Gloop Baby\" \/>\n<meta property=\"article:modified_time\" content=\"2026-04-13T13:13:08+00:00\" \/>\n<meta property=\"og:image\" content=\"https:\/\/gloopbaby.com\/wp-content\/uploads\/2025\/10\/manta-recem-nascido-little-garden.jpg\" \/>\n\t<meta property=\"og:image:width\" content=\"600\" \/>\n\t<meta property=\"og:image:height\" content=\"900\" \/>\n\t<meta property=\"og:image:type\" content=\"image\/jpeg\" \/>\n<meta name=\"twitter:card\" content=\"summary_large_image\" \/>\n<meta name=\"twitter:label1\" content=\"Dur\u00e9e de lecture estim\u00e9e\" \/>\n\t<meta name=\"twitter:data1\" content=\"1 minute\" \/>\n<script type=\"application\/ld+json\" class=\"yoast-schema-graph\">{\"@context\":\"https:\\\/\\\/schema.org\",\"@graph\":[{\"@type\":\"WebPage\",\"@id\":\"https:\\\/\\\/gloopbaby.com\\\/fr\\\/produit\\\/collections-fr\\\/little-garden-fr\\\/couverture-plaid-little-garden-0-3-mois\\\/\",\"url\":\"https:\\\/\\\/gloopbaby.com\\\/fr\\\/produit\\\/collections-fr\\\/little-garden-fr\\\/couverture-plaid-little-garden-0-3-mois\\\/\",\"name\":\"Couverture-Plaid Little Garden 0-3 mois - Gloop Baby\",\"isPartOf\":{\"@id\":\"https:\\\/\\\/gloopbaby.com\\\/fr\\\/#website\"},\"primaryImageOfPage\":{\"@id\":\"https:\\\/\\\/gloopbaby.com\\\/fr\\\/produit\\\/collections-fr\\\/little-garden-fr\\\/couverture-plaid-little-garden-0-3-mois\\\/#primaryimage\"},\"image\":{\"@id\":\"https:\\\/\\\/gloopbaby.com\\\/fr\\\/produit\\\/collections-fr\\\/little-garden-fr\\\/couverture-plaid-little-garden-0-3-mois\\\/#primaryimage\"},\"thumbnailUrl\":\"https:\\\/\\\/gloopbaby.com\\\/wp-content\\\/uploads\\\/2025\\\/10\\\/manta-recem-nascido-little-garden.jpg\",\"datePublished\":\"2025-10-21T13:18:55+00:00\",\"dateModified\":\"2026-04-13T13:13:08+00:00\",\"breadcrumb\":{\"@id\":\"https:\\\/\\\/gloopbaby.com\\\/fr\\\/produit\\\/collections-fr\\\/little-garden-fr\\\/couverture-plaid-little-garden-0-3-mois\\\/#breadcrumb\"},\"inLanguage\":\"fr-FR\",\"potentialAction\":[{\"@type\":\"ReadAction\",\"target\":[\"https:\\\/\\\/gloopbaby.com\\\/fr\\\/produit\\\/collections-fr\\\/little-garden-fr\\\/couverture-plaid-little-garden-0-3-mois\\\/\"]}]},{\"@type\":\"ImageObject\",\"inLanguage\":\"fr-FR\",\"@id\":\"https:\\\/\\\/gloopbaby.com\\\/fr\\\/produit\\\/collections-fr\\\/little-garden-fr\\\/couverture-plaid-little-garden-0-3-mois\\\/#primaryimage\",\"url\":\"https:\\\/\\\/gloopbaby.com\\\/wp-content\\\/uploads\\\/2025\\\/10\\\/manta-recem-nascido-little-garden.jpg\",\"contentUrl\":\"https:\\\/\\\/gloopbaby.com\\\/wp-content\\\/uploads\\\/2025\\\/10\\\/manta-recem-nascido-little-garden.jpg\",\"width\":600,\"height\":900},{\"@type\":\"BreadcrumbList\",\"@id\":\"https:\\\/\\\/gloopbaby.com\\\/fr\\\/produit\\\/collections-fr\\\/little-garden-fr\\\/couverture-plaid-little-garden-0-3-mois\\\/#breadcrumb\",\"itemListElement\":[{\"@type\":\"ListItem\",\"position\":1,\"name\":\"In\u00edcio\",\"item\":\"https:\\\/\\\/gloopbaby.com\\\/fr\\\/\"},{\"@type\":\"ListItem\",\"position\":2,\"name\":\"Shop\",\"item\":\"https:\\\/\\\/gloopbaby.com\\\/loja\\\/\"},{\"@type\":\"ListItem\",\"position\":3,\"name\":\"Couverture-Plaid Little Garden 0-3 mois\"}]},{\"@type\":\"WebSite\",\"@id\":\"https:\\\/\\\/gloopbaby.com\\\/fr\\\/#website\",\"url\":\"https:\\\/\\\/gloopbaby.com\\\/fr\\\/\",\"name\":\"Gloop Baby\",\"description\":\"\",\"publisher\":{\"@id\":\"https:\\\/\\\/gloopbaby.com\\\/fr\\\/#organization\"},\"potentialAction\":[{\"@type\":\"SearchAction\",\"target\":{\"@type\":\"EntryPoint\",\"urlTemplate\":\"https:\\\/\\\/gloopbaby.com\\\/fr\\\/?s={search_term_string}\"},\"query-input\":{\"@type\":\"PropertyValueSpecification\",\"valueRequired\":true,\"valueName\":\"search_term_string\"}}],\"inLanguage\":\"fr-FR\"},{\"@type\":\"Organization\",\"@id\":\"https:\\\/\\\/gloopbaby.com\\\/fr\\\/#organization\",\"name\":\"Gloop Baby\",\"url\":\"https:\\\/\\\/gloopbaby.com\\\/fr\\\/\",\"logo\":{\"@type\":\"ImageObject\",\"inLanguage\":\"fr-FR\",\"@id\":\"https:\\\/\\\/gloopbaby.com\\\/fr\\\/#\\\/schema\\\/logo\\\/image\\\/\",\"url\":\"https:\\\/\\\/gloopbaby.com\\\/wp-content\\\/uploads\\\/2023\\\/06\\\/gloop-logo.svg\",\"contentUrl\":\"https:\\\/\\\/gloopbaby.com\\\/wp-content\\\/uploads\\\/2023\\\/06\\\/gloop-logo.svg\",\"width\":100,\"height\":100,\"caption\":\"Gloop Baby\"},\"image\":{\"@id\":\"https:\\\/\\\/gloopbaby.com\\\/fr\\\/#\\\/schema\\\/logo\\\/image\\\/\"}}]}<\/script>\n<!-- \/ Yoast SEO plugin. -->","yoast_head_json":{"title":"Couverture-Plaid Little Garden 0-3 mois - Gloop Baby","robots":{"index":"index","follow":"follow","max-snippet":"max-snippet:-1","max-image-preview":"max-image-preview:large","max-video-preview":"max-video-preview:-1"},"canonical":"https:\/\/gloopbaby.com\/fr\/produit\/collections-fr\/little-garden-fr\/couverture-plaid-little-garden-0-3-mois\/","og_locale":"fr_FR","og_type":"article","og_title":"Couverture-Plaid Little Garden 0-3 mois - Gloop Baby","og_description":"La couverture b\u00e9b\u00e9 gloop! pour les 0-3 mois offre confort et s\u00e9curit\u00e9 \u00e0 votre nouveau-n\u00e9. Confectionn\u00e9e en coton 100% biologique certifi\u00e9, cette couverture est douce, respirante et id\u00e9ale pour la peau d\u00e9licate de votre b\u00e9b\u00e9. Parfaite pour la nuit comme pour la journ\u00e9e, elle assure \u00e0 votre b\u00e9b\u00e9 un sentiment de protection et de douceur [&hellip;]","og_url":"https:\/\/gloopbaby.com\/fr\/produit\/collections-fr\/little-garden-fr\/couverture-plaid-little-garden-0-3-mois\/","og_site_name":"Gloop Baby","article_modified_time":"2026-04-13T13:13:08+00:00","og_image":[{"width":600,"height":900,"url":"https:\/\/gloopbaby.com\/wp-content\/uploads\/2025\/10\/manta-recem-nascido-little-garden.jpg","type":"image\/jpeg"}],"twitter_card":"summary_large_image","twitter_misc":{"Dur\u00e9e de lecture estim\u00e9e":"1 minute"},"schema":{"@context":"https:\/\/schema.org","@graph":[{"@type":"WebPage","@id":"https:\/\/gloopbaby.com\/fr\/produit\/collections-fr\/little-garden-fr\/couverture-plaid-little-garden-0-3-mois\/","url":"https:\/\/gloopbaby.com\/fr\/produit\/collections-fr\/little-garden-fr\/couverture-plaid-little-garden-0-3-mois\/","name":"Couverture-Plaid Little Garden 0-3 mois - Gloop Baby","isPartOf":{"@id":"https:\/\/gloopbaby.com\/fr\/#website"},"primaryImageOfPage":{"@id":"https:\/\/gloopbaby.com\/fr\/produit\/collections-fr\/little-garden-fr\/couverture-plaid-little-garden-0-3-mois\/#primaryimage"},"image":{"@id":"https:\/\/gloopbaby.com\/fr\/produit\/collections-fr\/little-garden-fr\/couverture-plaid-little-garden-0-3-mois\/#primaryimage"},"thumbnailUrl":"https:\/\/gloopbaby.com\/wp-content\/uploads\/2025\/10\/manta-recem-nascido-little-garden.jpg","datePublished":"2025-10-21T13:18:55+00:00","dateModified":"2026-04-13T13:13:08+00:00","breadcrumb":{"@id":"https:\/\/gloopbaby.com\/fr\/produit\/collections-fr\/little-garden-fr\/couverture-plaid-little-garden-0-3-mois\/#breadcrumb"},"inLanguage":"fr-FR","potentialAction":[{"@type":"ReadAction","target":["https:\/\/gloopbaby.com\/fr\/produit\/collections-fr\/little-garden-fr\/couverture-plaid-little-garden-0-3-mois\/"]}]},{"@type":"ImageObject","inLanguage":"fr-FR","@id":"https:\/\/gloopbaby.com\/fr\/produit\/collections-fr\/little-garden-fr\/couverture-plaid-little-garden-0-3-mois\/#primaryimage","url":"https:\/\/gloopbaby.com\/wp-content\/uploads\/2025\/10\/manta-recem-nascido-little-garden.jpg","contentUrl":"https:\/\/gloopbaby.com\/wp-content\/uploads\/2025\/10\/manta-recem-nascido-little-garden.jpg","width":600,"height":900},{"@type":"BreadcrumbList","@id":"https:\/\/gloopbaby.com\/fr\/produit\/collections-fr\/little-garden-fr\/couverture-plaid-little-garden-0-3-mois\/#breadcrumb","itemListElement":[{"@type":"ListItem","position":1,"name":"In\u00edcio","item":"https:\/\/gloopbaby.com\/fr\/"},{"@type":"ListItem","position":2,"name":"Shop","item":"https:\/\/gloopbaby.com\/loja\/"},{"@type":"ListItem","position":3,"name":"Couverture-Plaid Little Garden 0-3 mois"}]},{"@type":"WebSite","@id":"https:\/\/gloopbaby.com\/fr\/#website","url":"https:\/\/gloopbaby.com\/fr\/","name":"Gloop Baby","description":"","publisher":{"@id":"https:\/\/gloopbaby.com\/fr\/#organization"},"potentialAction":[{"@type":"SearchAction","target":{"@type":"EntryPoint","urlTemplate":"https:\/\/gloopbaby.com\/fr\/?s={search_term_string}"},"query-input":{"@type":"PropertyValueSpecification","valueRequired":true,"valueName":"search_term_string"}}],"inLanguage":"fr-FR"},{"@type":"Organization","@id":"https:\/\/gloopbaby.com\/fr\/#organization","name":"Gloop Baby","url":"https:\/\/gloopbaby.com\/fr\/","logo":{"@type":"ImageObject","inLanguage":"fr-FR","@id":"https:\/\/gloopbaby.com\/fr\/#\/schema\/logo\/image\/","url":"https:\/\/gloopbaby.com\/wp-content\/uploads\/2023\/06\/gloop-logo.svg","contentUrl":"https:\/\/gloopbaby.com\/wp-content\/uploads\/2023\/06\/gloop-logo.svg","width":100,"height":100,"caption":"Gloop Baby"},"image":{"@id":"https:\/\/gloopbaby.com\/fr\/#\/schema\/logo\/image\/"}}]}},"_links":{"self":[{"href":"https:\/\/gloopbaby.com\/fr\/wp-json\/wp\/v2\/product\/138974","targetHints":{"allow":["GET"]}}],"collection":[{"href":"https:\/\/gloopbaby.com\/fr\/wp-json\/wp\/v2\/product"}],"about":[{"href":"https:\/\/gloopbaby.com\/fr\/wp-json\/wp\/v2\/types\/product"}],"replies":[{"embeddable":true,"href":"https:\/\/gloopbaby.com\/fr\/wp-json\/wp\/v2\/comments?post=138974"}],"wp:featuredmedia":[{"embeddable":true,"href":"https:\/\/gloopbaby.com\/fr\/wp-json\/wp\/v2\/media\/141397"}],"wp:attachment":[{"href":"https:\/\/gloopbaby.com\/fr\/wp-json\/wp\/v2\/media?parent=138974"}],"wp:term":[{"taxonomy":"product_brand","embeddable":true,"href":"https:\/\/gloopbaby.com\/fr\/wp-json\/wp\/v2\/product_brand?post=138974"},{"taxonomy":"product_cat","embeddable":true,"href":"https:\/\/gloopbaby.com\/fr\/wp-json\/wp\/v2\/product_cat?post=138974"},{"taxonomy":"product_tag","embeddable":true,"href":"https:\/\/gloopbaby.com\/fr\/wp-json\/wp\/v2\/product_tag?post=138974"}],"curies":[{"name":"wp","href":"https:\/\/api.w.org\/{rel}","templated":true}]}}