{"id":138164,"date":"2025-10-07T15:21:17","date_gmt":"2025-10-07T15:21:17","guid":{"rendered":"https:\/\/gloopbaby.com\/?post_type=product&#038;p=138164"},"modified":"2025-10-09T13:38:13","modified_gmt":"2025-10-09T13:38:13","slug":"coussin-de-positionnement-bebe-farm","status":"publish","type":"product","link":"https:\/\/gloopbaby.com\/fr\/produit\/collections-fr\/farm-fr\/coussin-de-positionnement-bebe-farm\/","title":{"rendered":"Coussin de Positionnement B\u00e9b\u00e9 Farm"},"content":{"rendered":"<p>Le Coussin de Positionnement (anti-roulement) Gloop! pour b\u00e9b\u00e9 est con\u00e7u pour maintenir votre b\u00e9b\u00e9 allong\u00e9 sur le c\u00f4t\u00e9 confortablement et en toute s\u00e9curit\u00e9. Il l&#8217;emp\u00eache de se retourner pendant son sommeil, tout en lui assurant une grande libert\u00e9 de mouvement. Pour alterner le c\u00f4t\u00e9 de votre b\u00e9b\u00e9, tournez le coussin lat\u00e9ral de mani\u00e8re \u00e0 ce que le c\u00f4t\u00e9 le plus large soit toujours sur le dos.<\/p>\n<p>Adapt\u00e9 \u00e0 toutes les tailles de lit, il ne doit \u00eatre utilis\u00e9 que jusqu&rsquo;\u00e0 ce que votre b\u00e9b\u00e9 soit capable de se retourner seul.<\/p>\n<p>Ext\u00e9rieur en coton biologique et int\u00e9rieur en polyester doux et confortable. Fabriqu\u00e9 au Portugal. Taille: 35x27cm<\/p>\n<p>Avec son design moderne et neutre, il s&rsquo;int\u00e8gre \u00e0 tous les int\u00e9rieurs. Un choix s\u00fbr, \u00e9cologique et \u00e9l\u00e9gant pour votre b\u00e9b\u00e9.<\/p>\n","protected":false},"excerpt":{"rendered":"<p>Le Coussin de Positionnement (anti-roulement) Gloop! pour b\u00e9b\u00e9 est con\u00e7u pour maintenir votre b\u00e9b\u00e9 allong\u00e9 sur le c\u00f4t\u00e9 confortablement et en toute s\u00e9curit\u00e9. Il l&#8217;emp\u00eache de se retourner pendant son sommeil, tout en lui assurant une grande libert\u00e9 de mouvement. Pour alterner le c\u00f4t\u00e9 de votre b\u00e9b\u00e9, tournez le coussin lat\u00e9ral de mani\u00e8re \u00e0 ce [&hellip;]<\/p>\n","protected":false},"featured_media":138285,"comment_status":"closed","ping_status":"closed","template":"","meta":{"_acf_changed":false},"product_brand":[],"product_cat":[1582,1919,1372,1478],"product_tag":[],"class_list":{"0":"post-138164","1":"product","2":"type-product","3":"status-publish","4":"has-post-thumbnail","6":"product_cat-collections-fr","7":"product_cat-coussin-de-positionnement-pour-bebe","8":"product_cat-farm-fr","9":"product_cat-home-and-sleep-fr","11":"first","12":"instock","13":"taxable","14":"shipping-taxable","15":"purchasable","16":"product-type-simple"},"acf":[],"yoast_head":"<!-- This site is optimized with the Yoast SEO plugin v27.3 - https:\/\/yoast.com\/product\/yoast-seo-wordpress\/ -->\n<title>Coussin de Positionnement B\u00e9b\u00e9 Farm - Gloop Baby<\/title>\n<meta name=\"description\" content=\"Le Coussin de Positionnement Gloop! pour b\u00e9b\u00e9 est con\u00e7u pour maintenir votre b\u00e9b\u00e9 allong\u00e9 sur le c\u00f4t\u00e9 confortablement et s\u00e9curit\u00e9.100% coton biologique\" \/>\n<meta name=\"robots\" content=\"index, follow, max-snippet:-1, max-image-preview:large, max-video-preview:-1\" \/>\n<link rel=\"canonical\" href=\"https:\/\/gloopbaby.com\/fr\/produit\/collections-fr\/farm-fr\/coussin-de-positionnement-bebe-farm\/\" \/>\n<meta property=\"og:locale\" content=\"fr_FR\" \/>\n<meta property=\"og:type\" content=\"article\" \/>\n<meta property=\"og:title\" content=\"Coussin de Positionnement B\u00e9b\u00e9 Farm - Gloop Baby\" \/>\n<meta property=\"og:description\" content=\"Le Coussin de Positionnement Gloop! pour b\u00e9b\u00e9 est con\u00e7u pour maintenir votre b\u00e9b\u00e9 allong\u00e9 sur le c\u00f4t\u00e9 confortablement et s\u00e9curit\u00e9.100% coton biologique\" \/>\n<meta property=\"og:url\" content=\"https:\/\/gloopbaby.com\/fr\/produit\/collections-fr\/farm-fr\/coussin-de-positionnement-bebe-farm\/\" \/>\n<meta property=\"og:site_name\" content=\"Gloop Baby\" \/>\n<meta property=\"article:modified_time\" content=\"2025-10-09T13:38:13+00:00\" \/>\n<meta property=\"og:image\" content=\"https:\/\/gloopbaby.com\/wp-content\/uploads\/2025\/10\/almofada-posi-48-5.jpg\" \/>\n\t<meta property=\"og:image:width\" content=\"600\" \/>\n\t<meta property=\"og:image:height\" content=\"900\" \/>\n\t<meta property=\"og:image:type\" content=\"image\/jpeg\" \/>\n<meta name=\"twitter:card\" content=\"summary_large_image\" \/>\n<meta name=\"twitter:label1\" content=\"Dur\u00e9e de lecture estim\u00e9e\" \/>\n\t<meta name=\"twitter:data1\" content=\"1 minute\" \/>\n<script type=\"application\/ld+json\" class=\"yoast-schema-graph\">{\"@context\":\"https:\\\/\\\/schema.org\",\"@graph\":[{\"@type\":\"WebPage\",\"@id\":\"https:\\\/\\\/gloopbaby.com\\\/fr\\\/produit\\\/collections-fr\\\/farm-fr\\\/coussin-de-positionnement-bebe-farm\\\/\",\"url\":\"https:\\\/\\\/gloopbaby.com\\\/fr\\\/produit\\\/collections-fr\\\/farm-fr\\\/coussin-de-positionnement-bebe-farm\\\/\",\"name\":\"Coussin de Positionnement B\u00e9b\u00e9 Farm - Gloop Baby\",\"isPartOf\":{\"@id\":\"https:\\\/\\\/gloopbaby.com\\\/fr\\\/#website\"},\"primaryImageOfPage\":{\"@id\":\"https:\\\/\\\/gloopbaby.com\\\/fr\\\/produit\\\/collections-fr\\\/farm-fr\\\/coussin-de-positionnement-bebe-farm\\\/#primaryimage\"},\"image\":{\"@id\":\"https:\\\/\\\/gloopbaby.com\\\/fr\\\/produit\\\/collections-fr\\\/farm-fr\\\/coussin-de-positionnement-bebe-farm\\\/#primaryimage\"},\"thumbnailUrl\":\"https:\\\/\\\/gloopbaby.com\\\/wp-content\\\/uploads\\\/2025\\\/10\\\/almofada-posi-48-5.jpg\",\"datePublished\":\"2025-10-07T15:21:17+00:00\",\"dateModified\":\"2025-10-09T13:38:13+00:00\",\"description\":\"Le Coussin de Positionnement Gloop! pour b\u00e9b\u00e9 est con\u00e7u pour maintenir votre b\u00e9b\u00e9 allong\u00e9 sur le c\u00f4t\u00e9 confortablement et s\u00e9curit\u00e9.100% coton biologique\",\"breadcrumb\":{\"@id\":\"https:\\\/\\\/gloopbaby.com\\\/fr\\\/produit\\\/collections-fr\\\/farm-fr\\\/coussin-de-positionnement-bebe-farm\\\/#breadcrumb\"},\"inLanguage\":\"fr-FR\",\"potentialAction\":[{\"@type\":\"ReadAction\",\"target\":[\"https:\\\/\\\/gloopbaby.com\\\/fr\\\/produit\\\/collections-fr\\\/farm-fr\\\/coussin-de-positionnement-bebe-farm\\\/\"]}]},{\"@type\":\"ImageObject\",\"inLanguage\":\"fr-FR\",\"@id\":\"https:\\\/\\\/gloopbaby.com\\\/fr\\\/produit\\\/collections-fr\\\/farm-fr\\\/coussin-de-positionnement-bebe-farm\\\/#primaryimage\",\"url\":\"https:\\\/\\\/gloopbaby.com\\\/wp-content\\\/uploads\\\/2025\\\/10\\\/almofada-posi-48-5.jpg\",\"contentUrl\":\"https:\\\/\\\/gloopbaby.com\\\/wp-content\\\/uploads\\\/2025\\\/10\\\/almofada-posi-48-5.jpg\",\"width\":600,\"height\":900,\"caption\":\"Almofada posicionamento beb\u00e9 gloop em algod\u00e3o org\u00e2nico\"},{\"@type\":\"BreadcrumbList\",\"@id\":\"https:\\\/\\\/gloopbaby.com\\\/fr\\\/produit\\\/collections-fr\\\/farm-fr\\\/coussin-de-positionnement-bebe-farm\\\/#breadcrumb\",\"itemListElement\":[{\"@type\":\"ListItem\",\"position\":1,\"name\":\"In\u00edcio\",\"item\":\"https:\\\/\\\/gloopbaby.com\\\/fr\\\/\"},{\"@type\":\"ListItem\",\"position\":2,\"name\":\"Shop\",\"item\":\"https:\\\/\\\/gloopbaby.com\\\/loja\\\/\"},{\"@type\":\"ListItem\",\"position\":3,\"name\":\"Coussin de Positionnement B\u00e9b\u00e9 Farm\"}]},{\"@type\":\"WebSite\",\"@id\":\"https:\\\/\\\/gloopbaby.com\\\/fr\\\/#website\",\"url\":\"https:\\\/\\\/gloopbaby.com\\\/fr\\\/\",\"name\":\"Gloop Baby\",\"description\":\"\",\"publisher\":{\"@id\":\"https:\\\/\\\/gloopbaby.com\\\/fr\\\/#organization\"},\"potentialAction\":[{\"@type\":\"SearchAction\",\"target\":{\"@type\":\"EntryPoint\",\"urlTemplate\":\"https:\\\/\\\/gloopbaby.com\\\/fr\\\/?s={search_term_string}\"},\"query-input\":{\"@type\":\"PropertyValueSpecification\",\"valueRequired\":true,\"valueName\":\"search_term_string\"}}],\"inLanguage\":\"fr-FR\"},{\"@type\":\"Organization\",\"@id\":\"https:\\\/\\\/gloopbaby.com\\\/fr\\\/#organization\",\"name\":\"Gloop Baby\",\"url\":\"https:\\\/\\\/gloopbaby.com\\\/fr\\\/\",\"logo\":{\"@type\":\"ImageObject\",\"inLanguage\":\"fr-FR\",\"@id\":\"https:\\\/\\\/gloopbaby.com\\\/fr\\\/#\\\/schema\\\/logo\\\/image\\\/\",\"url\":\"https:\\\/\\\/gloopbaby.com\\\/wp-content\\\/uploads\\\/2023\\\/06\\\/gloop-logo.svg\",\"contentUrl\":\"https:\\\/\\\/gloopbaby.com\\\/wp-content\\\/uploads\\\/2023\\\/06\\\/gloop-logo.svg\",\"width\":100,\"height\":100,\"caption\":\"Gloop Baby\"},\"image\":{\"@id\":\"https:\\\/\\\/gloopbaby.com\\\/fr\\\/#\\\/schema\\\/logo\\\/image\\\/\"}}]}<\/script>\n<!-- \/ Yoast SEO plugin. -->","yoast_head_json":{"title":"Coussin de Positionnement B\u00e9b\u00e9 Farm - Gloop Baby","description":"Le Coussin de Positionnement Gloop! pour b\u00e9b\u00e9 est con\u00e7u pour maintenir votre b\u00e9b\u00e9 allong\u00e9 sur le c\u00f4t\u00e9 confortablement et s\u00e9curit\u00e9.100% coton biologique","robots":{"index":"index","follow":"follow","max-snippet":"max-snippet:-1","max-image-preview":"max-image-preview:large","max-video-preview":"max-video-preview:-1"},"canonical":"https:\/\/gloopbaby.com\/fr\/produit\/collections-fr\/farm-fr\/coussin-de-positionnement-bebe-farm\/","og_locale":"fr_FR","og_type":"article","og_title":"Coussin de Positionnement B\u00e9b\u00e9 Farm - Gloop Baby","og_description":"Le Coussin de Positionnement Gloop! pour b\u00e9b\u00e9 est con\u00e7u pour maintenir votre b\u00e9b\u00e9 allong\u00e9 sur le c\u00f4t\u00e9 confortablement et s\u00e9curit\u00e9.100% coton biologique","og_url":"https:\/\/gloopbaby.com\/fr\/produit\/collections-fr\/farm-fr\/coussin-de-positionnement-bebe-farm\/","og_site_name":"Gloop Baby","article_modified_time":"2025-10-09T13:38:13+00:00","og_image":[{"width":600,"height":900,"url":"https:\/\/gloopbaby.com\/wp-content\/uploads\/2025\/10\/almofada-posi-48-5.jpg","type":"image\/jpeg"}],"twitter_card":"summary_large_image","twitter_misc":{"Dur\u00e9e de lecture estim\u00e9e":"1 minute"},"schema":{"@context":"https:\/\/schema.org","@graph":[{"@type":"WebPage","@id":"https:\/\/gloopbaby.com\/fr\/produit\/collections-fr\/farm-fr\/coussin-de-positionnement-bebe-farm\/","url":"https:\/\/gloopbaby.com\/fr\/produit\/collections-fr\/farm-fr\/coussin-de-positionnement-bebe-farm\/","name":"Coussin de Positionnement B\u00e9b\u00e9 Farm - Gloop Baby","isPartOf":{"@id":"https:\/\/gloopbaby.com\/fr\/#website"},"primaryImageOfPage":{"@id":"https:\/\/gloopbaby.com\/fr\/produit\/collections-fr\/farm-fr\/coussin-de-positionnement-bebe-farm\/#primaryimage"},"image":{"@id":"https:\/\/gloopbaby.com\/fr\/produit\/collections-fr\/farm-fr\/coussin-de-positionnement-bebe-farm\/#primaryimage"},"thumbnailUrl":"https:\/\/gloopbaby.com\/wp-content\/uploads\/2025\/10\/almofada-posi-48-5.jpg","datePublished":"2025-10-07T15:21:17+00:00","dateModified":"2025-10-09T13:38:13+00:00","description":"Le Coussin de Positionnement Gloop! pour b\u00e9b\u00e9 est con\u00e7u pour maintenir votre b\u00e9b\u00e9 allong\u00e9 sur le c\u00f4t\u00e9 confortablement et s\u00e9curit\u00e9.100% coton biologique","breadcrumb":{"@id":"https:\/\/gloopbaby.com\/fr\/produit\/collections-fr\/farm-fr\/coussin-de-positionnement-bebe-farm\/#breadcrumb"},"inLanguage":"fr-FR","potentialAction":[{"@type":"ReadAction","target":["https:\/\/gloopbaby.com\/fr\/produit\/collections-fr\/farm-fr\/coussin-de-positionnement-bebe-farm\/"]}]},{"@type":"ImageObject","inLanguage":"fr-FR","@id":"https:\/\/gloopbaby.com\/fr\/produit\/collections-fr\/farm-fr\/coussin-de-positionnement-bebe-farm\/#primaryimage","url":"https:\/\/gloopbaby.com\/wp-content\/uploads\/2025\/10\/almofada-posi-48-5.jpg","contentUrl":"https:\/\/gloopbaby.com\/wp-content\/uploads\/2025\/10\/almofada-posi-48-5.jpg","width":600,"height":900,"caption":"Almofada posicionamento beb\u00e9 gloop em algod\u00e3o org\u00e2nico"},{"@type":"BreadcrumbList","@id":"https:\/\/gloopbaby.com\/fr\/produit\/collections-fr\/farm-fr\/coussin-de-positionnement-bebe-farm\/#breadcrumb","itemListElement":[{"@type":"ListItem","position":1,"name":"In\u00edcio","item":"https:\/\/gloopbaby.com\/fr\/"},{"@type":"ListItem","position":2,"name":"Shop","item":"https:\/\/gloopbaby.com\/loja\/"},{"@type":"ListItem","position":3,"name":"Coussin de Positionnement B\u00e9b\u00e9 Farm"}]},{"@type":"WebSite","@id":"https:\/\/gloopbaby.com\/fr\/#website","url":"https:\/\/gloopbaby.com\/fr\/","name":"Gloop Baby","description":"","publisher":{"@id":"https:\/\/gloopbaby.com\/fr\/#organization"},"potentialAction":[{"@type":"SearchAction","target":{"@type":"EntryPoint","urlTemplate":"https:\/\/gloopbaby.com\/fr\/?s={search_term_string}"},"query-input":{"@type":"PropertyValueSpecification","valueRequired":true,"valueName":"search_term_string"}}],"inLanguage":"fr-FR"},{"@type":"Organization","@id":"https:\/\/gloopbaby.com\/fr\/#organization","name":"Gloop Baby","url":"https:\/\/gloopbaby.com\/fr\/","logo":{"@type":"ImageObject","inLanguage":"fr-FR","@id":"https:\/\/gloopbaby.com\/fr\/#\/schema\/logo\/image\/","url":"https:\/\/gloopbaby.com\/wp-content\/uploads\/2023\/06\/gloop-logo.svg","contentUrl":"https:\/\/gloopbaby.com\/wp-content\/uploads\/2023\/06\/gloop-logo.svg","width":100,"height":100,"caption":"Gloop Baby"},"image":{"@id":"https:\/\/gloopbaby.com\/fr\/#\/schema\/logo\/image\/"}}]}},"_links":{"self":[{"href":"https:\/\/gloopbaby.com\/fr\/wp-json\/wp\/v2\/product\/138164","targetHints":{"allow":["GET"]}}],"collection":[{"href":"https:\/\/gloopbaby.com\/fr\/wp-json\/wp\/v2\/product"}],"about":[{"href":"https:\/\/gloopbaby.com\/fr\/wp-json\/wp\/v2\/types\/product"}],"replies":[{"embeddable":true,"href":"https:\/\/gloopbaby.com\/fr\/wp-json\/wp\/v2\/comments?post=138164"}],"wp:featuredmedia":[{"embeddable":true,"href":"https:\/\/gloopbaby.com\/fr\/wp-json\/wp\/v2\/media\/138285"}],"wp:attachment":[{"href":"https:\/\/gloopbaby.com\/fr\/wp-json\/wp\/v2\/media?parent=138164"}],"wp:term":[{"taxonomy":"product_brand","embeddable":true,"href":"https:\/\/gloopbaby.com\/fr\/wp-json\/wp\/v2\/product_brand?post=138164"},{"taxonomy":"product_cat","embeddable":true,"href":"https:\/\/gloopbaby.com\/fr\/wp-json\/wp\/v2\/product_cat?post=138164"},{"taxonomy":"product_tag","embeddable":true,"href":"https:\/\/gloopbaby.com\/fr\/wp-json\/wp\/v2\/product_tag?post=138164"}],"curies":[{"name":"wp","href":"https:\/\/api.w.org\/{rel}","templated":true}]}}