{"id":137777,"date":"2025-10-02T13:20:47","date_gmt":"2025-10-02T13:20:47","guid":{"rendered":"https:\/\/gloopbaby.com\/?post_type=product&#038;p=137777"},"modified":"2025-10-02T13:27:19","modified_gmt":"2025-10-02T13:27:19","slug":"set-2-bodies-croises-blancs-en-coton-bio-copia","status":"publish","type":"product","link":"https:\/\/gloopbaby.com\/fr\/produit\/clothing-fr\/bases\/set-de-2-bodies-croises\/set-2-bodies-croises-blancs-en-coton-bio-copia\/","title":{"rendered":"Set 2 Bodies Crois\u00e9s  Beige en Coton bio"},"content":{"rendered":"<p>Set de 2 bodies Gloop crois\u00e9s \u00e0 manches longues en jersey de coton bio ultra-doux. Le devant est doubl\u00e9 et dot\u00e9 de boutons-pression sur les c\u00f4t\u00e9s et en bas pour faciliter le change. Fabriqu\u00e9s en 100% coton bio, ils offrent la douceur et la respirabilit\u00e9 dont la peau sensible de votre b\u00e9b\u00e9 a besoin. Fabriqu\u00e9s au Portugal. Tailles: 0 mois (50 cm-55 cm) | 1-3 mois (55 cm-62 cm).<\/p>\n","protected":false},"excerpt":{"rendered":"<p>Set de 2 bodies Gloop crois\u00e9s \u00e0 manches longues en jersey de coton bio ultra-doux. Le devant est doubl\u00e9 et dot\u00e9 de boutons-pression sur les c\u00f4t\u00e9s et en bas pour faciliter le change. Fabriqu\u00e9s en 100% coton bio, ils offrent la douceur et la respirabilit\u00e9 dont la peau sensible de votre b\u00e9b\u00e9 a besoin. Fabriqu\u00e9s [&hellip;]<\/p>\n","protected":false},"featured_media":137802,"comment_status":"closed","ping_status":"closed","template":"","meta":{"_acf_changed":false},"product_brand":[],"product_cat":[1438,1901,1370],"product_tag":[],"class_list":{"0":"post-137777","1":"product","2":"type-product","3":"status-publish","4":"has-post-thumbnail","6":"product_cat-bases","7":"product_cat-set-de-2-bodies-croises","8":"product_cat-clothing-fr","10":"first","11":"instock","12":"taxable","13":"shipping-taxable","14":"purchasable","15":"product-type-variable"},"acf":[],"yoast_head":"<!-- This site is optimized with the Yoast SEO plugin v27.3 - https:\/\/yoast.com\/product\/yoast-seo-wordpress\/ -->\n<title>Set 2 Bodies Crois\u00e9s Beige en Coton bio | produits b\u00e9b\u00e9 coton bio - Gloop Baby<\/title>\n<meta name=\"description\" content=\"Set 2 bodies Gloop crois\u00e9s en jersey de coton bio ultra-doux. Ils offrent la douceur et la respirabilit\u00e9 dont la peau sensible de votre b\u00e9b\u00e9 a besoin.\" \/>\n<meta name=\"robots\" content=\"index, follow, max-snippet:-1, max-image-preview:large, max-video-preview:-1\" \/>\n<link rel=\"canonical\" href=\"https:\/\/gloopbaby.com\/fr\/produit\/clothing-fr\/bases\/set-de-2-bodies-croises\/set-2-bodies-croises-blancs-en-coton-bio-copia\/\" \/>\n<meta property=\"og:locale\" content=\"fr_FR\" \/>\n<meta property=\"og:type\" content=\"article\" \/>\n<meta property=\"og:title\" content=\"Set 2 Bodies Crois\u00e9s Beige en Coton bio | produits b\u00e9b\u00e9 coton bio - Gloop Baby\" \/>\n<meta property=\"og:description\" content=\"Set 2 bodies Gloop crois\u00e9s en jersey de coton bio ultra-doux. Ils offrent la douceur et la respirabilit\u00e9 dont la peau sensible de votre b\u00e9b\u00e9 a besoin.\" \/>\n<meta property=\"og:url\" content=\"https:\/\/gloopbaby.com\/fr\/produit\/clothing-fr\/bases\/set-de-2-bodies-croises\/set-2-bodies-croises-blancs-en-coton-bio-copia\/\" \/>\n<meta property=\"og:site_name\" content=\"Gloop Baby\" \/>\n<meta property=\"article:modified_time\" content=\"2025-10-02T13:27:19+00:00\" \/>\n<meta property=\"og:image\" content=\"https:\/\/gloopbaby.com\/wp-content\/uploads\/2025\/10\/body-cruzado-bege-12.jpg\" \/>\n\t<meta property=\"og:image:width\" content=\"600\" \/>\n\t<meta property=\"og:image:height\" content=\"900\" \/>\n\t<meta property=\"og:image:type\" content=\"image\/jpeg\" \/>\n<meta name=\"twitter:card\" content=\"summary_large_image\" \/>\n<meta name=\"twitter:label1\" content=\"Dur\u00e9e de lecture estim\u00e9e\" \/>\n\t<meta name=\"twitter:data1\" content=\"1 minute\" \/>\n<script type=\"application\/ld+json\" class=\"yoast-schema-graph\">{\"@context\":\"https:\\\/\\\/schema.org\",\"@graph\":[{\"@type\":\"WebPage\",\"@id\":\"https:\\\/\\\/gloopbaby.com\\\/fr\\\/produit\\\/clothing-fr\\\/bases\\\/set-de-2-bodies-croises\\\/set-2-bodies-croises-blancs-en-coton-bio-copia\\\/\",\"url\":\"https:\\\/\\\/gloopbaby.com\\\/fr\\\/produit\\\/clothing-fr\\\/bases\\\/set-de-2-bodies-croises\\\/set-2-bodies-croises-blancs-en-coton-bio-copia\\\/\",\"name\":\"Set 2 Bodies Crois\u00e9s Beige en Coton bio | produits b\u00e9b\u00e9 coton bio - Gloop Baby\",\"isPartOf\":{\"@id\":\"https:\\\/\\\/gloopbaby.com\\\/fr\\\/#website\"},\"primaryImageOfPage\":{\"@id\":\"https:\\\/\\\/gloopbaby.com\\\/fr\\\/produit\\\/clothing-fr\\\/bases\\\/set-de-2-bodies-croises\\\/set-2-bodies-croises-blancs-en-coton-bio-copia\\\/#primaryimage\"},\"image\":{\"@id\":\"https:\\\/\\\/gloopbaby.com\\\/fr\\\/produit\\\/clothing-fr\\\/bases\\\/set-de-2-bodies-croises\\\/set-2-bodies-croises-blancs-en-coton-bio-copia\\\/#primaryimage\"},\"thumbnailUrl\":\"https:\\\/\\\/gloopbaby.com\\\/wp-content\\\/uploads\\\/2025\\\/10\\\/body-cruzado-bege-12.jpg\",\"datePublished\":\"2025-10-02T13:20:47+00:00\",\"dateModified\":\"2025-10-02T13:27:19+00:00\",\"description\":\"Set 2 bodies Gloop crois\u00e9s en jersey de coton bio ultra-doux. Ils offrent la douceur et la respirabilit\u00e9 dont la peau sensible de votre b\u00e9b\u00e9 a besoin.\",\"breadcrumb\":{\"@id\":\"https:\\\/\\\/gloopbaby.com\\\/fr\\\/produit\\\/clothing-fr\\\/bases\\\/set-de-2-bodies-croises\\\/set-2-bodies-croises-blancs-en-coton-bio-copia\\\/#breadcrumb\"},\"inLanguage\":\"fr-FR\",\"potentialAction\":[{\"@type\":\"ReadAction\",\"target\":[\"https:\\\/\\\/gloopbaby.com\\\/fr\\\/produit\\\/clothing-fr\\\/bases\\\/set-de-2-bodies-croises\\\/set-2-bodies-croises-blancs-en-coton-bio-copia\\\/\"]}]},{\"@type\":\"ImageObject\",\"inLanguage\":\"fr-FR\",\"@id\":\"https:\\\/\\\/gloopbaby.com\\\/fr\\\/produit\\\/clothing-fr\\\/bases\\\/set-de-2-bodies-croises\\\/set-2-bodies-croises-blancs-en-coton-bio-copia\\\/#primaryimage\",\"url\":\"https:\\\/\\\/gloopbaby.com\\\/wp-content\\\/uploads\\\/2025\\\/10\\\/body-cruzado-bege-12.jpg\",\"contentUrl\":\"https:\\\/\\\/gloopbaby.com\\\/wp-content\\\/uploads\\\/2025\\\/10\\\/body-cruzado-bege-12.jpg\",\"width\":600,\"height\":900,\"caption\":\"pack 2 bodies cruzados para beb\u00e9 gloop\"},{\"@type\":\"BreadcrumbList\",\"@id\":\"https:\\\/\\\/gloopbaby.com\\\/fr\\\/produit\\\/clothing-fr\\\/bases\\\/set-de-2-bodies-croises\\\/set-2-bodies-croises-blancs-en-coton-bio-copia\\\/#breadcrumb\",\"itemListElement\":[{\"@type\":\"ListItem\",\"position\":1,\"name\":\"In\u00edcio\",\"item\":\"https:\\\/\\\/gloopbaby.com\\\/fr\\\/\"},{\"@type\":\"ListItem\",\"position\":2,\"name\":\"Shop\",\"item\":\"https:\\\/\\\/gloopbaby.com\\\/loja\\\/\"},{\"@type\":\"ListItem\",\"position\":3,\"name\":\"Set 2 Bodies Crois\u00e9s Beige en Coton bio\"}]},{\"@type\":\"WebSite\",\"@id\":\"https:\\\/\\\/gloopbaby.com\\\/fr\\\/#website\",\"url\":\"https:\\\/\\\/gloopbaby.com\\\/fr\\\/\",\"name\":\"Gloop Baby\",\"description\":\"\",\"publisher\":{\"@id\":\"https:\\\/\\\/gloopbaby.com\\\/fr\\\/#organization\"},\"potentialAction\":[{\"@type\":\"SearchAction\",\"target\":{\"@type\":\"EntryPoint\",\"urlTemplate\":\"https:\\\/\\\/gloopbaby.com\\\/fr\\\/?s={search_term_string}\"},\"query-input\":{\"@type\":\"PropertyValueSpecification\",\"valueRequired\":true,\"valueName\":\"search_term_string\"}}],\"inLanguage\":\"fr-FR\"},{\"@type\":\"Organization\",\"@id\":\"https:\\\/\\\/gloopbaby.com\\\/fr\\\/#organization\",\"name\":\"Gloop Baby\",\"url\":\"https:\\\/\\\/gloopbaby.com\\\/fr\\\/\",\"logo\":{\"@type\":\"ImageObject\",\"inLanguage\":\"fr-FR\",\"@id\":\"https:\\\/\\\/gloopbaby.com\\\/fr\\\/#\\\/schema\\\/logo\\\/image\\\/\",\"url\":\"https:\\\/\\\/gloopbaby.com\\\/wp-content\\\/uploads\\\/2023\\\/06\\\/gloop-logo.svg\",\"contentUrl\":\"https:\\\/\\\/gloopbaby.com\\\/wp-content\\\/uploads\\\/2023\\\/06\\\/gloop-logo.svg\",\"width\":100,\"height\":100,\"caption\":\"Gloop Baby\"},\"image\":{\"@id\":\"https:\\\/\\\/gloopbaby.com\\\/fr\\\/#\\\/schema\\\/logo\\\/image\\\/\"}}]}<\/script>\n<!-- \/ Yoast SEO plugin. -->","yoast_head_json":{"title":"Set 2 Bodies Crois\u00e9s Beige en Coton bio | produits b\u00e9b\u00e9 coton bio - Gloop Baby","description":"Set 2 bodies Gloop crois\u00e9s en jersey de coton bio ultra-doux. Ils offrent la douceur et la respirabilit\u00e9 dont la peau sensible de votre b\u00e9b\u00e9 a besoin.","robots":{"index":"index","follow":"follow","max-snippet":"max-snippet:-1","max-image-preview":"max-image-preview:large","max-video-preview":"max-video-preview:-1"},"canonical":"https:\/\/gloopbaby.com\/fr\/produit\/clothing-fr\/bases\/set-de-2-bodies-croises\/set-2-bodies-croises-blancs-en-coton-bio-copia\/","og_locale":"fr_FR","og_type":"article","og_title":"Set 2 Bodies Crois\u00e9s Beige en Coton bio | produits b\u00e9b\u00e9 coton bio - Gloop Baby","og_description":"Set 2 bodies Gloop crois\u00e9s en jersey de coton bio ultra-doux. Ils offrent la douceur et la respirabilit\u00e9 dont la peau sensible de votre b\u00e9b\u00e9 a besoin.","og_url":"https:\/\/gloopbaby.com\/fr\/produit\/clothing-fr\/bases\/set-de-2-bodies-croises\/set-2-bodies-croises-blancs-en-coton-bio-copia\/","og_site_name":"Gloop Baby","article_modified_time":"2025-10-02T13:27:19+00:00","og_image":[{"width":600,"height":900,"url":"https:\/\/gloopbaby.com\/wp-content\/uploads\/2025\/10\/body-cruzado-bege-12.jpg","type":"image\/jpeg"}],"twitter_card":"summary_large_image","twitter_misc":{"Dur\u00e9e de lecture estim\u00e9e":"1 minute"},"schema":{"@context":"https:\/\/schema.org","@graph":[{"@type":"WebPage","@id":"https:\/\/gloopbaby.com\/fr\/produit\/clothing-fr\/bases\/set-de-2-bodies-croises\/set-2-bodies-croises-blancs-en-coton-bio-copia\/","url":"https:\/\/gloopbaby.com\/fr\/produit\/clothing-fr\/bases\/set-de-2-bodies-croises\/set-2-bodies-croises-blancs-en-coton-bio-copia\/","name":"Set 2 Bodies Crois\u00e9s Beige en Coton bio | produits b\u00e9b\u00e9 coton bio - Gloop Baby","isPartOf":{"@id":"https:\/\/gloopbaby.com\/fr\/#website"},"primaryImageOfPage":{"@id":"https:\/\/gloopbaby.com\/fr\/produit\/clothing-fr\/bases\/set-de-2-bodies-croises\/set-2-bodies-croises-blancs-en-coton-bio-copia\/#primaryimage"},"image":{"@id":"https:\/\/gloopbaby.com\/fr\/produit\/clothing-fr\/bases\/set-de-2-bodies-croises\/set-2-bodies-croises-blancs-en-coton-bio-copia\/#primaryimage"},"thumbnailUrl":"https:\/\/gloopbaby.com\/wp-content\/uploads\/2025\/10\/body-cruzado-bege-12.jpg","datePublished":"2025-10-02T13:20:47+00:00","dateModified":"2025-10-02T13:27:19+00:00","description":"Set 2 bodies Gloop crois\u00e9s en jersey de coton bio ultra-doux. Ils offrent la douceur et la respirabilit\u00e9 dont la peau sensible de votre b\u00e9b\u00e9 a besoin.","breadcrumb":{"@id":"https:\/\/gloopbaby.com\/fr\/produit\/clothing-fr\/bases\/set-de-2-bodies-croises\/set-2-bodies-croises-blancs-en-coton-bio-copia\/#breadcrumb"},"inLanguage":"fr-FR","potentialAction":[{"@type":"ReadAction","target":["https:\/\/gloopbaby.com\/fr\/produit\/clothing-fr\/bases\/set-de-2-bodies-croises\/set-2-bodies-croises-blancs-en-coton-bio-copia\/"]}]},{"@type":"ImageObject","inLanguage":"fr-FR","@id":"https:\/\/gloopbaby.com\/fr\/produit\/clothing-fr\/bases\/set-de-2-bodies-croises\/set-2-bodies-croises-blancs-en-coton-bio-copia\/#primaryimage","url":"https:\/\/gloopbaby.com\/wp-content\/uploads\/2025\/10\/body-cruzado-bege-12.jpg","contentUrl":"https:\/\/gloopbaby.com\/wp-content\/uploads\/2025\/10\/body-cruzado-bege-12.jpg","width":600,"height":900,"caption":"pack 2 bodies cruzados para beb\u00e9 gloop"},{"@type":"BreadcrumbList","@id":"https:\/\/gloopbaby.com\/fr\/produit\/clothing-fr\/bases\/set-de-2-bodies-croises\/set-2-bodies-croises-blancs-en-coton-bio-copia\/#breadcrumb","itemListElement":[{"@type":"ListItem","position":1,"name":"In\u00edcio","item":"https:\/\/gloopbaby.com\/fr\/"},{"@type":"ListItem","position":2,"name":"Shop","item":"https:\/\/gloopbaby.com\/loja\/"},{"@type":"ListItem","position":3,"name":"Set 2 Bodies Crois\u00e9s Beige en Coton bio"}]},{"@type":"WebSite","@id":"https:\/\/gloopbaby.com\/fr\/#website","url":"https:\/\/gloopbaby.com\/fr\/","name":"Gloop Baby","description":"","publisher":{"@id":"https:\/\/gloopbaby.com\/fr\/#organization"},"potentialAction":[{"@type":"SearchAction","target":{"@type":"EntryPoint","urlTemplate":"https:\/\/gloopbaby.com\/fr\/?s={search_term_string}"},"query-input":{"@type":"PropertyValueSpecification","valueRequired":true,"valueName":"search_term_string"}}],"inLanguage":"fr-FR"},{"@type":"Organization","@id":"https:\/\/gloopbaby.com\/fr\/#organization","name":"Gloop Baby","url":"https:\/\/gloopbaby.com\/fr\/","logo":{"@type":"ImageObject","inLanguage":"fr-FR","@id":"https:\/\/gloopbaby.com\/fr\/#\/schema\/logo\/image\/","url":"https:\/\/gloopbaby.com\/wp-content\/uploads\/2023\/06\/gloop-logo.svg","contentUrl":"https:\/\/gloopbaby.com\/wp-content\/uploads\/2023\/06\/gloop-logo.svg","width":100,"height":100,"caption":"Gloop Baby"},"image":{"@id":"https:\/\/gloopbaby.com\/fr\/#\/schema\/logo\/image\/"}}]}},"_links":{"self":[{"href":"https:\/\/gloopbaby.com\/fr\/wp-json\/wp\/v2\/product\/137777","targetHints":{"allow":["GET"]}}],"collection":[{"href":"https:\/\/gloopbaby.com\/fr\/wp-json\/wp\/v2\/product"}],"about":[{"href":"https:\/\/gloopbaby.com\/fr\/wp-json\/wp\/v2\/types\/product"}],"replies":[{"embeddable":true,"href":"https:\/\/gloopbaby.com\/fr\/wp-json\/wp\/v2\/comments?post=137777"}],"wp:featuredmedia":[{"embeddable":true,"href":"https:\/\/gloopbaby.com\/fr\/wp-json\/wp\/v2\/media\/137802"}],"wp:attachment":[{"href":"https:\/\/gloopbaby.com\/fr\/wp-json\/wp\/v2\/media?parent=137777"}],"wp:term":[{"taxonomy":"product_brand","embeddable":true,"href":"https:\/\/gloopbaby.com\/fr\/wp-json\/wp\/v2\/product_brand?post=137777"},{"taxonomy":"product_cat","embeddable":true,"href":"https:\/\/gloopbaby.com\/fr\/wp-json\/wp\/v2\/product_cat?post=137777"},{"taxonomy":"product_tag","embeddable":true,"href":"https:\/\/gloopbaby.com\/fr\/wp-json\/wp\/v2\/product_tag?post=137777"}],"curies":[{"name":"wp","href":"https:\/\/api.w.org\/{rel}","templated":true}]}}