{"id":135334,"date":"2025-07-17T14:07:49","date_gmt":"2025-07-17T14:07:49","guid":{"rendered":"https:\/\/gloopbaby.com\/?post_type=product&#038;p=135334"},"modified":"2025-07-17T14:18:33","modified_gmt":"2025-07-17T14:18:33","slug":"combinaison-bretelles-manches-longues-zebra","status":"publish","type":"product","link":"https:\/\/gloopbaby.com\/fr\/produit\/collections-fr\/zebra-fr\/combinaison-bretelles-manches-longues-zebra\/","title":{"rendered":"Combinaison Bretelles Manches Longues Zebra"},"content":{"rendered":"<p>Combinaison bretelles manches longues d&rsquo;hiver en coton biologique. Boutons pression sur les jambes et devant. 100% coton biologique et \u00e9cologique et fabriqu\u00e9 au Portugal. Taille: 1-3 mois (62cm) | 3-6 mois (68cm) | 6-9 mois (74cm) | 9-12 mois (80cm).<\/p>\n","protected":false},"excerpt":{"rendered":"<p>Combinaison bretelles manches longues d&rsquo;hiver en coton biologique. Boutons pression sur les jambes et devant. 100% coton biologique et \u00e9cologique et fabriqu\u00e9 au Portugal. Taille: 1-3 mois (62cm) | 3-6 mois (68cm) | 6-9 mois (74cm) | 9-12 mois (80cm).<\/p>\n","protected":false},"featured_media":135372,"comment_status":"closed","ping_status":"closed","template":"","meta":{"_acf_changed":false},"product_brand":[],"product_cat":[1582,1400,1401,1370,1693],"product_tag":[],"class_list":{"0":"post-135334","1":"product","2":"type-product","3":"status-publish","4":"has-post-thumbnail","6":"product_cat-collections-fr","7":"product_cat-combinaison-bretelles-fr","8":"product_cat-combinaison-bretelles-manches-longues","9":"product_cat-clothing-fr","10":"product_cat-zebra-fr","12":"first","13":"instock","14":"taxable","15":"shipping-taxable","16":"purchasable","17":"product-type-variable"},"acf":[],"yoast_head":"<!-- This site is optimized with the Yoast SEO plugin v27.3 - https:\/\/yoast.com\/product\/yoast-seo-wordpress\/ -->\n<title>Combinaison Bretelles Manches Longues Zebra - Gloop Baby<\/title>\n<meta name=\"robots\" content=\"index, follow, max-snippet:-1, max-image-preview:large, max-video-preview:-1\" \/>\n<link rel=\"canonical\" href=\"https:\/\/gloopbaby.com\/fr\/produit\/collections-fr\/zebra-fr\/combinaison-bretelles-manches-longues-zebra\/\" \/>\n<meta property=\"og:locale\" content=\"fr_FR\" \/>\n<meta property=\"og:type\" content=\"article\" \/>\n<meta property=\"og:title\" content=\"Combinaison Bretelles Manches Longues Zebra - Gloop Baby\" \/>\n<meta property=\"og:description\" content=\"Combinaison bretelles manches longues d&rsquo;hiver en coton biologique. Boutons pression sur les jambes et devant. 100% coton biologique et \u00e9cologique et fabriqu\u00e9 au Portugal. Taille: 1-3 mois (62cm) | 3-6 mois (68cm) | 6-9 mois (74cm) | 9-12 mois (80cm).\" \/>\n<meta property=\"og:url\" content=\"https:\/\/gloopbaby.com\/fr\/produit\/collections-fr\/zebra-fr\/combinaison-bretelles-manches-longues-zebra\/\" \/>\n<meta property=\"og:site_name\" content=\"Gloop Baby\" \/>\n<meta property=\"article:modified_time\" content=\"2025-07-17T14:18:33+00:00\" \/>\n<meta property=\"og:image\" content=\"https:\/\/gloopbaby.com\/wp-content\/uploads\/2025\/07\/macacao-51-6.jpg\" \/>\n\t<meta property=\"og:image:width\" content=\"600\" \/>\n\t<meta property=\"og:image:height\" content=\"900\" \/>\n\t<meta property=\"og:image:type\" content=\"image\/jpeg\" \/>\n<meta name=\"twitter:card\" content=\"summary_large_image\" \/>\n<script type=\"application\/ld+json\" class=\"yoast-schema-graph\">{\"@context\":\"https:\\\/\\\/schema.org\",\"@graph\":[{\"@type\":\"WebPage\",\"@id\":\"https:\\\/\\\/gloopbaby.com\\\/fr\\\/produit\\\/collections-fr\\\/zebra-fr\\\/combinaison-bretelles-manches-longues-zebra\\\/\",\"url\":\"https:\\\/\\\/gloopbaby.com\\\/fr\\\/produit\\\/collections-fr\\\/zebra-fr\\\/combinaison-bretelles-manches-longues-zebra\\\/\",\"name\":\"Combinaison Bretelles Manches Longues Zebra - Gloop Baby\",\"isPartOf\":{\"@id\":\"https:\\\/\\\/gloopbaby.com\\\/fr\\\/#website\"},\"primaryImageOfPage\":{\"@id\":\"https:\\\/\\\/gloopbaby.com\\\/fr\\\/produit\\\/collections-fr\\\/zebra-fr\\\/combinaison-bretelles-manches-longues-zebra\\\/#primaryimage\"},\"image\":{\"@id\":\"https:\\\/\\\/gloopbaby.com\\\/fr\\\/produit\\\/collections-fr\\\/zebra-fr\\\/combinaison-bretelles-manches-longues-zebra\\\/#primaryimage\"},\"thumbnailUrl\":\"https:\\\/\\\/gloopbaby.com\\\/wp-content\\\/uploads\\\/2025\\\/07\\\/macacao-51-6.jpg\",\"datePublished\":\"2025-07-17T14:07:49+00:00\",\"dateModified\":\"2025-07-17T14:18:33+00:00\",\"breadcrumb\":{\"@id\":\"https:\\\/\\\/gloopbaby.com\\\/fr\\\/produit\\\/collections-fr\\\/zebra-fr\\\/combinaison-bretelles-manches-longues-zebra\\\/#breadcrumb\"},\"inLanguage\":\"fr-FR\",\"potentialAction\":[{\"@type\":\"ReadAction\",\"target\":[\"https:\\\/\\\/gloopbaby.com\\\/fr\\\/produit\\\/collections-fr\\\/zebra-fr\\\/combinaison-bretelles-manches-longues-zebra\\\/\"]}]},{\"@type\":\"ImageObject\",\"inLanguage\":\"fr-FR\",\"@id\":\"https:\\\/\\\/gloopbaby.com\\\/fr\\\/produit\\\/collections-fr\\\/zebra-fr\\\/combinaison-bretelles-manches-longues-zebra\\\/#primaryimage\",\"url\":\"https:\\\/\\\/gloopbaby.com\\\/wp-content\\\/uploads\\\/2025\\\/07\\\/macacao-51-6.jpg\",\"contentUrl\":\"https:\\\/\\\/gloopbaby.com\\\/wp-content\\\/uploads\\\/2025\\\/07\\\/macacao-51-6.jpg\",\"width\":600,\"height\":900,\"caption\":\"macac\u00e3o manga comprida em algod\u00e3o org\u00e2nico zebra\"},{\"@type\":\"BreadcrumbList\",\"@id\":\"https:\\\/\\\/gloopbaby.com\\\/fr\\\/produit\\\/collections-fr\\\/zebra-fr\\\/combinaison-bretelles-manches-longues-zebra\\\/#breadcrumb\",\"itemListElement\":[{\"@type\":\"ListItem\",\"position\":1,\"name\":\"In\u00edcio\",\"item\":\"https:\\\/\\\/gloopbaby.com\\\/fr\\\/\"},{\"@type\":\"ListItem\",\"position\":2,\"name\":\"Shop\",\"item\":\"https:\\\/\\\/gloopbaby.com\\\/loja\\\/\"},{\"@type\":\"ListItem\",\"position\":3,\"name\":\"Combinaison Bretelles Manches Longues Zebra\"}]},{\"@type\":\"WebSite\",\"@id\":\"https:\\\/\\\/gloopbaby.com\\\/fr\\\/#website\",\"url\":\"https:\\\/\\\/gloopbaby.com\\\/fr\\\/\",\"name\":\"Gloop Baby\",\"description\":\"\",\"publisher\":{\"@id\":\"https:\\\/\\\/gloopbaby.com\\\/fr\\\/#organization\"},\"potentialAction\":[{\"@type\":\"SearchAction\",\"target\":{\"@type\":\"EntryPoint\",\"urlTemplate\":\"https:\\\/\\\/gloopbaby.com\\\/fr\\\/?s={search_term_string}\"},\"query-input\":{\"@type\":\"PropertyValueSpecification\",\"valueRequired\":true,\"valueName\":\"search_term_string\"}}],\"inLanguage\":\"fr-FR\"},{\"@type\":\"Organization\",\"@id\":\"https:\\\/\\\/gloopbaby.com\\\/fr\\\/#organization\",\"name\":\"Gloop Baby\",\"url\":\"https:\\\/\\\/gloopbaby.com\\\/fr\\\/\",\"logo\":{\"@type\":\"ImageObject\",\"inLanguage\":\"fr-FR\",\"@id\":\"https:\\\/\\\/gloopbaby.com\\\/fr\\\/#\\\/schema\\\/logo\\\/image\\\/\",\"url\":\"https:\\\/\\\/gloopbaby.com\\\/wp-content\\\/uploads\\\/2023\\\/06\\\/gloop-logo.svg\",\"contentUrl\":\"https:\\\/\\\/gloopbaby.com\\\/wp-content\\\/uploads\\\/2023\\\/06\\\/gloop-logo.svg\",\"width\":100,\"height\":100,\"caption\":\"Gloop Baby\"},\"image\":{\"@id\":\"https:\\\/\\\/gloopbaby.com\\\/fr\\\/#\\\/schema\\\/logo\\\/image\\\/\"}}]}<\/script>\n<!-- \/ Yoast SEO plugin. -->","yoast_head_json":{"title":"Combinaison Bretelles Manches Longues Zebra - Gloop Baby","robots":{"index":"index","follow":"follow","max-snippet":"max-snippet:-1","max-image-preview":"max-image-preview:large","max-video-preview":"max-video-preview:-1"},"canonical":"https:\/\/gloopbaby.com\/fr\/produit\/collections-fr\/zebra-fr\/combinaison-bretelles-manches-longues-zebra\/","og_locale":"fr_FR","og_type":"article","og_title":"Combinaison Bretelles Manches Longues Zebra - Gloop Baby","og_description":"Combinaison bretelles manches longues d&rsquo;hiver en coton biologique. Boutons pression sur les jambes et devant. 100% coton biologique et \u00e9cologique et fabriqu\u00e9 au Portugal. Taille: 1-3 mois (62cm) | 3-6 mois (68cm) | 6-9 mois (74cm) | 9-12 mois (80cm).","og_url":"https:\/\/gloopbaby.com\/fr\/produit\/collections-fr\/zebra-fr\/combinaison-bretelles-manches-longues-zebra\/","og_site_name":"Gloop Baby","article_modified_time":"2025-07-17T14:18:33+00:00","og_image":[{"width":600,"height":900,"url":"https:\/\/gloopbaby.com\/wp-content\/uploads\/2025\/07\/macacao-51-6.jpg","type":"image\/jpeg"}],"twitter_card":"summary_large_image","schema":{"@context":"https:\/\/schema.org","@graph":[{"@type":"WebPage","@id":"https:\/\/gloopbaby.com\/fr\/produit\/collections-fr\/zebra-fr\/combinaison-bretelles-manches-longues-zebra\/","url":"https:\/\/gloopbaby.com\/fr\/produit\/collections-fr\/zebra-fr\/combinaison-bretelles-manches-longues-zebra\/","name":"Combinaison Bretelles Manches Longues Zebra - Gloop Baby","isPartOf":{"@id":"https:\/\/gloopbaby.com\/fr\/#website"},"primaryImageOfPage":{"@id":"https:\/\/gloopbaby.com\/fr\/produit\/collections-fr\/zebra-fr\/combinaison-bretelles-manches-longues-zebra\/#primaryimage"},"image":{"@id":"https:\/\/gloopbaby.com\/fr\/produit\/collections-fr\/zebra-fr\/combinaison-bretelles-manches-longues-zebra\/#primaryimage"},"thumbnailUrl":"https:\/\/gloopbaby.com\/wp-content\/uploads\/2025\/07\/macacao-51-6.jpg","datePublished":"2025-07-17T14:07:49+00:00","dateModified":"2025-07-17T14:18:33+00:00","breadcrumb":{"@id":"https:\/\/gloopbaby.com\/fr\/produit\/collections-fr\/zebra-fr\/combinaison-bretelles-manches-longues-zebra\/#breadcrumb"},"inLanguage":"fr-FR","potentialAction":[{"@type":"ReadAction","target":["https:\/\/gloopbaby.com\/fr\/produit\/collections-fr\/zebra-fr\/combinaison-bretelles-manches-longues-zebra\/"]}]},{"@type":"ImageObject","inLanguage":"fr-FR","@id":"https:\/\/gloopbaby.com\/fr\/produit\/collections-fr\/zebra-fr\/combinaison-bretelles-manches-longues-zebra\/#primaryimage","url":"https:\/\/gloopbaby.com\/wp-content\/uploads\/2025\/07\/macacao-51-6.jpg","contentUrl":"https:\/\/gloopbaby.com\/wp-content\/uploads\/2025\/07\/macacao-51-6.jpg","width":600,"height":900,"caption":"macac\u00e3o manga comprida em algod\u00e3o org\u00e2nico zebra"},{"@type":"BreadcrumbList","@id":"https:\/\/gloopbaby.com\/fr\/produit\/collections-fr\/zebra-fr\/combinaison-bretelles-manches-longues-zebra\/#breadcrumb","itemListElement":[{"@type":"ListItem","position":1,"name":"In\u00edcio","item":"https:\/\/gloopbaby.com\/fr\/"},{"@type":"ListItem","position":2,"name":"Shop","item":"https:\/\/gloopbaby.com\/loja\/"},{"@type":"ListItem","position":3,"name":"Combinaison Bretelles Manches Longues Zebra"}]},{"@type":"WebSite","@id":"https:\/\/gloopbaby.com\/fr\/#website","url":"https:\/\/gloopbaby.com\/fr\/","name":"Gloop Baby","description":"","publisher":{"@id":"https:\/\/gloopbaby.com\/fr\/#organization"},"potentialAction":[{"@type":"SearchAction","target":{"@type":"EntryPoint","urlTemplate":"https:\/\/gloopbaby.com\/fr\/?s={search_term_string}"},"query-input":{"@type":"PropertyValueSpecification","valueRequired":true,"valueName":"search_term_string"}}],"inLanguage":"fr-FR"},{"@type":"Organization","@id":"https:\/\/gloopbaby.com\/fr\/#organization","name":"Gloop Baby","url":"https:\/\/gloopbaby.com\/fr\/","logo":{"@type":"ImageObject","inLanguage":"fr-FR","@id":"https:\/\/gloopbaby.com\/fr\/#\/schema\/logo\/image\/","url":"https:\/\/gloopbaby.com\/wp-content\/uploads\/2023\/06\/gloop-logo.svg","contentUrl":"https:\/\/gloopbaby.com\/wp-content\/uploads\/2023\/06\/gloop-logo.svg","width":100,"height":100,"caption":"Gloop Baby"},"image":{"@id":"https:\/\/gloopbaby.com\/fr\/#\/schema\/logo\/image\/"}}]}},"_links":{"self":[{"href":"https:\/\/gloopbaby.com\/fr\/wp-json\/wp\/v2\/product\/135334","targetHints":{"allow":["GET"]}}],"collection":[{"href":"https:\/\/gloopbaby.com\/fr\/wp-json\/wp\/v2\/product"}],"about":[{"href":"https:\/\/gloopbaby.com\/fr\/wp-json\/wp\/v2\/types\/product"}],"replies":[{"embeddable":true,"href":"https:\/\/gloopbaby.com\/fr\/wp-json\/wp\/v2\/comments?post=135334"}],"wp:featuredmedia":[{"embeddable":true,"href":"https:\/\/gloopbaby.com\/fr\/wp-json\/wp\/v2\/media\/135372"}],"wp:attachment":[{"href":"https:\/\/gloopbaby.com\/fr\/wp-json\/wp\/v2\/media?parent=135334"}],"wp:term":[{"taxonomy":"product_brand","embeddable":true,"href":"https:\/\/gloopbaby.com\/fr\/wp-json\/wp\/v2\/product_brand?post=135334"},{"taxonomy":"product_cat","embeddable":true,"href":"https:\/\/gloopbaby.com\/fr\/wp-json\/wp\/v2\/product_cat?post=135334"},{"taxonomy":"product_tag","embeddable":true,"href":"https:\/\/gloopbaby.com\/fr\/wp-json\/wp\/v2\/product_tag?post=135334"}],"curies":[{"name":"wp","href":"https:\/\/api.w.org\/{rel}","templated":true}]}}