{"id":132672,"date":"2025-06-25T13:10:02","date_gmt":"2025-06-25T13:10:02","guid":{"rendered":"https:\/\/gloopbaby.com\/?post_type=product&#038;p=132672"},"modified":"2025-12-15T09:19:22","modified_gmt":"2025-12-15T09:19:22","slug":"gigoteuse-dhiver-sleepy-6-24-mois","status":"publish","type":"product","link":"https:\/\/gloopbaby.com\/fr\/produit\/collections-fr\/sleepy-fr\/gigoteuse-dhiver-sleepy-6-24-mois\/","title":{"rendered":"Gigoteuse d&rsquo;hiver Sleepy 6-24 mois"},"content":{"rendered":"<p>Chaude et douillette, notre gigoteuse d&rsquo;hiver permet un sommeil calme et douillet \u00e0 b\u00e9b\u00e9. Enti\u00e8rement en coton bio, douce et rembour\u00e9e, elle dispose de deux boutons pressions et d\u2019une large fermeture \u00e9claire qui vous aideront \u00e0 y glisser votre nouveau n\u00e9. Certifi\u00e9s 100 % Bio et \u00e9cologique et fabriqu\u00e9s au Portugal nos produits sont non allerg\u00e8nes et sans m\u00e9taux lourds. Taille: 100x45cm | TOG 2.0<\/p>\n","protected":false},"excerpt":{"rendered":"<p>Chaude et douillette, notre gigoteuse d&rsquo;hiver permet un sommeil calme et douillet \u00e0 b\u00e9b\u00e9. Enti\u00e8rement en coton bio, douce et rembour\u00e9e, elle dispose de deux boutons pressions et d\u2019une large fermeture \u00e9claire qui vous aideront \u00e0 y glisser votre nouveau n\u00e9. Certifi\u00e9s 100 % Bio et \u00e9cologique et fabriqu\u00e9s au Portugal nos produits sont non [&hellip;]<\/p>\n","protected":false},"featured_media":134744,"comment_status":"closed","ping_status":"closed","template":"","meta":{"_acf_changed":false},"product_brand":[],"product_cat":[1582,1479,1491,1490,1478,1783],"product_tag":[],"class_list":{"0":"post-132672","1":"product","2":"type-product","3":"status-publish","4":"has-post-thumbnail","6":"product_cat-collections-fr","7":"product_cat-gigoteuse-fr","8":"product_cat-gigoteuse-6-24m-fr","9":"product_cat-gigoteuse-dhiver","10":"product_cat-home-and-sleep-fr","11":"product_cat-sleepy-fr","13":"first","14":"instock","15":"sale","16":"taxable","17":"shipping-taxable","18":"purchasable","19":"product-type-simple"},"acf":[],"yoast_head":"<!-- This site is optimized with the Yoast SEO plugin v27.3 - https:\/\/yoast.com\/product\/yoast-seo-wordpress\/ -->\n<title>Gigoteuse d&#039;hiver Sleepy 6-24 mois - Gloop Baby<\/title>\n<meta name=\"robots\" content=\"index, follow, max-snippet:-1, max-image-preview:large, max-video-preview:-1\" \/>\n<link rel=\"canonical\" href=\"https:\/\/gloopbaby.com\/fr\/produit\/collections-fr\/sleepy-fr\/gigoteuse-dhiver-sleepy-6-24-mois\/\" \/>\n<meta property=\"og:locale\" content=\"fr_FR\" \/>\n<meta property=\"og:type\" content=\"article\" \/>\n<meta property=\"og:title\" content=\"Gigoteuse d&#039;hiver Sleepy 6-24 mois - Gloop Baby\" \/>\n<meta property=\"og:description\" content=\"Chaude et douillette, notre gigoteuse d&rsquo;hiver permet un sommeil calme et douillet \u00e0 b\u00e9b\u00e9. Enti\u00e8rement en coton bio, douce et rembour\u00e9e, elle dispose de deux boutons pressions et d\u2019une large fermeture \u00e9claire qui vous aideront \u00e0 y glisser votre nouveau n\u00e9. Certifi\u00e9s 100 % Bio et \u00e9cologique et fabriqu\u00e9s au Portugal nos produits sont non [&hellip;]\" \/>\n<meta property=\"og:url\" content=\"https:\/\/gloopbaby.com\/fr\/produit\/collections-fr\/sleepy-fr\/gigoteuse-dhiver-sleepy-6-24-mois\/\" \/>\n<meta property=\"og:site_name\" content=\"Gloop Baby\" \/>\n<meta property=\"article:modified_time\" content=\"2025-12-15T09:19:22+00:00\" \/>\n<meta property=\"og:image\" content=\"https:\/\/gloopbaby.com\/wp-content\/uploads\/2025\/06\/saco-dormir-56-2.jpg\" \/>\n\t<meta property=\"og:image:width\" content=\"600\" \/>\n\t<meta property=\"og:image:height\" content=\"900\" \/>\n\t<meta property=\"og:image:type\" content=\"image\/jpeg\" \/>\n<meta name=\"twitter:card\" content=\"summary_large_image\" \/>\n<script type=\"application\/ld+json\" class=\"yoast-schema-graph\">{\"@context\":\"https:\\\/\\\/schema.org\",\"@graph\":[{\"@type\":\"WebPage\",\"@id\":\"https:\\\/\\\/gloopbaby.com\\\/fr\\\/produit\\\/collections-fr\\\/sleepy-fr\\\/gigoteuse-dhiver-sleepy-6-24-mois\\\/\",\"url\":\"https:\\\/\\\/gloopbaby.com\\\/fr\\\/produit\\\/collections-fr\\\/sleepy-fr\\\/gigoteuse-dhiver-sleepy-6-24-mois\\\/\",\"name\":\"Gigoteuse d'hiver Sleepy 6-24 mois - Gloop Baby\",\"isPartOf\":{\"@id\":\"https:\\\/\\\/gloopbaby.com\\\/fr\\\/#website\"},\"primaryImageOfPage\":{\"@id\":\"https:\\\/\\\/gloopbaby.com\\\/fr\\\/produit\\\/collections-fr\\\/sleepy-fr\\\/gigoteuse-dhiver-sleepy-6-24-mois\\\/#primaryimage\"},\"image\":{\"@id\":\"https:\\\/\\\/gloopbaby.com\\\/fr\\\/produit\\\/collections-fr\\\/sleepy-fr\\\/gigoteuse-dhiver-sleepy-6-24-mois\\\/#primaryimage\"},\"thumbnailUrl\":\"https:\\\/\\\/gloopbaby.com\\\/wp-content\\\/uploads\\\/2025\\\/06\\\/saco-dormir-56-2.jpg\",\"datePublished\":\"2025-06-25T13:10:02+00:00\",\"dateModified\":\"2025-12-15T09:19:22+00:00\",\"breadcrumb\":{\"@id\":\"https:\\\/\\\/gloopbaby.com\\\/fr\\\/produit\\\/collections-fr\\\/sleepy-fr\\\/gigoteuse-dhiver-sleepy-6-24-mois\\\/#breadcrumb\"},\"inLanguage\":\"fr-FR\",\"potentialAction\":[{\"@type\":\"ReadAction\",\"target\":[\"https:\\\/\\\/gloopbaby.com\\\/fr\\\/produit\\\/collections-fr\\\/sleepy-fr\\\/gigoteuse-dhiver-sleepy-6-24-mois\\\/\"]}]},{\"@type\":\"ImageObject\",\"inLanguage\":\"fr-FR\",\"@id\":\"https:\\\/\\\/gloopbaby.com\\\/fr\\\/produit\\\/collections-fr\\\/sleepy-fr\\\/gigoteuse-dhiver-sleepy-6-24-mois\\\/#primaryimage\",\"url\":\"https:\\\/\\\/gloopbaby.com\\\/wp-content\\\/uploads\\\/2025\\\/06\\\/saco-dormir-56-2.jpg\",\"contentUrl\":\"https:\\\/\\\/gloopbaby.com\\\/wp-content\\\/uploads\\\/2025\\\/06\\\/saco-dormir-56-2.jpg\",\"width\":600,\"height\":900,\"caption\":\"Saco de dormir Gloop Inverno 0-6 meses em algod\u00e3o biol\u00f3gico\"},{\"@type\":\"BreadcrumbList\",\"@id\":\"https:\\\/\\\/gloopbaby.com\\\/fr\\\/produit\\\/collections-fr\\\/sleepy-fr\\\/gigoteuse-dhiver-sleepy-6-24-mois\\\/#breadcrumb\",\"itemListElement\":[{\"@type\":\"ListItem\",\"position\":1,\"name\":\"In\u00edcio\",\"item\":\"https:\\\/\\\/gloopbaby.com\\\/fr\\\/\"},{\"@type\":\"ListItem\",\"position\":2,\"name\":\"Shop\",\"item\":\"https:\\\/\\\/gloopbaby.com\\\/loja\\\/\"},{\"@type\":\"ListItem\",\"position\":3,\"name\":\"Gigoteuse d&#8217;hiver Sleepy 6-24 mois\"}]},{\"@type\":\"WebSite\",\"@id\":\"https:\\\/\\\/gloopbaby.com\\\/fr\\\/#website\",\"url\":\"https:\\\/\\\/gloopbaby.com\\\/fr\\\/\",\"name\":\"Gloop Baby\",\"description\":\"\",\"publisher\":{\"@id\":\"https:\\\/\\\/gloopbaby.com\\\/fr\\\/#organization\"},\"potentialAction\":[{\"@type\":\"SearchAction\",\"target\":{\"@type\":\"EntryPoint\",\"urlTemplate\":\"https:\\\/\\\/gloopbaby.com\\\/fr\\\/?s={search_term_string}\"},\"query-input\":{\"@type\":\"PropertyValueSpecification\",\"valueRequired\":true,\"valueName\":\"search_term_string\"}}],\"inLanguage\":\"fr-FR\"},{\"@type\":\"Organization\",\"@id\":\"https:\\\/\\\/gloopbaby.com\\\/fr\\\/#organization\",\"name\":\"Gloop Baby\",\"url\":\"https:\\\/\\\/gloopbaby.com\\\/fr\\\/\",\"logo\":{\"@type\":\"ImageObject\",\"inLanguage\":\"fr-FR\",\"@id\":\"https:\\\/\\\/gloopbaby.com\\\/fr\\\/#\\\/schema\\\/logo\\\/image\\\/\",\"url\":\"https:\\\/\\\/gloopbaby.com\\\/wp-content\\\/uploads\\\/2023\\\/06\\\/gloop-logo.svg\",\"contentUrl\":\"https:\\\/\\\/gloopbaby.com\\\/wp-content\\\/uploads\\\/2023\\\/06\\\/gloop-logo.svg\",\"width\":100,\"height\":100,\"caption\":\"Gloop Baby\"},\"image\":{\"@id\":\"https:\\\/\\\/gloopbaby.com\\\/fr\\\/#\\\/schema\\\/logo\\\/image\\\/\"}}]}<\/script>\n<!-- \/ Yoast SEO plugin. -->","yoast_head_json":{"title":"Gigoteuse d'hiver Sleepy 6-24 mois - Gloop Baby","robots":{"index":"index","follow":"follow","max-snippet":"max-snippet:-1","max-image-preview":"max-image-preview:large","max-video-preview":"max-video-preview:-1"},"canonical":"https:\/\/gloopbaby.com\/fr\/produit\/collections-fr\/sleepy-fr\/gigoteuse-dhiver-sleepy-6-24-mois\/","og_locale":"fr_FR","og_type":"article","og_title":"Gigoteuse d'hiver Sleepy 6-24 mois - Gloop Baby","og_description":"Chaude et douillette, notre gigoteuse d&rsquo;hiver permet un sommeil calme et douillet \u00e0 b\u00e9b\u00e9. Enti\u00e8rement en coton bio, douce et rembour\u00e9e, elle dispose de deux boutons pressions et d\u2019une large fermeture \u00e9claire qui vous aideront \u00e0 y glisser votre nouveau n\u00e9. Certifi\u00e9s 100 % Bio et \u00e9cologique et fabriqu\u00e9s au Portugal nos produits sont non [&hellip;]","og_url":"https:\/\/gloopbaby.com\/fr\/produit\/collections-fr\/sleepy-fr\/gigoteuse-dhiver-sleepy-6-24-mois\/","og_site_name":"Gloop Baby","article_modified_time":"2025-12-15T09:19:22+00:00","og_image":[{"width":600,"height":900,"url":"https:\/\/gloopbaby.com\/wp-content\/uploads\/2025\/06\/saco-dormir-56-2.jpg","type":"image\/jpeg"}],"twitter_card":"summary_large_image","schema":{"@context":"https:\/\/schema.org","@graph":[{"@type":"WebPage","@id":"https:\/\/gloopbaby.com\/fr\/produit\/collections-fr\/sleepy-fr\/gigoteuse-dhiver-sleepy-6-24-mois\/","url":"https:\/\/gloopbaby.com\/fr\/produit\/collections-fr\/sleepy-fr\/gigoteuse-dhiver-sleepy-6-24-mois\/","name":"Gigoteuse d'hiver Sleepy 6-24 mois - Gloop Baby","isPartOf":{"@id":"https:\/\/gloopbaby.com\/fr\/#website"},"primaryImageOfPage":{"@id":"https:\/\/gloopbaby.com\/fr\/produit\/collections-fr\/sleepy-fr\/gigoteuse-dhiver-sleepy-6-24-mois\/#primaryimage"},"image":{"@id":"https:\/\/gloopbaby.com\/fr\/produit\/collections-fr\/sleepy-fr\/gigoteuse-dhiver-sleepy-6-24-mois\/#primaryimage"},"thumbnailUrl":"https:\/\/gloopbaby.com\/wp-content\/uploads\/2025\/06\/saco-dormir-56-2.jpg","datePublished":"2025-06-25T13:10:02+00:00","dateModified":"2025-12-15T09:19:22+00:00","breadcrumb":{"@id":"https:\/\/gloopbaby.com\/fr\/produit\/collections-fr\/sleepy-fr\/gigoteuse-dhiver-sleepy-6-24-mois\/#breadcrumb"},"inLanguage":"fr-FR","potentialAction":[{"@type":"ReadAction","target":["https:\/\/gloopbaby.com\/fr\/produit\/collections-fr\/sleepy-fr\/gigoteuse-dhiver-sleepy-6-24-mois\/"]}]},{"@type":"ImageObject","inLanguage":"fr-FR","@id":"https:\/\/gloopbaby.com\/fr\/produit\/collections-fr\/sleepy-fr\/gigoteuse-dhiver-sleepy-6-24-mois\/#primaryimage","url":"https:\/\/gloopbaby.com\/wp-content\/uploads\/2025\/06\/saco-dormir-56-2.jpg","contentUrl":"https:\/\/gloopbaby.com\/wp-content\/uploads\/2025\/06\/saco-dormir-56-2.jpg","width":600,"height":900,"caption":"Saco de dormir Gloop Inverno 0-6 meses em algod\u00e3o biol\u00f3gico"},{"@type":"BreadcrumbList","@id":"https:\/\/gloopbaby.com\/fr\/produit\/collections-fr\/sleepy-fr\/gigoteuse-dhiver-sleepy-6-24-mois\/#breadcrumb","itemListElement":[{"@type":"ListItem","position":1,"name":"In\u00edcio","item":"https:\/\/gloopbaby.com\/fr\/"},{"@type":"ListItem","position":2,"name":"Shop","item":"https:\/\/gloopbaby.com\/loja\/"},{"@type":"ListItem","position":3,"name":"Gigoteuse d&#8217;hiver Sleepy 6-24 mois"}]},{"@type":"WebSite","@id":"https:\/\/gloopbaby.com\/fr\/#website","url":"https:\/\/gloopbaby.com\/fr\/","name":"Gloop Baby","description":"","publisher":{"@id":"https:\/\/gloopbaby.com\/fr\/#organization"},"potentialAction":[{"@type":"SearchAction","target":{"@type":"EntryPoint","urlTemplate":"https:\/\/gloopbaby.com\/fr\/?s={search_term_string}"},"query-input":{"@type":"PropertyValueSpecification","valueRequired":true,"valueName":"search_term_string"}}],"inLanguage":"fr-FR"},{"@type":"Organization","@id":"https:\/\/gloopbaby.com\/fr\/#organization","name":"Gloop Baby","url":"https:\/\/gloopbaby.com\/fr\/","logo":{"@type":"ImageObject","inLanguage":"fr-FR","@id":"https:\/\/gloopbaby.com\/fr\/#\/schema\/logo\/image\/","url":"https:\/\/gloopbaby.com\/wp-content\/uploads\/2023\/06\/gloop-logo.svg","contentUrl":"https:\/\/gloopbaby.com\/wp-content\/uploads\/2023\/06\/gloop-logo.svg","width":100,"height":100,"caption":"Gloop Baby"},"image":{"@id":"https:\/\/gloopbaby.com\/fr\/#\/schema\/logo\/image\/"}}]}},"_links":{"self":[{"href":"https:\/\/gloopbaby.com\/fr\/wp-json\/wp\/v2\/product\/132672","targetHints":{"allow":["GET"]}}],"collection":[{"href":"https:\/\/gloopbaby.com\/fr\/wp-json\/wp\/v2\/product"}],"about":[{"href":"https:\/\/gloopbaby.com\/fr\/wp-json\/wp\/v2\/types\/product"}],"replies":[{"embeddable":true,"href":"https:\/\/gloopbaby.com\/fr\/wp-json\/wp\/v2\/comments?post=132672"}],"wp:featuredmedia":[{"embeddable":true,"href":"https:\/\/gloopbaby.com\/fr\/wp-json\/wp\/v2\/media\/134744"}],"wp:attachment":[{"href":"https:\/\/gloopbaby.com\/fr\/wp-json\/wp\/v2\/media?parent=132672"}],"wp:term":[{"taxonomy":"product_brand","embeddable":true,"href":"https:\/\/gloopbaby.com\/fr\/wp-json\/wp\/v2\/product_brand?post=132672"},{"taxonomy":"product_cat","embeddable":true,"href":"https:\/\/gloopbaby.com\/fr\/wp-json\/wp\/v2\/product_cat?post=132672"},{"taxonomy":"product_tag","embeddable":true,"href":"https:\/\/gloopbaby.com\/fr\/wp-json\/wp\/v2\/product_tag?post=132672"}],"curies":[{"name":"wp","href":"https:\/\/api.w.org\/{rel}","templated":true}]}}